{"id":78,"date":"2015-10-22T08:57:32","date_gmt":"2015-10-22T08:57:32","guid":{"rendered":"http:\/\/zespolgoralskihamernik.pl\/?page_id=78"},"modified":"2024-10-03T14:20:01","modified_gmt":"2024-10-03T14:20:01","slug":"dzieciecy-zespol-goralski-mali-hamernicy","status":"publish","type":"page","link":"https:\/\/nck.krakow.pl\/zespol-goralski-hamernik\/dzieciecy-zespol-goralski-mali-hamernicy\/","title":{"rendered":"Dzieci\u0119cy Zesp\u00f3\u0142 G\u00f3ralski &#8222;Mali Hamernicy&#8221;"},"content":{"rendered":"\n<p>Dzieci\u0119cy Zesp\u00f3\u0142 G\u00f3ralski \u201eMALI HAMERNICY\u201d powsta\u0142 1.09.1984 roku. Jest\u00a0Zespo\u0142em amatorskim. Dzia\u0142a przy Nowohuckim Centrum Kultury. Cz\u0142onkami Zespo\u0142u s\u0105 dzieci\u00a0i m\u0142odzie\u017c w wieku od 5 do 15 lat, w r\u00f3\u017cny spos\u00f3b spowinowaceni z rodami g\u00f3ralskimi. Zesp\u00f3\u0142\u00a0liczy obecnie prawie czterdzie\u015bci os\u00f3b. Do tej pory da\u0142 ponad 650 koncert\u00f3w, prezentuj\u0105c w\u00a0formie autentycznej folklor Skalnego Podhala. Przedstawia nast\u0119puj\u0105ce programy artystyczne: \u201eNad potokiem\u201d, \u201eMali kol\u0119dnicy\u201d, \u201ePasenie g\u0119si\u201d, \u201eZabawiacka\u201d, \u201eMajowe kwiotecki\u201d, \u201ePolak\u00a0Papie\u017cem\u201d, \u201eMa\u0142a szopka\u201d, Na naskom nucicke\u201d, \u201eJase\u0142ka po g\u00f3ralsku\u201d.<\/p>\n\n\n\n<p>Zesp\u00f3\u0142 jest wielokrotnym laureatem Przegl\u0105d\u00f3w Krakowskich, festiwali: w \u017bywcu,&nbsp;Bukowinie, Poroninie, Czarnym Dunajcu, Rabce, Nowym S\u0105czu, Przemy\u015blu i innych festiwali&nbsp;dzieci\u0119cych w Polsce i za granic\u0105. Odby\u0142 dwadzie\u015bcia osiem woja\u017cy, m. in. do Bu\u0142garii, na&nbsp;S\u0142owacj\u0119, do Niemiec, do Rosji, na W\u0119gry, do Estonii, Serbii, Grecji i do Watykanu. Jest&nbsp;posiadaczem \u201eMedalu Pomocnej D\u0142oni\u201d, Medalu Festiwalu \u201ePapie\u017ca nam Polska da\u0142a\u201d, Medalu&nbsp;10-lecia Wielkiej Orkiestry \u015awi\u0105tecznej Pomocy, Odznaki \u201eHonoris Gratia\u201d, Medalu \u201eMoja&nbsp;Nowa Huta\u201d, Gimnazjum im Jana Paw\u0142a II w Z\u0119bie.<\/p>\n\n\n\n<p>\u201eMALI HAMERNICY\u201d koncertuj\u0105 spo\u0142ecznie w domach opieki spo\u0142ecznej, domach\u00a0dziecka, dla swoich r\u00f3wie\u015bnik\u00f3w, dzia\u0142aj\u0105c w akcji \u201eTrza mie\u0107 serce\u201d, rozpocz\u0119\u0142y akcj\u0119 \u201eDla\u00a0dzieci z wrodzonymi wadami serca\u201d, propaguj\u0105 w\u0142asny apel \u201eFolklor-Przyroda-Ekologia\u201d\u00a0powierzaj\u0105c dzieciom opiek\u0119 nad ogr\u00f3dkami i ziele\u0144cami. Realizuj\u0105 \u201eLekcje z Folklorem.\u00a0Ponadto bior\u0105 udzia\u0142 w takich imprezach jak: \u201eDzie\u0144 Matki\u201d, \u201eDzie\u0144 Babci i Dziadka\u201d, \u201eDzie\u0144\u00a0Dziecka\u201d, \u201eDzieci Dzieciom\u201d, \u201eWielka Orkiestra \u015awi\u0105tecznej Pomocy\u201d itp.\u00a0Zesp\u00f3\u0142 posiada nagrania w Radio i Telewizji Polskiej, w krajach w kt\u00f3rych przebywa\u0142.<\/p>\n\n\n\n<p>Instruktorki: <strong>El\u017cbieta Wr\u00f3bel i Joanna Marczewska<\/strong><\/p>\n\n\n\n<figure class=\"wp-block-gallery has-nested-images columns-3 is-cropped wp-block-gallery-1 is-layout-flex wp-block-gallery-is-layout-flex\">\n<figure class=\"wp-block-image size-large\"><a href=\"https:\/\/nck.krakow.pl\/zespol-goralski-hamernik\/wp-content\/uploads\/2015\/10\/17.jpg\"><img loading=\"lazy\" decoding=\"async\" width=\"1024\" height=\"682\" data-id=\"709\" src=\"https:\/\/nck.krakow.pl\/zespol-goralski-hamernik\/wp-content\/uploads\/2015\/10\/17-1024x682.jpg\" alt=\"\" class=\"wp-image-709\" srcset=\"https:\/\/nck.krakow.pl\/zespol-goralski-hamernik\/wp-content\/uploads\/2015\/10\/17-1024x682.jpg 1024w, https:\/\/nck.krakow.pl\/zespol-goralski-hamernik\/wp-content\/uploads\/2015\/10\/17-300x200.jpg 300w, https:\/\/nck.krakow.pl\/zespol-goralski-hamernik\/wp-content\/uploads\/2015\/10\/17-768x512.jpg 768w, https:\/\/nck.krakow.pl\/zespol-goralski-hamernik\/wp-content\/uploads\/2015\/10\/17.jpg 2000w\" sizes=\"(max-width: 1024px) 100vw, 1024px\" \/><\/a><\/figure>\n\n\n\n<figure class=\"wp-block-image size-large\"><a href=\"https:\/\/nck.krakow.pl\/zespol-goralski-hamernik\/wp-content\/uploads\/2015\/10\/2.jpg\"><img loading=\"lazy\" decoding=\"async\" width=\"2000\" height=\"1333\" data-id=\"702\" src=\"https:\/\/nck.krakow.pl\/zespol-goralski-hamernik\/wp-content\/uploads\/2015\/10\/2-1024x682.jpg\" alt=\"\" class=\"wp-image-702\" srcset=\"https:\/\/nck.krakow.pl\/zespol-goralski-hamernik\/wp-content\/uploads\/2015\/10\/2-1024x682.jpg 1024w, https:\/\/nck.krakow.pl\/zespol-goralski-hamernik\/wp-content\/uploads\/2015\/10\/2-300x200.jpg 300w, https:\/\/nck.krakow.pl\/zespol-goralski-hamernik\/wp-content\/uploads\/2015\/10\/2-768x512.jpg 768w, https:\/\/nck.krakow.pl\/zespol-goralski-hamernik\/wp-content\/uploads\/2015\/10\/2.jpg 2000w\" sizes=\"(max-width: 2000px) 100vw, 2000px\" \/><\/a><\/figure>\n\n\n\n<figure class=\"wp-block-image size-large\"><a href=\"https:\/\/nck.krakow.pl\/zespol-goralski-hamernik\/wp-content\/uploads\/2015\/10\/9.jpg\"><img loading=\"lazy\" decoding=\"async\" width=\"1024\" height=\"682\" data-id=\"703\" src=\"https:\/\/nck.krakow.pl\/zespol-goralski-hamernik\/wp-content\/uploads\/2015\/10\/9-1024x682.jpg\" alt=\"\" class=\"wp-image-703\" srcset=\"https:\/\/nck.krakow.pl\/zespol-goralski-hamernik\/wp-content\/uploads\/2015\/10\/9-1024x682.jpg 1024w, https:\/\/nck.krakow.pl\/zespol-goralski-hamernik\/wp-content\/uploads\/2015\/10\/9-300x200.jpg 300w, https:\/\/nck.krakow.pl\/zespol-goralski-hamernik\/wp-content\/uploads\/2015\/10\/9-768x512.jpg 768w, https:\/\/nck.krakow.pl\/zespol-goralski-hamernik\/wp-content\/uploads\/2015\/10\/9.jpg 2000w\" sizes=\"(max-width: 1024px) 100vw, 1024px\" \/><\/a><\/figure>\n\n\n\n<figure class=\"wp-block-image size-large\"><a href=\"https:\/\/nck.krakow.pl\/zespol-goralski-hamernik\/wp-content\/uploads\/2015\/10\/24.jpg\"><img loading=\"lazy\" decoding=\"async\" width=\"1024\" height=\"682\" data-id=\"710\" src=\"https:\/\/nck.krakow.pl\/zespol-goralski-hamernik\/wp-content\/uploads\/2015\/10\/24-1024x682.jpg\" alt=\"\" class=\"wp-image-710\" srcset=\"https:\/\/nck.krakow.pl\/zespol-goralski-hamernik\/wp-content\/uploads\/2015\/10\/24-1024x682.jpg 1024w, https:\/\/nck.krakow.pl\/zespol-goralski-hamernik\/wp-content\/uploads\/2015\/10\/24-300x200.jpg 300w, https:\/\/nck.krakow.pl\/zespol-goralski-hamernik\/wp-content\/uploads\/2015\/10\/24-768x512.jpg 768w, https:\/\/nck.krakow.pl\/zespol-goralski-hamernik\/wp-content\/uploads\/2015\/10\/24.jpg 2000w\" sizes=\"(max-width: 1024px) 100vw, 1024px\" \/><\/a><\/figure>\n\n\n\n<figure class=\"wp-block-image size-large\"><a href=\"https:\/\/nck.krakow.pl\/zespol-goralski-hamernik\/wp-content\/uploads\/2015\/10\/10.jpg\"><img loading=\"lazy\" decoding=\"async\" width=\"1024\" height=\"682\" data-id=\"704\" src=\"https:\/\/nck.krakow.pl\/zespol-goralski-hamernik\/wp-content\/uploads\/2015\/10\/10-1024x682.jpg\" alt=\"\" class=\"wp-image-704\" srcset=\"https:\/\/nck.krakow.pl\/zespol-goralski-hamernik\/wp-content\/uploads\/2015\/10\/10-1024x682.jpg 1024w, https:\/\/nck.krakow.pl\/zespol-goralski-hamernik\/wp-content\/uploads\/2015\/10\/10-300x200.jpg 300w, https:\/\/nck.krakow.pl\/zespol-goralski-hamernik\/wp-content\/uploads\/2015\/10\/10-768x512.jpg 768w, https:\/\/nck.krakow.pl\/zespol-goralski-hamernik\/wp-content\/uploads\/2015\/10\/10.jpg 2000w\" sizes=\"(max-width: 1024px) 100vw, 1024px\" \/><\/a><\/figure>\n\n\n\n<figure class=\"wp-block-image size-large\"><a href=\"https:\/\/nck.krakow.pl\/zespol-goralski-hamernik\/wp-content\/uploads\/2015\/10\/13.jpg\"><img loading=\"lazy\" decoding=\"async\" width=\"1024\" height=\"682\" data-id=\"705\" src=\"https:\/\/nck.krakow.pl\/zespol-goralski-hamernik\/wp-content\/uploads\/2015\/10\/13-1024x682.jpg\" alt=\"\" class=\"wp-image-705\" srcset=\"https:\/\/nck.krakow.pl\/zespol-goralski-hamernik\/wp-content\/uploads\/2015\/10\/13-1024x682.jpg 1024w, https:\/\/nck.krakow.pl\/zespol-goralski-hamernik\/wp-content\/uploads\/2015\/10\/13-300x200.jpg 300w, https:\/\/nck.krakow.pl\/zespol-goralski-hamernik\/wp-content\/uploads\/2015\/10\/13-768x512.jpg 768w, https:\/\/nck.krakow.pl\/zespol-goralski-hamernik\/wp-content\/uploads\/2015\/10\/13.jpg 2000w\" sizes=\"(max-width: 1024px) 100vw, 1024px\" \/><\/a><\/figure>\n\n\n\n<figure class=\"wp-block-image size-large\"><a href=\"https:\/\/nck.krakow.pl\/zespol-goralski-hamernik\/wp-content\/uploads\/2015\/10\/14.jpg\"><img loading=\"lazy\" decoding=\"async\" width=\"683\" height=\"1024\" data-id=\"706\" src=\"https:\/\/nck.krakow.pl\/zespol-goralski-hamernik\/wp-content\/uploads\/2015\/10\/14-683x1024.jpg\" alt=\"\" class=\"wp-image-706\" srcset=\"https:\/\/nck.krakow.pl\/zespol-goralski-hamernik\/wp-content\/uploads\/2015\/10\/14-683x1024.jpg 683w, https:\/\/nck.krakow.pl\/zespol-goralski-hamernik\/wp-content\/uploads\/2015\/10\/14-200x300.jpg 200w, https:\/\/nck.krakow.pl\/zespol-goralski-hamernik\/wp-content\/uploads\/2015\/10\/14-768x1152.jpg 768w, https:\/\/nck.krakow.pl\/zespol-goralski-hamernik\/wp-content\/uploads\/2015\/10\/14.jpg 2000w\" sizes=\"(max-width: 683px) 100vw, 683px\" \/><\/a><\/figure>\n\n\n\n<figure class=\"wp-block-image size-large\"><a href=\"https:\/\/nck.krakow.pl\/zespol-goralski-hamernik\/wp-content\/uploads\/2015\/10\/15.jpg\"><img loading=\"lazy\" decoding=\"async\" width=\"683\" height=\"1024\" data-id=\"707\" src=\"https:\/\/nck.krakow.pl\/zespol-goralski-hamernik\/wp-content\/uploads\/2015\/10\/15-683x1024.jpg\" alt=\"\" class=\"wp-image-707\" srcset=\"https:\/\/nck.krakow.pl\/zespol-goralski-hamernik\/wp-content\/uploads\/2015\/10\/15-683x1024.jpg 683w, https:\/\/nck.krakow.pl\/zespol-goralski-hamernik\/wp-content\/uploads\/2015\/10\/15-200x300.jpg 200w, https:\/\/nck.krakow.pl\/zespol-goralski-hamernik\/wp-content\/uploads\/2015\/10\/15-768x1152.jpg 768w, https:\/\/nck.krakow.pl\/zespol-goralski-hamernik\/wp-content\/uploads\/2015\/10\/15.jpg 2000w\" sizes=\"(max-width: 683px) 100vw, 683px\" \/><\/a><\/figure>\n\n\n\n<figure class=\"wp-block-image size-large\"><a href=\"https:\/\/nck.krakow.pl\/zespol-goralski-hamernik\/wp-content\/uploads\/2015\/10\/16.jpg\"><img loading=\"lazy\" decoding=\"async\" width=\"683\" height=\"1024\" data-id=\"708\" src=\"https:\/\/nck.krakow.pl\/zespol-goralski-hamernik\/wp-content\/uploads\/2015\/10\/16-683x1024.jpg\" alt=\"\" class=\"wp-image-708\" srcset=\"https:\/\/nck.krakow.pl\/zespol-goralski-hamernik\/wp-content\/uploads\/2015\/10\/16-683x1024.jpg 683w, https:\/\/nck.krakow.pl\/zespol-goralski-hamernik\/wp-content\/uploads\/2015\/10\/16-200x300.jpg 200w, https:\/\/nck.krakow.pl\/zespol-goralski-hamernik\/wp-content\/uploads\/2015\/10\/16-768x1152.jpg 768w, https:\/\/nck.krakow.pl\/zespol-goralski-hamernik\/wp-content\/uploads\/2015\/10\/16.jpg 2000w\" sizes=\"(max-width: 683px) 100vw, 683px\" \/><\/a><\/figure>\n<\/figure>\n","protected":false},"excerpt":{"rendered":"<p>Dzieci\u0119cy Zesp\u00f3\u0142 G\u00f3ralski \u201eMALI HAMERNICY\u201d powsta\u0142 1.09.1984 roku. Jest\u00a0Zespo\u0142em amatorskim. Dzia\u0142a przy Nowohuckim Centrum Kultury. Cz\u0142onkami Zespo\u0142u s\u0105 dzieci\u00a0i m\u0142odzie\u017c w wieku od 5 do 15 lat, w r\u00f3\u017cny spos\u00f3b spowinowaceni z rodami g\u00f3ralskimi. Zesp\u00f3\u0142\u00a0liczy obecnie prawie czterdzie\u015bci os\u00f3b. Do tej pory da\u0142 ponad 650 koncert\u00f3w, prezentuj\u0105c w\u00a0formie autentycznej folklor Skalnego Podhala. Przedstawia nast\u0119puj\u0105ce programy [&hellip;]<\/p>\n","protected":false},"author":1,"featured_media":0,"parent":0,"menu_order":0,"comment_status":"closed","ping_status":"closed","template":"","meta":{"footnotes":""},"class_list":["post-78","page","type-page","status-publish","hentry"],"featured_image_src":null,"featured_image_src_square":null,"_links":{"self":[{"href":"https:\/\/nck.krakow.pl\/zespol-goralski-hamernik\/wp-json\/wp\/v2\/pages\/78"}],"collection":[{"href":"https:\/\/nck.krakow.pl\/zespol-goralski-hamernik\/wp-json\/wp\/v2\/pages"}],"about":[{"href":"https:\/\/nck.krakow.pl\/zespol-goralski-hamernik\/wp-json\/wp\/v2\/types\/page"}],"author":[{"embeddable":true,"href":"https:\/\/nck.krakow.pl\/zespol-goralski-hamernik\/wp-json\/wp\/v2\/users\/1"}],"replies":[{"embeddable":true,"href":"https:\/\/nck.krakow.pl\/zespol-goralski-hamernik\/wp-json\/wp\/v2\/comments?post=78"}],"version-history":[{"count":6,"href":"https:\/\/nck.krakow.pl\/zespol-goralski-hamernik\/wp-json\/wp\/v2\/pages\/78\/revisions"}],"predecessor-version":[{"id":942,"href":"https:\/\/nck.krakow.pl\/zespol-goralski-hamernik\/wp-json\/wp\/v2\/pages\/78\/revisions\/942"}],"wp:attachment":[{"href":"https:\/\/nck.krakow.pl\/zespol-goralski-hamernik\/wp-json\/wp\/v2\/media?parent=78"}],"curies":[{"name":"wp","href":"https:\/\/api.w.org\/{rel}","templated":true}]}}