{"id":69,"date":"2015-09-29T11:00:37","date_gmt":"2015-09-29T11:00:37","guid":{"rendered":"http:\/\/zespolgoralskihamernik.pl\/?page_id=69"},"modified":"2017-08-25T07:47:47","modified_gmt":"2017-08-25T07:47:47","slug":"o-zespole","status":"publish","type":"page","link":"https:\/\/nck.krakow.pl\/zespol-goralski-hamernik\/o-zespole\/","title":{"rendered":"Zesp\u00f3\u0142 G\u00f3ralski \u201eHAMERNIK\u201d"},"content":{"rendered":"<h2>O zespole<\/h2>\n<p><span style=\"font-weight: 400;\">Zesp\u00f3\u0142 G\u00f3ralski \u201eHAMERNIK\u201d jest zespo\u0142em amatorskim. Powsta\u0142 19.01.1979 r. Dzia\u0142a przy Nowohuckim Centrum Kultury. Cz\u0142onkami zespo\u0142u s\u0105 osoby w wieku ponad 15 lat, pochodz\u0105ce przewa\u017cnie z Podhala, a zamieszka\u0142e w Krakowie oraz Krakowianie rozmi\u0142owani w folklorze podhala\u0144skim.<\/span><\/p>\n<p><span style=\"font-weight: 400;\">\u201eHAMERNIK\u201d liczy obecnie ponad trzydziestu cz\u0142onk\u00f3w. Zesp\u00f3\u0142 prezentuje autentyczny folklor Skalnego Podhala i przedstawia nast\u0119puj\u0105ce programy: \u201eRado\u015bniki\u201d (chrzciny), \u201ePrucki\u201d (darcie pierza), \u201eNa hamernick\u0105 nut\u0119\u201d, \u201eGwiazda\u201d, Kol\u0119dnicy\u201d, \u201eSzopka hamernicka\u201d, \u201eWesele g\u00f3ralskie\u201d, \u201eNa hali\u201d, \u201ePrzy watrze\u201d, \u201eZielone \u015awi\u0105tki\u201d, \u201eNa scy\u0142\u015b\u0107iy, na zdrowiy\u201d, \u201eW te Godne \u015awi\u0119ta\u201d, \u201eM\u0142\u00f3cka\u201d oraz programy \u015bpiewno-taneczne zale\u017cnie od okazji.<\/span><\/p>\n<p><span style=\"font-weight: 400;\">Zesp\u00f3\u0142 bra\u0142 udzia\u0142 w rozlicznych imprezach kulturalnych mi\u0119dzy innymi na Mi\u0119dzynarodowym Festiwalu Folkloru Ziem G\u00f3rskich w Zakopanem i zdoby\u0142: \u201eZ\u0142ot\u0105 Ciupag\u0119\u201d \u2013 1999 i \u201eSrebrn\u0105 Ciupag\u0119\u201d (trzykrotnie) w latach 1985, 1989, 1993. Jest wielokrotnym laureatem: przegl\u0105d\u00f3w zespo\u0142\u00f3w w Krakowie, \u201eFestiwalu Folkloru G\u00f3rali Polskich\u201d w \u017bywcu, Bukowinie, Poroninie oraz mi\u0119dzynarodowych festiwali w Turcji, Anglii, Francji, Niemczech, Jugos\u0142awii, Bu\u0142garii, S\u0142owacji, Czechach, Serbii, Ukrainie i na W\u0119grzech .<\/span><\/p>\n<h3><span style=\"font-weight: 400;\">Za wybitn\u0105 dzia\u0142alno\u015b\u0107 artystyczno &#8211; spo\u0142eczn\u0105 Zesp\u00f3\u0142 \u201eHAMERNIK\u201d zosta\u0142 wyr\u00f3\u017cniony:<\/span><\/h3>\n<p><span style=\"font-weight: 400;\">&#8211; Z\u0142ot\u0105 Odznak\u0105 za prac\u0119 spo\u0142eczn\u0105 dla miasta Krakowa<\/span><\/p>\n<p><span style=\"font-weight: 400;\">&#8211; Z\u0142ot\u0105 Odznak\u0105 za zas\u0142ugi dla Zakopanego<\/span><\/p>\n<p><span style=\"font-weight: 400;\">&#8211; Z\u0142ot\u0105 Odznak\u0105 za zas\u0142ugi dla Kombinatu Metalurgicznego<\/span><\/p>\n<p><span style=\"font-weight: 400;\">&#8211; Medalem Przyja\u017ani Polsko-Francuskiej<\/span><\/p>\n<p><span style=\"font-weight: 400;\">&#8211; Medalem Hitit\u00f3w (Turcja)<\/span><\/p>\n<p><span style=\"font-weight: 400;\">&#8211; Medalem Pomocnej D\u0142oni<\/span><\/p>\n<p><span style=\"font-weight: 400;\">&#8211; Medalem Krakowskiego Domu Kultury<\/span><\/p>\n<p><span style=\"font-weight: 400;\">&#8211; Medalem Festiwali Bristol i Shrewsbery (Anglia)<\/span><\/p>\n<p><span style=\"font-weight: 400;\">&#8211; Medalem 700-lecia Miasta \u017bywca<\/span><\/p>\n<p><span style=\"font-weight: 400;\">&#8211; Medalem XXX-lecia FFGP w \u017bywcu<\/span><\/p>\n<p><span style=\"font-weight: 400;\">&#8211; Medalem Miasta Larisa &#8211; Grecja<\/span><\/p>\n<p><span style=\"font-weight: 400;\">&#8211; Medalem im. Oskara Kolberga<\/span><\/p>\n<p><span style=\"font-weight: 400;\">&#8211; Medalem 50-lecia ZPiT \u201eLublin\u201d<\/span><\/p>\n<p><span style=\"font-weight: 400;\">&#8211; Medalem Festiwalu \u2013Vychodna \u2013 S\u0142owacja<\/span><\/p>\n<p><span style=\"font-weight: 400;\">&#8211; Medalem 650-lecia Miasta Nowego Targu<\/span><\/p>\n<p><span style=\"font-weight: 400;\">-Medalem 85-lecia Zwi\u0105zku Podhalan<\/span><\/p>\n<p><span style=\"font-weight: 400;\">-Medalem \u201eMoja Nowa Huta\u201d<\/span><\/p>\n<p><span style=\"font-weight: 400;\">-Medalem Gimnazjum im Jana Paw\u0142a II w Z\u0119bie<\/span><\/p>\n<p><span style=\"font-weight: 400;\">-Odznak\u0105 Honorow\u0105 \u201eZas\u0142u\u017cony dla Kultury Polskiej\u201d<\/span><\/p>\n<p><span style=\"font-weight: 400;\">-Odznak\u0105 \u201eHonoris Gratia\u201d<\/span><\/p>\n<p><span style=\"font-weight: 400;\">&#8211; wieloma dyplomami uznania i nagrodami<\/span><\/p>\n<p><span style=\"font-weight: 400;\">Odby\u0142 czterdzie\u015bci artystycznych woja\u017cy zagranicznych, koncertowa\u0142 w ponad stu miejscowo\u015bciach Polski &#8211; w niekt\u00f3rych wielokrotnie. Da\u0142 prawie 1200 koncert\u00f3w.<\/span><\/p>\n<p><span style=\"font-weight: 400;\">W ci\u0105gu swojej dzia\u0142alno\u015bci artystycznej Zesp\u00f3\u0142 \u201eHamernik\u201d zdoby\u0142 szerokie uznanie juror\u00f3w, zyska\u0142 szeroki kr\u0105g odbiorc\u00f3w, mi\u0142o\u015bnik\u00f3w i sympatyk\u00f3w podhala\u0144skiej gwary, muzyki, \u015bpiewu, ta\u0144ca, zwyczaj\u00f3w i obrz\u0119d\u00f3w. Zesp\u00f3\u0142 by\u0142 nagrywany w Polskim Radio i Telewizji oraz w rozg\u0142o\u015bniach zagranicznych, w krajach, w kt\u00f3rych przebywa\u0142. \u201eHAMERNIK\u201d posiada te\u017c w\u0142asne nagrania video i magnetofonowe. Wyda\u0142 cztery ta\u015bmy: \u201eWesele g\u00f3ralskie\u201d, \u201eNa holi\u201d, \u201eGodne \u015bwi\u0119ta na Podhalu\u201d, \u201eNa hamernick\u0105 nut\u0119\u201d i jedn\u0105 p\u0142yt\u0119 CD.<\/span><\/p>\n<p><span style=\"font-weight: 400;\">Ca\u0142o\u015bciowo zesp\u00f3\u0142 prowadz\u0105 Anna i Kazimierz Lassakowie \u2013 za\u0142o\u017cyciele Zespo\u0142u \u2013 Zas\u0142u\u017ceni Dzia\u0142acze Kultury i dla Kultury Polskiej.<\/span><\/p>\n<div id='gallery-1' class='gallery galleryid-69 gallery-columns-3 gallery-size-medium'><figure class='gallery-item'>\n\t\t\t<div class='gallery-icon landscape'>\n\t\t\t\t<a href='https:\/\/nck.krakow.pl\/zespol-goralski-hamernik\/o-zespole\/attachment\/56\/'><img loading=\"lazy\" decoding=\"async\" width=\"300\" height=\"200\" src=\"https:\/\/nck.krakow.pl\/zespol-goralski-hamernik\/wp-content\/uploads\/2015\/09\/56-300x200.jpg\" class=\"attachment-medium size-medium\" alt=\"\" srcset=\"https:\/\/nck.krakow.pl\/zespol-goralski-hamernik\/wp-content\/uploads\/2015\/09\/56-300x200.jpg 300w, https:\/\/nck.krakow.pl\/zespol-goralski-hamernik\/wp-content\/uploads\/2015\/09\/56-768x512.jpg 768w, https:\/\/nck.krakow.pl\/zespol-goralski-hamernik\/wp-content\/uploads\/2015\/09\/56-1024x682.jpg 1024w, https:\/\/nck.krakow.pl\/zespol-goralski-hamernik\/wp-content\/uploads\/2015\/09\/56.jpg 2000w\" sizes=\"(max-width: 300px) 100vw, 300px\" \/><\/a>\n\t\t\t<\/div><\/figure><figure class='gallery-item'>\n\t\t\t<div class='gallery-icon landscape'>\n\t\t\t\t<a href='https:\/\/nck.krakow.pl\/zespol-goralski-hamernik\/o-zespole\/attachment\/55\/'><img loading=\"lazy\" decoding=\"async\" width=\"300\" height=\"200\" src=\"https:\/\/nck.krakow.pl\/zespol-goralski-hamernik\/wp-content\/uploads\/2015\/09\/55-300x200.jpg\" class=\"attachment-medium size-medium\" alt=\"\" srcset=\"https:\/\/nck.krakow.pl\/zespol-goralski-hamernik\/wp-content\/uploads\/2015\/09\/55-300x200.jpg 300w, https:\/\/nck.krakow.pl\/zespol-goralski-hamernik\/wp-content\/uploads\/2015\/09\/55-768x512.jpg 768w, https:\/\/nck.krakow.pl\/zespol-goralski-hamernik\/wp-content\/uploads\/2015\/09\/55-1024x682.jpg 1024w, https:\/\/nck.krakow.pl\/zespol-goralski-hamernik\/wp-content\/uploads\/2015\/09\/55.jpg 2000w\" sizes=\"(max-width: 300px) 100vw, 300px\" \/><\/a>\n\t\t\t<\/div><\/figure><figure class='gallery-item'>\n\t\t\t<div class='gallery-icon landscape'>\n\t\t\t\t<a href='https:\/\/nck.krakow.pl\/zespol-goralski-hamernik\/o-zespole\/attachment\/31\/'><img loading=\"lazy\" decoding=\"async\" width=\"300\" height=\"200\" src=\"https:\/\/nck.krakow.pl\/zespol-goralski-hamernik\/wp-content\/uploads\/2015\/09\/31-300x200.jpg\" class=\"attachment-medium size-medium\" alt=\"\" srcset=\"https:\/\/nck.krakow.pl\/zespol-goralski-hamernik\/wp-content\/uploads\/2015\/09\/31-300x200.jpg 300w, https:\/\/nck.krakow.pl\/zespol-goralski-hamernik\/wp-content\/uploads\/2015\/09\/31-768x512.jpg 768w, https:\/\/nck.krakow.pl\/zespol-goralski-hamernik\/wp-content\/uploads\/2015\/09\/31-1024x682.jpg 1024w, https:\/\/nck.krakow.pl\/zespol-goralski-hamernik\/wp-content\/uploads\/2015\/09\/31.jpg 2000w\" sizes=\"(max-width: 300px) 100vw, 300px\" \/><\/a>\n\t\t\t<\/div><\/figure><figure class='gallery-item'>\n\t\t\t<div class='gallery-icon landscape'>\n\t\t\t\t<a href='https:\/\/nck.krakow.pl\/zespol-goralski-hamernik\/o-zespole\/32-2\/'><img loading=\"lazy\" decoding=\"async\" width=\"300\" height=\"200\" src=\"https:\/\/nck.krakow.pl\/zespol-goralski-hamernik\/wp-content\/uploads\/2015\/09\/32-300x200.jpg\" class=\"attachment-medium size-medium\" alt=\"\" srcset=\"https:\/\/nck.krakow.pl\/zespol-goralski-hamernik\/wp-content\/uploads\/2015\/09\/32-300x200.jpg 300w, https:\/\/nck.krakow.pl\/zespol-goralski-hamernik\/wp-content\/uploads\/2015\/09\/32-768x512.jpg 768w, https:\/\/nck.krakow.pl\/zespol-goralski-hamernik\/wp-content\/uploads\/2015\/09\/32-1024x682.jpg 1024w, https:\/\/nck.krakow.pl\/zespol-goralski-hamernik\/wp-content\/uploads\/2015\/09\/32.jpg 2000w\" sizes=\"(max-width: 300px) 100vw, 300px\" \/><\/a>\n\t\t\t<\/div><\/figure><figure class='gallery-item'>\n\t\t\t<div class='gallery-icon landscape'>\n\t\t\t\t<a href='https:\/\/nck.krakow.pl\/zespol-goralski-hamernik\/o-zespole\/attachment\/35\/'><img loading=\"lazy\" decoding=\"async\" width=\"300\" height=\"200\" src=\"https:\/\/nck.krakow.pl\/zespol-goralski-hamernik\/wp-content\/uploads\/2015\/09\/35-300x200.jpg\" class=\"attachment-medium size-medium\" alt=\"\" srcset=\"https:\/\/nck.krakow.pl\/zespol-goralski-hamernik\/wp-content\/uploads\/2015\/09\/35-300x200.jpg 300w, https:\/\/nck.krakow.pl\/zespol-goralski-hamernik\/wp-content\/uploads\/2015\/09\/35-768x512.jpg 768w, https:\/\/nck.krakow.pl\/zespol-goralski-hamernik\/wp-content\/uploads\/2015\/09\/35-1024x682.jpg 1024w, https:\/\/nck.krakow.pl\/zespol-goralski-hamernik\/wp-content\/uploads\/2015\/09\/35.jpg 2000w\" sizes=\"(max-width: 300px) 100vw, 300px\" \/><\/a>\n\t\t\t<\/div><\/figure><figure class='gallery-item'>\n\t\t\t<div class='gallery-icon landscape'>\n\t\t\t\t<a href='https:\/\/nck.krakow.pl\/zespol-goralski-hamernik\/o-zespole\/attachment\/38\/'><img loading=\"lazy\" decoding=\"async\" width=\"300\" height=\"200\" src=\"https:\/\/nck.krakow.pl\/zespol-goralski-hamernik\/wp-content\/uploads\/2015\/09\/38-300x200.jpg\" class=\"attachment-medium size-medium\" alt=\"\" srcset=\"https:\/\/nck.krakow.pl\/zespol-goralski-hamernik\/wp-content\/uploads\/2015\/09\/38-300x200.jpg 300w, https:\/\/nck.krakow.pl\/zespol-goralski-hamernik\/wp-content\/uploads\/2015\/09\/38-768x512.jpg 768w, https:\/\/nck.krakow.pl\/zespol-goralski-hamernik\/wp-content\/uploads\/2015\/09\/38-1024x682.jpg 1024w, https:\/\/nck.krakow.pl\/zespol-goralski-hamernik\/wp-content\/uploads\/2015\/09\/38.jpg 2000w\" sizes=\"(max-width: 300px) 100vw, 300px\" \/><\/a>\n\t\t\t<\/div><\/figure><figure class='gallery-item'>\n\t\t\t<div class='gallery-icon landscape'>\n\t\t\t\t<a href='https:\/\/nck.krakow.pl\/zespol-goralski-hamernik\/o-zespole\/attachment\/39\/'><img loading=\"lazy\" decoding=\"async\" width=\"300\" height=\"200\" src=\"https:\/\/nck.krakow.pl\/zespol-goralski-hamernik\/wp-content\/uploads\/2015\/09\/39-300x200.jpg\" class=\"attachment-medium size-medium\" alt=\"\" srcset=\"https:\/\/nck.krakow.pl\/zespol-goralski-hamernik\/wp-content\/uploads\/2015\/09\/39-300x200.jpg 300w, https:\/\/nck.krakow.pl\/zespol-goralski-hamernik\/wp-content\/uploads\/2015\/09\/39-768x512.jpg 768w, https:\/\/nck.krakow.pl\/zespol-goralski-hamernik\/wp-content\/uploads\/2015\/09\/39-1024x682.jpg 1024w, https:\/\/nck.krakow.pl\/zespol-goralski-hamernik\/wp-content\/uploads\/2015\/09\/39.jpg 2000w\" sizes=\"(max-width: 300px) 100vw, 300px\" \/><\/a>\n\t\t\t<\/div><\/figure><figure class='gallery-item'>\n\t\t\t<div class='gallery-icon landscape'>\n\t\t\t\t<a href='https:\/\/nck.krakow.pl\/zespol-goralski-hamernik\/o-zespole\/attachment\/52\/'><img loading=\"lazy\" decoding=\"async\" width=\"300\" height=\"200\" src=\"https:\/\/nck.krakow.pl\/zespol-goralski-hamernik\/wp-content\/uploads\/2015\/09\/52-300x200.jpg\" class=\"attachment-medium size-medium\" alt=\"\" srcset=\"https:\/\/nck.krakow.pl\/zespol-goralski-hamernik\/wp-content\/uploads\/2015\/09\/52-300x200.jpg 300w, https:\/\/nck.krakow.pl\/zespol-goralski-hamernik\/wp-content\/uploads\/2015\/09\/52-768x512.jpg 768w, https:\/\/nck.krakow.pl\/zespol-goralski-hamernik\/wp-content\/uploads\/2015\/09\/52-1024x682.jpg 1024w, https:\/\/nck.krakow.pl\/zespol-goralski-hamernik\/wp-content\/uploads\/2015\/09\/52.jpg 2000w\" sizes=\"(max-width: 300px) 100vw, 300px\" \/><\/a>\n\t\t\t<\/div><\/figure><figure class='gallery-item'>\n\t\t\t<div class='gallery-icon landscape'>\n\t\t\t\t<a href='https:\/\/nck.krakow.pl\/zespol-goralski-hamernik\/o-zespole\/attachment\/54\/'><img loading=\"lazy\" decoding=\"async\" width=\"300\" height=\"200\" src=\"https:\/\/nck.krakow.pl\/zespol-goralski-hamernik\/wp-content\/uploads\/2015\/09\/54-300x200.jpg\" class=\"attachment-medium size-medium\" alt=\"\" srcset=\"https:\/\/nck.krakow.pl\/zespol-goralski-hamernik\/wp-content\/uploads\/2015\/09\/54-300x200.jpg 300w, https:\/\/nck.krakow.pl\/zespol-goralski-hamernik\/wp-content\/uploads\/2015\/09\/54-768x512.jpg 768w, https:\/\/nck.krakow.pl\/zespol-goralski-hamernik\/wp-content\/uploads\/2015\/09\/54-1024x682.jpg 1024w, https:\/\/nck.krakow.pl\/zespol-goralski-hamernik\/wp-content\/uploads\/2015\/09\/54.jpg 2000w\" sizes=\"(max-width: 300px) 100vw, 300px\" \/><\/a>\n\t\t\t<\/div><\/figure><figure class='gallery-item'>\n\t\t\t<div class='gallery-icon landscape'>\n\t\t\t\t<a href='https:\/\/nck.krakow.pl\/zespol-goralski-hamernik\/o-zespole\/attachment\/57\/'><img loading=\"lazy\" decoding=\"async\" width=\"300\" height=\"200\" src=\"https:\/\/nck.krakow.pl\/zespol-goralski-hamernik\/wp-content\/uploads\/2015\/09\/57-300x200.jpg\" class=\"attachment-medium size-medium\" alt=\"\" srcset=\"https:\/\/nck.krakow.pl\/zespol-goralski-hamernik\/wp-content\/uploads\/2015\/09\/57-300x200.jpg 300w, https:\/\/nck.krakow.pl\/zespol-goralski-hamernik\/wp-content\/uploads\/2015\/09\/57-768x512.jpg 768w, https:\/\/nck.krakow.pl\/zespol-goralski-hamernik\/wp-content\/uploads\/2015\/09\/57-1024x682.jpg 1024w, https:\/\/nck.krakow.pl\/zespol-goralski-hamernik\/wp-content\/uploads\/2015\/09\/57.jpg 2000w\" sizes=\"(max-width: 300px) 100vw, 300px\" \/><\/a>\n\t\t\t<\/div><\/figure><figure class='gallery-item'>\n\t\t\t<div class='gallery-icon landscape'>\n\t\t\t\t<a href='https:\/\/nck.krakow.pl\/zespol-goralski-hamernik\/o-zespole\/58-2\/'><img loading=\"lazy\" decoding=\"async\" width=\"300\" height=\"200\" src=\"https:\/\/nck.krakow.pl\/zespol-goralski-hamernik\/wp-content\/uploads\/2015\/09\/58-300x200.jpg\" class=\"attachment-medium size-medium\" alt=\"\" srcset=\"https:\/\/nck.krakow.pl\/zespol-goralski-hamernik\/wp-content\/uploads\/2015\/09\/58-300x200.jpg 300w, https:\/\/nck.krakow.pl\/zespol-goralski-hamernik\/wp-content\/uploads\/2015\/09\/58-768x512.jpg 768w, https:\/\/nck.krakow.pl\/zespol-goralski-hamernik\/wp-content\/uploads\/2015\/09\/58-1024x682.jpg 1024w, https:\/\/nck.krakow.pl\/zespol-goralski-hamernik\/wp-content\/uploads\/2015\/09\/58.jpg 2000w\" sizes=\"(max-width: 300px) 100vw, 300px\" \/><\/a>\n\t\t\t<\/div><\/figure><figure class='gallery-item'>\n\t\t\t<div class='gallery-icon landscape'>\n\t\t\t\t<a href='https:\/\/nck.krakow.pl\/zespol-goralski-hamernik\/o-zespole\/attachment\/59\/'><img loading=\"lazy\" decoding=\"async\" width=\"300\" height=\"200\" src=\"https:\/\/nck.krakow.pl\/zespol-goralski-hamernik\/wp-content\/uploads\/2015\/09\/59-300x200.jpg\" class=\"attachment-medium size-medium\" alt=\"\" srcset=\"https:\/\/nck.krakow.pl\/zespol-goralski-hamernik\/wp-content\/uploads\/2015\/09\/59-300x200.jpg 300w, https:\/\/nck.krakow.pl\/zespol-goralski-hamernik\/wp-content\/uploads\/2015\/09\/59-768x512.jpg 768w, https:\/\/nck.krakow.pl\/zespol-goralski-hamernik\/wp-content\/uploads\/2015\/09\/59-1024x682.jpg 1024w, https:\/\/nck.krakow.pl\/zespol-goralski-hamernik\/wp-content\/uploads\/2015\/09\/59.jpg 2000w\" sizes=\"(max-width: 300px) 100vw, 300px\" \/><\/a>\n\t\t\t<\/div><\/figure>\n\t\t<\/div>\n\n","protected":false},"excerpt":{"rendered":"<p>O zespole Zesp\u00f3\u0142 G\u00f3ralski \u201eHAMERNIK\u201d jest zespo\u0142em amatorskim. Powsta\u0142 19.01.1979 r. Dzia\u0142a przy Nowohuckim Centrum Kultury. Cz\u0142onkami zespo\u0142u s\u0105 osoby w wieku ponad 15 lat, pochodz\u0105ce przewa\u017cnie z Podhala, a zamieszka\u0142e w Krakowie oraz Krakowianie rozmi\u0142owani w folklorze podhala\u0144skim. \u201eHAMERNIK\u201d liczy obecnie ponad trzydziestu cz\u0142onk\u00f3w. Zesp\u00f3\u0142 prezentuje autentyczny folklor Skalnego Podhala i przedstawia nast\u0119puj\u0105ce programy: [&hellip;]<\/p>\n","protected":false},"author":1,"featured_media":689,"parent":0,"menu_order":0,"comment_status":"closed","ping_status":"closed","template":"","meta":{"footnotes":""},"class_list":["post-69","page","type-page","status-publish","has-post-thumbnail","hentry"],"featured_image_src":"https:\/\/nck.krakow.pl\/zespol-goralski-hamernik\/wp-content\/uploads\/2017\/08\/3.png","featured_image_src_square":"https:\/\/nck.krakow.pl\/zespol-goralski-hamernik\/wp-content\/uploads\/2017\/08\/3.png","_links":{"self":[{"href":"https:\/\/nck.krakow.pl\/zespol-goralski-hamernik\/wp-json\/wp\/v2\/pages\/69"}],"collection":[{"href":"https:\/\/nck.krakow.pl\/zespol-goralski-hamernik\/wp-json\/wp\/v2\/pages"}],"about":[{"href":"https:\/\/nck.krakow.pl\/zespol-goralski-hamernik\/wp-json\/wp\/v2\/types\/page"}],"author":[{"embeddable":true,"href":"https:\/\/nck.krakow.pl\/zespol-goralski-hamernik\/wp-json\/wp\/v2\/users\/1"}],"replies":[{"embeddable":true,"href":"https:\/\/nck.krakow.pl\/zespol-goralski-hamernik\/wp-json\/wp\/v2\/comments?post=69"}],"version-history":[{"count":3,"href":"https:\/\/nck.krakow.pl\/zespol-goralski-hamernik\/wp-json\/wp\/v2\/pages\/69\/revisions"}],"predecessor-version":[{"id":727,"href":"https:\/\/nck.krakow.pl\/zespol-goralski-hamernik\/wp-json\/wp\/v2\/pages\/69\/revisions\/727"}],"wp:featuredmedia":[{"embeddable":true,"href":"https:\/\/nck.krakow.pl\/zespol-goralski-hamernik\/wp-json\/wp\/v2\/media\/689"}],"wp:attachment":[{"href":"https:\/\/nck.krakow.pl\/zespol-goralski-hamernik\/wp-json\/wp\/v2\/media?parent=69"}],"curies":[{"name":"wp","href":"https:\/\/api.w.org\/{rel}","templated":true}]}}