{"id":56,"date":"2015-07-15T08:11:09","date_gmt":"2015-07-15T08:11:09","guid":{"rendered":"http:\/\/zespolgoralskihamernik.pl\/?page_id=56"},"modified":"2024-02-01T12:02:09","modified_gmt":"2024-02-01T12:02:09","slug":"anna-lassak","status":"publish","type":"page","link":"https:\/\/nck.krakow.pl\/zespol-goralski-hamernik\/kierownictwo\/anna-lassak\/","title":{"rendered":"Anna Lassak"},"content":{"rendered":"<p><strong>Anna Lassak<\/strong> swoj\u0105 dzia\u0142alno\u015b\u0107 spo\u0142eczno-artystyczn\u0105 rozpocz\u0119\u0142a w 1964 r., kiedy to wst\u0105pi\u0142a do Mi\u0119dzyuczelnianego Zespo\u0142u G\u00f3ralskiego \u201eHyrni\u201d w Krakowie. Wiele wysi\u0142ku w\u0142o\u017cy\u0142a w po\u0142\u0105czenie dw\u00f3ch Studenckich Zespo\u0142\u00f3w G\u00f3ralskich \u201eHyrni\u201d i \u201eRegle\u201d w jeden pot\u0119\u017cny zesp\u00f3\u0142 \u201eSkalni\u201d, w kt\u00f3rym do ko\u0144ca 1978 r. by\u0142a aktywnym cz\u0142onkiem, spo\u0142ecznie ucz\u0105c ta\u0144ca i \u015bpiewu. Na pocz\u0105tku 1979 r., wsp\u00f3lnie z m\u0119\u017cem, za\u0142o\u017cy\u0142a Zesp\u00f3\u0142 G\u00f3ralski \u201eHamernik\u201d, a w 1984 r. Dzieci\u0119cy Zesp\u00f3\u0142 G\u00f3ralski \u201eMali Hamernicy\u201d. W latach 1974 &#8211; 1976 zak\u0142ada i prowadzi Szkolny Zesp\u00f3\u0142 Regionalny \u201eSko\u0142ka\u201d w Starem Bystrem, w 1982 r reaktywuje zesp\u00f3\u0142 \u201eNa Dawn\u0105 Nut\u0119\u201d w Kocmyrzowie-Luborzycy, prowadzi go do 1984 r. W latach 1984-1986 zak\u0142ada i prowadzi Zesp\u00f3\u0142 Regionalny \u201eMogilanie\u201d w Mogilanach. Zrealizowa\u0142a programy artystyczne dla zespo\u0142\u00f3w: \u201eZiemia Cieszy\u0144ska\u201d z Cieszyna, \u201eGrze\u015b\u201d z Pu\u0142aw, \u201ePruszkowiacy\u201d z Pruszkowa, \u201eZiemia Lubelska\u201d z Lublina, \u201eKrakowiacy Ziemi Brzeskiej\u201d z Brzeska, \u201eM\u0142ody Toru\u0144\u201d z Torunia, \u201eNowa Ruda\u201d z Nowej Rudy, \u201eHardzi\u201d z \u0141\u0119towni, \u201eKrakowiacy\u201d z Krakowa, \u201eLechowia\u201d z Kanady. W zespo\u0142ach tych uczy\u0142a gwary, \u015bpiewu, ta\u0144ca, przybli\u017ca\u0142a folklor dzieciom, m\u0142odzie\u017cy i doros\u0142ym.<\/p>\n<p>\u2013 od 1993 r. posiada tytu\u0142 instruktora kat. \u201eS\u201d<\/p>\n<p>\u2013 od 1967 r. jest cz\u0142onkiem Zwi\u0105zku Podhalan<\/p>\n<p>\u2013 od 1982 r. zwi\u0105za\u0142a si\u0119 z ruchem kulturalnym ZMW<\/p>\n<p>\u2013 od 1986 r. jest cz\u0142onkiem STL, obecnie cz\u0142onkiem Zarz\u0105du Oddzia\u0142u Krakowskiego<\/p>\n<p>\u2013 od 1992 r. cz\u0142onek sekcji Polskiej CIOFF<\/p>\n<p>Sukcesy artystyczne zespo\u0142\u00f3w, z kt\u00f3rymi Anna Lassak wsp\u00f3\u0142pracowa\u0142a i nadal wsp\u00f3\u0142pracuje, s\u0105 wynikiem jej szczeg\u00f3lnego zaanga\u017cowania i ofiarnej pracy. Co roku zdobywa najwy\u017csze wyr\u00f3\u017cnienia za taniec i \u015bpiew oraz w kategorii \u201eMistrz \u2013 Ucze\u0144\u201d.<\/p>\n<p>Posiada wiele odznacze\u0144, nagr\u00f3d, wyr\u00f3\u017cnie\u0144 i dyplom\u00f3w m.in.:<\/p>\n<p>\u2013 Br\u0105zowa Odznaka ZSP\u00a0\u00a0\u00a0\u00a0\u00a0\u00a0\u00a0\u00a0\u00a0\u00a0\u00a0\u00a0\u00a0\u00a0\u00a0\u00a0\u00a0\u00a0\u00a0\u00a0\u00a0\u00a0\u00a0\u00a0\u00a0\u00a0\u00a0\u00a0\u00a0\u00a0\u00a0\u00a0\u00a0\u00a0\u00a0\u00a0\u00a0\u00a0\u00a0\u00a0\u00a0\u00a0\u00a0\u00a0\u00a0\u00a0\u00a0\u00a0\u00a0\u00a0\u00a0 \u2013 1972<\/p>\n<p>\u2013 Srebrna Odznaka ZSP\u00a0\u00a0\u00a0\u00a0\u00a0\u00a0\u00a0\u00a0\u00a0\u00a0\u00a0\u00a0\u00a0\u00a0\u00a0\u00a0\u00a0\u00a0\u00a0\u00a0\u00a0\u00a0\u00a0\u00a0\u00a0\u00a0\u00a0\u00a0\u00a0\u00a0\u00a0\u00a0\u00a0\u00a0\u00a0\u00a0\u00a0\u00a0\u00a0\u00a0\u00a0\u00a0\u00a0\u00a0\u00a0\u00a0\u00a0\u00a0\u00a0\u00a0\u00a0\u00a0\u00a0 \u2013 1977<\/p>\n<p>\u2013 Zas\u0142u\u017cony Dzia\u0142acz Kultury\u00a0\u00a0\u00a0\u00a0\u00a0\u00a0\u00a0\u00a0\u00a0\u00a0\u00a0\u00a0\u00a0\u00a0\u00a0\u00a0\u00a0\u00a0\u00a0\u00a0\u00a0\u00a0\u00a0\u00a0\u00a0\u00a0\u00a0\u00a0\u00a0\u00a0\u00a0\u00a0\u00a0\u00a0\u00a0\u00a0\u00a0\u00a0\u00a0\u00a0\u00a0\u00a0\u00a0\u00a0\u00a0\u00a0 \u2013 1981<\/p>\n<p>\u2013 Srebrna Odznaka za Zas\u0142ugi dla Miasta Zakopanego\u00a0\u00a0\u00a0\u00a0\u00a0\u00a0\u00a0\u00a0 \u2013 1984<\/p>\n<p>\u2013 Z\u0142ota Odznaka za Zas\u0142ugi dla Ziemi Krakowskiej\u00a0\u00a0\u00a0\u00a0\u00a0\u00a0\u00a0\u00a0\u00a0\u00a0\u00a0\u00a0\u00a0\u00a0\u00a0 \u2013 1986<\/p>\n<p>\u2013 Za Zas\u0142ugi dla Zwi\u0105zku Podhalan\u00a0\u00a0\u00a0\u00a0\u00a0\u00a0\u00a0\u00a0\u00a0\u00a0\u00a0\u00a0\u00a0\u00a0\u00a0\u00a0\u00a0\u00a0\u00a0\u00a0\u00a0\u00a0\u00a0\u00a0\u00a0\u00a0\u00a0\u00a0\u00a0\u00a0\u00a0\u00a0\u00a0\u00a0\u00a0\u00a0\u00a0 \u2013 1987<\/p>\n<p>\u2013 Srebrny Krzy\u017c Zas\u0142ugi\u00a0\u00a0\u00a0\u00a0\u00a0\u00a0\u00a0\u00a0\u00a0\u00a0\u00a0\u00a0\u00a0\u00a0\u00a0\u00a0\u00a0\u00a0\u00a0\u00a0\u00a0\u00a0\u00a0\u00a0\u00a0\u00a0\u00a0\u00a0\u00a0\u00a0\u00a0\u00a0\u00a0\u00a0\u00a0\u00a0\u00a0\u00a0\u00a0\u00a0\u00a0\u00a0\u00a0\u00a0\u00a0\u00a0\u00a0\u00a0\u00a0\u00a0\u00a0\u00a0\u00a0 \u2013 1998<\/p>\n<p>\u2013 Srebrna Honorowa Odznaka ZMW\u00a0\u00a0\u00a0\u00a0\u00a0\u00a0\u00a0\u00a0\u00a0\u00a0\u00a0\u00a0\u00a0\u00a0\u00a0\u00a0\u00a0\u00a0\u00a0\u00a0\u00a0\u00a0\u00a0\u00a0\u00a0\u00a0\u00a0\u00a0\u00a0\u00a0\u00a0\u00a0\u00a0\u00a0\u00a0 \u2013 1999<\/p>\n<p>\u2013 Odznaka za Zas\u0142ugi dla STL\u00a0\u00a0\u00a0\u00a0\u00a0\u00a0\u00a0\u00a0\u00a0\u00a0\u00a0\u00a0\u00a0\u00a0\u00a0\u00a0\u00a0\u00a0\u00a0\u00a0\u00a0\u00a0\u00a0\u00a0\u00a0\u00a0\u00a0\u00a0\u00a0\u00a0\u00a0\u00a0\u00a0\u00a0\u00a0\u00a0\u00a0\u00a0\u00a0\u00a0\u00a0\u00a0\u00a0\u00a0\u00a0 \u2013 1999<\/p>\n<p>\u2013 Medal 30-lecia FFGP \u2013 \u017bywiec\u00a0\u00a0\u00a0\u00a0\u00a0\u00a0\u00a0\u00a0\u00a0\u00a0\u00a0\u00a0\u00a0\u00a0\u00a0\u00a0\u00a0\u00a0\u00a0\u00a0\u00a0\u00a0\u00a0\u00a0\u00a0\u00a0\u00a0\u00a0\u00a0\u00a0\u00a0\u00a0\u00a0\u00a0\u00a0\u00a0\u00a0\u00a0\u00a0\u00a0\u00a0 \u2013 1999<\/p>\n<p>\u2013 Medal 50-lecia ZPiT \u201eLublin\u201d\u00a0\u00a0\u00a0\u00a0\u00a0\u00a0\u00a0\u00a0\u00a0\u00a0\u00a0\u00a0\u00a0\u00a0\u00a0\u00a0\u00a0\u00a0\u00a0\u00a0\u00a0\u00a0\u00a0\u00a0\u00a0\u00a0\u00a0\u00a0\u00a0\u00a0\u00a0\u00a0\u00a0\u00a0\u00a0\u00a0\u00a0\u00a0\u00a0\u00a0\u00a0\u00a0\u00a0\u00a0\u00a0 \u2013 1999<\/p>\n<p>\u2013 Z\u0142oty Krzy\u017c Zas\u0142ugi\u00a0\u00a0\u00a0\u00a0\u00a0\u00a0\u00a0\u00a0\u00a0\u00a0\u00a0\u00a0\u00a0\u00a0\u00a0\u00a0\u00a0\u00a0\u00a0\u00a0\u00a0\u00a0\u00a0\u00a0\u00a0\u00a0\u00a0\u00a0\u00a0\u00a0\u00a0\u00a0\u00a0\u00a0\u00a0\u00a0\u00a0\u00a0\u00a0\u00a0\u00a0\u00a0\u00a0\u00a0\u00a0\u00a0\u00a0\u00a0\u00a0\u00a0\u00a0\u00a0\u00a0\u00a0\u00a0\u00a0\u00a0\u00a0 \u2013 2003<\/p>\n<p>\u2013 Medal 40-lecia Targ\u00f3w STL\u00a0\u00a0\u00a0\u00a0\u00a0\u00a0\u00a0\u00a0\u00a0\u00a0\u00a0\u00a0\u00a0\u00a0\u00a0\u00a0\u00a0\u00a0\u00a0\u00a0\u00a0\u00a0\u00a0\u00a0\u00a0\u00a0\u00a0\u00a0\u00a0\u00a0\u00a0\u00a0\u00a0\u00a0\u00a0\u00a0\u00a0\u00a0\u00a0\u00a0\u00a0\u00a0\u00a0\u00a0\u00a0\u00a0 \u2013 2007<\/p>\n<p>\u2013 Medal zas\u0142u\u017cony dla \u201eCepelii\u201d\u00a0\u00a0\u00a0\u00a0\u00a0\u00a0\u00a0\u00a0\u00a0\u00a0\u00a0\u00a0\u00a0\u00a0\u00a0\u00a0\u00a0\u00a0\u00a0\u00a0\u00a0\u00a0\u00a0\u00a0\u00a0\u00a0\u00a0\u00a0\u00a0\u00a0\u00a0\u00a0\u00a0\u00a0\u00a0\u00a0\u00a0\u00a0\u00a0\u00a0\u00a0\u00a0\u00a0 \u2013 2009<\/p>\n<p>\u2013 Odznaka \u201eHonoris Gratia\u201d\u00a0\u00a0\u00a0\u00a0\u00a0\u00a0\u00a0\u00a0\u00a0\u00a0\u00a0\u00a0\u00a0\u00a0\u00a0\u00a0\u00a0\u00a0\u00a0\u00a0\u00a0\u00a0\u00a0\u00a0\u00a0\u00a0\u00a0\u00a0\u00a0\u00a0\u00a0\u00a0\u00a0\u00a0\u00a0\u00a0\u00a0\u00a0\u00a0\u00a0\u00a0\u00a0\u00a0\u00a0\u00a0\u00a0\u00a0\u00a0\u00a0 \u2013 2009<\/p>\n<p>\u2013 Zas\u0142u\u017cony dla Kultury Polskiej\u00a0\u00a0\u00a0\u00a0\u00a0\u00a0\u00a0\u00a0\u00a0\u00a0\u00a0\u00a0\u00a0\u00a0\u00a0\u00a0\u00a0\u00a0\u00a0\u00a0\u00a0\u00a0\u00a0\u00a0\u00a0\u00a0\u00a0\u00a0\u00a0\u00a0\u00a0\u00a0\u00a0\u00a0\u00a0\u00a0\u00a0\u00a0\u00a0\u00a0\u00a0\u00a0 \u2013 2009<\/p>\n<p>\u2013 Nowohucianka 2009 roku\u00a0\u00a0\u00a0\u00a0\u00a0\u00a0\u00a0\u00a0\u00a0\u00a0\u00a0\u00a0\u00a0\u00a0\u00a0\u00a0\u00a0\u00a0\u00a0\u00a0\u00a0 \u00a0\u00a0\u00a0\u00a0\u00a0\u00a0\u00a0\u00a0\u00a0\u00a0\u00a0\u00a0\u00a0\u00a0\u00a0\u00a0\u00a0\u00a0\u00a0\u00a0\u00a0\u00a0\u00a0\u00a0\u00a0\u00a0\u00a0\u00a0\u00a0\u00a0\u00a0\u2013 2010<\/p>\n<p>\u2013 Wiyrchowo Orlica\u00a0\u00a0 \u00a0\u00a0\u00a0\u00a0\u00a0\u00a0\u00a0\u00a0\u00a0\u00a0\u00a0\u00a0\u00a0\u00a0\u00a0\u00a0\u00a0\u00a0\u00a0\u00a0\u00a0\u00a0\u00a0\u00a0\u00a0\u00a0\u00a0\u00a0\u00a0\u00a0\u00a0\u00a0\u00a0\u00a0\u00a0\u00a0\u00a0\u00a0\u00a0\u00a0\u00a0\u00a0\u00a0\u00a0\u00a0\u00a0\u00a0\u00a0\u00a0\u00a0\u00a0\u00a0\u00a0\u00a0\u00a0\u00a0\u00a0\u00a0\u00a0\u00a0\u00a0\u00a0\u00a0\u2013 2013<\/p>\n<p>\u2013 Honorowy Cz\u0142onek Zwi\u0105zku Podhalan\u00a0\u00a0\u00a0\u00a0\u00a0\u00a0\u00a0\u00a0\u00a0\u00a0\u00a0\u00a0\u00a0\u00a0\u00a0\u00a0\u00a0\u00a0\u00a0\u00a0\u00a0\u00a0\u00a0\u00a0\u00a0\u00a0\u00a0\u00a0 \u00a0\u00a0\u00a0\u00a0\u2013 2014<\/p>\n<p>\u2013 Medalem \u201eMoja Nowa Huta\u201d\u00a0\u00a0\u00a0\u00a0\u00a0\u00a0\u00a0\u00a0\u00a0\u00a0\u00a0\u00a0\u00a0\u00a0\u00a0 \u00a0\u00a0\u00a0\u00a0\u00a0\u00a0\u00a0\u00a0\u00a0\u00a0\u00a0\u00a0\u00a0\u00a0\u00a0\u00a0\u00a0\u00a0\u00a0\u00a0\u00a0\u00a0\u00a0\u00a0\u00a0\u00a0\u00a0\u00a0\u00a0\u00a0\u00a0\u00a0\u00a0\u2013 2014<\/p>\n<p>\u2013 Medalem \u201eGimnazjum im Jana Paw\u0142a II w Z\u0119bie\u00a0\u00a0\u00a0 \u00a0\u00a0\u00a0\u00a0\u00a0\u00a0\u00a0\u00a0\u00a0\u00a0\u00a0\u00a0 \u2013 2015<\/p>\n<p>\u2013 Statuetk\u0105 Fundacji \u201eMATIO\u201d.\u00a0\u00a0\u00a0\u00a0\u00a0\u00a0\u00a0\u00a0\u00a0\u00a0\u00a0\u00a0 \u00a0\u00a0\u00a0\u00a0\u00a0\u00a0\u00a0\u00a0\u00a0\u00a0\u00a0\u00a0\u00a0\u00a0\u00a0\u00a0\u00a0\u00a0\u00a0\u00a0\u00a0\u00a0\u00a0\u00a0\u00a0\u00a0\u00a0\u00a0\u00a0\u00a0\u00a0\u00a0\u00a0\u00a0\u00a0\u2013 2016<\/p>\n<p>\u2013 Srebrny \u201eKRZY\u017b MA\u0141OPOLSKI\u201d\u00a0\u00a0\u00a0\u00a0\u00a0\u00a0\u00a0 \u00a0\u00a0\u00a0\u00a0\u00a0\u00a0\u00a0\u00a0\u00a0\u00a0\u00a0\u00a0\u00a0\u00a0\u00a0\u00a0\u00a0\u00a0\u00a0\u00a0\u00a0\u00a0\u00a0\u00a0\u00a0\u00a0\u00a0\u00a0\u00a0\u00a0\u00a0\u00a0\u00a0\u00a0\u2013 2017<\/p>\n<p>\u2013 Medal Br\u0105zowy \u201eGloria Artist\u201d \u00a0\u00a0\u00a0\u00a0\u00a0\u00a0\u00a0\u00a0\u00a0\u00a0\u00a0\u00a0\u00a0\u00a0\u00a0\u00a0\u00a0\u00a0\u00a0\u00a0\u00a0\u00a0\u00a0\u00a0\u00a0\u00a0\u00a0\u00a0\u00a0\u00a0\u00a0\u00a0\u00a0\u00a0\u00a0\u00a0\u00a0\u00a0\u00a0\u00a0\u00a0\u00a0\u00a0\u00a0\u00a0\u2013 2019<\/p>\n<p>\u2013 Medal 100-lat Zwi\u0105zku Podhalan\u00a0\u00a0\u00a0\u00a0\u00a0\u00a0\u00a0\u00a0\u00a0\u00a0\u00a0\u00a0\u00a0\u00a0\u00a0\u00a0\u00a0\u00a0\u00a0\u00a0\u00a0\u00a0\u00a0\u00a0\u00a0\u00a0\u00a0\u00a0\u00a0\u00a0\u00a0 \u00a0\u00a0\u00a0\u00a0\u00a0\u00a0\u00a0\u00a0\u00a0\u2013 2019<\/p>\n<p>\u2013 Krzy\u017c Kawalerski Orderu Odrodzenia Polski\u00a0\u00a0\u00a0\u00a0\u00a0\u00a0\u00a0\u00a0\u00a0\u00a0\u00a0\u00a0\u00a0\u00a0\u00a0\u00a0\u00a0\u00a0\u00a0 \u00a0\u00a0\u00a0\u2013 2021<\/p>\n<p>\u2013 Odznaka \u201ePrzyjaciel Dziecka\u201d\u00a0\u00a0\u00a0\u00a0\u00a0\u00a0\u00a0\u00a0\u00a0\u00a0\u00a0\u00a0\u00a0\u00a0\u00a0\u00a0\u00a0\u00a0\u00a0\u00a0\u00a0\u00a0\u00a0\u00a0\u00a0\u00a0\u00a0\u00a0\u00a0\u00a0\u00a0\u00a0\u00a0\u00a0\u00a0\u00a0\u00a0\u00a0\u00a0\u00a0\u00a0 \u00a0\u00a0\u00a0\u00a0\u2013 2022<\/p>\n<p>\u2013 Medalem 800-lecia Cysters\u00f3w w Mogile\u00a0\u00a0\u00a0\u00a0\u00a0\u00a0\u00a0\u00a0\u00a0\u00a0\u00a0\u00a0\u00a0\u00a0\u00a0\u00a0\u00a0\u00a0\u00a0\u00a0\u00a0\u00a0\u00a0\u00a0 \u00a0\u00a0\u00a0\u00a0\u00a0\u2013 2022<\/p>\n<p>\u2013 Odznaka Honorowa za Zas\u0142ugi dla Ochrony Praw Dziecka \u2013 2023<\/p>\n<p>Nagrody indywidualne:<\/p>\n<p>\u2013 Rektora Akademii Rolniczej\u00a0\u00a0\u00a0\u00a0\u00a0\u00a0\u00a0\u00a0\u00a0\u00a0\u00a0\u00a0\u00a0\u00a0\u00a0\u00a0\u00a0\u00a0\u00a0\u00a0\u00a0\u00a0\u00a0\u00a0\u00a0\u00a0\u00a0\u00a0\u00a0\u00a0\u00a0\u00a0\u00a0\u00a0\u00a0\u00a0\u00a0\u00a0\u00a0\u00a0\u00a0\u00a0\u00a0\u00a0\u00a0\u00a0\u00a0\u00a0\u00a0\u00a0 \u2013 1972<\/p>\n<p>\u2013 Ministra Nauki, Szkolnictwa Wy\u017cszego i Techniki\u00a0\u00a0\u00a0\u00a0\u00a0\u00a0\u00a0\u00a0\u00a0\u00a0\u00a0\u00a0\u00a0\u00a0\u00a0\u00a0\u00a0\u00a0\u00a0 \u2013 1977<\/p>\n<p>\u2013 Dyrektora Wydzia\u0142u Kultury i Sztuki Urz\u0119du Miasta Krakowa\u00a0\u00a0\u00a0 \u2013 1977<\/p>\n<p>\u2013 Dyrektora Wojew\u00f3dzkiego O\u015brodka Kultury w Nowym S\u0105czu\u00a0\u00a0 \u2013 1986<\/p>\n<p>\u2013 Og\u00f3lnopolskiej Rady Ludowych Zespo\u0142\u00f3w Artystycznych\u00a0\u00a0\u00a0\u00a0\u00a0\u00a0\u00a0 \u2013 1987<\/p>\n<p>\u2013 Dyplom Honorowy M. K. i S.\u00a0\u00a0\u00a0\u00a0\u00a0\u00a0\u00a0\u00a0\u00a0\u00a0\u00a0\u00a0\u00a0\u00a0\u00a0\u00a0\u00a0\u00a0\u00a0\u00a0\u00a0\u00a0\u00a0\u00a0\u00a0\u00a0\u00a0\u00a0\u00a0\u00a0\u00a0\u00a0\u00a0\u00a0\u00a0\u00a0\u00a0\u00a0\u00a0\u00a0\u00a0\u00a0\u00a0\u00a0\u00a0\u00a0\u00a0\u00a0\u00a0 \u2013 1989<\/p>\n<p>\u2013 Nagroda instruktorska na F.F.G.P. w \u017bywcu\u00a0\u00a0\u00a0\u00a0\u00a0\u00a0\u00a0\u00a0\u00a0\u00a0\u00a0\u00a0\u00a0\u00a0\u00a0\u00a0\u00a0\u00a0\u00a0\u00a0\u00a0\u00a0\u00a0\u00a0\u00a0\u00a0\u00a0 \u00a0\u2013 1996<\/p>\n<p>\u2013 Nagroda M. K. i S.\u00a0\u00a0\u00a0\u00a0\u00a0\u00a0\u00a0\u00a0\u00a0\u00a0\u00a0\u00a0\u00a0\u00a0\u00a0\u00a0\u00a0\u00a0\u00a0\u00a0\u00a0\u00a0\u00a0\u00a0\u00a0\u00a0\u00a0\u00a0\u00a0\u00a0\u00a0\u00a0\u00a0\u00a0\u00a0\u00a0\u00a0\u00a0\u00a0\u00a0\u00a0\u00a0\u00a0\u00a0\u00a0\u00a0\u00a0\u00a0\u00a0\u00a0\u00a0\u00a0\u00a0\u00a0\u00a0\u00a0\u00a0\u00a0\u00a0\u00a0\u00a0\u00a0\u00a0 \u2013 1999<\/p>\n<p>\u2013 Zarz\u0105du Krajowego ZMW\u00a0\u00a0\u00a0\u00a0\u00a0\u00a0\u00a0\u00a0\u00a0\u00a0\u00a0\u00a0\u00a0\u00a0\u00a0\u00a0\u00a0\u00a0\u00a0\u00a0\u00a0\u00a0\u00a0\u00a0\u00a0\u00a0\u00a0\u00a0\u00a0\u00a0\u00a0\u00a0\u00a0\u00a0\u00a0\u00a0\u00a0\u00a0\u00a0\u00a0\u00a0\u00a0\u00a0\u00a0\u00a0\u00a0\u00a0\u00a0\u00a0\u00a0\u00a0\u00a0\u00a0 \u2013 1999<\/p>\n<p>\u2013 Dyrektora NCK \u2013 wielokrotnie<\/p>\n<p>\u2013 Festiwalu Folkloru G\u00f3rali Polskich\u00a0\u00a0\u00a0\u00a0\u00a0\u00a0\u00a0\u00a0\u00a0\u00a0\u00a0\u00a0\u00a0\u00a0 \u00a0\u00a0\u00a0\u00a0\u00a0\u00a0\u00a0\u00a0\u00a0\u00a0\u00a0\u00a0\u00a0\u00a0\u00a0\u00a0\u00a0\u00a0\u00a0\u00a0\u00a0\u00a0\u00a0\u00a0\u00a0\u00a0\u00a0\u00a0\u00a0\u00a0\u2013 2008<\/p>\n<p>\u2013 Festiwalu \u201eZag\u0142\u0119bie i S\u0105siedzi\u201d w D\u0105browie G\u00f3rniczej\u00a0\u00a0\u00a0\u00a0\u00a0\u00a0\u00a0\u00a0\u00a0\u00a0\u00a0\u00a0\u00a0 \u2013 2009<\/p>\n","protected":false},"excerpt":{"rendered":"<p>Anna Lassak swoj\u0105 dzia\u0142alno\u015b\u0107 spo\u0142eczno-artystyczn\u0105 rozpocz\u0119\u0142a w 1964 r., kiedy to wst\u0105pi\u0142a do Mi\u0119dzyuczelnianego Zespo\u0142u G\u00f3ralskiego \u201eHyrni\u201d w Krakowie. Wiele wysi\u0142ku w\u0142o\u017cy\u0142a w po\u0142\u0105czenie dw\u00f3ch Studenckich Zespo\u0142\u00f3w G\u00f3ralskich \u201eHyrni\u201d i \u201eRegle\u201d w jeden pot\u0119\u017cny zesp\u00f3\u0142 \u201eSkalni\u201d, w kt\u00f3rym do ko\u0144ca 1978 r. by\u0142a aktywnym cz\u0142onkiem, spo\u0142ecznie ucz\u0105c ta\u0144ca i \u015bpiewu. Na pocz\u0105tku 1979 r., wsp\u00f3lnie [&hellip;]<\/p>\n","protected":false},"author":1,"featured_media":728,"parent":45,"menu_order":0,"comment_status":"open","ping_status":"open","template":"","meta":{"footnotes":""},"class_list":["post-56","page","type-page","status-publish","has-post-thumbnail","hentry"],"featured_image_src":"https:\/\/nck.krakow.pl\/zespol-goralski-hamernik\/wp-content\/uploads\/2015\/07\/52.jpg","featured_image_src_square":"https:\/\/nck.krakow.pl\/zespol-goralski-hamernik\/wp-content\/uploads\/2015\/07\/52.jpg","_links":{"self":[{"href":"https:\/\/nck.krakow.pl\/zespol-goralski-hamernik\/wp-json\/wp\/v2\/pages\/56"}],"collection":[{"href":"https:\/\/nck.krakow.pl\/zespol-goralski-hamernik\/wp-json\/wp\/v2\/pages"}],"about":[{"href":"https:\/\/nck.krakow.pl\/zespol-goralski-hamernik\/wp-json\/wp\/v2\/types\/page"}],"author":[{"embeddable":true,"href":"https:\/\/nck.krakow.pl\/zespol-goralski-hamernik\/wp-json\/wp\/v2\/users\/1"}],"replies":[{"embeddable":true,"href":"https:\/\/nck.krakow.pl\/zespol-goralski-hamernik\/wp-json\/wp\/v2\/comments?post=56"}],"version-history":[{"count":5,"href":"https:\/\/nck.krakow.pl\/zespol-goralski-hamernik\/wp-json\/wp\/v2\/pages\/56\/revisions"}],"predecessor-version":[{"id":936,"href":"https:\/\/nck.krakow.pl\/zespol-goralski-hamernik\/wp-json\/wp\/v2\/pages\/56\/revisions\/936"}],"up":[{"embeddable":true,"href":"https:\/\/nck.krakow.pl\/zespol-goralski-hamernik\/wp-json\/wp\/v2\/pages\/45"}],"wp:featuredmedia":[{"embeddable":true,"href":"https:\/\/nck.krakow.pl\/zespol-goralski-hamernik\/wp-json\/wp\/v2\/media\/728"}],"wp:attachment":[{"href":"https:\/\/nck.krakow.pl\/zespol-goralski-hamernik\/wp-json\/wp\/v2\/media?parent=56"}],"curies":[{"name":"wp","href":"https:\/\/api.w.org\/{rel}","templated":true}]}}