{"id":852,"date":"2016-08-31T07:51:11","date_gmt":"2016-08-31T07:51:11","guid":{"rendered":"http:\/\/zpitnowahuta.pl\/?page_id=852"},"modified":"2025-09-17T12:14:47","modified_gmt":"2025-09-17T12:14:47","slug":"nasze-wyjazdy","status":"publish","type":"page","link":"https:\/\/nck.krakow.pl\/nowahuta\/nasze-wyjazdy\/","title":{"rendered":"Nasze wyjazdy"},"content":{"rendered":"<p>1956<br \/>Czechos\u0142owacja<\/p>\n<p>1957<br \/>W\u0119gry<\/p>\n<p>1960<br \/>W\u0119gry<\/p>\n<p>1962<br \/>Mi\u0119dzynarodowy Festiwal Muzyki i Ta\u0144ca w Castletown \u2013 Wielka Brytania<\/p>\n<p>1964<br \/>Jugos\u0142awia<br \/>Niemcy (NRD)<\/p>\n<p>1965<br \/>W\u0119gry<\/p>\n<p>1966<br \/>Bu\u0142garia<\/p>\n<p>1967<br \/>Mi\u0119dzynarodowy Festiwal Folklorystyczny w Rzymie \u2013 W\u0142ochy<br \/>Mi\u0119dzynarodowy Festiwal Folklorystyczny w Padwie \u2013 W\u0142ochy<\/p>\n<p>1968<br \/>Rosja (ZSRR)<\/p>\n<p>1973<br \/>Bu\u0142garia<\/p>\n<p>1974<br \/>Niemcy (NRD)<\/p>\n<p>1976<br \/>Czechos\u0142owacja<\/p>\n<p>1977<br \/>Jugos\u0142awia<\/p>\n<p>1979<br \/>Jugos\u0142awia<\/p>\n<p>1983<br \/>Wielka Brytania<\/p>\n<p>1984<br \/>Grecja<\/p>\n<p>1985<br \/>Mi\u0119dzynarodowy Festiwal Amatorskiej Tw\u00f3rczo\u015bci Artystycznej w Berlinie, Dre\u017anie i Goerlitz \u2013 Niemcy (NRD)<br \/>Mi\u0119dzynarodowy Festiwal Amatorskiej Tw\u00f3rczo\u015bci Artystycznej w Usti \u2013 Czechos\u0142owacja<br \/>W\u0119gry<\/p>\n<p>1986<br \/>Niemcy<br \/>Jugos\u0142awia<\/p>\n<p>1987<br \/>Mi\u0119dzynarodowy Festiwal Folklorystyczny w Cheateau-Thierry \u2013 Francja<br \/>Niemcy<br \/>Francja<\/p>\n<p>1988<br \/>Jugos\u0142awia<br \/>Mi\u0119dzynarodowy Festiwal Folklorystyczny w Mons \u2013 Belgia<br \/>Mi\u0119dzynarodowy Festiwal Folklorystyczny w Malmedy \u2013 Belgia<br \/>Mi\u0119dzynarodowy Festiwal Folklorystyczny w La Louviere \u2013 Belgia<br \/>Mi\u0119dzynarodowy Festiwal Folklorystyczny w Tertre \u2013 Belgia<br \/>Mi\u0119dzynarodowy Festiwal Folklorystyczny w Floreffe \u2013 Belgia<br \/>Niemcy<br \/>Ukraina<br \/><a href=\"https:\/\/nck.krakow.pl\/nowahuta\/wielka-brytania-1988\/\">Wielka Brytania<\/a><\/p>\n<p>1989<br \/>Belgia<br \/>Niemcy<br \/>Ukraina<br \/>Ukraina<br \/>Niemcy<br \/>Mi\u0119dzynarodowy Festiwal Folklorystyczny w Ismailia \u2013 Egipt<\/p>\n<p>1990<br \/>Belgia<br \/>Niemcy<\/p>\n<p>1993<br \/>Rosja<br \/>Niemcy<\/p>\n<p>1995<br \/>Niemcy<br \/>Mi\u0119dzynarodowy Festiwal Folklorystyczny w Montignac \u2013 Francja<\/p>\n<p>1996<br \/>Mi\u0119dzynarodowy Festiwal Folklorystyczny w Enschede \u2013 Holandia<br \/>Mi\u0119dzynarodowy Festiwal Folklorystyczny w Warffum \u2013 Holandia<br \/>W\u0119gry<\/p>\n<p>1998<br \/>Mi\u0119dzynarodowy Festiwal Folklorystyczny w Villach \u2013 Austria<br \/>Mi\u0119dzynarodowy Festiwal Folklorystyczny w Furnitz-Faakersee \u2013 Austria<br \/>Mi\u0119dzynarodowy Festiwal Folklorystyczny w Klagenfurt \u2013 Austria<\/p>\n<p>1999<br \/>Mi\u0119dzynarodowy Festiwal Folklorystyczny w Tournai \u2013 Belgia<br \/>Francja<\/p>\n<p>2002<br \/>Mi\u0119dzynarodowy Festiwal Folklorystyczny w Portugalete \u2013 Bizkaia (Hiszpania)<br \/>Mi\u0119dzynarodowy Festiwal Folklorystyczny w Tudela \u2013 Bizkaia (Hiszpania)<br \/>Mi\u0119dzynarodowy Festiwal Folklorystyczny w Lasarte \u2013 Bizkaia (Hiszpania)<br \/>Mi\u0119dzynarodowy Festiwal Folklorystyczny w Getxo \u2013 Bizkaia (Hiszpania)<br \/>Mi\u0119dzynarodowy Festiwal Folklorystyczny w Erandio \u2013 Bizkaia (Hiszpania)<br \/>Mi\u0119dzynarodowy Festiwal Folklorystyczny w Hondarribia \u2013 Bizkaia (Hiszpania)<br \/>Mi\u0119dzynarodowy Festiwal Folklorystyczny w Areta \u2013 Bizkaia (Hiszpania)<br \/>Mi\u0119dzynarodowy Festiwal Folklorystyczny w Odoorn \u2013 Holandia<\/p>\n<p>2003<br \/>Austria<\/p>\n<p>2004<br \/><a href=\"https:\/\/nck.krakow.pl\/nowahuta\/miedzynarodowy-festiwal-folklorystyczny-paasfeesten-wielkanocny-w-leuven-belgia-2004\/\">Mi\u0119dzynarodowy Festiwal Folklorystyczny \u201ePaasfeesten\u201d w Leuven \u2013 Belgia<\/a><br \/>Mi\u0119dzynarodowy Festiwal Folklorystyczny w Ramnicu Valcea \u2013 Rumunia<\/p>\n<p>2005<br \/>Mi\u0119dzynarodowy Festiwal Folklorystyczny w Veliko Turnovo \u2013 Bu\u0142garia<br \/>Francja<\/p>\n<p>2006<br \/><a href=\"http:nck.krakow.pl\/nowahuta\/festiwal-dzieci-swiata-w-saint-maixent-lecole-francja-2006\/\">Mi\u0119dzynarodowy Festiwal Folklorystyczny ENFANTS du MONDE w Saint-Maixent-L\u2019Ecole \u2013 Francja<\/a><\/p>\n<p>2007<br \/><a href=\"http:nck.krakow.pl\/nowahuta\/miedzynarodowy-festiwal-folklorystyczny-folklorelawine-niemcy-2007\/\">Mi\u0119dzynarodowy Festiwal Folklorystyczny \u201eFolklorelawine\u201d w Lubenau \u2013 Niemcy<br \/><\/a><a href=\"http:nck.krakow.pl\/nowahuta\/miedzynarodowy-festiwal-folklorystyczny-folklorelawine-niemcy-2007\/\">Mi\u0119dzynarodowy Festiwal Folklorystyczny \u201eFolklorelawine\u201d w Guben \u2013 Niemcy<\/a><br \/><a href=\"http:nck.krakow.pl\/nowahuta\/miedzynarodowy-festiwal-folklorystyczny-folklorelawine-niemcy-2007\/\">Mi\u0119dzynarodowy Festiwal Folklorystyczny \u201eFolklorelawine\u201d w Burg \u2013 Niemcy<\/a><br \/><a href=\"http:nck.krakow.pl\/nowahuta\/miedzynarodowy-festiwal-folklorystyczny-w-coredo-wlochy-2007\/\">Mi\u0119dzynarodowy Festiwal Folklorystyczny TRENTINO MONDIAL FOLK w Coredo \u2013 W\u0142ochy<\/a><br \/><a href=\"http:nck.krakow.pl\/nowahuta\/miedzynarodowy-festiwal-folklorystyczny-w-burgas-bulgaria-2007\/\">Mi\u0119dzynarodowy Festiwal Folklorystyczny w Burgas \u2013 Bu\u0142aria<\/a><\/p>\n<p>2008<br \/><a href=\"http:nck.krakow.pl\/nowahuta\/miedzynarodowy-festiwal-folklorystyczny-w-gap-francja-2008\/\">Mi\u0119dzynarodowy Festiwal Folklorystyczny w Gap \u2013 Francja<\/a><\/p>\n<p>2009<br \/>S\u0142owacja<br \/><a href=\"http:nck.krakow.pl\/nowahuta\/miedzynarodowy-festiwal-folklorystyczny-argoncilhe-portugalia-2009\/\">Mi\u0119dzynarodowy Festiwal Folklorystyczny w Argoncilhe \u2013 Portugalia<\/a><br \/><a href=\"http:nck.krakow.pl\/nowahuta\/miedzynarodowy-festiwal-folklorystyczny-argoncilhe-portugalia-2009\/\">Mi\u0119dzynarodowy Festiwal Folklorystyczny w Agueda \u2013 Portugalia<\/a><br \/><a href=\"http:nck.krakow.pl\/nowahuta\/miedzynarodowy-festiwal-folklorystyczny-argoncilhe-portugalia-2009\/\">Mi\u0119dzynarodowy Festiwal Folklorystyczny w Alcanena \u2013 Portugalia<\/a><br \/><a href=\"http:nck.krakow.pl\/nowahuta\/miedzynarodowy-festiwal-folklorystyczny-argoncilhe-portugalia-2009\/\">Mi\u0119dzynarodowy Festiwal Folklorystyczny w Santa Eulalia-Vizela \u2013 Portugalia<\/a><br \/><a href=\"http:nck.krakow.pl\/nowahuta\/miedzynarodowy-festiwal-folklorystyczny-argoncilhe-portugalia-2009\/\">Mi\u0119dzynarodowy Festiwal Folklorystyczny w Bustelo \u2013 Portugalia<\/a><\/p>\n<p>2010<br \/><a href=\"http:nck.krakow.pl\/nowahuta\/miedzynarodowy-festiwal-folklorystyczny-ismailia-egipt-2010\/\">Mi\u0119dzynarodowy Festiwal Folklorystyczny w Ismailia \u2013 Egipt<\/a><\/p>\n<p>2011<br \/><a href=\"http:nck.krakow.pl\/nowahuta\/miedzynarodowy-festiwal-folklorystyczny-w-naoussa-grecja-2011\/\">Mi\u0119dzynarodowy Festiwal Folklorystyczny w Naoussa \u2013 Grecja<\/a><\/p>\n<p>2012<br \/><a href=\"http:nck.krakow.pl\/nowahuta\/7-miedzynarodowy-festiwal-kultury-i-sztuki-pistachio-gaziantep-turcja-2012\/\">7. Mi\u0119dzynarodowy Festiwal Kultury i Sztuki \u201ePistachio\u201d w Gaziantep \u2013 Turcja<\/a><\/p>\n<p>2013<br \/><a href=\"http:nck.krakow.pl\/nowahuta\/6-regionalny-festiwal-polska-jesien-donieck-ugledar-charkow-ukraina-2013\/\">6. Regionalny Festiwal \u201ePolska Jesie\u0144\u201d \u2013 Donieck, Ugledar, Chark\u00f3w \u2013 Ukraina<\/a><\/p>\n<p>2014<br \/><a href=\"http:nck.krakow.pl\/nowahuta\/miedzynarodowe-festiwale-folklorystyczne-w-castiglione-del-lago-i-giove-wlochy\/\">Mi\u0119dzynarodowy Festiwal Folklorystyczny \u2013 Castiliogne del Lago \u2013 W\u0142ochy<\/a><\/p>\n<p>2015<br \/><a href=\"http:nck.krakow.pl\/nowahuta\/miedzynarodowy-konkursowy-festiwal-folklorystyczny-the-flower-of-the-sun-szawle-siauliai-litwa\/\">6. Mi\u0119dzynarodowy Konkursowy Festiwal Folklorystyczny \u201eThe Flower of the Sun\u201d \u2013 Szawle (\u0160iauliai) \u2013 Litwa<\/a><\/p>\n<p>2016<br \/><a href=\"http:nck.krakow.pl\/nowahuta\/miedzynarodowy-festiwal-folklorystyczny-octodure-fifo-w-martigny-szwajcaria\/\">Mi\u0119dzynarodowy Festiwal Folklorystyczny O\u2019Ctodure FIFO w Martigny \u2013 Szwajcaria<\/a><\/p>\n<p>2018<br \/><a href=\"https:\/\/nck.krakow.pl\/nowahuta\/miedzynarodowy-festiwal-folklorystyczny-folk-cantanhede\/\" target=\"_blank\" rel=\"noopener\">Mi\u0119dzynarodowy Festiwal Folklorystyczny FOLK CANTANHEDE &#8211; Portugalia<\/a><\/p>\n<p>2019<br \/><a href=\"https:\/\/nck.krakow.pl\/nowahuta\/xxv-miedzynarodowy-festiwal-folklorystyczny-voru-parimustantsu-festival-w-estonii\/\">Mi\u0119dzynarodowy Festiwal Folklorystyczny V\u00f5ru P\u00e4rimustantsu Festival w Estonii<\/a><\/p>\n<p>2021<br \/>Mi\u0119dzynarodowym Festiwalu Folklorystycznym w Peru \u2013 rekomendacja CIOFF (online)<\/p>\n<p>2022<br \/><a href=\"https:\/\/nck.krakow.pl\/nowahuta\/zespol-piesni-i-tanca-nowa-huta-na-52-miedzynarodowym-festiwalu-folklorystycznym-ilinden-days-w-bitoli-macedonia-polnocna\/\">Mi\u0119dzynarodowy Festiwal Folklorystyczny \u201eIlinden Days\u201d Bitola w Macedonii P\u00f3\u0142nocnej<\/a><br \/>Mi\u0119dzynarodowy Festiwal \u201eSprak og Kulturfestivalen\u201d Trondheim w Norwegii<\/p>\n<p>2023<br \/><a href=\"https:\/\/nck.krakow.pl\/nowahuta\/zespol-piesni-i-tanca-nowa-huta-na-miedzynarodowym-festiwalu-folklorystycznym-raizes-folk-fest-w-cernache-do-bonjardim-w-portugalii\/\">Mi\u0119dzynarodowy Festiwal Folklorystyczny \u201eRaizes Folk Fest\u201d w Cernache do Bonjardim w Portugalii<\/a><\/p>\n<p>2024<br \/><a href=\"https:\/\/nck.krakow.pl\/nowahuta\/zespol-piesni-i-tanca-nowa-huta-na-miedzynarodowym-festiwalu-folklorystycznym-w-serbii\/\">Mi\u0119dzynarodowy Festiwal Folklorystyczny w Serbii<\/a><\/p>\n<p>2025<br \/><a href=\"https:\/\/nck.krakow.pl\/nowahuta\/zespol-piesni-i-tanca-nowa-huta-na-miedzynarodowym-festiwalu-tanca-ludowego-w-nikozji\/\">Mi\u0119dzynarodowy Festiwal Folklorystyczny w Nikozji (Cypr P\u00f3\u0142nocny)<\/a><\/p>\n\n\n<p><\/p>\n","protected":false},"excerpt":{"rendered":"<p>1956Czechos\u0142owacja 1957W\u0119gry 1960W\u0119gry 1962Mi\u0119dzynarodowy Festiwal Muzyki i Ta\u0144ca w Castletown \u2013 Wielka Brytania 1964Jugos\u0142awiaNiemcy (NRD) 1965W\u0119gry 1966Bu\u0142garia 1967Mi\u0119dzynarodowy Festiwal Folklorystyczny w Rzymie \u2013 W\u0142ochyMi\u0119dzynarodowy Festiwal Folklorystyczny w Padwie \u2013 W\u0142ochy 1968Rosja (ZSRR) 1973Bu\u0142garia 1974Niemcy (NRD) 1976Czechos\u0142owacja 1977Jugos\u0142awia 1979Jugos\u0142awia 1983Wielka Brytania 1984Grecja 1985Mi\u0119dzynarodowy Festiwal Amatorskiej Tw\u00f3rczo\u015bci Artystycznej w Berlinie, Dre\u017anie i Goerlitz \u2013 Niemcy (NRD)Mi\u0119dzynarodowy Festiwal [&hellip;]<\/p>\n","protected":false},"author":1,"featured_media":0,"parent":0,"menu_order":0,"comment_status":"closed","ping_status":"closed","template":"","meta":{"footnotes":""},"class_list":["post-852","page","type-page","status-publish","hentry"],"_links":{"self":[{"href":"https:\/\/nck.krakow.pl\/nowahuta\/wp-json\/wp\/v2\/pages\/852"}],"collection":[{"href":"https:\/\/nck.krakow.pl\/nowahuta\/wp-json\/wp\/v2\/pages"}],"about":[{"href":"https:\/\/nck.krakow.pl\/nowahuta\/wp-json\/wp\/v2\/types\/page"}],"author":[{"embeddable":true,"href":"https:\/\/nck.krakow.pl\/nowahuta\/wp-json\/wp\/v2\/users\/1"}],"replies":[{"embeddable":true,"href":"https:\/\/nck.krakow.pl\/nowahuta\/wp-json\/wp\/v2\/comments?post=852"}],"version-history":[{"count":15,"href":"https:\/\/nck.krakow.pl\/nowahuta\/wp-json\/wp\/v2\/pages\/852\/revisions"}],"predecessor-version":[{"id":2800,"href":"https:\/\/nck.krakow.pl\/nowahuta\/wp-json\/wp\/v2\/pages\/852\/revisions\/2800"}],"wp:attachment":[{"href":"https:\/\/nck.krakow.pl\/nowahuta\/wp-json\/wp\/v2\/media?parent=852"}],"curies":[{"name":"wp","href":"https:\/\/api.w.org\/{rel}","templated":true}]}}