{"id":772,"date":"2016-07-01T08:36:49","date_gmt":"2016-07-01T08:36:49","guid":{"rendered":"http:\/\/zpitnowahuta.pl\/?page_id=772"},"modified":"2025-08-11T12:50:19","modified_gmt":"2025-08-11T12:50:19","slug":"grupa-mlodziezowa","status":"publish","type":"page","link":"https:\/\/nck.krakow.pl\/nowahuta\/o-nas\/grupy\/grupa-mlodziezowa\/","title":{"rendered":"Grupa m\u0142odzie\u017cowa"},"content":{"rendered":"<p><strong>Grupa m\u0142odzie\u017cowa<\/strong><\/p>\n<p>Grup\u0119 tworzy m\u0142odzie\u017c ze szk\u00f3\u0142 ponadpodstawowych. Program artystyczny prezentowany<\/p>\n<p>przez grup\u0119 obrazuje i propaguje pi\u0119kno polskiej kultury ludowej i narodowej. W swoim repertuarze posiada pie\u015bni i\u00a0ta\u0144ce r\u00f3\u017cnych region\u00f3w kraju. Zaj\u0119cia maj\u0105 charakter og\u00f3lnorozwojowy i rozwijaj\u0105 u m\u0142odzie\u017cy wra\u017cliwo\u015b\u0107 artystyczn\u0105, wi\u0105\u017c\u0105c proces rozwoju fizycznego z poznaniem kultury narodowej. Grupa regularnie uczestniczy w wielu znacz\u0105cych festiwalach i konkursach.<\/p>\n<p><strong>Instruktorzy: <\/strong><\/p>\n<p>opieka artystyczna \u2013 Sabina Szybka<\/p>\n<p>przygotowanie taneczne grupy \u2013 Alicja \u015aliwa<\/p>\n<p>technika ta\u0144ca klasycznego \u2013 Tomasz Szaro<\/p>\n<p>przygotowanie wokalne \u2013 Andrzej Cebulak<\/p>\n<p>akompaniament \u2013 Krystyna Stala<\/p>\n<p><strong>HARMONOGRAM ZAJ\u0118\u0106 W SEZONIE 2025\/2026:<\/strong><\/p>\n<p><strong>poniedzia\u0142ek 18.30 &#8211; 20.30, sala 206<\/strong><\/p>\n<p><strong>czwartek 18.30 \u2013 20.30, sala 208<\/strong><\/p>\n<div id='gallery-1' class='gallery galleryid-772 gallery-columns-3 gallery-size-large'><figure class='gallery-item'>\n\t\t\t<div class='gallery-icon landscape'>\n\t\t\t\t<a href='https:\/\/nck.krakow.pl\/nowahuta\/wp-content\/uploads\/2024\/10\/Tance-Beskidy-Slaskiego.jpg'><img loading=\"lazy\" decoding=\"async\" width=\"768\" height=\"432\" src=\"https:\/\/nck.krakow.pl\/nowahuta\/wp-content\/uploads\/2024\/10\/Tance-Beskidy-Slaskiego-1920x1080.jpg\" class=\"attachment-large size-large\" alt=\"\" aria-describedby=\"gallery-1-2631\" srcset=\"https:\/\/nck.krakow.pl\/nowahuta\/wp-content\/uploads\/2024\/10\/Tance-Beskidy-Slaskiego-1920x1080.jpg 1920w, https:\/\/nck.krakow.pl\/nowahuta\/wp-content\/uploads\/2024\/10\/Tance-Beskidy-Slaskiego-500x281.jpg 500w, https:\/\/nck.krakow.pl\/nowahuta\/wp-content\/uploads\/2024\/10\/Tance-Beskidy-Slaskiego-1536x863.jpg 1536w, https:\/\/nck.krakow.pl\/nowahuta\/wp-content\/uploads\/2024\/10\/Tance-Beskidy-Slaskiego.jpg 2048w\" sizes=\"(max-width: 768px) 100vw, 768px\" \/><\/a>\n\t\t\t<\/div>\n\t\t\t\t<figcaption class='wp-caption-text gallery-caption' id='gallery-1-2631'>\n\t\t\t\tTa\u0144ce Beskidu \u015al\u0105skiego\n\t\t\t\t<\/figcaption><\/figure><figure class='gallery-item'>\n\t\t\t<div class='gallery-icon landscape'>\n\t\t\t\t<a href='https:\/\/nck.krakow.pl\/nowahuta\/wp-content\/uploads\/2024\/10\/Tance-lubelskie.jpg'><img loading=\"lazy\" decoding=\"async\" width=\"768\" height=\"432\" src=\"https:\/\/nck.krakow.pl\/nowahuta\/wp-content\/uploads\/2024\/10\/Tance-lubelskie-1920x1080.jpg\" class=\"attachment-large size-large\" alt=\"\" aria-describedby=\"gallery-1-2632\" srcset=\"https:\/\/nck.krakow.pl\/nowahuta\/wp-content\/uploads\/2024\/10\/Tance-lubelskie-1920x1080.jpg 1920w, https:\/\/nck.krakow.pl\/nowahuta\/wp-content\/uploads\/2024\/10\/Tance-lubelskie-500x281.jpg 500w, https:\/\/nck.krakow.pl\/nowahuta\/wp-content\/uploads\/2024\/10\/Tance-lubelskie-1536x864.jpg 1536w, https:\/\/nck.krakow.pl\/nowahuta\/wp-content\/uploads\/2024\/10\/Tance-lubelskie.jpg 2048w\" sizes=\"(max-width: 768px) 100vw, 768px\" \/><\/a>\n\t\t\t<\/div>\n\t\t\t\t<figcaption class='wp-caption-text gallery-caption' id='gallery-1-2632'>\n\t\t\t\tTa\u0144ce lubelskie\n\t\t\t\t<\/figcaption><\/figure><figure class='gallery-item'>\n\t\t\t<div class='gallery-icon landscape'>\n\t\t\t\t<a href='https:\/\/nck.krakow.pl\/nowahuta\/wp-content\/uploads\/2024\/10\/Tance-lubelskie_2.jpg'><img loading=\"lazy\" decoding=\"async\" width=\"768\" height=\"432\" src=\"https:\/\/nck.krakow.pl\/nowahuta\/wp-content\/uploads\/2024\/10\/Tance-lubelskie_2-1920x1080.jpg\" class=\"attachment-large size-large\" alt=\"\" aria-describedby=\"gallery-1-2633\" srcset=\"https:\/\/nck.krakow.pl\/nowahuta\/wp-content\/uploads\/2024\/10\/Tance-lubelskie_2-1920x1080.jpg 1920w, https:\/\/nck.krakow.pl\/nowahuta\/wp-content\/uploads\/2024\/10\/Tance-lubelskie_2-500x281.jpg 500w, https:\/\/nck.krakow.pl\/nowahuta\/wp-content\/uploads\/2024\/10\/Tance-lubelskie_2-1536x864.jpg 1536w, https:\/\/nck.krakow.pl\/nowahuta\/wp-content\/uploads\/2024\/10\/Tance-lubelskie_2.jpg 2048w\" sizes=\"(max-width: 768px) 100vw, 768px\" \/><\/a>\n\t\t\t<\/div>\n\t\t\t\t<figcaption class='wp-caption-text gallery-caption' id='gallery-1-2633'>\n\t\t\t\tTa\u0144ce lubelskie\n\t\t\t\t<\/figcaption><\/figure><figure class='gallery-item'>\n\t\t\t<div class='gallery-icon landscape'>\n\t\t\t\t<a href='https:\/\/nck.krakow.pl\/nowahuta\/wp-content\/uploads\/2024\/10\/Tance-lubelskie_3.jpg'><img loading=\"lazy\" decoding=\"async\" width=\"768\" height=\"432\" src=\"https:\/\/nck.krakow.pl\/nowahuta\/wp-content\/uploads\/2024\/10\/Tance-lubelskie_3-1920x1080.jpg\" class=\"attachment-large size-large\" alt=\"\" aria-describedby=\"gallery-1-2634\" srcset=\"https:\/\/nck.krakow.pl\/nowahuta\/wp-content\/uploads\/2024\/10\/Tance-lubelskie_3-1920x1080.jpg 1920w, https:\/\/nck.krakow.pl\/nowahuta\/wp-content\/uploads\/2024\/10\/Tance-lubelskie_3-500x281.jpg 500w, https:\/\/nck.krakow.pl\/nowahuta\/wp-content\/uploads\/2024\/10\/Tance-lubelskie_3-1536x864.jpg 1536w, https:\/\/nck.krakow.pl\/nowahuta\/wp-content\/uploads\/2024\/10\/Tance-lubelskie_3.jpg 2048w\" sizes=\"(max-width: 768px) 100vw, 768px\" \/><\/a>\n\t\t\t<\/div>\n\t\t\t\t<figcaption class='wp-caption-text gallery-caption' id='gallery-1-2634'>\n\t\t\t\tTa\u0144ce lubelskie\n\t\t\t\t<\/figcaption><\/figure><figure class='gallery-item'>\n\t\t\t<div class='gallery-icon landscape'>\n\t\t\t\t<a href='https:\/\/nck.krakow.pl\/nowahuta\/wp-content\/uploads\/2024\/10\/Tance-lowickie.jpg'><img loading=\"lazy\" decoding=\"async\" width=\"768\" height=\"432\" src=\"https:\/\/nck.krakow.pl\/nowahuta\/wp-content\/uploads\/2024\/10\/Tance-lowickie-1920x1080.jpg\" class=\"attachment-large size-large\" alt=\"\" aria-describedby=\"gallery-1-2635\" srcset=\"https:\/\/nck.krakow.pl\/nowahuta\/wp-content\/uploads\/2024\/10\/Tance-lowickie-1920x1080.jpg 1920w, https:\/\/nck.krakow.pl\/nowahuta\/wp-content\/uploads\/2024\/10\/Tance-lowickie-500x281.jpg 500w, https:\/\/nck.krakow.pl\/nowahuta\/wp-content\/uploads\/2024\/10\/Tance-lowickie-1536x864.jpg 1536w, https:\/\/nck.krakow.pl\/nowahuta\/wp-content\/uploads\/2024\/10\/Tance-lowickie.jpg 2048w\" sizes=\"(max-width: 768px) 100vw, 768px\" \/><\/a>\n\t\t\t<\/div>\n\t\t\t\t<figcaption class='wp-caption-text gallery-caption' id='gallery-1-2635'>\n\t\t\t\tTa\u0144ce \u0142owickie\n\t\t\t\t<\/figcaption><\/figure><figure class='gallery-item'>\n\t\t\t<div class='gallery-icon landscape'>\n\t\t\t\t<a href='https:\/\/nck.krakow.pl\/nowahuta\/wp-content\/uploads\/2024\/10\/Tance-lowickie_2.jpg'><img loading=\"lazy\" decoding=\"async\" width=\"768\" height=\"432\" src=\"https:\/\/nck.krakow.pl\/nowahuta\/wp-content\/uploads\/2024\/10\/Tance-lowickie_2-1920x1080.jpg\" class=\"attachment-large size-large\" alt=\"\" aria-describedby=\"gallery-1-2636\" srcset=\"https:\/\/nck.krakow.pl\/nowahuta\/wp-content\/uploads\/2024\/10\/Tance-lowickie_2-1920x1080.jpg 1920w, https:\/\/nck.krakow.pl\/nowahuta\/wp-content\/uploads\/2024\/10\/Tance-lowickie_2-500x281.jpg 500w, https:\/\/nck.krakow.pl\/nowahuta\/wp-content\/uploads\/2024\/10\/Tance-lowickie_2-1536x864.jpg 1536w, https:\/\/nck.krakow.pl\/nowahuta\/wp-content\/uploads\/2024\/10\/Tance-lowickie_2.jpg 2048w\" sizes=\"(max-width: 768px) 100vw, 768px\" \/><\/a>\n\t\t\t<\/div>\n\t\t\t\t<figcaption class='wp-caption-text gallery-caption' id='gallery-1-2636'>\n\t\t\t\tTa\u0144ce \u0142owickie\n\t\t\t\t<\/figcaption><\/figure><figure class='gallery-item'>\n\t\t\t<div class='gallery-icon landscape'>\n\t\t\t\t<a href='https:\/\/nck.krakow.pl\/nowahuta\/wp-content\/uploads\/2024\/10\/Tance-zaborowskie.jpg'><img loading=\"lazy\" decoding=\"async\" width=\"768\" height=\"432\" src=\"https:\/\/nck.krakow.pl\/nowahuta\/wp-content\/uploads\/2024\/10\/Tance-zaborowskie-1920x1080.jpg\" class=\"attachment-large size-large\" alt=\"\" aria-describedby=\"gallery-1-2637\" srcset=\"https:\/\/nck.krakow.pl\/nowahuta\/wp-content\/uploads\/2024\/10\/Tance-zaborowskie-1920x1080.jpg 1920w, https:\/\/nck.krakow.pl\/nowahuta\/wp-content\/uploads\/2024\/10\/Tance-zaborowskie-500x281.jpg 500w, https:\/\/nck.krakow.pl\/nowahuta\/wp-content\/uploads\/2024\/10\/Tance-zaborowskie-1536x863.jpg 1536w, https:\/\/nck.krakow.pl\/nowahuta\/wp-content\/uploads\/2024\/10\/Tance-zaborowskie.jpg 2048w\" sizes=\"(max-width: 768px) 100vw, 768px\" \/><\/a>\n\t\t\t<\/div>\n\t\t\t\t<figcaption class='wp-caption-text gallery-caption' id='gallery-1-2637'>\n\t\t\t\tTa\u0144ce zaborowskie\n\t\t\t\t<\/figcaption><\/figure><figure class='gallery-item'>\n\t\t\t<div class='gallery-icon landscape'>\n\t\t\t\t<a href='https:\/\/nck.krakow.pl\/nowahuta\/wp-content\/uploads\/2024\/10\/Tance-zaborowskie_2.jpg'><img loading=\"lazy\" decoding=\"async\" width=\"768\" height=\"432\" src=\"https:\/\/nck.krakow.pl\/nowahuta\/wp-content\/uploads\/2024\/10\/Tance-zaborowskie_2-1920x1080.jpg\" class=\"attachment-large size-large\" alt=\"\" aria-describedby=\"gallery-1-2638\" srcset=\"https:\/\/nck.krakow.pl\/nowahuta\/wp-content\/uploads\/2024\/10\/Tance-zaborowskie_2-1920x1080.jpg 1920w, https:\/\/nck.krakow.pl\/nowahuta\/wp-content\/uploads\/2024\/10\/Tance-zaborowskie_2-500x281.jpg 500w, https:\/\/nck.krakow.pl\/nowahuta\/wp-content\/uploads\/2024\/10\/Tance-zaborowskie_2-1536x864.jpg 1536w, https:\/\/nck.krakow.pl\/nowahuta\/wp-content\/uploads\/2024\/10\/Tance-zaborowskie_2.jpg 2048w\" sizes=\"(max-width: 768px) 100vw, 768px\" \/><\/a>\n\t\t\t<\/div>\n\t\t\t\t<figcaption class='wp-caption-text gallery-caption' id='gallery-1-2638'>\n\t\t\t\tTa\u0144ce zaborowskie\n\t\t\t\t<\/figcaption><\/figure>\n\t\t<\/div>\n\n","protected":false},"excerpt":{"rendered":"<p>Grupa m\u0142odzie\u017cowa Grup\u0119 tworzy m\u0142odzie\u017c ze szk\u00f3\u0142 ponadpodstawowych. Program artystyczny prezentowany przez grup\u0119 obrazuje i propaguje pi\u0119kno polskiej kultury ludowej i narodowej. W swoim repertuarze posiada pie\u015bni i\u00a0ta\u0144ce r\u00f3\u017cnych region\u00f3w kraju. Zaj\u0119cia maj\u0105 charakter og\u00f3lnorozwojowy i rozwijaj\u0105 u m\u0142odzie\u017cy wra\u017cliwo\u015b\u0107 artystyczn\u0105, wi\u0105\u017c\u0105c proces rozwoju fizycznego z poznaniem kultury narodowej. Grupa regularnie uczestniczy w wielu znacz\u0105cych [&hellip;]<\/p>\n","protected":false},"author":1,"featured_media":0,"parent":768,"menu_order":0,"comment_status":"closed","ping_status":"closed","template":"","meta":{"footnotes":""},"class_list":["post-772","page","type-page","status-publish","hentry"],"_links":{"self":[{"href":"https:\/\/nck.krakow.pl\/nowahuta\/wp-json\/wp\/v2\/pages\/772"}],"collection":[{"href":"https:\/\/nck.krakow.pl\/nowahuta\/wp-json\/wp\/v2\/pages"}],"about":[{"href":"https:\/\/nck.krakow.pl\/nowahuta\/wp-json\/wp\/v2\/types\/page"}],"author":[{"embeddable":true,"href":"https:\/\/nck.krakow.pl\/nowahuta\/wp-json\/wp\/v2\/users\/1"}],"replies":[{"embeddable":true,"href":"https:\/\/nck.krakow.pl\/nowahuta\/wp-json\/wp\/v2\/comments?post=772"}],"version-history":[{"count":13,"href":"https:\/\/nck.krakow.pl\/nowahuta\/wp-json\/wp\/v2\/pages\/772\/revisions"}],"predecessor-version":[{"id":2762,"href":"https:\/\/nck.krakow.pl\/nowahuta\/wp-json\/wp\/v2\/pages\/772\/revisions\/2762"}],"up":[{"embeddable":true,"href":"https:\/\/nck.krakow.pl\/nowahuta\/wp-json\/wp\/v2\/pages\/768"}],"wp:attachment":[{"href":"https:\/\/nck.krakow.pl\/nowahuta\/wp-json\/wp\/v2\/media?parent=772"}],"curies":[{"name":"wp","href":"https:\/\/api.w.org\/{rel}","templated":true}]}}