{"id":701,"date":"2016-06-17T11:19:09","date_gmt":"2016-06-17T11:19:09","guid":{"rendered":"http:\/\/zpitnowahuta.pl\/?page_id=701"},"modified":"2024-10-16T13:54:19","modified_gmt":"2024-10-16T13:54:19","slug":"sad-kolezenski","status":"publish","type":"page","link":"https:\/\/nck.krakow.pl\/nowahuta\/stowarzyszenie-bylych-czlonkow-zespolu-piesni-i-tanca-nowa-huta\/sad-kolezenski\/","title":{"rendered":"S\u0105d Kole\u017ce\u0144ski"},"content":{"rendered":"\n<figure class=\"wp-block-image size-full\"><img loading=\"lazy\" decoding=\"async\" width=\"1010\" height=\"581\" src=\"https:\/\/nck.krakow.pl\/nowahuta\/wp-content\/uploads\/2024\/10\/sad_kolezenski.jpg\" alt=\"\" class=\"wp-image-2629\" srcset=\"https:\/\/nck.krakow.pl\/nowahuta\/wp-content\/uploads\/2024\/10\/sad_kolezenski.jpg 1010w, https:\/\/nck.krakow.pl\/nowahuta\/wp-content\/uploads\/2024\/10\/sad_kolezenski-500x288.jpg 500w\" sizes=\"(max-width: 1010px) 100vw, 1010px\" \/><\/figure>\n","protected":false},"excerpt":{"rendered":"","protected":false},"author":1,"featured_media":0,"parent":671,"menu_order":0,"comment_status":"closed","ping_status":"closed","template":"","meta":{"footnotes":""},"class_list":["post-701","page","type-page","status-publish","hentry"],"_links":{"self":[{"href":"https:\/\/nck.krakow.pl\/nowahuta\/wp-json\/wp\/v2\/pages\/701"}],"collection":[{"href":"https:\/\/nck.krakow.pl\/nowahuta\/wp-json\/wp\/v2\/pages"}],"about":[{"href":"https:\/\/nck.krakow.pl\/nowahuta\/wp-json\/wp\/v2\/types\/page"}],"author":[{"embeddable":true,"href":"https:\/\/nck.krakow.pl\/nowahuta\/wp-json\/wp\/v2\/users\/1"}],"replies":[{"embeddable":true,"href":"https:\/\/nck.krakow.pl\/nowahuta\/wp-json\/wp\/v2\/comments?post=701"}],"version-history":[{"count":10,"href":"https:\/\/nck.krakow.pl\/nowahuta\/wp-json\/wp\/v2\/pages\/701\/revisions"}],"predecessor-version":[{"id":2630,"href":"https:\/\/nck.krakow.pl\/nowahuta\/wp-json\/wp\/v2\/pages\/701\/revisions\/2630"}],"up":[{"embeddable":true,"href":"https:\/\/nck.krakow.pl\/nowahuta\/wp-json\/wp\/v2\/pages\/671"}],"wp:attachment":[{"href":"https:\/\/nck.krakow.pl\/nowahuta\/wp-json\/wp\/v2\/media?parent=701"}],"curies":[{"name":"wp","href":"https:\/\/api.w.org\/{rel}","templated":true}]}}