{"id":674,"date":"2016-06-17T10:55:44","date_gmt":"2016-06-17T10:55:44","guid":{"rendered":"http:\/\/zpitnowahuta.pl\/?page_id=674"},"modified":"2022-11-10T07:41:35","modified_gmt":"2022-11-10T07:41:35","slug":"nasze-stroje","status":"publish","type":"page","link":"https:\/\/nck.krakow.pl\/nowahuta\/nasze-stroje\/","title":{"rendered":"Nasze stroje"},"content":{"rendered":"<div id='gallery-1' class='gallery galleryid-674 gallery-columns-3 gallery-size-full'><figure class='gallery-item'>\n\t\t\t<div class='gallery-icon portrait'>\n\t\t\t\t<a href='https:\/\/nck.krakow.pl\/nowahuta\/wp-content\/uploads\/2022\/11\/stroj-cieszynski-scaled.jpg'><img loading=\"lazy\" decoding=\"async\" width=\"1706\" height=\"2560\" src=\"https:\/\/nck.krakow.pl\/nowahuta\/wp-content\/uploads\/2022\/11\/stroj-cieszynski-scaled.jpg\" class=\"attachment-full size-full\" alt=\"\" aria-describedby=\"gallery-1-2368\" srcset=\"https:\/\/nck.krakow.pl\/nowahuta\/wp-content\/uploads\/2022\/11\/stroj-cieszynski-scaled.jpg 1706w, https:\/\/nck.krakow.pl\/nowahuta\/wp-content\/uploads\/2022\/11\/stroj-cieszynski-333x500.jpg 333w, https:\/\/nck.krakow.pl\/nowahuta\/wp-content\/uploads\/2022\/11\/stroj-cieszynski-720x1080.jpg 720w, https:\/\/nck.krakow.pl\/nowahuta\/wp-content\/uploads\/2022\/11\/stroj-cieszynski-1024x1536.jpg 1024w, https:\/\/nck.krakow.pl\/nowahuta\/wp-content\/uploads\/2022\/11\/stroj-cieszynski-1365x2048.jpg 1365w\" sizes=\"(max-width: 1706px) 100vw, 1706px\" \/><\/a>\n\t\t\t<\/div>\n\t\t\t\t<figcaption class='wp-caption-text gallery-caption' id='gallery-1-2368'>\n\t\t\t\tstr\u00f3j cieszy\u0144ski\n\t\t\t\t<\/figcaption><\/figure><figure class='gallery-item'>\n\t\t\t<div class='gallery-icon portrait'>\n\t\t\t\t<a href='https:\/\/nck.krakow.pl\/nowahuta\/wp-content\/uploads\/2022\/11\/stroj-gorali-slaskich-\u2014-kopia-scaled.jpg'><img loading=\"lazy\" decoding=\"async\" width=\"1706\" height=\"2560\" src=\"https:\/\/nck.krakow.pl\/nowahuta\/wp-content\/uploads\/2022\/11\/stroj-gorali-slaskich-\u2014-kopia-scaled.jpg\" class=\"attachment-full size-full\" alt=\"\" aria-describedby=\"gallery-1-2369\" srcset=\"https:\/\/nck.krakow.pl\/nowahuta\/wp-content\/uploads\/2022\/11\/stroj-gorali-slaskich-\u2014-kopia-scaled.jpg 1706w, https:\/\/nck.krakow.pl\/nowahuta\/wp-content\/uploads\/2022\/11\/stroj-gorali-slaskich-\u2014-kopia-333x500.jpg 333w, https:\/\/nck.krakow.pl\/nowahuta\/wp-content\/uploads\/2022\/11\/stroj-gorali-slaskich-\u2014-kopia-720x1080.jpg 720w, https:\/\/nck.krakow.pl\/nowahuta\/wp-content\/uploads\/2022\/11\/stroj-gorali-slaskich-\u2014-kopia-1024x1536.jpg 1024w, https:\/\/nck.krakow.pl\/nowahuta\/wp-content\/uploads\/2022\/11\/stroj-gorali-slaskich-\u2014-kopia-1365x2048.jpg 1365w\" sizes=\"(max-width: 1706px) 100vw, 1706px\" \/><\/a>\n\t\t\t<\/div>\n\t\t\t\t<figcaption class='wp-caption-text gallery-caption' id='gallery-1-2369'>\n\t\t\t\tstr\u00f3j g\u00f3rali \u015bl\u0105skich\n\t\t\t\t<\/figcaption><\/figure><figure class='gallery-item'>\n\t\t\t<div class='gallery-icon portrait'>\n\t\t\t\t<a href='https:\/\/nck.krakow.pl\/nowahuta\/wp-content\/uploads\/2022\/11\/stroj-gorali-zywieckich-\u2014-kopia-scaled.jpg'><img loading=\"lazy\" decoding=\"async\" width=\"1706\" height=\"2560\" src=\"https:\/\/nck.krakow.pl\/nowahuta\/wp-content\/uploads\/2022\/11\/stroj-gorali-zywieckich-\u2014-kopia-scaled.jpg\" class=\"attachment-full size-full\" alt=\"\" aria-describedby=\"gallery-1-2370\" srcset=\"https:\/\/nck.krakow.pl\/nowahuta\/wp-content\/uploads\/2022\/11\/stroj-gorali-zywieckich-\u2014-kopia-scaled.jpg 1706w, https:\/\/nck.krakow.pl\/nowahuta\/wp-content\/uploads\/2022\/11\/stroj-gorali-zywieckich-\u2014-kopia-333x500.jpg 333w, https:\/\/nck.krakow.pl\/nowahuta\/wp-content\/uploads\/2022\/11\/stroj-gorali-zywieckich-\u2014-kopia-720x1080.jpg 720w, https:\/\/nck.krakow.pl\/nowahuta\/wp-content\/uploads\/2022\/11\/stroj-gorali-zywieckich-\u2014-kopia-1024x1536.jpg 1024w, https:\/\/nck.krakow.pl\/nowahuta\/wp-content\/uploads\/2022\/11\/stroj-gorali-zywieckich-\u2014-kopia-1365x2048.jpg 1365w\" sizes=\"(max-width: 1706px) 100vw, 1706px\" \/><\/a>\n\t\t\t<\/div>\n\t\t\t\t<figcaption class='wp-caption-text gallery-caption' id='gallery-1-2370'>\n\t\t\t\tstr\u00f3j g\u00f3rali \u017cywieckich\n\t\t\t\t<\/figcaption><\/figure><figure class='gallery-item'>\n\t\t\t<div class='gallery-icon portrait'>\n\t\t\t\t<a href='https:\/\/nck.krakow.pl\/nowahuta\/wp-content\/uploads\/2022\/11\/stroj-kaszubski-\u2014-kopia-scaled.jpg'><img loading=\"lazy\" decoding=\"async\" width=\"1706\" height=\"2560\" src=\"https:\/\/nck.krakow.pl\/nowahuta\/wp-content\/uploads\/2022\/11\/stroj-kaszubski-\u2014-kopia-scaled.jpg\" class=\"attachment-full size-full\" alt=\"\" aria-describedby=\"gallery-1-2371\" srcset=\"https:\/\/nck.krakow.pl\/nowahuta\/wp-content\/uploads\/2022\/11\/stroj-kaszubski-\u2014-kopia-scaled.jpg 1706w, https:\/\/nck.krakow.pl\/nowahuta\/wp-content\/uploads\/2022\/11\/stroj-kaszubski-\u2014-kopia-333x500.jpg 333w, https:\/\/nck.krakow.pl\/nowahuta\/wp-content\/uploads\/2022\/11\/stroj-kaszubski-\u2014-kopia-720x1080.jpg 720w, https:\/\/nck.krakow.pl\/nowahuta\/wp-content\/uploads\/2022\/11\/stroj-kaszubski-\u2014-kopia-1024x1536.jpg 1024w, https:\/\/nck.krakow.pl\/nowahuta\/wp-content\/uploads\/2022\/11\/stroj-kaszubski-\u2014-kopia-1365x2048.jpg 1365w\" sizes=\"(max-width: 1706px) 100vw, 1706px\" \/><\/a>\n\t\t\t<\/div>\n\t\t\t\t<figcaption class='wp-caption-text gallery-caption' id='gallery-1-2371'>\n\t\t\t\tstr\u00f3j kaszubski\n\t\t\t\t<\/figcaption><\/figure><figure class='gallery-item'>\n\t\t\t<div class='gallery-icon portrait'>\n\t\t\t\t<a href='https:\/\/nck.krakow.pl\/nowahuta\/wp-content\/uploads\/2022\/11\/stroj-krakowiakow-wschodnich-\u2014-kopia-scaled.jpg'><img loading=\"lazy\" decoding=\"async\" width=\"1706\" height=\"2560\" src=\"https:\/\/nck.krakow.pl\/nowahuta\/wp-content\/uploads\/2022\/11\/stroj-krakowiakow-wschodnich-\u2014-kopia-scaled.jpg\" class=\"attachment-full size-full\" alt=\"\" aria-describedby=\"gallery-1-2372\" srcset=\"https:\/\/nck.krakow.pl\/nowahuta\/wp-content\/uploads\/2022\/11\/stroj-krakowiakow-wschodnich-\u2014-kopia-scaled.jpg 1706w, https:\/\/nck.krakow.pl\/nowahuta\/wp-content\/uploads\/2022\/11\/stroj-krakowiakow-wschodnich-\u2014-kopia-333x500.jpg 333w, https:\/\/nck.krakow.pl\/nowahuta\/wp-content\/uploads\/2022\/11\/stroj-krakowiakow-wschodnich-\u2014-kopia-720x1080.jpg 720w, https:\/\/nck.krakow.pl\/nowahuta\/wp-content\/uploads\/2022\/11\/stroj-krakowiakow-wschodnich-\u2014-kopia-1024x1536.jpg 1024w, https:\/\/nck.krakow.pl\/nowahuta\/wp-content\/uploads\/2022\/11\/stroj-krakowiakow-wschodnich-\u2014-kopia-1365x2048.jpg 1365w\" sizes=\"(max-width: 1706px) 100vw, 1706px\" \/><\/a>\n\t\t\t<\/div>\n\t\t\t\t<figcaption class='wp-caption-text gallery-caption' id='gallery-1-2372'>\n\t\t\t\tstr\u00f3j krakowiak\u00f3w wschodnich\n\t\t\t\t<\/figcaption><\/figure><figure class='gallery-item'>\n\t\t\t<div class='gallery-icon portrait'>\n\t\t\t\t<a href='https:\/\/nck.krakow.pl\/nowahuta\/wp-content\/uploads\/2022\/11\/stroj-krakowiakow-zachodnich-\u2014-kopia-scaled.jpg'><img loading=\"lazy\" decoding=\"async\" width=\"1706\" height=\"2560\" src=\"https:\/\/nck.krakow.pl\/nowahuta\/wp-content\/uploads\/2022\/11\/stroj-krakowiakow-zachodnich-\u2014-kopia-scaled.jpg\" class=\"attachment-full size-full\" alt=\"\" aria-describedby=\"gallery-1-2373\" srcset=\"https:\/\/nck.krakow.pl\/nowahuta\/wp-content\/uploads\/2022\/11\/stroj-krakowiakow-zachodnich-\u2014-kopia-scaled.jpg 1706w, https:\/\/nck.krakow.pl\/nowahuta\/wp-content\/uploads\/2022\/11\/stroj-krakowiakow-zachodnich-\u2014-kopia-333x500.jpg 333w, https:\/\/nck.krakow.pl\/nowahuta\/wp-content\/uploads\/2022\/11\/stroj-krakowiakow-zachodnich-\u2014-kopia-720x1080.jpg 720w, https:\/\/nck.krakow.pl\/nowahuta\/wp-content\/uploads\/2022\/11\/stroj-krakowiakow-zachodnich-\u2014-kopia-1024x1536.jpg 1024w, https:\/\/nck.krakow.pl\/nowahuta\/wp-content\/uploads\/2022\/11\/stroj-krakowiakow-zachodnich-\u2014-kopia-1365x2048.jpg 1365w\" sizes=\"(max-width: 1706px) 100vw, 1706px\" \/><\/a>\n\t\t\t<\/div>\n\t\t\t\t<figcaption class='wp-caption-text gallery-caption' id='gallery-1-2373'>\n\t\t\t\tstr\u00f3j krakowiak\u00f3w zachodnich\n\t\t\t\t<\/figcaption><\/figure><figure class='gallery-item'>\n\t\t\t<div class='gallery-icon portrait'>\n\t\t\t\t<a href='https:\/\/nck.krakow.pl\/nowahuta\/wp-content\/uploads\/2022\/11\/stroj-krzczonowski-\u2014-kopia-scaled.jpg'><img loading=\"lazy\" decoding=\"async\" width=\"1706\" height=\"2560\" src=\"https:\/\/nck.krakow.pl\/nowahuta\/wp-content\/uploads\/2022\/11\/stroj-krzczonowski-\u2014-kopia-scaled.jpg\" class=\"attachment-full size-full\" alt=\"\" aria-describedby=\"gallery-1-2374\" srcset=\"https:\/\/nck.krakow.pl\/nowahuta\/wp-content\/uploads\/2022\/11\/stroj-krzczonowski-\u2014-kopia-scaled.jpg 1706w, https:\/\/nck.krakow.pl\/nowahuta\/wp-content\/uploads\/2022\/11\/stroj-krzczonowski-\u2014-kopia-333x500.jpg 333w, https:\/\/nck.krakow.pl\/nowahuta\/wp-content\/uploads\/2022\/11\/stroj-krzczonowski-\u2014-kopia-720x1080.jpg 720w, https:\/\/nck.krakow.pl\/nowahuta\/wp-content\/uploads\/2022\/11\/stroj-krzczonowski-\u2014-kopia-1024x1536.jpg 1024w, https:\/\/nck.krakow.pl\/nowahuta\/wp-content\/uploads\/2022\/11\/stroj-krzczonowski-\u2014-kopia-1365x2048.jpg 1365w\" sizes=\"(max-width: 1706px) 100vw, 1706px\" \/><\/a>\n\t\t\t<\/div>\n\t\t\t\t<figcaption class='wp-caption-text gallery-caption' id='gallery-1-2374'>\n\t\t\t\tstr\u00f3j krzczonowski\n\t\t\t\t<\/figcaption><\/figure><figure class='gallery-item'>\n\t\t\t<div class='gallery-icon portrait'>\n\t\t\t\t<a href='https:\/\/nck.krakow.pl\/nowahuta\/wp-content\/uploads\/2022\/11\/stroj-lachow-sadeckich-\u2014-kopia-scaled.jpg'><img loading=\"lazy\" decoding=\"async\" width=\"1706\" height=\"2560\" src=\"https:\/\/nck.krakow.pl\/nowahuta\/wp-content\/uploads\/2022\/11\/stroj-lachow-sadeckich-\u2014-kopia-scaled.jpg\" class=\"attachment-full size-full\" alt=\"\" aria-describedby=\"gallery-1-2375\" srcset=\"https:\/\/nck.krakow.pl\/nowahuta\/wp-content\/uploads\/2022\/11\/stroj-lachow-sadeckich-\u2014-kopia-scaled.jpg 1706w, https:\/\/nck.krakow.pl\/nowahuta\/wp-content\/uploads\/2022\/11\/stroj-lachow-sadeckich-\u2014-kopia-333x500.jpg 333w, https:\/\/nck.krakow.pl\/nowahuta\/wp-content\/uploads\/2022\/11\/stroj-lachow-sadeckich-\u2014-kopia-720x1080.jpg 720w, https:\/\/nck.krakow.pl\/nowahuta\/wp-content\/uploads\/2022\/11\/stroj-lachow-sadeckich-\u2014-kopia-1024x1536.jpg 1024w, https:\/\/nck.krakow.pl\/nowahuta\/wp-content\/uploads\/2022\/11\/stroj-lachow-sadeckich-\u2014-kopia-1365x2048.jpg 1365w\" sizes=\"(max-width: 1706px) 100vw, 1706px\" \/><\/a>\n\t\t\t<\/div>\n\t\t\t\t<figcaption class='wp-caption-text gallery-caption' id='gallery-1-2375'>\n\t\t\t\tstr\u00f3j lach\u00f3w s\u0105deckich\n\t\t\t\t<\/figcaption><\/figure><figure class='gallery-item'>\n\t\t\t<div class='gallery-icon portrait'>\n\t\t\t\t<a href='https:\/\/nck.krakow.pl\/nowahuta\/wp-content\/uploads\/2022\/11\/stroj-lowicki-\u2014-kopia-scaled.jpg'><img loading=\"lazy\" decoding=\"async\" width=\"1706\" height=\"2560\" src=\"https:\/\/nck.krakow.pl\/nowahuta\/wp-content\/uploads\/2022\/11\/stroj-lowicki-\u2014-kopia-scaled.jpg\" class=\"attachment-full size-full\" alt=\"\" aria-describedby=\"gallery-1-2376\" srcset=\"https:\/\/nck.krakow.pl\/nowahuta\/wp-content\/uploads\/2022\/11\/stroj-lowicki-\u2014-kopia-scaled.jpg 1706w, https:\/\/nck.krakow.pl\/nowahuta\/wp-content\/uploads\/2022\/11\/stroj-lowicki-\u2014-kopia-333x500.jpg 333w, https:\/\/nck.krakow.pl\/nowahuta\/wp-content\/uploads\/2022\/11\/stroj-lowicki-\u2014-kopia-720x1080.jpg 720w, https:\/\/nck.krakow.pl\/nowahuta\/wp-content\/uploads\/2022\/11\/stroj-lowicki-\u2014-kopia-1024x1536.jpg 1024w, https:\/\/nck.krakow.pl\/nowahuta\/wp-content\/uploads\/2022\/11\/stroj-lowicki-\u2014-kopia-1365x2048.jpg 1365w\" sizes=\"(max-width: 1706px) 100vw, 1706px\" \/><\/a>\n\t\t\t<\/div>\n\t\t\t\t<figcaption class='wp-caption-text gallery-caption' id='gallery-1-2376'>\n\t\t\t\tstr\u00f3j \u0142owicki\n\t\t\t\t<\/figcaption><\/figure><figure class='gallery-item'>\n\t\t\t<div class='gallery-icon portrait'>\n\t\t\t\t<a href='https:\/\/nck.krakow.pl\/nowahuta\/wp-content\/uploads\/2022\/11\/stroj-mieszczan-zywieckich-\u2014-kopia-scaled.jpg'><img loading=\"lazy\" decoding=\"async\" width=\"1706\" height=\"2560\" src=\"https:\/\/nck.krakow.pl\/nowahuta\/wp-content\/uploads\/2022\/11\/stroj-mieszczan-zywieckich-\u2014-kopia-scaled.jpg\" class=\"attachment-full size-full\" alt=\"\" aria-describedby=\"gallery-1-2377\" srcset=\"https:\/\/nck.krakow.pl\/nowahuta\/wp-content\/uploads\/2022\/11\/stroj-mieszczan-zywieckich-\u2014-kopia-scaled.jpg 1706w, https:\/\/nck.krakow.pl\/nowahuta\/wp-content\/uploads\/2022\/11\/stroj-mieszczan-zywieckich-\u2014-kopia-333x500.jpg 333w, https:\/\/nck.krakow.pl\/nowahuta\/wp-content\/uploads\/2022\/11\/stroj-mieszczan-zywieckich-\u2014-kopia-720x1080.jpg 720w, https:\/\/nck.krakow.pl\/nowahuta\/wp-content\/uploads\/2022\/11\/stroj-mieszczan-zywieckich-\u2014-kopia-1024x1536.jpg 1024w, https:\/\/nck.krakow.pl\/nowahuta\/wp-content\/uploads\/2022\/11\/stroj-mieszczan-zywieckich-\u2014-kopia-1365x2048.jpg 1365w\" sizes=\"(max-width: 1706px) 100vw, 1706px\" \/><\/a>\n\t\t\t<\/div>\n\t\t\t\t<figcaption class='wp-caption-text gallery-caption' id='gallery-1-2377'>\n\t\t\t\tstr\u00f3j mieszczan \u017cywieckich\n\t\t\t\t<\/figcaption><\/figure><figure class='gallery-item'>\n\t\t\t<div class='gallery-icon portrait'>\n\t\t\t\t<a href='https:\/\/nck.krakow.pl\/nowahuta\/wp-content\/uploads\/2022\/11\/stroj-opoczynski-\u2014-kopia-scaled.jpg'><img loading=\"lazy\" decoding=\"async\" width=\"1706\" height=\"2560\" src=\"https:\/\/nck.krakow.pl\/nowahuta\/wp-content\/uploads\/2022\/11\/stroj-opoczynski-\u2014-kopia-scaled.jpg\" class=\"attachment-full size-full\" alt=\"\" aria-describedby=\"gallery-1-2378\" srcset=\"https:\/\/nck.krakow.pl\/nowahuta\/wp-content\/uploads\/2022\/11\/stroj-opoczynski-\u2014-kopia-scaled.jpg 1706w, https:\/\/nck.krakow.pl\/nowahuta\/wp-content\/uploads\/2022\/11\/stroj-opoczynski-\u2014-kopia-333x500.jpg 333w, https:\/\/nck.krakow.pl\/nowahuta\/wp-content\/uploads\/2022\/11\/stroj-opoczynski-\u2014-kopia-720x1080.jpg 720w, https:\/\/nck.krakow.pl\/nowahuta\/wp-content\/uploads\/2022\/11\/stroj-opoczynski-\u2014-kopia-1024x1536.jpg 1024w, https:\/\/nck.krakow.pl\/nowahuta\/wp-content\/uploads\/2022\/11\/stroj-opoczynski-\u2014-kopia-1365x2048.jpg 1365w\" sizes=\"(max-width: 1706px) 100vw, 1706px\" \/><\/a>\n\t\t\t<\/div>\n\t\t\t\t<figcaption class='wp-caption-text gallery-caption' id='gallery-1-2378'>\n\t\t\t\tstr\u00f3j opoczy\u0144ski\n\t\t\t\t<\/figcaption><\/figure><figure class='gallery-item'>\n\t\t\t<div class='gallery-icon portrait'>\n\t\t\t\t<a href='https:\/\/nck.krakow.pl\/nowahuta\/wp-content\/uploads\/2022\/11\/stroj-podhalanski-\u2014-kopia-scaled.jpg'><img loading=\"lazy\" decoding=\"async\" width=\"1706\" height=\"2560\" src=\"https:\/\/nck.krakow.pl\/nowahuta\/wp-content\/uploads\/2022\/11\/stroj-podhalanski-\u2014-kopia-scaled.jpg\" class=\"attachment-full size-full\" alt=\"\" aria-describedby=\"gallery-1-2379\" srcset=\"https:\/\/nck.krakow.pl\/nowahuta\/wp-content\/uploads\/2022\/11\/stroj-podhalanski-\u2014-kopia-scaled.jpg 1706w, https:\/\/nck.krakow.pl\/nowahuta\/wp-content\/uploads\/2022\/11\/stroj-podhalanski-\u2014-kopia-333x500.jpg 333w, https:\/\/nck.krakow.pl\/nowahuta\/wp-content\/uploads\/2022\/11\/stroj-podhalanski-\u2014-kopia-720x1080.jpg 720w, https:\/\/nck.krakow.pl\/nowahuta\/wp-content\/uploads\/2022\/11\/stroj-podhalanski-\u2014-kopia-1024x1536.jpg 1024w, https:\/\/nck.krakow.pl\/nowahuta\/wp-content\/uploads\/2022\/11\/stroj-podhalanski-\u2014-kopia-1365x2048.jpg 1365w\" sizes=\"(max-width: 1706px) 100vw, 1706px\" \/><\/a>\n\t\t\t<\/div>\n\t\t\t\t<figcaption class='wp-caption-text gallery-caption' id='gallery-1-2379'>\n\t\t\t\tstr\u00f3j podhala\u0144ski\n\t\t\t\t<\/figcaption><\/figure><figure class='gallery-item'>\n\t\t\t<div class='gallery-icon portrait'>\n\t\t\t\t<a href='https:\/\/nck.krakow.pl\/nowahuta\/wp-content\/uploads\/2022\/11\/stroj-przeworski-\u2014-kopia-scaled.jpg'><img loading=\"lazy\" decoding=\"async\" width=\"1706\" height=\"2560\" src=\"https:\/\/nck.krakow.pl\/nowahuta\/wp-content\/uploads\/2022\/11\/stroj-przeworski-\u2014-kopia-scaled.jpg\" class=\"attachment-full size-full\" alt=\"\" aria-describedby=\"gallery-1-2380\" srcset=\"https:\/\/nck.krakow.pl\/nowahuta\/wp-content\/uploads\/2022\/11\/stroj-przeworski-\u2014-kopia-scaled.jpg 1706w, https:\/\/nck.krakow.pl\/nowahuta\/wp-content\/uploads\/2022\/11\/stroj-przeworski-\u2014-kopia-333x500.jpg 333w, https:\/\/nck.krakow.pl\/nowahuta\/wp-content\/uploads\/2022\/11\/stroj-przeworski-\u2014-kopia-720x1080.jpg 720w, https:\/\/nck.krakow.pl\/nowahuta\/wp-content\/uploads\/2022\/11\/stroj-przeworski-\u2014-kopia-1024x1536.jpg 1024w, https:\/\/nck.krakow.pl\/nowahuta\/wp-content\/uploads\/2022\/11\/stroj-przeworski-\u2014-kopia-1365x2048.jpg 1365w\" sizes=\"(max-width: 1706px) 100vw, 1706px\" \/><\/a>\n\t\t\t<\/div>\n\t\t\t\t<figcaption class='wp-caption-text gallery-caption' id='gallery-1-2380'>\n\t\t\t\tstr\u00f3j przeworski\n\t\t\t\t<\/figcaption><\/figure><figure class='gallery-item'>\n\t\t\t<div class='gallery-icon portrait'>\n\t\t\t\t<a href='https:\/\/nck.krakow.pl\/nowahuta\/wp-content\/uploads\/2022\/11\/stroj-rozbarski-\u2014-kopia-scaled.jpg'><img loading=\"lazy\" decoding=\"async\" width=\"1706\" height=\"2560\" src=\"https:\/\/nck.krakow.pl\/nowahuta\/wp-content\/uploads\/2022\/11\/stroj-rozbarski-\u2014-kopia-scaled.jpg\" class=\"attachment-full size-full\" alt=\"\" aria-describedby=\"gallery-1-2381\" srcset=\"https:\/\/nck.krakow.pl\/nowahuta\/wp-content\/uploads\/2022\/11\/stroj-rozbarski-\u2014-kopia-scaled.jpg 1706w, https:\/\/nck.krakow.pl\/nowahuta\/wp-content\/uploads\/2022\/11\/stroj-rozbarski-\u2014-kopia-333x500.jpg 333w, https:\/\/nck.krakow.pl\/nowahuta\/wp-content\/uploads\/2022\/11\/stroj-rozbarski-\u2014-kopia-720x1080.jpg 720w, https:\/\/nck.krakow.pl\/nowahuta\/wp-content\/uploads\/2022\/11\/stroj-rozbarski-\u2014-kopia-1024x1536.jpg 1024w, https:\/\/nck.krakow.pl\/nowahuta\/wp-content\/uploads\/2022\/11\/stroj-rozbarski-\u2014-kopia-1365x2048.jpg 1365w\" sizes=\"(max-width: 1706px) 100vw, 1706px\" \/><\/a>\n\t\t\t<\/div>\n\t\t\t\t<figcaption class='wp-caption-text gallery-caption' id='gallery-1-2381'>\n\t\t\t\tstr\u00f3j rozbarski\n\t\t\t\t<\/figcaption><\/figure><figure class='gallery-item'>\n\t\t\t<div class='gallery-icon portrait'>\n\t\t\t\t<a href='https:\/\/nck.krakow.pl\/nowahuta\/wp-content\/uploads\/2022\/11\/stroj-rzeszowski-\u2014-kopia-scaled.jpg'><img loading=\"lazy\" decoding=\"async\" width=\"1706\" height=\"2560\" src=\"https:\/\/nck.krakow.pl\/nowahuta\/wp-content\/uploads\/2022\/11\/stroj-rzeszowski-\u2014-kopia-scaled.jpg\" class=\"attachment-full size-full\" alt=\"\" aria-describedby=\"gallery-1-2382\" srcset=\"https:\/\/nck.krakow.pl\/nowahuta\/wp-content\/uploads\/2022\/11\/stroj-rzeszowski-\u2014-kopia-scaled.jpg 1706w, https:\/\/nck.krakow.pl\/nowahuta\/wp-content\/uploads\/2022\/11\/stroj-rzeszowski-\u2014-kopia-333x500.jpg 333w, https:\/\/nck.krakow.pl\/nowahuta\/wp-content\/uploads\/2022\/11\/stroj-rzeszowski-\u2014-kopia-720x1080.jpg 720w, https:\/\/nck.krakow.pl\/nowahuta\/wp-content\/uploads\/2022\/11\/stroj-rzeszowski-\u2014-kopia-1024x1536.jpg 1024w, https:\/\/nck.krakow.pl\/nowahuta\/wp-content\/uploads\/2022\/11\/stroj-rzeszowski-\u2014-kopia-1365x2048.jpg 1365w\" sizes=\"(max-width: 1706px) 100vw, 1706px\" \/><\/a>\n\t\t\t<\/div>\n\t\t\t\t<figcaption class='wp-caption-text gallery-caption' id='gallery-1-2382'>\n\t\t\t\tstr\u00f3j rzeszowski\n\t\t\t\t<\/figcaption><\/figure><figure class='gallery-item'>\n\t\t\t<div class='gallery-icon portrait'>\n\t\t\t\t<a href='https:\/\/nck.krakow.pl\/nowahuta\/wp-content\/uploads\/2022\/11\/stroj-spiski-\u2014-kopia-scaled.jpg'><img loading=\"lazy\" decoding=\"async\" width=\"1706\" height=\"2560\" src=\"https:\/\/nck.krakow.pl\/nowahuta\/wp-content\/uploads\/2022\/11\/stroj-spiski-\u2014-kopia-scaled.jpg\" class=\"attachment-full size-full\" alt=\"\" aria-describedby=\"gallery-1-2383\" srcset=\"https:\/\/nck.krakow.pl\/nowahuta\/wp-content\/uploads\/2022\/11\/stroj-spiski-\u2014-kopia-scaled.jpg 1706w, https:\/\/nck.krakow.pl\/nowahuta\/wp-content\/uploads\/2022\/11\/stroj-spiski-\u2014-kopia-333x500.jpg 333w, https:\/\/nck.krakow.pl\/nowahuta\/wp-content\/uploads\/2022\/11\/stroj-spiski-\u2014-kopia-720x1080.jpg 720w, https:\/\/nck.krakow.pl\/nowahuta\/wp-content\/uploads\/2022\/11\/stroj-spiski-\u2014-kopia-1024x1536.jpg 1024w, https:\/\/nck.krakow.pl\/nowahuta\/wp-content\/uploads\/2022\/11\/stroj-spiski-\u2014-kopia-1365x2048.jpg 1365w\" sizes=\"(max-width: 1706px) 100vw, 1706px\" \/><\/a>\n\t\t\t<\/div>\n\t\t\t\t<figcaption class='wp-caption-text gallery-caption' id='gallery-1-2383'>\n\t\t\t\tstr\u00f3j spiski\n\t\t\t\t<\/figcaption><\/figure><figure class='gallery-item'>\n\t\t\t<div class='gallery-icon portrait'>\n\t\t\t\t<a href='https:\/\/nck.krakow.pl\/nowahuta\/wp-content\/uploads\/2022\/11\/stroj-szlachecki-\u2014-kopia-scaled.jpg'><img loading=\"lazy\" decoding=\"async\" width=\"1706\" height=\"2560\" src=\"https:\/\/nck.krakow.pl\/nowahuta\/wp-content\/uploads\/2022\/11\/stroj-szlachecki-\u2014-kopia-scaled.jpg\" class=\"attachment-full size-full\" alt=\"\" aria-describedby=\"gallery-1-2384\" srcset=\"https:\/\/nck.krakow.pl\/nowahuta\/wp-content\/uploads\/2022\/11\/stroj-szlachecki-\u2014-kopia-scaled.jpg 1706w, https:\/\/nck.krakow.pl\/nowahuta\/wp-content\/uploads\/2022\/11\/stroj-szlachecki-\u2014-kopia-333x500.jpg 333w, https:\/\/nck.krakow.pl\/nowahuta\/wp-content\/uploads\/2022\/11\/stroj-szlachecki-\u2014-kopia-720x1080.jpg 720w, https:\/\/nck.krakow.pl\/nowahuta\/wp-content\/uploads\/2022\/11\/stroj-szlachecki-\u2014-kopia-1024x1536.jpg 1024w, https:\/\/nck.krakow.pl\/nowahuta\/wp-content\/uploads\/2022\/11\/stroj-szlachecki-\u2014-kopia-1365x2048.jpg 1365w\" sizes=\"(max-width: 1706px) 100vw, 1706px\" \/><\/a>\n\t\t\t<\/div>\n\t\t\t\t<figcaption class='wp-caption-text gallery-caption' id='gallery-1-2384'>\n\t\t\t\tstr\u00f3j szlachecki\n\t\t\t\t<\/figcaption><\/figure><figure class='gallery-item'>\n\t\t\t<div class='gallery-icon portrait'>\n\t\t\t\t<a href='https:\/\/nck.krakow.pl\/nowahuta\/wp-content\/uploads\/2022\/11\/stroj-z-okresu-Ksiestwa-Warszawskiego-\u2014-kopia-scaled.jpg'><img loading=\"lazy\" decoding=\"async\" width=\"1706\" height=\"2560\" src=\"https:\/\/nck.krakow.pl\/nowahuta\/wp-content\/uploads\/2022\/11\/stroj-z-okresu-Ksiestwa-Warszawskiego-\u2014-kopia-scaled.jpg\" class=\"attachment-full size-full\" alt=\"\" aria-describedby=\"gallery-1-2385\" srcset=\"https:\/\/nck.krakow.pl\/nowahuta\/wp-content\/uploads\/2022\/11\/stroj-z-okresu-Ksiestwa-Warszawskiego-\u2014-kopia-scaled.jpg 1706w, https:\/\/nck.krakow.pl\/nowahuta\/wp-content\/uploads\/2022\/11\/stroj-z-okresu-Ksiestwa-Warszawskiego-\u2014-kopia-333x500.jpg 333w, https:\/\/nck.krakow.pl\/nowahuta\/wp-content\/uploads\/2022\/11\/stroj-z-okresu-Ksiestwa-Warszawskiego-\u2014-kopia-720x1080.jpg 720w, https:\/\/nck.krakow.pl\/nowahuta\/wp-content\/uploads\/2022\/11\/stroj-z-okresu-Ksiestwa-Warszawskiego-\u2014-kopia-1024x1536.jpg 1024w, https:\/\/nck.krakow.pl\/nowahuta\/wp-content\/uploads\/2022\/11\/stroj-z-okresu-Ksiestwa-Warszawskiego-\u2014-kopia-1365x2048.jpg 1365w\" sizes=\"(max-width: 1706px) 100vw, 1706px\" \/><\/a>\n\t\t\t<\/div>\n\t\t\t\t<figcaption class='wp-caption-text gallery-caption' id='gallery-1-2385'>\n\t\t\t\tstr\u00f3j z okresu Ksi\u0119stwa Warszawskiego\n\t\t\t\t<\/figcaption><\/figure>\n\t\t<\/div>\n\n\n\n<div style=\"height:185px\" aria-hidden=\"true\" class=\"wp-block-spacer\"><\/div>\n\n\n\n<p><strong>W 2020 r.&nbsp;dokonane zostanie doposa\u017cenie Zespo\u0142u Pie\u015bni i Ta\u0144ca NOWA HUTA w stroje krakowskie.&nbsp;Zadanie realizowane ze \u015brodk\u00f3w pozostaj\u0105cych w dyspozycji Dyrektora Narodowego Centrum&nbsp;Kultury w ramach programu EtnoPolska 2020.<\/strong><\/p>\n\n\n\n<figure class=\"wp-block-image is-resized\"><img loading=\"lazy\" decoding=\"async\" src=\"https:\/\/nck.krakow.pl\/nowahuta\/wp-content\/uploads\/2020\/09\/2020-NCK_dofinans_etnopolska-RGB.jpg\" alt=\"\" class=\"wp-image-2179\" width=\"366\" height=\"93\" srcset=\"https:\/\/nck.krakow.pl\/nowahuta\/wp-content\/uploads\/2020\/09\/2020-NCK_dofinans_etnopolska-RGB.jpg 1326w, https:\/\/nck.krakow.pl\/nowahuta\/wp-content\/uploads\/2020\/09\/2020-NCK_dofinans_etnopolska-RGB-500x128.jpg 500w\" sizes=\"(max-width: 366px) 100vw, 366px\" \/><\/figure>\n","protected":false},"excerpt":{"rendered":"<p>W 2020 r.&nbsp;dokonane zostanie doposa\u017cenie Zespo\u0142u Pie\u015bni i Ta\u0144ca NOWA HUTA w stroje krakowskie.&nbsp;Zadanie realizowane ze \u015brodk\u00f3w pozostaj\u0105cych w dyspozycji Dyrektora Narodowego Centrum&nbsp;Kultury w ramach programu EtnoPolska 2020.<\/p>\n","protected":false},"author":1,"featured_media":0,"parent":0,"menu_order":0,"comment_status":"closed","ping_status":"closed","template":"","meta":{"footnotes":""},"class_list":["post-674","page","type-page","status-publish","hentry"],"_links":{"self":[{"href":"https:\/\/nck.krakow.pl\/nowahuta\/wp-json\/wp\/v2\/pages\/674"}],"collection":[{"href":"https:\/\/nck.krakow.pl\/nowahuta\/wp-json\/wp\/v2\/pages"}],"about":[{"href":"https:\/\/nck.krakow.pl\/nowahuta\/wp-json\/wp\/v2\/types\/page"}],"author":[{"embeddable":true,"href":"https:\/\/nck.krakow.pl\/nowahuta\/wp-json\/wp\/v2\/users\/1"}],"replies":[{"embeddable":true,"href":"https:\/\/nck.krakow.pl\/nowahuta\/wp-json\/wp\/v2\/comments?post=674"}],"version-history":[{"count":13,"href":"https:\/\/nck.krakow.pl\/nowahuta\/wp-json\/wp\/v2\/pages\/674\/revisions"}],"predecessor-version":[{"id":2386,"href":"https:\/\/nck.krakow.pl\/nowahuta\/wp-json\/wp\/v2\/pages\/674\/revisions\/2386"}],"wp:attachment":[{"href":"https:\/\/nck.krakow.pl\/nowahuta\/wp-json\/wp\/v2\/media?parent=674"}],"curies":[{"name":"wp","href":"https:\/\/api.w.org\/{rel}","templated":true}]}}