{"id":671,"date":"2016-06-17T10:46:11","date_gmt":"2016-06-17T10:46:11","guid":{"rendered":"http:\/\/zpitnowahuta.pl\/?page_id=671"},"modified":"2018-02-16T13:03:08","modified_gmt":"2018-02-16T13:03:08","slug":"stowarzyszenie-bylych-czlonkow-zespolu-piesni-i-tanca-nowa-huta","status":"publish","type":"page","link":"https:\/\/nck.krakow.pl\/nowahuta\/stowarzyszenie-bylych-czlonkow-zespolu-piesni-i-tanca-nowa-huta\/","title":{"rendered":"Stowarzyszenie By\u0142ych Cz\u0142onk\u00f3w Zespo\u0142u Pie\u015bni i Ta\u0144ca \u201eNowa Huta\u201d"},"content":{"rendered":"<p>Stowarzyszenie By\u0142ych Cz\u0142onk\u00f3w Zespo\u0142u Pie\u015bni i Ta\u0144ca \u201eNowa Huta\u201d powsta\u0142o w 1990 roku w Krakowie z inicjatywy os\u00f3b zrzeszonych w Klubie Pie\u015bni i Ta\u0144ca, utworzonego w 1988 roku. Potrzeba podniesienia rangi organizacji, kt\u00f3ra skupia\u0142a by\u0142ych cz\u0142onk\u00f3w Zespo\u0142u spowodowa\u0142a, \u017ce w marcu 1990 roku Stowarzyszenie zosta\u0142o zarejestrowane w S\u0105dzie Wojew\u00f3dzkim w Krakowie otrzymuj\u0105c osobowo\u015b\u0107 prawn\u0105. Stowarzyszenie opiera swoja dzia\u0142alno\u015b\u0107 na pracy spo\u0142ecznej swoich cz\u0142onk\u00f3w. Celem Stowarzyszenia jest skupianie by\u0142ych cz\u0142onk\u00f3w Zespo\u0142u oraz os\u00f3b bezpo\u015brednio zwi\u0105zanych z jego dzia\u0142alno\u015bci\u0105 od momentu powstania w 1953 roku, wspieranie dzia\u0142alno\u015bci funkcjonuj\u0105cego Zespo\u0142u Pie\u015bni i Ta\u0144ca \u201eNowa Huta\u201d oraz kultywowanie i propagowanie warto\u015bci kulturowych ze szczeg\u00f3lnym uwzgl\u0119dnieniem folkloru. Cele swoje Stowarzyszenie realizuje poprzez utrzymywanie wi\u0119zi z by\u0142ymi cz\u0142onkami Zespo\u0142u oraz osobami bezpo\u015brednio zwi\u0105zanymi z jego dzia\u0142alno\u015bci\u0105, organizowanie spotka\u0144 towarzyskich, inicjowanie i organizowanie przegl\u0105du dorobku Zespo\u0142u, pomoc i opieka kole\u017ce\u0144ska w przypadkach losowych, kultywowanie pami\u0119ci o zmar\u0142ych kole\u017cankach i kolegach, pomoc doradcz\u0105 i konsultacyjn\u0105 w dzia\u0142alno\u015bci funkcjonuj\u0105cego Zespo\u0142u oraz wsp\u00f3\u0142praca ze stowarzyszeniami, zwi\u0105zkami tw\u00f3rczymi i instytucjami kulturalnymi w kraju i za granic\u0105. Z inicjatywy Stowarzyszenia wydano Monografie ZPiT \u201eNowa Huta\u201d. Corocznie w druga sobot\u0119 stycznia organizowane s\u0105 koncerty i bale zespo\u0142owe ciesz\u0105ce si\u0119 du\u017cym powodzeniem. Dzi\u0119ki Stowarzyszeniu mo\u017cliwe by\u0142o sfinansowanie wielu inicjatyw m.in. wyjazdy na mi\u0119dzynarodowe festiwale folklorystyczne, cz\u0119\u015bciowe sfinansowanie edukacji cz\u0142onk\u00f3w Zespo\u0142u, udzielenie zapom\u00f3g dla cz\u0142onk\u00f3w Stowarzyszenia i Zespo\u0142u oraz zakupy niezb\u0119dne do dzia\u0142alno\u015bci bie\u017c\u0105cej Zespo\u0142u Pie\u015bni i Ta\u0144ca \u201eNowa Huta\u201d. Dzia\u0142alno\u015b\u0107 Stowarzyszenia to tak\u017ce uk\u0142on w kierunku historii tego wielce zas\u0142u\u017conego dla kultury polskiej Zespo\u0142u, to podzi\u0119kowanie za wszystkie lata sp\u0119dzone w tej wspania\u0142ej grupie spo\u0142ecznej.<\/p>\n<p>Wi\u0119cej informacji na stronie stowarzyszenia:<br \/>\n<a href=\"http:\/\/zespolnowahuta.pl\/\" rel=\"noopener\" target=\"_blank\">http:\/\/zespolnowahuta.pl\/<\/a><\/p>\n","protected":false},"excerpt":{"rendered":"<p>Stowarzyszenie By\u0142ych Cz\u0142onk\u00f3w Zespo\u0142u Pie\u015bni i Ta\u0144ca \u201eNowa Huta\u201d powsta\u0142o w 1990 roku w Krakowie z inicjatywy os\u00f3b zrzeszonych w Klubie Pie\u015bni i Ta\u0144ca, utworzonego w 1988 roku. Potrzeba podniesienia rangi organizacji, kt\u00f3ra skupia\u0142a by\u0142ych cz\u0142onk\u00f3w Zespo\u0142u spowodowa\u0142a, \u017ce w marcu 1990 roku Stowarzyszenie zosta\u0142o zarejestrowane w S\u0105dzie Wojew\u00f3dzkim w Krakowie otrzymuj\u0105c osobowo\u015b\u0107 prawn\u0105. Stowarzyszenie [&hellip;]<\/p>\n","protected":false},"author":1,"featured_media":0,"parent":0,"menu_order":0,"comment_status":"closed","ping_status":"closed","template":"","meta":{"footnotes":""},"class_list":["post-671","page","type-page","status-publish","hentry"],"_links":{"self":[{"href":"https:\/\/nck.krakow.pl\/nowahuta\/wp-json\/wp\/v2\/pages\/671"}],"collection":[{"href":"https:\/\/nck.krakow.pl\/nowahuta\/wp-json\/wp\/v2\/pages"}],"about":[{"href":"https:\/\/nck.krakow.pl\/nowahuta\/wp-json\/wp\/v2\/types\/page"}],"author":[{"embeddable":true,"href":"https:\/\/nck.krakow.pl\/nowahuta\/wp-json\/wp\/v2\/users\/1"}],"replies":[{"embeddable":true,"href":"https:\/\/nck.krakow.pl\/nowahuta\/wp-json\/wp\/v2\/comments?post=671"}],"version-history":[{"count":3,"href":"https:\/\/nck.krakow.pl\/nowahuta\/wp-json\/wp\/v2\/pages\/671\/revisions"}],"predecessor-version":[{"id":1569,"href":"https:\/\/nck.krakow.pl\/nowahuta\/wp-json\/wp\/v2\/pages\/671\/revisions\/1569"}],"wp:attachment":[{"href":"https:\/\/nck.krakow.pl\/nowahuta\/wp-json\/wp\/v2\/media?parent=671"}],"curies":[{"name":"wp","href":"https:\/\/api.w.org\/{rel}","templated":true}]}}