{"id":23,"date":"2016-04-11T12:02:37","date_gmt":"2016-04-11T12:02:37","guid":{"rendered":"http:\/\/zpitnowahuta.pl\/?page_id=23"},"modified":"2025-09-17T12:19:24","modified_gmt":"2025-09-17T12:19:24","slug":"o-nas","status":"publish","type":"page","link":"https:\/\/nck.krakow.pl\/nowahuta\/o-nas\/","title":{"rendered":"O nas"},"content":{"rendered":"\n<figure class=\"wp-block-image size-full is-resized\"><img loading=\"lazy\" decoding=\"async\" width=\"512\" height=\"512\" src=\"https:\/\/nck.krakow.pl\/nowahuta\/wp-content\/uploads\/2025\/02\/cropped-cropped-logo-NOWA-HUTA-2025-150.png\" alt=\"\" class=\"wp-image-2692\" style=\"width:155px;height:auto\" srcset=\"https:\/\/nck.krakow.pl\/nowahuta\/wp-content\/uploads\/2025\/02\/cropped-cropped-logo-NOWA-HUTA-2025-150.png 512w, https:\/\/nck.krakow.pl\/nowahuta\/wp-content\/uploads\/2025\/02\/cropped-cropped-logo-NOWA-HUTA-2025-150-500x500.png 500w, https:\/\/nck.krakow.pl\/nowahuta\/wp-content\/uploads\/2025\/02\/cropped-cropped-logo-NOWA-HUTA-2025-150-250x250.png 250w, https:\/\/nck.krakow.pl\/nowahuta\/wp-content\/uploads\/2025\/02\/cropped-cropped-logo-NOWA-HUTA-2025-150-270x270.png 270w, https:\/\/nck.krakow.pl\/nowahuta\/wp-content\/uploads\/2025\/02\/cropped-cropped-logo-NOWA-HUTA-2025-150-192x192.png 192w, https:\/\/nck.krakow.pl\/nowahuta\/wp-content\/uploads\/2025\/02\/cropped-cropped-logo-NOWA-HUTA-2025-150-180x180.png 180w, https:\/\/nck.krakow.pl\/nowahuta\/wp-content\/uploads\/2025\/02\/cropped-cropped-logo-NOWA-HUTA-2025-150-32x32.png 32w\" sizes=\"(max-width: 512px) 100vw, 512px\" \/><\/figure>\n\n\n\n<div style=\"height:50px\" aria-hidden=\"true\" class=\"wp-block-spacer\"><\/div>\n\n\n\n<h1 class=\"wp-block-heading\"><span style=\"line-height: 1.5;\">Zesp\u00f3\u0142 Pie\u015bni i Ta\u0144ca \u201eNowa Huta\u201d<\/span><\/h1>\n\n\n\n<p><span style=\"line-height: 1.5;\">Zesp\u00f3\u0142 powsta\u0142 w 1953 roku w Krakowie. Siedzib\u0105 zespo\u0142u jest Nowohuckie Centrum Kultury. Sk\u0142ad osobowy ZPiT \u201eNOWA HUTA\u201d stanowi\u0105 dzieci i m\u0142odzie\u017c wszystkich typ\u00f3w szk\u00f3\u0142 krakowskich oraz m\u0142odzie\u017c studencka i pracuj\u0105ca. Obecnie w sk\u0142adzie Zesp\u00f3\u0142 pracuje w trzech grupach wiekowych. W swoim repertuarze posiada: pie\u015bni i ta\u0144ce Krakowiak\u00f3w Wschodnich, pie\u015bni i ta\u0144ce Lach\u00f3w S\u0105deckich, pie\u015bni i ta\u0144ce lubelskie, pie\u015bni i ta\u0144ce rzeszowskie, pie\u015bni i ta\u0144ce mieszczan \u017cywieckich, pie\u015bni i ta\u0144ce Beskidu \u015al\u0105skiego, pie\u015bni i ta\u0144ce Beskidu \u017bywieckiego, pie\u015bni i ta\u0144ce Mazowsza, pie\u015bni i ta\u0144ce przeworskie, pie\u015bni i ta\u0144ce \u0142owickie, pie\u015bni i ta\u0144ce \u015bl\u0105skie, pie\u015bni i ta\u0144ce Kurpi Zielonych, pie\u015bni i ta\u0144ce spiskie, pie\u015bni i ta\u0144ce opoczy\u0144skie a tak\u017ce polskie ta\u0144ce narodowe: kujawiak z oberkiem, krakowiak, polonez i mazur. Ponadto w programie artystycznym zesp\u00f3\u0142 posiada: obrazek sceniczny z okresu Ksi\u0119stwa Warszawskiego, ta\u0144ce historyczne, spektakl \u201eWesele krakowskie\u201d, spektakl pastora\u0142kowy \u201eW Betlejem mie\u015bcie\u201d oraz pie\u015bni ludowe z r\u00f3\u017cnych region\u00f3w kraju. Oryginalne ta\u0144ce i pie\u015bni poddane artystycznemu opracowaniu swoj\u0105 tre\u015bci\u0105 i wykonaniem propaguj\u0105 w dobrym tego s\u0142owa znaczeniu polski folklor regionalny i narodowy. Zesp\u00f3\u0142 \u201eNOWA HUTA\u201d wielokrotnie bra\u0142 udzia\u0142 w realizacjach telewizyjnych i teatralnych oraz w widowiskach plenerowych m.in. Wianki krakowskie pod Wawelem w Krakowie, opera \u201eHalka\u201d na Ska\u0142kach Twardowskiego w Krakowie czy w spektaklu \u201eHarnasie\u201d z okazji roku Karola Szymanowskiego w Zakopanem, Krakowie, Tarnowie i Nowym S\u0105czu. Posiada nagrania studyjne swojego repertuaru oraz wydawnictwa fonograficzne. Uczestnictwo w Zespole jest dla m\u0142odych ludzi wyr\u00f3\u017cnieniem. Dla kadry prowadz\u0105cej Zesp\u00f3\u0142 wa\u017cna jest dzia\u0142alno\u015b\u0107 artystyczna, ale i wychowawcza, szczeg\u00f3lnie wa\u017cna w ostatnich latach. Zesp\u00f3\u0142 Pie\u015bni i Ta\u0144ca \u201eNowa Huta\u201d jest uczestnikiem i laureatem wielu konkurs\u00f3w i festiwal\u00f3w zar\u00f3wno w kraju jak i poza jego granicami m.in. Wroc\u0142awiu, \u0141odzi, Jeleniej G\u00f3rze, My\u015blenicach, Szczurowej, Poznaniu, Stalowej Woli, Rzeszowie, \u0141owiczu, Kielcach, Przemy\u015blu, Castletown, Glasgow, Berlinie, Dre\u017anie, Chateau Thierry, Nancy, La Louviere, Ismailii, Montignac, Enschede, Tournai, Portugalete, Odoorn, Veliko Turnovo, St. Maixent L\u2019Ecole, Burgas, Coredo, Argoncilhe, Gap, Naoussa, Gaziantep,\u00a0Doniecku, Ugledarze, Charkowie, Castiliogne del Lago, \u0160iauliai, Giove, Martigny, Cantanhede, V\u00f5ru, Bitola, Trondheim, Cernache do Bonjardim, Pirot, Nikozja.<\/span><\/p>\n\n\n\n<p>Zesp\u00f3\u0142 Pie\u015bni i Ta\u0144ca \u201eNowa Huta\u201d reprezentowa\u0142 Polsk\u0119 na koncertach w Austrii (1998, 2003), Belgii (1988, 1989, 1990, 1991, 1999, 2004), Bu\u0142garii (1966, 1973, 2005, 2007), Czechos\u0142owacji (1956, 1976, 1985), Egipcie (1989,2010), Estonii (2019), Francji (1987, 1987, 1995, 1999, 2005, 2006, 2008), Grecji (1984, 2011), Hiszpanii (2002), Holandii (1996, 2002), Jugos\u0142awii (1964, 1977, 1979, 1986, 1988), Litwie (2015), Niemczech (1987, 1988, 1989, 1990, 1991, 1993, 1995, 2007), NRD (1964, 1974, 1985, 1986), Portugalii (2009, 2018, 2023), Rosji (1993, Rumunii (2004), Serbii (2024), S\u0142owacji (2002), Szwajcarii (2016), Turcji (2012), W\u0119grzech (1957, 1960, 1965, 1985, 1996), Wielkiej Brytanii (1962, 1983, 1988), W\u0142oszech (1967, 2007), ZSRR (1968, 1988, 1988, 1989), Norwegii (2022), Cyprze P\u00f3\u0142nocnym (2025)\u00a0.<\/p>\n\n\n\n<p>Zesp\u00f3\u0142 Pie\u015bni i Ta\u0144ca \u201eNowa Huta\u201d zosta\u0142 wyr\u00f3\u017cniony m.in.: Z\u0142ot\u0105 Odznak\u0105 \u2013 Zas\u0142u\u017cony dla Kombinatu Metalurgicznego (1987), Z\u0142ot\u0105 Odznak\u0105 \u2013 Budowniczy Nowej Huty (1987), Z\u0142ot\u0105 Odznak\u0105 \u2013 Za Prace Spo\u0142eczna dla Miasta Krakowa (1988), Dyplomem Honorowym Ministerstwa Kultury i Sztuki Za Upowszechnianie Kultury (1993), Medalem Zas\u0142u\u017cony dla Kultury Polskiej (2002), Z\u0142otym Medalem \u201eKrak\u00f3w 2000\u201d (2003), Odznak\u0105 \u201eHonoris Gratia\u201d (2008), Medalem Zas\u0142u\u017cony Kulturze \u201eGloria Artis\u201d (2008), Medalem Wojew\u00f3dztwa Ma\u0142opolskiego\u00a0\u201ePolonia Minor\u201d (2018), Medalem 50-lecia \u015awiatowego CIOFF (2023).<\/p>\n\n\n\n<p>Zesp\u00f3\u0142 Piesni i Ta\u0144ca NOWA HUTA jest cz\u0142onkiem Conseil International des Organisations de Festivals de Folklore et d&#8217;Art Traditionnels \u2013 Mi\u0119dzynarodowej Rady Stowarzysze\u0144 Folklorystycznych, Festiwali i Sztuki Ludowej.<\/p>\n\n\n\n<p><\/p>\n","protected":false},"excerpt":{"rendered":"<p>Zesp\u00f3\u0142 Pie\u015bni i Ta\u0144ca \u201eNowa Huta\u201d Zesp\u00f3\u0142 powsta\u0142 w 1953 roku w Krakowie. Siedzib\u0105 zespo\u0142u jest Nowohuckie Centrum Kultury. Sk\u0142ad osobowy ZPiT \u201eNOWA HUTA\u201d stanowi\u0105 dzieci i m\u0142odzie\u017c wszystkich typ\u00f3w szk\u00f3\u0142 krakowskich oraz m\u0142odzie\u017c studencka i pracuj\u0105ca. Obecnie w sk\u0142adzie Zesp\u00f3\u0142 pracuje w trzech grupach wiekowych. W swoim repertuarze posiada: pie\u015bni i ta\u0144ce Krakowiak\u00f3w Wschodnich, [&hellip;]<\/p>\n","protected":false},"author":1,"featured_media":0,"parent":0,"menu_order":0,"comment_status":"closed","ping_status":"closed","template":"","meta":{"footnotes":""},"class_list":["post-23","page","type-page","status-publish","hentry"],"_links":{"self":[{"href":"https:\/\/nck.krakow.pl\/nowahuta\/wp-json\/wp\/v2\/pages\/23"}],"collection":[{"href":"https:\/\/nck.krakow.pl\/nowahuta\/wp-json\/wp\/v2\/pages"}],"about":[{"href":"https:\/\/nck.krakow.pl\/nowahuta\/wp-json\/wp\/v2\/types\/page"}],"author":[{"embeddable":true,"href":"https:\/\/nck.krakow.pl\/nowahuta\/wp-json\/wp\/v2\/users\/1"}],"replies":[{"embeddable":true,"href":"https:\/\/nck.krakow.pl\/nowahuta\/wp-json\/wp\/v2\/comments?post=23"}],"version-history":[{"count":8,"href":"https:\/\/nck.krakow.pl\/nowahuta\/wp-json\/wp\/v2\/pages\/23\/revisions"}],"predecessor-version":[{"id":2802,"href":"https:\/\/nck.krakow.pl\/nowahuta\/wp-json\/wp\/v2\/pages\/23\/revisions\/2802"}],"wp:attachment":[{"href":"https:\/\/nck.krakow.pl\/nowahuta\/wp-json\/wp\/v2\/media?parent=23"}],"curies":[{"name":"wp","href":"https:\/\/api.w.org\/{rel}","templated":true}]}}