{"id":2232,"date":"2021-03-12T09:42:45","date_gmt":"2021-03-12T09:42:45","guid":{"rendered":"https:\/\/nck.krakow.pl\/nowahuta\/?page_id=2232"},"modified":"2021-03-12T09:42:46","modified_gmt":"2021-03-12T09:42:46","slug":"wspolpraca-miedzynarodowa","status":"publish","type":"page","link":"https:\/\/nck.krakow.pl\/nowahuta\/wspolpraca-miedzynarodowa\/","title":{"rendered":"Wsp\u00f3\u0142praca mi\u0119dzynarodowa"},"content":{"rendered":"\n<h2 class=\"wp-block-heading\">2020<\/h2>\n\n\n\n<p><strong>20.07 \u2013 03.08 2020 <br>Zacatecas i San Jose (Meksyk)  <\/strong><br><strong>Planowany udzia\u0142 Zespo\u0142u Pie\u015bni i Ta\u0144ca NOWA HUTA w Mi\u0119dzynarodowych Festiwalach Folklorystycznych: \u201eFestival Zacatecas del Folclor Internacional\u201d oraz \u201eFestival San Jose Internacional de Danza Folkl\u00f3rica\u201d w Meksyku <\/strong><br><br>Zesp\u00f3\u0142 Pie\u015bni i Ta\u0144ca NOWA HUTA otrzyma\u0142 rekomendacje  do tych wydarze\u0144 od Mi\u0119dzynarodowej Rady Stowarzysze\u0144 Folklorystycznych, Festiwali i Sztuki Ludowej C.I.O.F.F. To najwi\u0119ksze festiwale folklorystyczne, ciesz\u0105ce si\u0119 du\u017cym zainteresowaniem i popularno\u015bci\u0105 w Meksyku. Corocznie uczestniczy w nich kilkana\u015bcie zespo\u0142\u00f3w folklorystycznych z ca\u0142ego \u015bwiata, prezentuj\u0105c kultur\u0119 regionaln\u0105 i narodow\u0105. Festiwale gromadz\u0105 ponad dwustutysi\u0119czn\u0105 publiczno\u015b\u0107 w blisko 150 r\u00f3\u017cnych wydarzeniach artystycznych, reklamowanych przez 15 stacji radiowych i telewizyjnych oraz strony internetowe. <br><br><em>Planowane festiwale zosta\u0142y odwo\u0142ane przez organizator\u00f3w ze wzgl\u0119du na \u015bwiatow\u0105 pandemi\u0119 koronawirusa.<\/em><\/p>\n","protected":false},"excerpt":{"rendered":"<p>2020 20.07 \u2013 03.08 2020 Zacatecas i San Jose (Meksyk) Planowany udzia\u0142 Zespo\u0142u Pie\u015bni i Ta\u0144ca NOWA HUTA w Mi\u0119dzynarodowych Festiwalach Folklorystycznych: \u201eFestival Zacatecas del Folclor Internacional\u201d oraz \u201eFestival San Jose Internacional de Danza Folkl\u00f3rica\u201d w Meksyku Zesp\u00f3\u0142 Pie\u015bni i Ta\u0144ca NOWA HUTA otrzyma\u0142 rekomendacje do tych wydarze\u0144 od Mi\u0119dzynarodowej Rady Stowarzysze\u0144 Folklorystycznych, Festiwali i [&hellip;]<\/p>\n","protected":false},"author":4,"featured_media":0,"parent":0,"menu_order":0,"comment_status":"closed","ping_status":"closed","template":"","meta":{"footnotes":""},"class_list":["post-2232","page","type-page","status-publish","hentry"],"_links":{"self":[{"href":"https:\/\/nck.krakow.pl\/nowahuta\/wp-json\/wp\/v2\/pages\/2232"}],"collection":[{"href":"https:\/\/nck.krakow.pl\/nowahuta\/wp-json\/wp\/v2\/pages"}],"about":[{"href":"https:\/\/nck.krakow.pl\/nowahuta\/wp-json\/wp\/v2\/types\/page"}],"author":[{"embeddable":true,"href":"https:\/\/nck.krakow.pl\/nowahuta\/wp-json\/wp\/v2\/users\/4"}],"replies":[{"embeddable":true,"href":"https:\/\/nck.krakow.pl\/nowahuta\/wp-json\/wp\/v2\/comments?post=2232"}],"version-history":[{"count":1,"href":"https:\/\/nck.krakow.pl\/nowahuta\/wp-json\/wp\/v2\/pages\/2232\/revisions"}],"predecessor-version":[{"id":2233,"href":"https:\/\/nck.krakow.pl\/nowahuta\/wp-json\/wp\/v2\/pages\/2232\/revisions\/2233"}],"wp:attachment":[{"href":"https:\/\/nck.krakow.pl\/nowahuta\/wp-json\/wp\/v2\/media?parent=2232"}],"curies":[{"name":"wp","href":"https:\/\/api.w.org\/{rel}","templated":true}]}}