{"id":1254,"date":"2016-10-13T08:51:31","date_gmt":"2016-10-13T08:51:31","guid":{"rendered":"http:\/\/zpitnowahuta.pl\/?page_id=1254"},"modified":"2018-02-07T09:46:08","modified_gmt":"2018-02-07T09:46:08","slug":"muzyka","status":"publish","type":"page","link":"https:\/\/nck.krakow.pl\/nowahuta\/muzyka\/","title":{"rendered":"Muzyka"},"content":{"rendered":"<!--[if lt IE 9]><script>document.createElement('audio');<\/script><![endif]-->\n\t<div class=\"wp-playlist wp-audio-playlist wp-playlist-light\">\n\t\t\t<div class=\"wp-playlist-current-item\"><\/div>\n\t\t<audio controls=\"controls\" preload=\"none\" width=\"746\"\n\t\t\t><\/audio>\n\t<div class=\"wp-playlist-next\"><\/div>\n\t<div class=\"wp-playlist-prev\"><\/div>\n\t<noscript>\n\t<ol>\n\t\t<li><a href='https:\/\/nck.krakow.pl\/nowahuta\/wp-content\/uploads\/2016\/10\/001_SUITA-PIE\u015aNI-I-TA\u0143C\u00d3W-WSCHODNIO-KRAKOWSKICH.mp3'>Suita pie\u015bni i ta\u0144c\u00f3w wschodnio-krakowskich<\/a><\/li><li><a href='https:\/\/nck.krakow.pl\/nowahuta\/wp-content\/uploads\/2016\/10\/003_SUITA-PIE\u015aNI-I-TA\u0143C\u00d3W-LUBELSKICH.mp3'>Suita pie\u015bni i ta\u0144c\u00f3w lubelskich<\/a><\/li><li><a href='https:\/\/nck.krakow.pl\/nowahuta\/wp-content\/uploads\/2016\/10\/002_KARLIK.mp3'>Karlik<\/a><\/li><li><a href='https:\/\/nck.krakow.pl\/nowahuta\/wp-content\/uploads\/2016\/10\/004_HEJ-M\u00d3J-JASINEK.mp3'>Hej m\u00f3j Jasinek<\/a><\/li><li><a href='https:\/\/nck.krakow.pl\/nowahuta\/wp-content\/uploads\/2016\/10\/005_MAZUR.mp3'>Mazur<\/a><\/li><li><a href='https:\/\/nck.krakow.pl\/nowahuta\/wp-content\/uploads\/2016\/10\/006_SIWE-OCZKA.mp3'>Siwe Oczka<\/a><\/li><li><a href='https:\/\/nck.krakow.pl\/nowahuta\/wp-content\/uploads\/2016\/10\/007_KUJAWIAK-Z-OBERKIEM.mp3'>Kujawiak z oberkiem<\/a><\/li><li><a href='https:\/\/nck.krakow.pl\/nowahuta\/wp-content\/uploads\/2016\/10\/008_SUITA-S\u0104DECKA.mp3'>Suita S\u0105decka<\/a><\/li><li><a href='https:\/\/nck.krakow.pl\/nowahuta\/wp-content\/uploads\/2016\/10\/009_TA\u0143CE-\u017bYWIECKIE.mp3'>Ta\u0144ce \u017bywieckie<\/a><\/li><li><a href='https:\/\/nck.krakow.pl\/nowahuta\/wp-content\/uploads\/2016\/10\/010_U\u015aNIJ-\u017bE-MI-U\u015aNIJ.mp3'>Usnij \u017ce mi usnij<\/a><\/li><li><a href='https:\/\/nck.krakow.pl\/nowahuta\/wp-content\/uploads\/2016\/10\/011_SUITA-PIE\u015aNI-I-TA\u0143C\u00d3W-RZESZOWSKICH.mp3'>Suita pie\u015bni i ta\u0144c\u00f3w rzeszowkich<\/a><\/li><li><a href='https:\/\/nck.krakow.pl\/nowahuta\/wp-content\/uploads\/2016\/10\/012_PRZEPI\u00d3RECZKA.mp3'>Przepi\u00f3reczka<\/a><\/li><li><a href='https:\/\/nck.krakow.pl\/nowahuta\/wp-content\/uploads\/2016\/10\/013_LAJKONIKU-LAJ-LAJ.mp3'>Lajkoniku Laj Laj<\/a><\/li>\t<\/ol>\n\t<\/noscript>\n\t<script type=\"application\/json\" class=\"wp-playlist-script\">{\"type\":\"audio\",\"tracklist\":true,\"tracknumbers\":true,\"images\":false,\"artists\":true,\"tracks\":[{\"src\":\"https:\\\/\\\/nck.krakow.pl\\\/nowahuta\\\/wp-content\\\/uploads\\\/2016\\\/10\\\/001_SUITA-PIE\\u015aNI-I-TA\\u0143C\\u00d3W-WSCHODNIO-KRAKOWSKICH.mp3\",\"type\":\"audio\\\/mpeg\",\"title\":\"Suita pie\\u015bni i ta\\u0144c\\u00f3w wschodnio-krakowskich\",\"caption\":\"\",\"description\":\"\\\"001_suita-piesni-i-tancow-wschodnio-krakowskich\\\". Rok wydania: 2016.\",\"meta\":{\"artist\":\"Zesp\\u00f3\\u0142 Pie\\u015bni i Ta\\u0144ca Nowa Huta\",\"year\":\"2016\",\"length_formatted\":\"1:00\"},\"image\":{\"src\":\"https:\\\/\\\/nck.krakow.pl\\\/nowahuta\\\/wp-includes\\\/images\\\/media\\\/audio.svg\",\"width\":48,\"height\":64},\"thumb\":{\"src\":\"https:\\\/\\\/nck.krakow.pl\\\/nowahuta\\\/wp-includes\\\/images\\\/media\\\/audio.svg\",\"width\":48,\"height\":64}},{\"src\":\"https:\\\/\\\/nck.krakow.pl\\\/nowahuta\\\/wp-content\\\/uploads\\\/2016\\\/10\\\/003_SUITA-PIE\\u015aNI-I-TA\\u0143C\\u00d3W-LUBELSKICH.mp3\",\"type\":\"audio\\\/mpeg\",\"title\":\"Suita pie\\u015bni i ta\\u0144c\\u00f3w lubelskich\",\"caption\":\"\",\"description\":\"\\\"003_suita-piesni-i-tancow-lubelskich\\\". Rok wydania: 2016.\",\"meta\":{\"artist\":\"Zesp\\u00f3\\u0142 Pie\\u015bni i Ta\\u0144ca Nowa Huta\",\"year\":\"2016\",\"length_formatted\":\"1:00\"},\"image\":{\"src\":\"https:\\\/\\\/nck.krakow.pl\\\/nowahuta\\\/wp-includes\\\/images\\\/media\\\/audio.svg\",\"width\":48,\"height\":64},\"thumb\":{\"src\":\"https:\\\/\\\/nck.krakow.pl\\\/nowahuta\\\/wp-includes\\\/images\\\/media\\\/audio.svg\",\"width\":48,\"height\":64}},{\"src\":\"https:\\\/\\\/nck.krakow.pl\\\/nowahuta\\\/wp-content\\\/uploads\\\/2016\\\/10\\\/002_KARLIK.mp3\",\"type\":\"audio\\\/mpeg\",\"title\":\"Karlik\",\"caption\":\"\",\"description\":\"\\\"Karlik\\\" autor: ZPiT Nowa Huta. Rok wydania: 2016. Utw\\u00f3r 2.\",\"meta\":{\"artist\":\"Zesp\\u00f3\\u0142 Pie\\u015bni i Ta\\u0144ca Nowa Huta\",\"year\":\"2016\",\"length_formatted\":\"1:01\"},\"image\":{\"src\":\"https:\\\/\\\/nck.krakow.pl\\\/nowahuta\\\/wp-includes\\\/images\\\/media\\\/audio.svg\",\"width\":48,\"height\":64},\"thumb\":{\"src\":\"https:\\\/\\\/nck.krakow.pl\\\/nowahuta\\\/wp-includes\\\/images\\\/media\\\/audio.svg\",\"width\":48,\"height\":64}},{\"src\":\"https:\\\/\\\/nck.krakow.pl\\\/nowahuta\\\/wp-content\\\/uploads\\\/2016\\\/10\\\/004_HEJ-M\\u00d3J-JASINEK.mp3\",\"type\":\"audio\\\/mpeg\",\"title\":\"Hej m\\u00f3j Jasinek\",\"caption\":\"\",\"description\":\"\\\"Hej m\\u00f3j Jasinek\\\" autor: ZPiT Nowa Huta. Rok wydania: 2016. Utw\\u00f3r 4.\",\"meta\":{\"artist\":\"Zesp\\u00f3\\u0142 Pie\\u015bni i Ta\\u0144ca Nowa Huta\",\"year\":\"2016\",\"length_formatted\":\"1:00\"},\"image\":{\"src\":\"https:\\\/\\\/nck.krakow.pl\\\/nowahuta\\\/wp-includes\\\/images\\\/media\\\/audio.svg\",\"width\":48,\"height\":64},\"thumb\":{\"src\":\"https:\\\/\\\/nck.krakow.pl\\\/nowahuta\\\/wp-includes\\\/images\\\/media\\\/audio.svg\",\"width\":48,\"height\":64}},{\"src\":\"https:\\\/\\\/nck.krakow.pl\\\/nowahuta\\\/wp-content\\\/uploads\\\/2016\\\/10\\\/005_MAZUR.mp3\",\"type\":\"audio\\\/mpeg\",\"title\":\"Mazur\",\"caption\":\"\",\"description\":\"\\\"Mazur\\\" autor: ZPiT Nowa Huta. Rok wydania: 2016. Utw\\u00f3r 5.\",\"meta\":{\"artist\":\"Zesp\\u00f3\\u0142 Pie\\u015bni i Ta\\u0144ca Nowa Huta\",\"year\":\"2016\",\"length_formatted\":\"1:00\"},\"image\":{\"src\":\"https:\\\/\\\/nck.krakow.pl\\\/nowahuta\\\/wp-includes\\\/images\\\/media\\\/audio.svg\",\"width\":48,\"height\":64},\"thumb\":{\"src\":\"https:\\\/\\\/nck.krakow.pl\\\/nowahuta\\\/wp-includes\\\/images\\\/media\\\/audio.svg\",\"width\":48,\"height\":64}},{\"src\":\"https:\\\/\\\/nck.krakow.pl\\\/nowahuta\\\/wp-content\\\/uploads\\\/2016\\\/10\\\/006_SIWE-OCZKA.mp3\",\"type\":\"audio\\\/mpeg\",\"title\":\"Siwe Oczka\",\"caption\":\"\",\"description\":\"\\\"Siwe oczka\\\" autor: ZPiT Nowa Huta. Rok wydania: 2016. Utw\\u00f3r 6.\",\"meta\":{\"artist\":\"Zesp\\u00f3\\u0142 Pie\\u015bni i Ta\\u0144ca Nowa Huta\",\"year\":\"2016\",\"length_formatted\":\"1:00\"},\"image\":{\"src\":\"https:\\\/\\\/nck.krakow.pl\\\/nowahuta\\\/wp-includes\\\/images\\\/media\\\/audio.svg\",\"width\":48,\"height\":64},\"thumb\":{\"src\":\"https:\\\/\\\/nck.krakow.pl\\\/nowahuta\\\/wp-includes\\\/images\\\/media\\\/audio.svg\",\"width\":48,\"height\":64}},{\"src\":\"https:\\\/\\\/nck.krakow.pl\\\/nowahuta\\\/wp-content\\\/uploads\\\/2016\\\/10\\\/007_KUJAWIAK-Z-OBERKIEM.mp3\",\"type\":\"audio\\\/mpeg\",\"title\":\"Kujawiak z oberkiem\",\"caption\":\"\",\"description\":\"\\\"Kujawiak z oberkiem\\\" autor: ZPiT Nowa Huta. Rok wydania: 2016. Utw\\u00f3r 7.\",\"meta\":{\"artist\":\"Zesp\\u00f3\\u0142 Pie\\u015bni i Ta\\u0144ca Nowa Huta\",\"year\":\"2016\",\"length_formatted\":\"1:00\"},\"image\":{\"src\":\"https:\\\/\\\/nck.krakow.pl\\\/nowahuta\\\/wp-includes\\\/images\\\/media\\\/audio.svg\",\"width\":48,\"height\":64},\"thumb\":{\"src\":\"https:\\\/\\\/nck.krakow.pl\\\/nowahuta\\\/wp-includes\\\/images\\\/media\\\/audio.svg\",\"width\":48,\"height\":64}},{\"src\":\"https:\\\/\\\/nck.krakow.pl\\\/nowahuta\\\/wp-content\\\/uploads\\\/2016\\\/10\\\/008_SUITA-S\\u0104DECKA.mp3\",\"type\":\"audio\\\/mpeg\",\"title\":\"Suita S\\u0105decka\",\"caption\":\"\",\"description\":\"\\\"008_suita-sadecka\\\". Rok wydania: 2016.\",\"meta\":{\"artist\":\"Zesp\\u00f3\\u0142 Pie\\u015bni i Ta\\u0144ca Nowa Huta\",\"year\":\"2016\",\"length_formatted\":\"1:00\"},\"image\":{\"src\":\"https:\\\/\\\/nck.krakow.pl\\\/nowahuta\\\/wp-includes\\\/images\\\/media\\\/audio.svg\",\"width\":48,\"height\":64},\"thumb\":{\"src\":\"https:\\\/\\\/nck.krakow.pl\\\/nowahuta\\\/wp-includes\\\/images\\\/media\\\/audio.svg\",\"width\":48,\"height\":64}},{\"src\":\"https:\\\/\\\/nck.krakow.pl\\\/nowahuta\\\/wp-content\\\/uploads\\\/2016\\\/10\\\/009_TA\\u0143CE-\\u017bYWIECKIE.mp3\",\"type\":\"audio\\\/mpeg\",\"title\":\"Ta\\u0144ce \\u017bywieckie\",\"caption\":\"\",\"description\":\"\\\"009_tance-zywieckie\\\". Rok wydania: 2016.\",\"meta\":{\"artist\":\"Zesp\\u00f3\\u0142 Pie\\u015bni i Ta\\u0144ca Nowa Huta\",\"year\":\"2016\",\"length_formatted\":\"1:00\"},\"image\":{\"src\":\"https:\\\/\\\/nck.krakow.pl\\\/nowahuta\\\/wp-includes\\\/images\\\/media\\\/audio.svg\",\"width\":48,\"height\":64},\"thumb\":{\"src\":\"https:\\\/\\\/nck.krakow.pl\\\/nowahuta\\\/wp-includes\\\/images\\\/media\\\/audio.svg\",\"width\":48,\"height\":64}},{\"src\":\"https:\\\/\\\/nck.krakow.pl\\\/nowahuta\\\/wp-content\\\/uploads\\\/2016\\\/10\\\/010_U\\u015aNIJ-\\u017bE-MI-U\\u015aNIJ.mp3\",\"type\":\"audio\\\/mpeg\",\"title\":\"Usnij \\u017ce mi usnij\",\"caption\":\"\",\"description\":\"\\\"Usnij \\u017ce mi usnij\\\" autor: ZPiT Nowa Huta. Rok wydania: 2016. Utw\\u00f3r 10.\",\"meta\":{\"artist\":\"ZPiT Nowa Huta\",\"album\":\"Zesp\\u00f3\\u0142 Pie\\u015bni i Ta\\u0144ca Nowa Huta\",\"year\":\"2016\",\"length_formatted\":\"1:00\"},\"image\":{\"src\":\"https:\\\/\\\/nck.krakow.pl\\\/nowahuta\\\/wp-includes\\\/images\\\/media\\\/audio.svg\",\"width\":48,\"height\":64},\"thumb\":{\"src\":\"https:\\\/\\\/nck.krakow.pl\\\/nowahuta\\\/wp-includes\\\/images\\\/media\\\/audio.svg\",\"width\":48,\"height\":64}},{\"src\":\"https:\\\/\\\/nck.krakow.pl\\\/nowahuta\\\/wp-content\\\/uploads\\\/2016\\\/10\\\/011_SUITA-PIE\\u015aNI-I-TA\\u0143C\\u00d3W-RZESZOWSKICH.mp3\",\"type\":\"audio\\\/mpeg\",\"title\":\"Suita pie\\u015bni i ta\\u0144c\\u00f3w rzeszowkich\",\"caption\":\"\",\"description\":\"\\\"Rzesz\\u00f3w\\\" autor: ZPiT Nowa Huta. Rok wydania: 2016. Utw\\u00f3r 11.\",\"meta\":{\"artist\":\"Zesp\\u00f3\\u0142 Pie\\u015bni i Ta\\u0144ca Nowa Huta\",\"year\":\"2016\",\"length_formatted\":\"1:00\"},\"image\":{\"src\":\"https:\\\/\\\/nck.krakow.pl\\\/nowahuta\\\/wp-includes\\\/images\\\/media\\\/audio.svg\",\"width\":48,\"height\":64},\"thumb\":{\"src\":\"https:\\\/\\\/nck.krakow.pl\\\/nowahuta\\\/wp-includes\\\/images\\\/media\\\/audio.svg\",\"width\":48,\"height\":64}},{\"src\":\"https:\\\/\\\/nck.krakow.pl\\\/nowahuta\\\/wp-content\\\/uploads\\\/2016\\\/10\\\/012_PRZEPI\\u00d3RECZKA.mp3\",\"type\":\"audio\\\/mpeg\",\"title\":\"Przepi\\u00f3reczka\",\"caption\":\"\",\"description\":\"\\\"Przepi\\u00f3reczka\\\" autor: ZPiT Nowa Huta. Rok wydania: 2016. Utw\\u00f3r 12.\",\"meta\":{\"artist\":\"Zesp\\u00f3\\u0142 Pie\\u015bni i Ta\\u0144ca Nowa Huta\",\"year\":\"2016\",\"length_formatted\":\"1:00\"},\"image\":{\"src\":\"https:\\\/\\\/nck.krakow.pl\\\/nowahuta\\\/wp-includes\\\/images\\\/media\\\/audio.svg\",\"width\":48,\"height\":64},\"thumb\":{\"src\":\"https:\\\/\\\/nck.krakow.pl\\\/nowahuta\\\/wp-includes\\\/images\\\/media\\\/audio.svg\",\"width\":48,\"height\":64}},{\"src\":\"https:\\\/\\\/nck.krakow.pl\\\/nowahuta\\\/wp-content\\\/uploads\\\/2016\\\/10\\\/013_LAJKONIKU-LAJ-LAJ.mp3\",\"type\":\"audio\\\/mpeg\",\"title\":\"Lajkoniku Laj Laj\",\"caption\":\"\",\"description\":\"\\\"Krakowiak z lajkonikiem\\\" autor: ZPiT Nowa Huta. Rok wydania: 2016. Utw\\u00f3r 13.\",\"meta\":{\"artist\":\"Zesp\\u00f3\\u0142 Pie\\u015bni i Ta\\u0144ca Nowa Huta\",\"year\":\"2016\",\"length_formatted\":\"1:00\"},\"image\":{\"src\":\"https:\\\/\\\/nck.krakow.pl\\\/nowahuta\\\/wp-includes\\\/images\\\/media\\\/audio.svg\",\"width\":48,\"height\":64},\"thumb\":{\"src\":\"https:\\\/\\\/nck.krakow.pl\\\/nowahuta\\\/wp-includes\\\/images\\\/media\\\/audio.svg\",\"width\":48,\"height\":64}}]}<\/script>\n<\/div>\n\t\n","protected":false},"excerpt":{"rendered":"","protected":false},"author":1,"featured_media":1252,"parent":0,"menu_order":0,"comment_status":"closed","ping_status":"closed","template":"","meta":{"footnotes":""},"class_list":["post-1254","page","type-page","status-publish","has-post-thumbnail","hentry"],"_links":{"self":[{"href":"https:\/\/nck.krakow.pl\/nowahuta\/wp-json\/wp\/v2\/pages\/1254"}],"collection":[{"href":"https:\/\/nck.krakow.pl\/nowahuta\/wp-json\/wp\/v2\/pages"}],"about":[{"href":"https:\/\/nck.krakow.pl\/nowahuta\/wp-json\/wp\/v2\/types\/page"}],"author":[{"embeddable":true,"href":"https:\/\/nck.krakow.pl\/nowahuta\/wp-json\/wp\/v2\/users\/1"}],"replies":[{"embeddable":true,"href":"https:\/\/nck.krakow.pl\/nowahuta\/wp-json\/wp\/v2\/comments?post=1254"}],"version-history":[{"count":1,"href":"https:\/\/nck.krakow.pl\/nowahuta\/wp-json\/wp\/v2\/pages\/1254\/revisions"}],"predecessor-version":[{"id":1255,"href":"https:\/\/nck.krakow.pl\/nowahuta\/wp-json\/wp\/v2\/pages\/1254\/revisions\/1255"}],"wp:featuredmedia":[{"embeddable":true,"href":"https:\/\/nck.krakow.pl\/nowahuta\/wp-json\/wp\/v2\/media\/1252"}],"wp:attachment":[{"href":"https:\/\/nck.krakow.pl\/nowahuta\/wp-json\/wp\/v2\/media?parent=1254"}],"curies":[{"name":"wp","href":"https:\/\/api.w.org\/{rel}","templated":true}]}}