{"id":8528,"date":"2025-12-04T12:53:51","date_gmt":"2025-12-04T12:53:51","guid":{"rendered":"https:\/\/nck.krakow.pl\/kcc\/?page_id=8528"},"modified":"2025-12-04T12:53:55","modified_gmt":"2025-12-04T12:53:55","slug":"edn","status":"publish","type":"page","link":"https:\/\/nck.krakow.pl\/kcc\/edn\/","title":{"rendered":"EDN"},"content":{"rendered":"\n<p>W 2025 roku Krakowskie Centrum Choreograficzne \u2013 Nowohuckie Centrum Kultury do\u0142\u0105czy\u0142o do sieci EDN. EDN &#8211; European Dance Development Network to stowarzyszenie organizacji zajmuj\u0105cych si\u0119 rozwojem ta\u0144ca, maj\u0105cych siedziby w Europie. Sie\u0107 zrzesza 55 organizacji cz\u0142onkowskich z 29 kraj\u00f3w Europy. Krakowskie Centrum Choreograficzne jest na ten moment jedynym partnerem z Polski.<\/p>\n\n\n\n<p>EDN dzia\u0142a na rzecz bardziej zr\u00f3wnowa\u017conej, post\u0119powej i sprawiedliwej dziedziny ta\u0144ca wsp\u00f3\u0142czesnego. Dzia\u0142a na rzecz lepszych warunk\u00f3w pracy w ta\u0144cu wsp\u00f3\u0142czesnym, podnosi \u015bwiadomo\u015b\u0107 na temat roli ta\u0144ca we wsp\u00f3\u0142czesnych spo\u0142ecze\u0144stwach oraz wsp\u00f3\u0142tworzy okazje do dzielenia si\u0119 i wymiany do\u015bwiadcze\u0144 poprzez organizowanie warsztat\u00f3w, spotka\u0144 i szkole\u0144 projektowanych przez i dla profesjonalist\u00f3w z sektora ta\u0144ca.<\/p>\n\n\n\n<p>Wi\u0119cej o EDN mo\u017cna przeczyta\u0107 <a href=\"https:\/\/www.ednetwork.eu\/\" target=\"_blank\" rel=\"noreferrer noopener\">tutaj<\/a>.<\/p>\n\n\n\n<figure class=\"wp-block-embed is-type-video is-provider-vimeo wp-block-embed-vimeo wp-embed-aspect-16-9 wp-has-aspect-ratio\"><div class=\"wp-block-embed__wrapper\">\n<iframe loading=\"lazy\" title=\"EDN video presentation\" src=\"https:\/\/player.vimeo.com\/video\/1028738017?dnt=1&amp;app_id=122963\" width=\"768\" height=\"432\" frameborder=\"0\" allow=\"autoplay; fullscreen; picture-in-picture; clipboard-write; encrypted-media; web-share\" referrerpolicy=\"strict-origin-when-cross-origin\"><\/iframe>\n<\/div><\/figure>\n\n\n\n<figure class=\"wp-block-image size-large is-resized\"><img loading=\"lazy\" decoding=\"async\" width=\"1024\" height=\"356\" src=\"https:\/\/nck.krakow.pl\/kcc\/wp-content\/uploads\/2025\/12\/EDN_Logo_M_RGB_300dpi_Black_1-1024x356.png\" alt=\"\" class=\"wp-image-8529\" style=\"width:319px;height:auto\" srcset=\"https:\/\/nck.krakow.pl\/kcc\/wp-content\/uploads\/2025\/12\/EDN_Logo_M_RGB_300dpi_Black_1-1024x356.png 1024w, https:\/\/nck.krakow.pl\/kcc\/wp-content\/uploads\/2025\/12\/EDN_Logo_M_RGB_300dpi_Black_1-300x104.png 300w, https:\/\/nck.krakow.pl\/kcc\/wp-content\/uploads\/2025\/12\/EDN_Logo_M_RGB_300dpi_Black_1-768x267.png 768w, https:\/\/nck.krakow.pl\/kcc\/wp-content\/uploads\/2025\/12\/EDN_Logo_M_RGB_300dpi_Black_1-1536x534.png 1536w, https:\/\/nck.krakow.pl\/kcc\/wp-content\/uploads\/2025\/12\/EDN_Logo_M_RGB_300dpi_Black_1-2048x713.png 2048w\" sizes=\"(max-width: 1024px) 100vw, 1024px\" \/><\/figure>\n\n\n\n<figure class=\"wp-block-image size-large is-resized\"><img loading=\"lazy\" decoding=\"async\" width=\"1024\" height=\"215\" src=\"https:\/\/nck.krakow.pl\/kcc\/wp-content\/uploads\/2025\/12\/EN-Co-funded-by-the-EU_BLACK-1024x215.jpg\" alt=\"\" class=\"wp-image-8530\" style=\"width:307px;height:auto\" srcset=\"https:\/\/nck.krakow.pl\/kcc\/wp-content\/uploads\/2025\/12\/EN-Co-funded-by-the-EU_BLACK-1024x215.jpg 1024w, https:\/\/nck.krakow.pl\/kcc\/wp-content\/uploads\/2025\/12\/EN-Co-funded-by-the-EU_BLACK-300x63.jpg 300w, https:\/\/nck.krakow.pl\/kcc\/wp-content\/uploads\/2025\/12\/EN-Co-funded-by-the-EU_BLACK-768x161.jpg 768w, https:\/\/nck.krakow.pl\/kcc\/wp-content\/uploads\/2025\/12\/EN-Co-funded-by-the-EU_BLACK-1536x322.jpg 1536w, https:\/\/nck.krakow.pl\/kcc\/wp-content\/uploads\/2025\/12\/EN-Co-funded-by-the-EU_BLACK-2048x430.jpg 2048w\" sizes=\"(max-width: 1024px) 100vw, 1024px\" \/><\/figure>\n","protected":false},"excerpt":{"rendered":"<p>W 2025 roku Krakowskie Centrum Choreograficzne \u2013 Nowohuckie Centrum Kultury do\u0142\u0105czy\u0142o do sieci EDN. EDN &#8211; European Dance Development Network to stowarzyszenie organizacji zajmuj\u0105cych si\u0119 rozwojem ta\u0144ca, maj\u0105cych siedziby w Europie. Sie\u0107 zrzesza 55 organizacji cz\u0142onkowskich z 29 kraj\u00f3w Europy. Krakowskie Centrum Choreograficzne jest na ten moment jedynym partnerem z Polski. EDN dzia\u0142a na rzecz [&hellip;]<\/p>\n","protected":false},"author":5,"featured_media":0,"parent":0,"menu_order":0,"comment_status":"closed","ping_status":"closed","template":"","meta":{"footnotes":""},"class_list":["post-8528","page","type-page","status-publish","hentry"],"yoast_head":"<!-- This site is optimized with the Yoast SEO plugin v19.12 - https:\/\/yoast.com\/wordpress\/plugins\/seo\/ -->\n<title>EDN - Krakowskie Centrum Choreograficzne<\/title>\n<meta name=\"robots\" content=\"index, follow, max-snippet:-1, max-image-preview:large, max-video-preview:-1\" \/>\n<link rel=\"canonical\" href=\"https:\/\/nck.krakow.pl\/kcc\/edn\/\" \/>\n<meta property=\"og:locale\" content=\"pl_PL\" \/>\n<meta property=\"og:type\" content=\"article\" \/>\n<meta property=\"og:title\" content=\"EDN - Krakowskie Centrum Choreograficzne\" \/>\n<meta property=\"og:description\" content=\"W 2025 roku Krakowskie Centrum Choreograficzne \u2013 Nowohuckie Centrum Kultury do\u0142\u0105czy\u0142o do sieci EDN. EDN &#8211; European Dance Development Network to stowarzyszenie organizacji zajmuj\u0105cych si\u0119 rozwojem ta\u0144ca, maj\u0105cych siedziby w Europie. Sie\u0107 zrzesza 55 organizacji cz\u0142onkowskich z 29 kraj\u00f3w Europy. Krakowskie Centrum Choreograficzne jest na ten moment jedynym partnerem z Polski. EDN dzia\u0142a na rzecz [&hellip;]\" \/>\n<meta property=\"og:url\" content=\"https:\/\/nck.krakow.pl\/kcc\/edn\/\" \/>\n<meta property=\"og:site_name\" content=\"Krakowskie Centrum Choreograficzne\" \/>\n<meta property=\"article:modified_time\" content=\"2025-12-04T12:53:55+00:00\" \/>\n<meta property=\"og:image\" content=\"https:\/\/nck.krakow.pl\/kcc\/wp-content\/uploads\/2025\/12\/EDN_Logo_M_RGB_300dpi_Black_1-1024x356.png\" \/>\n<meta name=\"twitter:card\" content=\"summary_large_image\" \/>\n<meta name=\"twitter:label1\" content=\"Est. reading time\" \/>\n\t<meta name=\"twitter:data1\" content=\"2 minuty\" \/>\n<script type=\"application\/ld+json\" class=\"yoast-schema-graph\">{\"@context\":\"https:\/\/schema.org\",\"@graph\":[{\"@type\":\"WebPage\",\"@id\":\"https:\/\/nck.krakow.pl\/kcc\/edn\/\",\"url\":\"https:\/\/nck.krakow.pl\/kcc\/edn\/\",\"name\":\"EDN - Krakowskie Centrum Choreograficzne\",\"isPartOf\":{\"@id\":\"https:\/\/nck.krakow.pl\/kcc\/#website\"},\"datePublished\":\"2025-12-04T12:53:51+00:00\",\"dateModified\":\"2025-12-04T12:53:55+00:00\",\"breadcrumb\":{\"@id\":\"https:\/\/nck.krakow.pl\/kcc\/edn\/#breadcrumb\"},\"inLanguage\":\"pl-PL\",\"potentialAction\":[{\"@type\":\"ReadAction\",\"target\":[\"https:\/\/nck.krakow.pl\/kcc\/edn\/\"]}]},{\"@type\":\"BreadcrumbList\",\"@id\":\"https:\/\/nck.krakow.pl\/kcc\/edn\/#breadcrumb\",\"itemListElement\":[{\"@type\":\"ListItem\",\"position\":1,\"name\":\"Strona g\u0142\u00f3wna\",\"item\":\"https:\/\/nck.krakow.pl\/kcc\/\"},{\"@type\":\"ListItem\",\"position\":2,\"name\":\"EDN\"}]},{\"@type\":\"WebSite\",\"@id\":\"https:\/\/nck.krakow.pl\/kcc\/#website\",\"url\":\"https:\/\/nck.krakow.pl\/kcc\/\",\"name\":\"Krakowskie Centrum Choreograficzne\",\"description\":\"\",\"publisher\":{\"@id\":\"https:\/\/nck.krakow.pl\/kcc\/#organization\"},\"potentialAction\":[{\"@type\":\"SearchAction\",\"target\":{\"@type\":\"EntryPoint\",\"urlTemplate\":\"https:\/\/nck.krakow.pl\/kcc\/?s={search_term_string}\"},\"query-input\":\"required name=search_term_string\"}],\"inLanguage\":\"pl-PL\"},{\"@type\":\"Organization\",\"@id\":\"https:\/\/nck.krakow.pl\/kcc\/#organization\",\"name\":\"Krakowskie Centrum Choreograficzne\",\"url\":\"https:\/\/nck.krakow.pl\/kcc\/\",\"logo\":{\"@type\":\"ImageObject\",\"inLanguage\":\"pl-PL\",\"@id\":\"https:\/\/nck.krakow.pl\/kcc\/#\/schema\/logo\/image\/\",\"url\":\"https:\/\/nck.krakow.pl\/kcc\/wp-content\/uploads\/2020\/01\/cropped-logo-kcc-2020.png\",\"contentUrl\":\"https:\/\/nck.krakow.pl\/kcc\/wp-content\/uploads\/2020\/01\/cropped-logo-kcc-2020.png\",\"width\":116,\"height\":55,\"caption\":\"Krakowskie Centrum Choreograficzne\"},\"image\":{\"@id\":\"https:\/\/nck.krakow.pl\/kcc\/#\/schema\/logo\/image\/\"}}]}<\/script>\n<!-- \/ Yoast SEO plugin. -->","yoast_head_json":{"title":"EDN - Krakowskie Centrum Choreograficzne","robots":{"index":"index","follow":"follow","max-snippet":"max-snippet:-1","max-image-preview":"max-image-preview:large","max-video-preview":"max-video-preview:-1"},"canonical":"https:\/\/nck.krakow.pl\/kcc\/edn\/","og_locale":"pl_PL","og_type":"article","og_title":"EDN - Krakowskie Centrum Choreograficzne","og_description":"W 2025 roku Krakowskie Centrum Choreograficzne \u2013 Nowohuckie Centrum Kultury do\u0142\u0105czy\u0142o do sieci EDN. EDN &#8211; European Dance Development Network to stowarzyszenie organizacji zajmuj\u0105cych si\u0119 rozwojem ta\u0144ca, maj\u0105cych siedziby w Europie. Sie\u0107 zrzesza 55 organizacji cz\u0142onkowskich z 29 kraj\u00f3w Europy. Krakowskie Centrum Choreograficzne jest na ten moment jedynym partnerem z Polski. EDN dzia\u0142a na rzecz [&hellip;]","og_url":"https:\/\/nck.krakow.pl\/kcc\/edn\/","og_site_name":"Krakowskie Centrum Choreograficzne","article_modified_time":"2025-12-04T12:53:55+00:00","og_image":[{"url":"https:\/\/nck.krakow.pl\/kcc\/wp-content\/uploads\/2025\/12\/EDN_Logo_M_RGB_300dpi_Black_1-1024x356.png"}],"twitter_card":"summary_large_image","twitter_misc":{"Est. reading time":"2 minuty"},"schema":{"@context":"https:\/\/schema.org","@graph":[{"@type":"WebPage","@id":"https:\/\/nck.krakow.pl\/kcc\/edn\/","url":"https:\/\/nck.krakow.pl\/kcc\/edn\/","name":"EDN - Krakowskie Centrum Choreograficzne","isPartOf":{"@id":"https:\/\/nck.krakow.pl\/kcc\/#website"},"datePublished":"2025-12-04T12:53:51+00:00","dateModified":"2025-12-04T12:53:55+00:00","breadcrumb":{"@id":"https:\/\/nck.krakow.pl\/kcc\/edn\/#breadcrumb"},"inLanguage":"pl-PL","potentialAction":[{"@type":"ReadAction","target":["https:\/\/nck.krakow.pl\/kcc\/edn\/"]}]},{"@type":"BreadcrumbList","@id":"https:\/\/nck.krakow.pl\/kcc\/edn\/#breadcrumb","itemListElement":[{"@type":"ListItem","position":1,"name":"Strona g\u0142\u00f3wna","item":"https:\/\/nck.krakow.pl\/kcc\/"},{"@type":"ListItem","position":2,"name":"EDN"}]},{"@type":"WebSite","@id":"https:\/\/nck.krakow.pl\/kcc\/#website","url":"https:\/\/nck.krakow.pl\/kcc\/","name":"Krakowskie Centrum Choreograficzne","description":"","publisher":{"@id":"https:\/\/nck.krakow.pl\/kcc\/#organization"},"potentialAction":[{"@type":"SearchAction","target":{"@type":"EntryPoint","urlTemplate":"https:\/\/nck.krakow.pl\/kcc\/?s={search_term_string}"},"query-input":"required name=search_term_string"}],"inLanguage":"pl-PL"},{"@type":"Organization","@id":"https:\/\/nck.krakow.pl\/kcc\/#organization","name":"Krakowskie Centrum Choreograficzne","url":"https:\/\/nck.krakow.pl\/kcc\/","logo":{"@type":"ImageObject","inLanguage":"pl-PL","@id":"https:\/\/nck.krakow.pl\/kcc\/#\/schema\/logo\/image\/","url":"https:\/\/nck.krakow.pl\/kcc\/wp-content\/uploads\/2020\/01\/cropped-logo-kcc-2020.png","contentUrl":"https:\/\/nck.krakow.pl\/kcc\/wp-content\/uploads\/2020\/01\/cropped-logo-kcc-2020.png","width":116,"height":55,"caption":"Krakowskie Centrum Choreograficzne"},"image":{"@id":"https:\/\/nck.krakow.pl\/kcc\/#\/schema\/logo\/image\/"}}]}},"_links":{"self":[{"href":"https:\/\/nck.krakow.pl\/kcc\/wp-json\/wp\/v2\/pages\/8528"}],"collection":[{"href":"https:\/\/nck.krakow.pl\/kcc\/wp-json\/wp\/v2\/pages"}],"about":[{"href":"https:\/\/nck.krakow.pl\/kcc\/wp-json\/wp\/v2\/types\/page"}],"author":[{"embeddable":true,"href":"https:\/\/nck.krakow.pl\/kcc\/wp-json\/wp\/v2\/users\/5"}],"replies":[{"embeddable":true,"href":"https:\/\/nck.krakow.pl\/kcc\/wp-json\/wp\/v2\/comments?post=8528"}],"version-history":[{"count":1,"href":"https:\/\/nck.krakow.pl\/kcc\/wp-json\/wp\/v2\/pages\/8528\/revisions"}],"predecessor-version":[{"id":8531,"href":"https:\/\/nck.krakow.pl\/kcc\/wp-json\/wp\/v2\/pages\/8528\/revisions\/8531"}],"wp:attachment":[{"href":"https:\/\/nck.krakow.pl\/kcc\/wp-json\/wp\/v2\/media?parent=8528"}],"curies":[{"name":"wp","href":"https:\/\/api.w.org\/{rel}","templated":true}]}}