{"id":825,"date":"2016-08-17T13:19:26","date_gmt":"2016-08-17T13:19:26","guid":{"rendered":"http:\/\/kcc.new.nck.krakow.pl\/?page_id=825"},"modified":"2025-06-27T13:53:10","modified_gmt":"2025-06-27T13:53:10","slug":"kontakt","status":"publish","type":"page","link":"https:\/\/nck.krakow.pl\/kcc\/kontakt\/","title":{"rendered":"kontakt"},"content":{"rendered":"\n<p>Napisz lub zadzwo\u0144 do nas, jeste\u015bmy do Twojej dyspozycji!<\/p>\n\n\n\n<div style=\"height:21px\" aria-hidden=\"true\" class=\"wp-block-spacer\"><\/div>\n\n\n\n<h4 class=\"wp-block-heading\">Krakowskie Centrum Choreograficzne<br>Nowohuckie Centrum Kultury<\/h4>\n\n\n\n<p>al. Jana Paw\u0142a II 232<br>31-913 Krak\u00f3w<\/p>\n\n\n\n<p>e-mail: kcc@nck.krakow.pl<br>+48 12 644 02 66 wew. 20<\/p>\n\n\n\n<p><strong>Propozycje wsp\u00f3\u0142pracy prosimy kierowa\u0107 na maila: <u><a href=\"mailto:kcc@nck.krakow.pl\">kcc@nck.krakow.pl<\/a>.<\/u><\/strong><\/p>\n\n\n\n<div style=\"height:20px\" aria-hidden=\"true\" class=\"wp-block-spacer\"><\/div>\n\n\n\n<h4 class=\"wp-block-heading\">Nasz zesp\u00f3\u0142<\/h4>\n\n\n\n<p><strong>Monika W\u0119grzynowicz<br><\/strong><a href=\"mailto:monika.wegrzynowicz@nck.krakow.pl\">monika.wegrzynowicz@nck.krakow.pl<\/a><\/p>\n\n\n\n<p><strong>Aleksandra Honza<br><\/strong><a href=\"mailto:aleksandra.honza@nck.krakow.pl\" data-type=\"mailto\" data-id=\"mailto:aleksandra.honza@nck.krakow.pl\">aleksandra.honza@nck.krakow.pl<\/a><\/p>\n\n\n\n<p><strong>Dominika Wiak<br><\/strong><a href=\"mailto:dominika.wiak@nck.krakow.pl\">dominika.wiak@nck.krakow.pl<\/a><\/p>\n\n\n\n<p><strong>Karolina Graca<br><\/strong><a href=\"mailto:karolina.graca@nck.krakow.pl\">karolina.graca@nck.krakow.pl<\/a><\/p>\n\n\n\n<p><strong>Agnieszka Bara\u0144ska-Kozik<br><\/strong><a href=\"mailto:agnieszka.baranska@nck.krakow.pl\">agnieszka.baranska@nck.krakow.pl<\/a><\/p>\n\n\n\n<p><strong>Monika Szpunar<br><\/strong><a href=\"mailto:monika.szpunar@nck.krakow.pl\">monika.szpunar@nck.krakow.pl<\/a><\/p>\n\n\n\n<div style=\"height:39px\" aria-hidden=\"true\" class=\"wp-block-spacer\"><\/div>\n\n\n\n<h4 class=\"wp-block-heading\">Dane do faktur<\/h4>\n\n\n\n<p>Nr konta:&nbsp;<br><strong>PKO Bank Polski 72 1020 2892 0000 5002 0648 1669<\/strong><br>NIP:<br><strong>675-000-65-76<\/strong><br>Regon:<br><strong>001002538<\/strong><\/p>\n\n\n\n<div style=\"height:50px\" aria-hidden=\"true\" class=\"wp-block-spacer\"><\/div>\n\n\n\n<h4 class=\"wp-block-heading\">\u015aled\u017a nas r\u00f3wnie\u017c na:<\/h4>\n\n\n\n<p><a href=\"https:\/\/www.facebook.com\/kcc.nck\" target=\"_blank\" rel=\"noopener noreferrer\">www.facebook.com\/kcc.nck<\/a><\/p>\n\n\n\n<p><a href=\"https:\/\/vimeo.com\/kccnck\" target=\"_blank\" rel=\"noopener noreferrer\">www.vimeo.com\/kccnck<\/a><\/p>\n\n\n\n<p><a href=\"https:\/\/instagram.com\/kccnck\" target=\"_blank\" rel=\"noopener noreferrer\">www.instagram.com\/kccnck<\/a><\/p>\n","protected":false},"excerpt":{"rendered":"<p>Napisz lub zadzwo\u0144 do nas, jeste\u015bmy do Twojej dyspozycji! Krakowskie Centrum ChoreograficzneNowohuckie Centrum Kultury al. Jana Paw\u0142a II 23231-913 Krak\u00f3w e-mail: kcc@nck.krakow.pl+48 12 644 02 66 wew. 20 Propozycje wsp\u00f3\u0142pracy prosimy kierowa\u0107 na maila: kcc@nck.krakow.pl. Nasz zesp\u00f3\u0142 Monika W\u0119grzynowiczmonika.wegrzynowicz@nck.krakow.pl Aleksandra Honzaaleksandra.honza@nck.krakow.pl Dominika Wiakdominika.wiak@nck.krakow.pl Karolina Gracakarolina.graca@nck.krakow.pl Agnieszka Bara\u0144ska-Kozikagnieszka.baranska@nck.krakow.pl Monika Szpunarmonika.szpunar@nck.krakow.pl Dane do faktur Nr konta:&nbsp;PKO Bank [&hellip;]<\/p>\n","protected":false},"author":2,"featured_media":0,"parent":0,"menu_order":0,"comment_status":"closed","ping_status":"closed","template":"","meta":{"footnotes":""},"class_list":["post-825","page","type-page","status-publish","hentry"],"yoast_head":"<!-- This site is optimized with the Yoast SEO plugin v19.12 - https:\/\/yoast.com\/wordpress\/plugins\/seo\/ -->\n<title>kontakt Krakowskie Centrum Choreograficzne - zesp\u00f3\u0142<\/title>\n<meta name=\"description\" content=\"W sprawie wsp\u00f3\u0142pracy z Krakowskim Centrum Choreograficznym prosimy o kontakt mailowy: kcc@nck.krakow.pl b\u0105d\u017a telefoniczny: +48 12 644 02 66 wew. 20\" \/>\n<meta name=\"robots\" content=\"index, follow, max-snippet:-1, max-image-preview:large, max-video-preview:-1\" \/>\n<link rel=\"canonical\" href=\"https:\/\/nck.krakow.pl\/kcc\/kontakt\/\" \/>\n<meta property=\"og:locale\" content=\"pl_PL\" \/>\n<meta property=\"og:type\" content=\"article\" \/>\n<meta property=\"og:title\" content=\"kontakt Krakowskie Centrum Choreograficzne - zesp\u00f3\u0142\" \/>\n<meta property=\"og:description\" content=\"W sprawie wsp\u00f3\u0142pracy z Krakowskim Centrum Choreograficznym prosimy o kontakt mailowy: kcc@nck.krakow.pl b\u0105d\u017a telefoniczny: +48 12 644 02 66 wew. 20\" \/>\n<meta property=\"og:url\" content=\"https:\/\/nck.krakow.pl\/kcc\/kontakt\/\" \/>\n<meta property=\"og:site_name\" content=\"Krakowskie Centrum Choreograficzne\" \/>\n<meta property=\"article:modified_time\" content=\"2025-06-27T13:53:10+00:00\" \/>\n<meta name=\"twitter:card\" content=\"summary_large_image\" \/>\n<meta name=\"twitter:label1\" content=\"Est. reading time\" \/>\n\t<meta name=\"twitter:data1\" content=\"1 minuta\" \/>\n<script type=\"application\/ld+json\" class=\"yoast-schema-graph\">{\"@context\":\"https:\/\/schema.org\",\"@graph\":[{\"@type\":\"WebPage\",\"@id\":\"https:\/\/nck.krakow.pl\/kcc\/kontakt\/\",\"url\":\"https:\/\/nck.krakow.pl\/kcc\/kontakt\/\",\"name\":\"kontakt Krakowskie Centrum Choreograficzne - zesp\u00f3\u0142\",\"isPartOf\":{\"@id\":\"https:\/\/nck.krakow.pl\/kcc\/#website\"},\"datePublished\":\"2016-08-17T13:19:26+00:00\",\"dateModified\":\"2025-06-27T13:53:10+00:00\",\"description\":\"W sprawie wsp\u00f3\u0142pracy z Krakowskim Centrum Choreograficznym prosimy o kontakt mailowy: kcc@nck.krakow.pl b\u0105d\u017a telefoniczny: +48 12 644 02 66 wew. 20\",\"breadcrumb\":{\"@id\":\"https:\/\/nck.krakow.pl\/kcc\/kontakt\/#breadcrumb\"},\"inLanguage\":\"pl-PL\",\"potentialAction\":[{\"@type\":\"ReadAction\",\"target\":[\"https:\/\/nck.krakow.pl\/kcc\/kontakt\/\"]}]},{\"@type\":\"BreadcrumbList\",\"@id\":\"https:\/\/nck.krakow.pl\/kcc\/kontakt\/#breadcrumb\",\"itemListElement\":[{\"@type\":\"ListItem\",\"position\":1,\"name\":\"Strona g\u0142\u00f3wna\",\"item\":\"https:\/\/nck.krakow.pl\/kcc\/\"},{\"@type\":\"ListItem\",\"position\":2,\"name\":\"kontakt\"}]},{\"@type\":\"WebSite\",\"@id\":\"https:\/\/nck.krakow.pl\/kcc\/#website\",\"url\":\"https:\/\/nck.krakow.pl\/kcc\/\",\"name\":\"Krakowskie Centrum Choreograficzne\",\"description\":\"\",\"publisher\":{\"@id\":\"https:\/\/nck.krakow.pl\/kcc\/#organization\"},\"potentialAction\":[{\"@type\":\"SearchAction\",\"target\":{\"@type\":\"EntryPoint\",\"urlTemplate\":\"https:\/\/nck.krakow.pl\/kcc\/?s={search_term_string}\"},\"query-input\":\"required name=search_term_string\"}],\"inLanguage\":\"pl-PL\"},{\"@type\":\"Organization\",\"@id\":\"https:\/\/nck.krakow.pl\/kcc\/#organization\",\"name\":\"Krakowskie Centrum Choreograficzne\",\"url\":\"https:\/\/nck.krakow.pl\/kcc\/\",\"logo\":{\"@type\":\"ImageObject\",\"inLanguage\":\"pl-PL\",\"@id\":\"https:\/\/nck.krakow.pl\/kcc\/#\/schema\/logo\/image\/\",\"url\":\"https:\/\/nck.krakow.pl\/kcc\/wp-content\/uploads\/2020\/01\/cropped-logo-kcc-2020.png\",\"contentUrl\":\"https:\/\/nck.krakow.pl\/kcc\/wp-content\/uploads\/2020\/01\/cropped-logo-kcc-2020.png\",\"width\":116,\"height\":55,\"caption\":\"Krakowskie Centrum Choreograficzne\"},\"image\":{\"@id\":\"https:\/\/nck.krakow.pl\/kcc\/#\/schema\/logo\/image\/\"}}]}<\/script>\n<!-- \/ Yoast SEO plugin. -->","yoast_head_json":{"title":"kontakt Krakowskie Centrum Choreograficzne - zesp\u00f3\u0142","description":"W sprawie wsp\u00f3\u0142pracy z Krakowskim Centrum Choreograficznym prosimy o kontakt mailowy: kcc@nck.krakow.pl b\u0105d\u017a telefoniczny: +48 12 644 02 66 wew. 20","robots":{"index":"index","follow":"follow","max-snippet":"max-snippet:-1","max-image-preview":"max-image-preview:large","max-video-preview":"max-video-preview:-1"},"canonical":"https:\/\/nck.krakow.pl\/kcc\/kontakt\/","og_locale":"pl_PL","og_type":"article","og_title":"kontakt Krakowskie Centrum Choreograficzne - zesp\u00f3\u0142","og_description":"W sprawie wsp\u00f3\u0142pracy z Krakowskim Centrum Choreograficznym prosimy o kontakt mailowy: kcc@nck.krakow.pl b\u0105d\u017a telefoniczny: +48 12 644 02 66 wew. 20","og_url":"https:\/\/nck.krakow.pl\/kcc\/kontakt\/","og_site_name":"Krakowskie Centrum Choreograficzne","article_modified_time":"2025-06-27T13:53:10+00:00","twitter_card":"summary_large_image","twitter_misc":{"Est. reading time":"1 minuta"},"schema":{"@context":"https:\/\/schema.org","@graph":[{"@type":"WebPage","@id":"https:\/\/nck.krakow.pl\/kcc\/kontakt\/","url":"https:\/\/nck.krakow.pl\/kcc\/kontakt\/","name":"kontakt Krakowskie Centrum Choreograficzne - zesp\u00f3\u0142","isPartOf":{"@id":"https:\/\/nck.krakow.pl\/kcc\/#website"},"datePublished":"2016-08-17T13:19:26+00:00","dateModified":"2025-06-27T13:53:10+00:00","description":"W sprawie wsp\u00f3\u0142pracy z Krakowskim Centrum Choreograficznym prosimy o kontakt mailowy: kcc@nck.krakow.pl b\u0105d\u017a telefoniczny: +48 12 644 02 66 wew. 20","breadcrumb":{"@id":"https:\/\/nck.krakow.pl\/kcc\/kontakt\/#breadcrumb"},"inLanguage":"pl-PL","potentialAction":[{"@type":"ReadAction","target":["https:\/\/nck.krakow.pl\/kcc\/kontakt\/"]}]},{"@type":"BreadcrumbList","@id":"https:\/\/nck.krakow.pl\/kcc\/kontakt\/#breadcrumb","itemListElement":[{"@type":"ListItem","position":1,"name":"Strona g\u0142\u00f3wna","item":"https:\/\/nck.krakow.pl\/kcc\/"},{"@type":"ListItem","position":2,"name":"kontakt"}]},{"@type":"WebSite","@id":"https:\/\/nck.krakow.pl\/kcc\/#website","url":"https:\/\/nck.krakow.pl\/kcc\/","name":"Krakowskie Centrum Choreograficzne","description":"","publisher":{"@id":"https:\/\/nck.krakow.pl\/kcc\/#organization"},"potentialAction":[{"@type":"SearchAction","target":{"@type":"EntryPoint","urlTemplate":"https:\/\/nck.krakow.pl\/kcc\/?s={search_term_string}"},"query-input":"required name=search_term_string"}],"inLanguage":"pl-PL"},{"@type":"Organization","@id":"https:\/\/nck.krakow.pl\/kcc\/#organization","name":"Krakowskie Centrum Choreograficzne","url":"https:\/\/nck.krakow.pl\/kcc\/","logo":{"@type":"ImageObject","inLanguage":"pl-PL","@id":"https:\/\/nck.krakow.pl\/kcc\/#\/schema\/logo\/image\/","url":"https:\/\/nck.krakow.pl\/kcc\/wp-content\/uploads\/2020\/01\/cropped-logo-kcc-2020.png","contentUrl":"https:\/\/nck.krakow.pl\/kcc\/wp-content\/uploads\/2020\/01\/cropped-logo-kcc-2020.png","width":116,"height":55,"caption":"Krakowskie Centrum Choreograficzne"},"image":{"@id":"https:\/\/nck.krakow.pl\/kcc\/#\/schema\/logo\/image\/"}}]}},"_links":{"self":[{"href":"https:\/\/nck.krakow.pl\/kcc\/wp-json\/wp\/v2\/pages\/825"}],"collection":[{"href":"https:\/\/nck.krakow.pl\/kcc\/wp-json\/wp\/v2\/pages"}],"about":[{"href":"https:\/\/nck.krakow.pl\/kcc\/wp-json\/wp\/v2\/types\/page"}],"author":[{"embeddable":true,"href":"https:\/\/nck.krakow.pl\/kcc\/wp-json\/wp\/v2\/users\/2"}],"replies":[{"embeddable":true,"href":"https:\/\/nck.krakow.pl\/kcc\/wp-json\/wp\/v2\/comments?post=825"}],"version-history":[{"count":45,"href":"https:\/\/nck.krakow.pl\/kcc\/wp-json\/wp\/v2\/pages\/825\/revisions"}],"predecessor-version":[{"id":8235,"href":"https:\/\/nck.krakow.pl\/kcc\/wp-json\/wp\/v2\/pages\/825\/revisions\/8235"}],"wp:attachment":[{"href":"https:\/\/nck.krakow.pl\/kcc\/wp-json\/wp\/v2\/media?parent=825"}],"curies":[{"name":"wp","href":"https:\/\/api.w.org\/{rel}","templated":true}]}}