{"id":811,"date":"2016-08-17T13:17:33","date_gmt":"2016-08-17T13:17:33","guid":{"rendered":"http:\/\/kcc.new.nck.krakow.pl\/?page_id=811"},"modified":"2017-08-07T07:16:14","modified_gmt":"2017-08-07T07:16:14","slug":"o-grupie","status":"publish","type":"page","link":"https:\/\/nck.krakow.pl\/kcc\/o-grupie\/","title":{"rendered":"o grupie"},"content":{"rendered":"<div class=\"cont\">\n<p>Aby w pe\u0142nym wymiarze realizowa\u0107 misj\u0119 artystyczn\u0105, w marcu 2015 roku tancerki Centrum zawi\u0105za\u0142y kolektyw Grupa Wok\u00f3\u0142 Centrum, kt\u00f3ry swoimi za\u0142o\u017ceniami i struktur\u0105 ma oddawa\u0107 nowego ducha miejsca.<\/p>\n<h2>Idea<\/h2>\n<p>Idea powstania Grupy wyros\u0142a z g\u0142\u0119bokiej potrzeby wsp\u00f3\u0142pracy z innymi tw\u00f3rcami, zrzeszonymi lub niezale\u017cnymi, owocuj\u0105cej bogactwem inspiracji i r\u00f3\u017cnorodno\u015bci\u0105 w budowaniu scenicznego przekazu.<\/p>\n<blockquote><p>Wierzymy, \u017ce tylko spotkania, a czasem nawet zderzenia odmiennych estetyk ruchowych, pogl\u0105d\u00f3w na sztuk\u0119, buduj\u0105 now\u0105 jako\u015b\u0107. Interesuje nas to, co powstaje na styku. Wymiana inicjuje w nas kreatywny rozw\u00f3j, a poznawanie tego co odmienne, pozwala na stopniowe klarowanie si\u0119 w\u0142asnego j\u0119zyka scenicznego wyrazu.<\/p>\n<p>Czerpiemy z tego co prywatne, niesceniczne, parateatralne, czasem uznane powszechnie za nieprofesjonalne, aby budowa\u0107 kompozycje bli\u017csze widzowi mentalnie. Artyzmu szukamy w prostocie, przekazu w cytatach z \u017cycia, a smaku i waloru w\u00a0 ruchu. Nigdy nie zapominamy o tym, \u017ce jeste\u015bmy tancerzami, a wi\u0119c ruch jest naszym g\u0142\u00f3wnym narz\u0119dziem. Jednocze\u015bnie nie zapominamy o tym, \u017ce uwielbiamy by\u0107 widzami-pokazujemy na scenie tylko to, co same chcia\u0142yby\u015bmy zobaczy\u0107.<\/p><\/blockquote>\n<h2>Sk\u0142ad<\/h2>\n<p>Trzon Grupy stanowi\u0105 tancerki Centrum trenuj\u0105ce ze sob\u0105 regularnie w sta\u0142ym sk\u0142adzie: Agata Mol\u0105g, Monika \u015awieca i Marta Wo\u0142owiec. To one, w zale\u017cno\u015bci od koncepcji,\u00a0 zapraszaj\u0105 do wsp\u00f3\u0142pracy zagranicznych go\u015bci, niezale\u017cnych lub zrzeszonych tw\u00f3rc\u00f3w, tancerzy, performer\u00f3w czy aktor\u00f3w.<\/p>\n<h2>Produkcje<\/h2>\n<p>Pierwsz\u0105 deklaracj\u0105 artystyczn\u0105 by\u0142a premiera spektaklu &#8222;Makia\u201d w wykonaniu Marty Wo\u0142owiec i Moniki \u015awiecy w choreografii Agaty Mol\u0105g. W repertuarze Grupy znajduj\u0105 si\u0119 r\u00f3wnie\u017c spektakle: &#8222;P\u0142aczki\u201d oraz &#8222;38\u00b0C&#8221; prezentowane w wersji scenicznej oraz plenerowej.<\/p>\n<h2>Dodatkowa dzia\u0142alno\u015b\u0107<\/h2>\n<p>Grupa Wok\u00f3\u0142 Centrum sprawuje opiek\u0119 nad wydarzeniami i obszarem dzia\u0142a\u0144 edukacyjnych w KCC: tworzy program Ma\u0142ego Teatru Ruchu, Pracowni PRO oraz program warsztat\u00f3w i kurs\u00f3w, produkuje w\u0142asne spektakle, realizuje projekty artystyczne, nawi\u0105zuje kontakty i poszukuje zagranicznych partner\u00f3w.<\/p>\n<div id='gallery-1' class='gallery galleryid-811 gallery-columns-3 gallery-size-medium'><figure class='gallery-item'>\n\t\t\t<div class='gallery-icon landscape'>\n\t\t\t\t<a title=\"2016.05.02-Bieda_Agnieszka-NCK-Placzki-DSC_0387\" href='https:\/\/nck.krakow.pl\/kcc\/wp-content\/uploads\/2016\/08\/2016.05.02-Bieda_Agnieszka-NCK-Placzki-DSC_0387.jpg'><img loading=\"lazy\" decoding=\"async\" width=\"300\" height=\"201\" src=\"https:\/\/nck.krakow.pl\/kcc\/wp-content\/uploads\/2016\/08\/2016.05.02-Bieda_Agnieszka-NCK-Placzki-DSC_0387-300x201.jpg\" class=\"attachment-medium size-medium\" alt=\"P\u0142aczki, Grupa Wok\u00f3\u0142 Centrum, Agata Mol\u0105g, Monika \u015awieca, Marta Wo\u0142owiec\" aria-describedby=\"gallery-1-915\" srcset=\"https:\/\/nck.krakow.pl\/kcc\/wp-content\/uploads\/2016\/08\/2016.05.02-Bieda_Agnieszka-NCK-Placzki-DSC_0387-300x201.jpg 300w, https:\/\/nck.krakow.pl\/kcc\/wp-content\/uploads\/2016\/08\/2016.05.02-Bieda_Agnieszka-NCK-Placzki-DSC_0387-768x514.jpg 768w, https:\/\/nck.krakow.pl\/kcc\/wp-content\/uploads\/2016\/08\/2016.05.02-Bieda_Agnieszka-NCK-Placzki-DSC_0387-1024x686.jpg 1024w, https:\/\/nck.krakow.pl\/kcc\/wp-content\/uploads\/2016\/08\/2016.05.02-Bieda_Agnieszka-NCK-Placzki-DSC_0387.jpg 1195w\" sizes=\"(max-width: 300px) 100vw, 300px\" \/><\/a>\n\t\t\t<\/div>\n\t\t\t\t<figcaption class='wp-caption-text gallery-caption' id='gallery-1-915'>\n\t\t\t\tP\u0142aczki, fot. Agnieszka Bieda\n\t\t\t\t<\/figcaption><\/figure><figure class='gallery-item'>\n\t\t\t<div class='gallery-icon portrait'>\n\t\t\t\t<a title=\"KMachniewicz_20160502_2016_SPACER_GWC_P\u0142aczki_MG_1479_1200x800px_q100\" href='https:\/\/nck.krakow.pl\/kcc\/wp-content\/uploads\/2016\/08\/KMachniewicz_20160502_2016_SPACER_GWC_P\u0142aczki_MG_1479_1200x800px_q100.jpg'><img loading=\"lazy\" decoding=\"async\" width=\"200\" height=\"300\" src=\"https:\/\/nck.krakow.pl\/kcc\/wp-content\/uploads\/2016\/08\/KMachniewicz_20160502_2016_SPACER_GWC_P\u0142aczki_MG_1479_1200x800px_q100-200x300.jpg\" class=\"attachment-medium size-medium\" alt=\"P\u0142aczki, Grupa Wok\u00f3\u0142 Centrum, Agata Mol\u0105g, Monika \u015awieca, Marta Wo\u0142owiec\" aria-describedby=\"gallery-1-917\" srcset=\"https:\/\/nck.krakow.pl\/kcc\/wp-content\/uploads\/2016\/08\/KMachniewicz_20160502_2016_SPACER_GWC_P\u0142aczki_MG_1479_1200x800px_q100-200x300.jpg 200w, https:\/\/nck.krakow.pl\/kcc\/wp-content\/uploads\/2016\/08\/KMachniewicz_20160502_2016_SPACER_GWC_P\u0142aczki_MG_1479_1200x800px_q100-768x1152.jpg 768w, https:\/\/nck.krakow.pl\/kcc\/wp-content\/uploads\/2016\/08\/KMachniewicz_20160502_2016_SPACER_GWC_P\u0142aczki_MG_1479_1200x800px_q100-683x1024.jpg 683w, https:\/\/nck.krakow.pl\/kcc\/wp-content\/uploads\/2016\/08\/KMachniewicz_20160502_2016_SPACER_GWC_P\u0142aczki_MG_1479_1200x800px_q100.jpg 800w\" sizes=\"(max-width: 200px) 100vw, 200px\" \/><\/a>\n\t\t\t<\/div>\n\t\t\t\t<figcaption class='wp-caption-text gallery-caption' id='gallery-1-917'>\n\t\t\t\tP\u0142aczki, fot. Katarzyna Machniewicz\n\t\t\t\t<\/figcaption><\/figure><figure class='gallery-item'>\n\t\t\t<div class='gallery-icon landscape'>\n\t\t\t\t<a title=\"P\u0142aczki, Grupa Wok\u00f3\u0142 Centrum, fot. Marcin Pawelec (ma\u0142e)\" href='https:\/\/nck.krakow.pl\/kcc\/wp-content\/uploads\/2016\/08\/P\u0142aczki-Grupa-Wok\u00f3\u0142-Centrum-fot.-Marcin-Pawelec-ma\u0142e-1.jpg'><img loading=\"lazy\" decoding=\"async\" width=\"300\" height=\"200\" src=\"https:\/\/nck.krakow.pl\/kcc\/wp-content\/uploads\/2016\/08\/P\u0142aczki-Grupa-Wok\u00f3\u0142-Centrum-fot.-Marcin-Pawelec-ma\u0142e-1-300x200.jpg\" class=\"attachment-medium size-medium\" alt=\"P\u0142aczki, Grupa Wok\u00f3\u0142 Centrum, Agata Mol\u0105g, Monika \u015awieca, Marta Wo\u0142owiec\" aria-describedby=\"gallery-1-919\" srcset=\"https:\/\/nck.krakow.pl\/kcc\/wp-content\/uploads\/2016\/08\/P\u0142aczki-Grupa-Wok\u00f3\u0142-Centrum-fot.-Marcin-Pawelec-ma\u0142e-1-300x200.jpg 300w, https:\/\/nck.krakow.pl\/kcc\/wp-content\/uploads\/2016\/08\/P\u0142aczki-Grupa-Wok\u00f3\u0142-Centrum-fot.-Marcin-Pawelec-ma\u0142e-1-768x512.jpg 768w, https:\/\/nck.krakow.pl\/kcc\/wp-content\/uploads\/2016\/08\/P\u0142aczki-Grupa-Wok\u00f3\u0142-Centrum-fot.-Marcin-Pawelec-ma\u0142e-1-1024x683.jpg 1024w, https:\/\/nck.krakow.pl\/kcc\/wp-content\/uploads\/2016\/08\/P\u0142aczki-Grupa-Wok\u00f3\u0142-Centrum-fot.-Marcin-Pawelec-ma\u0142e-1.jpg 1800w\" sizes=\"(max-width: 300px) 100vw, 300px\" \/><\/a>\n\t\t\t<\/div>\n\t\t\t\t<figcaption class='wp-caption-text gallery-caption' id='gallery-1-919'>\n\t\t\t\tP\u0142aczki, fot. Marcin Pawelec\n\t\t\t\t<\/figcaption><\/figure><figure class='gallery-item'>\n\t\t\t<div class='gallery-icon landscape'>\n\t\t\t\t<a title=\"makia ma\u0142a\" href='https:\/\/nck.krakow.pl\/kcc\/wp-content\/uploads\/2016\/08\/makia-ma\u0142a.jpg'><img loading=\"lazy\" decoding=\"async\" width=\"300\" height=\"200\" src=\"https:\/\/nck.krakow.pl\/kcc\/wp-content\/uploads\/2016\/08\/makia-ma\u0142a-300x200.jpg\" class=\"attachment-medium size-medium\" alt=\"Makia, Grupa Wok\u00f3\u0142 Centrum, Agata Mol\u0105g, Monika \u015awieca, Marta Wo\u0142owiec\" aria-describedby=\"gallery-1-920\" srcset=\"https:\/\/nck.krakow.pl\/kcc\/wp-content\/uploads\/2016\/08\/makia-ma\u0142a-300x200.jpg 300w, https:\/\/nck.krakow.pl\/kcc\/wp-content\/uploads\/2016\/08\/makia-ma\u0142a.jpg 600w\" sizes=\"(max-width: 300px) 100vw, 300px\" \/><\/a>\n\t\t\t<\/div>\n\t\t\t\t<figcaption class='wp-caption-text gallery-caption' id='gallery-1-920'>\n\t\t\t\tMakia, fot. Katarzyna Machniewicz\n\t\t\t\t<\/figcaption><\/figure><figure class='gallery-item'>\n\t\t\t<div class='gallery-icon landscape'>\n\t\t\t\t<a title=\"KMachniewicz_20150503_2015_KCC_SPACER_WokolCentrum_Makia_MG_7851_1200x800_q100\" href='https:\/\/nck.krakow.pl\/kcc\/wp-content\/uploads\/2016\/08\/KMachniewicz_20150503_2015_KCC_SPACER_WokolCentrum_Makia_MG_7851_1200x800_q100.jpg'><img loading=\"lazy\" decoding=\"async\" width=\"300\" height=\"200\" src=\"https:\/\/nck.krakow.pl\/kcc\/wp-content\/uploads\/2016\/08\/KMachniewicz_20150503_2015_KCC_SPACER_WokolCentrum_Makia_MG_7851_1200x800_q100-300x200.jpg\" class=\"attachment-medium size-medium\" alt=\"Makia, Grupa Wok\u00f3\u0142 Centrum, Agata Mol\u0105g, Monika \u015awieca, Marta Wo\u0142owiec\" aria-describedby=\"gallery-1-921\" srcset=\"https:\/\/nck.krakow.pl\/kcc\/wp-content\/uploads\/2016\/08\/KMachniewicz_20150503_2015_KCC_SPACER_WokolCentrum_Makia_MG_7851_1200x800_q100-300x200.jpg 300w, https:\/\/nck.krakow.pl\/kcc\/wp-content\/uploads\/2016\/08\/KMachniewicz_20150503_2015_KCC_SPACER_WokolCentrum_Makia_MG_7851_1200x800_q100-768x512.jpg 768w, https:\/\/nck.krakow.pl\/kcc\/wp-content\/uploads\/2016\/08\/KMachniewicz_20150503_2015_KCC_SPACER_WokolCentrum_Makia_MG_7851_1200x800_q100-1024x683.jpg 1024w, https:\/\/nck.krakow.pl\/kcc\/wp-content\/uploads\/2016\/08\/KMachniewicz_20150503_2015_KCC_SPACER_WokolCentrum_Makia_MG_7851_1200x800_q100.jpg 1200w\" sizes=\"(max-width: 300px) 100vw, 300px\" \/><\/a>\n\t\t\t<\/div>\n\t\t\t\t<figcaption class='wp-caption-text gallery-caption' id='gallery-1-921'>\n\t\t\t\tMakia, fot. Katarzyna Machniewicz\n\t\t\t\t<\/figcaption><\/figure><figure class='gallery-item'>\n\t\t\t<div class='gallery-icon landscape'>\n\t\t\t\t<a title=\"KMachniewicz_20150503_2015_KCC_SPACER_WokolCentrum_Makia_MG_7891_1200x800_q100\" href='https:\/\/nck.krakow.pl\/kcc\/wp-content\/uploads\/2016\/08\/KMachniewicz_20150503_2015_KCC_SPACER_WokolCentrum_Makia_MG_7891_1200x800_q100.jpg'><img loading=\"lazy\" decoding=\"async\" width=\"300\" height=\"200\" src=\"https:\/\/nck.krakow.pl\/kcc\/wp-content\/uploads\/2016\/08\/KMachniewicz_20150503_2015_KCC_SPACER_WokolCentrum_Makia_MG_7891_1200x800_q100-300x200.jpg\" class=\"attachment-medium size-medium\" alt=\"Makia, Grupa Wok\u00f3\u0142 Centrum, Agata Mol\u0105g, Monika \u015awieca, Marta Wo\u0142owiec\" aria-describedby=\"gallery-1-922\" srcset=\"https:\/\/nck.krakow.pl\/kcc\/wp-content\/uploads\/2016\/08\/KMachniewicz_20150503_2015_KCC_SPACER_WokolCentrum_Makia_MG_7891_1200x800_q100-300x200.jpg 300w, https:\/\/nck.krakow.pl\/kcc\/wp-content\/uploads\/2016\/08\/KMachniewicz_20150503_2015_KCC_SPACER_WokolCentrum_Makia_MG_7891_1200x800_q100-768x512.jpg 768w, https:\/\/nck.krakow.pl\/kcc\/wp-content\/uploads\/2016\/08\/KMachniewicz_20150503_2015_KCC_SPACER_WokolCentrum_Makia_MG_7891_1200x800_q100-1024x683.jpg 1024w, https:\/\/nck.krakow.pl\/kcc\/wp-content\/uploads\/2016\/08\/KMachniewicz_20150503_2015_KCC_SPACER_WokolCentrum_Makia_MG_7891_1200x800_q100.jpg 1200w\" sizes=\"(max-width: 300px) 100vw, 300px\" \/><\/a>\n\t\t\t<\/div>\n\t\t\t\t<figcaption class='wp-caption-text gallery-caption' id='gallery-1-922'>\n\t\t\t\tMakia, fot. Katarzyna Machniewicz\n\t\t\t\t<\/figcaption><\/figure>\n\t\t<\/div>\n\n<\/div>\n","protected":false},"excerpt":{"rendered":"<p>Aby w pe\u0142nym wymiarze realizowa\u0107 misj\u0119 artystyczn\u0105, w marcu 2015 roku tancerki Centrum zawi\u0105za\u0142y kolektyw Grupa Wok\u00f3\u0142 Centrum, kt\u00f3ry swoimi za\u0142o\u017ceniami i struktur\u0105 ma oddawa\u0107 nowego ducha miejsca. Idea Idea powstania Grupy wyros\u0142a z g\u0142\u0119bokiej potrzeby wsp\u00f3\u0142pracy z innymi tw\u00f3rcami, zrzeszonymi lub niezale\u017cnymi, owocuj\u0105cej bogactwem inspiracji i r\u00f3\u017cnorodno\u015bci\u0105 w budowaniu scenicznego przekazu. Wierzymy, \u017ce tylko [&hellip;]<\/p>\n","protected":false},"author":2,"featured_media":0,"parent":0,"menu_order":0,"comment_status":"closed","ping_status":"closed","template":"","meta":{"footnotes":""},"class_list":["post-811","page","type-page","status-publish","hentry"],"yoast_head":"<!-- This site is optimized with the Yoast SEO plugin v19.12 - https:\/\/yoast.com\/wordpress\/plugins\/seo\/ -->\n<title>o grupie - Krakowskie Centrum Choreograficzne<\/title>\n<meta name=\"robots\" content=\"index, follow, max-snippet:-1, max-image-preview:large, max-video-preview:-1\" \/>\n<link rel=\"canonical\" href=\"https:\/\/nck.krakow.pl\/kcc\/o-grupie\/\" \/>\n<meta property=\"og:locale\" content=\"pl_PL\" \/>\n<meta property=\"og:type\" content=\"article\" \/>\n<meta property=\"og:title\" content=\"o grupie - Krakowskie Centrum Choreograficzne\" \/>\n<meta property=\"og:description\" content=\"Aby w pe\u0142nym wymiarze realizowa\u0107 misj\u0119 artystyczn\u0105, w marcu 2015 roku tancerki Centrum zawi\u0105za\u0142y kolektyw Grupa Wok\u00f3\u0142 Centrum, kt\u00f3ry swoimi za\u0142o\u017ceniami i struktur\u0105 ma oddawa\u0107 nowego ducha miejsca. Idea Idea powstania Grupy wyros\u0142a z g\u0142\u0119bokiej potrzeby wsp\u00f3\u0142pracy z innymi tw\u00f3rcami, zrzeszonymi lub niezale\u017cnymi, owocuj\u0105cej bogactwem inspiracji i r\u00f3\u017cnorodno\u015bci\u0105 w budowaniu scenicznego przekazu. Wierzymy, \u017ce tylko [&hellip;]\" \/>\n<meta property=\"og:url\" content=\"https:\/\/nck.krakow.pl\/kcc\/o-grupie\/\" \/>\n<meta property=\"og:site_name\" content=\"Krakowskie Centrum Choreograficzne\" \/>\n<meta property=\"article:modified_time\" content=\"2017-08-07T07:16:14+00:00\" \/>\n<meta property=\"og:image\" content=\"https:\/\/nck.krakow.pl\/kcc\/wp-content\/uploads\/2016\/08\/2016.05.02-Bieda_Agnieszka-NCK-Placzki-DSC_0387-300x201.jpg\" \/>\n<meta name=\"twitter:card\" content=\"summary_large_image\" \/>\n<meta name=\"twitter:label1\" content=\"Est. reading time\" \/>\n\t<meta name=\"twitter:data1\" content=\"2 minuty\" \/>\n<script type=\"application\/ld+json\" class=\"yoast-schema-graph\">{\"@context\":\"https:\/\/schema.org\",\"@graph\":[{\"@type\":\"WebPage\",\"@id\":\"https:\/\/nck.krakow.pl\/kcc\/o-grupie\/\",\"url\":\"https:\/\/nck.krakow.pl\/kcc\/o-grupie\/\",\"name\":\"o grupie - Krakowskie Centrum Choreograficzne\",\"isPartOf\":{\"@id\":\"https:\/\/nck.krakow.pl\/kcc\/#website\"},\"datePublished\":\"2016-08-17T13:17:33+00:00\",\"dateModified\":\"2017-08-07T07:16:14+00:00\",\"breadcrumb\":{\"@id\":\"https:\/\/nck.krakow.pl\/kcc\/o-grupie\/#breadcrumb\"},\"inLanguage\":\"pl-PL\",\"potentialAction\":[{\"@type\":\"ReadAction\",\"target\":[\"https:\/\/nck.krakow.pl\/kcc\/o-grupie\/\"]}]},{\"@type\":\"BreadcrumbList\",\"@id\":\"https:\/\/nck.krakow.pl\/kcc\/o-grupie\/#breadcrumb\",\"itemListElement\":[{\"@type\":\"ListItem\",\"position\":1,\"name\":\"Strona g\u0142\u00f3wna\",\"item\":\"https:\/\/nck.krakow.pl\/kcc\/\"},{\"@type\":\"ListItem\",\"position\":2,\"name\":\"o grupie\"}]},{\"@type\":\"WebSite\",\"@id\":\"https:\/\/nck.krakow.pl\/kcc\/#website\",\"url\":\"https:\/\/nck.krakow.pl\/kcc\/\",\"name\":\"Krakowskie Centrum Choreograficzne\",\"description\":\"\",\"publisher\":{\"@id\":\"https:\/\/nck.krakow.pl\/kcc\/#organization\"},\"potentialAction\":[{\"@type\":\"SearchAction\",\"target\":{\"@type\":\"EntryPoint\",\"urlTemplate\":\"https:\/\/nck.krakow.pl\/kcc\/?s={search_term_string}\"},\"query-input\":\"required name=search_term_string\"}],\"inLanguage\":\"pl-PL\"},{\"@type\":\"Organization\",\"@id\":\"https:\/\/nck.krakow.pl\/kcc\/#organization\",\"name\":\"Krakowskie Centrum Choreograficzne\",\"url\":\"https:\/\/nck.krakow.pl\/kcc\/\",\"logo\":{\"@type\":\"ImageObject\",\"inLanguage\":\"pl-PL\",\"@id\":\"https:\/\/nck.krakow.pl\/kcc\/#\/schema\/logo\/image\/\",\"url\":\"https:\/\/nck.krakow.pl\/kcc\/wp-content\/uploads\/2020\/01\/cropped-logo-kcc-2020.png\",\"contentUrl\":\"https:\/\/nck.krakow.pl\/kcc\/wp-content\/uploads\/2020\/01\/cropped-logo-kcc-2020.png\",\"width\":116,\"height\":55,\"caption\":\"Krakowskie Centrum Choreograficzne\"},\"image\":{\"@id\":\"https:\/\/nck.krakow.pl\/kcc\/#\/schema\/logo\/image\/\"}}]}<\/script>\n<!-- \/ Yoast SEO plugin. -->","yoast_head_json":{"title":"o grupie - Krakowskie Centrum Choreograficzne","robots":{"index":"index","follow":"follow","max-snippet":"max-snippet:-1","max-image-preview":"max-image-preview:large","max-video-preview":"max-video-preview:-1"},"canonical":"https:\/\/nck.krakow.pl\/kcc\/o-grupie\/","og_locale":"pl_PL","og_type":"article","og_title":"o grupie - Krakowskie Centrum Choreograficzne","og_description":"Aby w pe\u0142nym wymiarze realizowa\u0107 misj\u0119 artystyczn\u0105, w marcu 2015 roku tancerki Centrum zawi\u0105za\u0142y kolektyw Grupa Wok\u00f3\u0142 Centrum, kt\u00f3ry swoimi za\u0142o\u017ceniami i struktur\u0105 ma oddawa\u0107 nowego ducha miejsca. Idea Idea powstania Grupy wyros\u0142a z g\u0142\u0119bokiej potrzeby wsp\u00f3\u0142pracy z innymi tw\u00f3rcami, zrzeszonymi lub niezale\u017cnymi, owocuj\u0105cej bogactwem inspiracji i r\u00f3\u017cnorodno\u015bci\u0105 w budowaniu scenicznego przekazu. Wierzymy, \u017ce tylko [&hellip;]","og_url":"https:\/\/nck.krakow.pl\/kcc\/o-grupie\/","og_site_name":"Krakowskie Centrum Choreograficzne","article_modified_time":"2017-08-07T07:16:14+00:00","og_image":[{"url":"https:\/\/nck.krakow.pl\/kcc\/wp-content\/uploads\/2016\/08\/2016.05.02-Bieda_Agnieszka-NCK-Placzki-DSC_0387-300x201.jpg"}],"twitter_card":"summary_large_image","twitter_misc":{"Est. reading time":"2 minuty"},"schema":{"@context":"https:\/\/schema.org","@graph":[{"@type":"WebPage","@id":"https:\/\/nck.krakow.pl\/kcc\/o-grupie\/","url":"https:\/\/nck.krakow.pl\/kcc\/o-grupie\/","name":"o grupie - Krakowskie Centrum Choreograficzne","isPartOf":{"@id":"https:\/\/nck.krakow.pl\/kcc\/#website"},"datePublished":"2016-08-17T13:17:33+00:00","dateModified":"2017-08-07T07:16:14+00:00","breadcrumb":{"@id":"https:\/\/nck.krakow.pl\/kcc\/o-grupie\/#breadcrumb"},"inLanguage":"pl-PL","potentialAction":[{"@type":"ReadAction","target":["https:\/\/nck.krakow.pl\/kcc\/o-grupie\/"]}]},{"@type":"BreadcrumbList","@id":"https:\/\/nck.krakow.pl\/kcc\/o-grupie\/#breadcrumb","itemListElement":[{"@type":"ListItem","position":1,"name":"Strona g\u0142\u00f3wna","item":"https:\/\/nck.krakow.pl\/kcc\/"},{"@type":"ListItem","position":2,"name":"o grupie"}]},{"@type":"WebSite","@id":"https:\/\/nck.krakow.pl\/kcc\/#website","url":"https:\/\/nck.krakow.pl\/kcc\/","name":"Krakowskie Centrum Choreograficzne","description":"","publisher":{"@id":"https:\/\/nck.krakow.pl\/kcc\/#organization"},"potentialAction":[{"@type":"SearchAction","target":{"@type":"EntryPoint","urlTemplate":"https:\/\/nck.krakow.pl\/kcc\/?s={search_term_string}"},"query-input":"required name=search_term_string"}],"inLanguage":"pl-PL"},{"@type":"Organization","@id":"https:\/\/nck.krakow.pl\/kcc\/#organization","name":"Krakowskie Centrum Choreograficzne","url":"https:\/\/nck.krakow.pl\/kcc\/","logo":{"@type":"ImageObject","inLanguage":"pl-PL","@id":"https:\/\/nck.krakow.pl\/kcc\/#\/schema\/logo\/image\/","url":"https:\/\/nck.krakow.pl\/kcc\/wp-content\/uploads\/2020\/01\/cropped-logo-kcc-2020.png","contentUrl":"https:\/\/nck.krakow.pl\/kcc\/wp-content\/uploads\/2020\/01\/cropped-logo-kcc-2020.png","width":116,"height":55,"caption":"Krakowskie Centrum Choreograficzne"},"image":{"@id":"https:\/\/nck.krakow.pl\/kcc\/#\/schema\/logo\/image\/"}}]}},"_links":{"self":[{"href":"https:\/\/nck.krakow.pl\/kcc\/wp-json\/wp\/v2\/pages\/811"}],"collection":[{"href":"https:\/\/nck.krakow.pl\/kcc\/wp-json\/wp\/v2\/pages"}],"about":[{"href":"https:\/\/nck.krakow.pl\/kcc\/wp-json\/wp\/v2\/types\/page"}],"author":[{"embeddable":true,"href":"https:\/\/nck.krakow.pl\/kcc\/wp-json\/wp\/v2\/users\/2"}],"replies":[{"embeddable":true,"href":"https:\/\/nck.krakow.pl\/kcc\/wp-json\/wp\/v2\/comments?post=811"}],"version-history":[{"count":10,"href":"https:\/\/nck.krakow.pl\/kcc\/wp-json\/wp\/v2\/pages\/811\/revisions"}],"predecessor-version":[{"id":2414,"href":"https:\/\/nck.krakow.pl\/kcc\/wp-json\/wp\/v2\/pages\/811\/revisions\/2414"}],"wp:attachment":[{"href":"https:\/\/nck.krakow.pl\/kcc\/wp-json\/wp\/v2\/media?parent=811"}],"curies":[{"name":"wp","href":"https:\/\/api.w.org\/{rel}","templated":true}]}}