{"id":807,"date":"2016-08-17T13:17:04","date_gmt":"2016-08-17T13:17:04","guid":{"rendered":"http:\/\/kcc.new.nck.krakow.pl\/?page_id=807"},"modified":"2018-07-19T10:50:17","modified_gmt":"2018-07-19T10:50:17","slug":"trening-profi","status":"publish","type":"page","link":"https:\/\/nck.krakow.pl\/kcc\/trening-profi\/","title":{"rendered":"Trening Profi"},"content":{"rendered":"<h1>Trening Profi<\/h1>\n<p style=\"padding-left: 30px;\"><strong>Uwaga! Ze wzgl\u0119du na dodatkowe projekty realizowane przez Grup\u0119 Wok\u00f3\u0142 Centrum, Treningi Profi zostaj\u0105 tymczasowo odwo\u0142ane.\u00a0<\/strong><\/p>\n<div id=\"content\" class=\"w520p2\">\n<div class=\"cont\">\n<p style=\"text-align: left;\">Trening Profi to otwarte <strong>lekcje ta\u0144ca wsp\u00f3\u0142czesnego i technik wspomagaj\u0105cych adresowane do tancerzy zawodowych b\u0105d\u017a zaawansowanych<\/strong>. Zaj\u0119cia prowadzone s\u0105 przez tancerki Grupy Wok\u00f3\u0142 Centrum (kolektyw artystyczny dzia\u0142aj\u0105cy w Krakowskim Centrum Choreograficznym) oraz go\u015bci Centrum. Lekcje b\u0119d\u0105 skupia\u0142y si\u0119 na technice ta\u0144ca wsp\u00f3\u0142czesnego, ale ich forma i zagadnienie na dany dzie\u0144 zale\u017ce\u0107 b\u0119dzie od prowadz\u0105cego. O lekcjach go\u015bcinnych informowa\u0107 b\u0119dziemy na bie\u017c\u0105co i ich koszt mo\u017ce by\u0107 w takich sytuacjach wy\u017cszy. Na zaj\u0119cia nie obowi\u0105zuj\u0105 wcze\u015bniejsze zapisy.<\/p>\n<h2 style=\"text-align: justify;\">Grafik<\/h2>\n<p style=\"text-align: justify;\">pn, wt, \u015br, czw, godz. 12:00-13:30<br \/>\nNowohuckie Centrum Kultury, STUDIO KCC<\/p>\n<h2 style=\"text-align: justify;\">Op\u0142ata<\/h2>\n<p style=\"text-align: justify;\">cena lekcji: 10 z\u0142 (p\u0142atno\u015b\u0107 w kasie NCK)<\/p>\n<h2 style=\"text-align: justify;\">Wsp\u00f3\u0142praca<\/h2>\n<p style=\"text-align: justify;\">Zapraszamy tak\u017ce do wsp\u00f3\u0142pracy i podzielenia si\u0119 swoim tanecznym do\u015bwiadczeniem! Poprowad\u017a w Centrum lekcj\u0119 dla nas i dla innych. Ch\u0119tnie wymienimy si\u0119 praktyk\u0105 i nauczymy czego\u015b od Was!<\/p>\n<p style=\"text-align: justify;\">kontakt: kcc@nck.krakow.pl<\/p>\n<p style=\"text-align: justify;\"><a href=\"http:\/\/kcc.new.nck.krakow.pl\/wp-content\/uploads\/2016\/08\/5.jpg\"><img loading=\"lazy\" decoding=\"async\" class=\"alignnone wp-image-946 size-large\" src=\"http:\/\/kcc.new.nck.krakow.pl\/wp-content\/uploads\/2016\/08\/5-1024x536.jpg\" alt=\"Trening Profi\" width=\"730\" height=\"382\" srcset=\"https:\/\/nck.krakow.pl\/kcc\/wp-content\/uploads\/2016\/08\/5-1024x536.jpg 1024w, https:\/\/nck.krakow.pl\/kcc\/wp-content\/uploads\/2016\/08\/5-300x157.jpg 300w, https:\/\/nck.krakow.pl\/kcc\/wp-content\/uploads\/2016\/08\/5-768x402.jpg 768w, https:\/\/nck.krakow.pl\/kcc\/wp-content\/uploads\/2016\/08\/5.jpg 1200w\" sizes=\"(max-width: 730px) 100vw, 730px\" \/><\/a><\/p>\n<p style=\"text-align: right;\"><a href=\"http:\/\/www.machniewicz.com\">fot. Katarzyna Machniewicz<\/a><\/p>\n<\/div>\n<\/div>\n<div id=\"footer\"><\/div>\n","protected":false},"excerpt":{"rendered":"<p>Trening Profi Uwaga! Ze wzgl\u0119du na dodatkowe projekty realizowane przez Grup\u0119 Wok\u00f3\u0142 Centrum, Treningi Profi zostaj\u0105 tymczasowo odwo\u0142ane.\u00a0 Trening Profi to otwarte lekcje ta\u0144ca wsp\u00f3\u0142czesnego i technik wspomagaj\u0105cych adresowane do tancerzy zawodowych b\u0105d\u017a zaawansowanych. Zaj\u0119cia prowadzone s\u0105 przez tancerki Grupy Wok\u00f3\u0142 Centrum (kolektyw artystyczny dzia\u0142aj\u0105cy w Krakowskim Centrum Choreograficznym) oraz go\u015bci Centrum. Lekcje b\u0119d\u0105 skupia\u0142y [&hellip;]<\/p>\n","protected":false},"author":2,"featured_media":0,"parent":0,"menu_order":0,"comment_status":"closed","ping_status":"closed","template":"","meta":{"footnotes":""},"class_list":["post-807","page","type-page","status-publish","hentry"],"yoast_head":"<!-- This site is optimized with the Yoast SEO plugin v19.12 - https:\/\/yoast.com\/wordpress\/plugins\/seo\/ -->\n<title>Trening Profi - taniec wsp\u00f3\u0142czesny, poziom zaawansowany<\/title>\n<meta name=\"description\" content=\"Trening Profi - taniec wsp\u00f3\u0142czesny dla zaawansowanych w Krakowie, regularne lekcje z Grup\u0105 Wok\u00f3\u0142 Centrum w Krakowskim Centrum Choreograficznym\" \/>\n<meta name=\"robots\" content=\"index, follow, max-snippet:-1, max-image-preview:large, max-video-preview:-1\" \/>\n<link rel=\"canonical\" href=\"https:\/\/nck.krakow.pl\/kcc\/trening-profi\/\" \/>\n<meta property=\"og:locale\" content=\"pl_PL\" \/>\n<meta property=\"og:type\" content=\"article\" \/>\n<meta property=\"og:title\" content=\"Trening Profi - taniec wsp\u00f3\u0142czesny, poziom zaawansowany\" \/>\n<meta property=\"og:description\" content=\"Trening Profi - taniec wsp\u00f3\u0142czesny dla zaawansowanych w Krakowie, regularne lekcje z Grup\u0105 Wok\u00f3\u0142 Centrum w Krakowskim Centrum Choreograficznym\" \/>\n<meta property=\"og:url\" content=\"https:\/\/nck.krakow.pl\/kcc\/trening-profi\/\" \/>\n<meta property=\"og:site_name\" content=\"Krakowskie Centrum Choreograficzne\" \/>\n<meta property=\"article:modified_time\" content=\"2018-07-19T10:50:17+00:00\" \/>\n<meta property=\"og:image\" content=\"http:\/\/kcc.new.nck.krakow.pl\/wp-content\/uploads\/2016\/08\/5-1024x536.jpg\" \/>\n<meta name=\"twitter:card\" content=\"summary_large_image\" \/>\n<meta name=\"twitter:label1\" content=\"Est. reading time\" \/>\n\t<meta name=\"twitter:data1\" content=\"1 minuta\" \/>\n<script type=\"application\/ld+json\" class=\"yoast-schema-graph\">{\"@context\":\"https:\/\/schema.org\",\"@graph\":[{\"@type\":\"WebPage\",\"@id\":\"https:\/\/nck.krakow.pl\/kcc\/trening-profi\/\",\"url\":\"https:\/\/nck.krakow.pl\/kcc\/trening-profi\/\",\"name\":\"Trening Profi - taniec wsp\u00f3\u0142czesny, poziom zaawansowany\",\"isPartOf\":{\"@id\":\"https:\/\/nck.krakow.pl\/kcc\/#website\"},\"datePublished\":\"2016-08-17T13:17:04+00:00\",\"dateModified\":\"2018-07-19T10:50:17+00:00\",\"description\":\"Trening Profi - taniec wsp\u00f3\u0142czesny dla zaawansowanych w Krakowie, regularne lekcje z Grup\u0105 Wok\u00f3\u0142 Centrum w Krakowskim Centrum Choreograficznym\",\"breadcrumb\":{\"@id\":\"https:\/\/nck.krakow.pl\/kcc\/trening-profi\/#breadcrumb\"},\"inLanguage\":\"pl-PL\",\"potentialAction\":[{\"@type\":\"ReadAction\",\"target\":[\"https:\/\/nck.krakow.pl\/kcc\/trening-profi\/\"]}]},{\"@type\":\"BreadcrumbList\",\"@id\":\"https:\/\/nck.krakow.pl\/kcc\/trening-profi\/#breadcrumb\",\"itemListElement\":[{\"@type\":\"ListItem\",\"position\":1,\"name\":\"Strona g\u0142\u00f3wna\",\"item\":\"https:\/\/nck.krakow.pl\/kcc\/\"},{\"@type\":\"ListItem\",\"position\":2,\"name\":\"Trening Profi\"}]},{\"@type\":\"WebSite\",\"@id\":\"https:\/\/nck.krakow.pl\/kcc\/#website\",\"url\":\"https:\/\/nck.krakow.pl\/kcc\/\",\"name\":\"Krakowskie Centrum Choreograficzne\",\"description\":\"\",\"publisher\":{\"@id\":\"https:\/\/nck.krakow.pl\/kcc\/#organization\"},\"potentialAction\":[{\"@type\":\"SearchAction\",\"target\":{\"@type\":\"EntryPoint\",\"urlTemplate\":\"https:\/\/nck.krakow.pl\/kcc\/?s={search_term_string}\"},\"query-input\":\"required name=search_term_string\"}],\"inLanguage\":\"pl-PL\"},{\"@type\":\"Organization\",\"@id\":\"https:\/\/nck.krakow.pl\/kcc\/#organization\",\"name\":\"Krakowskie Centrum Choreograficzne\",\"url\":\"https:\/\/nck.krakow.pl\/kcc\/\",\"logo\":{\"@type\":\"ImageObject\",\"inLanguage\":\"pl-PL\",\"@id\":\"https:\/\/nck.krakow.pl\/kcc\/#\/schema\/logo\/image\/\",\"url\":\"https:\/\/nck.krakow.pl\/kcc\/wp-content\/uploads\/2020\/01\/cropped-logo-kcc-2020.png\",\"contentUrl\":\"https:\/\/nck.krakow.pl\/kcc\/wp-content\/uploads\/2020\/01\/cropped-logo-kcc-2020.png\",\"width\":116,\"height\":55,\"caption\":\"Krakowskie Centrum Choreograficzne\"},\"image\":{\"@id\":\"https:\/\/nck.krakow.pl\/kcc\/#\/schema\/logo\/image\/\"}}]}<\/script>\n<!-- \/ Yoast SEO plugin. -->","yoast_head_json":{"title":"Trening Profi - taniec wsp\u00f3\u0142czesny, poziom zaawansowany","description":"Trening Profi - taniec wsp\u00f3\u0142czesny dla zaawansowanych w Krakowie, regularne lekcje z Grup\u0105 Wok\u00f3\u0142 Centrum w Krakowskim Centrum Choreograficznym","robots":{"index":"index","follow":"follow","max-snippet":"max-snippet:-1","max-image-preview":"max-image-preview:large","max-video-preview":"max-video-preview:-1"},"canonical":"https:\/\/nck.krakow.pl\/kcc\/trening-profi\/","og_locale":"pl_PL","og_type":"article","og_title":"Trening Profi - taniec wsp\u00f3\u0142czesny, poziom zaawansowany","og_description":"Trening Profi - taniec wsp\u00f3\u0142czesny dla zaawansowanych w Krakowie, regularne lekcje z Grup\u0105 Wok\u00f3\u0142 Centrum w Krakowskim Centrum Choreograficznym","og_url":"https:\/\/nck.krakow.pl\/kcc\/trening-profi\/","og_site_name":"Krakowskie Centrum Choreograficzne","article_modified_time":"2018-07-19T10:50:17+00:00","og_image":[{"url":"http:\/\/kcc.new.nck.krakow.pl\/wp-content\/uploads\/2016\/08\/5-1024x536.jpg"}],"twitter_card":"summary_large_image","twitter_misc":{"Est. reading time":"1 minuta"},"schema":{"@context":"https:\/\/schema.org","@graph":[{"@type":"WebPage","@id":"https:\/\/nck.krakow.pl\/kcc\/trening-profi\/","url":"https:\/\/nck.krakow.pl\/kcc\/trening-profi\/","name":"Trening Profi - taniec wsp\u00f3\u0142czesny, poziom zaawansowany","isPartOf":{"@id":"https:\/\/nck.krakow.pl\/kcc\/#website"},"datePublished":"2016-08-17T13:17:04+00:00","dateModified":"2018-07-19T10:50:17+00:00","description":"Trening Profi - taniec wsp\u00f3\u0142czesny dla zaawansowanych w Krakowie, regularne lekcje z Grup\u0105 Wok\u00f3\u0142 Centrum w Krakowskim Centrum Choreograficznym","breadcrumb":{"@id":"https:\/\/nck.krakow.pl\/kcc\/trening-profi\/#breadcrumb"},"inLanguage":"pl-PL","potentialAction":[{"@type":"ReadAction","target":["https:\/\/nck.krakow.pl\/kcc\/trening-profi\/"]}]},{"@type":"BreadcrumbList","@id":"https:\/\/nck.krakow.pl\/kcc\/trening-profi\/#breadcrumb","itemListElement":[{"@type":"ListItem","position":1,"name":"Strona g\u0142\u00f3wna","item":"https:\/\/nck.krakow.pl\/kcc\/"},{"@type":"ListItem","position":2,"name":"Trening Profi"}]},{"@type":"WebSite","@id":"https:\/\/nck.krakow.pl\/kcc\/#website","url":"https:\/\/nck.krakow.pl\/kcc\/","name":"Krakowskie Centrum Choreograficzne","description":"","publisher":{"@id":"https:\/\/nck.krakow.pl\/kcc\/#organization"},"potentialAction":[{"@type":"SearchAction","target":{"@type":"EntryPoint","urlTemplate":"https:\/\/nck.krakow.pl\/kcc\/?s={search_term_string}"},"query-input":"required name=search_term_string"}],"inLanguage":"pl-PL"},{"@type":"Organization","@id":"https:\/\/nck.krakow.pl\/kcc\/#organization","name":"Krakowskie Centrum Choreograficzne","url":"https:\/\/nck.krakow.pl\/kcc\/","logo":{"@type":"ImageObject","inLanguage":"pl-PL","@id":"https:\/\/nck.krakow.pl\/kcc\/#\/schema\/logo\/image\/","url":"https:\/\/nck.krakow.pl\/kcc\/wp-content\/uploads\/2020\/01\/cropped-logo-kcc-2020.png","contentUrl":"https:\/\/nck.krakow.pl\/kcc\/wp-content\/uploads\/2020\/01\/cropped-logo-kcc-2020.png","width":116,"height":55,"caption":"Krakowskie Centrum Choreograficzne"},"image":{"@id":"https:\/\/nck.krakow.pl\/kcc\/#\/schema\/logo\/image\/"}}]}},"_links":{"self":[{"href":"https:\/\/nck.krakow.pl\/kcc\/wp-json\/wp\/v2\/pages\/807"}],"collection":[{"href":"https:\/\/nck.krakow.pl\/kcc\/wp-json\/wp\/v2\/pages"}],"about":[{"href":"https:\/\/nck.krakow.pl\/kcc\/wp-json\/wp\/v2\/types\/page"}],"author":[{"embeddable":true,"href":"https:\/\/nck.krakow.pl\/kcc\/wp-json\/wp\/v2\/users\/2"}],"replies":[{"embeddable":true,"href":"https:\/\/nck.krakow.pl\/kcc\/wp-json\/wp\/v2\/comments?post=807"}],"version-history":[{"count":13,"href":"https:\/\/nck.krakow.pl\/kcc\/wp-json\/wp\/v2\/pages\/807\/revisions"}],"predecessor-version":[{"id":2989,"href":"https:\/\/nck.krakow.pl\/kcc\/wp-json\/wp\/v2\/pages\/807\/revisions\/2989"}],"wp:attachment":[{"href":"https:\/\/nck.krakow.pl\/kcc\/wp-json\/wp\/v2\/media?parent=807"}],"curies":[{"name":"wp","href":"https:\/\/api.w.org\/{rel}","templated":true}]}}