{"id":8054,"date":"2025-02-03T12:08:45","date_gmt":"2025-02-03T12:08:45","guid":{"rendered":"https:\/\/nck.krakow.pl\/kcc\/?page_id=8054"},"modified":"2025-02-17T16:01:09","modified_gmt":"2025-02-17T16:01:09","slug":"global-practice-sharing","status":"publish","type":"page","link":"https:\/\/nck.krakow.pl\/kcc\/global-practice-sharing\/","title":{"rendered":"Global Practice Sharing"},"content":{"rendered":"\n<p>KCC nale\u017cy do sieci organizacji partnerskich w ramach programu GPS\/Global Practice Sharing, realizowanego przez Movement Research. Program stanowi platform\u0119 umo\u017cliwiaj\u0105c\u0105 mi\u0119dzynarodow\u0105 wymian\u0119 idei, proces\u00f3w i praktyk refleksyjnych dotycz\u0105cych form ta\u0144ca i ruchu. \u0141\u0105czy ze sob\u0105 spo\u0142eczno\u015bci sztuk performatywnych w Stanach Zjednoczonych i na \u015bwiecie. GPS zak\u0142ada, \u017ce dialog oparty na r\u00f3\u017cnorodno\u015bci jest niezb\u0119dny do generowania nowej wiedzy i innowacji artystycznych. Inwestuj\u0105c w mobilno\u015b\u0107 artyst\u00f3w, kurator\u00f3w i pracownik\u00f3w kultury, GPS promuje mi\u0119dzykulturowe zrozumienie i rozw\u00f3j wsp\u00f3\u0142czesnej sztuki. Oficjalnie za\u0142o\u017cony w 2016 roku, GPS tworzy nieformaln\u0105 sie\u0107 partner\u00f3w wspieraj\u0105cych projekty wymiany w Europie \u015arodkowo-Wschodniej.<\/p>\n\n\n\n<p><strong>2024: Rezydencja mayfield brooks<\/strong><\/p>\n\n\n\n<p>W ramach programu GPS w 2024 roku mayfield brooks odbyli rezydencj\u0119 artystyczn\u0105 w Krakowskim Centrum Choreograifcznym \u2013 Nowohuckim Centrum Kultury. Mayfield podczas pobytu w Polsce (18 \u2013 31 pa\u017adziernika 2024) poprowadzili otwart\u0105 lekcj\u0119 i dwudniowe laboratorium tw\u00f3rcze. Opr\u00f3cz tego odby\u0142y si\u0119 r\u00f3wnie\u017c otwarte praktyki improwizacyjne otwarte dla wszystkich zainteresowanych. Spotkania odbywa\u0142y si\u0119 w r\u00f3\u017cnych przestrzeniach Nowej Huty, m.in. \u0141\u0105ki Nowohuckie i teren przy Zalewie Nowohuckim. Z obecno\u015bci mayfield skorzysta\u0142y r\u00f3wnie\u017c nasze sta\u0142e grupy edukacyjne. Przez ca\u0142y ten czas mayfield towarzyszyli: performer Camilo Camar i artystka wideo Chagua Camacho- Olgu\u00edn.<\/p>\n\n\n\n<p>Drug\u0105 cz\u0119\u015bci\u0105 projektu by\u0142a rezydencja artystyczna w Gda\u0144sku, zako\u0144czona na pla\u017cy na Wyspie Sobieszewskiej, gdzie odby\u0142 si\u0119 performans \u201cThe Choreography of Whales: an interspecies Love Story\u201d, stanowi\u0105cy cz\u0119\u015b\u0107 trwaj\u0105cego projektu mayfield \u201eWhale Fall\u201d. Po nim odby\u0142o si\u0119 spotkanie z udzia\u0142em publiczno\u015bci, w tym student\u00f3w 3. roku Zarz\u0105dzania Instytucjami Artystycznymi z Uniwersytetu Gda\u0144skiego.<\/p>\n\n\n\n<p>Za pomoc w organizacji tej cz\u0119\u015bci projektu dzi\u0119kujemy Fundacji polka dot i Fundacji Wyspa Progress. Projekt ten by\u0142 wspierany przez program GPS\/Global Practice Sharing Program of Movement Research przy wsparciu finansowym Trust for Mutual Understanding.<\/p>\n\n\n\n<p>Udzia\u0142&nbsp; artyst\u00f3w: Camilo Camar i Chagua Camacho- Olgu\u00edn by\u0142 mo\u017cliwy dzi\u0119ki wsparciu Foundation for Contemporary Arts Emergency Grant.<\/p>\n\n\n\n<figure class=\"wp-block-gallery has-nested-images columns-default is-cropped wp-block-gallery-1 is-layout-flex wp-block-gallery-is-layout-flex\">\n<figure class=\"wp-block-image size-large\"><a href=\"https:\/\/nck.krakow.pl\/kcc\/wp-content\/uploads\/2025\/02\/IMG_1358-690x1024.jpg\"><img loading=\"lazy\" decoding=\"async\" width=\"690\" height=\"1024\" data-id=\"8055\" src=\"https:\/\/nck.krakow.pl\/kcc\/wp-content\/uploads\/2025\/02\/IMG_1358-690x1024.jpg\" alt=\"\" class=\"wp-image-8055\" srcset=\"https:\/\/nck.krakow.pl\/kcc\/wp-content\/uploads\/2025\/02\/IMG_1358-690x1024.jpg 690w, https:\/\/nck.krakow.pl\/kcc\/wp-content\/uploads\/2025\/02\/IMG_1358-202x300.jpg 202w, https:\/\/nck.krakow.pl\/kcc\/wp-content\/uploads\/2025\/02\/IMG_1358-768x1140.jpg 768w, https:\/\/nck.krakow.pl\/kcc\/wp-content\/uploads\/2025\/02\/IMG_1358-1035x1536.jpg 1035w, https:\/\/nck.krakow.pl\/kcc\/wp-content\/uploads\/2025\/02\/IMG_1358.jpg 1179w\" sizes=\"(max-width: 690px) 100vw, 690px\" \/><\/a><\/figure>\n\n\n\n<figure class=\"wp-block-image size-large\"><a href=\"https:\/\/nck.krakow.pl\/kcc\/wp-content\/uploads\/2025\/02\/IMG_5052-2-1024x682.jpg\"><img loading=\"lazy\" decoding=\"async\" width=\"1024\" height=\"682\" data-id=\"8059\" src=\"https:\/\/nck.krakow.pl\/kcc\/wp-content\/uploads\/2025\/02\/IMG_5052-2-1024x682.jpg\" alt=\"\" class=\"wp-image-8059\" srcset=\"https:\/\/nck.krakow.pl\/kcc\/wp-content\/uploads\/2025\/02\/IMG_5052-2-1024x682.jpg 1024w, https:\/\/nck.krakow.pl\/kcc\/wp-content\/uploads\/2025\/02\/IMG_5052-2-300x200.jpg 300w, https:\/\/nck.krakow.pl\/kcc\/wp-content\/uploads\/2025\/02\/IMG_5052-2-768x512.jpg 768w, https:\/\/nck.krakow.pl\/kcc\/wp-content\/uploads\/2025\/02\/IMG_5052-2-1536x1024.jpg 1536w, https:\/\/nck.krakow.pl\/kcc\/wp-content\/uploads\/2025\/02\/IMG_5052-2.jpg 2000w\" sizes=\"(max-width: 1024px) 100vw, 1024px\" \/><\/a><\/figure>\n\n\n\n<figure class=\"wp-block-image size-large\"><a href=\"https:\/\/nck.krakow.pl\/kcc\/wp-content\/uploads\/2025\/02\/IMG_5202-2-1024x683.jpg\"><img loading=\"lazy\" decoding=\"async\" width=\"1024\" height=\"683\" data-id=\"8057\" src=\"https:\/\/nck.krakow.pl\/kcc\/wp-content\/uploads\/2025\/02\/IMG_5202-2-1024x683.jpg\" alt=\"\" class=\"wp-image-8057\" srcset=\"https:\/\/nck.krakow.pl\/kcc\/wp-content\/uploads\/2025\/02\/IMG_5202-2-1024x683.jpg 1024w, https:\/\/nck.krakow.pl\/kcc\/wp-content\/uploads\/2025\/02\/IMG_5202-2-300x200.jpg 300w, https:\/\/nck.krakow.pl\/kcc\/wp-content\/uploads\/2025\/02\/IMG_5202-2-768x512.jpg 768w, https:\/\/nck.krakow.pl\/kcc\/wp-content\/uploads\/2025\/02\/IMG_5202-2-1536x1025.jpg 1536w, https:\/\/nck.krakow.pl\/kcc\/wp-content\/uploads\/2025\/02\/IMG_5202-2.jpg 2000w\" sizes=\"(max-width: 1024px) 100vw, 1024px\" \/><\/a><\/figure>\n\n\n\n<figure class=\"wp-block-image size-large\"><a href=\"https:\/\/nck.krakow.pl\/kcc\/wp-content\/uploads\/2025\/02\/IMG_20241019_123401-768x1024.jpg\"><img loading=\"lazy\" decoding=\"async\" width=\"768\" height=\"1024\" data-id=\"8058\" src=\"https:\/\/nck.krakow.pl\/kcc\/wp-content\/uploads\/2025\/02\/IMG_20241019_123401-768x1024.jpg\" alt=\"\" class=\"wp-image-8058\" srcset=\"https:\/\/nck.krakow.pl\/kcc\/wp-content\/uploads\/2025\/02\/IMG_20241019_123401-768x1024.jpg 768w, https:\/\/nck.krakow.pl\/kcc\/wp-content\/uploads\/2025\/02\/IMG_20241019_123401-225x300.jpg 225w, https:\/\/nck.krakow.pl\/kcc\/wp-content\/uploads\/2025\/02\/IMG_20241019_123401-1152x1536.jpg 1152w, https:\/\/nck.krakow.pl\/kcc\/wp-content\/uploads\/2025\/02\/IMG_20241019_123401-1536x2048.jpg 1536w, https:\/\/nck.krakow.pl\/kcc\/wp-content\/uploads\/2025\/02\/IMG_20241019_123401-scaled.jpg 1920w\" sizes=\"(max-width: 768px) 100vw, 768px\" \/><\/a><\/figure>\n\n\n\n<figure class=\"wp-block-image size-large\"><a href=\"https:\/\/nck.krakow.pl\/kcc\/wp-content\/uploads\/2025\/02\/Kopia-IMG_1289-scaled.jpg\"><img loading=\"lazy\" decoding=\"async\" width=\"768\" height=\"1024\" data-id=\"8093\" src=\"https:\/\/nck.krakow.pl\/kcc\/wp-content\/uploads\/2025\/02\/Kopia-IMG_1289-768x1024.jpg\" alt=\"\" class=\"wp-image-8093\" srcset=\"https:\/\/nck.krakow.pl\/kcc\/wp-content\/uploads\/2025\/02\/Kopia-IMG_1289-768x1024.jpg 768w, https:\/\/nck.krakow.pl\/kcc\/wp-content\/uploads\/2025\/02\/Kopia-IMG_1289-225x300.jpg 225w, https:\/\/nck.krakow.pl\/kcc\/wp-content\/uploads\/2025\/02\/Kopia-IMG_1289-1152x1536.jpg 1152w, https:\/\/nck.krakow.pl\/kcc\/wp-content\/uploads\/2025\/02\/Kopia-IMG_1289-1536x2048.jpg 1536w, https:\/\/nck.krakow.pl\/kcc\/wp-content\/uploads\/2025\/02\/Kopia-IMG_1289-scaled.jpg 1920w\" sizes=\"(max-width: 768px) 100vw, 768px\" \/><\/a><\/figure>\n\n\n\n<figure class=\"wp-block-image size-large\"><a href=\"https:\/\/nck.krakow.pl\/kcc\/wp-content\/uploads\/2025\/02\/zdjecie-1-1024x682.jpg\"><img loading=\"lazy\" decoding=\"async\" width=\"1024\" height=\"682\" data-id=\"8060\" src=\"https:\/\/nck.krakow.pl\/kcc\/wp-content\/uploads\/2025\/02\/zdjecie-1-1024x682.jpg\" alt=\"\" class=\"wp-image-8060\" srcset=\"https:\/\/nck.krakow.pl\/kcc\/wp-content\/uploads\/2025\/02\/zdjecie-1-1024x682.jpg 1024w, https:\/\/nck.krakow.pl\/kcc\/wp-content\/uploads\/2025\/02\/zdjecie-1-300x200.jpg 300w, https:\/\/nck.krakow.pl\/kcc\/wp-content\/uploads\/2025\/02\/zdjecie-1-768x512.jpg 768w, https:\/\/nck.krakow.pl\/kcc\/wp-content\/uploads\/2025\/02\/zdjecie-1-1536x1024.jpg 1536w, https:\/\/nck.krakow.pl\/kcc\/wp-content\/uploads\/2025\/02\/zdjecie-1.jpg 2000w\" sizes=\"(max-width: 1024px) 100vw, 1024px\" \/><\/a><\/figure>\n<\/figure>\n\n\n\n<figure class=\"wp-block-image size-large is-resized\"><img decoding=\"async\" src=\"https:\/\/nck.krakow.pl\/kcc\/wp-content\/uploads\/2025\/02\/GPS-logo-clear-background-1-1024x1024.png\" alt=\"\" class=\"wp-image-8061\" style=\"width:256px;height:auto\"\/><\/figure>\n","protected":false},"excerpt":{"rendered":"<p>KCC nale\u017cy do sieci organizacji partnerskich w ramach programu GPS\/Global Practice Sharing, realizowanego przez Movement Research. Program stanowi platform\u0119 umo\u017cliwiaj\u0105c\u0105 mi\u0119dzynarodow\u0105 wymian\u0119 idei, proces\u00f3w i praktyk refleksyjnych dotycz\u0105cych form ta\u0144ca i ruchu. \u0141\u0105czy ze sob\u0105 spo\u0142eczno\u015bci sztuk performatywnych w Stanach Zjednoczonych i na \u015bwiecie. GPS zak\u0142ada, \u017ce dialog oparty na r\u00f3\u017cnorodno\u015bci jest niezb\u0119dny do generowania [&hellip;]<\/p>\n","protected":false},"author":5,"featured_media":0,"parent":0,"menu_order":0,"comment_status":"closed","ping_status":"closed","template":"","meta":{"footnotes":""},"class_list":["post-8054","page","type-page","status-publish","hentry"],"yoast_head":"<!-- This site is optimized with the Yoast SEO plugin v19.12 - https:\/\/yoast.com\/wordpress\/plugins\/seo\/ -->\n<title>Global Practice Sharing - Krakowskie Centrum Choreograficzne<\/title>\n<meta name=\"robots\" content=\"index, follow, max-snippet:-1, max-image-preview:large, max-video-preview:-1\" \/>\n<link rel=\"canonical\" href=\"https:\/\/nck.krakow.pl\/kcc\/global-practice-sharing\/\" \/>\n<meta property=\"og:locale\" content=\"pl_PL\" \/>\n<meta property=\"og:type\" content=\"article\" \/>\n<meta property=\"og:title\" content=\"Global Practice Sharing - Krakowskie Centrum Choreograficzne\" \/>\n<meta property=\"og:description\" content=\"KCC nale\u017cy do sieci organizacji partnerskich w ramach programu GPS\/Global Practice Sharing, realizowanego przez Movement Research. Program stanowi platform\u0119 umo\u017cliwiaj\u0105c\u0105 mi\u0119dzynarodow\u0105 wymian\u0119 idei, proces\u00f3w i praktyk refleksyjnych dotycz\u0105cych form ta\u0144ca i ruchu. \u0141\u0105czy ze sob\u0105 spo\u0142eczno\u015bci sztuk performatywnych w Stanach Zjednoczonych i na \u015bwiecie. GPS zak\u0142ada, \u017ce dialog oparty na r\u00f3\u017cnorodno\u015bci jest niezb\u0119dny do generowania [&hellip;]\" \/>\n<meta property=\"og:url\" content=\"https:\/\/nck.krakow.pl\/kcc\/global-practice-sharing\/\" \/>\n<meta property=\"og:site_name\" content=\"Krakowskie Centrum Choreograficzne\" \/>\n<meta property=\"article:modified_time\" content=\"2025-02-17T16:01:09+00:00\" \/>\n<meta property=\"og:image\" content=\"https:\/\/nck.krakow.pl\/kcc\/wp-content\/uploads\/2025\/02\/IMG_1358-690x1024.jpg\" \/>\n<meta name=\"twitter:card\" content=\"summary_large_image\" \/>\n<meta name=\"twitter:label1\" content=\"Est. reading time\" \/>\n\t<meta name=\"twitter:data1\" content=\"4 minuty\" \/>\n<script type=\"application\/ld+json\" class=\"yoast-schema-graph\">{\"@context\":\"https:\/\/schema.org\",\"@graph\":[{\"@type\":\"WebPage\",\"@id\":\"https:\/\/nck.krakow.pl\/kcc\/global-practice-sharing\/\",\"url\":\"https:\/\/nck.krakow.pl\/kcc\/global-practice-sharing\/\",\"name\":\"Global Practice Sharing - Krakowskie Centrum Choreograficzne\",\"isPartOf\":{\"@id\":\"https:\/\/nck.krakow.pl\/kcc\/#website\"},\"datePublished\":\"2025-02-03T12:08:45+00:00\",\"dateModified\":\"2025-02-17T16:01:09+00:00\",\"breadcrumb\":{\"@id\":\"https:\/\/nck.krakow.pl\/kcc\/global-practice-sharing\/#breadcrumb\"},\"inLanguage\":\"pl-PL\",\"potentialAction\":[{\"@type\":\"ReadAction\",\"target\":[\"https:\/\/nck.krakow.pl\/kcc\/global-practice-sharing\/\"]}]},{\"@type\":\"BreadcrumbList\",\"@id\":\"https:\/\/nck.krakow.pl\/kcc\/global-practice-sharing\/#breadcrumb\",\"itemListElement\":[{\"@type\":\"ListItem\",\"position\":1,\"name\":\"Strona g\u0142\u00f3wna\",\"item\":\"https:\/\/nck.krakow.pl\/kcc\/\"},{\"@type\":\"ListItem\",\"position\":2,\"name\":\"Global Practice Sharing\"}]},{\"@type\":\"WebSite\",\"@id\":\"https:\/\/nck.krakow.pl\/kcc\/#website\",\"url\":\"https:\/\/nck.krakow.pl\/kcc\/\",\"name\":\"Krakowskie Centrum Choreograficzne\",\"description\":\"\",\"publisher\":{\"@id\":\"https:\/\/nck.krakow.pl\/kcc\/#organization\"},\"potentialAction\":[{\"@type\":\"SearchAction\",\"target\":{\"@type\":\"EntryPoint\",\"urlTemplate\":\"https:\/\/nck.krakow.pl\/kcc\/?s={search_term_string}\"},\"query-input\":\"required name=search_term_string\"}],\"inLanguage\":\"pl-PL\"},{\"@type\":\"Organization\",\"@id\":\"https:\/\/nck.krakow.pl\/kcc\/#organization\",\"name\":\"Krakowskie Centrum Choreograficzne\",\"url\":\"https:\/\/nck.krakow.pl\/kcc\/\",\"logo\":{\"@type\":\"ImageObject\",\"inLanguage\":\"pl-PL\",\"@id\":\"https:\/\/nck.krakow.pl\/kcc\/#\/schema\/logo\/image\/\",\"url\":\"https:\/\/nck.krakow.pl\/kcc\/wp-content\/uploads\/2020\/01\/cropped-logo-kcc-2020.png\",\"contentUrl\":\"https:\/\/nck.krakow.pl\/kcc\/wp-content\/uploads\/2020\/01\/cropped-logo-kcc-2020.png\",\"width\":116,\"height\":55,\"caption\":\"Krakowskie Centrum Choreograficzne\"},\"image\":{\"@id\":\"https:\/\/nck.krakow.pl\/kcc\/#\/schema\/logo\/image\/\"}}]}<\/script>\n<!-- \/ Yoast SEO plugin. -->","yoast_head_json":{"title":"Global Practice Sharing - Krakowskie Centrum Choreograficzne","robots":{"index":"index","follow":"follow","max-snippet":"max-snippet:-1","max-image-preview":"max-image-preview:large","max-video-preview":"max-video-preview:-1"},"canonical":"https:\/\/nck.krakow.pl\/kcc\/global-practice-sharing\/","og_locale":"pl_PL","og_type":"article","og_title":"Global Practice Sharing - Krakowskie Centrum Choreograficzne","og_description":"KCC nale\u017cy do sieci organizacji partnerskich w ramach programu GPS\/Global Practice Sharing, realizowanego przez Movement Research. Program stanowi platform\u0119 umo\u017cliwiaj\u0105c\u0105 mi\u0119dzynarodow\u0105 wymian\u0119 idei, proces\u00f3w i praktyk refleksyjnych dotycz\u0105cych form ta\u0144ca i ruchu. \u0141\u0105czy ze sob\u0105 spo\u0142eczno\u015bci sztuk performatywnych w Stanach Zjednoczonych i na \u015bwiecie. GPS zak\u0142ada, \u017ce dialog oparty na r\u00f3\u017cnorodno\u015bci jest niezb\u0119dny do generowania [&hellip;]","og_url":"https:\/\/nck.krakow.pl\/kcc\/global-practice-sharing\/","og_site_name":"Krakowskie Centrum Choreograficzne","article_modified_time":"2025-02-17T16:01:09+00:00","og_image":[{"url":"https:\/\/nck.krakow.pl\/kcc\/wp-content\/uploads\/2025\/02\/IMG_1358-690x1024.jpg"}],"twitter_card":"summary_large_image","twitter_misc":{"Est. reading time":"4 minuty"},"schema":{"@context":"https:\/\/schema.org","@graph":[{"@type":"WebPage","@id":"https:\/\/nck.krakow.pl\/kcc\/global-practice-sharing\/","url":"https:\/\/nck.krakow.pl\/kcc\/global-practice-sharing\/","name":"Global Practice Sharing - Krakowskie Centrum Choreograficzne","isPartOf":{"@id":"https:\/\/nck.krakow.pl\/kcc\/#website"},"datePublished":"2025-02-03T12:08:45+00:00","dateModified":"2025-02-17T16:01:09+00:00","breadcrumb":{"@id":"https:\/\/nck.krakow.pl\/kcc\/global-practice-sharing\/#breadcrumb"},"inLanguage":"pl-PL","potentialAction":[{"@type":"ReadAction","target":["https:\/\/nck.krakow.pl\/kcc\/global-practice-sharing\/"]}]},{"@type":"BreadcrumbList","@id":"https:\/\/nck.krakow.pl\/kcc\/global-practice-sharing\/#breadcrumb","itemListElement":[{"@type":"ListItem","position":1,"name":"Strona g\u0142\u00f3wna","item":"https:\/\/nck.krakow.pl\/kcc\/"},{"@type":"ListItem","position":2,"name":"Global Practice Sharing"}]},{"@type":"WebSite","@id":"https:\/\/nck.krakow.pl\/kcc\/#website","url":"https:\/\/nck.krakow.pl\/kcc\/","name":"Krakowskie Centrum Choreograficzne","description":"","publisher":{"@id":"https:\/\/nck.krakow.pl\/kcc\/#organization"},"potentialAction":[{"@type":"SearchAction","target":{"@type":"EntryPoint","urlTemplate":"https:\/\/nck.krakow.pl\/kcc\/?s={search_term_string}"},"query-input":"required name=search_term_string"}],"inLanguage":"pl-PL"},{"@type":"Organization","@id":"https:\/\/nck.krakow.pl\/kcc\/#organization","name":"Krakowskie Centrum Choreograficzne","url":"https:\/\/nck.krakow.pl\/kcc\/","logo":{"@type":"ImageObject","inLanguage":"pl-PL","@id":"https:\/\/nck.krakow.pl\/kcc\/#\/schema\/logo\/image\/","url":"https:\/\/nck.krakow.pl\/kcc\/wp-content\/uploads\/2020\/01\/cropped-logo-kcc-2020.png","contentUrl":"https:\/\/nck.krakow.pl\/kcc\/wp-content\/uploads\/2020\/01\/cropped-logo-kcc-2020.png","width":116,"height":55,"caption":"Krakowskie Centrum Choreograficzne"},"image":{"@id":"https:\/\/nck.krakow.pl\/kcc\/#\/schema\/logo\/image\/"}}]}},"_links":{"self":[{"href":"https:\/\/nck.krakow.pl\/kcc\/wp-json\/wp\/v2\/pages\/8054"}],"collection":[{"href":"https:\/\/nck.krakow.pl\/kcc\/wp-json\/wp\/v2\/pages"}],"about":[{"href":"https:\/\/nck.krakow.pl\/kcc\/wp-json\/wp\/v2\/types\/page"}],"author":[{"embeddable":true,"href":"https:\/\/nck.krakow.pl\/kcc\/wp-json\/wp\/v2\/users\/5"}],"replies":[{"embeddable":true,"href":"https:\/\/nck.krakow.pl\/kcc\/wp-json\/wp\/v2\/comments?post=8054"}],"version-history":[{"count":4,"href":"https:\/\/nck.krakow.pl\/kcc\/wp-json\/wp\/v2\/pages\/8054\/revisions"}],"predecessor-version":[{"id":8094,"href":"https:\/\/nck.krakow.pl\/kcc\/wp-json\/wp\/v2\/pages\/8054\/revisions\/8094"}],"wp:attachment":[{"href":"https:\/\/nck.krakow.pl\/kcc\/wp-json\/wp\/v2\/media?parent=8054"}],"curies":[{"name":"wp","href":"https:\/\/api.w.org\/{rel}","templated":true}]}}