{"id":800,"date":"2016-08-17T13:15:53","date_gmt":"2016-08-17T13:15:53","guid":{"rendered":"http:\/\/kcc.new.nck.krakow.pl\/?page_id=800"},"modified":"2025-08-04T10:45:22","modified_gmt":"2025-08-04T10:45:22","slug":"pracownia-pro","status":"publish","type":"page","link":"https:\/\/nck.krakow.pl\/kcc\/pracownia-pro\/","title":{"rendered":"Pracownia Tw\u00f3rcza"},"content":{"rendered":"\n<blockquote class=\"wp-block-quote is-layout-flow wp-block-quote-is-layout-flow\">\n<p><strong>UWAGA TO ARCHIWALNA WERSJA WPISU.<br>Aktualnie prowadzone zaj\u0119cia znajdziesz tutaj: <a href=\"https:\/\/nck.krakow.pl\/kcc\/zajecia\/\">https:\/\/nck.krakow.pl\/kcc\/zajecia\/<\/a><\/strong><\/p>\n<\/blockquote>\n\n\n\n<p>Pracownia Tw\u00f3rcza to sta\u0142a grupa, spotykaj\u0105ca si\u0119 regularnie dwa razy w tygodniu na lekcjach ta\u0144ca wsp\u00f3\u0142czesnego z elementami zada\u0144 tw\u00f3rczych i praktyk improwizacyjnych. Zaj\u0119cia przeznaczone s\u0105 dla pe\u0142noletnich tancerzy_rek \u015brednio\/zaawansowanych w technice ta\u0144ca wsp\u00f3\u0142czesnego oraz gotowych na poszukiwania w zakresie kreatywnej pracy z cia\u0142em.&nbsp;<\/p>\n\n\n\n<p>Cz\u0142onkowie_inie Pracowni Tw\u00f3rczej deklaruj\u0105 swoje uczestnictwo w zaj\u0119ciach na ca\u0142y sezon artystyczny.<\/p>\n\n\n\n<h2 class=\"wp-block-heading\">Program zaj\u0119\u0107<\/h2>\n\n\n\n<p>Zaj\u0119cia grupy zaawansowanej Pracownia Tw\u00f3rczej bazuj\u0105 na badaniu i eksplorowaniu w\u0142asnej ekspresji ruchowej oraz praktyce r\u00f3\u017cnych strategii ta\u0144ca wsp\u00f3\u0142czesnego. Uczestnicy_czki w ramach zaj\u0119\u0107 rozwijaj\u0105 og\u00f3ln\u0105 sprawno\u015b\u0107 i mobilno\u015b\u0107 cia\u0142a oraz pog\u0142\u0119biaj\u0105 \u015bwiadomo\u015b\u0107 i percepcj\u0119 ruchu. Zaj\u0119cia zawieraj\u0105 techniczne \u0107wiczenia obejmuj\u0105ce prac\u0119 z: ci\u0119\u017carem cia\u0142a, dynamik\u0105, przep\u0142ywem, z pod\u0142og\u0105 oraz z oddechem. Ale przede wszystkim skupiaj\u0105 si\u0119 na pracy nad poszerzaniem w\u0142asnego j\u0119zyka ruchowego. Improwizacja ruchowa skoncentrowana na eksploracji okre\u015blonego tematu b\u0119dzie pretekstem do poszerzania jako\u015bci ruchowych, odnajdywania swobody i przyjemnego flow oraz tw\u00f3rczych poszukiwa\u0144.<\/p>\n\n\n\n<p>Osoby nale\u017c\u0105ce do grupy Pracownia Tw\u00f3rczej b\u0119d\u0105 zdobywa\u0107 nowe umiej\u0119tno\u015bci poprzez praktyk\u0119 w\u0142asn\u0105 jak r\u00f3wnie\u017c prac\u0119 w parach\/grupie. Dodatkowym celem zaj\u0119\u0107 jest rozbudzanie kreatywno\u015bci oraz wzmacnianie samorozwoju w bezpiecznej przestrzeni wymiany. Wa\u017cnym elementem zaj\u0119\u0107 jest dzielenie si\u0119 w\u0142asnymi spostrze\u017ceniami z innymi uczestnikami grupy oraz wzajemny feedback.<\/p>\n\n\n\n<p>Pedago\u017cki zdecyduj\u0105 w trakcie sezonu o ewentualnej formie jego zako\u0144czenia w postaci pokazu\/lekcji otwartej.<\/p>\n\n\n\n<h2 class=\"wp-block-heading\">Pedago\u017cki<\/h2>\n\n\n\n<p class=\"has-text-align-left\">Zaj\u0119cia s\u0105 prowadzone przez Magdalen\u0119 Malik, Karolin\u0119 Grac\u0119 oraz pedagog\u00f3w_\u017cki go\u015bcinne.<\/p>\n\n\n\n<figure class=\"wp-block-image size-large is-resized\"><img loading=\"lazy\" decoding=\"async\" width=\"683\" height=\"1024\" src=\"https:\/\/nck.krakow.pl\/kcc\/wp-content\/uploads\/2023\/08\/Karolina-683x1024.jpg\" alt=\"\" class=\"wp-image-7111\" style=\"width:300px\" srcset=\"https:\/\/nck.krakow.pl\/kcc\/wp-content\/uploads\/2023\/08\/Karolina-683x1024.jpg 683w, https:\/\/nck.krakow.pl\/kcc\/wp-content\/uploads\/2023\/08\/Karolina-200x300.jpg 200w, https:\/\/nck.krakow.pl\/kcc\/wp-content\/uploads\/2023\/08\/Karolina-768x1151.jpg 768w, https:\/\/nck.krakow.pl\/kcc\/wp-content\/uploads\/2023\/08\/Karolina-1025x1536.jpg 1025w, https:\/\/nck.krakow.pl\/kcc\/wp-content\/uploads\/2023\/08\/Karolina.jpg 1334w\" sizes=\"(max-width: 683px) 100vw, 683px\" \/><\/figure>\n\n\n\n<p><strong>Karolina Graca<\/strong> tancerka, nauczycielka ta\u0144ca, choreografka, performerka.<\/p>\n\n\n\n<p>Od 2023 roku zwi\u0105zana z czeskim kolektywen PocketArt, z kt\u00f3rym realizuje mi\u0119dzynarodowy projekt \u201cFairy Tales\u201d. W 2021 roku zrealizowa\u0142a spektakl BLUSH w Zamku Ujazdowskim w Warszawie. Wsp\u00f3\u0142pracowa\u0142a tam z Micha\u0142em Adamem G\u00f3ralem, Ann\u0105 Banasik i Wojciechem Dolatowskim. Realizuje r\u00f3wnie\u017c niezale\u017cne projekty z szeroko poj\u0119tych sztuk performatywnych.&nbsp;<\/p>\n\n\n\n<p>Na co dzie\u0144 zwi\u0105zana z Krakowskim Centrum Choreograficznym, gdzie prowadzi grupy edukacyjne dla doros\u0142ych oraz zajmuje si\u0119 social mediami KCC. Wsp\u00f3\u0142tworzy Krakowski Festiwal Ta\u0144ca i inne projekty dziej\u0105ce si\u0119 w KCC. Wsp\u00f3\u0142pracuje r\u00f3wnie\u017c ze Studiem Ta\u0144ca OFFicyna.<\/p>\n\n\n\n<p>Absolwentka Performatyki na Wydziale Polonistyki UJ. Prywatnie fanka jesieni zanurzaj\u0105ca si\u0119 w feministycznych lekturach.<\/p>\n\n\n\n<figure class=\"wp-block-image size-large is-resized\"><img loading=\"lazy\" decoding=\"async\" width=\"732\" height=\"1024\" src=\"https:\/\/nck.krakow.pl\/kcc\/wp-content\/uploads\/2024\/08\/Magdalena-Malik-732x1024.jpg\" alt=\"\" class=\"wp-image-7697\" style=\"width:300px\" srcset=\"https:\/\/nck.krakow.pl\/kcc\/wp-content\/uploads\/2024\/08\/Magdalena-Malik-732x1024.jpg 732w, https:\/\/nck.krakow.pl\/kcc\/wp-content\/uploads\/2024\/08\/Magdalena-Malik-214x300.jpg 214w, https:\/\/nck.krakow.pl\/kcc\/wp-content\/uploads\/2024\/08\/Magdalena-Malik-768x1075.jpg 768w, https:\/\/nck.krakow.pl\/kcc\/wp-content\/uploads\/2024\/08\/Magdalena-Malik-1097x1536.jpg 1097w, https:\/\/nck.krakow.pl\/kcc\/wp-content\/uploads\/2024\/08\/Magdalena-Malik.jpg 1463w\" sizes=\"(max-width: 732px) 100vw, 732px\" \/><\/figure>\n\n\n\n<p><strong>Magdalena Malik<\/strong> aktorka, tancerka, performerka, absolwentka Wydzia\u0142u Teatru Ta\u0144ca w AST im. Stanis\u0142awa Wyspia\u0144skiego w Krakowie. Stypendystka programu polsko-izraelskiego \u201e360\u00b0\u201d w College Kibbutzim of Education, Technology and the Arts w Tel Avivie, gdzie wsp\u00f3\u0142tworzy\u0142a i gra\u0142a w spektaklu \u201eSzkic\u201d.&nbsp;Wsp\u00f3\u0142pracowa\u0142a m.in. z: Teatrem Variete w Krakowie, Teatrem Ma\u0142ym w Tychach, Teatrem \u015al\u0105skim w Katowicach, Teatrem Nowym Proxima w Krakowie. Aktualnie mo\u017cna zobaczy\u0107 j\u0105 na deskach Teatru Nowego im. Kazimierza Dejmka w \u0141odzi w tytu\u0142owej roli spektaklu \u201eCarmen\u201d w re\u017c. Anny Obsza\u0144skiej oraz w &#8222;Giselle, ta\u0144cz!&#8221; w Teatrze Wsp\u00f3\u0142czesnym w Szczecinie.<\/p>\n\n\n\n<p>Pedago\u017cka artystyczna w XXX LO w Krakowie, gdzie uczy w klasach taneczno-teatralnych ta\u0144ca wsp\u00f3\u0142czesnego oraz elementarnych zada\u0144 aktorskich.&nbsp;<\/p>\n\n\n\n<p>Stale eksploruje sw\u00f3j warsztat na mi\u0119dzynarodowych festiwalach tanecznych, m.in. Warsaw CI Flow w Polsce,&nbsp; Deltebre Dansa w Hiszpanii oraz Summer Intensive w Portugalii.&nbsp;<\/p>\n\n\n\n<p>Ponadto certyfikowana instruktorka jogi w nurcie Ashtanga Vinyasa oraz fanka film\u00f3w dokumentalnych.<\/p>\n\n\n\n<div style=\"height:100px\" aria-hidden=\"true\" class=\"wp-block-spacer\"><\/div>\n\n\n\n<p><strong>Film \u201ePulsar\u201d<\/strong><br>chor.: Dominika Wiak, Video: Borys Dubia\u0144ski<\/p>\n\n\n\n<figure class=\"wp-block-gallery has-nested-images columns-default is-cropped wp-block-gallery-1 is-layout-flex wp-block-gallery-is-layout-flex\">\n<figure class=\"wp-block-image size-large\"><a href=\"https:\/\/nck.krakow.pl\/kcc\/wp-content\/uploads\/2024\/08\/0Y5A7166-scaled.jpg\"><img loading=\"lazy\" decoding=\"async\" width=\"1024\" height=\"683\" data-id=\"7667\" src=\"https:\/\/nck.krakow.pl\/kcc\/wp-content\/uploads\/2024\/08\/0Y5A7166-1024x683.jpg\" alt=\"\" class=\"wp-image-7667\" srcset=\"https:\/\/nck.krakow.pl\/kcc\/wp-content\/uploads\/2024\/08\/0Y5A7166-1024x683.jpg 1024w, https:\/\/nck.krakow.pl\/kcc\/wp-content\/uploads\/2024\/08\/0Y5A7166-300x200.jpg 300w, https:\/\/nck.krakow.pl\/kcc\/wp-content\/uploads\/2024\/08\/0Y5A7166-768x512.jpg 768w, https:\/\/nck.krakow.pl\/kcc\/wp-content\/uploads\/2024\/08\/0Y5A7166-1536x1024.jpg 1536w, https:\/\/nck.krakow.pl\/kcc\/wp-content\/uploads\/2024\/08\/0Y5A7166-2048x1365.jpg 2048w\" sizes=\"(max-width: 1024px) 100vw, 1024px\" \/><\/a><\/figure>\n\n\n\n<figure class=\"wp-block-image size-large\"><a href=\"https:\/\/nck.krakow.pl\/kcc\/wp-content\/uploads\/2024\/08\/0Y5A7225-scaled.jpg\"><img loading=\"lazy\" decoding=\"async\" width=\"683\" height=\"1024\" data-id=\"7670\" src=\"https:\/\/nck.krakow.pl\/kcc\/wp-content\/uploads\/2024\/08\/0Y5A7225-683x1024.jpg\" alt=\"\" class=\"wp-image-7670\" srcset=\"https:\/\/nck.krakow.pl\/kcc\/wp-content\/uploads\/2024\/08\/0Y5A7225-683x1024.jpg 683w, https:\/\/nck.krakow.pl\/kcc\/wp-content\/uploads\/2024\/08\/0Y5A7225-200x300.jpg 200w, https:\/\/nck.krakow.pl\/kcc\/wp-content\/uploads\/2024\/08\/0Y5A7225-768x1152.jpg 768w, https:\/\/nck.krakow.pl\/kcc\/wp-content\/uploads\/2024\/08\/0Y5A7225-1024x1536.jpg 1024w, https:\/\/nck.krakow.pl\/kcc\/wp-content\/uploads\/2024\/08\/0Y5A7225-1365x2048.jpg 1365w, https:\/\/nck.krakow.pl\/kcc\/wp-content\/uploads\/2024\/08\/0Y5A7225-scaled.jpg 1707w\" sizes=\"(max-width: 683px) 100vw, 683px\" \/><\/a><\/figure>\n\n\n\n<figure class=\"wp-block-image size-large\"><a href=\"https:\/\/nck.krakow.pl\/kcc\/wp-content\/uploads\/2024\/08\/0Y5A7281-scaled.jpg\"><img loading=\"lazy\" decoding=\"async\" width=\"1024\" height=\"683\" data-id=\"7668\" src=\"https:\/\/nck.krakow.pl\/kcc\/wp-content\/uploads\/2024\/08\/0Y5A7281-1024x683.jpg\" alt=\"\" class=\"wp-image-7668\" srcset=\"https:\/\/nck.krakow.pl\/kcc\/wp-content\/uploads\/2024\/08\/0Y5A7281-1024x683.jpg 1024w, https:\/\/nck.krakow.pl\/kcc\/wp-content\/uploads\/2024\/08\/0Y5A7281-300x200.jpg 300w, https:\/\/nck.krakow.pl\/kcc\/wp-content\/uploads\/2024\/08\/0Y5A7281-768x512.jpg 768w, https:\/\/nck.krakow.pl\/kcc\/wp-content\/uploads\/2024\/08\/0Y5A7281-1536x1024.jpg 1536w, https:\/\/nck.krakow.pl\/kcc\/wp-content\/uploads\/2024\/08\/0Y5A7281-2048x1365.jpg 2048w\" sizes=\"(max-width: 1024px) 100vw, 1024px\" \/><\/a><\/figure>\n\n\n\n<figure class=\"wp-block-image size-large\"><a href=\"https:\/\/nck.krakow.pl\/kcc\/wp-content\/uploads\/2024\/08\/0Y5A7313-scaled.jpg\"><img loading=\"lazy\" decoding=\"async\" width=\"1024\" height=\"683\" data-id=\"7666\" src=\"https:\/\/nck.krakow.pl\/kcc\/wp-content\/uploads\/2024\/08\/0Y5A7313-1024x683.jpg\" alt=\"\" class=\"wp-image-7666\" srcset=\"https:\/\/nck.krakow.pl\/kcc\/wp-content\/uploads\/2024\/08\/0Y5A7313-1024x683.jpg 1024w, https:\/\/nck.krakow.pl\/kcc\/wp-content\/uploads\/2024\/08\/0Y5A7313-300x200.jpg 300w, https:\/\/nck.krakow.pl\/kcc\/wp-content\/uploads\/2024\/08\/0Y5A7313-768x512.jpg 768w, https:\/\/nck.krakow.pl\/kcc\/wp-content\/uploads\/2024\/08\/0Y5A7313-1536x1024.jpg 1536w, https:\/\/nck.krakow.pl\/kcc\/wp-content\/uploads\/2024\/08\/0Y5A7313-2048x1365.jpg 2048w\" sizes=\"(max-width: 1024px) 100vw, 1024px\" \/><\/a><\/figure>\n\n\n\n<figure class=\"wp-block-image size-large\"><a href=\"https:\/\/nck.krakow.pl\/kcc\/wp-content\/uploads\/2024\/08\/0Y5A7460-scaled.jpg\"><img loading=\"lazy\" decoding=\"async\" width=\"683\" height=\"1024\" data-id=\"7669\" src=\"https:\/\/nck.krakow.pl\/kcc\/wp-content\/uploads\/2024\/08\/0Y5A7460-683x1024.jpg\" alt=\"\" class=\"wp-image-7669\" srcset=\"https:\/\/nck.krakow.pl\/kcc\/wp-content\/uploads\/2024\/08\/0Y5A7460-683x1024.jpg 683w, https:\/\/nck.krakow.pl\/kcc\/wp-content\/uploads\/2024\/08\/0Y5A7460-200x300.jpg 200w, https:\/\/nck.krakow.pl\/kcc\/wp-content\/uploads\/2024\/08\/0Y5A7460-768x1152.jpg 768w, https:\/\/nck.krakow.pl\/kcc\/wp-content\/uploads\/2024\/08\/0Y5A7460-1024x1536.jpg 1024w, https:\/\/nck.krakow.pl\/kcc\/wp-content\/uploads\/2024\/08\/0Y5A7460-1365x2048.jpg 1365w, https:\/\/nck.krakow.pl\/kcc\/wp-content\/uploads\/2024\/08\/0Y5A7460-scaled.jpg 1707w\" sizes=\"(max-width: 683px) 100vw, 683px\" \/><\/a><\/figure>\n<\/figure>\n\n\n\n<p>fot. Magdalena Rymarz<\/p>\n\n\n\n<div style=\"height:50px\" aria-hidden=\"true\" class=\"wp-block-spacer\"><\/div>\n\n\n\n<figure class=\"wp-block-embed is-type-video is-provider-vimeo wp-block-embed-vimeo wp-embed-aspect-16-9 wp-has-aspect-ratio\"><div class=\"wp-block-embed__wrapper\">\n<iframe loading=\"lazy\" title=\"Pulsar - Pracownia Pro X Borys Dubia\u0144ski X Dominika Wiak\" src=\"https:\/\/player.vimeo.com\/video\/976410259?dnt=1&amp;app_id=122963\" width=\"768\" height=\"432\" frameborder=\"0\" allow=\"autoplay; fullscreen; picture-in-picture; clipboard-write\"><\/iframe>\n<\/div><\/figure>\n\n\n\n<div style=\"height:100px\" aria-hidden=\"true\" class=\"wp-block-spacer\"><\/div>\n\n\n\n<p>Fot. pedago\u017cek: Klaudyna Schubert<\/p>\n","protected":false},"excerpt":{"rendered":"<p>UWAGA TO ARCHIWALNA WERSJA WPISU.Aktualnie prowadzone zaj\u0119cia znajdziesz tutaj: https:\/\/nck.krakow.pl\/kcc\/zajecia\/ Pracownia Tw\u00f3rcza to sta\u0142a grupa, spotykaj\u0105ca si\u0119 regularnie dwa razy w tygodniu na lekcjach ta\u0144ca wsp\u00f3\u0142czesnego z elementami zada\u0144 tw\u00f3rczych i praktyk improwizacyjnych. Zaj\u0119cia przeznaczone s\u0105 dla pe\u0142noletnich tancerzy_rek \u015brednio\/zaawansowanych w technice ta\u0144ca wsp\u00f3\u0142czesnego oraz gotowych na poszukiwania w zakresie kreatywnej pracy z cia\u0142em.&nbsp; Cz\u0142onkowie_inie [&hellip;]<\/p>\n","protected":false},"author":2,"featured_media":0,"parent":0,"menu_order":0,"comment_status":"closed","ping_status":"closed","template":"","meta":{"footnotes":""},"class_list":["post-800","page","type-page","status-publish","hentry"],"yoast_head":"<!-- This site is optimized with the Yoast SEO plugin v19.12 - https:\/\/yoast.com\/wordpress\/plugins\/seo\/ -->\n<title>Pracownia Pro - grupa ta\u0144ca wsp\u00f3\u0142czesnego, cztery lekcje w tygodniu<\/title>\n<meta name=\"description\" content=\"Pracownia Pro to grupa ta\u0144ca wsp\u00f3\u0142czesnego dzia\u0142aj\u0105ca przy Krakowskim Centrum Choreograficznym. Grupa pracuje cztery razy w tygodniu, przygotowuje spektakle\" \/>\n<meta name=\"robots\" content=\"index, follow, max-snippet:-1, max-image-preview:large, max-video-preview:-1\" \/>\n<link rel=\"canonical\" href=\"https:\/\/nck.krakow.pl\/kcc\/pracownia-pro\/\" \/>\n<meta property=\"og:locale\" content=\"pl_PL\" \/>\n<meta property=\"og:type\" content=\"article\" \/>\n<meta property=\"og:title\" content=\"Pracownia Pro - grupa ta\u0144ca wsp\u00f3\u0142czesnego, cztery lekcje w tygodniu\" \/>\n<meta property=\"og:description\" content=\"Pracownia Pro to grupa ta\u0144ca wsp\u00f3\u0142czesnego dzia\u0142aj\u0105ca przy Krakowskim Centrum Choreograficznym. Grupa pracuje cztery razy w tygodniu, przygotowuje spektakle\" \/>\n<meta property=\"og:url\" content=\"https:\/\/nck.krakow.pl\/kcc\/pracownia-pro\/\" \/>\n<meta property=\"og:site_name\" content=\"Krakowskie Centrum Choreograficzne\" \/>\n<meta property=\"article:modified_time\" content=\"2025-08-04T10:45:22+00:00\" \/>\n<meta property=\"og:image\" content=\"https:\/\/nck.krakow.pl\/kcc\/wp-content\/uploads\/2023\/08\/Karolina-683x1024.jpg\" \/>\n<meta name=\"twitter:card\" content=\"summary_large_image\" \/>\n<meta name=\"twitter:label1\" content=\"Est. reading time\" \/>\n\t<meta name=\"twitter:data1\" content=\"5 minut\" \/>\n<script type=\"application\/ld+json\" class=\"yoast-schema-graph\">{\"@context\":\"https:\/\/schema.org\",\"@graph\":[{\"@type\":\"WebPage\",\"@id\":\"https:\/\/nck.krakow.pl\/kcc\/pracownia-pro\/\",\"url\":\"https:\/\/nck.krakow.pl\/kcc\/pracownia-pro\/\",\"name\":\"Pracownia Pro - grupa ta\u0144ca wsp\u00f3\u0142czesnego, cztery lekcje w tygodniu\",\"isPartOf\":{\"@id\":\"https:\/\/nck.krakow.pl\/kcc\/#website\"},\"datePublished\":\"2016-08-17T13:15:53+00:00\",\"dateModified\":\"2025-08-04T10:45:22+00:00\",\"description\":\"Pracownia Pro to grupa ta\u0144ca wsp\u00f3\u0142czesnego dzia\u0142aj\u0105ca przy Krakowskim Centrum Choreograficznym. Grupa pracuje cztery razy w tygodniu, przygotowuje spektakle\",\"breadcrumb\":{\"@id\":\"https:\/\/nck.krakow.pl\/kcc\/pracownia-pro\/#breadcrumb\"},\"inLanguage\":\"pl-PL\",\"potentialAction\":[{\"@type\":\"ReadAction\",\"target\":[\"https:\/\/nck.krakow.pl\/kcc\/pracownia-pro\/\"]}]},{\"@type\":\"BreadcrumbList\",\"@id\":\"https:\/\/nck.krakow.pl\/kcc\/pracownia-pro\/#breadcrumb\",\"itemListElement\":[{\"@type\":\"ListItem\",\"position\":1,\"name\":\"Strona g\u0142\u00f3wna\",\"item\":\"https:\/\/nck.krakow.pl\/kcc\/\"},{\"@type\":\"ListItem\",\"position\":2,\"name\":\"Pracownia Tw\u00f3rcza\"}]},{\"@type\":\"WebSite\",\"@id\":\"https:\/\/nck.krakow.pl\/kcc\/#website\",\"url\":\"https:\/\/nck.krakow.pl\/kcc\/\",\"name\":\"Krakowskie Centrum Choreograficzne\",\"description\":\"\",\"publisher\":{\"@id\":\"https:\/\/nck.krakow.pl\/kcc\/#organization\"},\"potentialAction\":[{\"@type\":\"SearchAction\",\"target\":{\"@type\":\"EntryPoint\",\"urlTemplate\":\"https:\/\/nck.krakow.pl\/kcc\/?s={search_term_string}\"},\"query-input\":\"required name=search_term_string\"}],\"inLanguage\":\"pl-PL\"},{\"@type\":\"Organization\",\"@id\":\"https:\/\/nck.krakow.pl\/kcc\/#organization\",\"name\":\"Krakowskie Centrum Choreograficzne\",\"url\":\"https:\/\/nck.krakow.pl\/kcc\/\",\"logo\":{\"@type\":\"ImageObject\",\"inLanguage\":\"pl-PL\",\"@id\":\"https:\/\/nck.krakow.pl\/kcc\/#\/schema\/logo\/image\/\",\"url\":\"https:\/\/nck.krakow.pl\/kcc\/wp-content\/uploads\/2020\/01\/cropped-logo-kcc-2020.png\",\"contentUrl\":\"https:\/\/nck.krakow.pl\/kcc\/wp-content\/uploads\/2020\/01\/cropped-logo-kcc-2020.png\",\"width\":116,\"height\":55,\"caption\":\"Krakowskie Centrum Choreograficzne\"},\"image\":{\"@id\":\"https:\/\/nck.krakow.pl\/kcc\/#\/schema\/logo\/image\/\"}}]}<\/script>\n<!-- \/ Yoast SEO plugin. -->","yoast_head_json":{"title":"Pracownia Pro - grupa ta\u0144ca wsp\u00f3\u0142czesnego, cztery lekcje w tygodniu","description":"Pracownia Pro to grupa ta\u0144ca wsp\u00f3\u0142czesnego dzia\u0142aj\u0105ca przy Krakowskim Centrum Choreograficznym. Grupa pracuje cztery razy w tygodniu, przygotowuje spektakle","robots":{"index":"index","follow":"follow","max-snippet":"max-snippet:-1","max-image-preview":"max-image-preview:large","max-video-preview":"max-video-preview:-1"},"canonical":"https:\/\/nck.krakow.pl\/kcc\/pracownia-pro\/","og_locale":"pl_PL","og_type":"article","og_title":"Pracownia Pro - grupa ta\u0144ca wsp\u00f3\u0142czesnego, cztery lekcje w tygodniu","og_description":"Pracownia Pro to grupa ta\u0144ca wsp\u00f3\u0142czesnego dzia\u0142aj\u0105ca przy Krakowskim Centrum Choreograficznym. Grupa pracuje cztery razy w tygodniu, przygotowuje spektakle","og_url":"https:\/\/nck.krakow.pl\/kcc\/pracownia-pro\/","og_site_name":"Krakowskie Centrum Choreograficzne","article_modified_time":"2025-08-04T10:45:22+00:00","og_image":[{"url":"https:\/\/nck.krakow.pl\/kcc\/wp-content\/uploads\/2023\/08\/Karolina-683x1024.jpg"}],"twitter_card":"summary_large_image","twitter_misc":{"Est. reading time":"5 minut"},"schema":{"@context":"https:\/\/schema.org","@graph":[{"@type":"WebPage","@id":"https:\/\/nck.krakow.pl\/kcc\/pracownia-pro\/","url":"https:\/\/nck.krakow.pl\/kcc\/pracownia-pro\/","name":"Pracownia Pro - grupa ta\u0144ca wsp\u00f3\u0142czesnego, cztery lekcje w tygodniu","isPartOf":{"@id":"https:\/\/nck.krakow.pl\/kcc\/#website"},"datePublished":"2016-08-17T13:15:53+00:00","dateModified":"2025-08-04T10:45:22+00:00","description":"Pracownia Pro to grupa ta\u0144ca wsp\u00f3\u0142czesnego dzia\u0142aj\u0105ca przy Krakowskim Centrum Choreograficznym. Grupa pracuje cztery razy w tygodniu, przygotowuje spektakle","breadcrumb":{"@id":"https:\/\/nck.krakow.pl\/kcc\/pracownia-pro\/#breadcrumb"},"inLanguage":"pl-PL","potentialAction":[{"@type":"ReadAction","target":["https:\/\/nck.krakow.pl\/kcc\/pracownia-pro\/"]}]},{"@type":"BreadcrumbList","@id":"https:\/\/nck.krakow.pl\/kcc\/pracownia-pro\/#breadcrumb","itemListElement":[{"@type":"ListItem","position":1,"name":"Strona g\u0142\u00f3wna","item":"https:\/\/nck.krakow.pl\/kcc\/"},{"@type":"ListItem","position":2,"name":"Pracownia Tw\u00f3rcza"}]},{"@type":"WebSite","@id":"https:\/\/nck.krakow.pl\/kcc\/#website","url":"https:\/\/nck.krakow.pl\/kcc\/","name":"Krakowskie Centrum Choreograficzne","description":"","publisher":{"@id":"https:\/\/nck.krakow.pl\/kcc\/#organization"},"potentialAction":[{"@type":"SearchAction","target":{"@type":"EntryPoint","urlTemplate":"https:\/\/nck.krakow.pl\/kcc\/?s={search_term_string}"},"query-input":"required name=search_term_string"}],"inLanguage":"pl-PL"},{"@type":"Organization","@id":"https:\/\/nck.krakow.pl\/kcc\/#organization","name":"Krakowskie Centrum Choreograficzne","url":"https:\/\/nck.krakow.pl\/kcc\/","logo":{"@type":"ImageObject","inLanguage":"pl-PL","@id":"https:\/\/nck.krakow.pl\/kcc\/#\/schema\/logo\/image\/","url":"https:\/\/nck.krakow.pl\/kcc\/wp-content\/uploads\/2020\/01\/cropped-logo-kcc-2020.png","contentUrl":"https:\/\/nck.krakow.pl\/kcc\/wp-content\/uploads\/2020\/01\/cropped-logo-kcc-2020.png","width":116,"height":55,"caption":"Krakowskie Centrum Choreograficzne"},"image":{"@id":"https:\/\/nck.krakow.pl\/kcc\/#\/schema\/logo\/image\/"}}]}},"_links":{"self":[{"href":"https:\/\/nck.krakow.pl\/kcc\/wp-json\/wp\/v2\/pages\/800"}],"collection":[{"href":"https:\/\/nck.krakow.pl\/kcc\/wp-json\/wp\/v2\/pages"}],"about":[{"href":"https:\/\/nck.krakow.pl\/kcc\/wp-json\/wp\/v2\/types\/page"}],"author":[{"embeddable":true,"href":"https:\/\/nck.krakow.pl\/kcc\/wp-json\/wp\/v2\/users\/2"}],"replies":[{"embeddable":true,"href":"https:\/\/nck.krakow.pl\/kcc\/wp-json\/wp\/v2\/comments?post=800"}],"version-history":[{"count":36,"href":"https:\/\/nck.krakow.pl\/kcc\/wp-json\/wp\/v2\/pages\/800\/revisions"}],"predecessor-version":[{"id":8260,"href":"https:\/\/nck.krakow.pl\/kcc\/wp-json\/wp\/v2\/pages\/800\/revisions\/8260"}],"wp:attachment":[{"href":"https:\/\/nck.krakow.pl\/kcc\/wp-json\/wp\/v2\/media?parent=800"}],"curies":[{"name":"wp","href":"https:\/\/api.w.org\/{rel}","templated":true}]}}