{"id":793,"date":"2016-08-17T13:15:16","date_gmt":"2016-08-17T13:15:16","guid":{"rendered":"http:\/\/kcc.new.nck.krakow.pl\/?page_id=793"},"modified":"2020-02-18T11:26:08","modified_gmt":"2020-02-18T11:26:08","slug":"zamieszanie","status":"publish","type":"page","link":"https:\/\/nck.krakow.pl\/kcc\/zamieszanie\/","title":{"rendered":"ZAMIESZANIE"},"content":{"rendered":"\n<p>Zamieszanie to projekt Krakowskiego\nCentrum Choreograficznego, oparty o dzia\u0142anie improwiazacyjne w przestrzeni\npublicznej. Pomys\u0142odawc\u0105 ZAMIESZANIA jest Grupa Wok\u00f3\u0142 Centrum, kolektyw\nartystyczny, funkcjonuj\u0105cy w strukturach Centrum od kwietnia 2015 roku. Projekt\notwarty jest dla wszystkich, kt\u00f3rzy chc\u0105 zmierzy\u0107 si\u0119 z kreatywnym dzia\u0142aniem w\nprzestrzeniach nieteatralnych oraz otworzy\u0107 si\u0119 na interakcj\u0119 z przypadkowym\n,,widzem\u201d.<\/p>\n\n\n\n<p>ZAMIESZANIE to cykl, do kt\u00f3rego mo\u017cna do\u0142\u0105czy\u0107 w ka\u017cdej chwili.<br>kontakt: kcc@nck.krakow.pl<\/p>\n\n\n\n<p>A w praktyce:<br>1. Bazujemy na scenariuszu.<br>2. Dajemy sobie nawzajem wskaz\u00f3wki.<br>3. Wykorzystujemy szeroko poj\u0119ty ruch.<br>4. O\u017cywiamy przestrze\u0144.<br>5. Dzia\u0142amy wsp\u00f3lnie i wsp\u00f3\u0142dzia\u0142amy z przechodniami.<br>6. Pobudzamy spontaniczn\u0105 kreatywno\u015b\u0107.<\/p>\n\n\n\n<p><a href=\"https:\/\/www.facebook.com\/media\/set\/?set=a.1609828659272189.1073741852.1392769264311464&amp;type=3\">FOTORELACJA<\/a><\/p>\n\n\n\n<div style=\"height:47px\" aria-hidden=\"true\" class=\"wp-block-spacer\"><\/div>\n\n\n\n<p><strong>ODCINEK I SZ-CZEPEK<\/strong><br>Miejsce: Plac Szczepa\u0144ski<br>Data: 22 lipca 2015<\/p>\n\n\n\n<p>fot. A. Janikowski<\/p>\n\n\n\n<p>Dzia\u0142ali: Grupa Wok\u00f3\u0142 Centrum (Agata\nSyrek, Monika \u015awieca, Marta Wo\u0142owiec), Pracownia METAfizyczna (Maja Pabian),\nPaulina Chodnicka, Agnieszka Rewilak, Agnieszka Tatara<\/p>\n\n\n\n<div style=\"height:20px\" aria-hidden=\"true\" class=\"wp-block-spacer\"><\/div>\n\n\n\n<p><strong>ODCINEK II DWA BRZEGI<\/strong><br>Miejsce: K\u0141ADKA OJCA BERNATKA<br>Data: 20 SIERPNIA 2015<\/p>\n\n\n\n<p>fot. K. Muzyk<\/p>\n\n\n\n<p>Dzia\u0142ali: Grupa Wok\u00f3\u0142 Centrum (Agata\nSyrek, Monika \u015awieca), Pracownia METAfizyczna (Anna Chmiel-Kowalska), Zofia\nNowor\u00f3l<\/p>\n\n\n\n<div style=\"height:20px\" aria-hidden=\"true\" class=\"wp-block-spacer\"><\/div>\n\n\n\n<p><strong>ODCINEK III W CENTRUM UWAGI<\/strong><br>\nMiejsce: Aleja R\u00f3\u017c (Nowa Huta)<br>\nData: 29 kwietnia lipca 2016 z okazji Mi\u0119dzynarodowego Dnia Ta\u0144ca<\/p>\n\n\n\n<p>Dzia\u0142ali:<\/p>\n\n\n\n<p>Grupa Wok\u00f3\u0142 Centrum &#8211; Agata Mol\u0105g,\nMonika \u015awieca, Marta Wo\u0142owiec<\/p>\n\n\n\n<p>grupa ta\u0144ca wsp\u00f3\u0142czesnego a g i t a t u\ns (Centrum M\u0142odzie\u017cy im. H. Jordana) &#8211; Kinga Lis, Urszula Dziurdzia, Maria\nR\u00f3\u017cycka, Dominika \u0141abno, Aleksandra Wa\u0142ach, Maja Gramatyka, Monika Trojan,\nMonika Cyganik, Janina Zygmunt, Anna Zuba, Magdalena Dziduch, Joanna Stawarska,\nKarolina Walczak, Sara Baran<\/p>\n\n\n\n<p>Zesp\u00f3\u0142 Taneczny &#8222;ZygZak&#8221; pod\nopiek\u0105 Dominiki Szali-Wentland (M\u0142odzie\u017cowy Dom Kultury Al. 29 listopada) &#8211;\nZuzanna Dziura, Dagmara Karwala, Barbara Wadowska, Maria Skorupa, Weronika\nSkorupa, Oliwia Kubala, Aleksandra Knapik, Natalia Zabregaj, Liwia Luberda<\/p>\n\n\n\n<p>Pracownia PRO &#8211; Justyna W\u00f3jcik, Patricia\nRogala<\/p>\n\n\n\n<p>Taniec dla Zielonych &#8211; Tadeusz Macheta, Kamilla Szczyrek<br>Cia Du&#8217;k&#8217;to (Hiszpania) &#8211; B\u00e0rbara Vidal Pascual, Adri\u00e1n P\u00e9rez Ramos, Albert Estrada S\u00e1nchez oraz Anna Chmiel-Kowalska, Dobrochna Sobek i Janek Dudek<\/p>\n\n\n\n<p>fot. R. Siwek<\/p>\n\n\n\n<div style=\"height:20px\" aria-hidden=\"true\" class=\"wp-block-spacer\"><\/div>\n\n\n\n<p><strong>ODCINEK IV KOMBO (w ramach Kombinatu Kultury 2016)<\/strong><\/p>\n\n\n\n<p>Miejsce: Nowohuckie Centrum Kultury<br>Data: 18 wrze\u015bnia 2016<\/p>\n\n\n\n<p>Dzia\u0142ali: Grupa Wok\u00f3\u0142 Centrum, Grupa\nTa\u0144ca Wsp\u00f3\u0142czesnego &#8222;Forma&#8221; oraz uczestnicy Kombinatu Kultury<\/p>\n\n\n\n<ul class=\"wp-block-gallery columns-3 is-cropped wp-block-gallery-1 is-layout-flex wp-block-gallery-is-layout-flex\"><li class=\"blocks-gallery-item\"><figure><a href=\"https:\/\/nck.krakow.pl\/kcc\/wp-content\/uploads\/2020\/02\/fot.-A.-bubula-768x512.jpg\"><img loading=\"lazy\" decoding=\"async\" width=\"768\" height=\"512\" src=\"https:\/\/nck.krakow.pl\/kcc\/wp-content\/uploads\/2020\/02\/fot.-A.-bubula-768x512.jpg\" alt=\"\" data-id=\"4271\" data-link=\"https:\/\/nck.krakow.pl\/kcc\/zamieszanie\/fot-a-bubula-768x512\/\" class=\"wp-image-4271\" srcset=\"https:\/\/nck.krakow.pl\/kcc\/wp-content\/uploads\/2020\/02\/fot.-A.-bubula-768x512.jpg 768w, https:\/\/nck.krakow.pl\/kcc\/wp-content\/uploads\/2020\/02\/fot.-A.-bubula-768x512-300x200.jpg 300w\" sizes=\"(max-width: 768px) 100vw, 768px\" \/><\/a><\/figure><\/li><li class=\"blocks-gallery-item\"><figure><a href=\"https:\/\/nck.krakow.pl\/kcc\/wp-content\/uploads\/2020\/02\/fot.-Anna-Bubula-2-768x512.jpg\"><img loading=\"lazy\" decoding=\"async\" width=\"768\" height=\"512\" src=\"https:\/\/nck.krakow.pl\/kcc\/wp-content\/uploads\/2020\/02\/fot.-Anna-Bubula-2-768x512.jpg\" alt=\"\" data-id=\"4272\" data-link=\"https:\/\/nck.krakow.pl\/kcc\/zamieszanie\/fot-anna-bubula-2-768x512\/\" class=\"wp-image-4272\" srcset=\"https:\/\/nck.krakow.pl\/kcc\/wp-content\/uploads\/2020\/02\/fot.-Anna-Bubula-2-768x512.jpg 768w, https:\/\/nck.krakow.pl\/kcc\/wp-content\/uploads\/2020\/02\/fot.-Anna-Bubula-2-768x512-300x200.jpg 300w\" sizes=\"(max-width: 768px) 100vw, 768px\" \/><\/a><\/figure><\/li><li class=\"blocks-gallery-item\"><figure><a href=\"https:\/\/nck.krakow.pl\/kcc\/wp-content\/uploads\/2020\/02\/fot.-Anna-Bubula-768x512.jpg\"><img loading=\"lazy\" decoding=\"async\" width=\"768\" height=\"512\" src=\"https:\/\/nck.krakow.pl\/kcc\/wp-content\/uploads\/2020\/02\/fot.-Anna-Bubula-768x512.jpg\" alt=\"\" data-id=\"4273\" data-link=\"https:\/\/nck.krakow.pl\/kcc\/zamieszanie\/fot-anna-bubula-768x512\/\" class=\"wp-image-4273\" srcset=\"https:\/\/nck.krakow.pl\/kcc\/wp-content\/uploads\/2020\/02\/fot.-Anna-Bubula-768x512.jpg 768w, https:\/\/nck.krakow.pl\/kcc\/wp-content\/uploads\/2020\/02\/fot.-Anna-Bubula-768x512-300x200.jpg 300w\" sizes=\"(max-width: 768px) 100vw, 768px\" \/><\/a><\/figure><\/li><\/ul>\n\n\n\n<p>fot. A. Bubula<\/p>\n","protected":false},"excerpt":{"rendered":"<p>Zamieszanie to projekt Krakowskiego Centrum Choreograficznego, oparty o dzia\u0142anie improwiazacyjne w przestrzeni publicznej. Pomys\u0142odawc\u0105 ZAMIESZANIA jest Grupa Wok\u00f3\u0142 Centrum, kolektyw artystyczny, funkcjonuj\u0105cy w strukturach Centrum od kwietnia 2015 roku. Projekt otwarty jest dla wszystkich, kt\u00f3rzy chc\u0105 zmierzy\u0107 si\u0119 z kreatywnym dzia\u0142aniem w przestrzeniach nieteatralnych oraz otworzy\u0107 si\u0119 na interakcj\u0119 z przypadkowym ,,widzem\u201d. ZAMIESZANIE to cykl, [&hellip;]<\/p>\n","protected":false},"author":2,"featured_media":0,"parent":0,"menu_order":0,"comment_status":"closed","ping_status":"closed","template":"","meta":{"footnotes":""},"class_list":["post-793","page","type-page","status-publish","hentry"],"yoast_head":"<!-- This site is optimized with the Yoast SEO plugin v19.12 - https:\/\/yoast.com\/wordpress\/plugins\/seo\/ -->\n<title>ZAMIESZANIE - Krakowskie Centrum Choreograficzne<\/title>\n<meta name=\"robots\" content=\"index, follow, max-snippet:-1, max-image-preview:large, max-video-preview:-1\" \/>\n<link rel=\"canonical\" href=\"https:\/\/nck.krakow.pl\/kcc\/zamieszanie\/\" \/>\n<meta property=\"og:locale\" content=\"pl_PL\" \/>\n<meta property=\"og:type\" content=\"article\" \/>\n<meta property=\"og:title\" content=\"ZAMIESZANIE - Krakowskie Centrum Choreograficzne\" \/>\n<meta property=\"og:description\" content=\"Zamieszanie to projekt Krakowskiego Centrum Choreograficznego, oparty o dzia\u0142anie improwiazacyjne w przestrzeni publicznej. Pomys\u0142odawc\u0105 ZAMIESZANIA jest Grupa Wok\u00f3\u0142 Centrum, kolektyw artystyczny, funkcjonuj\u0105cy w strukturach Centrum od kwietnia 2015 roku. Projekt otwarty jest dla wszystkich, kt\u00f3rzy chc\u0105 zmierzy\u0107 si\u0119 z kreatywnym dzia\u0142aniem w przestrzeniach nieteatralnych oraz otworzy\u0107 si\u0119 na interakcj\u0119 z przypadkowym ,,widzem\u201d. ZAMIESZANIE to cykl, [&hellip;]\" \/>\n<meta property=\"og:url\" content=\"https:\/\/nck.krakow.pl\/kcc\/zamieszanie\/\" \/>\n<meta property=\"og:site_name\" content=\"Krakowskie Centrum Choreograficzne\" \/>\n<meta property=\"article:modified_time\" content=\"2020-02-18T11:26:08+00:00\" \/>\n<meta property=\"og:image\" content=\"https:\/\/nck.krakow.pl\/kcc\/wp-content\/uploads\/2020\/02\/fot.-A.-bubula-768x512.jpg\" \/>\n<meta name=\"twitter:card\" content=\"summary_large_image\" \/>\n<meta name=\"twitter:label1\" content=\"Est. reading time\" \/>\n\t<meta name=\"twitter:data1\" content=\"2 minuty\" \/>\n<script type=\"application\/ld+json\" class=\"yoast-schema-graph\">{\"@context\":\"https:\/\/schema.org\",\"@graph\":[{\"@type\":\"WebPage\",\"@id\":\"https:\/\/nck.krakow.pl\/kcc\/zamieszanie\/\",\"url\":\"https:\/\/nck.krakow.pl\/kcc\/zamieszanie\/\",\"name\":\"ZAMIESZANIE - Krakowskie Centrum Choreograficzne\",\"isPartOf\":{\"@id\":\"https:\/\/nck.krakow.pl\/kcc\/#website\"},\"datePublished\":\"2016-08-17T13:15:16+00:00\",\"dateModified\":\"2020-02-18T11:26:08+00:00\",\"breadcrumb\":{\"@id\":\"https:\/\/nck.krakow.pl\/kcc\/zamieszanie\/#breadcrumb\"},\"inLanguage\":\"pl-PL\",\"potentialAction\":[{\"@type\":\"ReadAction\",\"target\":[\"https:\/\/nck.krakow.pl\/kcc\/zamieszanie\/\"]}]},{\"@type\":\"BreadcrumbList\",\"@id\":\"https:\/\/nck.krakow.pl\/kcc\/zamieszanie\/#breadcrumb\",\"itemListElement\":[{\"@type\":\"ListItem\",\"position\":1,\"name\":\"Strona g\u0142\u00f3wna\",\"item\":\"https:\/\/nck.krakow.pl\/kcc\/\"},{\"@type\":\"ListItem\",\"position\":2,\"name\":\"ZAMIESZANIE\"}]},{\"@type\":\"WebSite\",\"@id\":\"https:\/\/nck.krakow.pl\/kcc\/#website\",\"url\":\"https:\/\/nck.krakow.pl\/kcc\/\",\"name\":\"Krakowskie Centrum Choreograficzne\",\"description\":\"\",\"publisher\":{\"@id\":\"https:\/\/nck.krakow.pl\/kcc\/#organization\"},\"potentialAction\":[{\"@type\":\"SearchAction\",\"target\":{\"@type\":\"EntryPoint\",\"urlTemplate\":\"https:\/\/nck.krakow.pl\/kcc\/?s={search_term_string}\"},\"query-input\":\"required name=search_term_string\"}],\"inLanguage\":\"pl-PL\"},{\"@type\":\"Organization\",\"@id\":\"https:\/\/nck.krakow.pl\/kcc\/#organization\",\"name\":\"Krakowskie Centrum Choreograficzne\",\"url\":\"https:\/\/nck.krakow.pl\/kcc\/\",\"logo\":{\"@type\":\"ImageObject\",\"inLanguage\":\"pl-PL\",\"@id\":\"https:\/\/nck.krakow.pl\/kcc\/#\/schema\/logo\/image\/\",\"url\":\"https:\/\/nck.krakow.pl\/kcc\/wp-content\/uploads\/2020\/01\/cropped-logo-kcc-2020.png\",\"contentUrl\":\"https:\/\/nck.krakow.pl\/kcc\/wp-content\/uploads\/2020\/01\/cropped-logo-kcc-2020.png\",\"width\":116,\"height\":55,\"caption\":\"Krakowskie Centrum Choreograficzne\"},\"image\":{\"@id\":\"https:\/\/nck.krakow.pl\/kcc\/#\/schema\/logo\/image\/\"}}]}<\/script>\n<!-- \/ Yoast SEO plugin. -->","yoast_head_json":{"title":"ZAMIESZANIE - Krakowskie Centrum Choreograficzne","robots":{"index":"index","follow":"follow","max-snippet":"max-snippet:-1","max-image-preview":"max-image-preview:large","max-video-preview":"max-video-preview:-1"},"canonical":"https:\/\/nck.krakow.pl\/kcc\/zamieszanie\/","og_locale":"pl_PL","og_type":"article","og_title":"ZAMIESZANIE - Krakowskie Centrum Choreograficzne","og_description":"Zamieszanie to projekt Krakowskiego Centrum Choreograficznego, oparty o dzia\u0142anie improwiazacyjne w przestrzeni publicznej. Pomys\u0142odawc\u0105 ZAMIESZANIA jest Grupa Wok\u00f3\u0142 Centrum, kolektyw artystyczny, funkcjonuj\u0105cy w strukturach Centrum od kwietnia 2015 roku. Projekt otwarty jest dla wszystkich, kt\u00f3rzy chc\u0105 zmierzy\u0107 si\u0119 z kreatywnym dzia\u0142aniem w przestrzeniach nieteatralnych oraz otworzy\u0107 si\u0119 na interakcj\u0119 z przypadkowym ,,widzem\u201d. ZAMIESZANIE to cykl, [&hellip;]","og_url":"https:\/\/nck.krakow.pl\/kcc\/zamieszanie\/","og_site_name":"Krakowskie Centrum Choreograficzne","article_modified_time":"2020-02-18T11:26:08+00:00","og_image":[{"url":"https:\/\/nck.krakow.pl\/kcc\/wp-content\/uploads\/2020\/02\/fot.-A.-bubula-768x512.jpg"}],"twitter_card":"summary_large_image","twitter_misc":{"Est. reading time":"2 minuty"},"schema":{"@context":"https:\/\/schema.org","@graph":[{"@type":"WebPage","@id":"https:\/\/nck.krakow.pl\/kcc\/zamieszanie\/","url":"https:\/\/nck.krakow.pl\/kcc\/zamieszanie\/","name":"ZAMIESZANIE - Krakowskie Centrum Choreograficzne","isPartOf":{"@id":"https:\/\/nck.krakow.pl\/kcc\/#website"},"datePublished":"2016-08-17T13:15:16+00:00","dateModified":"2020-02-18T11:26:08+00:00","breadcrumb":{"@id":"https:\/\/nck.krakow.pl\/kcc\/zamieszanie\/#breadcrumb"},"inLanguage":"pl-PL","potentialAction":[{"@type":"ReadAction","target":["https:\/\/nck.krakow.pl\/kcc\/zamieszanie\/"]}]},{"@type":"BreadcrumbList","@id":"https:\/\/nck.krakow.pl\/kcc\/zamieszanie\/#breadcrumb","itemListElement":[{"@type":"ListItem","position":1,"name":"Strona g\u0142\u00f3wna","item":"https:\/\/nck.krakow.pl\/kcc\/"},{"@type":"ListItem","position":2,"name":"ZAMIESZANIE"}]},{"@type":"WebSite","@id":"https:\/\/nck.krakow.pl\/kcc\/#website","url":"https:\/\/nck.krakow.pl\/kcc\/","name":"Krakowskie Centrum Choreograficzne","description":"","publisher":{"@id":"https:\/\/nck.krakow.pl\/kcc\/#organization"},"potentialAction":[{"@type":"SearchAction","target":{"@type":"EntryPoint","urlTemplate":"https:\/\/nck.krakow.pl\/kcc\/?s={search_term_string}"},"query-input":"required name=search_term_string"}],"inLanguage":"pl-PL"},{"@type":"Organization","@id":"https:\/\/nck.krakow.pl\/kcc\/#organization","name":"Krakowskie Centrum Choreograficzne","url":"https:\/\/nck.krakow.pl\/kcc\/","logo":{"@type":"ImageObject","inLanguage":"pl-PL","@id":"https:\/\/nck.krakow.pl\/kcc\/#\/schema\/logo\/image\/","url":"https:\/\/nck.krakow.pl\/kcc\/wp-content\/uploads\/2020\/01\/cropped-logo-kcc-2020.png","contentUrl":"https:\/\/nck.krakow.pl\/kcc\/wp-content\/uploads\/2020\/01\/cropped-logo-kcc-2020.png","width":116,"height":55,"caption":"Krakowskie Centrum Choreograficzne"},"image":{"@id":"https:\/\/nck.krakow.pl\/kcc\/#\/schema\/logo\/image\/"}}]}},"_links":{"self":[{"href":"https:\/\/nck.krakow.pl\/kcc\/wp-json\/wp\/v2\/pages\/793"}],"collection":[{"href":"https:\/\/nck.krakow.pl\/kcc\/wp-json\/wp\/v2\/pages"}],"about":[{"href":"https:\/\/nck.krakow.pl\/kcc\/wp-json\/wp\/v2\/types\/page"}],"author":[{"embeddable":true,"href":"https:\/\/nck.krakow.pl\/kcc\/wp-json\/wp\/v2\/users\/2"}],"replies":[{"embeddable":true,"href":"https:\/\/nck.krakow.pl\/kcc\/wp-json\/wp\/v2\/comments?post=793"}],"version-history":[{"count":14,"href":"https:\/\/nck.krakow.pl\/kcc\/wp-json\/wp\/v2\/pages\/793\/revisions"}],"predecessor-version":[{"id":4275,"href":"https:\/\/nck.krakow.pl\/kcc\/wp-json\/wp\/v2\/pages\/793\/revisions\/4275"}],"wp:attachment":[{"href":"https:\/\/nck.krakow.pl\/kcc\/wp-json\/wp\/v2\/media?parent=793"}],"curies":[{"name":"wp","href":"https:\/\/api.w.org\/{rel}","templated":true}]}}