{"id":789,"date":"2016-08-17T13:14:51","date_gmt":"2016-08-17T13:14:51","guid":{"rendered":"http:\/\/kcc.new.nck.krakow.pl\/?page_id=789"},"modified":"2018-04-03T11:56:46","modified_gmt":"2018-04-03T11:56:46","slug":"3-2-1-taniec","status":"publish","type":"page","link":"https:\/\/nck.krakow.pl\/kcc\/3-2-1-taniec\/","title":{"rendered":"3&#8230;2&#8230;1&#8230;TANIEC!"},"content":{"rendered":"<p style=\"text-align: justify;\"><a href=\"http:\/\/kcc.new.nck.krakow.pl\/wp-content\/uploads\/2016\/08\/321_logo_pl.png\"><img loading=\"lazy\" decoding=\"async\" class=\"wp-image-927 alignnone\" src=\"http:\/\/kcc.new.nck.krakow.pl\/wp-content\/uploads\/2016\/08\/321_logo_pl-300x229.png\" alt=\"321_logo_pl\" width=\"174\" height=\"133\" srcset=\"https:\/\/nck.krakow.pl\/kcc\/wp-content\/uploads\/2016\/08\/321_logo_pl-300x229.png 300w, https:\/\/nck.krakow.pl\/kcc\/wp-content\/uploads\/2016\/08\/321_logo_pl.png 616w\" sizes=\"(max-width: 174px) 100vw, 174px\" \/><\/a><\/p>\n<h1 style=\"text-align: justify;\">3&#8230;2&#8230;1&#8230;TANIEC!<\/h1>\n<p style=\"text-align: left;\">3&#8230;2&#8230;1&#8230;TANIEC! to konkurs choreograficzny odbywaj\u0105cy si\u0119 corocznie od 2011 r. Konkurs obejmuje prace solowe, duety i tria oparte na szeroko rozumianej technice ta\u0144ca wsp\u00f3\u0142czesnego. Podstawowym celem konkursu jest konfrontacja w\u0142asnej tw\u00f3rczo\u015bci choreograficznej z profesjonalnym jury oraz feedback, z udzia\u0142em juror\u00f3w i publiczno\u015bci, s\u0142u\u017c\u0105cy r\u00f3wnie\u017c edukacji widowni ta\u0144ca.<\/p>\n<p style=\"text-align: left;\">Wyr\u00f3\u017cnikiem konkursu jest jego forma, wed\u0142ug kt\u00f3rej ka\u017cdy juror, bez konsultacji z pozosta\u0142ymi cz\u0142onkami jury, przyznaje dwie w\u0142asne nagrody dla dw\u00f3ch wybranych prezentacji, okre\u015blaj\u0105c w certyfikacie konkretne warto\u015bci prezentacji decyduj\u0105ce o jej wyr\u00f3\u017cnieniu.<\/p>\n<p style=\"text-align: left;\">3&#8230;2&#8230;1&#8230;TANIEC! jest jednym z nielicznych polskich konkurs\u00f3w, kt\u00f3ry skierowany jest do choreograf\u00f3w, poszukuj\u0105cych w\u0142asnego, oryginalnego j\u0119zyka scenicznej wypowiedzi, niezale\u017cnie od ich wieku.<\/p>\n<p style=\"text-align: left;\">Inicjatorem i realizatorem pierwszych edycji konkursu by\u0142 Eryk Makohon i Krakowski Teatr Ta\u0144ca. Od 2014 roku organizacj\u0119 wydarzenia przej\u0119\u0142o Krakowskie Centrum Choreograficzne \u2013 Nowohuckie Centrum Kultury.<\/p>\n<p>&nbsp;<\/p>\n<h2 style=\"text-align: justify;\">ARCHIWUM:<\/h2>\n<ul>\n<li><a href=\"https:\/\/nck.krakow.pl\/kcc\/blog\/wyniki-3-2-1-taniec-2\/\">EDYCJA 2018<\/a><\/li>\n<li><a href=\"https:\/\/nck.krakow.pl\/kcc\/blog\/7-edycja-3-2-1-taniec\/\">EDYCJA 2017<\/a><\/li>\n<li style=\"text-align: justify;\"><a href=\"https:\/\/nck.krakow.pl\/kcc\/blog\/6-edycja-3-2-1-taniec\/\">EDYCJA 2016<\/a><\/li>\n<li style=\"text-align: justify;\"><a href=\"https:\/\/nck.krakow.pl\/kcc\/blog\/wyniki-konkursu-choreograficznego-3-2-1-taniec\/\">EDYCJA 2015<\/a><\/li>\n<li style=\"text-align: justify;\"><a href=\"https:\/\/nck.krakow.pl\/kcc\/blog\/wyniki-3-2-1-taniec\/\">EDYCJA 2014<\/a><\/li>\n<li style=\"text-align: justify;\">EDYCJA 2013<\/li>\n<li style=\"text-align: justify;\">EDYCJA 2012<\/li>\n<li style=\"text-align: justify;\">EDYCJA 2011<\/li>\n<\/ul>\n<p><img loading=\"lazy\" decoding=\"async\" class=\"alignnone wp-image-2251\" src=\"http:\/\/nck.krakow.pl\/kcc\/wp-content\/uploads\/2016\/08\/3-2-1-machnieiwcz-1-1-300x199.jpg\" alt=\"\" width=\"543\" height=\"360\" srcset=\"https:\/\/nck.krakow.pl\/kcc\/wp-content\/uploads\/2016\/08\/3-2-1-machnieiwcz-1-1-300x199.jpg 300w, https:\/\/nck.krakow.pl\/kcc\/wp-content\/uploads\/2016\/08\/3-2-1-machnieiwcz-1-1-768x509.jpg 768w, https:\/\/nck.krakow.pl\/kcc\/wp-content\/uploads\/2016\/08\/3-2-1-machnieiwcz-1-1.jpg 951w\" sizes=\"(max-width: 543px) 100vw, 543px\" \/><\/p>\n<p><img loading=\"lazy\" decoding=\"async\" class=\"alignnone wp-image-2252\" src=\"http:\/\/nck.krakow.pl\/kcc\/wp-content\/uploads\/2016\/08\/3-2-1-machnieiwcz-2-1-300x199.jpg\" alt=\"\" width=\"543\" height=\"360\" srcset=\"https:\/\/nck.krakow.pl\/kcc\/wp-content\/uploads\/2016\/08\/3-2-1-machnieiwcz-2-1-300x199.jpg 300w, https:\/\/nck.krakow.pl\/kcc\/wp-content\/uploads\/2016\/08\/3-2-1-machnieiwcz-2-1-768x511.jpg 768w, https:\/\/nck.krakow.pl\/kcc\/wp-content\/uploads\/2016\/08\/3-2-1-machnieiwcz-2-1.jpg 949w\" sizes=\"(max-width: 543px) 100vw, 543px\" \/><\/p>\n<p><a href=\"http:\/\/www.machniewicz.com\/\" target=\"_blank\" rel=\"noopener\">fot. Katarzyna Machniewicz<\/a><\/p>\n","protected":false},"excerpt":{"rendered":"<p>3&#8230;2&#8230;1&#8230;TANIEC! 3&#8230;2&#8230;1&#8230;TANIEC! to konkurs choreograficzny odbywaj\u0105cy si\u0119 corocznie od 2011 r. Konkurs obejmuje prace solowe, duety i tria oparte na szeroko rozumianej technice ta\u0144ca wsp\u00f3\u0142czesnego. Podstawowym celem konkursu jest konfrontacja w\u0142asnej tw\u00f3rczo\u015bci choreograficznej z profesjonalnym jury oraz feedback, z udzia\u0142em juror\u00f3w i publiczno\u015bci, s\u0142u\u017c\u0105cy r\u00f3wnie\u017c edukacji widowni ta\u0144ca. Wyr\u00f3\u017cnikiem konkursu jest jego forma, wed\u0142ug kt\u00f3rej [&hellip;]<\/p>\n","protected":false},"author":2,"featured_media":0,"parent":0,"menu_order":0,"comment_status":"closed","ping_status":"closed","template":"","meta":{"footnotes":""},"class_list":["post-789","page","type-page","status-publish","hentry"],"yoast_head":"<!-- This site is optimized with the Yoast SEO plugin v19.12 - https:\/\/yoast.com\/wordpress\/plugins\/seo\/ -->\n<title>3...2...1...TANIEC! konkurs choreograficzny: solo, duet i trio<\/title>\n<meta name=\"description\" content=\"3...2...1...TANIEC! to konkurs choreograficzny odbywaj\u0105cy si\u0119 corocznie, od 2011 r. w Nowohuckim Centrum Kultury - Krakowskim Centrum Choreograficznym\" \/>\n<meta name=\"robots\" content=\"index, follow, max-snippet:-1, max-image-preview:large, max-video-preview:-1\" \/>\n<link rel=\"canonical\" href=\"https:\/\/nck.krakow.pl\/kcc\/3-2-1-taniec\/\" \/>\n<meta property=\"og:locale\" content=\"pl_PL\" \/>\n<meta property=\"og:type\" content=\"article\" \/>\n<meta property=\"og:title\" content=\"3...2...1...TANIEC\" \/>\n<meta property=\"og:description\" content=\"3...2...1...TANIEC! to konkurs choreograficzny odbywaj\u0105cy si\u0119 corocznie, od 2011 r. w Nowohuckim Centrum Kultury.\" \/>\n<meta property=\"og:url\" content=\"https:\/\/nck.krakow.pl\/kcc\/3-2-1-taniec\/\" \/>\n<meta property=\"og:site_name\" content=\"Krakowskie Centrum Choreograficzne\" \/>\n<meta property=\"article:modified_time\" content=\"2018-04-03T11:56:46+00:00\" \/>\n<meta property=\"og:image\" content=\"http:\/\/kcc.new.nck.krakow.pl\/wp-content\/uploads\/2016\/08\/321_logo_pl-300x229.png\" \/>\n<meta name=\"twitter:card\" content=\"summary_large_image\" \/>\n<meta name=\"twitter:label1\" content=\"Est. reading time\" \/>\n\t<meta name=\"twitter:data1\" content=\"1 minuta\" \/>\n<script type=\"application\/ld+json\" class=\"yoast-schema-graph\">{\"@context\":\"https:\/\/schema.org\",\"@graph\":[{\"@type\":\"WebPage\",\"@id\":\"https:\/\/nck.krakow.pl\/kcc\/3-2-1-taniec\/\",\"url\":\"https:\/\/nck.krakow.pl\/kcc\/3-2-1-taniec\/\",\"name\":\"3...2...1...TANIEC! konkurs choreograficzny: solo, duet i trio\",\"isPartOf\":{\"@id\":\"https:\/\/nck.krakow.pl\/kcc\/#website\"},\"datePublished\":\"2016-08-17T13:14:51+00:00\",\"dateModified\":\"2018-04-03T11:56:46+00:00\",\"description\":\"3...2...1...TANIEC! to konkurs choreograficzny odbywaj\u0105cy si\u0119 corocznie, od 2011 r. w Nowohuckim Centrum Kultury - Krakowskim Centrum Choreograficznym\",\"breadcrumb\":{\"@id\":\"https:\/\/nck.krakow.pl\/kcc\/3-2-1-taniec\/#breadcrumb\"},\"inLanguage\":\"pl-PL\",\"potentialAction\":[{\"@type\":\"ReadAction\",\"target\":[\"https:\/\/nck.krakow.pl\/kcc\/3-2-1-taniec\/\"]}]},{\"@type\":\"BreadcrumbList\",\"@id\":\"https:\/\/nck.krakow.pl\/kcc\/3-2-1-taniec\/#breadcrumb\",\"itemListElement\":[{\"@type\":\"ListItem\",\"position\":1,\"name\":\"Strona g\u0142\u00f3wna\",\"item\":\"https:\/\/nck.krakow.pl\/kcc\/\"},{\"@type\":\"ListItem\",\"position\":2,\"name\":\"3&#8230;2&#8230;1&#8230;TANIEC!\"}]},{\"@type\":\"WebSite\",\"@id\":\"https:\/\/nck.krakow.pl\/kcc\/#website\",\"url\":\"https:\/\/nck.krakow.pl\/kcc\/\",\"name\":\"Krakowskie Centrum Choreograficzne\",\"description\":\"\",\"publisher\":{\"@id\":\"https:\/\/nck.krakow.pl\/kcc\/#organization\"},\"potentialAction\":[{\"@type\":\"SearchAction\",\"target\":{\"@type\":\"EntryPoint\",\"urlTemplate\":\"https:\/\/nck.krakow.pl\/kcc\/?s={search_term_string}\"},\"query-input\":\"required name=search_term_string\"}],\"inLanguage\":\"pl-PL\"},{\"@type\":\"Organization\",\"@id\":\"https:\/\/nck.krakow.pl\/kcc\/#organization\",\"name\":\"Krakowskie Centrum Choreograficzne\",\"url\":\"https:\/\/nck.krakow.pl\/kcc\/\",\"logo\":{\"@type\":\"ImageObject\",\"inLanguage\":\"pl-PL\",\"@id\":\"https:\/\/nck.krakow.pl\/kcc\/#\/schema\/logo\/image\/\",\"url\":\"https:\/\/nck.krakow.pl\/kcc\/wp-content\/uploads\/2020\/01\/cropped-logo-kcc-2020.png\",\"contentUrl\":\"https:\/\/nck.krakow.pl\/kcc\/wp-content\/uploads\/2020\/01\/cropped-logo-kcc-2020.png\",\"width\":116,\"height\":55,\"caption\":\"Krakowskie Centrum Choreograficzne\"},\"image\":{\"@id\":\"https:\/\/nck.krakow.pl\/kcc\/#\/schema\/logo\/image\/\"}}]}<\/script>\n<!-- \/ Yoast SEO plugin. -->","yoast_head_json":{"title":"3...2...1...TANIEC! konkurs choreograficzny: solo, duet i trio","description":"3...2...1...TANIEC! to konkurs choreograficzny odbywaj\u0105cy si\u0119 corocznie, od 2011 r. w Nowohuckim Centrum Kultury - Krakowskim Centrum Choreograficznym","robots":{"index":"index","follow":"follow","max-snippet":"max-snippet:-1","max-image-preview":"max-image-preview:large","max-video-preview":"max-video-preview:-1"},"canonical":"https:\/\/nck.krakow.pl\/kcc\/3-2-1-taniec\/","og_locale":"pl_PL","og_type":"article","og_title":"3...2...1...TANIEC","og_description":"3...2...1...TANIEC! to konkurs choreograficzny odbywaj\u0105cy si\u0119 corocznie, od 2011 r. w Nowohuckim Centrum Kultury.","og_url":"https:\/\/nck.krakow.pl\/kcc\/3-2-1-taniec\/","og_site_name":"Krakowskie Centrum Choreograficzne","article_modified_time":"2018-04-03T11:56:46+00:00","og_image":[{"url":"http:\/\/kcc.new.nck.krakow.pl\/wp-content\/uploads\/2016\/08\/321_logo_pl-300x229.png"}],"twitter_card":"summary_large_image","twitter_misc":{"Est. reading time":"1 minuta"},"schema":{"@context":"https:\/\/schema.org","@graph":[{"@type":"WebPage","@id":"https:\/\/nck.krakow.pl\/kcc\/3-2-1-taniec\/","url":"https:\/\/nck.krakow.pl\/kcc\/3-2-1-taniec\/","name":"3...2...1...TANIEC! konkurs choreograficzny: solo, duet i trio","isPartOf":{"@id":"https:\/\/nck.krakow.pl\/kcc\/#website"},"datePublished":"2016-08-17T13:14:51+00:00","dateModified":"2018-04-03T11:56:46+00:00","description":"3...2...1...TANIEC! to konkurs choreograficzny odbywaj\u0105cy si\u0119 corocznie, od 2011 r. w Nowohuckim Centrum Kultury - Krakowskim Centrum Choreograficznym","breadcrumb":{"@id":"https:\/\/nck.krakow.pl\/kcc\/3-2-1-taniec\/#breadcrumb"},"inLanguage":"pl-PL","potentialAction":[{"@type":"ReadAction","target":["https:\/\/nck.krakow.pl\/kcc\/3-2-1-taniec\/"]}]},{"@type":"BreadcrumbList","@id":"https:\/\/nck.krakow.pl\/kcc\/3-2-1-taniec\/#breadcrumb","itemListElement":[{"@type":"ListItem","position":1,"name":"Strona g\u0142\u00f3wna","item":"https:\/\/nck.krakow.pl\/kcc\/"},{"@type":"ListItem","position":2,"name":"3&#8230;2&#8230;1&#8230;TANIEC!"}]},{"@type":"WebSite","@id":"https:\/\/nck.krakow.pl\/kcc\/#website","url":"https:\/\/nck.krakow.pl\/kcc\/","name":"Krakowskie Centrum Choreograficzne","description":"","publisher":{"@id":"https:\/\/nck.krakow.pl\/kcc\/#organization"},"potentialAction":[{"@type":"SearchAction","target":{"@type":"EntryPoint","urlTemplate":"https:\/\/nck.krakow.pl\/kcc\/?s={search_term_string}"},"query-input":"required name=search_term_string"}],"inLanguage":"pl-PL"},{"@type":"Organization","@id":"https:\/\/nck.krakow.pl\/kcc\/#organization","name":"Krakowskie Centrum Choreograficzne","url":"https:\/\/nck.krakow.pl\/kcc\/","logo":{"@type":"ImageObject","inLanguage":"pl-PL","@id":"https:\/\/nck.krakow.pl\/kcc\/#\/schema\/logo\/image\/","url":"https:\/\/nck.krakow.pl\/kcc\/wp-content\/uploads\/2020\/01\/cropped-logo-kcc-2020.png","contentUrl":"https:\/\/nck.krakow.pl\/kcc\/wp-content\/uploads\/2020\/01\/cropped-logo-kcc-2020.png","width":116,"height":55,"caption":"Krakowskie Centrum Choreograficzne"},"image":{"@id":"https:\/\/nck.krakow.pl\/kcc\/#\/schema\/logo\/image\/"}}]}},"_links":{"self":[{"href":"https:\/\/nck.krakow.pl\/kcc\/wp-json\/wp\/v2\/pages\/789"}],"collection":[{"href":"https:\/\/nck.krakow.pl\/kcc\/wp-json\/wp\/v2\/pages"}],"about":[{"href":"https:\/\/nck.krakow.pl\/kcc\/wp-json\/wp\/v2\/types\/page"}],"author":[{"embeddable":true,"href":"https:\/\/nck.krakow.pl\/kcc\/wp-json\/wp\/v2\/users\/2"}],"replies":[{"embeddable":true,"href":"https:\/\/nck.krakow.pl\/kcc\/wp-json\/wp\/v2\/comments?post=789"}],"version-history":[{"count":24,"href":"https:\/\/nck.krakow.pl\/kcc\/wp-json\/wp\/v2\/pages\/789\/revisions"}],"predecessor-version":[{"id":2786,"href":"https:\/\/nck.krakow.pl\/kcc\/wp-json\/wp\/v2\/pages\/789\/revisions\/2786"}],"wp:attachment":[{"href":"https:\/\/nck.krakow.pl\/kcc\/wp-json\/wp\/v2\/media?parent=789"}],"curies":[{"name":"wp","href":"https:\/\/api.w.org\/{rel}","templated":true}]}}