{"id":787,"date":"2016-08-17T13:14:39","date_gmt":"2016-08-17T13:14:39","guid":{"rendered":"http:\/\/kcc.new.nck.krakow.pl\/?page_id=787"},"modified":"2016-12-02T13:21:16","modified_gmt":"2016-12-02T13:21:16","slug":"balletofffestival","status":"publish","type":"page","link":"https:\/\/nck.krakow.pl\/kcc\/balletofffestival\/","title":{"rendered":"BalletOFFFestival"},"content":{"rendered":"<p><a href=\"http:\/\/kcc.new.nck.krakow.pl\/wp-content\/uploads\/2016\/08\/balletofffestival_logo_orange.png\"><img loading=\"lazy\" decoding=\"async\" class=\"wp-image-1074 size-medium aligncenter\" src=\"http:\/\/kcc.new.nck.krakow.pl\/wp-content\/uploads\/2016\/08\/balletofffestival_logo_orange-300x113.png\" alt=\"balletofffestival logotyp\" width=\"300\" height=\"113\" srcset=\"https:\/\/nck.krakow.pl\/kcc\/wp-content\/uploads\/2016\/08\/balletofffestival_logo_orange-300x113.png 300w, https:\/\/nck.krakow.pl\/kcc\/wp-content\/uploads\/2016\/08\/balletofffestival_logo_orange-768x290.png 768w, https:\/\/nck.krakow.pl\/kcc\/wp-content\/uploads\/2016\/08\/balletofffestival_logo_orange-1024x386.png 1024w, https:\/\/nck.krakow.pl\/kcc\/wp-content\/uploads\/2016\/08\/balletofffestival_logo_orange.png 1034w\" sizes=\"(max-width: 300px) 100vw, 300px\" \/><\/a><\/p>\n<h2 style=\"text-align: justify\">BalletOFFFestival<\/h2>\n<p style=\"text-align: justify\">BalletOFFFestival to nowa propozycja Krakowskiego Centrum Choreograficznego powsta\u0142a w miejsce Krakowskich Spotka\u0144 BaletOFFowych, kt\u00f3re od 1991 roku prezentowa\u0142y i promowa\u0142y w Krakowie sztuk\u0119 ta\u0144ca. W 2014 roku odby\u0142a si\u0119 pierwsza edycja BalletOFFFestival.<\/p>\n<h2 style=\"text-align: justify\">Rezydencje<\/h2>\n<p style=\"text-align: justify\">BalletOFFFestival to festiwal rezydencyjny, kt\u00f3ry ma za zadanie stymulowa\u0107 proces tw\u00f3rczy. Wybrane realizacje projektowe otrzymuj\u0105 od Krakowskiego Centrum Choreograficznego wsparcie w realizacji spektaklu\/wydarzenia\/dzia\u0142ania z zakresu\u00a0 szeroko rozumianego ta\u0144ca wsp\u00f3\u0142czesnego i teatru ta\u0144ca. Proces\u00a0 obejmuje kilkutygodniow\u0105 rezydencj\u0119, w ramach kt\u00f3rej wy\u0142onieni arty\u015bci pracuj\u0105 w dialogu z mentorem. Opiekunami poszczeg\u00f3lnych rezydencji s\u0105 zapraszane do wsp\u00f3\u0142pracy autorytety artystyczne z Polski i ze \u015bwiata. Kulminacj\u0119 festiwalu stanowi prezentacja powsta\u0142ych w wyniku procesu spektakli.<br \/>\nKrakowskie Centrum Choreograficzne poprzez festiwal stwarza warunki do tw\u00f3rczej konfrontacji my\u015bli, do pracy studyjnej, oferuje pomoc w realizacji spektaklu oraz promocji premiery.<\/p>\n<p style=\"text-align: justify\"><a href=\"http:\/\/www.balletofffestival.pl\/rezydencje\/\">Dotychczasowi rezydenci w ramach BalletOFFestival:<\/a> Karol Mi\u0119kina, little:interference, Piotr Stanek, Dominika Wiak, Katarzyna Kania, Justyna Kalbarczyk, Viktor Braun, Patryk Kra\u015bniewski, Kim Sokolowski, Anna Kosiorowska, Katarzyna Myrda, Agnieszka Janicka, Agata Meyer-Luters, Agnieszka Bednarz, Sabina Pyka, Katarzyna Krzysztofek, Sylwia Bloch-Sternik.<\/p>\n<h2 style=\"text-align: justify\">Wydarzenia towarzysz\u0105ce<\/h2>\n<p>Poza spektaklami rezydencyjnymi, festiwal prezentuje tak\u017ce r\u00f3\u017cnorodne prace artyst\u00f3w ta\u0144ca wsp\u00f3\u0142czesnego.<\/p>\n<h2 style=\"text-align: justify\">Warsztaty<\/h2>\n<p>Festiwalowi towarzysz\u0105 warsztaty taneczne z uznanymi pedagogami z Polski i zagranicy. Nauczyciele poprzednich edycji festiwalu: Bruno Caverna, Chlo\u00e9 Beillevaire, Tomasz Pomersbach, Karolina Kroczak, Agnieszka Rybak, Agata Mol\u0105g, Monika \u015awieca, Pawe\u0142 \u0141yskawa, Eryk Makohon, Filip W\u00f3jcik, Marta Wo\u0142owiec.<\/p>\n<p>&nbsp;<\/p>\n<p style=\"text-align: justify\">wi\u0119cej informacji: <a href=\"http:\/\/balletofffestival.pl\/\">wwww.balletofffestival.pl<\/a><\/p>\n<p style=\"text-align: justify\">ARCHIWUM:<\/p>\n<p style=\"text-align: justify\"><a href=\"http:\/\/kcc.nck.krakow.pl\/?v1=aktualnosci&amp;v2=2015\/15&amp;v3=11&amp;v4=13&amp;v5=111\">EDYCJA 2015<\/a><\/p>\n<p style=\"text-align: justify\"><a href=\"http:\/\/kcc.nck.krakow.pl\/?v1=aktualnosci&amp;v2=2014\/16&amp;v3=11&amp;v4=14&amp;v5=57\">EDYCJA 2014<\/a><\/p>\n","protected":false},"excerpt":{"rendered":"<p>BalletOFFFestival BalletOFFFestival to nowa propozycja Krakowskiego Centrum Choreograficznego powsta\u0142a w miejsce Krakowskich Spotka\u0144 BaletOFFowych, kt\u00f3re od 1991 roku prezentowa\u0142y i promowa\u0142y w Krakowie sztuk\u0119 ta\u0144ca. W 2014 roku odby\u0142a si\u0119 pierwsza edycja BalletOFFFestival. Rezydencje BalletOFFFestival to festiwal rezydencyjny, kt\u00f3ry ma za zadanie stymulowa\u0107 proces tw\u00f3rczy. Wybrane realizacje projektowe otrzymuj\u0105 od Krakowskiego Centrum Choreograficznego wsparcie w [&hellip;]<\/p>\n","protected":false},"author":2,"featured_media":0,"parent":0,"menu_order":0,"comment_status":"closed","ping_status":"closed","template":"","meta":{"footnotes":""},"class_list":["post-787","page","type-page","status-publish","hentry"],"yoast_head":"<!-- This site is optimized with the Yoast SEO plugin v19.12 - https:\/\/yoast.com\/wordpress\/plugins\/seo\/ -->\n<title>BalletOFFFestival, fesitwal rezydencyjny, festiwal ta\u0144ca wsp\u00f3\u0142czesnego<\/title>\n<meta name=\"description\" content=\"BalletOFFFestival to rezydencyjny festiwal ta\u0144ca wsp\u00f3\u0142czesnego, w ramach kt\u00f3rego arty\u015bci przygotowuj\u0105 w\u0142asne premiery, Festiwalowi towarzysz\u0105 warsztaty,\" \/>\n<meta name=\"robots\" content=\"index, follow, max-snippet:-1, max-image-preview:large, max-video-preview:-1\" \/>\n<link rel=\"canonical\" href=\"https:\/\/nck.krakow.pl\/kcc\/balletofffestival\/\" \/>\n<meta property=\"og:locale\" content=\"pl_PL\" \/>\n<meta property=\"og:type\" content=\"article\" \/>\n<meta property=\"og:title\" content=\"BalletOFFFestival, fesitwal rezydencyjny, festiwal ta\u0144ca wsp\u00f3\u0142czesnego\" \/>\n<meta property=\"og:description\" content=\"BalletOFFFestival to rezydencyjny festiwal ta\u0144ca wsp\u00f3\u0142czesnego, w ramach kt\u00f3rego arty\u015bci przygotowuj\u0105 w\u0142asne premiery, Festiwalowi towarzysz\u0105 warsztaty,\" \/>\n<meta property=\"og:url\" content=\"https:\/\/nck.krakow.pl\/kcc\/balletofffestival\/\" \/>\n<meta property=\"og:site_name\" content=\"Krakowskie Centrum Choreograficzne\" \/>\n<meta property=\"article:modified_time\" content=\"2016-12-02T13:21:16+00:00\" \/>\n<meta property=\"og:image\" content=\"http:\/\/kcc.new.nck.krakow.pl\/wp-content\/uploads\/2016\/08\/balletofffestival_logo_orange-300x113.png\" \/>\n<meta name=\"twitter:card\" content=\"summary_large_image\" \/>\n<meta name=\"twitter:label1\" content=\"Est. reading time\" \/>\n\t<meta name=\"twitter:data1\" content=\"1 minuta\" \/>\n<script type=\"application\/ld+json\" class=\"yoast-schema-graph\">{\"@context\":\"https:\/\/schema.org\",\"@graph\":[{\"@type\":\"WebPage\",\"@id\":\"https:\/\/nck.krakow.pl\/kcc\/balletofffestival\/\",\"url\":\"https:\/\/nck.krakow.pl\/kcc\/balletofffestival\/\",\"name\":\"BalletOFFFestival, fesitwal rezydencyjny, festiwal ta\u0144ca wsp\u00f3\u0142czesnego\",\"isPartOf\":{\"@id\":\"https:\/\/nck.krakow.pl\/kcc\/#website\"},\"datePublished\":\"2016-08-17T13:14:39+00:00\",\"dateModified\":\"2016-12-02T13:21:16+00:00\",\"description\":\"BalletOFFFestival to rezydencyjny festiwal ta\u0144ca wsp\u00f3\u0142czesnego, w ramach kt\u00f3rego arty\u015bci przygotowuj\u0105 w\u0142asne premiery, Festiwalowi towarzysz\u0105 warsztaty,\",\"breadcrumb\":{\"@id\":\"https:\/\/nck.krakow.pl\/kcc\/balletofffestival\/#breadcrumb\"},\"inLanguage\":\"pl-PL\",\"potentialAction\":[{\"@type\":\"ReadAction\",\"target\":[\"https:\/\/nck.krakow.pl\/kcc\/balletofffestival\/\"]}]},{\"@type\":\"BreadcrumbList\",\"@id\":\"https:\/\/nck.krakow.pl\/kcc\/balletofffestival\/#breadcrumb\",\"itemListElement\":[{\"@type\":\"ListItem\",\"position\":1,\"name\":\"Strona g\u0142\u00f3wna\",\"item\":\"https:\/\/nck.krakow.pl\/kcc\/\"},{\"@type\":\"ListItem\",\"position\":2,\"name\":\"BalletOFFFestival\"}]},{\"@type\":\"WebSite\",\"@id\":\"https:\/\/nck.krakow.pl\/kcc\/#website\",\"url\":\"https:\/\/nck.krakow.pl\/kcc\/\",\"name\":\"Krakowskie Centrum Choreograficzne\",\"description\":\"\",\"publisher\":{\"@id\":\"https:\/\/nck.krakow.pl\/kcc\/#organization\"},\"potentialAction\":[{\"@type\":\"SearchAction\",\"target\":{\"@type\":\"EntryPoint\",\"urlTemplate\":\"https:\/\/nck.krakow.pl\/kcc\/?s={search_term_string}\"},\"query-input\":\"required name=search_term_string\"}],\"inLanguage\":\"pl-PL\"},{\"@type\":\"Organization\",\"@id\":\"https:\/\/nck.krakow.pl\/kcc\/#organization\",\"name\":\"Krakowskie Centrum Choreograficzne\",\"url\":\"https:\/\/nck.krakow.pl\/kcc\/\",\"logo\":{\"@type\":\"ImageObject\",\"inLanguage\":\"pl-PL\",\"@id\":\"https:\/\/nck.krakow.pl\/kcc\/#\/schema\/logo\/image\/\",\"url\":\"https:\/\/nck.krakow.pl\/kcc\/wp-content\/uploads\/2020\/01\/cropped-logo-kcc-2020.png\",\"contentUrl\":\"https:\/\/nck.krakow.pl\/kcc\/wp-content\/uploads\/2020\/01\/cropped-logo-kcc-2020.png\",\"width\":116,\"height\":55,\"caption\":\"Krakowskie Centrum Choreograficzne\"},\"image\":{\"@id\":\"https:\/\/nck.krakow.pl\/kcc\/#\/schema\/logo\/image\/\"}}]}<\/script>\n<!-- \/ Yoast SEO plugin. -->","yoast_head_json":{"title":"BalletOFFFestival, fesitwal rezydencyjny, festiwal ta\u0144ca wsp\u00f3\u0142czesnego","description":"BalletOFFFestival to rezydencyjny festiwal ta\u0144ca wsp\u00f3\u0142czesnego, w ramach kt\u00f3rego arty\u015bci przygotowuj\u0105 w\u0142asne premiery, Festiwalowi towarzysz\u0105 warsztaty,","robots":{"index":"index","follow":"follow","max-snippet":"max-snippet:-1","max-image-preview":"max-image-preview:large","max-video-preview":"max-video-preview:-1"},"canonical":"https:\/\/nck.krakow.pl\/kcc\/balletofffestival\/","og_locale":"pl_PL","og_type":"article","og_title":"BalletOFFFestival, fesitwal rezydencyjny, festiwal ta\u0144ca wsp\u00f3\u0142czesnego","og_description":"BalletOFFFestival to rezydencyjny festiwal ta\u0144ca wsp\u00f3\u0142czesnego, w ramach kt\u00f3rego arty\u015bci przygotowuj\u0105 w\u0142asne premiery, Festiwalowi towarzysz\u0105 warsztaty,","og_url":"https:\/\/nck.krakow.pl\/kcc\/balletofffestival\/","og_site_name":"Krakowskie Centrum Choreograficzne","article_modified_time":"2016-12-02T13:21:16+00:00","og_image":[{"url":"http:\/\/kcc.new.nck.krakow.pl\/wp-content\/uploads\/2016\/08\/balletofffestival_logo_orange-300x113.png"}],"twitter_card":"summary_large_image","twitter_misc":{"Est. reading time":"1 minuta"},"schema":{"@context":"https:\/\/schema.org","@graph":[{"@type":"WebPage","@id":"https:\/\/nck.krakow.pl\/kcc\/balletofffestival\/","url":"https:\/\/nck.krakow.pl\/kcc\/balletofffestival\/","name":"BalletOFFFestival, fesitwal rezydencyjny, festiwal ta\u0144ca wsp\u00f3\u0142czesnego","isPartOf":{"@id":"https:\/\/nck.krakow.pl\/kcc\/#website"},"datePublished":"2016-08-17T13:14:39+00:00","dateModified":"2016-12-02T13:21:16+00:00","description":"BalletOFFFestival to rezydencyjny festiwal ta\u0144ca wsp\u00f3\u0142czesnego, w ramach kt\u00f3rego arty\u015bci przygotowuj\u0105 w\u0142asne premiery, Festiwalowi towarzysz\u0105 warsztaty,","breadcrumb":{"@id":"https:\/\/nck.krakow.pl\/kcc\/balletofffestival\/#breadcrumb"},"inLanguage":"pl-PL","potentialAction":[{"@type":"ReadAction","target":["https:\/\/nck.krakow.pl\/kcc\/balletofffestival\/"]}]},{"@type":"BreadcrumbList","@id":"https:\/\/nck.krakow.pl\/kcc\/balletofffestival\/#breadcrumb","itemListElement":[{"@type":"ListItem","position":1,"name":"Strona g\u0142\u00f3wna","item":"https:\/\/nck.krakow.pl\/kcc\/"},{"@type":"ListItem","position":2,"name":"BalletOFFFestival"}]},{"@type":"WebSite","@id":"https:\/\/nck.krakow.pl\/kcc\/#website","url":"https:\/\/nck.krakow.pl\/kcc\/","name":"Krakowskie Centrum Choreograficzne","description":"","publisher":{"@id":"https:\/\/nck.krakow.pl\/kcc\/#organization"},"potentialAction":[{"@type":"SearchAction","target":{"@type":"EntryPoint","urlTemplate":"https:\/\/nck.krakow.pl\/kcc\/?s={search_term_string}"},"query-input":"required name=search_term_string"}],"inLanguage":"pl-PL"},{"@type":"Organization","@id":"https:\/\/nck.krakow.pl\/kcc\/#organization","name":"Krakowskie Centrum Choreograficzne","url":"https:\/\/nck.krakow.pl\/kcc\/","logo":{"@type":"ImageObject","inLanguage":"pl-PL","@id":"https:\/\/nck.krakow.pl\/kcc\/#\/schema\/logo\/image\/","url":"https:\/\/nck.krakow.pl\/kcc\/wp-content\/uploads\/2020\/01\/cropped-logo-kcc-2020.png","contentUrl":"https:\/\/nck.krakow.pl\/kcc\/wp-content\/uploads\/2020\/01\/cropped-logo-kcc-2020.png","width":116,"height":55,"caption":"Krakowskie Centrum Choreograficzne"},"image":{"@id":"https:\/\/nck.krakow.pl\/kcc\/#\/schema\/logo\/image\/"}}]}},"_links":{"self":[{"href":"https:\/\/nck.krakow.pl\/kcc\/wp-json\/wp\/v2\/pages\/787"}],"collection":[{"href":"https:\/\/nck.krakow.pl\/kcc\/wp-json\/wp\/v2\/pages"}],"about":[{"href":"https:\/\/nck.krakow.pl\/kcc\/wp-json\/wp\/v2\/types\/page"}],"author":[{"embeddable":true,"href":"https:\/\/nck.krakow.pl\/kcc\/wp-json\/wp\/v2\/users\/2"}],"replies":[{"embeddable":true,"href":"https:\/\/nck.krakow.pl\/kcc\/wp-json\/wp\/v2\/comments?post=787"}],"version-history":[{"count":10,"href":"https:\/\/nck.krakow.pl\/kcc\/wp-json\/wp\/v2\/pages\/787\/revisions"}],"predecessor-version":[{"id":1444,"href":"https:\/\/nck.krakow.pl\/kcc\/wp-json\/wp\/v2\/pages\/787\/revisions\/1444"}],"wp:attachment":[{"href":"https:\/\/nck.krakow.pl\/kcc\/wp-json\/wp\/v2\/media?parent=787"}],"curies":[{"name":"wp","href":"https:\/\/api.w.org\/{rel}","templated":true}]}}