{"id":7711,"date":"2024-08-30T11:46:53","date_gmt":"2024-08-30T11:46:53","guid":{"rendered":"https:\/\/nck.krakow.pl\/kcc\/?page_id=7711"},"modified":"2026-03-27T13:21:09","modified_gmt":"2026-03-27T13:21:09","slug":"roztanczone-rodziny","status":"publish","type":"page","link":"https:\/\/nck.krakow.pl\/kcc\/roztanczone-rodziny\/","title":{"rendered":"Rozta\u0144czone Rodziny"},"content":{"rendered":"\n<p>Bardzo mi\u0142o nam poinformowa\u0107, \u017ce w KCC wracamy z cyklem warsztat\u00f3w w ramach projektu Rozta\u0144czone rodziny. Zapraszamy do wsp\u00f3lnego eksplorowania ruchu i zabawy najm\u0142odszych i ich rodzic\u00f3w\/opiekun\u00f3w!<\/p>\n\n\n\n<p><strong>Harmonogram warsztat\u00f3w:<\/strong><\/p>\n\n\n\n<p><strong>18 stycznia 2026<\/strong><br>ContaKids, Monika W\u0119grzynowicz, godz. 11:00-11:45, sala A211 w Nowohuckim Centrum Kultury.<\/p>\n\n\n\n<p><strong>8 lutego 2026<\/strong><br>ContaKids, Monika W\u0119grzynowicz:<br>godz. 11:00-11:45,<br>godz. 12:30-13:15,<br>Studio KCC w Nowohuckim Centrum Kultury.<\/p>\n\n\n\n<p><strong>1 marca 2026<\/strong><br>ContaKids, Monika W\u0119grzynowicz:<br>godz. 11:00-11:45,<br>godz. 12:30-13:15,<br>Studio KCC w Nowohuckim Centrum Kultury.<\/p>\n\n\n\n<p><strong>22 marca 2026<\/strong><br>ContaKids, Monika W\u0119grzynowicz:<br>godz. 11:00-11:45,<br>godz. 12:30-13:15,<br>Studio KCC w Nowohuckim Centrum Kultury.<\/p>\n\n\n\n<p><strong>19 kwietnia 2026<\/strong><br>Uruchomi\u0107 nieruchome, Monika Szpunar:<br>godz.&nbsp;11:00 &#8211; 12:00&nbsp;&#8211; 3-6 lat,<br>godz.&nbsp;12:30 &#8211; 13:30- 6+,<br>Studio KCC w Nowohuckim Centrum Kultury.<\/p>\n\n\n\n<p><strong>10 maja 2026<br><\/strong>Symbioza, Ula Zerek, 2-5 lat<br>godz. 11:00-12:00 oraz<br>godz. 12:30-13:30<br>Studio KCC w Nowohuckim Centrum Kultury.<\/p>\n\n\n\n<figure class=\"wp-block-gallery has-nested-images columns-default is-cropped wp-block-gallery-1 is-layout-flex wp-block-gallery-is-layout-flex\">\n<figure class=\"wp-block-image size-large\"><img loading=\"lazy\" decoding=\"async\" width=\"1024\" height=\"681\" data-id=\"8007\" src=\"https:\/\/nck.krakow.pl\/kcc\/wp-content\/uploads\/2025\/01\/zdjecie-1-1-1024x681.jpg\" alt=\"\" class=\"wp-image-8007\" srcset=\"https:\/\/nck.krakow.pl\/kcc\/wp-content\/uploads\/2025\/01\/zdjecie-1-1-1024x681.jpg 1024w, https:\/\/nck.krakow.pl\/kcc\/wp-content\/uploads\/2025\/01\/zdjecie-1-1-300x200.jpg 300w, https:\/\/nck.krakow.pl\/kcc\/wp-content\/uploads\/2025\/01\/zdjecie-1-1-768x511.jpg 768w, https:\/\/nck.krakow.pl\/kcc\/wp-content\/uploads\/2025\/01\/zdjecie-1-1-1536x1022.jpg 1536w, https:\/\/nck.krakow.pl\/kcc\/wp-content\/uploads\/2025\/01\/zdjecie-1-1-2048x1363.jpg 2048w\" sizes=\"(max-width: 1024px) 100vw, 1024px\" \/><\/figure>\n\n\n\n<figure class=\"wp-block-image size-large\"><img loading=\"lazy\" decoding=\"async\" width=\"1024\" height=\"681\" data-id=\"8008\" src=\"https:\/\/nck.krakow.pl\/kcc\/wp-content\/uploads\/2025\/01\/zdjecie-2-1-1024x681.jpg\" alt=\"\" class=\"wp-image-8008\" srcset=\"https:\/\/nck.krakow.pl\/kcc\/wp-content\/uploads\/2025\/01\/zdjecie-2-1-1024x681.jpg 1024w, https:\/\/nck.krakow.pl\/kcc\/wp-content\/uploads\/2025\/01\/zdjecie-2-1-300x200.jpg 300w, https:\/\/nck.krakow.pl\/kcc\/wp-content\/uploads\/2025\/01\/zdjecie-2-1-768x511.jpg 768w, https:\/\/nck.krakow.pl\/kcc\/wp-content\/uploads\/2025\/01\/zdjecie-2-1-1536x1022.jpg 1536w, https:\/\/nck.krakow.pl\/kcc\/wp-content\/uploads\/2025\/01\/zdjecie-2-1-2048x1363.jpg 2048w\" sizes=\"(max-width: 1024px) 100vw, 1024px\" \/><\/figure>\n<\/figure>\n\n\n\n<p>W ramach tego cyklu spotka\u0144 b\u0119dziecie mie\u0107 przyjemno\u015b\u0107 spotka\u0107 si\u0119 podczas warsztat\u00f3w o r\u00f3\u017cnej tematyce i dla r\u00f3\u017cnych grup wiekowych:<\/p>\n\n\n\n<div style=\"height:25px\" aria-hidden=\"true\" class=\"wp-block-spacer\"><\/div>\n\n\n\n<p><strong>\u201eContakids \u2013 familijne zaj\u0119cia blisko\u015bciowe\u201d dla rodzin z dzie\u0107mi w wieku 1,5 \u2013 5 lat<\/strong><br>prowadzenie: Monika W\u0119grzynowicz<\/p>\n\n\n\n<p>Contakids to ruchowe zaj\u0119cia blisko\u015bciowe, kt\u00f3re opieraj\u0105 si\u0119 na idei wykorzystania kontaktu fizycznego do rozwoju g\u0142\u0119bszej formy komunikacji mi\u0119dzy doros\u0142ymi, a dzie\u0107mi. Poprzez prac\u0119 z ruchem cia\u0142a dziecko mo\u017ce rozwija\u0107 swoje umiej\u0119tno\u015bci motoryczne i pewno\u015b\u0107 siebie, podczas gdy rodzic\/opiekun buduje zaufanie zar\u00f3wno do siebie, jak i do dziecka.<\/p>\n\n\n\n<div style=\"height:25px\" aria-hidden=\"true\" class=\"wp-block-spacer\"><\/div>\n\n\n\n<p><strong>\u201eUruchomi\u0107 nieruchome\u201d &#8211; rodzinne warsztaty choreografii z przedmiotem dla dzieci od 3 lat lub 6+, tak\u017ce ze szczeg\u00f3lnymi potrzebami, oraz bliskich im doros\u0142ych<\/strong><br>prowadzenie: Monika Szpunar<\/p>\n\n\n\n<p>Rodzinne warsztaty, w ramach kt\u00f3rych odkrywamy mo\u017cliwo\u015bci ta\u0144czenia, poruszania si\u0119 i komponowania ruchu stawiaj\u0105c w centrum uwagi przedmioty codziennego u\u017cytku. Zaj\u0119cia koncentruj\u0105 si\u0119 przede wszystkim wok\u00f3\u0142 improwizacji i kompozycji. Poprzez wra\u017cenia sensoryczne oraz bliskie obcowanie z wybranymi przedmiotami, celem zaj\u0119\u0107 jest pobudzenie wyobra\u017ani uczestnik\u00f3w oraz zainspirowanie ich do obserwowania otaczaj\u0105cej przestrzeni i przedmiot\u00f3w z r\u00f3\u017cnych, nowych perspektyw.<\/p>\n\n\n\n<div style=\"height:25px\" aria-hidden=\"true\" class=\"wp-block-spacer\"><\/div>\n\n\n\n<p><strong>\u201cSymbioza\u201d\u00a0&#8211; warsztaty dla rodzin z dzie\u0107mi w wieku 2\u20135 lat<\/strong><br>prowadzenie: Ula Zerek<\/p>\n\n\n\n<p>Symbiotyczna blisko\u015b\u0107 mi\u0119dzy rodzicem i opiekunk\u0105 lub opiekunem w pierwszym okresie \u017cycia jest punktem wyj\u015bcia do budowania wi\u0119zi ze \u015bwiatem. Podczas zaj\u0119\u0107 b\u0119dziemy uwa\u017cnie przygl\u0105da\u0107 si\u0119 tej wyj\u0105tkowej relacji, szukaj\u0105c w niej przestrzeni, wsp\u00f3lnego oddechu, impuls\u00f3w do \u017cyciodajnego ruchu.<\/p>\n\n\n\n<p>Zaj\u0119cia maj\u0105 na celu stworzenie bezpiecznej, pobudzaj\u0105cej, ale tak\u017ce koj\u0105cej atmosfery dla dzieci i rodzic\u00f3w, daj\u0105c tak\u017ce tym starszym mo\u017cliwo\u015b\u0107 aktywnej relaksacji, regeneracji i odpuszczania napi\u0119\u0107. Poprzez subtelny ruch, dotyk i \u015bwiadomy oddech, b\u0119dziemy razem szuka\u0107 poczucia harmonii, si\u0142y oraz zwyk\u0142ej przyjemno\u015bci.<\/p>\n\n\n\n<div style=\"height:50px\" aria-hidden=\"true\" class=\"wp-block-spacer\"><\/div>\n\n\n\n<p><em>Na wszystkie warsztaty zalecamy za\u0142o\u017cenie wygodnego stroju, kt\u00f3ry nie b\u0119dzie kr\u0119powa\u0142 ruch\u00f3w, z mo\u017cliwo\u015bci\u0105 zdj\u0119cia skarpetek.&nbsp;<\/em><\/p>\n\n\n\n<p><strong>Zapisy i cena<\/strong><\/p>\n\n\n\n<ul class=\"wp-block-list\">\n<li>Nie macie obowi\u0105zku brania udzia\u0142u we ca\u0142ym cyklu.<\/li>\n\n\n\n<li>Mo\u017cesz wybra\u0107 poszczeg\u00f3lne warsztaty, kt\u00f3re Was interesuj\u0105.<\/li>\n\n\n\n<li>Zapisy przyjmujemy mailowo na adres:&nbsp;<a href=\"mailto:zapisy.kcc@nck.krakow.pl\">zapisy.kcc@nck.krakow.pl<\/a><\/li>\n\n\n\n<li>Cena: 60 z\u0142 dla dw\u00f3ch os\u00f3b (1 opiekun_ka + 1 dziecko)<\/li>\n<\/ul>\n\n\n\n<div class=\"wp-block-file\"><a id=\"wp-block-file--media-017250e5-eea9-4ceb-88ce-4c0c39c6ee19\" href=\"https:\/\/nck.krakow.pl\/kcc\/wp-content\/uploads\/2026\/01\/REGULAMIN-Roztanczone-rodziny-2026.pdf\">REGULAMIN Rozta\u0144czone rodziny 2026<\/a><a href=\"https:\/\/nck.krakow.pl\/kcc\/wp-content\/uploads\/2026\/01\/REGULAMIN-Roztanczone-rodziny-2026.pdf\" class=\"wp-block-file__button wp-element-button\" download aria-describedby=\"wp-block-file--media-017250e5-eea9-4ceb-88ce-4c0c39c6ee19\">Pobierz<\/a><\/div>\n\n\n\n<figure class=\"wp-block-image\"><img loading=\"lazy\" decoding=\"async\" width=\"1024\" height=\"683\" src=\"https:\/\/nck.krakow.pl\/kcc\/wp-content\/uploads\/2025\/01\/zdjecie-3-1024x683.jpg\" alt=\"\" class=\"wp-image-8003\" srcset=\"https:\/\/nck.krakow.pl\/kcc\/wp-content\/uploads\/2025\/01\/zdjecie-3-1024x683.jpg 1024w, https:\/\/nck.krakow.pl\/kcc\/wp-content\/uploads\/2025\/01\/zdjecie-3-300x200.jpg 300w, https:\/\/nck.krakow.pl\/kcc\/wp-content\/uploads\/2025\/01\/zdjecie-3-768x512.jpg 768w, https:\/\/nck.krakow.pl\/kcc\/wp-content\/uploads\/2025\/01\/zdjecie-3-1536x1024.jpg 1536w, https:\/\/nck.krakow.pl\/kcc\/wp-content\/uploads\/2025\/01\/zdjecie-3-2048x1365.jpg 2048w\" sizes=\"(max-width: 1024px) 100vw, 1024px\" \/><\/figure>\n\n\n\n<p><br>Operatorem projektu jest Fundacja Performat. Opiekunk\u0105 merytoryczn\u0105 programu jest Hanna Bylka-Kanecka. Od 2024 roku Rozta\u0144czone Rodziny odbywaj\u0105 si\u0119 w Krakowskim Centrum Choreograficznym w Nowohuckim Centrum Kultury.<\/p>\n\n\n\n<figure class=\"wp-block-image\"><img loading=\"lazy\" decoding=\"async\" width=\"603\" height=\"174\" src=\"https:\/\/nck.krakow.pl\/kcc\/wp-content\/uploads\/2024\/01\/performat_logo_bw.png\" alt=\"\" class=\"wp-image-7339\" srcset=\"https:\/\/nck.krakow.pl\/kcc\/wp-content\/uploads\/2024\/01\/performat_logo_bw.png 603w, https:\/\/nck.krakow.pl\/kcc\/wp-content\/uploads\/2024\/01\/performat_logo_bw-300x87.png 300w\" sizes=\"(max-width: 603px) 100vw, 603px\" \/><\/figure>\n\n\n\n<p>Fot. Bartosz Ba\u0144ka, Dominik Kupka<\/p>\n","protected":false},"excerpt":{"rendered":"<p>Bardzo mi\u0142o nam poinformowa\u0107, \u017ce w KCC wracamy z cyklem warsztat\u00f3w w ramach projektu Rozta\u0144czone rodziny. Zapraszamy do wsp\u00f3lnego eksplorowania ruchu i zabawy najm\u0142odszych i ich rodzic\u00f3w\/opiekun\u00f3w! Harmonogram warsztat\u00f3w: 18 stycznia 2026ContaKids, Monika W\u0119grzynowicz, godz. 11:00-11:45, sala A211 w Nowohuckim Centrum Kultury. 8 lutego 2026ContaKids, Monika W\u0119grzynowicz:godz. 11:00-11:45,godz. 12:30-13:15,Studio KCC w Nowohuckim Centrum Kultury. 1 [&hellip;]<\/p>\n","protected":false},"author":5,"featured_media":0,"parent":0,"menu_order":0,"comment_status":"closed","ping_status":"closed","template":"","meta":{"footnotes":""},"class_list":["post-7711","page","type-page","status-publish","hentry"],"yoast_head":"<!-- This site is optimized with the Yoast SEO plugin v19.12 - https:\/\/yoast.com\/wordpress\/plugins\/seo\/ -->\n<title>Rozta\u0144czone Rodziny - Krakowskie Centrum Choreograficzne<\/title>\n<meta name=\"robots\" content=\"index, follow, max-snippet:-1, max-image-preview:large, max-video-preview:-1\" \/>\n<link rel=\"canonical\" href=\"https:\/\/nck.krakow.pl\/kcc\/roztanczone-rodziny\/\" \/>\n<meta property=\"og:locale\" content=\"pl_PL\" \/>\n<meta property=\"og:type\" content=\"article\" \/>\n<meta property=\"og:title\" content=\"Rozta\u0144czone Rodziny - Krakowskie Centrum Choreograficzne\" \/>\n<meta property=\"og:description\" content=\"Bardzo mi\u0142o nam poinformowa\u0107, \u017ce w KCC wracamy z cyklem warsztat\u00f3w w ramach projektu Rozta\u0144czone rodziny. Zapraszamy do wsp\u00f3lnego eksplorowania ruchu i zabawy najm\u0142odszych i ich rodzic\u00f3w\/opiekun\u00f3w! Harmonogram warsztat\u00f3w: 18 stycznia 2026ContaKids, Monika W\u0119grzynowicz, godz. 11:00-11:45, sala A211 w Nowohuckim Centrum Kultury. 8 lutego 2026ContaKids, Monika W\u0119grzynowicz:godz. 11:00-11:45,godz. 12:30-13:15,Studio KCC w Nowohuckim Centrum Kultury. 1 [&hellip;]\" \/>\n<meta property=\"og:url\" content=\"https:\/\/nck.krakow.pl\/kcc\/roztanczone-rodziny\/\" \/>\n<meta property=\"og:site_name\" content=\"Krakowskie Centrum Choreograficzne\" \/>\n<meta property=\"article:modified_time\" content=\"2026-03-27T13:21:09+00:00\" \/>\n<meta property=\"og:image\" content=\"https:\/\/nck.krakow.pl\/kcc\/wp-content\/uploads\/2025\/01\/zdjecie-1-1-1024x681.jpg\" \/>\n<meta name=\"twitter:card\" content=\"summary_large_image\" \/>\n<meta name=\"twitter:label1\" content=\"Est. reading time\" \/>\n\t<meta name=\"twitter:data1\" content=\"4 minuty\" \/>\n<script type=\"application\/ld+json\" class=\"yoast-schema-graph\">{\"@context\":\"https:\/\/schema.org\",\"@graph\":[{\"@type\":\"WebPage\",\"@id\":\"https:\/\/nck.krakow.pl\/kcc\/roztanczone-rodziny\/\",\"url\":\"https:\/\/nck.krakow.pl\/kcc\/roztanczone-rodziny\/\",\"name\":\"Rozta\u0144czone Rodziny - Krakowskie Centrum Choreograficzne\",\"isPartOf\":{\"@id\":\"https:\/\/nck.krakow.pl\/kcc\/#website\"},\"datePublished\":\"2024-08-30T11:46:53+00:00\",\"dateModified\":\"2026-03-27T13:21:09+00:00\",\"breadcrumb\":{\"@id\":\"https:\/\/nck.krakow.pl\/kcc\/roztanczone-rodziny\/#breadcrumb\"},\"inLanguage\":\"pl-PL\",\"potentialAction\":[{\"@type\":\"ReadAction\",\"target\":[\"https:\/\/nck.krakow.pl\/kcc\/roztanczone-rodziny\/\"]}]},{\"@type\":\"BreadcrumbList\",\"@id\":\"https:\/\/nck.krakow.pl\/kcc\/roztanczone-rodziny\/#breadcrumb\",\"itemListElement\":[{\"@type\":\"ListItem\",\"position\":1,\"name\":\"Strona g\u0142\u00f3wna\",\"item\":\"https:\/\/nck.krakow.pl\/kcc\/\"},{\"@type\":\"ListItem\",\"position\":2,\"name\":\"Rozta\u0144czone Rodziny\"}]},{\"@type\":\"WebSite\",\"@id\":\"https:\/\/nck.krakow.pl\/kcc\/#website\",\"url\":\"https:\/\/nck.krakow.pl\/kcc\/\",\"name\":\"Krakowskie Centrum Choreograficzne\",\"description\":\"\",\"publisher\":{\"@id\":\"https:\/\/nck.krakow.pl\/kcc\/#organization\"},\"potentialAction\":[{\"@type\":\"SearchAction\",\"target\":{\"@type\":\"EntryPoint\",\"urlTemplate\":\"https:\/\/nck.krakow.pl\/kcc\/?s={search_term_string}\"},\"query-input\":\"required name=search_term_string\"}],\"inLanguage\":\"pl-PL\"},{\"@type\":\"Organization\",\"@id\":\"https:\/\/nck.krakow.pl\/kcc\/#organization\",\"name\":\"Krakowskie Centrum Choreograficzne\",\"url\":\"https:\/\/nck.krakow.pl\/kcc\/\",\"logo\":{\"@type\":\"ImageObject\",\"inLanguage\":\"pl-PL\",\"@id\":\"https:\/\/nck.krakow.pl\/kcc\/#\/schema\/logo\/image\/\",\"url\":\"https:\/\/nck.krakow.pl\/kcc\/wp-content\/uploads\/2020\/01\/cropped-logo-kcc-2020.png\",\"contentUrl\":\"https:\/\/nck.krakow.pl\/kcc\/wp-content\/uploads\/2020\/01\/cropped-logo-kcc-2020.png\",\"width\":116,\"height\":55,\"caption\":\"Krakowskie Centrum Choreograficzne\"},\"image\":{\"@id\":\"https:\/\/nck.krakow.pl\/kcc\/#\/schema\/logo\/image\/\"}}]}<\/script>\n<!-- \/ Yoast SEO plugin. -->","yoast_head_json":{"title":"Rozta\u0144czone Rodziny - Krakowskie Centrum Choreograficzne","robots":{"index":"index","follow":"follow","max-snippet":"max-snippet:-1","max-image-preview":"max-image-preview:large","max-video-preview":"max-video-preview:-1"},"canonical":"https:\/\/nck.krakow.pl\/kcc\/roztanczone-rodziny\/","og_locale":"pl_PL","og_type":"article","og_title":"Rozta\u0144czone Rodziny - Krakowskie Centrum Choreograficzne","og_description":"Bardzo mi\u0142o nam poinformowa\u0107, \u017ce w KCC wracamy z cyklem warsztat\u00f3w w ramach projektu Rozta\u0144czone rodziny. Zapraszamy do wsp\u00f3lnego eksplorowania ruchu i zabawy najm\u0142odszych i ich rodzic\u00f3w\/opiekun\u00f3w! Harmonogram warsztat\u00f3w: 18 stycznia 2026ContaKids, Monika W\u0119grzynowicz, godz. 11:00-11:45, sala A211 w Nowohuckim Centrum Kultury. 8 lutego 2026ContaKids, Monika W\u0119grzynowicz:godz. 11:00-11:45,godz. 12:30-13:15,Studio KCC w Nowohuckim Centrum Kultury. 1 [&hellip;]","og_url":"https:\/\/nck.krakow.pl\/kcc\/roztanczone-rodziny\/","og_site_name":"Krakowskie Centrum Choreograficzne","article_modified_time":"2026-03-27T13:21:09+00:00","og_image":[{"url":"https:\/\/nck.krakow.pl\/kcc\/wp-content\/uploads\/2025\/01\/zdjecie-1-1-1024x681.jpg"}],"twitter_card":"summary_large_image","twitter_misc":{"Est. reading time":"4 minuty"},"schema":{"@context":"https:\/\/schema.org","@graph":[{"@type":"WebPage","@id":"https:\/\/nck.krakow.pl\/kcc\/roztanczone-rodziny\/","url":"https:\/\/nck.krakow.pl\/kcc\/roztanczone-rodziny\/","name":"Rozta\u0144czone Rodziny - Krakowskie Centrum Choreograficzne","isPartOf":{"@id":"https:\/\/nck.krakow.pl\/kcc\/#website"},"datePublished":"2024-08-30T11:46:53+00:00","dateModified":"2026-03-27T13:21:09+00:00","breadcrumb":{"@id":"https:\/\/nck.krakow.pl\/kcc\/roztanczone-rodziny\/#breadcrumb"},"inLanguage":"pl-PL","potentialAction":[{"@type":"ReadAction","target":["https:\/\/nck.krakow.pl\/kcc\/roztanczone-rodziny\/"]}]},{"@type":"BreadcrumbList","@id":"https:\/\/nck.krakow.pl\/kcc\/roztanczone-rodziny\/#breadcrumb","itemListElement":[{"@type":"ListItem","position":1,"name":"Strona g\u0142\u00f3wna","item":"https:\/\/nck.krakow.pl\/kcc\/"},{"@type":"ListItem","position":2,"name":"Rozta\u0144czone Rodziny"}]},{"@type":"WebSite","@id":"https:\/\/nck.krakow.pl\/kcc\/#website","url":"https:\/\/nck.krakow.pl\/kcc\/","name":"Krakowskie Centrum Choreograficzne","description":"","publisher":{"@id":"https:\/\/nck.krakow.pl\/kcc\/#organization"},"potentialAction":[{"@type":"SearchAction","target":{"@type":"EntryPoint","urlTemplate":"https:\/\/nck.krakow.pl\/kcc\/?s={search_term_string}"},"query-input":"required name=search_term_string"}],"inLanguage":"pl-PL"},{"@type":"Organization","@id":"https:\/\/nck.krakow.pl\/kcc\/#organization","name":"Krakowskie Centrum Choreograficzne","url":"https:\/\/nck.krakow.pl\/kcc\/","logo":{"@type":"ImageObject","inLanguage":"pl-PL","@id":"https:\/\/nck.krakow.pl\/kcc\/#\/schema\/logo\/image\/","url":"https:\/\/nck.krakow.pl\/kcc\/wp-content\/uploads\/2020\/01\/cropped-logo-kcc-2020.png","contentUrl":"https:\/\/nck.krakow.pl\/kcc\/wp-content\/uploads\/2020\/01\/cropped-logo-kcc-2020.png","width":116,"height":55,"caption":"Krakowskie Centrum Choreograficzne"},"image":{"@id":"https:\/\/nck.krakow.pl\/kcc\/#\/schema\/logo\/image\/"}}]}},"_links":{"self":[{"href":"https:\/\/nck.krakow.pl\/kcc\/wp-json\/wp\/v2\/pages\/7711"}],"collection":[{"href":"https:\/\/nck.krakow.pl\/kcc\/wp-json\/wp\/v2\/pages"}],"about":[{"href":"https:\/\/nck.krakow.pl\/kcc\/wp-json\/wp\/v2\/types\/page"}],"author":[{"embeddable":true,"href":"https:\/\/nck.krakow.pl\/kcc\/wp-json\/wp\/v2\/users\/5"}],"replies":[{"embeddable":true,"href":"https:\/\/nck.krakow.pl\/kcc\/wp-json\/wp\/v2\/comments?post=7711"}],"version-history":[{"count":32,"href":"https:\/\/nck.krakow.pl\/kcc\/wp-json\/wp\/v2\/pages\/7711\/revisions"}],"predecessor-version":[{"id":8743,"href":"https:\/\/nck.krakow.pl\/kcc\/wp-json\/wp\/v2\/pages\/7711\/revisions\/8743"}],"wp:attachment":[{"href":"https:\/\/nck.krakow.pl\/kcc\/wp-json\/wp\/v2\/media?parent=7711"}],"curies":[{"name":"wp","href":"https:\/\/api.w.org\/{rel}","templated":true}]}}