{"id":7323,"date":"2024-01-22T12:13:57","date_gmt":"2024-01-22T12:13:57","guid":{"rendered":"https:\/\/nck.krakow.pl\/kcc\/?page_id=7323"},"modified":"2024-01-22T12:16:32","modified_gmt":"2024-01-22T12:16:32","slug":"hair-story","status":"publish","type":"page","link":"https:\/\/nck.krakow.pl\/kcc\/hair-story\/","title":{"rendered":"<strong>HAIR STORY<\/strong>"},"content":{"rendered":"\n<p><strong>koncept, choreografia, wykonanie, tekst<\/strong>:&nbsp;Ana Szopa<br><strong>dramaturgia, tekst<\/strong>:&nbsp;Marcin Mi\u0119tus<br><strong>kostiumy, scenografia<\/strong>:&nbsp;Marta Szypulska<br><strong>re\u017cyseria d\u017awi\u0119ku, muzyka<\/strong>:&nbsp;Dawid Tas<br><strong>video, re\u017cyseria \u015bwiate\u0142<\/strong>:&nbsp;Adam Zdu\u0144czyk<br><strong>animacja<\/strong>:&nbsp;Ernest Borowski<br><strong>rekwizyty<\/strong>:&nbsp;Kacper Mutke<br><strong>zdj\u0119cia<\/strong>:&nbsp;Antoni Jupiter Rych\u0142owski<br><strong>produkcja<\/strong>: Rezydencja KCC, Krakowskie Centrum Choreograficzne \u2013 Nowohuckie Centrum Kultury<br><strong>produkcja\/koprodukcja\/wsparcie<\/strong>:&nbsp;Teatr Dramatyczny w Warszawie<\/p>\n\n\n\n<p>Hair Story to rytualny, popkulturowy koncert, w kt\u00f3rego centrum mie\u015bci si\u0119 o\u0142tarz p\u0142on\u0105cych cia\u0142. To herstoria JEJ i jej wciele\u0144, minionych i obecnych. ONA \u2013 radykalna i szale\u0144cza \u2013 prowadzi rewolucj\u0119. Wyemancypowana i kapry\u015bna we frywolnych skokach i szarych kicksach transformuje rzeczywisto\u015b\u0107, bezczelnie \u015bmiej\u0105c si\u0119 systemowi w twarz. W pe\u0142ni ekstazy, poszerzaj\u0105c w\u0142asn\u0105 cielesno\u015b\u0107, wrzuca cia\u0142o w kocio\u0142 fantazji.<\/p>\n\n\n\n<figure class=\"wp-block-gallery has-nested-images columns-default is-cropped wp-block-gallery-1 is-layout-flex wp-block-gallery-is-layout-flex\">\n<figure class=\"wp-block-image size-large\"><a href=\"https:\/\/nck.krakow.pl\/kcc\/wp-content\/uploads\/2024\/01\/HAIR_STORY_06_fot_klaudyna_schubert.jpg\"><img loading=\"lazy\" decoding=\"async\" width=\"1024\" height=\"682\" data-id=\"7327\" src=\"https:\/\/nck.krakow.pl\/kcc\/wp-content\/uploads\/2024\/01\/HAIR_STORY_06_fot_klaudyna_schubert-1024x682.jpg\" alt=\"\" class=\"wp-image-7327\" srcset=\"https:\/\/nck.krakow.pl\/kcc\/wp-content\/uploads\/2024\/01\/HAIR_STORY_06_fot_klaudyna_schubert-1024x682.jpg 1024w, https:\/\/nck.krakow.pl\/kcc\/wp-content\/uploads\/2024\/01\/HAIR_STORY_06_fot_klaudyna_schubert-300x200.jpg 300w, https:\/\/nck.krakow.pl\/kcc\/wp-content\/uploads\/2024\/01\/HAIR_STORY_06_fot_klaudyna_schubert-768x512.jpg 768w, https:\/\/nck.krakow.pl\/kcc\/wp-content\/uploads\/2024\/01\/HAIR_STORY_06_fot_klaudyna_schubert-1536x1024.jpg 1536w, https:\/\/nck.krakow.pl\/kcc\/wp-content\/uploads\/2024\/01\/HAIR_STORY_06_fot_klaudyna_schubert.jpg 2000w\" sizes=\"(max-width: 1024px) 100vw, 1024px\" \/><\/a><\/figure>\n\n\n\n<figure class=\"wp-block-image size-large\"><a href=\"https:\/\/nck.krakow.pl\/kcc\/wp-content\/uploads\/2024\/01\/HAIR_STORY_16_fot_klaudyna_schubert.jpg\"><img loading=\"lazy\" decoding=\"async\" width=\"1024\" height=\"682\" data-id=\"7324\" src=\"https:\/\/nck.krakow.pl\/kcc\/wp-content\/uploads\/2024\/01\/HAIR_STORY_16_fot_klaudyna_schubert-1024x682.jpg\" alt=\"\" class=\"wp-image-7324\" srcset=\"https:\/\/nck.krakow.pl\/kcc\/wp-content\/uploads\/2024\/01\/HAIR_STORY_16_fot_klaudyna_schubert-1024x682.jpg 1024w, https:\/\/nck.krakow.pl\/kcc\/wp-content\/uploads\/2024\/01\/HAIR_STORY_16_fot_klaudyna_schubert-300x200.jpg 300w, https:\/\/nck.krakow.pl\/kcc\/wp-content\/uploads\/2024\/01\/HAIR_STORY_16_fot_klaudyna_schubert-768x512.jpg 768w, https:\/\/nck.krakow.pl\/kcc\/wp-content\/uploads\/2024\/01\/HAIR_STORY_16_fot_klaudyna_schubert-1536x1024.jpg 1536w, https:\/\/nck.krakow.pl\/kcc\/wp-content\/uploads\/2024\/01\/HAIR_STORY_16_fot_klaudyna_schubert.jpg 2000w\" sizes=\"(max-width: 1024px) 100vw, 1024px\" \/><\/a><\/figure>\n\n\n\n<figure class=\"wp-block-image size-large\"><a href=\"https:\/\/nck.krakow.pl\/kcc\/wp-content\/uploads\/2024\/01\/HAIR_STORY_17_fot_klaudyna_schubert.jpg\"><img loading=\"lazy\" decoding=\"async\" width=\"1024\" height=\"682\" data-id=\"7325\" src=\"https:\/\/nck.krakow.pl\/kcc\/wp-content\/uploads\/2024\/01\/HAIR_STORY_17_fot_klaudyna_schubert-1024x682.jpg\" alt=\"\" class=\"wp-image-7325\" srcset=\"https:\/\/nck.krakow.pl\/kcc\/wp-content\/uploads\/2024\/01\/HAIR_STORY_17_fot_klaudyna_schubert-1024x682.jpg 1024w, https:\/\/nck.krakow.pl\/kcc\/wp-content\/uploads\/2024\/01\/HAIR_STORY_17_fot_klaudyna_schubert-300x200.jpg 300w, https:\/\/nck.krakow.pl\/kcc\/wp-content\/uploads\/2024\/01\/HAIR_STORY_17_fot_klaudyna_schubert-768x512.jpg 768w, https:\/\/nck.krakow.pl\/kcc\/wp-content\/uploads\/2024\/01\/HAIR_STORY_17_fot_klaudyna_schubert-1536x1024.jpg 1536w, https:\/\/nck.krakow.pl\/kcc\/wp-content\/uploads\/2024\/01\/HAIR_STORY_17_fot_klaudyna_schubert.jpg 2000w\" sizes=\"(max-width: 1024px) 100vw, 1024px\" \/><\/a><\/figure>\n\n\n\n<figure class=\"wp-block-image size-large\"><a href=\"https:\/\/nck.krakow.pl\/kcc\/wp-content\/uploads\/2024\/01\/HAIR_STORY_18_fot_klaudyna_schubert.jpg\"><img loading=\"lazy\" decoding=\"async\" width=\"1024\" height=\"682\" data-id=\"7328\" src=\"https:\/\/nck.krakow.pl\/kcc\/wp-content\/uploads\/2024\/01\/HAIR_STORY_18_fot_klaudyna_schubert-1024x682.jpg\" alt=\"\" class=\"wp-image-7328\" srcset=\"https:\/\/nck.krakow.pl\/kcc\/wp-content\/uploads\/2024\/01\/HAIR_STORY_18_fot_klaudyna_schubert-1024x682.jpg 1024w, https:\/\/nck.krakow.pl\/kcc\/wp-content\/uploads\/2024\/01\/HAIR_STORY_18_fot_klaudyna_schubert-300x200.jpg 300w, https:\/\/nck.krakow.pl\/kcc\/wp-content\/uploads\/2024\/01\/HAIR_STORY_18_fot_klaudyna_schubert-768x512.jpg 768w, https:\/\/nck.krakow.pl\/kcc\/wp-content\/uploads\/2024\/01\/HAIR_STORY_18_fot_klaudyna_schubert-1536x1024.jpg 1536w, https:\/\/nck.krakow.pl\/kcc\/wp-content\/uploads\/2024\/01\/HAIR_STORY_18_fot_klaudyna_schubert.jpg 2000w\" sizes=\"(max-width: 1024px) 100vw, 1024px\" \/><\/a><\/figure>\n\n\n\n<figure class=\"wp-block-image size-large\"><a href=\"https:\/\/nck.krakow.pl\/kcc\/wp-content\/uploads\/2024\/01\/HAIR_STORY_28_fot_klaudyna_schubert.jpg\"><img loading=\"lazy\" decoding=\"async\" width=\"1024\" height=\"682\" data-id=\"7326\" src=\"https:\/\/nck.krakow.pl\/kcc\/wp-content\/uploads\/2024\/01\/HAIR_STORY_28_fot_klaudyna_schubert-1024x682.jpg\" alt=\"\" class=\"wp-image-7326\" srcset=\"https:\/\/nck.krakow.pl\/kcc\/wp-content\/uploads\/2024\/01\/HAIR_STORY_28_fot_klaudyna_schubert-1024x682.jpg 1024w, https:\/\/nck.krakow.pl\/kcc\/wp-content\/uploads\/2024\/01\/HAIR_STORY_28_fot_klaudyna_schubert-300x200.jpg 300w, https:\/\/nck.krakow.pl\/kcc\/wp-content\/uploads\/2024\/01\/HAIR_STORY_28_fot_klaudyna_schubert-768x512.jpg 768w, https:\/\/nck.krakow.pl\/kcc\/wp-content\/uploads\/2024\/01\/HAIR_STORY_28_fot_klaudyna_schubert-1536x1024.jpg 1536w, https:\/\/nck.krakow.pl\/kcc\/wp-content\/uploads\/2024\/01\/HAIR_STORY_28_fot_klaudyna_schubert.jpg 2000w\" sizes=\"(max-width: 1024px) 100vw, 1024px\" \/><\/a><\/figure>\n\n\n\n<figure class=\"wp-block-image size-large\"><a href=\"https:\/\/nck.krakow.pl\/kcc\/wp-content\/uploads\/2024\/01\/HAIR_STORY_39_fot_klaudyna_schubert.jpg\"><img loading=\"lazy\" decoding=\"async\" width=\"1024\" height=\"682\" data-id=\"7329\" src=\"https:\/\/nck.krakow.pl\/kcc\/wp-content\/uploads\/2024\/01\/HAIR_STORY_39_fot_klaudyna_schubert-1024x682.jpg\" alt=\"\" class=\"wp-image-7329\" srcset=\"https:\/\/nck.krakow.pl\/kcc\/wp-content\/uploads\/2024\/01\/HAIR_STORY_39_fot_klaudyna_schubert-1024x682.jpg 1024w, https:\/\/nck.krakow.pl\/kcc\/wp-content\/uploads\/2024\/01\/HAIR_STORY_39_fot_klaudyna_schubert-300x200.jpg 300w, https:\/\/nck.krakow.pl\/kcc\/wp-content\/uploads\/2024\/01\/HAIR_STORY_39_fot_klaudyna_schubert-768x512.jpg 768w, https:\/\/nck.krakow.pl\/kcc\/wp-content\/uploads\/2024\/01\/HAIR_STORY_39_fot_klaudyna_schubert-1536x1024.jpg 1536w, https:\/\/nck.krakow.pl\/kcc\/wp-content\/uploads\/2024\/01\/HAIR_STORY_39_fot_klaudyna_schubert.jpg 2000w\" sizes=\"(max-width: 1024px) 100vw, 1024px\" \/><\/a><\/figure>\n<\/figure>\n\n\n\n<div style=\"height:30px\" aria-hidden=\"true\" class=\"wp-block-spacer\"><\/div>\n\n\n\n<blockquote class=\"wp-block-quote is-layout-flow wp-block-quote-is-layout-flow\">\n<p><em>Kiedy w otwarciu\u00a0Hair Story\u00a0performerka wpada na scen\u0119 przy gwa\u0142townych d\u017awi\u0119kach muzyki i intensywnym \u015bwietle wiemy ju\u017c, \u017ce w tej pracy nie b\u0119dzie powrot\u00f3w do patriarchalnych klisz czyni\u0105cych z kobiety przede wszystkim obiekt estetycznej satysfakcji. Tym, do czego wraca Szopa ze swoimi wsp\u00f3\u0142pracownikami, s\u0105 obrazy pochodz\u0105ce z feministycznej krytyki kultury. Lalki Barbie zostaj\u0105 przez ni\u0105 przechwycone do performowania przed kamer\u0105 (za wideo odpowiedzialny by\u0142 Adam Zdu\u0144czyk) scen, kt\u00f3re nie wesz\u0142yby do \u017cadnego filmu o grzecznych dziewczynkach, a wykorzystywane rekwizyty takie jak suknia \u015blubna czy d\u0142ugi warkocz ze sztucznych w\u0142os\u00f3w (kostiumy i scenografi\u0119 stworzy\u0142a Marta Szypulska) zosta\u0142y odzyskane i wykorzystane do performowania buntu i nieposkromionej fantazji, a nie uleg\u0142o\u015bci wobec gotowych scenariuszy.<\/em><br><strong>Zuzanna Berendt \u2013 \u201eKto ta\u0144czy \u2013 relacja z 3. edycji Krakowskiego Festiwalu Ta\u0144ca\u201d<\/strong><\/p>\n<\/blockquote>\n\n\n\n<p><strong>REZYDENCJA KCC<\/strong><\/p>\n\n\n\n<p>Spektakl \u201eHAIR STORY\u201d powsta\u0142 w ramach Rezydencji KCC. Jako Krakowskie Centrum Choreograficzne od wielu lat wspieramy artyst\u00f3w_tki ta\u0144ca w tworzeniu ich autorskich dzie\u0142. Konkurs na rezydencj\u0119 KCC jest mo\u017cliwo\u015bci\u0105 na realizacj\u0119 spektaklu z obszaru wsp\u00f3\u0142czesnej choreografii.<\/p>\n","protected":false},"excerpt":{"rendered":"<p>koncept, choreografia, wykonanie, tekst:&nbsp;Ana Szopadramaturgia, tekst:&nbsp;Marcin Mi\u0119tuskostiumy, scenografia:&nbsp;Marta Szypulskare\u017cyseria d\u017awi\u0119ku, muzyka:&nbsp;Dawid Tasvideo, re\u017cyseria \u015bwiate\u0142:&nbsp;Adam Zdu\u0144czykanimacja:&nbsp;Ernest Borowskirekwizyty:&nbsp;Kacper Mutkezdj\u0119cia:&nbsp;Antoni Jupiter Rych\u0142owskiprodukcja: Rezydencja KCC, Krakowskie Centrum Choreograficzne \u2013 Nowohuckie Centrum Kulturyprodukcja\/koprodukcja\/wsparcie:&nbsp;Teatr Dramatyczny w Warszawie Hair Story to rytualny, popkulturowy koncert, w kt\u00f3rego centrum mie\u015bci si\u0119 o\u0142tarz p\u0142on\u0105cych cia\u0142. To herstoria JEJ i jej wciele\u0144, minionych i obecnych. ONA [&hellip;]<\/p>\n","protected":false},"author":5,"featured_media":0,"parent":0,"menu_order":0,"comment_status":"closed","ping_status":"closed","template":"","meta":{"footnotes":""},"class_list":["post-7323","page","type-page","status-publish","hentry"],"yoast_head":"<!-- This site is optimized with the Yoast SEO plugin v19.12 - https:\/\/yoast.com\/wordpress\/plugins\/seo\/ -->\n<title>HAIR STORY - Krakowskie Centrum Choreograficzne<\/title>\n<meta name=\"robots\" content=\"index, follow, max-snippet:-1, max-image-preview:large, max-video-preview:-1\" \/>\n<link rel=\"canonical\" href=\"https:\/\/nck.krakow.pl\/kcc\/hair-story\/\" \/>\n<meta property=\"og:locale\" content=\"pl_PL\" \/>\n<meta property=\"og:type\" content=\"article\" \/>\n<meta property=\"og:title\" content=\"HAIR STORY - Krakowskie Centrum Choreograficzne\" \/>\n<meta property=\"og:description\" content=\"koncept, choreografia, wykonanie, tekst:&nbsp;Ana Szopadramaturgia, tekst:&nbsp;Marcin Mi\u0119tuskostiumy, scenografia:&nbsp;Marta Szypulskare\u017cyseria d\u017awi\u0119ku, muzyka:&nbsp;Dawid Tasvideo, re\u017cyseria \u015bwiate\u0142:&nbsp;Adam Zdu\u0144czykanimacja:&nbsp;Ernest Borowskirekwizyty:&nbsp;Kacper Mutkezdj\u0119cia:&nbsp;Antoni Jupiter Rych\u0142owskiprodukcja: Rezydencja KCC, Krakowskie Centrum Choreograficzne \u2013 Nowohuckie Centrum Kulturyprodukcja\/koprodukcja\/wsparcie:&nbsp;Teatr Dramatyczny w Warszawie Hair Story to rytualny, popkulturowy koncert, w kt\u00f3rego centrum mie\u015bci si\u0119 o\u0142tarz p\u0142on\u0105cych cia\u0142. To herstoria JEJ i jej wciele\u0144, minionych i obecnych. ONA [&hellip;]\" \/>\n<meta property=\"og:url\" content=\"https:\/\/nck.krakow.pl\/kcc\/hair-story\/\" \/>\n<meta property=\"og:site_name\" content=\"Krakowskie Centrum Choreograficzne\" \/>\n<meta property=\"article:modified_time\" content=\"2024-01-22T12:16:32+00:00\" \/>\n<meta property=\"og:image\" content=\"https:\/\/nck.krakow.pl\/kcc\/wp-content\/uploads\/2024\/01\/HAIR_STORY_06_fot_klaudyna_schubert-1024x682.jpg\" \/>\n<meta name=\"twitter:card\" content=\"summary_large_image\" \/>\n<meta name=\"twitter:label1\" content=\"Est. reading time\" \/>\n\t<meta name=\"twitter:data1\" content=\"3 minuty\" \/>\n<script type=\"application\/ld+json\" class=\"yoast-schema-graph\">{\"@context\":\"https:\/\/schema.org\",\"@graph\":[{\"@type\":\"WebPage\",\"@id\":\"https:\/\/nck.krakow.pl\/kcc\/hair-story\/\",\"url\":\"https:\/\/nck.krakow.pl\/kcc\/hair-story\/\",\"name\":\"HAIR STORY - Krakowskie Centrum Choreograficzne\",\"isPartOf\":{\"@id\":\"https:\/\/nck.krakow.pl\/kcc\/#website\"},\"datePublished\":\"2024-01-22T12:13:57+00:00\",\"dateModified\":\"2024-01-22T12:16:32+00:00\",\"breadcrumb\":{\"@id\":\"https:\/\/nck.krakow.pl\/kcc\/hair-story\/#breadcrumb\"},\"inLanguage\":\"pl-PL\",\"potentialAction\":[{\"@type\":\"ReadAction\",\"target\":[\"https:\/\/nck.krakow.pl\/kcc\/hair-story\/\"]}]},{\"@type\":\"BreadcrumbList\",\"@id\":\"https:\/\/nck.krakow.pl\/kcc\/hair-story\/#breadcrumb\",\"itemListElement\":[{\"@type\":\"ListItem\",\"position\":1,\"name\":\"Strona g\u0142\u00f3wna\",\"item\":\"https:\/\/nck.krakow.pl\/kcc\/\"},{\"@type\":\"ListItem\",\"position\":2,\"name\":\"HAIR STORY\"}]},{\"@type\":\"WebSite\",\"@id\":\"https:\/\/nck.krakow.pl\/kcc\/#website\",\"url\":\"https:\/\/nck.krakow.pl\/kcc\/\",\"name\":\"Krakowskie Centrum Choreograficzne\",\"description\":\"\",\"publisher\":{\"@id\":\"https:\/\/nck.krakow.pl\/kcc\/#organization\"},\"potentialAction\":[{\"@type\":\"SearchAction\",\"target\":{\"@type\":\"EntryPoint\",\"urlTemplate\":\"https:\/\/nck.krakow.pl\/kcc\/?s={search_term_string}\"},\"query-input\":\"required name=search_term_string\"}],\"inLanguage\":\"pl-PL\"},{\"@type\":\"Organization\",\"@id\":\"https:\/\/nck.krakow.pl\/kcc\/#organization\",\"name\":\"Krakowskie Centrum Choreograficzne\",\"url\":\"https:\/\/nck.krakow.pl\/kcc\/\",\"logo\":{\"@type\":\"ImageObject\",\"inLanguage\":\"pl-PL\",\"@id\":\"https:\/\/nck.krakow.pl\/kcc\/#\/schema\/logo\/image\/\",\"url\":\"https:\/\/nck.krakow.pl\/kcc\/wp-content\/uploads\/2020\/01\/cropped-logo-kcc-2020.png\",\"contentUrl\":\"https:\/\/nck.krakow.pl\/kcc\/wp-content\/uploads\/2020\/01\/cropped-logo-kcc-2020.png\",\"width\":116,\"height\":55,\"caption\":\"Krakowskie Centrum Choreograficzne\"},\"image\":{\"@id\":\"https:\/\/nck.krakow.pl\/kcc\/#\/schema\/logo\/image\/\"}}]}<\/script>\n<!-- \/ Yoast SEO plugin. -->","yoast_head_json":{"title":"HAIR STORY - Krakowskie Centrum Choreograficzne","robots":{"index":"index","follow":"follow","max-snippet":"max-snippet:-1","max-image-preview":"max-image-preview:large","max-video-preview":"max-video-preview:-1"},"canonical":"https:\/\/nck.krakow.pl\/kcc\/hair-story\/","og_locale":"pl_PL","og_type":"article","og_title":"HAIR STORY - Krakowskie Centrum Choreograficzne","og_description":"koncept, choreografia, wykonanie, tekst:&nbsp;Ana Szopadramaturgia, tekst:&nbsp;Marcin Mi\u0119tuskostiumy, scenografia:&nbsp;Marta Szypulskare\u017cyseria d\u017awi\u0119ku, muzyka:&nbsp;Dawid Tasvideo, re\u017cyseria \u015bwiate\u0142:&nbsp;Adam Zdu\u0144czykanimacja:&nbsp;Ernest Borowskirekwizyty:&nbsp;Kacper Mutkezdj\u0119cia:&nbsp;Antoni Jupiter Rych\u0142owskiprodukcja: Rezydencja KCC, Krakowskie Centrum Choreograficzne \u2013 Nowohuckie Centrum Kulturyprodukcja\/koprodukcja\/wsparcie:&nbsp;Teatr Dramatyczny w Warszawie Hair Story to rytualny, popkulturowy koncert, w kt\u00f3rego centrum mie\u015bci si\u0119 o\u0142tarz p\u0142on\u0105cych cia\u0142. To herstoria JEJ i jej wciele\u0144, minionych i obecnych. ONA [&hellip;]","og_url":"https:\/\/nck.krakow.pl\/kcc\/hair-story\/","og_site_name":"Krakowskie Centrum Choreograficzne","article_modified_time":"2024-01-22T12:16:32+00:00","og_image":[{"url":"https:\/\/nck.krakow.pl\/kcc\/wp-content\/uploads\/2024\/01\/HAIR_STORY_06_fot_klaudyna_schubert-1024x682.jpg"}],"twitter_card":"summary_large_image","twitter_misc":{"Est. reading time":"3 minuty"},"schema":{"@context":"https:\/\/schema.org","@graph":[{"@type":"WebPage","@id":"https:\/\/nck.krakow.pl\/kcc\/hair-story\/","url":"https:\/\/nck.krakow.pl\/kcc\/hair-story\/","name":"HAIR STORY - Krakowskie Centrum Choreograficzne","isPartOf":{"@id":"https:\/\/nck.krakow.pl\/kcc\/#website"},"datePublished":"2024-01-22T12:13:57+00:00","dateModified":"2024-01-22T12:16:32+00:00","breadcrumb":{"@id":"https:\/\/nck.krakow.pl\/kcc\/hair-story\/#breadcrumb"},"inLanguage":"pl-PL","potentialAction":[{"@type":"ReadAction","target":["https:\/\/nck.krakow.pl\/kcc\/hair-story\/"]}]},{"@type":"BreadcrumbList","@id":"https:\/\/nck.krakow.pl\/kcc\/hair-story\/#breadcrumb","itemListElement":[{"@type":"ListItem","position":1,"name":"Strona g\u0142\u00f3wna","item":"https:\/\/nck.krakow.pl\/kcc\/"},{"@type":"ListItem","position":2,"name":"HAIR STORY"}]},{"@type":"WebSite","@id":"https:\/\/nck.krakow.pl\/kcc\/#website","url":"https:\/\/nck.krakow.pl\/kcc\/","name":"Krakowskie Centrum Choreograficzne","description":"","publisher":{"@id":"https:\/\/nck.krakow.pl\/kcc\/#organization"},"potentialAction":[{"@type":"SearchAction","target":{"@type":"EntryPoint","urlTemplate":"https:\/\/nck.krakow.pl\/kcc\/?s={search_term_string}"},"query-input":"required name=search_term_string"}],"inLanguage":"pl-PL"},{"@type":"Organization","@id":"https:\/\/nck.krakow.pl\/kcc\/#organization","name":"Krakowskie Centrum Choreograficzne","url":"https:\/\/nck.krakow.pl\/kcc\/","logo":{"@type":"ImageObject","inLanguage":"pl-PL","@id":"https:\/\/nck.krakow.pl\/kcc\/#\/schema\/logo\/image\/","url":"https:\/\/nck.krakow.pl\/kcc\/wp-content\/uploads\/2020\/01\/cropped-logo-kcc-2020.png","contentUrl":"https:\/\/nck.krakow.pl\/kcc\/wp-content\/uploads\/2020\/01\/cropped-logo-kcc-2020.png","width":116,"height":55,"caption":"Krakowskie Centrum Choreograficzne"},"image":{"@id":"https:\/\/nck.krakow.pl\/kcc\/#\/schema\/logo\/image\/"}}]}},"_links":{"self":[{"href":"https:\/\/nck.krakow.pl\/kcc\/wp-json\/wp\/v2\/pages\/7323"}],"collection":[{"href":"https:\/\/nck.krakow.pl\/kcc\/wp-json\/wp\/v2\/pages"}],"about":[{"href":"https:\/\/nck.krakow.pl\/kcc\/wp-json\/wp\/v2\/types\/page"}],"author":[{"embeddable":true,"href":"https:\/\/nck.krakow.pl\/kcc\/wp-json\/wp\/v2\/users\/5"}],"replies":[{"embeddable":true,"href":"https:\/\/nck.krakow.pl\/kcc\/wp-json\/wp\/v2\/comments?post=7323"}],"version-history":[{"count":5,"href":"https:\/\/nck.krakow.pl\/kcc\/wp-json\/wp\/v2\/pages\/7323\/revisions"}],"predecessor-version":[{"id":7361,"href":"https:\/\/nck.krakow.pl\/kcc\/wp-json\/wp\/v2\/pages\/7323\/revisions\/7361"}],"wp:attachment":[{"href":"https:\/\/nck.krakow.pl\/kcc\/wp-json\/wp\/v2\/media?parent=7323"}],"curies":[{"name":"wp","href":"https:\/\/api.w.org\/{rel}","templated":true}]}}