{"id":7296,"date":"2024-01-03T14:42:30","date_gmt":"2024-01-03T14:42:30","guid":{"rendered":"https:\/\/nck.krakow.pl\/kcc\/?page_id=7296"},"modified":"2024-01-22T12:15:29","modified_gmt":"2024-01-22T12:15:29","slug":"ona_s","status":"publish","type":"page","link":"https:\/\/nck.krakow.pl\/kcc\/ona_s\/","title":{"rendered":"<strong>Ona_s<\/strong>"},"content":{"rendered":"\n<p><strong>Koncept, choreografia i wykonanie<\/strong>: Pamela Bosak, Agnieszka Ferenc<br><strong>Dramaturgia<\/strong>: Micha\u0142 Korda<br><strong>Re\u017cyseria \u015bwiate\u0142<\/strong>: Klaudia Kasperska<br><strong>Muzyka<\/strong>: Kamil Tuszy\u0144ski; Avicii, Sgt Slick \u2013 Street Dancer-Sgt Slick\u2019s Discotizer; Gimme More x Gimme Gimme Gimme (Remix Mashup) Britney Spears x Abba<br><strong>Kostiumy<\/strong>: Pamela Bosak, Agnieszka Ferenc<br><strong>Produkcja<\/strong>: Przestrzenie Sztuki Lublin<br><strong>Wsp\u00f3\u0142produkcja<\/strong>: Krakowskie Centrum Choreograficzne &#8211; Nowohuckie Centrum Kultury<br><strong>Premiera<\/strong>: 6.11.22 Centrum Kultury w Lublinie<\/p>\n\n\n\n<figure class=\"wp-block-embed is-type-video is-provider-youtube wp-block-embed-youtube wp-embed-aspect-16-9 wp-has-aspect-ratio\"><div class=\"wp-block-embed__wrapper\">\n<iframe loading=\"lazy\" title=\"Ona_s trailer\" width=\"768\" height=\"432\" src=\"https:\/\/www.youtube.com\/embed\/Jh0ZMD38-to?feature=oembed\" frameborder=\"0\" allow=\"accelerometer; autoplay; clipboard-write; encrypted-media; gyroscope; picture-in-picture; web-share\" allowfullscreen><\/iframe>\n<\/div><\/figure>\n\n\n\n<p>Ona_s to opowie\u015b\u0107 o nas, o naszych marzeniach, o naszym strachu i obawach. Chcemy eksplorowa\u0107, szuka\u0107, bawi\u0107 si\u0119 nowymi formami, transformowa\u0107 \u201eteledyskowy\u201d taniec, kt\u00f3ry ka\u017cda z nas ta\u0144czy dla siebie w pustym pokoju. Chcemy odwa\u017cy\u0107 si\u0119 m\u00f3wi\u0107 o sobie, za siebie, dla siebie, dla nas wszystkich. Chcemy podzi\u0119kowa\u0107 sobie, \u017ce nigdy nie zrezygnowa\u0142y\u015bmy.<\/p>\n\n\n\n<figure class=\"wp-block-gallery has-nested-images columns-2 is-cropped wp-block-gallery-1 is-layout-flex wp-block-gallery-is-layout-flex\">\n<figure class=\"wp-block-image size-large\"><img loading=\"lazy\" decoding=\"async\" width=\"1024\" height=\"682\" data-id=\"7300\" src=\"https:\/\/nck.krakow.pl\/kcc\/wp-content\/uploads\/2024\/01\/fot.-Piotr-Jaruga-1-1024x682.jpg\" alt=\"\" class=\"wp-image-7300\" srcset=\"https:\/\/nck.krakow.pl\/kcc\/wp-content\/uploads\/2024\/01\/fot.-Piotr-Jaruga-1-1024x682.jpg 1024w, https:\/\/nck.krakow.pl\/kcc\/wp-content\/uploads\/2024\/01\/fot.-Piotr-Jaruga-1-300x200.jpg 300w, https:\/\/nck.krakow.pl\/kcc\/wp-content\/uploads\/2024\/01\/fot.-Piotr-Jaruga-1-768x511.jpg 768w, https:\/\/nck.krakow.pl\/kcc\/wp-content\/uploads\/2024\/01\/fot.-Piotr-Jaruga-1-1536x1022.jpg 1536w, https:\/\/nck.krakow.pl\/kcc\/wp-content\/uploads\/2024\/01\/fot.-Piotr-Jaruga-1.jpg 2048w\" sizes=\"(max-width: 1024px) 100vw, 1024px\" \/><\/figure>\n\n\n\n<figure class=\"wp-block-image size-large\"><img loading=\"lazy\" decoding=\"async\" width=\"1024\" height=\"682\" data-id=\"7298\" src=\"https:\/\/nck.krakow.pl\/kcc\/wp-content\/uploads\/2024\/01\/fot.-Piotr-Jaruga-2-1024x682.jpg\" alt=\"\" class=\"wp-image-7298\" srcset=\"https:\/\/nck.krakow.pl\/kcc\/wp-content\/uploads\/2024\/01\/fot.-Piotr-Jaruga-2-1024x682.jpg 1024w, https:\/\/nck.krakow.pl\/kcc\/wp-content\/uploads\/2024\/01\/fot.-Piotr-Jaruga-2-300x200.jpg 300w, https:\/\/nck.krakow.pl\/kcc\/wp-content\/uploads\/2024\/01\/fot.-Piotr-Jaruga-2-768x511.jpg 768w, https:\/\/nck.krakow.pl\/kcc\/wp-content\/uploads\/2024\/01\/fot.-Piotr-Jaruga-2-1536x1022.jpg 1536w, https:\/\/nck.krakow.pl\/kcc\/wp-content\/uploads\/2024\/01\/fot.-Piotr-Jaruga-2.jpg 2048w\" sizes=\"(max-width: 1024px) 100vw, 1024px\" \/><\/figure>\n\n\n\n<figure class=\"wp-block-image size-large\"><img loading=\"lazy\" decoding=\"async\" width=\"1024\" height=\"682\" data-id=\"7297\" src=\"https:\/\/nck.krakow.pl\/kcc\/wp-content\/uploads\/2024\/01\/fot.-Piotr-Jaruga-7-1024x682.jpg\" alt=\"\" class=\"wp-image-7297\" srcset=\"https:\/\/nck.krakow.pl\/kcc\/wp-content\/uploads\/2024\/01\/fot.-Piotr-Jaruga-7-1024x682.jpg 1024w, https:\/\/nck.krakow.pl\/kcc\/wp-content\/uploads\/2024\/01\/fot.-Piotr-Jaruga-7-300x200.jpg 300w, https:\/\/nck.krakow.pl\/kcc\/wp-content\/uploads\/2024\/01\/fot.-Piotr-Jaruga-7-768x511.jpg 768w, https:\/\/nck.krakow.pl\/kcc\/wp-content\/uploads\/2024\/01\/fot.-Piotr-Jaruga-7-1536x1022.jpg 1536w, https:\/\/nck.krakow.pl\/kcc\/wp-content\/uploads\/2024\/01\/fot.-Piotr-Jaruga-7.jpg 2048w\" sizes=\"(max-width: 1024px) 100vw, 1024px\" \/><\/figure>\n\n\n\n<figure class=\"wp-block-image size-large\"><img loading=\"lazy\" decoding=\"async\" width=\"1024\" height=\"682\" data-id=\"7299\" src=\"https:\/\/nck.krakow.pl\/kcc\/wp-content\/uploads\/2024\/01\/premiera-ona_s-pamela-bosak-agnieszka-ferenc-fot.-piotr-jaruga-5-1024x682.jpg\" alt=\"\" class=\"wp-image-7299\" srcset=\"https:\/\/nck.krakow.pl\/kcc\/wp-content\/uploads\/2024\/01\/premiera-ona_s-pamela-bosak-agnieszka-ferenc-fot.-piotr-jaruga-5-1024x682.jpg 1024w, https:\/\/nck.krakow.pl\/kcc\/wp-content\/uploads\/2024\/01\/premiera-ona_s-pamela-bosak-agnieszka-ferenc-fot.-piotr-jaruga-5-300x200.jpg 300w, https:\/\/nck.krakow.pl\/kcc\/wp-content\/uploads\/2024\/01\/premiera-ona_s-pamela-bosak-agnieszka-ferenc-fot.-piotr-jaruga-5-768x511.jpg 768w, https:\/\/nck.krakow.pl\/kcc\/wp-content\/uploads\/2024\/01\/premiera-ona_s-pamela-bosak-agnieszka-ferenc-fot.-piotr-jaruga-5-1536x1022.jpg 1536w, https:\/\/nck.krakow.pl\/kcc\/wp-content\/uploads\/2024\/01\/premiera-ona_s-pamela-bosak-agnieszka-ferenc-fot.-piotr-jaruga-5.jpg 2048w\" sizes=\"(max-width: 1024px) 100vw, 1024px\" \/><\/figure>\n<\/figure>\n\n\n\n<div style=\"height:30px\" aria-hidden=\"true\" class=\"wp-block-spacer\"><\/div>\n\n\n\n<figure class=\"wp-block-embed is-type-video is-provider-youtube wp-block-embed-youtube wp-embed-aspect-16-9 wp-has-aspect-ratio\"><div class=\"wp-block-embed__wrapper\">\n<iframe loading=\"lazy\" title=\"Ona_s teaser\" width=\"768\" height=\"432\" src=\"https:\/\/www.youtube.com\/embed\/wEfdtxc07-c?feature=oembed\" frameborder=\"0\" allow=\"accelerometer; autoplay; clipboard-write; encrypted-media; gyroscope; picture-in-picture; web-share\" allowfullscreen><\/iframe>\n<\/div><\/figure>\n\n\n\n<p>Spektakl zrealizowano w ramach Programu Przestrzenie Sztuki. Program Przestrzenie Sztuki jest finansowany ze \u015brodk\u00f3w Ministra Kultury i Dziedzictwa Narodowego, realizowany przez Narodowy Instytut Muzyki i Ta\u0144ca oraz Instytut Teatralny im. Zbigniewa Raszewskiego. Lokalnym operatorem projektu jest Centrum Kultury w Lublinie.<\/p>\n\n\n\n<p>Projekt powsta\u0142 przy wsparciu Funduszu Popierania Tw\u00f3rczo\u015bci Stowarzyszenia Autor\u00f3w ZAiKS.<\/p>\n\n\n\n<p>Fot. Piotr Jaruga<\/p>\n","protected":false},"excerpt":{"rendered":"<p>Koncept, choreografia i wykonanie: Pamela Bosak, Agnieszka FerencDramaturgia: Micha\u0142 KordaRe\u017cyseria \u015bwiate\u0142: Klaudia KasperskaMuzyka: Kamil Tuszy\u0144ski; Avicii, Sgt Slick \u2013 Street Dancer-Sgt Slick\u2019s Discotizer; Gimme More x Gimme Gimme Gimme (Remix Mashup) Britney Spears x AbbaKostiumy: Pamela Bosak, Agnieszka FerencProdukcja: Przestrzenie Sztuki LublinWsp\u00f3\u0142produkcja: Krakowskie Centrum Choreograficzne &#8211; Nowohuckie Centrum KulturyPremiera: 6.11.22 Centrum Kultury w Lublinie Ona_s [&hellip;]<\/p>\n","protected":false},"author":5,"featured_media":0,"parent":0,"menu_order":0,"comment_status":"closed","ping_status":"closed","template":"","meta":{"footnotes":""},"class_list":["post-7296","page","type-page","status-publish","hentry"],"yoast_head":"<!-- This site is optimized with the Yoast SEO plugin v19.12 - https:\/\/yoast.com\/wordpress\/plugins\/seo\/ -->\n<title>Ona_s - Krakowskie Centrum Choreograficzne<\/title>\n<meta name=\"robots\" content=\"index, follow, max-snippet:-1, max-image-preview:large, max-video-preview:-1\" \/>\n<link rel=\"canonical\" href=\"https:\/\/nck.krakow.pl\/kcc\/ona_s\/\" \/>\n<meta property=\"og:locale\" content=\"pl_PL\" \/>\n<meta property=\"og:type\" content=\"article\" \/>\n<meta property=\"og:title\" content=\"Ona_s - Krakowskie Centrum Choreograficzne\" \/>\n<meta property=\"og:description\" content=\"Koncept, choreografia i wykonanie: Pamela Bosak, Agnieszka FerencDramaturgia: Micha\u0142 KordaRe\u017cyseria \u015bwiate\u0142: Klaudia KasperskaMuzyka: Kamil Tuszy\u0144ski; Avicii, Sgt Slick \u2013 Street Dancer-Sgt Slick\u2019s Discotizer; Gimme More x Gimme Gimme Gimme (Remix Mashup) Britney Spears x AbbaKostiumy: Pamela Bosak, Agnieszka FerencProdukcja: Przestrzenie Sztuki LublinWsp\u00f3\u0142produkcja: Krakowskie Centrum Choreograficzne &#8211; Nowohuckie Centrum KulturyPremiera: 6.11.22 Centrum Kultury w Lublinie Ona_s [&hellip;]\" \/>\n<meta property=\"og:url\" content=\"https:\/\/nck.krakow.pl\/kcc\/ona_s\/\" \/>\n<meta property=\"og:site_name\" content=\"Krakowskie Centrum Choreograficzne\" \/>\n<meta property=\"article:modified_time\" content=\"2024-01-22T12:15:29+00:00\" \/>\n<meta property=\"og:image\" content=\"https:\/\/nck.krakow.pl\/kcc\/wp-content\/uploads\/2024\/01\/fot.-Piotr-Jaruga-1-1024x682.jpg\" \/>\n<meta name=\"twitter:card\" content=\"summary_large_image\" \/>\n<meta name=\"twitter:label1\" content=\"Est. reading time\" \/>\n\t<meta name=\"twitter:data1\" content=\"2 minuty\" \/>\n<script type=\"application\/ld+json\" class=\"yoast-schema-graph\">{\"@context\":\"https:\/\/schema.org\",\"@graph\":[{\"@type\":\"WebPage\",\"@id\":\"https:\/\/nck.krakow.pl\/kcc\/ona_s\/\",\"url\":\"https:\/\/nck.krakow.pl\/kcc\/ona_s\/\",\"name\":\"Ona_s - Krakowskie Centrum Choreograficzne\",\"isPartOf\":{\"@id\":\"https:\/\/nck.krakow.pl\/kcc\/#website\"},\"datePublished\":\"2024-01-03T14:42:30+00:00\",\"dateModified\":\"2024-01-22T12:15:29+00:00\",\"breadcrumb\":{\"@id\":\"https:\/\/nck.krakow.pl\/kcc\/ona_s\/#breadcrumb\"},\"inLanguage\":\"pl-PL\",\"potentialAction\":[{\"@type\":\"ReadAction\",\"target\":[\"https:\/\/nck.krakow.pl\/kcc\/ona_s\/\"]}]},{\"@type\":\"BreadcrumbList\",\"@id\":\"https:\/\/nck.krakow.pl\/kcc\/ona_s\/#breadcrumb\",\"itemListElement\":[{\"@type\":\"ListItem\",\"position\":1,\"name\":\"Strona g\u0142\u00f3wna\",\"item\":\"https:\/\/nck.krakow.pl\/kcc\/\"},{\"@type\":\"ListItem\",\"position\":2,\"name\":\"Ona_s\"}]},{\"@type\":\"WebSite\",\"@id\":\"https:\/\/nck.krakow.pl\/kcc\/#website\",\"url\":\"https:\/\/nck.krakow.pl\/kcc\/\",\"name\":\"Krakowskie Centrum Choreograficzne\",\"description\":\"\",\"publisher\":{\"@id\":\"https:\/\/nck.krakow.pl\/kcc\/#organization\"},\"potentialAction\":[{\"@type\":\"SearchAction\",\"target\":{\"@type\":\"EntryPoint\",\"urlTemplate\":\"https:\/\/nck.krakow.pl\/kcc\/?s={search_term_string}\"},\"query-input\":\"required name=search_term_string\"}],\"inLanguage\":\"pl-PL\"},{\"@type\":\"Organization\",\"@id\":\"https:\/\/nck.krakow.pl\/kcc\/#organization\",\"name\":\"Krakowskie Centrum Choreograficzne\",\"url\":\"https:\/\/nck.krakow.pl\/kcc\/\",\"logo\":{\"@type\":\"ImageObject\",\"inLanguage\":\"pl-PL\",\"@id\":\"https:\/\/nck.krakow.pl\/kcc\/#\/schema\/logo\/image\/\",\"url\":\"https:\/\/nck.krakow.pl\/kcc\/wp-content\/uploads\/2020\/01\/cropped-logo-kcc-2020.png\",\"contentUrl\":\"https:\/\/nck.krakow.pl\/kcc\/wp-content\/uploads\/2020\/01\/cropped-logo-kcc-2020.png\",\"width\":116,\"height\":55,\"caption\":\"Krakowskie Centrum Choreograficzne\"},\"image\":{\"@id\":\"https:\/\/nck.krakow.pl\/kcc\/#\/schema\/logo\/image\/\"}}]}<\/script>\n<!-- \/ Yoast SEO plugin. -->","yoast_head_json":{"title":"Ona_s - Krakowskie Centrum Choreograficzne","robots":{"index":"index","follow":"follow","max-snippet":"max-snippet:-1","max-image-preview":"max-image-preview:large","max-video-preview":"max-video-preview:-1"},"canonical":"https:\/\/nck.krakow.pl\/kcc\/ona_s\/","og_locale":"pl_PL","og_type":"article","og_title":"Ona_s - Krakowskie Centrum Choreograficzne","og_description":"Koncept, choreografia i wykonanie: Pamela Bosak, Agnieszka FerencDramaturgia: Micha\u0142 KordaRe\u017cyseria \u015bwiate\u0142: Klaudia KasperskaMuzyka: Kamil Tuszy\u0144ski; Avicii, Sgt Slick \u2013 Street Dancer-Sgt Slick\u2019s Discotizer; Gimme More x Gimme Gimme Gimme (Remix Mashup) Britney Spears x AbbaKostiumy: Pamela Bosak, Agnieszka FerencProdukcja: Przestrzenie Sztuki LublinWsp\u00f3\u0142produkcja: Krakowskie Centrum Choreograficzne &#8211; Nowohuckie Centrum KulturyPremiera: 6.11.22 Centrum Kultury w Lublinie Ona_s [&hellip;]","og_url":"https:\/\/nck.krakow.pl\/kcc\/ona_s\/","og_site_name":"Krakowskie Centrum Choreograficzne","article_modified_time":"2024-01-22T12:15:29+00:00","og_image":[{"url":"https:\/\/nck.krakow.pl\/kcc\/wp-content\/uploads\/2024\/01\/fot.-Piotr-Jaruga-1-1024x682.jpg"}],"twitter_card":"summary_large_image","twitter_misc":{"Est. reading time":"2 minuty"},"schema":{"@context":"https:\/\/schema.org","@graph":[{"@type":"WebPage","@id":"https:\/\/nck.krakow.pl\/kcc\/ona_s\/","url":"https:\/\/nck.krakow.pl\/kcc\/ona_s\/","name":"Ona_s - Krakowskie Centrum Choreograficzne","isPartOf":{"@id":"https:\/\/nck.krakow.pl\/kcc\/#website"},"datePublished":"2024-01-03T14:42:30+00:00","dateModified":"2024-01-22T12:15:29+00:00","breadcrumb":{"@id":"https:\/\/nck.krakow.pl\/kcc\/ona_s\/#breadcrumb"},"inLanguage":"pl-PL","potentialAction":[{"@type":"ReadAction","target":["https:\/\/nck.krakow.pl\/kcc\/ona_s\/"]}]},{"@type":"BreadcrumbList","@id":"https:\/\/nck.krakow.pl\/kcc\/ona_s\/#breadcrumb","itemListElement":[{"@type":"ListItem","position":1,"name":"Strona g\u0142\u00f3wna","item":"https:\/\/nck.krakow.pl\/kcc\/"},{"@type":"ListItem","position":2,"name":"Ona_s"}]},{"@type":"WebSite","@id":"https:\/\/nck.krakow.pl\/kcc\/#website","url":"https:\/\/nck.krakow.pl\/kcc\/","name":"Krakowskie Centrum Choreograficzne","description":"","publisher":{"@id":"https:\/\/nck.krakow.pl\/kcc\/#organization"},"potentialAction":[{"@type":"SearchAction","target":{"@type":"EntryPoint","urlTemplate":"https:\/\/nck.krakow.pl\/kcc\/?s={search_term_string}"},"query-input":"required name=search_term_string"}],"inLanguage":"pl-PL"},{"@type":"Organization","@id":"https:\/\/nck.krakow.pl\/kcc\/#organization","name":"Krakowskie Centrum Choreograficzne","url":"https:\/\/nck.krakow.pl\/kcc\/","logo":{"@type":"ImageObject","inLanguage":"pl-PL","@id":"https:\/\/nck.krakow.pl\/kcc\/#\/schema\/logo\/image\/","url":"https:\/\/nck.krakow.pl\/kcc\/wp-content\/uploads\/2020\/01\/cropped-logo-kcc-2020.png","contentUrl":"https:\/\/nck.krakow.pl\/kcc\/wp-content\/uploads\/2020\/01\/cropped-logo-kcc-2020.png","width":116,"height":55,"caption":"Krakowskie Centrum Choreograficzne"},"image":{"@id":"https:\/\/nck.krakow.pl\/kcc\/#\/schema\/logo\/image\/"}}]}},"_links":{"self":[{"href":"https:\/\/nck.krakow.pl\/kcc\/wp-json\/wp\/v2\/pages\/7296"}],"collection":[{"href":"https:\/\/nck.krakow.pl\/kcc\/wp-json\/wp\/v2\/pages"}],"about":[{"href":"https:\/\/nck.krakow.pl\/kcc\/wp-json\/wp\/v2\/types\/page"}],"author":[{"embeddable":true,"href":"https:\/\/nck.krakow.pl\/kcc\/wp-json\/wp\/v2\/users\/5"}],"replies":[{"embeddable":true,"href":"https:\/\/nck.krakow.pl\/kcc\/wp-json\/wp\/v2\/comments?post=7296"}],"version-history":[{"count":3,"href":"https:\/\/nck.krakow.pl\/kcc\/wp-json\/wp\/v2\/pages\/7296\/revisions"}],"predecessor-version":[{"id":7303,"href":"https:\/\/nck.krakow.pl\/kcc\/wp-json\/wp\/v2\/pages\/7296\/revisions\/7303"}],"wp:attachment":[{"href":"https:\/\/nck.krakow.pl\/kcc\/wp-json\/wp\/v2\/media?parent=7296"}],"curies":[{"name":"wp","href":"https:\/\/api.w.org\/{rel}","templated":true}]}}