{"id":6575,"date":"2022-12-15T14:24:33","date_gmt":"2022-12-15T14:24:33","guid":{"rendered":"https:\/\/nck.krakow.pl\/kcc\/?page_id=6575"},"modified":"2023-04-25T12:52:34","modified_gmt":"2023-04-25T12:52:34","slug":"guppy-13","status":"publish","type":"page","link":"https:\/\/nck.krakow.pl\/kcc\/guppy-13\/","title":{"rendered":"Guppy 13"},"content":{"rendered":"\n<figure class=\"wp-block-image size-large\"><img loading=\"lazy\" decoding=\"async\" width=\"1024\" height=\"683\" src=\"https:\/\/nck.krakow.pl\/kcc\/wp-content\/uploads\/2022\/12\/wyrozniajace-1-1-1024x683.jpg\" alt=\"\" class=\"wp-image-6581\" srcset=\"https:\/\/nck.krakow.pl\/kcc\/wp-content\/uploads\/2022\/12\/wyrozniajace-1-1-1024x683.jpg 1024w, https:\/\/nck.krakow.pl\/kcc\/wp-content\/uploads\/2022\/12\/wyrozniajace-1-1-300x200.jpg 300w, https:\/\/nck.krakow.pl\/kcc\/wp-content\/uploads\/2022\/12\/wyrozniajace-1-1-768x512.jpg 768w, https:\/\/nck.krakow.pl\/kcc\/wp-content\/uploads\/2022\/12\/wyrozniajace-1-1-1536x1024.jpg 1536w, https:\/\/nck.krakow.pl\/kcc\/wp-content\/uploads\/2022\/12\/wyrozniajace-1-1-2048x1366.jpg 2048w\" sizes=\"(max-width: 1024px) 100vw, 1024px\" \/><\/figure>\n\n\n\n<div style=\"height:30px\" aria-hidden=\"true\" class=\"wp-block-spacer\"><\/div>\n\n\n\n<h2 class=\"wp-block-heading\">Guppy 13<\/h2>\n\n\n\n<p><strong>Re\u017cyseria:<\/strong> Wojtek Klimczyk<br><strong>Choreografia:<\/strong> Marta Wo\u0142owiec<br><strong>Wyst\u0119puj\u0105:<\/strong> Marta Wo\u0142owiec, Wojtek Klimczyk, Filip Kogut<br><strong>Muzyka: <\/strong>Black Black Rooster (Wojtek Klimczyk &amp; Filip Kogut)<br><strong>\u015awiat\u0142o &amp; projekcje: <\/strong>Klaudyna Schubert<br><strong>Produkcja: <\/strong>Krakowskie Centrum Choreograficzne &#8211; Nowohuckie Centrum Kultury<br><b style=\"font-size: revert; color: initial;\">Premiera: <\/b><span style=\"font-size: revert; color: initial;\">6.08.2022 r. Krakowski Festiwal Ta\u0144ca<\/span> <\/p>\n\n\n\n<p><strong>Czas trwania:<\/strong> 90 min<\/p>\n\n\n\n<p>Mo\u017ce warto wyruszy\u0107 na morze? Mo\u017ce morze ukoi\u0107 l\u0119k mo\u017ce? Oto pytania, kt\u00f3re zadaj\u0105 sobie tw\u00f3rcy przedstawienia Guppy 13, skleconego do\u015b\u0107 nieporadnie quasi-musicalu zainspirowanego histori\u0105 i tw\u00f3rczo\u015bci\u0105 Jana Basa Adera, holenderskiego artysty uwiedzionego przez American Dream. Yvonne Rainer podkre\u015bla\u0142a, \u017ce umys\u0142 jest mi\u0119\u015bniem. Jest nim te\u017c serce, dodaj\u0105 tw\u00f3rcy. Guppy 13 to pr\u00f3ba zbadania atletyki serca w kontek\u015bcie \u017cywio\u0142u wody poddanego procesowi udomowienia. Ruchowo-muzyczny rejs, w kt\u00f3ry wyruszaj\u0105 bohaterowie przedstawienia, jest przygod\u0105 \u017ceglowania pomi\u0119dzy \u017cyciem a \u015bmierci\u0105, portem a sztormem, ziemi\u0105 i niebem. Przygoda, jak wiadomo, wzywa, wi\u0119c trzeba mie\u0107 uszy szeroko otwarte. \u017begluj, braciszku, \u017cegluj, siostrzyczko. Ahoj!&nbsp;<\/p>\n\n\n\n<figure class=\"wp-block-gallery has-nested-images columns-default is-cropped wp-block-gallery-1 is-layout-flex wp-block-gallery-is-layout-flex\">\n<figure class=\"wp-block-image size-large\"><a href=\"https:\/\/nck.krakow.pl\/kcc\/wp-content\/uploads\/2022\/12\/DSC8450_fot_klaudyna_schubert.jpg\"><img loading=\"lazy\" decoding=\"async\" width=\"683\" height=\"1024\" data-id=\"6576\" src=\"https:\/\/nck.krakow.pl\/kcc\/wp-content\/uploads\/2022\/12\/DSC8450_fot_klaudyna_schubert-683x1024.jpg\" alt=\"\" class=\"wp-image-6576\" srcset=\"https:\/\/nck.krakow.pl\/kcc\/wp-content\/uploads\/2022\/12\/DSC8450_fot_klaudyna_schubert-683x1024.jpg 683w, https:\/\/nck.krakow.pl\/kcc\/wp-content\/uploads\/2022\/12\/DSC8450_fot_klaudyna_schubert-200x300.jpg 200w, https:\/\/nck.krakow.pl\/kcc\/wp-content\/uploads\/2022\/12\/DSC8450_fot_klaudyna_schubert-768x1152.jpg 768w, https:\/\/nck.krakow.pl\/kcc\/wp-content\/uploads\/2022\/12\/DSC8450_fot_klaudyna_schubert-1024x1536.jpg 1024w, https:\/\/nck.krakow.pl\/kcc\/wp-content\/uploads\/2022\/12\/DSC8450_fot_klaudyna_schubert-1366x2048.jpg 1366w, https:\/\/nck.krakow.pl\/kcc\/wp-content\/uploads\/2022\/12\/DSC8450_fot_klaudyna_schubert.jpg 1667w\" sizes=\"(max-width: 683px) 100vw, 683px\" \/><\/a><\/figure>\n\n\n\n<figure class=\"wp-block-image size-large\"><a href=\"https:\/\/nck.krakow.pl\/kcc\/wp-content\/uploads\/2022\/12\/DSC8661_fot_klaudyna_schubert.jpg\"><img loading=\"lazy\" decoding=\"async\" width=\"683\" height=\"1024\" data-id=\"6577\" src=\"https:\/\/nck.krakow.pl\/kcc\/wp-content\/uploads\/2022\/12\/DSC8661_fot_klaudyna_schubert-683x1024.jpg\" alt=\"\" class=\"wp-image-6577\" srcset=\"https:\/\/nck.krakow.pl\/kcc\/wp-content\/uploads\/2022\/12\/DSC8661_fot_klaudyna_schubert-683x1024.jpg 683w, https:\/\/nck.krakow.pl\/kcc\/wp-content\/uploads\/2022\/12\/DSC8661_fot_klaudyna_schubert-200x300.jpg 200w, https:\/\/nck.krakow.pl\/kcc\/wp-content\/uploads\/2022\/12\/DSC8661_fot_klaudyna_schubert-768x1152.jpg 768w, https:\/\/nck.krakow.pl\/kcc\/wp-content\/uploads\/2022\/12\/DSC8661_fot_klaudyna_schubert-1024x1536.jpg 1024w, https:\/\/nck.krakow.pl\/kcc\/wp-content\/uploads\/2022\/12\/DSC8661_fot_klaudyna_schubert-1366x2048.jpg 1366w, https:\/\/nck.krakow.pl\/kcc\/wp-content\/uploads\/2022\/12\/DSC8661_fot_klaudyna_schubert.jpg 1667w\" sizes=\"(max-width: 683px) 100vw, 683px\" \/><\/a><\/figure>\n\n\n\n<figure class=\"wp-block-image size-large\"><a href=\"https:\/\/nck.krakow.pl\/kcc\/wp-content\/uploads\/2022\/12\/DSC8653_fot_klaudyna_schubert.jpg\"><img loading=\"lazy\" decoding=\"async\" width=\"683\" height=\"1024\" data-id=\"6578\" src=\"https:\/\/nck.krakow.pl\/kcc\/wp-content\/uploads\/2022\/12\/DSC8653_fot_klaudyna_schubert-683x1024.jpg\" alt=\"\" class=\"wp-image-6578\" srcset=\"https:\/\/nck.krakow.pl\/kcc\/wp-content\/uploads\/2022\/12\/DSC8653_fot_klaudyna_schubert-683x1024.jpg 683w, https:\/\/nck.krakow.pl\/kcc\/wp-content\/uploads\/2022\/12\/DSC8653_fot_klaudyna_schubert-200x300.jpg 200w, https:\/\/nck.krakow.pl\/kcc\/wp-content\/uploads\/2022\/12\/DSC8653_fot_klaudyna_schubert-768x1152.jpg 768w, https:\/\/nck.krakow.pl\/kcc\/wp-content\/uploads\/2022\/12\/DSC8653_fot_klaudyna_schubert-1024x1536.jpg 1024w, https:\/\/nck.krakow.pl\/kcc\/wp-content\/uploads\/2022\/12\/DSC8653_fot_klaudyna_schubert-1366x2048.jpg 1366w, https:\/\/nck.krakow.pl\/kcc\/wp-content\/uploads\/2022\/12\/DSC8653_fot_klaudyna_schubert.jpg 1667w\" sizes=\"(max-width: 683px) 100vw, 683px\" \/><\/a><\/figure>\n\n\n\n<figure class=\"wp-block-image size-large\"><a href=\"https:\/\/nck.krakow.pl\/kcc\/wp-content\/uploads\/2022\/12\/DSC8751_fot_klaudyna_schubert-3.jpg\"><img loading=\"lazy\" decoding=\"async\" width=\"683\" height=\"1024\" data-id=\"6579\" src=\"https:\/\/nck.krakow.pl\/kcc\/wp-content\/uploads\/2022\/12\/DSC8751_fot_klaudyna_schubert-3-683x1024.jpg\" alt=\"\" class=\"wp-image-6579\" srcset=\"https:\/\/nck.krakow.pl\/kcc\/wp-content\/uploads\/2022\/12\/DSC8751_fot_klaudyna_schubert-3-683x1024.jpg 683w, https:\/\/nck.krakow.pl\/kcc\/wp-content\/uploads\/2022\/12\/DSC8751_fot_klaudyna_schubert-3-200x300.jpg 200w, https:\/\/nck.krakow.pl\/kcc\/wp-content\/uploads\/2022\/12\/DSC8751_fot_klaudyna_schubert-3-768x1152.jpg 768w, https:\/\/nck.krakow.pl\/kcc\/wp-content\/uploads\/2022\/12\/DSC8751_fot_klaudyna_schubert-3-1024x1536.jpg 1024w, https:\/\/nck.krakow.pl\/kcc\/wp-content\/uploads\/2022\/12\/DSC8751_fot_klaudyna_schubert-3-1366x2048.jpg 1366w, https:\/\/nck.krakow.pl\/kcc\/wp-content\/uploads\/2022\/12\/DSC8751_fot_klaudyna_schubert-3.jpg 1667w\" sizes=\"(max-width: 683px) 100vw, 683px\" \/><\/a><\/figure>\n<\/figure>\n\n\n\n<p>Fot. Klaudyna Schubert<\/p>\n\n\n\n<blockquote class=\"wp-block-quote is-layout-flow wp-block-quote-is-layout-flow\">\n<p><em>Ciekawy spos\u00f3b na stematyzowanie czasu wypracowano w spektaklu&nbsp;Guppy 13&nbsp;(chor. Marta Wo\u0142owiec, re\u017c. Wojtek Klimczyk). Ruch jest tu straszliwie\u2026 przyt\u0142aczaj\u0105co\u2026 niezwykle\u2026 powolny\u2026 a zarazem\u2026 tak sugestywny\u2026 \u017ce nie spos\u00f3b\u2026 nie ulec\u2026 jego\u2026 wci\u0105gaj\u0105cej\u2026 sile\u2026&nbsp;(\u2026) &nbsp;Igranie z nawykami percepcyjnymi publiczno\u015bci, mog\u0105cej postrzega\u0107 slow motion jako wst\u0119p i spodziewa\u0107 si\u0119 efektownej zmiany w trakcie spektaklu, to ryzyko, kt\u00f3re si\u0119 op\u0142aci\u0142o. \u0141agodne tempo uspokaja my\u015bli, otwieraj\u0105c je na nie\u0142atwy temat \u015bmierci i propozycj\u0119 niel\u0119kowego, akceptacyjnego spojrzenia na ni\u0105.<\/em> <br>Hanna Raszewska-Kursa<em>,&nbsp;<\/em><a href=\"https:\/\/nck.krakow.pl\/kcc\/blog\/afirmacja-i-apele-relacja-hanny-raszewskiej-kursy-z-2-edycji-krakowskiego-festiwalu-tanca\/\"><em>Afirmacja i apele \u2013 relacja z 2. edycji Krakowskiego Festiwalu Ta\u0144ca<\/em><\/a><\/p>\n<\/blockquote>\n","protected":false},"excerpt":{"rendered":"<p>Guppy 13 Re\u017cyseria: Wojtek KlimczykChoreografia: Marta Wo\u0142owiecWyst\u0119puj\u0105: Marta Wo\u0142owiec, Wojtek Klimczyk, Filip KogutMuzyka: Black Black Rooster (Wojtek Klimczyk &amp; Filip Kogut)\u015awiat\u0142o &amp; projekcje: Klaudyna SchubertProdukcja: Krakowskie Centrum Choreograficzne &#8211; Nowohuckie Centrum KulturyPremiera: 6.08.2022 r. Krakowski Festiwal Ta\u0144ca Czas trwania: 90 min Mo\u017ce warto wyruszy\u0107 na morze? Mo\u017ce morze ukoi\u0107 l\u0119k mo\u017ce? Oto pytania, kt\u00f3re zadaj\u0105 [&hellip;]<\/p>\n","protected":false},"author":5,"featured_media":0,"parent":0,"menu_order":0,"comment_status":"closed","ping_status":"closed","template":"","meta":{"footnotes":""},"class_list":["post-6575","page","type-page","status-publish","hentry"],"yoast_head":"<!-- This site is optimized with the Yoast SEO plugin v19.12 - https:\/\/yoast.com\/wordpress\/plugins\/seo\/ -->\n<title>Guppy 13 - Krakowskie Centrum Choreograficzne<\/title>\n<meta name=\"robots\" content=\"index, follow, max-snippet:-1, max-image-preview:large, max-video-preview:-1\" \/>\n<link rel=\"canonical\" href=\"https:\/\/nck.krakow.pl\/kcc\/guppy-13\/\" \/>\n<meta property=\"og:locale\" content=\"pl_PL\" \/>\n<meta property=\"og:type\" content=\"article\" \/>\n<meta property=\"og:title\" content=\"Guppy 13 - Krakowskie Centrum Choreograficzne\" \/>\n<meta property=\"og:description\" content=\"Guppy 13 Re\u017cyseria: Wojtek KlimczykChoreografia: Marta Wo\u0142owiecWyst\u0119puj\u0105: Marta Wo\u0142owiec, Wojtek Klimczyk, Filip KogutMuzyka: Black Black Rooster (Wojtek Klimczyk &amp; Filip Kogut)\u015awiat\u0142o &amp; projekcje: Klaudyna SchubertProdukcja: Krakowskie Centrum Choreograficzne &#8211; Nowohuckie Centrum KulturyPremiera: 6.08.2022 r. Krakowski Festiwal Ta\u0144ca Czas trwania: 90 min Mo\u017ce warto wyruszy\u0107 na morze? Mo\u017ce morze ukoi\u0107 l\u0119k mo\u017ce? Oto pytania, kt\u00f3re zadaj\u0105 [&hellip;]\" \/>\n<meta property=\"og:url\" content=\"https:\/\/nck.krakow.pl\/kcc\/guppy-13\/\" \/>\n<meta property=\"og:site_name\" content=\"Krakowskie Centrum Choreograficzne\" \/>\n<meta property=\"article:modified_time\" content=\"2023-04-25T12:52:34+00:00\" \/>\n<meta property=\"og:image\" content=\"https:\/\/nck.krakow.pl\/kcc\/wp-content\/uploads\/2022\/12\/wyrozniajace-1-1-1024x683.jpg\" \/>\n<meta name=\"twitter:card\" content=\"summary_large_image\" \/>\n<meta name=\"twitter:label1\" content=\"Est. reading time\" \/>\n\t<meta name=\"twitter:data1\" content=\"3 minuty\" \/>\n<script type=\"application\/ld+json\" class=\"yoast-schema-graph\">{\"@context\":\"https:\/\/schema.org\",\"@graph\":[{\"@type\":\"WebPage\",\"@id\":\"https:\/\/nck.krakow.pl\/kcc\/guppy-13\/\",\"url\":\"https:\/\/nck.krakow.pl\/kcc\/guppy-13\/\",\"name\":\"Guppy 13 - Krakowskie Centrum Choreograficzne\",\"isPartOf\":{\"@id\":\"https:\/\/nck.krakow.pl\/kcc\/#website\"},\"datePublished\":\"2022-12-15T14:24:33+00:00\",\"dateModified\":\"2023-04-25T12:52:34+00:00\",\"breadcrumb\":{\"@id\":\"https:\/\/nck.krakow.pl\/kcc\/guppy-13\/#breadcrumb\"},\"inLanguage\":\"pl-PL\",\"potentialAction\":[{\"@type\":\"ReadAction\",\"target\":[\"https:\/\/nck.krakow.pl\/kcc\/guppy-13\/\"]}]},{\"@type\":\"BreadcrumbList\",\"@id\":\"https:\/\/nck.krakow.pl\/kcc\/guppy-13\/#breadcrumb\",\"itemListElement\":[{\"@type\":\"ListItem\",\"position\":1,\"name\":\"Strona g\u0142\u00f3wna\",\"item\":\"https:\/\/nck.krakow.pl\/kcc\/\"},{\"@type\":\"ListItem\",\"position\":2,\"name\":\"Guppy 13\"}]},{\"@type\":\"WebSite\",\"@id\":\"https:\/\/nck.krakow.pl\/kcc\/#website\",\"url\":\"https:\/\/nck.krakow.pl\/kcc\/\",\"name\":\"Krakowskie Centrum Choreograficzne\",\"description\":\"\",\"publisher\":{\"@id\":\"https:\/\/nck.krakow.pl\/kcc\/#organization\"},\"potentialAction\":[{\"@type\":\"SearchAction\",\"target\":{\"@type\":\"EntryPoint\",\"urlTemplate\":\"https:\/\/nck.krakow.pl\/kcc\/?s={search_term_string}\"},\"query-input\":\"required name=search_term_string\"}],\"inLanguage\":\"pl-PL\"},{\"@type\":\"Organization\",\"@id\":\"https:\/\/nck.krakow.pl\/kcc\/#organization\",\"name\":\"Krakowskie Centrum Choreograficzne\",\"url\":\"https:\/\/nck.krakow.pl\/kcc\/\",\"logo\":{\"@type\":\"ImageObject\",\"inLanguage\":\"pl-PL\",\"@id\":\"https:\/\/nck.krakow.pl\/kcc\/#\/schema\/logo\/image\/\",\"url\":\"https:\/\/nck.krakow.pl\/kcc\/wp-content\/uploads\/2020\/01\/cropped-logo-kcc-2020.png\",\"contentUrl\":\"https:\/\/nck.krakow.pl\/kcc\/wp-content\/uploads\/2020\/01\/cropped-logo-kcc-2020.png\",\"width\":116,\"height\":55,\"caption\":\"Krakowskie Centrum Choreograficzne\"},\"image\":{\"@id\":\"https:\/\/nck.krakow.pl\/kcc\/#\/schema\/logo\/image\/\"}}]}<\/script>\n<!-- \/ Yoast SEO plugin. -->","yoast_head_json":{"title":"Guppy 13 - Krakowskie Centrum Choreograficzne","robots":{"index":"index","follow":"follow","max-snippet":"max-snippet:-1","max-image-preview":"max-image-preview:large","max-video-preview":"max-video-preview:-1"},"canonical":"https:\/\/nck.krakow.pl\/kcc\/guppy-13\/","og_locale":"pl_PL","og_type":"article","og_title":"Guppy 13 - Krakowskie Centrum Choreograficzne","og_description":"Guppy 13 Re\u017cyseria: Wojtek KlimczykChoreografia: Marta Wo\u0142owiecWyst\u0119puj\u0105: Marta Wo\u0142owiec, Wojtek Klimczyk, Filip KogutMuzyka: Black Black Rooster (Wojtek Klimczyk &amp; Filip Kogut)\u015awiat\u0142o &amp; projekcje: Klaudyna SchubertProdukcja: Krakowskie Centrum Choreograficzne &#8211; Nowohuckie Centrum KulturyPremiera: 6.08.2022 r. Krakowski Festiwal Ta\u0144ca Czas trwania: 90 min Mo\u017ce warto wyruszy\u0107 na morze? Mo\u017ce morze ukoi\u0107 l\u0119k mo\u017ce? Oto pytania, kt\u00f3re zadaj\u0105 [&hellip;]","og_url":"https:\/\/nck.krakow.pl\/kcc\/guppy-13\/","og_site_name":"Krakowskie Centrum Choreograficzne","article_modified_time":"2023-04-25T12:52:34+00:00","og_image":[{"url":"https:\/\/nck.krakow.pl\/kcc\/wp-content\/uploads\/2022\/12\/wyrozniajace-1-1-1024x683.jpg"}],"twitter_card":"summary_large_image","twitter_misc":{"Est. reading time":"3 minuty"},"schema":{"@context":"https:\/\/schema.org","@graph":[{"@type":"WebPage","@id":"https:\/\/nck.krakow.pl\/kcc\/guppy-13\/","url":"https:\/\/nck.krakow.pl\/kcc\/guppy-13\/","name":"Guppy 13 - Krakowskie Centrum Choreograficzne","isPartOf":{"@id":"https:\/\/nck.krakow.pl\/kcc\/#website"},"datePublished":"2022-12-15T14:24:33+00:00","dateModified":"2023-04-25T12:52:34+00:00","breadcrumb":{"@id":"https:\/\/nck.krakow.pl\/kcc\/guppy-13\/#breadcrumb"},"inLanguage":"pl-PL","potentialAction":[{"@type":"ReadAction","target":["https:\/\/nck.krakow.pl\/kcc\/guppy-13\/"]}]},{"@type":"BreadcrumbList","@id":"https:\/\/nck.krakow.pl\/kcc\/guppy-13\/#breadcrumb","itemListElement":[{"@type":"ListItem","position":1,"name":"Strona g\u0142\u00f3wna","item":"https:\/\/nck.krakow.pl\/kcc\/"},{"@type":"ListItem","position":2,"name":"Guppy 13"}]},{"@type":"WebSite","@id":"https:\/\/nck.krakow.pl\/kcc\/#website","url":"https:\/\/nck.krakow.pl\/kcc\/","name":"Krakowskie Centrum Choreograficzne","description":"","publisher":{"@id":"https:\/\/nck.krakow.pl\/kcc\/#organization"},"potentialAction":[{"@type":"SearchAction","target":{"@type":"EntryPoint","urlTemplate":"https:\/\/nck.krakow.pl\/kcc\/?s={search_term_string}"},"query-input":"required name=search_term_string"}],"inLanguage":"pl-PL"},{"@type":"Organization","@id":"https:\/\/nck.krakow.pl\/kcc\/#organization","name":"Krakowskie Centrum Choreograficzne","url":"https:\/\/nck.krakow.pl\/kcc\/","logo":{"@type":"ImageObject","inLanguage":"pl-PL","@id":"https:\/\/nck.krakow.pl\/kcc\/#\/schema\/logo\/image\/","url":"https:\/\/nck.krakow.pl\/kcc\/wp-content\/uploads\/2020\/01\/cropped-logo-kcc-2020.png","contentUrl":"https:\/\/nck.krakow.pl\/kcc\/wp-content\/uploads\/2020\/01\/cropped-logo-kcc-2020.png","width":116,"height":55,"caption":"Krakowskie Centrum Choreograficzne"},"image":{"@id":"https:\/\/nck.krakow.pl\/kcc\/#\/schema\/logo\/image\/"}}]}},"_links":{"self":[{"href":"https:\/\/nck.krakow.pl\/kcc\/wp-json\/wp\/v2\/pages\/6575"}],"collection":[{"href":"https:\/\/nck.krakow.pl\/kcc\/wp-json\/wp\/v2\/pages"}],"about":[{"href":"https:\/\/nck.krakow.pl\/kcc\/wp-json\/wp\/v2\/types\/page"}],"author":[{"embeddable":true,"href":"https:\/\/nck.krakow.pl\/kcc\/wp-json\/wp\/v2\/users\/5"}],"replies":[{"embeddable":true,"href":"https:\/\/nck.krakow.pl\/kcc\/wp-json\/wp\/v2\/comments?post=6575"}],"version-history":[{"count":4,"href":"https:\/\/nck.krakow.pl\/kcc\/wp-json\/wp\/v2\/pages\/6575\/revisions"}],"predecessor-version":[{"id":6820,"href":"https:\/\/nck.krakow.pl\/kcc\/wp-json\/wp\/v2\/pages\/6575\/revisions\/6820"}],"wp:attachment":[{"href":"https:\/\/nck.krakow.pl\/kcc\/wp-json\/wp\/v2\/media?parent=6575"}],"curies":[{"name":"wp","href":"https:\/\/api.w.org\/{rel}","templated":true}]}}