{"id":6558,"date":"2022-12-06T14:51:27","date_gmt":"2022-12-06T14:51:27","guid":{"rendered":"https:\/\/nck.krakow.pl\/kcc\/?page_id=6558"},"modified":"2023-04-25T12:52:43","modified_gmt":"2023-04-25T12:52:43","slug":"tymczasowe-nosniki-krajobrazu","status":"publish","type":"page","link":"https:\/\/nck.krakow.pl\/kcc\/tymczasowe-nosniki-krajobrazu\/","title":{"rendered":"Tymczasowe no\u015bniki krajobrazu"},"content":{"rendered":"\n<figure class=\"wp-block-image size-large\"><img loading=\"lazy\" decoding=\"async\" width=\"1024\" height=\"683\" src=\"https:\/\/nck.krakow.pl\/kcc\/wp-content\/uploads\/2022\/12\/Tymczasowe_DSC1081_fot_klaudyna_schubert-1-1024x683.jpg\" alt=\"\" class=\"wp-image-6561\" srcset=\"https:\/\/nck.krakow.pl\/kcc\/wp-content\/uploads\/2022\/12\/Tymczasowe_DSC1081_fot_klaudyna_schubert-1-1024x683.jpg 1024w, https:\/\/nck.krakow.pl\/kcc\/wp-content\/uploads\/2022\/12\/Tymczasowe_DSC1081_fot_klaudyna_schubert-1-300x200.jpg 300w, https:\/\/nck.krakow.pl\/kcc\/wp-content\/uploads\/2022\/12\/Tymczasowe_DSC1081_fot_klaudyna_schubert-1-768x512.jpg 768w, https:\/\/nck.krakow.pl\/kcc\/wp-content\/uploads\/2022\/12\/Tymczasowe_DSC1081_fot_klaudyna_schubert-1-1536x1024.jpg 1536w, https:\/\/nck.krakow.pl\/kcc\/wp-content\/uploads\/2022\/12\/Tymczasowe_DSC1081_fot_klaudyna_schubert-1-2048x1365.jpg 2048w\" sizes=\"(max-width: 1024px) 100vw, 1024px\" \/><\/figure>\n\n\n\n<div style=\"height:30px\" aria-hidden=\"true\" class=\"wp-block-spacer\"><\/div>\n\n\n\n<h2 class=\"wp-block-heading\"><strong>Tymczasowe no\u015bniki krajobrazu<\/strong><\/h2>\n\n\n\n<p><strong>Koncepcja i choreografia:<\/strong>&nbsp;Aleksandra Bo\u017cek-Muszy\u0144ska<br><strong>Kreacja i wykonanie<\/strong>: Gieorgij Puchalski<br><strong>Muzyka:&nbsp;<\/strong>Zofia Tomczyk, Giergij Puchalski<br><strong>Re\u017cyseria \u015bwiate\u0142<\/strong>: Ewa Garniec<br><strong>Produkcja<\/strong>: Krakowskie Centrum Choreograficzne \u2013 Nowohuckie Centrum Kultury<br><strong>Premiera: <\/strong>4.08.2022 r. Krakowski Festiwal Ta\u0144ca<br><strong>Projekt graficzny<\/strong>: Siarhei Dratvitski<br><strong>Wsparcie rezydencyjne:<\/strong>&nbsp;Teatr Ochoty<\/p>\n\n\n\n<p><strong>czas trwania: 40 min<\/strong><\/p>\n\n\n\n<p>Patrz\u0119. Patrz\u0119 na cia\u0142o. Patrz\u0119 na cia\u0142o, kt\u00f3re jest. Patrz\u0119 na cia\u0142o, kt\u00f3re jest na jaki\u015b czas.&nbsp; Patrz\u0119 na cia\u0142o, kt\u00f3re jest na jaki\u015b czas no\u015bnikiem. Patrz\u0119 na cia\u0142o, kt\u00f3re jest na jaki\u015b czas no\u015bnikiem krajobrazu.&nbsp;<\/p>\n\n\n\n<p>Cia\u0142o to wchodzi w dialog i pr\u00f3buje na r\u00f3\u017cne sposoby skomunikowa\u0107 si\u0119 z informacj\u0105, kt\u00f3r\u0105 tymczasowo ma przenie\u015b\u0107\/ponie\u015b\u0107\/znie\u015b\u0107\/nie\u015b\u0107\/nie\/\u015b\u0107 \u2026 Co jest w niej faktem, a co apelem? Co ta informacja m\u00f3wi o samej sobie i jaka jest jej wzajemna relacja z tym cia\u0142em? Jak poradzi\u0107 sobie ze skrawkami informacji&nbsp; i jak j\u0105 sob\u0105 uzupe\u0142ni\u0107?&nbsp;&nbsp;<\/p>\n\n\n\n<p>Aleksandra Bo\u017cek-Muszy\u0144ska po raz pierwszy w swojej tw\u00f3rczo\u015bci odnosi si\u0119 do w\u0142asnego archiwum i oddaje je w r\u0119ce innego tw\u00f3rcy. Punktem wyj\u015bcia do pracy nad&nbsp;<em>Tymczasowymi no\u015bnikami krajobrazu<\/em>&nbsp;jest bowiem solowa praca choreografki&nbsp; z 2013 roku&nbsp;<em>I know \u2116Thing<\/em>. Jak tancerz nale\u017c\u0105cy ju\u017c do innego pokolenia zinterpretuje ten osobisty i \u00f3wcze\u015bnie to\u017csamo\u015bciowy materia\u0142?&nbsp;<\/p>\n\n\n\n<figure class=\"wp-block-gallery has-nested-images columns-default is-cropped wp-block-gallery-1 is-layout-flex wp-block-gallery-is-layout-flex\">\n<figure class=\"wp-block-image size-large\"><a href=\"https:\/\/nck.krakow.pl\/kcc\/wp-content\/uploads\/2022\/12\/DSC1002_fot_klaudyna_schubert-scaled.jpg\"><img loading=\"lazy\" decoding=\"async\" width=\"1024\" height=\"683\" data-id=\"6562\" src=\"https:\/\/nck.krakow.pl\/kcc\/wp-content\/uploads\/2022\/12\/DSC1002_fot_klaudyna_schubert-1024x683.jpg\" alt=\"\" class=\"wp-image-6562\" srcset=\"https:\/\/nck.krakow.pl\/kcc\/wp-content\/uploads\/2022\/12\/DSC1002_fot_klaudyna_schubert-1024x683.jpg 1024w, https:\/\/nck.krakow.pl\/kcc\/wp-content\/uploads\/2022\/12\/DSC1002_fot_klaudyna_schubert-300x200.jpg 300w, https:\/\/nck.krakow.pl\/kcc\/wp-content\/uploads\/2022\/12\/DSC1002_fot_klaudyna_schubert-768x512.jpg 768w, https:\/\/nck.krakow.pl\/kcc\/wp-content\/uploads\/2022\/12\/DSC1002_fot_klaudyna_schubert-1536x1024.jpg 1536w, https:\/\/nck.krakow.pl\/kcc\/wp-content\/uploads\/2022\/12\/DSC1002_fot_klaudyna_schubert-2048x1365.jpg 2048w\" sizes=\"(max-width: 1024px) 100vw, 1024px\" \/><\/a><\/figure>\n\n\n\n<figure class=\"wp-block-image size-large\"><a href=\"https:\/\/nck.krakow.pl\/kcc\/wp-content\/uploads\/2022\/12\/DSC1020_fot_klaudyna_schubert-1-scaled.jpg\"><img loading=\"lazy\" decoding=\"async\" width=\"1024\" height=\"683\" data-id=\"6563\" src=\"https:\/\/nck.krakow.pl\/kcc\/wp-content\/uploads\/2022\/12\/DSC1020_fot_klaudyna_schubert-1-1024x683.jpg\" alt=\"\" class=\"wp-image-6563\" srcset=\"https:\/\/nck.krakow.pl\/kcc\/wp-content\/uploads\/2022\/12\/DSC1020_fot_klaudyna_schubert-1-1024x683.jpg 1024w, https:\/\/nck.krakow.pl\/kcc\/wp-content\/uploads\/2022\/12\/DSC1020_fot_klaudyna_schubert-1-300x200.jpg 300w, https:\/\/nck.krakow.pl\/kcc\/wp-content\/uploads\/2022\/12\/DSC1020_fot_klaudyna_schubert-1-768x512.jpg 768w, https:\/\/nck.krakow.pl\/kcc\/wp-content\/uploads\/2022\/12\/DSC1020_fot_klaudyna_schubert-1-1536x1024.jpg 1536w, https:\/\/nck.krakow.pl\/kcc\/wp-content\/uploads\/2022\/12\/DSC1020_fot_klaudyna_schubert-1-2048x1365.jpg 2048w\" sizes=\"(max-width: 1024px) 100vw, 1024px\" \/><\/a><\/figure>\n\n\n\n<figure class=\"wp-block-image size-large\"><a href=\"https:\/\/nck.krakow.pl\/kcc\/wp-content\/uploads\/2022\/12\/DSC1073_fot_klaudyna_schubert-scaled.jpg\"><img loading=\"lazy\" decoding=\"async\" width=\"683\" height=\"1024\" data-id=\"6564\" src=\"https:\/\/nck.krakow.pl\/kcc\/wp-content\/uploads\/2022\/12\/DSC1073_fot_klaudyna_schubert-683x1024.jpg\" alt=\"\" class=\"wp-image-6564\" srcset=\"https:\/\/nck.krakow.pl\/kcc\/wp-content\/uploads\/2022\/12\/DSC1073_fot_klaudyna_schubert-683x1024.jpg 683w, https:\/\/nck.krakow.pl\/kcc\/wp-content\/uploads\/2022\/12\/DSC1073_fot_klaudyna_schubert-200x300.jpg 200w, https:\/\/nck.krakow.pl\/kcc\/wp-content\/uploads\/2022\/12\/DSC1073_fot_klaudyna_schubert-768x1152.jpg 768w, https:\/\/nck.krakow.pl\/kcc\/wp-content\/uploads\/2022\/12\/DSC1073_fot_klaudyna_schubert-1024x1536.jpg 1024w, https:\/\/nck.krakow.pl\/kcc\/wp-content\/uploads\/2022\/12\/DSC1073_fot_klaudyna_schubert-1365x2048.jpg 1365w, https:\/\/nck.krakow.pl\/kcc\/wp-content\/uploads\/2022\/12\/DSC1073_fot_klaudyna_schubert-scaled.jpg 1707w\" sizes=\"(max-width: 683px) 100vw, 683px\" \/><\/a><\/figure>\n\n\n\n<figure class=\"wp-block-image size-large\"><a href=\"https:\/\/nck.krakow.pl\/kcc\/wp-content\/uploads\/2022\/12\/DSC1154_fot_klaudyna_schubert-scaled.jpg\"><img loading=\"lazy\" decoding=\"async\" width=\"1024\" height=\"683\" data-id=\"6565\" src=\"https:\/\/nck.krakow.pl\/kcc\/wp-content\/uploads\/2022\/12\/DSC1154_fot_klaudyna_schubert-1024x683.jpg\" alt=\"\" class=\"wp-image-6565\" srcset=\"https:\/\/nck.krakow.pl\/kcc\/wp-content\/uploads\/2022\/12\/DSC1154_fot_klaudyna_schubert-1024x683.jpg 1024w, https:\/\/nck.krakow.pl\/kcc\/wp-content\/uploads\/2022\/12\/DSC1154_fot_klaudyna_schubert-300x200.jpg 300w, https:\/\/nck.krakow.pl\/kcc\/wp-content\/uploads\/2022\/12\/DSC1154_fot_klaudyna_schubert-768x512.jpg 768w, https:\/\/nck.krakow.pl\/kcc\/wp-content\/uploads\/2022\/12\/DSC1154_fot_klaudyna_schubert-1536x1024.jpg 1536w, https:\/\/nck.krakow.pl\/kcc\/wp-content\/uploads\/2022\/12\/DSC1154_fot_klaudyna_schubert-2048x1365.jpg 2048w\" sizes=\"(max-width: 1024px) 100vw, 1024px\" \/><\/a><\/figure>\n<\/figure>\n\n\n\n<p>Fot. Klaudyna Schubert\/ Beatrycze Bem<\/p>\n\n\n\n<blockquote class=\"wp-block-quote is-layout-flow wp-block-quote-is-layout-flow\">\n<p><em>Choreografka&nbsp;Tymczasowych no\u015bnik\u00f3w krajobrazu&nbsp;si\u0119ga do swojej dawnej etiudy&nbsp;I know NoThing.<\/em><a href=\"https:\/\/nck.krakow.pl\/kcc\/blog\/afirmacja-i-apele-relacja-hanny-raszewskiej-kursy-z-2-edycji-krakowskiego-festiwalu-tanca\/#_edn4\"><em>[iv]<\/em><\/a><em>&nbsp;Dekonstruuje j\u0105, jakby pyta\u0142a:&nbsp;What do I know now, gdy \u015bwiat jest inny i ja jestem inna? Zachowuje wiele z \u201ethen\u201d: uwa\u017cno\u015b\u0107 na detal, przenikliwy ogl\u0105d rzeczywisto\u015bci i dostrzeganie niezwyk\u0142o\u015bci w codzienno\u015bci.&nbsp;(\u2026) Puchalski kipi ruchem, wybucha technikami i zmianami estetyk: od si\u0142y rockowej energii, przez elfi urok, po m\u0142odzie\u0144cz\u0105 sympatyczno\u015b\u0107. Ca\u0142o\u015b\u0107 jest sp\u00f3jna i poruszaj\u0105ca; pozwala dostrzec warto\u015b\u0107 spojrzenia wstecz jako narz\u0119dzia zyskiwania samo\u015bwiadomo\u015bci tw\u00f3rczej i \u017cyciowej.<\/em> <\/p>\n\n\n\n<p>Hanna Raszewska-Kursa, <a href=\"https:\/\/nck.krakow.pl\/kcc\/blog\/afirmacja-i-apele-relacja-hanny-raszewskiej-kursy-z-2-edycji-krakowskiego-festiwalu-tanca\/\"><em>Afirmacja i apele \u2013 relacja z 2. edycji Krakowskiego Festiwalu Ta\u0144ca<\/em><\/a><\/p>\n<\/blockquote>\n\n\n\n<figure class=\"wp-block-embed is-type-video is-provider-vimeo wp-block-embed-vimeo wp-embed-aspect-16-9 wp-has-aspect-ratio\"><div class=\"wp-block-embed__wrapper\">\n<iframe loading=\"lazy\" title=\"making off Tymczasowe no\u015bniki krajobrazu - Aleksandra Bo\u017cek-Muszy\u0144ska, rezydencja KCC\" src=\"https:\/\/player.vimeo.com\/video\/776978953?h=6a42df8e91&amp;dnt=1&amp;app_id=122963\" width=\"768\" height=\"432\" frameborder=\"0\" allow=\"autoplay; fullscreen; picture-in-picture\" allowfullscreen><\/iframe>\n<\/div><\/figure>\n","protected":false},"excerpt":{"rendered":"<p>Tymczasowe no\u015bniki krajobrazu Koncepcja i choreografia:&nbsp;Aleksandra Bo\u017cek-Muszy\u0144skaKreacja i wykonanie: Gieorgij PuchalskiMuzyka:&nbsp;Zofia Tomczyk, Giergij PuchalskiRe\u017cyseria \u015bwiate\u0142: Ewa GarniecProdukcja: Krakowskie Centrum Choreograficzne \u2013 Nowohuckie Centrum KulturyPremiera: 4.08.2022 r. Krakowski Festiwal Ta\u0144caProjekt graficzny: Siarhei DratvitskiWsparcie rezydencyjne:&nbsp;Teatr Ochoty czas trwania: 40 min Patrz\u0119. Patrz\u0119 na cia\u0142o. Patrz\u0119 na cia\u0142o, kt\u00f3re jest. Patrz\u0119 na cia\u0142o, kt\u00f3re jest na jaki\u015b czas.&nbsp; [&hellip;]<\/p>\n","protected":false},"author":5,"featured_media":0,"parent":0,"menu_order":0,"comment_status":"closed","ping_status":"closed","template":"","meta":{"footnotes":""},"class_list":["post-6558","page","type-page","status-publish","hentry"],"yoast_head":"<!-- This site is optimized with the Yoast SEO plugin v19.12 - https:\/\/yoast.com\/wordpress\/plugins\/seo\/ -->\n<title>Tymczasowe no\u015bniki krajobrazu - Krakowskie Centrum Choreograficzne<\/title>\n<meta name=\"robots\" content=\"index, follow, max-snippet:-1, max-image-preview:large, max-video-preview:-1\" \/>\n<link rel=\"canonical\" href=\"https:\/\/nck.krakow.pl\/kcc\/tymczasowe-nosniki-krajobrazu\/\" \/>\n<meta property=\"og:locale\" content=\"pl_PL\" \/>\n<meta property=\"og:type\" content=\"article\" \/>\n<meta property=\"og:title\" content=\"Tymczasowe no\u015bniki krajobrazu - Krakowskie Centrum Choreograficzne\" \/>\n<meta property=\"og:description\" content=\"Tymczasowe no\u015bniki krajobrazu Koncepcja i choreografia:&nbsp;Aleksandra Bo\u017cek-Muszy\u0144skaKreacja i wykonanie: Gieorgij PuchalskiMuzyka:&nbsp;Zofia Tomczyk, Giergij PuchalskiRe\u017cyseria \u015bwiate\u0142: Ewa GarniecProdukcja: Krakowskie Centrum Choreograficzne \u2013 Nowohuckie Centrum KulturyPremiera: 4.08.2022 r. Krakowski Festiwal Ta\u0144caProjekt graficzny: Siarhei DratvitskiWsparcie rezydencyjne:&nbsp;Teatr Ochoty czas trwania: 40 min Patrz\u0119. Patrz\u0119 na cia\u0142o. Patrz\u0119 na cia\u0142o, kt\u00f3re jest. Patrz\u0119 na cia\u0142o, kt\u00f3re jest na jaki\u015b czas.&nbsp; [&hellip;]\" \/>\n<meta property=\"og:url\" content=\"https:\/\/nck.krakow.pl\/kcc\/tymczasowe-nosniki-krajobrazu\/\" \/>\n<meta property=\"og:site_name\" content=\"Krakowskie Centrum Choreograficzne\" \/>\n<meta property=\"article:modified_time\" content=\"2023-04-25T12:52:43+00:00\" \/>\n<meta property=\"og:image\" content=\"https:\/\/nck.krakow.pl\/kcc\/wp-content\/uploads\/2022\/12\/Tymczasowe_DSC1081_fot_klaudyna_schubert-1-1024x683.jpg\" \/>\n<meta name=\"twitter:card\" content=\"summary_large_image\" \/>\n<meta name=\"twitter:label1\" content=\"Est. reading time\" \/>\n\t<meta name=\"twitter:data1\" content=\"3 minuty\" \/>\n<script type=\"application\/ld+json\" class=\"yoast-schema-graph\">{\"@context\":\"https:\/\/schema.org\",\"@graph\":[{\"@type\":\"WebPage\",\"@id\":\"https:\/\/nck.krakow.pl\/kcc\/tymczasowe-nosniki-krajobrazu\/\",\"url\":\"https:\/\/nck.krakow.pl\/kcc\/tymczasowe-nosniki-krajobrazu\/\",\"name\":\"Tymczasowe no\u015bniki krajobrazu - Krakowskie Centrum Choreograficzne\",\"isPartOf\":{\"@id\":\"https:\/\/nck.krakow.pl\/kcc\/#website\"},\"datePublished\":\"2022-12-06T14:51:27+00:00\",\"dateModified\":\"2023-04-25T12:52:43+00:00\",\"breadcrumb\":{\"@id\":\"https:\/\/nck.krakow.pl\/kcc\/tymczasowe-nosniki-krajobrazu\/#breadcrumb\"},\"inLanguage\":\"pl-PL\",\"potentialAction\":[{\"@type\":\"ReadAction\",\"target\":[\"https:\/\/nck.krakow.pl\/kcc\/tymczasowe-nosniki-krajobrazu\/\"]}]},{\"@type\":\"BreadcrumbList\",\"@id\":\"https:\/\/nck.krakow.pl\/kcc\/tymczasowe-nosniki-krajobrazu\/#breadcrumb\",\"itemListElement\":[{\"@type\":\"ListItem\",\"position\":1,\"name\":\"Strona g\u0142\u00f3wna\",\"item\":\"https:\/\/nck.krakow.pl\/kcc\/\"},{\"@type\":\"ListItem\",\"position\":2,\"name\":\"Tymczasowe no\u015bniki krajobrazu\"}]},{\"@type\":\"WebSite\",\"@id\":\"https:\/\/nck.krakow.pl\/kcc\/#website\",\"url\":\"https:\/\/nck.krakow.pl\/kcc\/\",\"name\":\"Krakowskie Centrum Choreograficzne\",\"description\":\"\",\"publisher\":{\"@id\":\"https:\/\/nck.krakow.pl\/kcc\/#organization\"},\"potentialAction\":[{\"@type\":\"SearchAction\",\"target\":{\"@type\":\"EntryPoint\",\"urlTemplate\":\"https:\/\/nck.krakow.pl\/kcc\/?s={search_term_string}\"},\"query-input\":\"required name=search_term_string\"}],\"inLanguage\":\"pl-PL\"},{\"@type\":\"Organization\",\"@id\":\"https:\/\/nck.krakow.pl\/kcc\/#organization\",\"name\":\"Krakowskie Centrum Choreograficzne\",\"url\":\"https:\/\/nck.krakow.pl\/kcc\/\",\"logo\":{\"@type\":\"ImageObject\",\"inLanguage\":\"pl-PL\",\"@id\":\"https:\/\/nck.krakow.pl\/kcc\/#\/schema\/logo\/image\/\",\"url\":\"https:\/\/nck.krakow.pl\/kcc\/wp-content\/uploads\/2020\/01\/cropped-logo-kcc-2020.png\",\"contentUrl\":\"https:\/\/nck.krakow.pl\/kcc\/wp-content\/uploads\/2020\/01\/cropped-logo-kcc-2020.png\",\"width\":116,\"height\":55,\"caption\":\"Krakowskie Centrum Choreograficzne\"},\"image\":{\"@id\":\"https:\/\/nck.krakow.pl\/kcc\/#\/schema\/logo\/image\/\"}}]}<\/script>\n<!-- \/ Yoast SEO plugin. -->","yoast_head_json":{"title":"Tymczasowe no\u015bniki krajobrazu - Krakowskie Centrum Choreograficzne","robots":{"index":"index","follow":"follow","max-snippet":"max-snippet:-1","max-image-preview":"max-image-preview:large","max-video-preview":"max-video-preview:-1"},"canonical":"https:\/\/nck.krakow.pl\/kcc\/tymczasowe-nosniki-krajobrazu\/","og_locale":"pl_PL","og_type":"article","og_title":"Tymczasowe no\u015bniki krajobrazu - Krakowskie Centrum Choreograficzne","og_description":"Tymczasowe no\u015bniki krajobrazu Koncepcja i choreografia:&nbsp;Aleksandra Bo\u017cek-Muszy\u0144skaKreacja i wykonanie: Gieorgij PuchalskiMuzyka:&nbsp;Zofia Tomczyk, Giergij PuchalskiRe\u017cyseria \u015bwiate\u0142: Ewa GarniecProdukcja: Krakowskie Centrum Choreograficzne \u2013 Nowohuckie Centrum KulturyPremiera: 4.08.2022 r. Krakowski Festiwal Ta\u0144caProjekt graficzny: Siarhei DratvitskiWsparcie rezydencyjne:&nbsp;Teatr Ochoty czas trwania: 40 min Patrz\u0119. Patrz\u0119 na cia\u0142o. Patrz\u0119 na cia\u0142o, kt\u00f3re jest. Patrz\u0119 na cia\u0142o, kt\u00f3re jest na jaki\u015b czas.&nbsp; [&hellip;]","og_url":"https:\/\/nck.krakow.pl\/kcc\/tymczasowe-nosniki-krajobrazu\/","og_site_name":"Krakowskie Centrum Choreograficzne","article_modified_time":"2023-04-25T12:52:43+00:00","og_image":[{"url":"https:\/\/nck.krakow.pl\/kcc\/wp-content\/uploads\/2022\/12\/Tymczasowe_DSC1081_fot_klaudyna_schubert-1-1024x683.jpg"}],"twitter_card":"summary_large_image","twitter_misc":{"Est. reading time":"3 minuty"},"schema":{"@context":"https:\/\/schema.org","@graph":[{"@type":"WebPage","@id":"https:\/\/nck.krakow.pl\/kcc\/tymczasowe-nosniki-krajobrazu\/","url":"https:\/\/nck.krakow.pl\/kcc\/tymczasowe-nosniki-krajobrazu\/","name":"Tymczasowe no\u015bniki krajobrazu - Krakowskie Centrum Choreograficzne","isPartOf":{"@id":"https:\/\/nck.krakow.pl\/kcc\/#website"},"datePublished":"2022-12-06T14:51:27+00:00","dateModified":"2023-04-25T12:52:43+00:00","breadcrumb":{"@id":"https:\/\/nck.krakow.pl\/kcc\/tymczasowe-nosniki-krajobrazu\/#breadcrumb"},"inLanguage":"pl-PL","potentialAction":[{"@type":"ReadAction","target":["https:\/\/nck.krakow.pl\/kcc\/tymczasowe-nosniki-krajobrazu\/"]}]},{"@type":"BreadcrumbList","@id":"https:\/\/nck.krakow.pl\/kcc\/tymczasowe-nosniki-krajobrazu\/#breadcrumb","itemListElement":[{"@type":"ListItem","position":1,"name":"Strona g\u0142\u00f3wna","item":"https:\/\/nck.krakow.pl\/kcc\/"},{"@type":"ListItem","position":2,"name":"Tymczasowe no\u015bniki krajobrazu"}]},{"@type":"WebSite","@id":"https:\/\/nck.krakow.pl\/kcc\/#website","url":"https:\/\/nck.krakow.pl\/kcc\/","name":"Krakowskie Centrum Choreograficzne","description":"","publisher":{"@id":"https:\/\/nck.krakow.pl\/kcc\/#organization"},"potentialAction":[{"@type":"SearchAction","target":{"@type":"EntryPoint","urlTemplate":"https:\/\/nck.krakow.pl\/kcc\/?s={search_term_string}"},"query-input":"required name=search_term_string"}],"inLanguage":"pl-PL"},{"@type":"Organization","@id":"https:\/\/nck.krakow.pl\/kcc\/#organization","name":"Krakowskie Centrum Choreograficzne","url":"https:\/\/nck.krakow.pl\/kcc\/","logo":{"@type":"ImageObject","inLanguage":"pl-PL","@id":"https:\/\/nck.krakow.pl\/kcc\/#\/schema\/logo\/image\/","url":"https:\/\/nck.krakow.pl\/kcc\/wp-content\/uploads\/2020\/01\/cropped-logo-kcc-2020.png","contentUrl":"https:\/\/nck.krakow.pl\/kcc\/wp-content\/uploads\/2020\/01\/cropped-logo-kcc-2020.png","width":116,"height":55,"caption":"Krakowskie Centrum Choreograficzne"},"image":{"@id":"https:\/\/nck.krakow.pl\/kcc\/#\/schema\/logo\/image\/"}}]}},"_links":{"self":[{"href":"https:\/\/nck.krakow.pl\/kcc\/wp-json\/wp\/v2\/pages\/6558"}],"collection":[{"href":"https:\/\/nck.krakow.pl\/kcc\/wp-json\/wp\/v2\/pages"}],"about":[{"href":"https:\/\/nck.krakow.pl\/kcc\/wp-json\/wp\/v2\/types\/page"}],"author":[{"embeddable":true,"href":"https:\/\/nck.krakow.pl\/kcc\/wp-json\/wp\/v2\/users\/5"}],"replies":[{"embeddable":true,"href":"https:\/\/nck.krakow.pl\/kcc\/wp-json\/wp\/v2\/comments?post=6558"}],"version-history":[{"count":4,"href":"https:\/\/nck.krakow.pl\/kcc\/wp-json\/wp\/v2\/pages\/6558\/revisions"}],"predecessor-version":[{"id":6821,"href":"https:\/\/nck.krakow.pl\/kcc\/wp-json\/wp\/v2\/pages\/6558\/revisions\/6821"}],"wp:attachment":[{"href":"https:\/\/nck.krakow.pl\/kcc\/wp-json\/wp\/v2\/media?parent=6558"}],"curies":[{"name":"wp","href":"https:\/\/api.w.org\/{rel}","templated":true}]}}