{"id":6185,"date":"2022-06-28T07:21:15","date_gmt":"2022-06-28T07:21:15","guid":{"rendered":"https:\/\/nck.krakow.pl\/kcc\/?page_id=6185"},"modified":"2022-08-08T08:58:44","modified_gmt":"2022-08-08T08:58:44","slug":"czesci-ciala","status":"publish","type":"page","link":"https:\/\/nck.krakow.pl\/kcc\/krakowski-festiwal-tanca-2022\/czesci-ciala\/","title":{"rendered":"\u201cCz\u0119\u015bci cia\u0142a\u201d"},"content":{"rendered":"\n<figure class=\"wp-block-image size-large\"><img loading=\"lazy\" decoding=\"async\" width=\"1024\" height=\"615\" src=\"https:\/\/nck.krakow.pl\/kcc\/wp-content\/uploads\/2022\/06\/ZDJECIE-GLOWNE-5-1024x615.jpg\" alt=\"\" class=\"wp-image-6186\" srcset=\"https:\/\/nck.krakow.pl\/kcc\/wp-content\/uploads\/2022\/06\/ZDJECIE-GLOWNE-5-1024x615.jpg 1024w, https:\/\/nck.krakow.pl\/kcc\/wp-content\/uploads\/2022\/06\/ZDJECIE-GLOWNE-5-300x180.jpg 300w, https:\/\/nck.krakow.pl\/kcc\/wp-content\/uploads\/2022\/06\/ZDJECIE-GLOWNE-5-768x461.jpg 768w, https:\/\/nck.krakow.pl\/kcc\/wp-content\/uploads\/2022\/06\/ZDJECIE-GLOWNE-5-1536x922.jpg 1536w, https:\/\/nck.krakow.pl\/kcc\/wp-content\/uploads\/2022\/06\/ZDJECIE-GLOWNE-5.jpg 1574w\" sizes=\"(max-width: 1024px) 100vw, 1024px\" \/><\/figure>\n\n\n\n<p><strong>\u201cCz\u0119\u015bci cia\u0142a\u201d &#8211; Ramona Nagabczy\u0144ska<\/strong><\/p>\n\n\n\n<p><strong>7.08 NIEDZIELA<\/strong><strong>, 19:00, Scena NCK, bilety: 25\/35 z\u0142<\/strong><\/p>\n\n\n\n<p><strong>rozmowa z artystami_tkami, prowadzenie: Dominika Szala-Wentland<\/strong><\/p>\n\n\n\n<p><strong>czas trwania: 50 min<\/strong><\/p>\n\n\n\n<p><strong>Choreografia:<\/strong> Ramona Nagabczy\u0144ska<br><strong>Wsp\u00f3\u0142praca dramaturgiczna:<\/strong> Mateusz Szyman\u00f3wka i Agata Siniarska<br><strong>Opieka artystyczna:<\/strong> Philippe Ri\u00e9ra<br><strong>Muzyka:<\/strong> Georges Bizet, Vincenzo Bellini, Mina, Prince<br><strong>\u015awiat\u0142a:<\/strong> J\u0119drzej J\u0119cikowski<br><strong>Kostiumy,rekwizyty:<\/strong> Nagi Gianni<br><strong>Produkcja: <\/strong>Fundacja Burd\u0105g<br><strong>Partnerzy:<\/strong> Centrum w Ruchu, CSW Zamek Ujazdowski, Buda Kortrijk, Lubelski Teatr Ta\u0144ca, Tanzfabrik Berlin, Komuna\/\/Warszawa<br>Zrealizowano ze \u015brodk\u00f3w Miasta Sto\u0142ecznego Warszawa\/Realized with the funds of the Capital City of Warsaw.<\/p>\n\n\n\n<p>Solo <em>Cz\u0119\u015bci cia\u0142a<\/em> jest efektem choreograficznej fascynacji twarz\u0105. Performans bada zar\u00f3wno jej anatomi\u0119 i fizjologi\u0119, jak i zdolno\u015b\u0107 do bycia nieustannie zmieniaj\u0105cym si\u0119 obrazem, generuj\u0105cym znaczenia, emocje i to\u017csamo\u015bci.<\/p>\n\n\n\n<p>Tradycyjnie twarz uwa\u017cana jest za no\u015bnik prawdy, interfejs sfery psychicznej cz\u0142owieka, a j\u0119zyk jej analizy na\u0142adowany jest romantyczn\u0105 mitologi\u0105. Twarz jest cz\u0119\u015bci\u0105 cia\u0142a, na kt\u00f3r\u0105 zwracamy szczeg\u00f3ln\u0105 uwag\u0119 i kt\u00f3ra najbardziej uaktywnia empati\u0119 na poziomie neuron\u00f3w lustrzanych. Jednocze\u015bnie \u2013 jak w przypadku innych cz\u0119\u015bci cia\u0142a \u2013 jej u\u017cywanie i postrzeganie podlegaj\u0105 historycznym przemianom i specyficznym nakazom.<\/p>\n\n\n\n<p>Sk\u0105d wzi\u0119\u0142a si\u0119 charakterystyczna dla ta\u0144ca wsp\u00f3\u0142czesnego obsesja na punkcie neutralnej twarzy i co ta neutralno\u015b\u0107 mia\u0142aby w\u0142a\u015bciwie oznacza\u0107? Jaki jest zwi\u0105zek groteski i kobiecej podmiotowo\u015bci? Co wsp\u00f3\u0142czesna choreografia twarzy m\u00f3wi nam o kulturowej opresji?<\/p>\n\n\n\n<p>Fot. Katarzyna Szugajew\/Witek Orski<\/p>\n\n\n\n<figure class=\"wp-block-gallery columns-3 is-cropped wp-block-gallery-1 is-layout-flex wp-block-gallery-is-layout-flex\"><ul class=\"blocks-gallery-grid\"><li class=\"blocks-gallery-item\"><figure><a href=\"https:\/\/nck.krakow.pl\/kcc\/wp-content\/uploads\/2022\/06\/CC.-Witek-Orski.jpg\"><img loading=\"lazy\" decoding=\"async\" width=\"1024\" height=\"1024\" src=\"https:\/\/nck.krakow.pl\/kcc\/wp-content\/uploads\/2022\/06\/CC.-Witek-Orski-1024x1024.jpg\" alt=\"\" data-id=\"6187\" data-full-url=\"https:\/\/nck.krakow.pl\/kcc\/wp-content\/uploads\/2022\/06\/CC.-Witek-Orski.jpg\" data-link=\"https:\/\/nck.krakow.pl\/kcc\/?attachment_id=6187\" class=\"wp-image-6187\" srcset=\"https:\/\/nck.krakow.pl\/kcc\/wp-content\/uploads\/2022\/06\/CC.-Witek-Orski-1024x1024.jpg 1024w, https:\/\/nck.krakow.pl\/kcc\/wp-content\/uploads\/2022\/06\/CC.-Witek-Orski-300x300.jpg 300w, https:\/\/nck.krakow.pl\/kcc\/wp-content\/uploads\/2022\/06\/CC.-Witek-Orski-150x150.jpg 150w, https:\/\/nck.krakow.pl\/kcc\/wp-content\/uploads\/2022\/06\/CC.-Witek-Orski-768x768.jpg 768w, https:\/\/nck.krakow.pl\/kcc\/wp-content\/uploads\/2022\/06\/CC.-Witek-Orski.jpg 1260w\" sizes=\"(max-width: 1024px) 100vw, 1024px\" \/><\/a><\/figure><\/li><li class=\"blocks-gallery-item\"><figure><a href=\"https:\/\/nck.krakow.pl\/kcc\/wp-content\/uploads\/2022\/06\/Czesciciala_fotoKatarzynaSzugajew2-scaled.jpg\"><img loading=\"lazy\" decoding=\"async\" width=\"762\" height=\"1024\" src=\"https:\/\/nck.krakow.pl\/kcc\/wp-content\/uploads\/2022\/06\/Czesciciala_fotoKatarzynaSzugajew2-762x1024.jpg\" alt=\"\" data-id=\"6188\" data-full-url=\"https:\/\/nck.krakow.pl\/kcc\/wp-content\/uploads\/2022\/06\/Czesciciala_fotoKatarzynaSzugajew2-scaled.jpg\" data-link=\"https:\/\/nck.krakow.pl\/kcc\/?attachment_id=6188\" class=\"wp-image-6188\" srcset=\"https:\/\/nck.krakow.pl\/kcc\/wp-content\/uploads\/2022\/06\/Czesciciala_fotoKatarzynaSzugajew2-762x1024.jpg 762w, https:\/\/nck.krakow.pl\/kcc\/wp-content\/uploads\/2022\/06\/Czesciciala_fotoKatarzynaSzugajew2-223x300.jpg 223w, https:\/\/nck.krakow.pl\/kcc\/wp-content\/uploads\/2022\/06\/Czesciciala_fotoKatarzynaSzugajew2-768x1032.jpg 768w, https:\/\/nck.krakow.pl\/kcc\/wp-content\/uploads\/2022\/06\/Czesciciala_fotoKatarzynaSzugajew2-1143x1536.jpg 1143w, https:\/\/nck.krakow.pl\/kcc\/wp-content\/uploads\/2022\/06\/Czesciciala_fotoKatarzynaSzugajew2-1524x2048.jpg 1524w, https:\/\/nck.krakow.pl\/kcc\/wp-content\/uploads\/2022\/06\/Czesciciala_fotoKatarzynaSzugajew2-scaled.jpg 1905w\" sizes=\"(max-width: 762px) 100vw, 762px\" \/><\/a><\/figure><\/li><li class=\"blocks-gallery-item\"><figure><a href=\"https:\/\/nck.krakow.pl\/kcc\/wp-content\/uploads\/2022\/06\/Czesciciala-fotoKatrzynaSzugajew1-scaled.jpg\"><img loading=\"lazy\" decoding=\"async\" width=\"1024\" height=\"669\" src=\"https:\/\/nck.krakow.pl\/kcc\/wp-content\/uploads\/2022\/06\/Czesciciala-fotoKatrzynaSzugajew1-1024x669.jpg\" alt=\"\" data-id=\"6189\" data-full-url=\"https:\/\/nck.krakow.pl\/kcc\/wp-content\/uploads\/2022\/06\/Czesciciala-fotoKatrzynaSzugajew1-scaled.jpg\" data-link=\"https:\/\/nck.krakow.pl\/kcc\/?attachment_id=6189\" class=\"wp-image-6189\" srcset=\"https:\/\/nck.krakow.pl\/kcc\/wp-content\/uploads\/2022\/06\/Czesciciala-fotoKatrzynaSzugajew1-1024x669.jpg 1024w, https:\/\/nck.krakow.pl\/kcc\/wp-content\/uploads\/2022\/06\/Czesciciala-fotoKatrzynaSzugajew1-300x196.jpg 300w, https:\/\/nck.krakow.pl\/kcc\/wp-content\/uploads\/2022\/06\/Czesciciala-fotoKatrzynaSzugajew1-768x502.jpg 768w, https:\/\/nck.krakow.pl\/kcc\/wp-content\/uploads\/2022\/06\/Czesciciala-fotoKatrzynaSzugajew1-1536x1004.jpg 1536w, https:\/\/nck.krakow.pl\/kcc\/wp-content\/uploads\/2022\/06\/Czesciciala-fotoKatrzynaSzugajew1-2048x1338.jpg 2048w\" sizes=\"(max-width: 1024px) 100vw, 1024px\" \/><\/a><\/figure><\/li><\/ul><\/figure>\n","protected":false},"excerpt":{"rendered":"<p>\u201cCz\u0119\u015bci cia\u0142a\u201d &#8211; Ramona Nagabczy\u0144ska 7.08 NIEDZIELA, 19:00, Scena NCK, bilety: 25\/35 z\u0142 rozmowa z artystami_tkami, prowadzenie: Dominika Szala-Wentland czas trwania: 50 min Choreografia: Ramona Nagabczy\u0144skaWsp\u00f3\u0142praca dramaturgiczna: Mateusz Szyman\u00f3wka i Agata SiniarskaOpieka artystyczna: Philippe Ri\u00e9raMuzyka: Georges Bizet, Vincenzo Bellini, Mina, Prince\u015awiat\u0142a: J\u0119drzej J\u0119cikowskiKostiumy,rekwizyty: Nagi GianniProdukcja: Fundacja Burd\u0105gPartnerzy: Centrum w Ruchu, CSW Zamek Ujazdowski, Buda Kortrijk, [&hellip;]<\/p>\n","protected":false},"author":5,"featured_media":6186,"parent":5943,"menu_order":0,"comment_status":"closed","ping_status":"closed","template":"","meta":{"footnotes":""},"class_list":["post-6185","page","type-page","status-publish","has-post-thumbnail","hentry"],"yoast_head":"<!-- This site is optimized with the Yoast SEO plugin v19.12 - https:\/\/yoast.com\/wordpress\/plugins\/seo\/ -->\n<title>\u201cCz\u0119\u015bci cia\u0142a\u201d - Krakowskie Centrum Choreograficzne<\/title>\n<meta name=\"robots\" content=\"index, follow, max-snippet:-1, max-image-preview:large, max-video-preview:-1\" \/>\n<link rel=\"canonical\" href=\"https:\/\/nck.krakow.pl\/kcc\/krakowski-festiwal-tanca-2022\/czesci-ciala\/\" \/>\n<meta property=\"og:locale\" content=\"pl_PL\" \/>\n<meta property=\"og:type\" content=\"article\" \/>\n<meta property=\"og:title\" content=\"\u201cCz\u0119\u015bci cia\u0142a\u201d - Krakowskie Centrum Choreograficzne\" \/>\n<meta property=\"og:description\" content=\"\u201cCz\u0119\u015bci cia\u0142a\u201d &#8211; Ramona Nagabczy\u0144ska 7.08 NIEDZIELA, 19:00, Scena NCK, bilety: 25\/35 z\u0142 rozmowa z artystami_tkami, prowadzenie: Dominika Szala-Wentland czas trwania: 50 min Choreografia: Ramona Nagabczy\u0144skaWsp\u00f3\u0142praca dramaturgiczna: Mateusz Szyman\u00f3wka i Agata SiniarskaOpieka artystyczna: Philippe Ri\u00e9raMuzyka: Georges Bizet, Vincenzo Bellini, Mina, Prince\u015awiat\u0142a: J\u0119drzej J\u0119cikowskiKostiumy,rekwizyty: Nagi GianniProdukcja: Fundacja Burd\u0105gPartnerzy: Centrum w Ruchu, CSW Zamek Ujazdowski, Buda Kortrijk, [&hellip;]\" \/>\n<meta property=\"og:url\" content=\"https:\/\/nck.krakow.pl\/kcc\/krakowski-festiwal-tanca-2022\/czesci-ciala\/\" \/>\n<meta property=\"og:site_name\" content=\"Krakowskie Centrum Choreograficzne\" \/>\n<meta property=\"article:modified_time\" content=\"2022-08-08T08:58:44+00:00\" \/>\n<meta property=\"og:image\" content=\"https:\/\/nck.krakow.pl\/kcc\/wp-content\/uploads\/2022\/06\/ZDJECIE-GLOWNE-5.jpg\" \/>\n\t<meta property=\"og:image:width\" content=\"1574\" \/>\n\t<meta property=\"og:image:height\" content=\"945\" \/>\n\t<meta property=\"og:image:type\" content=\"image\/jpeg\" \/>\n<meta name=\"twitter:card\" content=\"summary_large_image\" \/>\n<meta name=\"twitter:label1\" content=\"Est. reading time\" \/>\n\t<meta name=\"twitter:data1\" content=\"1 minuta\" \/>\n<script type=\"application\/ld+json\" class=\"yoast-schema-graph\">{\"@context\":\"https:\/\/schema.org\",\"@graph\":[{\"@type\":\"WebPage\",\"@id\":\"https:\/\/nck.krakow.pl\/kcc\/krakowski-festiwal-tanca-2022\/czesci-ciala\/\",\"url\":\"https:\/\/nck.krakow.pl\/kcc\/krakowski-festiwal-tanca-2022\/czesci-ciala\/\",\"name\":\"\u201cCz\u0119\u015bci cia\u0142a\u201d - Krakowskie Centrum Choreograficzne\",\"isPartOf\":{\"@id\":\"https:\/\/nck.krakow.pl\/kcc\/#website\"},\"datePublished\":\"2022-06-28T07:21:15+00:00\",\"dateModified\":\"2022-08-08T08:58:44+00:00\",\"breadcrumb\":{\"@id\":\"https:\/\/nck.krakow.pl\/kcc\/krakowski-festiwal-tanca-2022\/czesci-ciala\/#breadcrumb\"},\"inLanguage\":\"pl-PL\",\"potentialAction\":[{\"@type\":\"ReadAction\",\"target\":[\"https:\/\/nck.krakow.pl\/kcc\/krakowski-festiwal-tanca-2022\/czesci-ciala\/\"]}]},{\"@type\":\"BreadcrumbList\",\"@id\":\"https:\/\/nck.krakow.pl\/kcc\/krakowski-festiwal-tanca-2022\/czesci-ciala\/#breadcrumb\",\"itemListElement\":[{\"@type\":\"ListItem\",\"position\":1,\"name\":\"Strona g\u0142\u00f3wna\",\"item\":\"https:\/\/nck.krakow.pl\/kcc\/\"},{\"@type\":\"ListItem\",\"position\":2,\"name\":\"Krakowski Festiwal Ta\u0144ca 2022\",\"item\":\"https:\/\/nck.krakow.pl\/kcc\/krakowski-festiwal-tanca-2022\/\"},{\"@type\":\"ListItem\",\"position\":3,\"name\":\"\u201cCz\u0119\u015bci cia\u0142a\u201d\"}]},{\"@type\":\"WebSite\",\"@id\":\"https:\/\/nck.krakow.pl\/kcc\/#website\",\"url\":\"https:\/\/nck.krakow.pl\/kcc\/\",\"name\":\"Krakowskie Centrum Choreograficzne\",\"description\":\"\",\"publisher\":{\"@id\":\"https:\/\/nck.krakow.pl\/kcc\/#organization\"},\"potentialAction\":[{\"@type\":\"SearchAction\",\"target\":{\"@type\":\"EntryPoint\",\"urlTemplate\":\"https:\/\/nck.krakow.pl\/kcc\/?s={search_term_string}\"},\"query-input\":\"required name=search_term_string\"}],\"inLanguage\":\"pl-PL\"},{\"@type\":\"Organization\",\"@id\":\"https:\/\/nck.krakow.pl\/kcc\/#organization\",\"name\":\"Krakowskie Centrum Choreograficzne\",\"url\":\"https:\/\/nck.krakow.pl\/kcc\/\",\"logo\":{\"@type\":\"ImageObject\",\"inLanguage\":\"pl-PL\",\"@id\":\"https:\/\/nck.krakow.pl\/kcc\/#\/schema\/logo\/image\/\",\"url\":\"https:\/\/nck.krakow.pl\/kcc\/wp-content\/uploads\/2020\/01\/cropped-logo-kcc-2020.png\",\"contentUrl\":\"https:\/\/nck.krakow.pl\/kcc\/wp-content\/uploads\/2020\/01\/cropped-logo-kcc-2020.png\",\"width\":116,\"height\":55,\"caption\":\"Krakowskie Centrum Choreograficzne\"},\"image\":{\"@id\":\"https:\/\/nck.krakow.pl\/kcc\/#\/schema\/logo\/image\/\"}}]}<\/script>\n<!-- \/ Yoast SEO plugin. -->","yoast_head_json":{"title":"\u201cCz\u0119\u015bci cia\u0142a\u201d - Krakowskie Centrum Choreograficzne","robots":{"index":"index","follow":"follow","max-snippet":"max-snippet:-1","max-image-preview":"max-image-preview:large","max-video-preview":"max-video-preview:-1"},"canonical":"https:\/\/nck.krakow.pl\/kcc\/krakowski-festiwal-tanca-2022\/czesci-ciala\/","og_locale":"pl_PL","og_type":"article","og_title":"\u201cCz\u0119\u015bci cia\u0142a\u201d - Krakowskie Centrum Choreograficzne","og_description":"\u201cCz\u0119\u015bci cia\u0142a\u201d &#8211; Ramona Nagabczy\u0144ska 7.08 NIEDZIELA, 19:00, Scena NCK, bilety: 25\/35 z\u0142 rozmowa z artystami_tkami, prowadzenie: Dominika Szala-Wentland czas trwania: 50 min Choreografia: Ramona Nagabczy\u0144skaWsp\u00f3\u0142praca dramaturgiczna: Mateusz Szyman\u00f3wka i Agata SiniarskaOpieka artystyczna: Philippe Ri\u00e9raMuzyka: Georges Bizet, Vincenzo Bellini, Mina, Prince\u015awiat\u0142a: J\u0119drzej J\u0119cikowskiKostiumy,rekwizyty: Nagi GianniProdukcja: Fundacja Burd\u0105gPartnerzy: Centrum w Ruchu, CSW Zamek Ujazdowski, Buda Kortrijk, [&hellip;]","og_url":"https:\/\/nck.krakow.pl\/kcc\/krakowski-festiwal-tanca-2022\/czesci-ciala\/","og_site_name":"Krakowskie Centrum Choreograficzne","article_modified_time":"2022-08-08T08:58:44+00:00","og_image":[{"width":1574,"height":945,"url":"https:\/\/nck.krakow.pl\/kcc\/wp-content\/uploads\/2022\/06\/ZDJECIE-GLOWNE-5.jpg","type":"image\/jpeg"}],"twitter_card":"summary_large_image","twitter_misc":{"Est. reading time":"1 minuta"},"schema":{"@context":"https:\/\/schema.org","@graph":[{"@type":"WebPage","@id":"https:\/\/nck.krakow.pl\/kcc\/krakowski-festiwal-tanca-2022\/czesci-ciala\/","url":"https:\/\/nck.krakow.pl\/kcc\/krakowski-festiwal-tanca-2022\/czesci-ciala\/","name":"\u201cCz\u0119\u015bci cia\u0142a\u201d - Krakowskie Centrum Choreograficzne","isPartOf":{"@id":"https:\/\/nck.krakow.pl\/kcc\/#website"},"datePublished":"2022-06-28T07:21:15+00:00","dateModified":"2022-08-08T08:58:44+00:00","breadcrumb":{"@id":"https:\/\/nck.krakow.pl\/kcc\/krakowski-festiwal-tanca-2022\/czesci-ciala\/#breadcrumb"},"inLanguage":"pl-PL","potentialAction":[{"@type":"ReadAction","target":["https:\/\/nck.krakow.pl\/kcc\/krakowski-festiwal-tanca-2022\/czesci-ciala\/"]}]},{"@type":"BreadcrumbList","@id":"https:\/\/nck.krakow.pl\/kcc\/krakowski-festiwal-tanca-2022\/czesci-ciala\/#breadcrumb","itemListElement":[{"@type":"ListItem","position":1,"name":"Strona g\u0142\u00f3wna","item":"https:\/\/nck.krakow.pl\/kcc\/"},{"@type":"ListItem","position":2,"name":"Krakowski Festiwal Ta\u0144ca 2022","item":"https:\/\/nck.krakow.pl\/kcc\/krakowski-festiwal-tanca-2022\/"},{"@type":"ListItem","position":3,"name":"\u201cCz\u0119\u015bci cia\u0142a\u201d"}]},{"@type":"WebSite","@id":"https:\/\/nck.krakow.pl\/kcc\/#website","url":"https:\/\/nck.krakow.pl\/kcc\/","name":"Krakowskie Centrum Choreograficzne","description":"","publisher":{"@id":"https:\/\/nck.krakow.pl\/kcc\/#organization"},"potentialAction":[{"@type":"SearchAction","target":{"@type":"EntryPoint","urlTemplate":"https:\/\/nck.krakow.pl\/kcc\/?s={search_term_string}"},"query-input":"required name=search_term_string"}],"inLanguage":"pl-PL"},{"@type":"Organization","@id":"https:\/\/nck.krakow.pl\/kcc\/#organization","name":"Krakowskie Centrum Choreograficzne","url":"https:\/\/nck.krakow.pl\/kcc\/","logo":{"@type":"ImageObject","inLanguage":"pl-PL","@id":"https:\/\/nck.krakow.pl\/kcc\/#\/schema\/logo\/image\/","url":"https:\/\/nck.krakow.pl\/kcc\/wp-content\/uploads\/2020\/01\/cropped-logo-kcc-2020.png","contentUrl":"https:\/\/nck.krakow.pl\/kcc\/wp-content\/uploads\/2020\/01\/cropped-logo-kcc-2020.png","width":116,"height":55,"caption":"Krakowskie Centrum Choreograficzne"},"image":{"@id":"https:\/\/nck.krakow.pl\/kcc\/#\/schema\/logo\/image\/"}}]}},"_links":{"self":[{"href":"https:\/\/nck.krakow.pl\/kcc\/wp-json\/wp\/v2\/pages\/6185"}],"collection":[{"href":"https:\/\/nck.krakow.pl\/kcc\/wp-json\/wp\/v2\/pages"}],"about":[{"href":"https:\/\/nck.krakow.pl\/kcc\/wp-json\/wp\/v2\/types\/page"}],"author":[{"embeddable":true,"href":"https:\/\/nck.krakow.pl\/kcc\/wp-json\/wp\/v2\/users\/5"}],"replies":[{"embeddable":true,"href":"https:\/\/nck.krakow.pl\/kcc\/wp-json\/wp\/v2\/comments?post=6185"}],"version-history":[{"count":2,"href":"https:\/\/nck.krakow.pl\/kcc\/wp-json\/wp\/v2\/pages\/6185\/revisions"}],"predecessor-version":[{"id":6284,"href":"https:\/\/nck.krakow.pl\/kcc\/wp-json\/wp\/v2\/pages\/6185\/revisions\/6284"}],"up":[{"embeddable":true,"href":"https:\/\/nck.krakow.pl\/kcc\/wp-json\/wp\/v2\/pages\/5943"}],"wp:featuredmedia":[{"embeddable":true,"href":"https:\/\/nck.krakow.pl\/kcc\/wp-json\/wp\/v2\/media\/6186"}],"wp:attachment":[{"href":"https:\/\/nck.krakow.pl\/kcc\/wp-json\/wp\/v2\/media?parent=6185"}],"curies":[{"name":"wp","href":"https:\/\/api.w.org\/{rel}","templated":true}]}}