{"id":6180,"date":"2022-06-28T07:14:33","date_gmt":"2022-06-28T07:14:33","guid":{"rendered":"https:\/\/nck.krakow.pl\/kcc\/?page_id=6180"},"modified":"2022-08-08T08:58:35","modified_gmt":"2022-08-08T08:58:35","slug":"11-edycja-konkursu-choreograficznego-321taniec","status":"publish","type":"page","link":"https:\/\/nck.krakow.pl\/kcc\/krakowski-festiwal-tanca-2022\/11-edycja-konkursu-choreograficznego-321taniec\/","title":{"rendered":"11. edycja konkursu choreograficznego 3\u20262\u20261\u2026TANIEC!"},"content":{"rendered":"\n<figure class=\"wp-block-image size-full\"><img loading=\"lazy\" decoding=\"async\" width=\"830\" height=\"375\" src=\"https:\/\/nck.krakow.pl\/kcc\/wp-content\/uploads\/2022\/06\/321_grafika.png\" alt=\"\" class=\"wp-image-6130\" srcset=\"https:\/\/nck.krakow.pl\/kcc\/wp-content\/uploads\/2022\/06\/321_grafika.png 830w, https:\/\/nck.krakow.pl\/kcc\/wp-content\/uploads\/2022\/06\/321_grafika-300x136.png 300w, https:\/\/nck.krakow.pl\/kcc\/wp-content\/uploads\/2022\/06\/321_grafika-768x347.png 768w\" sizes=\"(max-width: 830px) 100vw, 830px\" \/><\/figure>\n\n\n\n<p><strong>11. edycja konkursu choreograficznego 3\u20262\u20261\u2026TANIEC!<\/strong><\/p>\n\n\n\n<p><strong>5.08 PI\u0104TEK, 17:00, Scena NCK, bilety: 25\/35 z\u0142<\/strong><\/p>\n\n\n\n<p><strong>rozmowa z uczestnikami_czkami konkursu, jury oraz publiczno\u015bci\u0105&nbsp;<\/strong><\/p>\n\n\n\n<p>Konkurs choreograficzny 3&#8230;2&#8230;1&#8230;TANIEC! to wyj\u0105tkowe wydarzenie, podczas kt\u00f3rego prezentowane s\u0105 kr\u00f3tkie formy solowe, duety i tria oparte na szeroko rozumianej technice ta\u0144ca wsp\u00f3\u0142czesnego. Wyr\u00f3\u017cnikiem konkursu jest system przyznawania nagr\u00f3d \u2013 ka\u017cdy juror bez konsultacji z pozosta\u0142ymi cz\u0142onkami jury przyznaje dwie indywidualne nagrody dla dw\u00f3ch prezentacji. Impreza jest otwarta dla publiczno\u015bci, kt\u00f3ra r\u00f3wnie\u017c przyznaje swoj\u0105 nagrod\u0119 (kolektywnie, w drodze g\u0142osowania). Jurorami 3&#8230;2&#8230;1&#8230;TANIEC! 2022 s\u0105 Izabela Chlewi\u0144ska, Konrad Kurowski i Katarzyna Pastuszak.&nbsp;<\/p>\n\n\n\n<p>Do 11. edycji konkursu choreograficznego 3\u20262\u20261\u2026TANIEC! zosta\u0142o zg\u0142oszonych 40 propozycji. Po zapoznaniu si\u0119 ze wszystkimi zg\u0142oszeniami, Organizatorzy zakwalifikowali do konkursu nast\u0119puj\u0105ce prace:<\/p>\n\n\n\n<p>1.<strong>&nbsp;<em>W relacji z konfliktem&nbsp;<\/em><\/strong>chor.Monika B\u0142aszczak<\/p>\n\n\n\n<p>2.&nbsp;<strong><em>untold manifesto<\/em>&nbsp;<\/strong>chor. Joanna Brodniak<\/p>\n\n\n\n<p>3.&nbsp;<strong><em>Noc Walpurgi&nbsp;<\/em><\/strong>chor. Maria Pie\u0144kus<\/p>\n\n\n\n<p>4.&nbsp;<strong><em>Forezja&nbsp;<\/em><\/strong>chor.Julia Lewandowska, \u0141ukasz Szleszy\u0144ski<\/p>\n\n\n\n<p>5.&nbsp;<strong><em>Przebudzenie?&nbsp;<\/em><\/strong>chor. Agata Dul\u0119ba<\/p>\n\n\n\n<p>6.&nbsp;<strong><em>Posiadanie&nbsp;<\/em><\/strong>chor.Nina J\u00f3\u017awiak<\/p>\n\n\n\n<p>7.&nbsp;<strong><em>Porozmawiajmy o nas&nbsp;&nbsp;<\/em><\/strong>chor.Kacper Klimczak, Sara Koz\u0142owska, Dawid Marzec<\/p>\n\n\n\n<p>8.&nbsp;<strong><em>Przep\u0142yw&nbsp;<\/em><\/strong>chor.Iga Szczepa\u0144ska<\/p>\n\n\n\n<p>9.&nbsp;<strong><em>Terytorium\/Territory<\/em>&nbsp;<\/strong>chor. Anna Piotrowska<\/p>\n\n\n\n<p>10.&nbsp;<strong><em>Something is melting, something not (yet)<\/em>&nbsp;<\/strong>chor. Emilia Biskupik<\/p>\n\n\n\n<p>11<em>.<strong>&nbsp;Niestrojenie \/ Untuned<\/strong><\/em>chor. Eliza Ho\u0142ubowska<\/p>\n\n\n\n<p>12.<strong>&nbsp;<em>Vigilance&nbsp;<\/em><\/strong>chor. Benedykt Kr\u00f3l<\/p>\n\n\n\n<p>Do konkursu zakwalifikowa\u0142y si\u0119 r\u00f3wnie\u017c prace&nbsp;<strong><em>Have You ever\u2026?<\/em>&nbsp;<\/strong>chor. Zuzanna Strugacz i&nbsp;<strong><em>U\u015bpieni w zdarzeniach<\/em>&nbsp;<\/strong>chor. Anna Sawicka \u2013 Hodun, jednak z przyczyn osobistych nie mog\u0105 wzi\u0105\u0107 udzia\u0142u w konkursie.<\/p>\n\n\n\n<p>Komisja zdecydowa\u0142a si\u0119 wyr\u00f3\u017cni\u0107 powy\u017csze propozycje, bior\u0105c pod uwag\u0119 nast\u0119puj\u0105ce wytyczne:<\/p>\n\n\n\n<ul class=\"wp-block-list\"><li>kompozycj\u0119 ca\u0142o\u015bci;<\/li><li>pomys\u0142;<\/li><li>sp\u00f3jno\u015b\u0107 wybranych i zestawionych ze sob\u0105 element\u00f3w takich jak: podk\u0142ad muzyczny, kostium, \u015brodki wyrazu;<\/li><li>poziom techniczny wyst\u0119puj\u0105cych w prezentacjach tancerzy oraz ich wyrazisto\u015b\u0107;<\/li><li>oryginalno\u015b\u0107 j\u0119zyka ruchowego;<\/li><li>oraz inne walory choreograficzne.<\/li><\/ul>\n\n\n\n<p>Fot. Klaudyna Schubert<\/p>\n","protected":false},"excerpt":{"rendered":"<p>11. edycja konkursu choreograficznego 3\u20262\u20261\u2026TANIEC! 5.08 PI\u0104TEK, 17:00, Scena NCK, bilety: 25\/35 z\u0142 rozmowa z uczestnikami_czkami konkursu, jury oraz publiczno\u015bci\u0105&nbsp; Konkurs choreograficzny 3&#8230;2&#8230;1&#8230;TANIEC! to wyj\u0105tkowe wydarzenie, podczas kt\u00f3rego prezentowane s\u0105 kr\u00f3tkie formy solowe, duety i tria oparte na szeroko rozumianej technice ta\u0144ca wsp\u00f3\u0142czesnego. Wyr\u00f3\u017cnikiem konkursu jest system przyznawania nagr\u00f3d \u2013 ka\u017cdy juror bez konsultacji z [&hellip;]<\/p>\n","protected":false},"author":5,"featured_media":6130,"parent":5943,"menu_order":0,"comment_status":"closed","ping_status":"closed","template":"","meta":{"footnotes":""},"class_list":["post-6180","page","type-page","status-publish","has-post-thumbnail","hentry"],"yoast_head":"<!-- This site is optimized with the Yoast SEO plugin v19.12 - https:\/\/yoast.com\/wordpress\/plugins\/seo\/ -->\n<title>11. edycja konkursu choreograficznego 3\u20262\u20261\u2026TANIEC! - Krakowskie Centrum Choreograficzne<\/title>\n<meta name=\"robots\" content=\"index, follow, max-snippet:-1, max-image-preview:large, max-video-preview:-1\" \/>\n<link rel=\"canonical\" href=\"https:\/\/nck.krakow.pl\/kcc\/krakowski-festiwal-tanca-2022\/11-edycja-konkursu-choreograficznego-321taniec\/\" \/>\n<meta property=\"og:locale\" content=\"pl_PL\" \/>\n<meta property=\"og:type\" content=\"article\" \/>\n<meta property=\"og:title\" content=\"11. edycja konkursu choreograficznego 3\u20262\u20261\u2026TANIEC! - Krakowskie Centrum Choreograficzne\" \/>\n<meta property=\"og:description\" content=\"11. edycja konkursu choreograficznego 3\u20262\u20261\u2026TANIEC! 5.08 PI\u0104TEK, 17:00, Scena NCK, bilety: 25\/35 z\u0142 rozmowa z uczestnikami_czkami konkursu, jury oraz publiczno\u015bci\u0105&nbsp; Konkurs choreograficzny 3&#8230;2&#8230;1&#8230;TANIEC! to wyj\u0105tkowe wydarzenie, podczas kt\u00f3rego prezentowane s\u0105 kr\u00f3tkie formy solowe, duety i tria oparte na szeroko rozumianej technice ta\u0144ca wsp\u00f3\u0142czesnego. Wyr\u00f3\u017cnikiem konkursu jest system przyznawania nagr\u00f3d \u2013 ka\u017cdy juror bez konsultacji z [&hellip;]\" \/>\n<meta property=\"og:url\" content=\"https:\/\/nck.krakow.pl\/kcc\/krakowski-festiwal-tanca-2022\/11-edycja-konkursu-choreograficznego-321taniec\/\" \/>\n<meta property=\"og:site_name\" content=\"Krakowskie Centrum Choreograficzne\" \/>\n<meta property=\"article:modified_time\" content=\"2022-08-08T08:58:35+00:00\" \/>\n<meta property=\"og:image\" content=\"https:\/\/nck.krakow.pl\/kcc\/wp-content\/uploads\/2022\/06\/321_grafika.png\" \/>\n\t<meta property=\"og:image:width\" content=\"830\" \/>\n\t<meta property=\"og:image:height\" content=\"375\" \/>\n\t<meta property=\"og:image:type\" content=\"image\/png\" \/>\n<meta name=\"twitter:card\" content=\"summary_large_image\" \/>\n<meta name=\"twitter:label1\" content=\"Est. reading time\" \/>\n\t<meta name=\"twitter:data1\" content=\"2 minuty\" \/>\n<script type=\"application\/ld+json\" class=\"yoast-schema-graph\">{\"@context\":\"https:\/\/schema.org\",\"@graph\":[{\"@type\":\"WebPage\",\"@id\":\"https:\/\/nck.krakow.pl\/kcc\/krakowski-festiwal-tanca-2022\/11-edycja-konkursu-choreograficznego-321taniec\/\",\"url\":\"https:\/\/nck.krakow.pl\/kcc\/krakowski-festiwal-tanca-2022\/11-edycja-konkursu-choreograficznego-321taniec\/\",\"name\":\"11. edycja konkursu choreograficznego 3\u20262\u20261\u2026TANIEC! - Krakowskie Centrum Choreograficzne\",\"isPartOf\":{\"@id\":\"https:\/\/nck.krakow.pl\/kcc\/#website\"},\"datePublished\":\"2022-06-28T07:14:33+00:00\",\"dateModified\":\"2022-08-08T08:58:35+00:00\",\"breadcrumb\":{\"@id\":\"https:\/\/nck.krakow.pl\/kcc\/krakowski-festiwal-tanca-2022\/11-edycja-konkursu-choreograficznego-321taniec\/#breadcrumb\"},\"inLanguage\":\"pl-PL\",\"potentialAction\":[{\"@type\":\"ReadAction\",\"target\":[\"https:\/\/nck.krakow.pl\/kcc\/krakowski-festiwal-tanca-2022\/11-edycja-konkursu-choreograficznego-321taniec\/\"]}]},{\"@type\":\"BreadcrumbList\",\"@id\":\"https:\/\/nck.krakow.pl\/kcc\/krakowski-festiwal-tanca-2022\/11-edycja-konkursu-choreograficznego-321taniec\/#breadcrumb\",\"itemListElement\":[{\"@type\":\"ListItem\",\"position\":1,\"name\":\"Strona g\u0142\u00f3wna\",\"item\":\"https:\/\/nck.krakow.pl\/kcc\/\"},{\"@type\":\"ListItem\",\"position\":2,\"name\":\"Krakowski Festiwal Ta\u0144ca 2022\",\"item\":\"https:\/\/nck.krakow.pl\/kcc\/krakowski-festiwal-tanca-2022\/\"},{\"@type\":\"ListItem\",\"position\":3,\"name\":\"11. edycja konkursu choreograficznego 3\u20262\u20261\u2026TANIEC!\"}]},{\"@type\":\"WebSite\",\"@id\":\"https:\/\/nck.krakow.pl\/kcc\/#website\",\"url\":\"https:\/\/nck.krakow.pl\/kcc\/\",\"name\":\"Krakowskie Centrum Choreograficzne\",\"description\":\"\",\"publisher\":{\"@id\":\"https:\/\/nck.krakow.pl\/kcc\/#organization\"},\"potentialAction\":[{\"@type\":\"SearchAction\",\"target\":{\"@type\":\"EntryPoint\",\"urlTemplate\":\"https:\/\/nck.krakow.pl\/kcc\/?s={search_term_string}\"},\"query-input\":\"required name=search_term_string\"}],\"inLanguage\":\"pl-PL\"},{\"@type\":\"Organization\",\"@id\":\"https:\/\/nck.krakow.pl\/kcc\/#organization\",\"name\":\"Krakowskie Centrum Choreograficzne\",\"url\":\"https:\/\/nck.krakow.pl\/kcc\/\",\"logo\":{\"@type\":\"ImageObject\",\"inLanguage\":\"pl-PL\",\"@id\":\"https:\/\/nck.krakow.pl\/kcc\/#\/schema\/logo\/image\/\",\"url\":\"https:\/\/nck.krakow.pl\/kcc\/wp-content\/uploads\/2020\/01\/cropped-logo-kcc-2020.png\",\"contentUrl\":\"https:\/\/nck.krakow.pl\/kcc\/wp-content\/uploads\/2020\/01\/cropped-logo-kcc-2020.png\",\"width\":116,\"height\":55,\"caption\":\"Krakowskie Centrum Choreograficzne\"},\"image\":{\"@id\":\"https:\/\/nck.krakow.pl\/kcc\/#\/schema\/logo\/image\/\"}}]}<\/script>\n<!-- \/ Yoast SEO plugin. -->","yoast_head_json":{"title":"11. edycja konkursu choreograficznego 3\u20262\u20261\u2026TANIEC! - Krakowskie Centrum Choreograficzne","robots":{"index":"index","follow":"follow","max-snippet":"max-snippet:-1","max-image-preview":"max-image-preview:large","max-video-preview":"max-video-preview:-1"},"canonical":"https:\/\/nck.krakow.pl\/kcc\/krakowski-festiwal-tanca-2022\/11-edycja-konkursu-choreograficznego-321taniec\/","og_locale":"pl_PL","og_type":"article","og_title":"11. edycja konkursu choreograficznego 3\u20262\u20261\u2026TANIEC! - Krakowskie Centrum Choreograficzne","og_description":"11. edycja konkursu choreograficznego 3\u20262\u20261\u2026TANIEC! 5.08 PI\u0104TEK, 17:00, Scena NCK, bilety: 25\/35 z\u0142 rozmowa z uczestnikami_czkami konkursu, jury oraz publiczno\u015bci\u0105&nbsp; Konkurs choreograficzny 3&#8230;2&#8230;1&#8230;TANIEC! to wyj\u0105tkowe wydarzenie, podczas kt\u00f3rego prezentowane s\u0105 kr\u00f3tkie formy solowe, duety i tria oparte na szeroko rozumianej technice ta\u0144ca wsp\u00f3\u0142czesnego. Wyr\u00f3\u017cnikiem konkursu jest system przyznawania nagr\u00f3d \u2013 ka\u017cdy juror bez konsultacji z [&hellip;]","og_url":"https:\/\/nck.krakow.pl\/kcc\/krakowski-festiwal-tanca-2022\/11-edycja-konkursu-choreograficznego-321taniec\/","og_site_name":"Krakowskie Centrum Choreograficzne","article_modified_time":"2022-08-08T08:58:35+00:00","og_image":[{"width":830,"height":375,"url":"https:\/\/nck.krakow.pl\/kcc\/wp-content\/uploads\/2022\/06\/321_grafika.png","type":"image\/png"}],"twitter_card":"summary_large_image","twitter_misc":{"Est. reading time":"2 minuty"},"schema":{"@context":"https:\/\/schema.org","@graph":[{"@type":"WebPage","@id":"https:\/\/nck.krakow.pl\/kcc\/krakowski-festiwal-tanca-2022\/11-edycja-konkursu-choreograficznego-321taniec\/","url":"https:\/\/nck.krakow.pl\/kcc\/krakowski-festiwal-tanca-2022\/11-edycja-konkursu-choreograficznego-321taniec\/","name":"11. edycja konkursu choreograficznego 3\u20262\u20261\u2026TANIEC! - Krakowskie Centrum Choreograficzne","isPartOf":{"@id":"https:\/\/nck.krakow.pl\/kcc\/#website"},"datePublished":"2022-06-28T07:14:33+00:00","dateModified":"2022-08-08T08:58:35+00:00","breadcrumb":{"@id":"https:\/\/nck.krakow.pl\/kcc\/krakowski-festiwal-tanca-2022\/11-edycja-konkursu-choreograficznego-321taniec\/#breadcrumb"},"inLanguage":"pl-PL","potentialAction":[{"@type":"ReadAction","target":["https:\/\/nck.krakow.pl\/kcc\/krakowski-festiwal-tanca-2022\/11-edycja-konkursu-choreograficznego-321taniec\/"]}]},{"@type":"BreadcrumbList","@id":"https:\/\/nck.krakow.pl\/kcc\/krakowski-festiwal-tanca-2022\/11-edycja-konkursu-choreograficznego-321taniec\/#breadcrumb","itemListElement":[{"@type":"ListItem","position":1,"name":"Strona g\u0142\u00f3wna","item":"https:\/\/nck.krakow.pl\/kcc\/"},{"@type":"ListItem","position":2,"name":"Krakowski Festiwal Ta\u0144ca 2022","item":"https:\/\/nck.krakow.pl\/kcc\/krakowski-festiwal-tanca-2022\/"},{"@type":"ListItem","position":3,"name":"11. edycja konkursu choreograficznego 3\u20262\u20261\u2026TANIEC!"}]},{"@type":"WebSite","@id":"https:\/\/nck.krakow.pl\/kcc\/#website","url":"https:\/\/nck.krakow.pl\/kcc\/","name":"Krakowskie Centrum Choreograficzne","description":"","publisher":{"@id":"https:\/\/nck.krakow.pl\/kcc\/#organization"},"potentialAction":[{"@type":"SearchAction","target":{"@type":"EntryPoint","urlTemplate":"https:\/\/nck.krakow.pl\/kcc\/?s={search_term_string}"},"query-input":"required name=search_term_string"}],"inLanguage":"pl-PL"},{"@type":"Organization","@id":"https:\/\/nck.krakow.pl\/kcc\/#organization","name":"Krakowskie Centrum Choreograficzne","url":"https:\/\/nck.krakow.pl\/kcc\/","logo":{"@type":"ImageObject","inLanguage":"pl-PL","@id":"https:\/\/nck.krakow.pl\/kcc\/#\/schema\/logo\/image\/","url":"https:\/\/nck.krakow.pl\/kcc\/wp-content\/uploads\/2020\/01\/cropped-logo-kcc-2020.png","contentUrl":"https:\/\/nck.krakow.pl\/kcc\/wp-content\/uploads\/2020\/01\/cropped-logo-kcc-2020.png","width":116,"height":55,"caption":"Krakowskie Centrum Choreograficzne"},"image":{"@id":"https:\/\/nck.krakow.pl\/kcc\/#\/schema\/logo\/image\/"}}]}},"_links":{"self":[{"href":"https:\/\/nck.krakow.pl\/kcc\/wp-json\/wp\/v2\/pages\/6180"}],"collection":[{"href":"https:\/\/nck.krakow.pl\/kcc\/wp-json\/wp\/v2\/pages"}],"about":[{"href":"https:\/\/nck.krakow.pl\/kcc\/wp-json\/wp\/v2\/types\/page"}],"author":[{"embeddable":true,"href":"https:\/\/nck.krakow.pl\/kcc\/wp-json\/wp\/v2\/users\/5"}],"replies":[{"embeddable":true,"href":"https:\/\/nck.krakow.pl\/kcc\/wp-json\/wp\/v2\/comments?post=6180"}],"version-history":[{"count":5,"href":"https:\/\/nck.krakow.pl\/kcc\/wp-json\/wp\/v2\/pages\/6180\/revisions"}],"predecessor-version":[{"id":6282,"href":"https:\/\/nck.krakow.pl\/kcc\/wp-json\/wp\/v2\/pages\/6180\/revisions\/6282"}],"up":[{"embeddable":true,"href":"https:\/\/nck.krakow.pl\/kcc\/wp-json\/wp\/v2\/pages\/5943"}],"wp:featuredmedia":[{"embeddable":true,"href":"https:\/\/nck.krakow.pl\/kcc\/wp-json\/wp\/v2\/media\/6130"}],"wp:attachment":[{"href":"https:\/\/nck.krakow.pl\/kcc\/wp-json\/wp\/v2\/media?parent=6180"}],"curies":[{"name":"wp","href":"https:\/\/api.w.org\/{rel}","templated":true}]}}