{"id":6177,"date":"2022-06-28T07:11:48","date_gmt":"2022-06-28T07:11:48","guid":{"rendered":"https:\/\/nck.krakow.pl\/kcc\/?page_id=6177"},"modified":"2022-06-29T10:29:02","modified_gmt":"2022-06-29T10:29:02","slug":"visual-ambient-jam-session","status":"publish","type":"page","link":"https:\/\/nck.krakow.pl\/kcc\/krakowski-festiwal-tanca-2022\/visual-ambient-jam-session\/","title":{"rendered":"VISUAL AMBIENT JAM SESSION"},"content":{"rendered":"\n<figure class=\"wp-block-image size-large\"><img loading=\"lazy\" decoding=\"async\" width=\"1024\" height=\"682\" src=\"https:\/\/nck.krakow.pl\/kcc\/wp-content\/uploads\/2022\/06\/ZDJECIE-GLOWNE-4-1024x682.jpg\" alt=\"\" class=\"wp-image-6178\" srcset=\"https:\/\/nck.krakow.pl\/kcc\/wp-content\/uploads\/2022\/06\/ZDJECIE-GLOWNE-4-1024x682.jpg 1024w, https:\/\/nck.krakow.pl\/kcc\/wp-content\/uploads\/2022\/06\/ZDJECIE-GLOWNE-4-300x200.jpg 300w, https:\/\/nck.krakow.pl\/kcc\/wp-content\/uploads\/2022\/06\/ZDJECIE-GLOWNE-4-768x512.jpg 768w, https:\/\/nck.krakow.pl\/kcc\/wp-content\/uploads\/2022\/06\/ZDJECIE-GLOWNE-4-1536x1024.jpg 1536w, https:\/\/nck.krakow.pl\/kcc\/wp-content\/uploads\/2022\/06\/ZDJECIE-GLOWNE-4.jpg 2000w\" sizes=\"(max-width: 1024px) 100vw, 1024px\" \/><\/figure>\n\n\n\n<p><strong>VISUAL AMBIENT JAM SESSION<\/strong><\/p>\n\n\n\n<p><strong>4.08 CZWARTEK, 20:30, Hevre (ul. Meiselsa 18), wst\u0119p wolny<\/strong><\/p>\n\n\n\n<p>Jednym z kulminacyjnych punkt\u00f3w II edycji KRAKOWSKIEGO FESTIWALU TA\u0143CA b\u0119dzie VISUAL AMBIENT JAM SESSION, kt\u00f3ry odb\u0119dzie si\u0119 na krakowskim Kazimierzu w przestrzeni Hevre- w miejscu skrzy\u017cowa\u0144 wielu inicjatyw kulturalnych i spo\u0142ecznych. Wydarzenie to \u0142\u0105czy ze sob\u0105 dwa wa\u017cne punkty programowe: ambient jam oraz live photo session. Ambient jam jest przestrzeni\u0105 dla improwizacji muzycznej Paw\u0142a Pruskiego oraz improwizacji tanecznej uczestnik\u00f3w warsztat\u00f3w, artyst\u00f3w i widz\u00f3w KRAKOWSKIEGO FESTIWALU TA\u0143CA. Z kolei live photo session to sesja zdj\u0119ciowa realizowana na \u017cywo podczas wydarzenia przez fotografk\u0119 teatraln\u0105 Klaudyn\u0119 Schubert. Ide\u0105 sesji jest maksymalizacja do\u015bwiadczenia \u201etu i teraz\u201d oraz wywrotne spojrzenie na dokumentacyjn\u0105 funkcji fotografii. Uczestnicy wydarzenia jako jedyni i tylko ten jedyny raz b\u0119d\u0105 mogli zobaczy\u0107 zdj\u0119cia ze swoim udzia\u0142em. Dodatkowym wzmocnieniem do\u015bwiadczenia festiwalowej \u201cniesko\u0144czono\u015bci\u201d jest&nbsp; projekcja 360 stopni.&nbsp;<\/p>\n\n\n\n<p><strong>Pruski<\/strong><strong>&nbsp;<br><\/strong>Producent muzyczny tworz\u0105cy na pograniczu ambientu oraz dronu. Zwi\u0105zany z wytw\u00f3rni\u0105 Whitelabrecs (UK) oraz Krysalisound (IT). Do tej pory wyda\u0142 pi\u0119\u0107 solowych album\u00f3w, bra\u0142 te\u017c udzia\u0142 w wielu kompilacjach dedykowanych muzyce ambientowej. Prezentowa\u0142 swoje produkcje na Festiwalu Ambientalnym, Freeform Festival, Tauron Festival, WRO Festival i wielu innych miejscach. Podczas liveact\u00f3w prezentuje po\u0142\u0105czenie generatywnego ambientu z elementami improwizacji. Fan syntezator\u00f3w modularnych oraz szum\u00f3w ta\u015bmy.&nbsp;<br>Spotify:&nbsp;<a href=\"https:\/\/open.spotify.com\/artist\/25pMn6OremNFW2pRX909Ib?si=9LFYzQWCTUa3U2V8JFDgfw\" target=\"_blank\" rel=\"noreferrer noopener\">https:\/\/open.spotify.com\/artist\/25pMn6OremNFW2pRX909Ib?si=9LFYzQWCTUa3U2V8JFDgfw<\/a><br>Instagram:&nbsp;<a href=\"https:\/\/www.instagram.com\/pruski_music\/\" target=\"_blank\" rel=\"noreferrer noopener\">https:\/\/www.instagram.com\/pruski_music\/<\/a><br>Bandcamp:&nbsp;<a href=\"https:\/\/whitelabrecs.bandcamp.com\/album\/whispers\" target=\"_blank\" rel=\"noreferrer noopener\">https:\/\/whitelabrecs.bandcamp.com\/album\/whispers<\/a><strong><\/strong><\/p>\n\n\n\n<p><strong>Klaudyna Schubert<\/strong><br>Fotografka, re\u017cyserka \u015bwiat\u0142a. Wsp\u00f3\u0142pracuje z szeregiem instytucji kultury i festiwalami w ca\u0142ej Polsce. Autorka fotografii do ksi\u0105\u017cek oraz projekt\u00f3w, kt\u00f3re by\u0142y prezentowane w ramach wystaw indywidualnych (m.in. \u201cINSIDE OUT\u201d [2020]\u201d, \u201eDance until we are lost\u201d [2021]) i zbiorowych. Pi\u0119ciokrotna finalistka Konkursu Fotografii Teatralnej organizowanego przez Instytut Teatralny im. Zbigniewa Raszewskiego. Najch\u0119tniej fotografuje teatr i oryginalne formy artystycznego wyrazu.&nbsp;Uwielbia zwyk\u0142e momenty i niezwyk\u0142e wydarzenia, a w fotografii pr\u00f3buje pokaza\u0107 ich odwrotno\u015b\u0107.<\/p>\n\n\n\n<p>Instagram: <a href=\"https:\/\/www.instagram.com\/klaudyna_schubert\/\" target=\"_blank\" rel=\"noreferrer noopener\">@klaudyna Schubert &nbsp;<\/a><\/p>\n\n\n\n<p>Fot. Klaudyna Schubert<\/p>\n\n\n\n<figure class=\"wp-block-image size-large is-resized\"><img loading=\"lazy\" decoding=\"async\" src=\"https:\/\/nck.krakow.pl\/kcc\/wp-content\/uploads\/2022\/06\/hevre-logo-1-1024x597.png\" alt=\"\" class=\"wp-image-6202\" width=\"294\" height=\"171\" srcset=\"https:\/\/nck.krakow.pl\/kcc\/wp-content\/uploads\/2022\/06\/hevre-logo-1-1024x597.png 1024w, https:\/\/nck.krakow.pl\/kcc\/wp-content\/uploads\/2022\/06\/hevre-logo-1-300x175.png 300w, https:\/\/nck.krakow.pl\/kcc\/wp-content\/uploads\/2022\/06\/hevre-logo-1-768x448.png 768w, https:\/\/nck.krakow.pl\/kcc\/wp-content\/uploads\/2022\/06\/hevre-logo-1-1536x896.png 1536w, https:\/\/nck.krakow.pl\/kcc\/wp-content\/uploads\/2022\/06\/hevre-logo-1-2048x1194.png 2048w\" sizes=\"(max-width: 294px) 100vw, 294px\" \/><\/figure>\n","protected":false},"excerpt":{"rendered":"<p>VISUAL AMBIENT JAM SESSION 4.08 CZWARTEK, 20:30, Hevre (ul. Meiselsa 18), wst\u0119p wolny Jednym z kulminacyjnych punkt\u00f3w II edycji KRAKOWSKIEGO FESTIWALU TA\u0143CA b\u0119dzie VISUAL AMBIENT JAM SESSION, kt\u00f3ry odb\u0119dzie si\u0119 na krakowskim Kazimierzu w przestrzeni Hevre- w miejscu skrzy\u017cowa\u0144 wielu inicjatyw kulturalnych i spo\u0142ecznych. Wydarzenie to \u0142\u0105czy ze sob\u0105 dwa wa\u017cne punkty programowe: ambient jam [&hellip;]<\/p>\n","protected":false},"author":5,"featured_media":6178,"parent":5943,"menu_order":0,"comment_status":"closed","ping_status":"closed","template":"","meta":{"footnotes":""},"class_list":["post-6177","page","type-page","status-publish","has-post-thumbnail","hentry"],"yoast_head":"<!-- This site is optimized with the Yoast SEO plugin v19.12 - https:\/\/yoast.com\/wordpress\/plugins\/seo\/ -->\n<title>VISUAL AMBIENT JAM SESSION - Krakowskie Centrum Choreograficzne<\/title>\n<meta name=\"robots\" content=\"index, follow, max-snippet:-1, max-image-preview:large, max-video-preview:-1\" \/>\n<link rel=\"canonical\" href=\"https:\/\/nck.krakow.pl\/kcc\/krakowski-festiwal-tanca-2022\/visual-ambient-jam-session\/\" \/>\n<meta property=\"og:locale\" content=\"pl_PL\" \/>\n<meta property=\"og:type\" content=\"article\" \/>\n<meta property=\"og:title\" content=\"VISUAL AMBIENT JAM SESSION - Krakowskie Centrum Choreograficzne\" \/>\n<meta property=\"og:description\" content=\"VISUAL AMBIENT JAM SESSION 4.08 CZWARTEK, 20:30, Hevre (ul. Meiselsa 18), wst\u0119p wolny Jednym z kulminacyjnych punkt\u00f3w II edycji KRAKOWSKIEGO FESTIWALU TA\u0143CA b\u0119dzie VISUAL AMBIENT JAM SESSION, kt\u00f3ry odb\u0119dzie si\u0119 na krakowskim Kazimierzu w przestrzeni Hevre- w miejscu skrzy\u017cowa\u0144 wielu inicjatyw kulturalnych i spo\u0142ecznych. Wydarzenie to \u0142\u0105czy ze sob\u0105 dwa wa\u017cne punkty programowe: ambient jam [&hellip;]\" \/>\n<meta property=\"og:url\" content=\"https:\/\/nck.krakow.pl\/kcc\/krakowski-festiwal-tanca-2022\/visual-ambient-jam-session\/\" \/>\n<meta property=\"og:site_name\" content=\"Krakowskie Centrum Choreograficzne\" \/>\n<meta property=\"article:modified_time\" content=\"2022-06-29T10:29:02+00:00\" \/>\n<meta property=\"og:image\" content=\"https:\/\/nck.krakow.pl\/kcc\/wp-content\/uploads\/2022\/06\/ZDJECIE-GLOWNE-4.jpg\" \/>\n\t<meta property=\"og:image:width\" content=\"2000\" \/>\n\t<meta property=\"og:image:height\" content=\"1333\" \/>\n\t<meta property=\"og:image:type\" content=\"image\/jpeg\" \/>\n<meta name=\"twitter:card\" content=\"summary_large_image\" \/>\n<meta name=\"twitter:label1\" content=\"Est. reading time\" \/>\n\t<meta name=\"twitter:data1\" content=\"2 minuty\" \/>\n<script type=\"application\/ld+json\" class=\"yoast-schema-graph\">{\"@context\":\"https:\/\/schema.org\",\"@graph\":[{\"@type\":\"WebPage\",\"@id\":\"https:\/\/nck.krakow.pl\/kcc\/krakowski-festiwal-tanca-2022\/visual-ambient-jam-session\/\",\"url\":\"https:\/\/nck.krakow.pl\/kcc\/krakowski-festiwal-tanca-2022\/visual-ambient-jam-session\/\",\"name\":\"VISUAL AMBIENT JAM SESSION - Krakowskie Centrum Choreograficzne\",\"isPartOf\":{\"@id\":\"https:\/\/nck.krakow.pl\/kcc\/#website\"},\"datePublished\":\"2022-06-28T07:11:48+00:00\",\"dateModified\":\"2022-06-29T10:29:02+00:00\",\"breadcrumb\":{\"@id\":\"https:\/\/nck.krakow.pl\/kcc\/krakowski-festiwal-tanca-2022\/visual-ambient-jam-session\/#breadcrumb\"},\"inLanguage\":\"pl-PL\",\"potentialAction\":[{\"@type\":\"ReadAction\",\"target\":[\"https:\/\/nck.krakow.pl\/kcc\/krakowski-festiwal-tanca-2022\/visual-ambient-jam-session\/\"]}]},{\"@type\":\"BreadcrumbList\",\"@id\":\"https:\/\/nck.krakow.pl\/kcc\/krakowski-festiwal-tanca-2022\/visual-ambient-jam-session\/#breadcrumb\",\"itemListElement\":[{\"@type\":\"ListItem\",\"position\":1,\"name\":\"Strona g\u0142\u00f3wna\",\"item\":\"https:\/\/nck.krakow.pl\/kcc\/\"},{\"@type\":\"ListItem\",\"position\":2,\"name\":\"Krakowski Festiwal Ta\u0144ca 2022\",\"item\":\"https:\/\/nck.krakow.pl\/kcc\/krakowski-festiwal-tanca-2022\/\"},{\"@type\":\"ListItem\",\"position\":3,\"name\":\"VISUAL AMBIENT JAM SESSION\"}]},{\"@type\":\"WebSite\",\"@id\":\"https:\/\/nck.krakow.pl\/kcc\/#website\",\"url\":\"https:\/\/nck.krakow.pl\/kcc\/\",\"name\":\"Krakowskie Centrum Choreograficzne\",\"description\":\"\",\"publisher\":{\"@id\":\"https:\/\/nck.krakow.pl\/kcc\/#organization\"},\"potentialAction\":[{\"@type\":\"SearchAction\",\"target\":{\"@type\":\"EntryPoint\",\"urlTemplate\":\"https:\/\/nck.krakow.pl\/kcc\/?s={search_term_string}\"},\"query-input\":\"required name=search_term_string\"}],\"inLanguage\":\"pl-PL\"},{\"@type\":\"Organization\",\"@id\":\"https:\/\/nck.krakow.pl\/kcc\/#organization\",\"name\":\"Krakowskie Centrum Choreograficzne\",\"url\":\"https:\/\/nck.krakow.pl\/kcc\/\",\"logo\":{\"@type\":\"ImageObject\",\"inLanguage\":\"pl-PL\",\"@id\":\"https:\/\/nck.krakow.pl\/kcc\/#\/schema\/logo\/image\/\",\"url\":\"https:\/\/nck.krakow.pl\/kcc\/wp-content\/uploads\/2020\/01\/cropped-logo-kcc-2020.png\",\"contentUrl\":\"https:\/\/nck.krakow.pl\/kcc\/wp-content\/uploads\/2020\/01\/cropped-logo-kcc-2020.png\",\"width\":116,\"height\":55,\"caption\":\"Krakowskie Centrum Choreograficzne\"},\"image\":{\"@id\":\"https:\/\/nck.krakow.pl\/kcc\/#\/schema\/logo\/image\/\"}}]}<\/script>\n<!-- \/ Yoast SEO plugin. -->","yoast_head_json":{"title":"VISUAL AMBIENT JAM SESSION - Krakowskie Centrum Choreograficzne","robots":{"index":"index","follow":"follow","max-snippet":"max-snippet:-1","max-image-preview":"max-image-preview:large","max-video-preview":"max-video-preview:-1"},"canonical":"https:\/\/nck.krakow.pl\/kcc\/krakowski-festiwal-tanca-2022\/visual-ambient-jam-session\/","og_locale":"pl_PL","og_type":"article","og_title":"VISUAL AMBIENT JAM SESSION - Krakowskie Centrum Choreograficzne","og_description":"VISUAL AMBIENT JAM SESSION 4.08 CZWARTEK, 20:30, Hevre (ul. Meiselsa 18), wst\u0119p wolny Jednym z kulminacyjnych punkt\u00f3w II edycji KRAKOWSKIEGO FESTIWALU TA\u0143CA b\u0119dzie VISUAL AMBIENT JAM SESSION, kt\u00f3ry odb\u0119dzie si\u0119 na krakowskim Kazimierzu w przestrzeni Hevre- w miejscu skrzy\u017cowa\u0144 wielu inicjatyw kulturalnych i spo\u0142ecznych. Wydarzenie to \u0142\u0105czy ze sob\u0105 dwa wa\u017cne punkty programowe: ambient jam [&hellip;]","og_url":"https:\/\/nck.krakow.pl\/kcc\/krakowski-festiwal-tanca-2022\/visual-ambient-jam-session\/","og_site_name":"Krakowskie Centrum Choreograficzne","article_modified_time":"2022-06-29T10:29:02+00:00","og_image":[{"width":2000,"height":1333,"url":"https:\/\/nck.krakow.pl\/kcc\/wp-content\/uploads\/2022\/06\/ZDJECIE-GLOWNE-4.jpg","type":"image\/jpeg"}],"twitter_card":"summary_large_image","twitter_misc":{"Est. reading time":"2 minuty"},"schema":{"@context":"https:\/\/schema.org","@graph":[{"@type":"WebPage","@id":"https:\/\/nck.krakow.pl\/kcc\/krakowski-festiwal-tanca-2022\/visual-ambient-jam-session\/","url":"https:\/\/nck.krakow.pl\/kcc\/krakowski-festiwal-tanca-2022\/visual-ambient-jam-session\/","name":"VISUAL AMBIENT JAM SESSION - Krakowskie Centrum Choreograficzne","isPartOf":{"@id":"https:\/\/nck.krakow.pl\/kcc\/#website"},"datePublished":"2022-06-28T07:11:48+00:00","dateModified":"2022-06-29T10:29:02+00:00","breadcrumb":{"@id":"https:\/\/nck.krakow.pl\/kcc\/krakowski-festiwal-tanca-2022\/visual-ambient-jam-session\/#breadcrumb"},"inLanguage":"pl-PL","potentialAction":[{"@type":"ReadAction","target":["https:\/\/nck.krakow.pl\/kcc\/krakowski-festiwal-tanca-2022\/visual-ambient-jam-session\/"]}]},{"@type":"BreadcrumbList","@id":"https:\/\/nck.krakow.pl\/kcc\/krakowski-festiwal-tanca-2022\/visual-ambient-jam-session\/#breadcrumb","itemListElement":[{"@type":"ListItem","position":1,"name":"Strona g\u0142\u00f3wna","item":"https:\/\/nck.krakow.pl\/kcc\/"},{"@type":"ListItem","position":2,"name":"Krakowski Festiwal Ta\u0144ca 2022","item":"https:\/\/nck.krakow.pl\/kcc\/krakowski-festiwal-tanca-2022\/"},{"@type":"ListItem","position":3,"name":"VISUAL AMBIENT JAM SESSION"}]},{"@type":"WebSite","@id":"https:\/\/nck.krakow.pl\/kcc\/#website","url":"https:\/\/nck.krakow.pl\/kcc\/","name":"Krakowskie Centrum Choreograficzne","description":"","publisher":{"@id":"https:\/\/nck.krakow.pl\/kcc\/#organization"},"potentialAction":[{"@type":"SearchAction","target":{"@type":"EntryPoint","urlTemplate":"https:\/\/nck.krakow.pl\/kcc\/?s={search_term_string}"},"query-input":"required name=search_term_string"}],"inLanguage":"pl-PL"},{"@type":"Organization","@id":"https:\/\/nck.krakow.pl\/kcc\/#organization","name":"Krakowskie Centrum Choreograficzne","url":"https:\/\/nck.krakow.pl\/kcc\/","logo":{"@type":"ImageObject","inLanguage":"pl-PL","@id":"https:\/\/nck.krakow.pl\/kcc\/#\/schema\/logo\/image\/","url":"https:\/\/nck.krakow.pl\/kcc\/wp-content\/uploads\/2020\/01\/cropped-logo-kcc-2020.png","contentUrl":"https:\/\/nck.krakow.pl\/kcc\/wp-content\/uploads\/2020\/01\/cropped-logo-kcc-2020.png","width":116,"height":55,"caption":"Krakowskie Centrum Choreograficzne"},"image":{"@id":"https:\/\/nck.krakow.pl\/kcc\/#\/schema\/logo\/image\/"}}]}},"_links":{"self":[{"href":"https:\/\/nck.krakow.pl\/kcc\/wp-json\/wp\/v2\/pages\/6177"}],"collection":[{"href":"https:\/\/nck.krakow.pl\/kcc\/wp-json\/wp\/v2\/pages"}],"about":[{"href":"https:\/\/nck.krakow.pl\/kcc\/wp-json\/wp\/v2\/types\/page"}],"author":[{"embeddable":true,"href":"https:\/\/nck.krakow.pl\/kcc\/wp-json\/wp\/v2\/users\/5"}],"replies":[{"embeddable":true,"href":"https:\/\/nck.krakow.pl\/kcc\/wp-json\/wp\/v2\/comments?post=6177"}],"version-history":[{"count":2,"href":"https:\/\/nck.krakow.pl\/kcc\/wp-json\/wp\/v2\/pages\/6177\/revisions"}],"predecessor-version":[{"id":6203,"href":"https:\/\/nck.krakow.pl\/kcc\/wp-json\/wp\/v2\/pages\/6177\/revisions\/6203"}],"up":[{"embeddable":true,"href":"https:\/\/nck.krakow.pl\/kcc\/wp-json\/wp\/v2\/pages\/5943"}],"wp:featuredmedia":[{"embeddable":true,"href":"https:\/\/nck.krakow.pl\/kcc\/wp-json\/wp\/v2\/media\/6178"}],"wp:attachment":[{"href":"https:\/\/nck.krakow.pl\/kcc\/wp-json\/wp\/v2\/media?parent=6177"}],"curies":[{"name":"wp","href":"https:\/\/api.w.org\/{rel}","templated":true}]}}