{"id":6174,"date":"2022-06-28T07:10:11","date_gmt":"2022-06-28T07:10:11","guid":{"rendered":"https:\/\/nck.krakow.pl\/kcc\/?page_id=6174"},"modified":"2022-08-08T08:58:30","modified_gmt":"2022-08-08T08:58:30","slug":"tymczasowe-nosniki-krajobrazu","status":"publish","type":"page","link":"https:\/\/nck.krakow.pl\/kcc\/krakowski-festiwal-tanca-2022\/tymczasowe-nosniki-krajobrazu\/","title":{"rendered":"\u201cTymczasowe no\u015bniki krajobrazu\u201d"},"content":{"rendered":"\n<figure class=\"wp-block-image size-large\"><img loading=\"lazy\" decoding=\"async\" width=\"1024\" height=\"1024\" src=\"https:\/\/nck.krakow.pl\/kcc\/wp-content\/uploads\/2022\/06\/Artboard-1-copy-10-100-1024x1024.jpg\" alt=\"\" class=\"wp-image-6175\" srcset=\"https:\/\/nck.krakow.pl\/kcc\/wp-content\/uploads\/2022\/06\/Artboard-1-copy-10-100-1024x1024.jpg 1024w, https:\/\/nck.krakow.pl\/kcc\/wp-content\/uploads\/2022\/06\/Artboard-1-copy-10-100-300x300.jpg 300w, https:\/\/nck.krakow.pl\/kcc\/wp-content\/uploads\/2022\/06\/Artboard-1-copy-10-100-150x150.jpg 150w, https:\/\/nck.krakow.pl\/kcc\/wp-content\/uploads\/2022\/06\/Artboard-1-copy-10-100-768x768.jpg 768w, https:\/\/nck.krakow.pl\/kcc\/wp-content\/uploads\/2022\/06\/Artboard-1-copy-10-100.jpg 1201w\" sizes=\"(max-width: 1024px) 100vw, 1024px\" \/><\/figure>\n\n\n\n<p><strong>PREMIERA \u201cTymczasowe no\u015bniki krajobrazu\u201d \u2013 Aleksandra Bo\u017cek-Muszy\u0144ska, Gieorgij Puchalski, REZYDENCJA KCC<\/strong><\/p>\n\n\n\n<p><strong>4.08 CZWARTEK, 18:00, Scena NCK, bilety: 25\/35 z\u0142<\/strong><\/p>\n\n\n\n<p><strong>czas trwania: 40 min<\/strong><\/p>\n\n\n\n<p><strong>Koncepcja i choreografia\/Concept and choreography:<\/strong> Aleksandra Bo\u017cek-Muszy\u0144ska<br><strong>Kreacja i wykonanie\/Creation and performed by<\/strong>: Gieorgij Puchalski<br><strong>Muzyka\/Music: <\/strong>Zofia Tomczyk, Giergij Puchalski<br><strong>Re\u017cyseria \u015bwiate\u0142\/Light design<\/strong>: Ewa Garniec<br><strong>Produkcja\/Production<\/strong>: Krakowskie Centrum Choreograficzne &#8211; Nowohuckie Centrum Kultury<br><strong>Projekt graficzny\/Graphic design<\/strong>: Siarhei Dratvitski<br><strong>Wsparcie rezydencyjne\/Residency support:<\/strong> Teatr Ochoty<\/p>\n\n\n\n<p>Patrz\u0119. Patrz\u0119 na cia\u0142o. Patrz\u0119 na cia\u0142o, kt\u00f3re jest. Patrz\u0119 na cia\u0142o, kt\u00f3re jest na jaki\u015b czas.&nbsp; Patrz\u0119 na cia\u0142o, kt\u00f3re jest na jaki\u015b czas no\u015bnikiem. Patrz\u0119 na cia\u0142o, kt\u00f3re jest na jaki\u015b czas no\u015bnikiem krajobrazu.&nbsp;<\/p>\n\n\n\n<p>Cia\u0142o to wchodzi w dialog i pr\u00f3buje na r\u00f3\u017cne sposoby skomunikowa\u0107 si\u0119 z informacj\u0105, kt\u00f3r\u0105 tymczasowo ma przenie\u015b\u0107\/ponie\u015b\u0107\/znie\u015b\u0107\/nie\u015b\u0107\/nie\/\u015b\u0107 &#8230; Co jest w niej faktem, a co apelem? Co ta informacja m\u00f3wi o samej sobie i jaka jest jej wzajemna relacja z tym cia\u0142em? Jak poradzi\u0107 sobie ze skrawkami informacji&nbsp; i jak j\u0105 sob\u0105 uzupe\u0142ni\u0107?&nbsp;&nbsp;<\/p>\n\n\n\n<p>Aleksandra Bo\u017cek-Muszy\u0144ska po raz pierwszy w swojej tw\u00f3rczo\u015bci odnosi si\u0119 do w\u0142asnego archiwum i oddaje je w r\u0119ce innego tw\u00f3rcy. Punktem wyj\u015bcia do pracy nad <em>Tymczasowymi no\u015bnikami krajobrazu<\/em> jest bowiem solowa praca choreografki&nbsp; z 2013 roku <em>I know \u2116Thing<\/em>. Jak tancerz nale\u017c\u0105cy ju\u017c do innego pokolenia zinterpretuje ten osobisty i \u00f3wcze\u015bnie to\u017csamo\u015bciowy materia\u0142?&nbsp;<\/p>\n","protected":false},"excerpt":{"rendered":"<p>PREMIERA \u201cTymczasowe no\u015bniki krajobrazu\u201d \u2013 Aleksandra Bo\u017cek-Muszy\u0144ska, Gieorgij Puchalski, REZYDENCJA KCC 4.08 CZWARTEK, 18:00, Scena NCK, bilety: 25\/35 z\u0142 czas trwania: 40 min Koncepcja i choreografia\/Concept and choreography: Aleksandra Bo\u017cek-Muszy\u0144skaKreacja i wykonanie\/Creation and performed by: Gieorgij PuchalskiMuzyka\/Music: Zofia Tomczyk, Giergij PuchalskiRe\u017cyseria \u015bwiate\u0142\/Light design: Ewa GarniecProdukcja\/Production: Krakowskie Centrum Choreograficzne &#8211; Nowohuckie Centrum KulturyProjekt graficzny\/Graphic design: Siarhei [&hellip;]<\/p>\n","protected":false},"author":5,"featured_media":6175,"parent":5943,"menu_order":0,"comment_status":"closed","ping_status":"closed","template":"","meta":{"footnotes":""},"class_list":["post-6174","page","type-page","status-publish","has-post-thumbnail","hentry"],"yoast_head":"<!-- This site is optimized with the Yoast SEO plugin v19.12 - https:\/\/yoast.com\/wordpress\/plugins\/seo\/ -->\n<title>\u201cTymczasowe no\u015bniki krajobrazu\u201d - Krakowskie Centrum Choreograficzne<\/title>\n<meta name=\"robots\" content=\"index, follow, max-snippet:-1, max-image-preview:large, max-video-preview:-1\" \/>\n<link rel=\"canonical\" href=\"https:\/\/nck.krakow.pl\/kcc\/krakowski-festiwal-tanca-2022\/tymczasowe-nosniki-krajobrazu\/\" \/>\n<meta property=\"og:locale\" content=\"pl_PL\" \/>\n<meta property=\"og:type\" content=\"article\" \/>\n<meta property=\"og:title\" content=\"\u201cTymczasowe no\u015bniki krajobrazu\u201d - Krakowskie Centrum Choreograficzne\" \/>\n<meta property=\"og:description\" content=\"PREMIERA \u201cTymczasowe no\u015bniki krajobrazu\u201d \u2013 Aleksandra Bo\u017cek-Muszy\u0144ska, Gieorgij Puchalski, REZYDENCJA KCC 4.08 CZWARTEK, 18:00, Scena NCK, bilety: 25\/35 z\u0142 czas trwania: 40 min Koncepcja i choreografia\/Concept and choreography: Aleksandra Bo\u017cek-Muszy\u0144skaKreacja i wykonanie\/Creation and performed by: Gieorgij PuchalskiMuzyka\/Music: Zofia Tomczyk, Giergij PuchalskiRe\u017cyseria \u015bwiate\u0142\/Light design: Ewa GarniecProdukcja\/Production: Krakowskie Centrum Choreograficzne &#8211; Nowohuckie Centrum KulturyProjekt graficzny\/Graphic design: Siarhei [&hellip;]\" \/>\n<meta property=\"og:url\" content=\"https:\/\/nck.krakow.pl\/kcc\/krakowski-festiwal-tanca-2022\/tymczasowe-nosniki-krajobrazu\/\" \/>\n<meta property=\"og:site_name\" content=\"Krakowskie Centrum Choreograficzne\" \/>\n<meta property=\"article:modified_time\" content=\"2022-08-08T08:58:30+00:00\" \/>\n<meta property=\"og:image\" content=\"https:\/\/nck.krakow.pl\/kcc\/wp-content\/uploads\/2022\/06\/Artboard-1-copy-10-100.jpg\" \/>\n\t<meta property=\"og:image:width\" content=\"1201\" \/>\n\t<meta property=\"og:image:height\" content=\"1201\" \/>\n\t<meta property=\"og:image:type\" content=\"image\/jpeg\" \/>\n<meta name=\"twitter:card\" content=\"summary_large_image\" \/>\n<meta name=\"twitter:label1\" content=\"Est. reading time\" \/>\n\t<meta name=\"twitter:data1\" content=\"1 minuta\" \/>\n<script type=\"application\/ld+json\" class=\"yoast-schema-graph\">{\"@context\":\"https:\/\/schema.org\",\"@graph\":[{\"@type\":\"WebPage\",\"@id\":\"https:\/\/nck.krakow.pl\/kcc\/krakowski-festiwal-tanca-2022\/tymczasowe-nosniki-krajobrazu\/\",\"url\":\"https:\/\/nck.krakow.pl\/kcc\/krakowski-festiwal-tanca-2022\/tymczasowe-nosniki-krajobrazu\/\",\"name\":\"\u201cTymczasowe no\u015bniki krajobrazu\u201d - Krakowskie Centrum Choreograficzne\",\"isPartOf\":{\"@id\":\"https:\/\/nck.krakow.pl\/kcc\/#website\"},\"datePublished\":\"2022-06-28T07:10:11+00:00\",\"dateModified\":\"2022-08-08T08:58:30+00:00\",\"breadcrumb\":{\"@id\":\"https:\/\/nck.krakow.pl\/kcc\/krakowski-festiwal-tanca-2022\/tymczasowe-nosniki-krajobrazu\/#breadcrumb\"},\"inLanguage\":\"pl-PL\",\"potentialAction\":[{\"@type\":\"ReadAction\",\"target\":[\"https:\/\/nck.krakow.pl\/kcc\/krakowski-festiwal-tanca-2022\/tymczasowe-nosniki-krajobrazu\/\"]}]},{\"@type\":\"BreadcrumbList\",\"@id\":\"https:\/\/nck.krakow.pl\/kcc\/krakowski-festiwal-tanca-2022\/tymczasowe-nosniki-krajobrazu\/#breadcrumb\",\"itemListElement\":[{\"@type\":\"ListItem\",\"position\":1,\"name\":\"Strona g\u0142\u00f3wna\",\"item\":\"https:\/\/nck.krakow.pl\/kcc\/\"},{\"@type\":\"ListItem\",\"position\":2,\"name\":\"Krakowski Festiwal Ta\u0144ca 2022\",\"item\":\"https:\/\/nck.krakow.pl\/kcc\/krakowski-festiwal-tanca-2022\/\"},{\"@type\":\"ListItem\",\"position\":3,\"name\":\"\u201cTymczasowe no\u015bniki krajobrazu\u201d\"}]},{\"@type\":\"WebSite\",\"@id\":\"https:\/\/nck.krakow.pl\/kcc\/#website\",\"url\":\"https:\/\/nck.krakow.pl\/kcc\/\",\"name\":\"Krakowskie Centrum Choreograficzne\",\"description\":\"\",\"publisher\":{\"@id\":\"https:\/\/nck.krakow.pl\/kcc\/#organization\"},\"potentialAction\":[{\"@type\":\"SearchAction\",\"target\":{\"@type\":\"EntryPoint\",\"urlTemplate\":\"https:\/\/nck.krakow.pl\/kcc\/?s={search_term_string}\"},\"query-input\":\"required name=search_term_string\"}],\"inLanguage\":\"pl-PL\"},{\"@type\":\"Organization\",\"@id\":\"https:\/\/nck.krakow.pl\/kcc\/#organization\",\"name\":\"Krakowskie Centrum Choreograficzne\",\"url\":\"https:\/\/nck.krakow.pl\/kcc\/\",\"logo\":{\"@type\":\"ImageObject\",\"inLanguage\":\"pl-PL\",\"@id\":\"https:\/\/nck.krakow.pl\/kcc\/#\/schema\/logo\/image\/\",\"url\":\"https:\/\/nck.krakow.pl\/kcc\/wp-content\/uploads\/2020\/01\/cropped-logo-kcc-2020.png\",\"contentUrl\":\"https:\/\/nck.krakow.pl\/kcc\/wp-content\/uploads\/2020\/01\/cropped-logo-kcc-2020.png\",\"width\":116,\"height\":55,\"caption\":\"Krakowskie Centrum Choreograficzne\"},\"image\":{\"@id\":\"https:\/\/nck.krakow.pl\/kcc\/#\/schema\/logo\/image\/\"}}]}<\/script>\n<!-- \/ Yoast SEO plugin. -->","yoast_head_json":{"title":"\u201cTymczasowe no\u015bniki krajobrazu\u201d - Krakowskie Centrum Choreograficzne","robots":{"index":"index","follow":"follow","max-snippet":"max-snippet:-1","max-image-preview":"max-image-preview:large","max-video-preview":"max-video-preview:-1"},"canonical":"https:\/\/nck.krakow.pl\/kcc\/krakowski-festiwal-tanca-2022\/tymczasowe-nosniki-krajobrazu\/","og_locale":"pl_PL","og_type":"article","og_title":"\u201cTymczasowe no\u015bniki krajobrazu\u201d - Krakowskie Centrum Choreograficzne","og_description":"PREMIERA \u201cTymczasowe no\u015bniki krajobrazu\u201d \u2013 Aleksandra Bo\u017cek-Muszy\u0144ska, Gieorgij Puchalski, REZYDENCJA KCC 4.08 CZWARTEK, 18:00, Scena NCK, bilety: 25\/35 z\u0142 czas trwania: 40 min Koncepcja i choreografia\/Concept and choreography: Aleksandra Bo\u017cek-Muszy\u0144skaKreacja i wykonanie\/Creation and performed by: Gieorgij PuchalskiMuzyka\/Music: Zofia Tomczyk, Giergij PuchalskiRe\u017cyseria \u015bwiate\u0142\/Light design: Ewa GarniecProdukcja\/Production: Krakowskie Centrum Choreograficzne &#8211; Nowohuckie Centrum KulturyProjekt graficzny\/Graphic design: Siarhei [&hellip;]","og_url":"https:\/\/nck.krakow.pl\/kcc\/krakowski-festiwal-tanca-2022\/tymczasowe-nosniki-krajobrazu\/","og_site_name":"Krakowskie Centrum Choreograficzne","article_modified_time":"2022-08-08T08:58:30+00:00","og_image":[{"width":1201,"height":1201,"url":"https:\/\/nck.krakow.pl\/kcc\/wp-content\/uploads\/2022\/06\/Artboard-1-copy-10-100.jpg","type":"image\/jpeg"}],"twitter_card":"summary_large_image","twitter_misc":{"Est. reading time":"1 minuta"},"schema":{"@context":"https:\/\/schema.org","@graph":[{"@type":"WebPage","@id":"https:\/\/nck.krakow.pl\/kcc\/krakowski-festiwal-tanca-2022\/tymczasowe-nosniki-krajobrazu\/","url":"https:\/\/nck.krakow.pl\/kcc\/krakowski-festiwal-tanca-2022\/tymczasowe-nosniki-krajobrazu\/","name":"\u201cTymczasowe no\u015bniki krajobrazu\u201d - Krakowskie Centrum Choreograficzne","isPartOf":{"@id":"https:\/\/nck.krakow.pl\/kcc\/#website"},"datePublished":"2022-06-28T07:10:11+00:00","dateModified":"2022-08-08T08:58:30+00:00","breadcrumb":{"@id":"https:\/\/nck.krakow.pl\/kcc\/krakowski-festiwal-tanca-2022\/tymczasowe-nosniki-krajobrazu\/#breadcrumb"},"inLanguage":"pl-PL","potentialAction":[{"@type":"ReadAction","target":["https:\/\/nck.krakow.pl\/kcc\/krakowski-festiwal-tanca-2022\/tymczasowe-nosniki-krajobrazu\/"]}]},{"@type":"BreadcrumbList","@id":"https:\/\/nck.krakow.pl\/kcc\/krakowski-festiwal-tanca-2022\/tymczasowe-nosniki-krajobrazu\/#breadcrumb","itemListElement":[{"@type":"ListItem","position":1,"name":"Strona g\u0142\u00f3wna","item":"https:\/\/nck.krakow.pl\/kcc\/"},{"@type":"ListItem","position":2,"name":"Krakowski Festiwal Ta\u0144ca 2022","item":"https:\/\/nck.krakow.pl\/kcc\/krakowski-festiwal-tanca-2022\/"},{"@type":"ListItem","position":3,"name":"\u201cTymczasowe no\u015bniki krajobrazu\u201d"}]},{"@type":"WebSite","@id":"https:\/\/nck.krakow.pl\/kcc\/#website","url":"https:\/\/nck.krakow.pl\/kcc\/","name":"Krakowskie Centrum Choreograficzne","description":"","publisher":{"@id":"https:\/\/nck.krakow.pl\/kcc\/#organization"},"potentialAction":[{"@type":"SearchAction","target":{"@type":"EntryPoint","urlTemplate":"https:\/\/nck.krakow.pl\/kcc\/?s={search_term_string}"},"query-input":"required name=search_term_string"}],"inLanguage":"pl-PL"},{"@type":"Organization","@id":"https:\/\/nck.krakow.pl\/kcc\/#organization","name":"Krakowskie Centrum Choreograficzne","url":"https:\/\/nck.krakow.pl\/kcc\/","logo":{"@type":"ImageObject","inLanguage":"pl-PL","@id":"https:\/\/nck.krakow.pl\/kcc\/#\/schema\/logo\/image\/","url":"https:\/\/nck.krakow.pl\/kcc\/wp-content\/uploads\/2020\/01\/cropped-logo-kcc-2020.png","contentUrl":"https:\/\/nck.krakow.pl\/kcc\/wp-content\/uploads\/2020\/01\/cropped-logo-kcc-2020.png","width":116,"height":55,"caption":"Krakowskie Centrum Choreograficzne"},"image":{"@id":"https:\/\/nck.krakow.pl\/kcc\/#\/schema\/logo\/image\/"}}]}},"_links":{"self":[{"href":"https:\/\/nck.krakow.pl\/kcc\/wp-json\/wp\/v2\/pages\/6174"}],"collection":[{"href":"https:\/\/nck.krakow.pl\/kcc\/wp-json\/wp\/v2\/pages"}],"about":[{"href":"https:\/\/nck.krakow.pl\/kcc\/wp-json\/wp\/v2\/types\/page"}],"author":[{"embeddable":true,"href":"https:\/\/nck.krakow.pl\/kcc\/wp-json\/wp\/v2\/users\/5"}],"replies":[{"embeddable":true,"href":"https:\/\/nck.krakow.pl\/kcc\/wp-json\/wp\/v2\/comments?post=6174"}],"version-history":[{"count":4,"href":"https:\/\/nck.krakow.pl\/kcc\/wp-json\/wp\/v2\/pages\/6174\/revisions"}],"predecessor-version":[{"id":6281,"href":"https:\/\/nck.krakow.pl\/kcc\/wp-json\/wp\/v2\/pages\/6174\/revisions\/6281"}],"up":[{"embeddable":true,"href":"https:\/\/nck.krakow.pl\/kcc\/wp-json\/wp\/v2\/pages\/5943"}],"wp:featuredmedia":[{"embeddable":true,"href":"https:\/\/nck.krakow.pl\/kcc\/wp-json\/wp\/v2\/media\/6175"}],"wp:attachment":[{"href":"https:\/\/nck.krakow.pl\/kcc\/wp-json\/wp\/v2\/media?parent=6174"}],"curies":[{"name":"wp","href":"https:\/\/api.w.org\/{rel}","templated":true}]}}