{"id":6158,"date":"2022-06-28T07:04:24","date_gmt":"2022-06-28T07:04:24","guid":{"rendered":"https:\/\/nck.krakow.pl\/kcc\/?page_id=6158"},"modified":"2022-08-08T08:58:21","modified_gmt":"2022-08-08T08:58:21","slug":"misspiece","status":"publish","type":"page","link":"https:\/\/nck.krakow.pl\/kcc\/krakowski-festiwal-tanca-2022\/misspiece\/","title":{"rendered":"\u201cMISSPIECE\u201d"},"content":{"rendered":"\n<figure class=\"wp-block-image size-large\"><img loading=\"lazy\" decoding=\"async\" width=\"1024\" height=\"683\" src=\"https:\/\/nck.krakow.pl\/kcc\/wp-content\/uploads\/2022\/06\/ZDJECIE-GLOWNE-2-1024x683.jpg\" alt=\"\" class=\"wp-image-6159\" srcset=\"https:\/\/nck.krakow.pl\/kcc\/wp-content\/uploads\/2022\/06\/ZDJECIE-GLOWNE-2-1024x683.jpg 1024w, https:\/\/nck.krakow.pl\/kcc\/wp-content\/uploads\/2022\/06\/ZDJECIE-GLOWNE-2-300x200.jpg 300w, https:\/\/nck.krakow.pl\/kcc\/wp-content\/uploads\/2022\/06\/ZDJECIE-GLOWNE-2-768x512.jpg 768w, https:\/\/nck.krakow.pl\/kcc\/wp-content\/uploads\/2022\/06\/ZDJECIE-GLOWNE-2-1536x1024.jpg 1536w, https:\/\/nck.krakow.pl\/kcc\/wp-content\/uploads\/2022\/06\/ZDJECIE-GLOWNE-2-2048x1365.jpg 2048w\" sizes=\"(max-width: 1024px) 100vw, 1024px\" \/><\/figure>\n\n\n\n<p><strong>\u201cMISSPIECE\u201d &#8211; Dominika Wiak<\/strong><\/p>\n\n\n\n<p><strong>3.08 \u015aRODA, 19:00, Scena NCK, bilety: 25\/35 z\u0142<\/strong><\/p>\n\n\n\n<p><strong>czas trwania: 40 min<\/strong><\/p>\n\n\n\n<p><strong>Choreografia, wykonanie:<\/strong> Dominika Wiak<br><strong>Dramaturgia:<\/strong> Marcin Mi\u0119tus<br><strong>Muzyka:<\/strong> Rafa\u0142 Ryterski, Aleksander Wnuk (live)<br><strong>Re\u017cyseria \u015bwiat\u0142a:<\/strong> Klaudyna Schubert&nbsp;<br><strong>Rze\u017aba:<\/strong> Dominika Wiak (koncept\/concept), Jasna Iwan (wykonanie\/made by)<br><strong>Zdj\u0119cia promocyjne: <\/strong>Klaudyna Schubert<br><strong>Grafika<\/strong>: Zofia Karpowicz<br><strong>Produkcja: <\/strong>Krakowskie Centrum Choreograficzne &#8211; Nowohuckie Centrum Kultury, Fundusz Popierania Tw\u00f3rczo\u015bci ZAiKS<br><strong>Wsp\u00f3\u0142praca: <\/strong>Living Space Theatre<\/p>\n\n\n\n<figure class=\"wp-block-embed is-type-video is-provider-vimeo wp-block-embed-vimeo wp-embed-aspect-16-9 wp-has-aspect-ratio\"><div class=\"wp-block-embed__wrapper\">\n<iframe loading=\"lazy\" title=\"teaser MISSPIECE - Dominika Wiak\" src=\"https:\/\/player.vimeo.com\/video\/723777626?h=32f2aaca9a&amp;dnt=1&amp;app_id=122963\" width=\"768\" height=\"432\" frameborder=\"0\" allow=\"autoplay; fullscreen; picture-in-picture\" allowfullscreen><\/iframe>\n<\/div><\/figure>\n\n\n\n<p>Kogo nie s\u0142ycha\u0107?&nbsp;<\/p>\n\n\n\n<p>Jak pisze Rebecca Solnit w Matce wszystkich pyta\u0144 historia milczenia jest kluczem do historii kobiet. MISSPIECE to osobisty proces szukania w\u0142asnego g\u0142osu i w\u0142asnego miejsca w \u015bwiecie zdefiniowanych r\u00f3l spo\u0142ecznych, binarnych podzia\u0142\u00f3w, tworzonych przez m\u0119\u017cczyzn masterpieces. Pr\u00f3ba rozszczelnienia kanonu i odnajdywania w nim herstorii. Odkrywanie emancypacyjnego potencja\u0142u w muzyce house &#8211; przestrzeni manifestacji kobiecego g\u0142osu oraz w ciele &#8211; b\u0119d\u0105cym w ci\u0105g\u0142ym ruchu, tworz\u0105cym i przetwarzaj\u0105cym.<\/p>\n\n\n\n<p>W <em>MISSPIECE<\/em> cia\u0142o jest zarazem schronem uciszanego g\u0142osu, jak i \u017ar\u00f3d\u0142em jego wydobycia.&nbsp;<\/p>\n\n\n\n<figure class=\"wp-block-gallery columns-3 is-cropped wp-block-gallery-1 is-layout-flex wp-block-gallery-is-layout-flex\"><ul class=\"blocks-gallery-grid\"><li class=\"blocks-gallery-item\"><figure><a href=\"https:\/\/nck.krakow.pl\/kcc\/wp-content\/uploads\/2022\/06\/DSC2595_fot_klaudyna_schubert.jpg\"><img loading=\"lazy\" decoding=\"async\" width=\"683\" height=\"1024\" src=\"https:\/\/nck.krakow.pl\/kcc\/wp-content\/uploads\/2022\/06\/DSC2595_fot_klaudyna_schubert-683x1024.jpg\" alt=\"\" data-id=\"6160\" data-full-url=\"https:\/\/nck.krakow.pl\/kcc\/wp-content\/uploads\/2022\/06\/DSC2595_fot_klaudyna_schubert.jpg\" data-link=\"https:\/\/nck.krakow.pl\/kcc\/?attachment_id=6160\" class=\"wp-image-6160\" srcset=\"https:\/\/nck.krakow.pl\/kcc\/wp-content\/uploads\/2022\/06\/DSC2595_fot_klaudyna_schubert-683x1024.jpg 683w, https:\/\/nck.krakow.pl\/kcc\/wp-content\/uploads\/2022\/06\/DSC2595_fot_klaudyna_schubert-200x300.jpg 200w, https:\/\/nck.krakow.pl\/kcc\/wp-content\/uploads\/2022\/06\/DSC2595_fot_klaudyna_schubert-768x1152.jpg 768w, https:\/\/nck.krakow.pl\/kcc\/wp-content\/uploads\/2022\/06\/DSC2595_fot_klaudyna_schubert-1024x1536.jpg 1024w, https:\/\/nck.krakow.pl\/kcc\/wp-content\/uploads\/2022\/06\/DSC2595_fot_klaudyna_schubert-1365x2048.jpg 1365w, https:\/\/nck.krakow.pl\/kcc\/wp-content\/uploads\/2022\/06\/DSC2595_fot_klaudyna_schubert.jpg 1600w\" sizes=\"(max-width: 683px) 100vw, 683px\" \/><\/a><\/figure><\/li><li class=\"blocks-gallery-item\"><figure><a href=\"https:\/\/nck.krakow.pl\/kcc\/wp-content\/uploads\/2022\/06\/DSC2618_fot_klaudyna_schubert-1.jpg\"><img loading=\"lazy\" decoding=\"async\" width=\"683\" height=\"1024\" src=\"https:\/\/nck.krakow.pl\/kcc\/wp-content\/uploads\/2022\/06\/DSC2618_fot_klaudyna_schubert-1-683x1024.jpg\" alt=\"\" data-id=\"6161\" data-full-url=\"https:\/\/nck.krakow.pl\/kcc\/wp-content\/uploads\/2022\/06\/DSC2618_fot_klaudyna_schubert-1.jpg\" data-link=\"https:\/\/nck.krakow.pl\/kcc\/?attachment_id=6161\" class=\"wp-image-6161\" srcset=\"https:\/\/nck.krakow.pl\/kcc\/wp-content\/uploads\/2022\/06\/DSC2618_fot_klaudyna_schubert-1-683x1024.jpg 683w, https:\/\/nck.krakow.pl\/kcc\/wp-content\/uploads\/2022\/06\/DSC2618_fot_klaudyna_schubert-1-200x300.jpg 200w, https:\/\/nck.krakow.pl\/kcc\/wp-content\/uploads\/2022\/06\/DSC2618_fot_klaudyna_schubert-1-768x1152.jpg 768w, https:\/\/nck.krakow.pl\/kcc\/wp-content\/uploads\/2022\/06\/DSC2618_fot_klaudyna_schubert-1-1024x1536.jpg 1024w, https:\/\/nck.krakow.pl\/kcc\/wp-content\/uploads\/2022\/06\/DSC2618_fot_klaudyna_schubert-1-1365x2048.jpg 1365w, https:\/\/nck.krakow.pl\/kcc\/wp-content\/uploads\/2022\/06\/DSC2618_fot_klaudyna_schubert-1.jpg 1600w\" sizes=\"(max-width: 683px) 100vw, 683px\" \/><\/a><\/figure><\/li><li class=\"blocks-gallery-item\"><figure><a href=\"https:\/\/nck.krakow.pl\/kcc\/wp-content\/uploads\/2022\/06\/DSF2287_fot_klaudyna_schubert.jpg\"><img loading=\"lazy\" decoding=\"async\" width=\"682\" height=\"1024\" src=\"https:\/\/nck.krakow.pl\/kcc\/wp-content\/uploads\/2022\/06\/DSF2287_fot_klaudyna_schubert-682x1024.jpg\" alt=\"\" data-id=\"6162\" data-full-url=\"https:\/\/nck.krakow.pl\/kcc\/wp-content\/uploads\/2022\/06\/DSF2287_fot_klaudyna_schubert.jpg\" data-link=\"https:\/\/nck.krakow.pl\/kcc\/?attachment_id=6162\" class=\"wp-image-6162\" srcset=\"https:\/\/nck.krakow.pl\/kcc\/wp-content\/uploads\/2022\/06\/DSF2287_fot_klaudyna_schubert-682x1024.jpg 682w, https:\/\/nck.krakow.pl\/kcc\/wp-content\/uploads\/2022\/06\/DSF2287_fot_klaudyna_schubert-200x300.jpg 200w, https:\/\/nck.krakow.pl\/kcc\/wp-content\/uploads\/2022\/06\/DSF2287_fot_klaudyna_schubert-768x1152.jpg 768w, https:\/\/nck.krakow.pl\/kcc\/wp-content\/uploads\/2022\/06\/DSF2287_fot_klaudyna_schubert-1024x1536.jpg 1024w, https:\/\/nck.krakow.pl\/kcc\/wp-content\/uploads\/2022\/06\/DSF2287_fot_klaudyna_schubert.jpg 1333w\" sizes=\"(max-width: 682px) 100vw, 682px\" \/><\/a><\/figure><\/li><\/ul><\/figure>\n\n\n\n<figure class=\"wp-block-image size-large is-resized\"><img loading=\"lazy\" decoding=\"async\" src=\"https:\/\/nck.krakow.pl\/kcc\/wp-content\/uploads\/2022\/07\/eps1-1024x538.png\" alt=\"\" class=\"wp-image-6210\" width=\"305\" height=\"160\" srcset=\"https:\/\/nck.krakow.pl\/kcc\/wp-content\/uploads\/2022\/07\/eps1-1024x538.png 1024w, https:\/\/nck.krakow.pl\/kcc\/wp-content\/uploads\/2022\/07\/eps1-300x158.png 300w, https:\/\/nck.krakow.pl\/kcc\/wp-content\/uploads\/2022\/07\/eps1-768x403.png 768w, https:\/\/nck.krakow.pl\/kcc\/wp-content\/uploads\/2022\/07\/eps1.png 1131w\" sizes=\"(max-width: 305px) 100vw, 305px\" \/><\/figure>\n\n\n\n<figure class=\"wp-block-image size-full is-resized\"><img loading=\"lazy\" decoding=\"async\" src=\"https:\/\/nck.krakow.pl\/kcc\/wp-content\/uploads\/2022\/06\/zaiks_logo_claim_black_rgb_1024px-1.png\" alt=\"\" class=\"wp-image-6165\" width=\"221\" height=\"113\" srcset=\"https:\/\/nck.krakow.pl\/kcc\/wp-content\/uploads\/2022\/06\/zaiks_logo_claim_black_rgb_1024px-1.png 1025w, https:\/\/nck.krakow.pl\/kcc\/wp-content\/uploads\/2022\/06\/zaiks_logo_claim_black_rgb_1024px-1-300x155.png 300w, https:\/\/nck.krakow.pl\/kcc\/wp-content\/uploads\/2022\/06\/zaiks_logo_claim_black_rgb_1024px-1-768x396.png 768w\" sizes=\"(max-width: 221px) 100vw, 221px\" \/><\/figure>\n\n\n\n<p>Fot. Klaudyna Schubert<\/p>\n","protected":false},"excerpt":{"rendered":"<p>\u201cMISSPIECE\u201d &#8211; Dominika Wiak 3.08 \u015aRODA, 19:00, Scena NCK, bilety: 25\/35 z\u0142 czas trwania: 40 min Choreografia, wykonanie: Dominika WiakDramaturgia: Marcin Mi\u0119tusMuzyka: Rafa\u0142 Ryterski, Aleksander Wnuk (live)Re\u017cyseria \u015bwiat\u0142a: Klaudyna Schubert&nbsp;Rze\u017aba: Dominika Wiak (koncept\/concept), Jasna Iwan (wykonanie\/made by)Zdj\u0119cia promocyjne: Klaudyna SchubertGrafika: Zofia KarpowiczProdukcja: Krakowskie Centrum Choreograficzne &#8211; Nowohuckie Centrum Kultury, Fundusz Popierania Tw\u00f3rczo\u015bci ZAiKSWsp\u00f3\u0142praca: Living Space [&hellip;]<\/p>\n","protected":false},"author":5,"featured_media":6159,"parent":5943,"menu_order":0,"comment_status":"closed","ping_status":"closed","template":"","meta":{"footnotes":""},"class_list":["post-6158","page","type-page","status-publish","has-post-thumbnail","hentry"],"yoast_head":"<!-- This site is optimized with the Yoast SEO plugin v19.12 - https:\/\/yoast.com\/wordpress\/plugins\/seo\/ -->\n<title>\u201cMISSPIECE\u201d - Krakowskie Centrum Choreograficzne<\/title>\n<meta name=\"robots\" content=\"index, follow, max-snippet:-1, max-image-preview:large, max-video-preview:-1\" \/>\n<link rel=\"canonical\" href=\"https:\/\/nck.krakow.pl\/kcc\/krakowski-festiwal-tanca-2022\/misspiece\/\" \/>\n<meta property=\"og:locale\" content=\"pl_PL\" \/>\n<meta property=\"og:type\" content=\"article\" \/>\n<meta property=\"og:title\" content=\"\u201cMISSPIECE\u201d - Krakowskie Centrum Choreograficzne\" \/>\n<meta property=\"og:description\" content=\"\u201cMISSPIECE\u201d &#8211; Dominika Wiak 3.08 \u015aRODA, 19:00, Scena NCK, bilety: 25\/35 z\u0142 czas trwania: 40 min Choreografia, wykonanie: Dominika WiakDramaturgia: Marcin Mi\u0119tusMuzyka: Rafa\u0142 Ryterski, Aleksander Wnuk (live)Re\u017cyseria \u015bwiat\u0142a: Klaudyna Schubert&nbsp;Rze\u017aba: Dominika Wiak (koncept\/concept), Jasna Iwan (wykonanie\/made by)Zdj\u0119cia promocyjne: Klaudyna SchubertGrafika: Zofia KarpowiczProdukcja: Krakowskie Centrum Choreograficzne &#8211; Nowohuckie Centrum Kultury, Fundusz Popierania Tw\u00f3rczo\u015bci ZAiKSWsp\u00f3\u0142praca: Living Space [&hellip;]\" \/>\n<meta property=\"og:url\" content=\"https:\/\/nck.krakow.pl\/kcc\/krakowski-festiwal-tanca-2022\/misspiece\/\" \/>\n<meta property=\"og:site_name\" content=\"Krakowskie Centrum Choreograficzne\" \/>\n<meta property=\"article:modified_time\" content=\"2022-08-08T08:58:21+00:00\" \/>\n<meta property=\"og:image\" content=\"https:\/\/nck.krakow.pl\/kcc\/wp-content\/uploads\/2022\/06\/ZDJECIE-GLOWNE-2.jpg\" \/>\n\t<meta property=\"og:image:width\" content=\"2400\" \/>\n\t<meta property=\"og:image:height\" content=\"1600\" \/>\n\t<meta property=\"og:image:type\" content=\"image\/jpeg\" \/>\n<meta name=\"twitter:card\" content=\"summary_large_image\" \/>\n<meta name=\"twitter:label1\" content=\"Est. reading time\" \/>\n\t<meta name=\"twitter:data1\" content=\"1 minuta\" \/>\n<script type=\"application\/ld+json\" class=\"yoast-schema-graph\">{\"@context\":\"https:\/\/schema.org\",\"@graph\":[{\"@type\":\"WebPage\",\"@id\":\"https:\/\/nck.krakow.pl\/kcc\/krakowski-festiwal-tanca-2022\/misspiece\/\",\"url\":\"https:\/\/nck.krakow.pl\/kcc\/krakowski-festiwal-tanca-2022\/misspiece\/\",\"name\":\"\u201cMISSPIECE\u201d - Krakowskie Centrum Choreograficzne\",\"isPartOf\":{\"@id\":\"https:\/\/nck.krakow.pl\/kcc\/#website\"},\"datePublished\":\"2022-06-28T07:04:24+00:00\",\"dateModified\":\"2022-08-08T08:58:21+00:00\",\"breadcrumb\":{\"@id\":\"https:\/\/nck.krakow.pl\/kcc\/krakowski-festiwal-tanca-2022\/misspiece\/#breadcrumb\"},\"inLanguage\":\"pl-PL\",\"potentialAction\":[{\"@type\":\"ReadAction\",\"target\":[\"https:\/\/nck.krakow.pl\/kcc\/krakowski-festiwal-tanca-2022\/misspiece\/\"]}]},{\"@type\":\"BreadcrumbList\",\"@id\":\"https:\/\/nck.krakow.pl\/kcc\/krakowski-festiwal-tanca-2022\/misspiece\/#breadcrumb\",\"itemListElement\":[{\"@type\":\"ListItem\",\"position\":1,\"name\":\"Strona g\u0142\u00f3wna\",\"item\":\"https:\/\/nck.krakow.pl\/kcc\/\"},{\"@type\":\"ListItem\",\"position\":2,\"name\":\"Krakowski Festiwal Ta\u0144ca 2022\",\"item\":\"https:\/\/nck.krakow.pl\/kcc\/krakowski-festiwal-tanca-2022\/\"},{\"@type\":\"ListItem\",\"position\":3,\"name\":\"\u201cMISSPIECE\u201d\"}]},{\"@type\":\"WebSite\",\"@id\":\"https:\/\/nck.krakow.pl\/kcc\/#website\",\"url\":\"https:\/\/nck.krakow.pl\/kcc\/\",\"name\":\"Krakowskie Centrum Choreograficzne\",\"description\":\"\",\"publisher\":{\"@id\":\"https:\/\/nck.krakow.pl\/kcc\/#organization\"},\"potentialAction\":[{\"@type\":\"SearchAction\",\"target\":{\"@type\":\"EntryPoint\",\"urlTemplate\":\"https:\/\/nck.krakow.pl\/kcc\/?s={search_term_string}\"},\"query-input\":\"required name=search_term_string\"}],\"inLanguage\":\"pl-PL\"},{\"@type\":\"Organization\",\"@id\":\"https:\/\/nck.krakow.pl\/kcc\/#organization\",\"name\":\"Krakowskie Centrum Choreograficzne\",\"url\":\"https:\/\/nck.krakow.pl\/kcc\/\",\"logo\":{\"@type\":\"ImageObject\",\"inLanguage\":\"pl-PL\",\"@id\":\"https:\/\/nck.krakow.pl\/kcc\/#\/schema\/logo\/image\/\",\"url\":\"https:\/\/nck.krakow.pl\/kcc\/wp-content\/uploads\/2020\/01\/cropped-logo-kcc-2020.png\",\"contentUrl\":\"https:\/\/nck.krakow.pl\/kcc\/wp-content\/uploads\/2020\/01\/cropped-logo-kcc-2020.png\",\"width\":116,\"height\":55,\"caption\":\"Krakowskie Centrum Choreograficzne\"},\"image\":{\"@id\":\"https:\/\/nck.krakow.pl\/kcc\/#\/schema\/logo\/image\/\"}}]}<\/script>\n<!-- \/ Yoast SEO plugin. -->","yoast_head_json":{"title":"\u201cMISSPIECE\u201d - Krakowskie Centrum Choreograficzne","robots":{"index":"index","follow":"follow","max-snippet":"max-snippet:-1","max-image-preview":"max-image-preview:large","max-video-preview":"max-video-preview:-1"},"canonical":"https:\/\/nck.krakow.pl\/kcc\/krakowski-festiwal-tanca-2022\/misspiece\/","og_locale":"pl_PL","og_type":"article","og_title":"\u201cMISSPIECE\u201d - Krakowskie Centrum Choreograficzne","og_description":"\u201cMISSPIECE\u201d &#8211; Dominika Wiak 3.08 \u015aRODA, 19:00, Scena NCK, bilety: 25\/35 z\u0142 czas trwania: 40 min Choreografia, wykonanie: Dominika WiakDramaturgia: Marcin Mi\u0119tusMuzyka: Rafa\u0142 Ryterski, Aleksander Wnuk (live)Re\u017cyseria \u015bwiat\u0142a: Klaudyna Schubert&nbsp;Rze\u017aba: Dominika Wiak (koncept\/concept), Jasna Iwan (wykonanie\/made by)Zdj\u0119cia promocyjne: Klaudyna SchubertGrafika: Zofia KarpowiczProdukcja: Krakowskie Centrum Choreograficzne &#8211; Nowohuckie Centrum Kultury, Fundusz Popierania Tw\u00f3rczo\u015bci ZAiKSWsp\u00f3\u0142praca: Living Space [&hellip;]","og_url":"https:\/\/nck.krakow.pl\/kcc\/krakowski-festiwal-tanca-2022\/misspiece\/","og_site_name":"Krakowskie Centrum Choreograficzne","article_modified_time":"2022-08-08T08:58:21+00:00","og_image":[{"width":2400,"height":1600,"url":"https:\/\/nck.krakow.pl\/kcc\/wp-content\/uploads\/2022\/06\/ZDJECIE-GLOWNE-2.jpg","type":"image\/jpeg"}],"twitter_card":"summary_large_image","twitter_misc":{"Est. reading time":"1 minuta"},"schema":{"@context":"https:\/\/schema.org","@graph":[{"@type":"WebPage","@id":"https:\/\/nck.krakow.pl\/kcc\/krakowski-festiwal-tanca-2022\/misspiece\/","url":"https:\/\/nck.krakow.pl\/kcc\/krakowski-festiwal-tanca-2022\/misspiece\/","name":"\u201cMISSPIECE\u201d - Krakowskie Centrum Choreograficzne","isPartOf":{"@id":"https:\/\/nck.krakow.pl\/kcc\/#website"},"datePublished":"2022-06-28T07:04:24+00:00","dateModified":"2022-08-08T08:58:21+00:00","breadcrumb":{"@id":"https:\/\/nck.krakow.pl\/kcc\/krakowski-festiwal-tanca-2022\/misspiece\/#breadcrumb"},"inLanguage":"pl-PL","potentialAction":[{"@type":"ReadAction","target":["https:\/\/nck.krakow.pl\/kcc\/krakowski-festiwal-tanca-2022\/misspiece\/"]}]},{"@type":"BreadcrumbList","@id":"https:\/\/nck.krakow.pl\/kcc\/krakowski-festiwal-tanca-2022\/misspiece\/#breadcrumb","itemListElement":[{"@type":"ListItem","position":1,"name":"Strona g\u0142\u00f3wna","item":"https:\/\/nck.krakow.pl\/kcc\/"},{"@type":"ListItem","position":2,"name":"Krakowski Festiwal Ta\u0144ca 2022","item":"https:\/\/nck.krakow.pl\/kcc\/krakowski-festiwal-tanca-2022\/"},{"@type":"ListItem","position":3,"name":"\u201cMISSPIECE\u201d"}]},{"@type":"WebSite","@id":"https:\/\/nck.krakow.pl\/kcc\/#website","url":"https:\/\/nck.krakow.pl\/kcc\/","name":"Krakowskie Centrum Choreograficzne","description":"","publisher":{"@id":"https:\/\/nck.krakow.pl\/kcc\/#organization"},"potentialAction":[{"@type":"SearchAction","target":{"@type":"EntryPoint","urlTemplate":"https:\/\/nck.krakow.pl\/kcc\/?s={search_term_string}"},"query-input":"required name=search_term_string"}],"inLanguage":"pl-PL"},{"@type":"Organization","@id":"https:\/\/nck.krakow.pl\/kcc\/#organization","name":"Krakowskie Centrum Choreograficzne","url":"https:\/\/nck.krakow.pl\/kcc\/","logo":{"@type":"ImageObject","inLanguage":"pl-PL","@id":"https:\/\/nck.krakow.pl\/kcc\/#\/schema\/logo\/image\/","url":"https:\/\/nck.krakow.pl\/kcc\/wp-content\/uploads\/2020\/01\/cropped-logo-kcc-2020.png","contentUrl":"https:\/\/nck.krakow.pl\/kcc\/wp-content\/uploads\/2020\/01\/cropped-logo-kcc-2020.png","width":116,"height":55,"caption":"Krakowskie Centrum Choreograficzne"},"image":{"@id":"https:\/\/nck.krakow.pl\/kcc\/#\/schema\/logo\/image\/"}}]}},"_links":{"self":[{"href":"https:\/\/nck.krakow.pl\/kcc\/wp-json\/wp\/v2\/pages\/6158"}],"collection":[{"href":"https:\/\/nck.krakow.pl\/kcc\/wp-json\/wp\/v2\/pages"}],"about":[{"href":"https:\/\/nck.krakow.pl\/kcc\/wp-json\/wp\/v2\/types\/page"}],"author":[{"embeddable":true,"href":"https:\/\/nck.krakow.pl\/kcc\/wp-json\/wp\/v2\/users\/5"}],"replies":[{"embeddable":true,"href":"https:\/\/nck.krakow.pl\/kcc\/wp-json\/wp\/v2\/comments?post=6158"}],"version-history":[{"count":3,"href":"https:\/\/nck.krakow.pl\/kcc\/wp-json\/wp\/v2\/pages\/6158\/revisions"}],"predecessor-version":[{"id":6279,"href":"https:\/\/nck.krakow.pl\/kcc\/wp-json\/wp\/v2\/pages\/6158\/revisions\/6279"}],"up":[{"embeddable":true,"href":"https:\/\/nck.krakow.pl\/kcc\/wp-json\/wp\/v2\/pages\/5943"}],"wp:featuredmedia":[{"embeddable":true,"href":"https:\/\/nck.krakow.pl\/kcc\/wp-json\/wp\/v2\/media\/6159"}],"wp:attachment":[{"href":"https:\/\/nck.krakow.pl\/kcc\/wp-json\/wp\/v2\/media?parent=6158"}],"curies":[{"name":"wp","href":"https:\/\/api.w.org\/{rel}","templated":true}]}}