{"id":6141,"date":"2022-06-28T06:50:48","date_gmt":"2022-06-28T06:50:48","guid":{"rendered":"https:\/\/nck.krakow.pl\/kcc\/?page_id=6141"},"modified":"2022-08-08T08:58:13","modified_gmt":"2022-08-08T08:58:13","slug":"the-lions-den","status":"publish","type":"page","link":"https:\/\/nck.krakow.pl\/kcc\/krakowski-festiwal-tanca-2022\/the-lions-den\/","title":{"rendered":"\u201cThe Lion\u2019s Den\u201d"},"content":{"rendered":"\n<figure class=\"wp-block-image size-large\"><img loading=\"lazy\" decoding=\"async\" width=\"1024\" height=\"683\" src=\"https:\/\/nck.krakow.pl\/kcc\/wp-content\/uploads\/2022\/06\/ZDJECIE-GLOWNE-1024x683.jpg\" alt=\"\" class=\"wp-image-6146\" srcset=\"https:\/\/nck.krakow.pl\/kcc\/wp-content\/uploads\/2022\/06\/ZDJECIE-GLOWNE-1024x683.jpg 1024w, https:\/\/nck.krakow.pl\/kcc\/wp-content\/uploads\/2022\/06\/ZDJECIE-GLOWNE-300x200.jpg 300w, https:\/\/nck.krakow.pl\/kcc\/wp-content\/uploads\/2022\/06\/ZDJECIE-GLOWNE-768x512.jpg 768w, https:\/\/nck.krakow.pl\/kcc\/wp-content\/uploads\/2022\/06\/ZDJECIE-GLOWNE-1536x1024.jpg 1536w, https:\/\/nck.krakow.pl\/kcc\/wp-content\/uploads\/2022\/06\/ZDJECIE-GLOWNE-2048x1365.jpg 2048w\" sizes=\"(max-width: 1024px) 100vw, 1024px\" \/><\/figure>\n\n\n\n<p><strong>\u201cThe Lion\u2019s Den\u201d &#8211;&nbsp; POCKETART \/ Johana Pockov\u00e1, Sabina Bo\u010dkov\u00e1&nbsp;<\/strong><\/p>\n\n\n\n<p><strong>1.08 PONIEDZIA\u0141EK<\/strong>, <strong>19:00, Scena NCK, bilety: 25\/35 z\u0142<\/strong><\/p>\n\n\n\n<p><strong>rozmowa z artystami_tkami, prowadzenie: Dominik Wi\u0119cek<\/strong><\/p>\n\n\n\n<p><strong>czas trwania: 45 min<\/strong><\/p>\n\n\n\n<p><strong>Koncept, choreografia, wykonanie: <\/strong>Johana Pockova,&nbsp;Sabina&nbsp;Bockova<br><strong>Muzyka:<\/strong> Lukas Palan<br><strong>Dramaturgia: <\/strong>Viktor Cernicky<br><strong>Re\u017cyseria \u015bwiate<\/strong>: Eliska Kocianova<br><strong>Produkcja<\/strong>: POCKetART z. s.<br><strong>Koprodukcja:<\/strong> Tanec Praha z. \u00fa., Ponec \u2013 theater for contemporary dance<br><strong>Wsparcie finansowe: <\/strong>Ministry of culture of The Czech Republic, State culture fund of The Czech Republic, Prague&nbsp; City Hall<br><strong>Wsparcie: <\/strong>Studio Alta, Cooltour Ostrava, Palac Akropolis, Tantehorse z. s.<\/p>\n\n\n\n<figure class=\"wp-block-embed is-type-video is-provider-vimeo wp-block-embed-vimeo wp-embed-aspect-16-9 wp-has-aspect-ratio\"><div class=\"wp-block-embed__wrapper\">\n<iframe loading=\"lazy\" title=\"The Lion&#039;s Den trailer\/J&amp;aacute;ma lvov&amp;aacute; trailer\" src=\"https:\/\/player.vimeo.com\/video\/385093508?h=5172f5c9ae&amp;dnt=1&amp;app_id=122963\" width=\"768\" height=\"432\" frameborder=\"0\" allow=\"autoplay; fullscreen; picture-in-picture\" allowfullscreen><\/iframe>\n<\/div><\/figure>\n\n\n\n<p>Historia Lwiej Nory (J\u00e1ma lvov\u00e1\/The Lion\u2019s Den) zacz\u0119\u0142a si\u0119 od bada\u0144 performatywnych nad mediami, populizmem politycznym i ich si\u0142\u0105 manipulacji. Dwie performerki staj\u0105 si\u0119 uciele\u015bnieniem fizycznych i wizualnych obraz\u00f3w inspirowanych przestrzeni\u0105 medialn\u0105. W nieustannym duecie, wsp\u00f3lnie z widowni\u0105, wpadaj\u0105 do symbolicznej lwiej nory, otwieraj\u0105c otch\u0142a\u0144 niepewno\u015bci. W swojej nowej produkcji Sabina Bockov\u00e1 i Johana Pockov\u00e1 balansuj\u0105 na granicy pomi\u0119dzy rozrywk\u0105 a przewrotno\u015bci\u0105. Pod\u0105\u017caj\u0105 od manipulacji publiczno\u015bci\u0105 po automanipulacj\u0119, oscyluj\u0105c mi\u0119dzy rolami liderek i ofiar. Z niezwyk\u0142\u0105 lekko\u015bci\u0105 i otwarto\u015bci\u0105 znacze\u0144 przechodz\u0105 przez poszczeg\u00f3lne figury powszechnie znane jako odniesienia spo\u0142eczne\/kulturowe, a robi\u0105c to, tworz\u0105 przestrze\u0144 dla interpretacji, krytycznego my\u015blenia i w\u0142asnego stanowiska widowni. Lwia Nora to elektryzuj\u0105cy spektakl o wysokim \u0142adunku emocjonalnym i sporej intensywno\u015bci. Dzi\u0119ki po\u0142\u0105czeniu z ekspresywn\u0105 muzyk\u0105 na \u017cywo powstaj\u0105ca atmosfera u\u017cywana jest, a czasem nadu\u017cywana, w celu wywarcia silnego nacisku emocjonalnego.<\/p>\n\n\n\n<figure class=\"wp-block-gallery columns-3 is-cropped wp-block-gallery-1 is-layout-flex wp-block-gallery-is-layout-flex\"><ul class=\"blocks-gallery-grid\"><li class=\"blocks-gallery-item\"><figure><a href=\"https:\/\/nck.krakow.pl\/kcc\/wp-content\/uploads\/2022\/06\/20191203_7595.jpg\"><img loading=\"lazy\" decoding=\"async\" width=\"1024\" height=\"683\" src=\"https:\/\/nck.krakow.pl\/kcc\/wp-content\/uploads\/2022\/06\/20191203_7595-1024x683.jpg\" alt=\"\" data-id=\"6142\" data-full-url=\"https:\/\/nck.krakow.pl\/kcc\/wp-content\/uploads\/2022\/06\/20191203_7595.jpg\" data-link=\"https:\/\/nck.krakow.pl\/kcc\/?attachment_id=6142\" class=\"wp-image-6142\" srcset=\"https:\/\/nck.krakow.pl\/kcc\/wp-content\/uploads\/2022\/06\/20191203_7595-1024x683.jpg 1024w, https:\/\/nck.krakow.pl\/kcc\/wp-content\/uploads\/2022\/06\/20191203_7595-300x200.jpg 300w, https:\/\/nck.krakow.pl\/kcc\/wp-content\/uploads\/2022\/06\/20191203_7595-768x512.jpg 768w, https:\/\/nck.krakow.pl\/kcc\/wp-content\/uploads\/2022\/06\/20191203_7595-1536x1024.jpg 1536w, https:\/\/nck.krakow.pl\/kcc\/wp-content\/uploads\/2022\/06\/20191203_7595-2048x1365.jpg 2048w\" sizes=\"(max-width: 1024px) 100vw, 1024px\" \/><\/a><\/figure><\/li><li class=\"blocks-gallery-item\"><figure><a href=\"https:\/\/nck.krakow.pl\/kcc\/wp-content\/uploads\/2022\/06\/20191203_7641-scaled.jpg\"><img loading=\"lazy\" decoding=\"async\" width=\"1024\" height=\"683\" src=\"https:\/\/nck.krakow.pl\/kcc\/wp-content\/uploads\/2022\/06\/20191203_7641-1024x683.jpg\" alt=\"\" data-id=\"6143\" data-full-url=\"https:\/\/nck.krakow.pl\/kcc\/wp-content\/uploads\/2022\/06\/20191203_7641-scaled.jpg\" data-link=\"https:\/\/nck.krakow.pl\/kcc\/?attachment_id=6143\" class=\"wp-image-6143\" srcset=\"https:\/\/nck.krakow.pl\/kcc\/wp-content\/uploads\/2022\/06\/20191203_7641-1024x683.jpg 1024w, https:\/\/nck.krakow.pl\/kcc\/wp-content\/uploads\/2022\/06\/20191203_7641-300x200.jpg 300w, https:\/\/nck.krakow.pl\/kcc\/wp-content\/uploads\/2022\/06\/20191203_7641-768x512.jpg 768w, https:\/\/nck.krakow.pl\/kcc\/wp-content\/uploads\/2022\/06\/20191203_7641-1536x1024.jpg 1536w, https:\/\/nck.krakow.pl\/kcc\/wp-content\/uploads\/2022\/06\/20191203_7641-2048x1365.jpg 2048w\" sizes=\"(max-width: 1024px) 100vw, 1024px\" \/><\/a><\/figure><\/li><li class=\"blocks-gallery-item\"><figure><a href=\"https:\/\/nck.krakow.pl\/kcc\/wp-content\/uploads\/2022\/06\/Jama-scaled.jpg\"><img loading=\"lazy\" decoding=\"async\" width=\"1024\" height=\"683\" src=\"https:\/\/nck.krakow.pl\/kcc\/wp-content\/uploads\/2022\/06\/Jama-1024x683.jpg\" alt=\"\" data-id=\"6144\" data-full-url=\"https:\/\/nck.krakow.pl\/kcc\/wp-content\/uploads\/2022\/06\/Jama-scaled.jpg\" data-link=\"https:\/\/nck.krakow.pl\/kcc\/?attachment_id=6144\" class=\"wp-image-6144\" srcset=\"https:\/\/nck.krakow.pl\/kcc\/wp-content\/uploads\/2022\/06\/Jama-1024x683.jpg 1024w, https:\/\/nck.krakow.pl\/kcc\/wp-content\/uploads\/2022\/06\/Jama-300x200.jpg 300w, https:\/\/nck.krakow.pl\/kcc\/wp-content\/uploads\/2022\/06\/Jama-768x512.jpg 768w, https:\/\/nck.krakow.pl\/kcc\/wp-content\/uploads\/2022\/06\/Jama-1536x1024.jpg 1536w, https:\/\/nck.krakow.pl\/kcc\/wp-content\/uploads\/2022\/06\/Jama-2048x1365.jpg 2048w\" sizes=\"(max-width: 1024px) 100vw, 1024px\" \/><\/a><\/figure><\/li><\/ul><\/figure>\n\n\n\n<p>Fot. Vojt\u011bch Brtnick\u00fd<\/p>\n","protected":false},"excerpt":{"rendered":"<p>\u201cThe Lion\u2019s Den\u201d &#8211;&nbsp; POCKETART \/ Johana Pockov\u00e1, Sabina Bo\u010dkov\u00e1&nbsp; 1.08 PONIEDZIA\u0141EK, 19:00, Scena NCK, bilety: 25\/35 z\u0142 rozmowa z artystami_tkami, prowadzenie: Dominik Wi\u0119cek czas trwania: 45 min Koncept, choreografia, wykonanie: Johana Pockova,&nbsp;Sabina&nbsp;BockovaMuzyka: Lukas PalanDramaturgia: Viktor CernickyRe\u017cyseria \u015bwiate: Eliska KocianovaProdukcja: POCKetART z. s.Koprodukcja: Tanec Praha z. \u00fa., Ponec \u2013 theater for contemporary danceWsparcie finansowe: Ministry [&hellip;]<\/p>\n","protected":false},"author":5,"featured_media":6146,"parent":5943,"menu_order":0,"comment_status":"closed","ping_status":"closed","template":"","meta":{"footnotes":""},"class_list":["post-6141","page","type-page","status-publish","has-post-thumbnail","hentry"],"yoast_head":"<!-- This site is optimized with the Yoast SEO plugin v19.12 - https:\/\/yoast.com\/wordpress\/plugins\/seo\/ -->\n<title>\u201cThe Lion\u2019s Den\u201d - Krakowskie Centrum Choreograficzne<\/title>\n<meta name=\"robots\" content=\"index, follow, max-snippet:-1, max-image-preview:large, max-video-preview:-1\" \/>\n<link rel=\"canonical\" href=\"https:\/\/nck.krakow.pl\/kcc\/krakowski-festiwal-tanca-2022\/the-lions-den\/\" \/>\n<meta property=\"og:locale\" content=\"pl_PL\" \/>\n<meta property=\"og:type\" content=\"article\" \/>\n<meta property=\"og:title\" content=\"\u201cThe Lion\u2019s Den\u201d - Krakowskie Centrum Choreograficzne\" \/>\n<meta property=\"og:description\" content=\"\u201cThe Lion\u2019s Den\u201d &#8211;&nbsp; POCKETART \/ Johana Pockov\u00e1, Sabina Bo\u010dkov\u00e1&nbsp; 1.08 PONIEDZIA\u0141EK, 19:00, Scena NCK, bilety: 25\/35 z\u0142 rozmowa z artystami_tkami, prowadzenie: Dominik Wi\u0119cek czas trwania: 45 min Koncept, choreografia, wykonanie: Johana Pockova,&nbsp;Sabina&nbsp;BockovaMuzyka: Lukas PalanDramaturgia: Viktor CernickyRe\u017cyseria \u015bwiate: Eliska KocianovaProdukcja: POCKetART z. s.Koprodukcja: Tanec Praha z. \u00fa., Ponec \u2013 theater for contemporary danceWsparcie finansowe: Ministry [&hellip;]\" \/>\n<meta property=\"og:url\" content=\"https:\/\/nck.krakow.pl\/kcc\/krakowski-festiwal-tanca-2022\/the-lions-den\/\" \/>\n<meta property=\"og:site_name\" content=\"Krakowskie Centrum Choreograficzne\" \/>\n<meta property=\"article:modified_time\" content=\"2022-08-08T08:58:13+00:00\" \/>\n<meta property=\"og:image\" content=\"https:\/\/nck.krakow.pl\/kcc\/wp-content\/uploads\/2022\/06\/ZDJECIE-GLOWNE-scaled.jpg\" \/>\n\t<meta property=\"og:image:width\" content=\"2560\" \/>\n\t<meta property=\"og:image:height\" content=\"1707\" \/>\n\t<meta property=\"og:image:type\" content=\"image\/jpeg\" \/>\n<meta name=\"twitter:card\" content=\"summary_large_image\" \/>\n<meta name=\"twitter:label1\" content=\"Est. reading time\" \/>\n\t<meta name=\"twitter:data1\" content=\"1 minuta\" \/>\n<script type=\"application\/ld+json\" class=\"yoast-schema-graph\">{\"@context\":\"https:\/\/schema.org\",\"@graph\":[{\"@type\":\"WebPage\",\"@id\":\"https:\/\/nck.krakow.pl\/kcc\/krakowski-festiwal-tanca-2022\/the-lions-den\/\",\"url\":\"https:\/\/nck.krakow.pl\/kcc\/krakowski-festiwal-tanca-2022\/the-lions-den\/\",\"name\":\"\u201cThe Lion\u2019s Den\u201d - Krakowskie Centrum Choreograficzne\",\"isPartOf\":{\"@id\":\"https:\/\/nck.krakow.pl\/kcc\/#website\"},\"datePublished\":\"2022-06-28T06:50:48+00:00\",\"dateModified\":\"2022-08-08T08:58:13+00:00\",\"breadcrumb\":{\"@id\":\"https:\/\/nck.krakow.pl\/kcc\/krakowski-festiwal-tanca-2022\/the-lions-den\/#breadcrumb\"},\"inLanguage\":\"pl-PL\",\"potentialAction\":[{\"@type\":\"ReadAction\",\"target\":[\"https:\/\/nck.krakow.pl\/kcc\/krakowski-festiwal-tanca-2022\/the-lions-den\/\"]}]},{\"@type\":\"BreadcrumbList\",\"@id\":\"https:\/\/nck.krakow.pl\/kcc\/krakowski-festiwal-tanca-2022\/the-lions-den\/#breadcrumb\",\"itemListElement\":[{\"@type\":\"ListItem\",\"position\":1,\"name\":\"Strona g\u0142\u00f3wna\",\"item\":\"https:\/\/nck.krakow.pl\/kcc\/\"},{\"@type\":\"ListItem\",\"position\":2,\"name\":\"Krakowski Festiwal Ta\u0144ca 2022\",\"item\":\"https:\/\/nck.krakow.pl\/kcc\/krakowski-festiwal-tanca-2022\/\"},{\"@type\":\"ListItem\",\"position\":3,\"name\":\"\u201cThe Lion\u2019s Den\u201d\"}]},{\"@type\":\"WebSite\",\"@id\":\"https:\/\/nck.krakow.pl\/kcc\/#website\",\"url\":\"https:\/\/nck.krakow.pl\/kcc\/\",\"name\":\"Krakowskie Centrum Choreograficzne\",\"description\":\"\",\"publisher\":{\"@id\":\"https:\/\/nck.krakow.pl\/kcc\/#organization\"},\"potentialAction\":[{\"@type\":\"SearchAction\",\"target\":{\"@type\":\"EntryPoint\",\"urlTemplate\":\"https:\/\/nck.krakow.pl\/kcc\/?s={search_term_string}\"},\"query-input\":\"required name=search_term_string\"}],\"inLanguage\":\"pl-PL\"},{\"@type\":\"Organization\",\"@id\":\"https:\/\/nck.krakow.pl\/kcc\/#organization\",\"name\":\"Krakowskie Centrum Choreograficzne\",\"url\":\"https:\/\/nck.krakow.pl\/kcc\/\",\"logo\":{\"@type\":\"ImageObject\",\"inLanguage\":\"pl-PL\",\"@id\":\"https:\/\/nck.krakow.pl\/kcc\/#\/schema\/logo\/image\/\",\"url\":\"https:\/\/nck.krakow.pl\/kcc\/wp-content\/uploads\/2020\/01\/cropped-logo-kcc-2020.png\",\"contentUrl\":\"https:\/\/nck.krakow.pl\/kcc\/wp-content\/uploads\/2020\/01\/cropped-logo-kcc-2020.png\",\"width\":116,\"height\":55,\"caption\":\"Krakowskie Centrum Choreograficzne\"},\"image\":{\"@id\":\"https:\/\/nck.krakow.pl\/kcc\/#\/schema\/logo\/image\/\"}}]}<\/script>\n<!-- \/ Yoast SEO plugin. -->","yoast_head_json":{"title":"\u201cThe Lion\u2019s Den\u201d - Krakowskie Centrum Choreograficzne","robots":{"index":"index","follow":"follow","max-snippet":"max-snippet:-1","max-image-preview":"max-image-preview:large","max-video-preview":"max-video-preview:-1"},"canonical":"https:\/\/nck.krakow.pl\/kcc\/krakowski-festiwal-tanca-2022\/the-lions-den\/","og_locale":"pl_PL","og_type":"article","og_title":"\u201cThe Lion\u2019s Den\u201d - Krakowskie Centrum Choreograficzne","og_description":"\u201cThe Lion\u2019s Den\u201d &#8211;&nbsp; POCKETART \/ Johana Pockov\u00e1, Sabina Bo\u010dkov\u00e1&nbsp; 1.08 PONIEDZIA\u0141EK, 19:00, Scena NCK, bilety: 25\/35 z\u0142 rozmowa z artystami_tkami, prowadzenie: Dominik Wi\u0119cek czas trwania: 45 min Koncept, choreografia, wykonanie: Johana Pockova,&nbsp;Sabina&nbsp;BockovaMuzyka: Lukas PalanDramaturgia: Viktor CernickyRe\u017cyseria \u015bwiate: Eliska KocianovaProdukcja: POCKetART z. s.Koprodukcja: Tanec Praha z. \u00fa., Ponec \u2013 theater for contemporary danceWsparcie finansowe: Ministry [&hellip;]","og_url":"https:\/\/nck.krakow.pl\/kcc\/krakowski-festiwal-tanca-2022\/the-lions-den\/","og_site_name":"Krakowskie Centrum Choreograficzne","article_modified_time":"2022-08-08T08:58:13+00:00","og_image":[{"width":2560,"height":1707,"url":"https:\/\/nck.krakow.pl\/kcc\/wp-content\/uploads\/2022\/06\/ZDJECIE-GLOWNE-scaled.jpg","type":"image\/jpeg"}],"twitter_card":"summary_large_image","twitter_misc":{"Est. reading time":"1 minuta"},"schema":{"@context":"https:\/\/schema.org","@graph":[{"@type":"WebPage","@id":"https:\/\/nck.krakow.pl\/kcc\/krakowski-festiwal-tanca-2022\/the-lions-den\/","url":"https:\/\/nck.krakow.pl\/kcc\/krakowski-festiwal-tanca-2022\/the-lions-den\/","name":"\u201cThe Lion\u2019s Den\u201d - Krakowskie Centrum Choreograficzne","isPartOf":{"@id":"https:\/\/nck.krakow.pl\/kcc\/#website"},"datePublished":"2022-06-28T06:50:48+00:00","dateModified":"2022-08-08T08:58:13+00:00","breadcrumb":{"@id":"https:\/\/nck.krakow.pl\/kcc\/krakowski-festiwal-tanca-2022\/the-lions-den\/#breadcrumb"},"inLanguage":"pl-PL","potentialAction":[{"@type":"ReadAction","target":["https:\/\/nck.krakow.pl\/kcc\/krakowski-festiwal-tanca-2022\/the-lions-den\/"]}]},{"@type":"BreadcrumbList","@id":"https:\/\/nck.krakow.pl\/kcc\/krakowski-festiwal-tanca-2022\/the-lions-den\/#breadcrumb","itemListElement":[{"@type":"ListItem","position":1,"name":"Strona g\u0142\u00f3wna","item":"https:\/\/nck.krakow.pl\/kcc\/"},{"@type":"ListItem","position":2,"name":"Krakowski Festiwal Ta\u0144ca 2022","item":"https:\/\/nck.krakow.pl\/kcc\/krakowski-festiwal-tanca-2022\/"},{"@type":"ListItem","position":3,"name":"\u201cThe Lion\u2019s Den\u201d"}]},{"@type":"WebSite","@id":"https:\/\/nck.krakow.pl\/kcc\/#website","url":"https:\/\/nck.krakow.pl\/kcc\/","name":"Krakowskie Centrum Choreograficzne","description":"","publisher":{"@id":"https:\/\/nck.krakow.pl\/kcc\/#organization"},"potentialAction":[{"@type":"SearchAction","target":{"@type":"EntryPoint","urlTemplate":"https:\/\/nck.krakow.pl\/kcc\/?s={search_term_string}"},"query-input":"required name=search_term_string"}],"inLanguage":"pl-PL"},{"@type":"Organization","@id":"https:\/\/nck.krakow.pl\/kcc\/#organization","name":"Krakowskie Centrum Choreograficzne","url":"https:\/\/nck.krakow.pl\/kcc\/","logo":{"@type":"ImageObject","inLanguage":"pl-PL","@id":"https:\/\/nck.krakow.pl\/kcc\/#\/schema\/logo\/image\/","url":"https:\/\/nck.krakow.pl\/kcc\/wp-content\/uploads\/2020\/01\/cropped-logo-kcc-2020.png","contentUrl":"https:\/\/nck.krakow.pl\/kcc\/wp-content\/uploads\/2020\/01\/cropped-logo-kcc-2020.png","width":116,"height":55,"caption":"Krakowskie Centrum Choreograficzne"},"image":{"@id":"https:\/\/nck.krakow.pl\/kcc\/#\/schema\/logo\/image\/"}}]}},"_links":{"self":[{"href":"https:\/\/nck.krakow.pl\/kcc\/wp-json\/wp\/v2\/pages\/6141"}],"collection":[{"href":"https:\/\/nck.krakow.pl\/kcc\/wp-json\/wp\/v2\/pages"}],"about":[{"href":"https:\/\/nck.krakow.pl\/kcc\/wp-json\/wp\/v2\/types\/page"}],"author":[{"embeddable":true,"href":"https:\/\/nck.krakow.pl\/kcc\/wp-json\/wp\/v2\/users\/5"}],"replies":[{"embeddable":true,"href":"https:\/\/nck.krakow.pl\/kcc\/wp-json\/wp\/v2\/comments?post=6141"}],"version-history":[{"count":2,"href":"https:\/\/nck.krakow.pl\/kcc\/wp-json\/wp\/v2\/pages\/6141\/revisions"}],"predecessor-version":[{"id":6277,"href":"https:\/\/nck.krakow.pl\/kcc\/wp-json\/wp\/v2\/pages\/6141\/revisions\/6277"}],"up":[{"embeddable":true,"href":"https:\/\/nck.krakow.pl\/kcc\/wp-json\/wp\/v2\/pages\/5943"}],"wp:featuredmedia":[{"embeddable":true,"href":"https:\/\/nck.krakow.pl\/kcc\/wp-json\/wp\/v2\/media\/6146"}],"wp:attachment":[{"href":"https:\/\/nck.krakow.pl\/kcc\/wp-json\/wp\/v2\/media?parent=6141"}],"curies":[{"name":"wp","href":"https:\/\/api.w.org\/{rel}","templated":true}]}}