{"id":6077,"date":"2022-06-20T09:25:16","date_gmt":"2022-06-20T09:25:16","guid":{"rendered":"https:\/\/nck.krakow.pl\/kcc\/?page_id=6077"},"modified":"2022-06-20T09:31:02","modified_gmt":"2022-06-20T09:31:02","slug":"krakowski-festiwal-tanca-wystawa","status":"publish","type":"page","link":"https:\/\/nck.krakow.pl\/kcc\/krakowski-festiwal-tanca-2022\/krakowski-festiwal-tanca-wystawa\/","title":{"rendered":"KRAKOWSKI FESTIWAL TA\u0143CA"},"content":{"rendered":"\n<figure class=\"wp-block-image size-full\"><img loading=\"lazy\" decoding=\"async\" width=\"1025\" height=\"684\" src=\"https:\/\/nck.krakow.pl\/kcc\/wp-content\/uploads\/2022\/06\/wystawa.png\" alt=\"\" class=\"wp-image-6078\" srcset=\"https:\/\/nck.krakow.pl\/kcc\/wp-content\/uploads\/2022\/06\/wystawa.png 1025w, https:\/\/nck.krakow.pl\/kcc\/wp-content\/uploads\/2022\/06\/wystawa-300x200.png 300w, https:\/\/nck.krakow.pl\/kcc\/wp-content\/uploads\/2022\/06\/wystawa-768x512.png 768w\" sizes=\"(max-width: 1025px) 100vw, 1025px\" \/><\/figure>\n\n\n\n<p>wystawa fotografii z I edycji KFT autorstwa Klaudyny Schubert&nbsp;<\/p>\n\n\n\n<p><strong>9.06-31.08<\/strong>&nbsp;<\/p>\n\n\n\n<p>Hevre (ul. Meiselsa 18, Krak\u00f3w)&nbsp;<\/p>\n\n\n\n<p>wst\u0119p wolny<\/p>\n\n\n\n<div style=\"height:100px\" aria-hidden=\"true\" class=\"wp-block-spacer\"><\/div>\n\n\n\n<p><strong>O WYSTAWIE:<\/strong><\/p>\n\n\n\n<p>Wystawa zatytu\u0142owana&nbsp;<em>KRAKOWSKI FESTIWAL TA\u0143CA<\/em>&nbsp;to cykl fotografii Klaudyny Schubert z I edycji Festiwalu, kt\u00f3rego organizatorem jest Krakowskie Centrum Choreograficzne \u2013 Nowohuckie Centrum Kultury.&nbsp;Za jej po\u015brednictwem chcemy pokaza\u0107 r\u00f3\u017cnorodno\u015b\u0107 i wielowymiarowo\u015b\u0107 prezentowanych dotychczas spektakli, a tak\u017ce odda\u0107 tw\u00f3rczy zapa\u0142 i synergi\u0119 wsp\u00f3lnego dzia\u0142ania artyst\u00f3w_ek i uczestnik\u00f3w_czek, kt\u00f3re towarzyszy\u0142y nam w ubieg\u0142ym roku i \u2013 jak wierzymy \u2013 b\u0119d\u0105 sk\u0142adowymi tak\u017ce II edycji KFT.<\/p>\n\n\n\n<p>kuratorka wystawy: Magdalena Urba\u0144ska<\/p>\n\n\n\n<div style=\"height:100px\" aria-hidden=\"true\" class=\"wp-block-spacer\"><\/div>\n\n\n\n<p><strong>KLAUDYNA SCHUBERT<\/strong><br>Fotografka, re\u017cyserka \u015bwiat\u0142a. Wsp\u00f3\u0142pracuje z szeregiem instytucji kultury i festiwalami w ca\u0142ej Polsce. Autorka fotografii do ksi\u0105\u017cek oraz projekt\u00f3w, kt\u00f3re by\u0142y prezentowane w ramach wystaw indywidualnych (m.in. \u201cINSIDE OUT\u201d [2020]\u201d, \u201eDance until we are lost\u201d [2021]) i zbiorowych. Pi\u0119ciokrotna finalistka Konkursu Fotografii Teatralnej organizowanego przez Instytut Teatralny im. Zbigniewa Raszewskiego. Najch\u0119tniej fotografuje teatr i oryginalne formy artystycznego wyrazu.&nbsp;Uwielbia zwyk\u0142e momenty i niezwyk\u0142e wydarzenia, a w fotografii pr\u00f3buje pokaza\u0107 ich odwrotno\u015b\u0107.<\/p>\n\n\n\n<p><a href=\"https:\/\/www.instagram.com\/klaudyna_schubert\/\" target=\"_blank\" rel=\"noreferrer noopener\">@klaudyna Schubert &nbsp;<\/a><\/p>\n\n\n\n<p><strong>NA ZDJ\u0118CIACH:<\/strong><br><em>TYTUM<\/em>&nbsp;Gobardhan\/Wo\u0142owiec,&nbsp;<em>Mechanics of distance<\/em>&nbsp;M\u00e9sz\u00e1ros,&nbsp;<em>Sticky Fingers Club<\/em>&nbsp;Kom\u0119dera- Mi\u015bkiewicz\/Wiak\/Wi\u0119cek\/Witkowska,&nbsp;<em>_on_line__<\/em>&nbsp;Kolektyw Holobiont,&nbsp;<em>THE VESSEL<\/em>&nbsp;Kraczkowska,&nbsp;<em>JUMPCORE<\/em>&nbsp;Sakowicz,&nbsp;<em>CZ\u0118STOTLIWO\u015a\u0106<\/em>&nbsp;LineAct\/Gawro\u0144ski\/Wnuk,&nbsp;<em>Tens&nbsp;<\/em>Wo\u0142owiec,&nbsp;<em>Dzie\u0144, w kt\u00f3rym V. da\u0142a mi do my\u015blenia albo jak pozby\u0142am si\u0119 prokrastynacji<\/em>&nbsp;Bo\u017cek-Muszy\u0144ska<em>, SOLO TEN<\/em>&nbsp;Motyl, Massa Gerhardt,&nbsp;<em>Koda (a tribute)<\/em>&nbsp;Orlik\/Le\u015bnierowska, uczestnicy_czki warsztat\u00f3w oraz widzowie_dzki<\/p>\n\n\n\n<div style=\"height:100px\" aria-hidden=\"true\" class=\"wp-block-spacer\"><\/div>\n\n\n\n<figure class=\"wp-block-image size-large\"><img loading=\"lazy\" decoding=\"async\" width=\"1024\" height=\"105\" src=\"https:\/\/nck.krakow.pl\/kcc\/wp-content\/uploads\/2022\/06\/belka-z-logotypami-KFT-2022-1-1024x105.png\" alt=\"\" class=\"wp-image-6026\" srcset=\"https:\/\/nck.krakow.pl\/kcc\/wp-content\/uploads\/2022\/06\/belka-z-logotypami-KFT-2022-1-1024x105.png 1024w, https:\/\/nck.krakow.pl\/kcc\/wp-content\/uploads\/2022\/06\/belka-z-logotypami-KFT-2022-1-300x31.png 300w, https:\/\/nck.krakow.pl\/kcc\/wp-content\/uploads\/2022\/06\/belka-z-logotypami-KFT-2022-1-768x79.png 768w, https:\/\/nck.krakow.pl\/kcc\/wp-content\/uploads\/2022\/06\/belka-z-logotypami-KFT-2022-1-1536x157.png 1536w, https:\/\/nck.krakow.pl\/kcc\/wp-content\/uploads\/2022\/06\/belka-z-logotypami-KFT-2022-1-2048x210.png 2048w\" sizes=\"(max-width: 1024px) 100vw, 1024px\" \/><\/figure>\n\n\n\n<p><em>Dofinansowano ze \u015brodk\u00f3w Ministra Kultury i Dziedzictwa Narodowego pochodz\u0105cych z Funduszu Promocji Kultury \u2013 pa\u0144stwowego funduszu celowego, w ramach programu \u201eTaniec\u201d, realizowanego przez Narodowy Instytut Muzyki i Ta\u0144ca<\/em><\/p>\n","protected":false},"excerpt":{"rendered":"<p>wystawa fotografii z I edycji KFT autorstwa Klaudyny Schubert&nbsp; 9.06-31.08&nbsp; Hevre (ul. Meiselsa 18, Krak\u00f3w)&nbsp; wst\u0119p wolny O WYSTAWIE: Wystawa zatytu\u0142owana&nbsp;KRAKOWSKI FESTIWAL TA\u0143CA&nbsp;to cykl fotografii Klaudyny Schubert z I edycji Festiwalu, kt\u00f3rego organizatorem jest Krakowskie Centrum Choreograficzne \u2013 Nowohuckie Centrum Kultury.&nbsp;Za jej po\u015brednictwem chcemy pokaza\u0107 r\u00f3\u017cnorodno\u015b\u0107 i wielowymiarowo\u015b\u0107 prezentowanych dotychczas spektakli, a tak\u017ce odda\u0107 tw\u00f3rczy [&hellip;]<\/p>\n","protected":false},"author":5,"featured_media":0,"parent":5943,"menu_order":0,"comment_status":"closed","ping_status":"closed","template":"","meta":{"footnotes":""},"class_list":["post-6077","page","type-page","status-publish","hentry"],"yoast_head":"<!-- This site is optimized with the Yoast SEO plugin v19.12 - https:\/\/yoast.com\/wordpress\/plugins\/seo\/ -->\n<title>KRAKOWSKI FESTIWAL TA\u0143CA - Krakowskie Centrum Choreograficzne<\/title>\n<meta name=\"robots\" content=\"index, follow, max-snippet:-1, max-image-preview:large, max-video-preview:-1\" \/>\n<link rel=\"canonical\" href=\"https:\/\/nck.krakow.pl\/kcc\/krakowski-festiwal-tanca-2022\/krakowski-festiwal-tanca-wystawa\/\" \/>\n<meta property=\"og:locale\" content=\"pl_PL\" \/>\n<meta property=\"og:type\" content=\"article\" \/>\n<meta property=\"og:title\" content=\"KRAKOWSKI FESTIWAL TA\u0143CA - Krakowskie Centrum Choreograficzne\" \/>\n<meta property=\"og:description\" content=\"wystawa fotografii z I edycji KFT autorstwa Klaudyny Schubert&nbsp; 9.06-31.08&nbsp; Hevre (ul. Meiselsa 18, Krak\u00f3w)&nbsp; wst\u0119p wolny O WYSTAWIE: Wystawa zatytu\u0142owana&nbsp;KRAKOWSKI FESTIWAL TA\u0143CA&nbsp;to cykl fotografii Klaudyny Schubert z I edycji Festiwalu, kt\u00f3rego organizatorem jest Krakowskie Centrum Choreograficzne \u2013 Nowohuckie Centrum Kultury.&nbsp;Za jej po\u015brednictwem chcemy pokaza\u0107 r\u00f3\u017cnorodno\u015b\u0107 i wielowymiarowo\u015b\u0107 prezentowanych dotychczas spektakli, a tak\u017ce odda\u0107 tw\u00f3rczy [&hellip;]\" \/>\n<meta property=\"og:url\" content=\"https:\/\/nck.krakow.pl\/kcc\/krakowski-festiwal-tanca-2022\/krakowski-festiwal-tanca-wystawa\/\" \/>\n<meta property=\"og:site_name\" content=\"Krakowskie Centrum Choreograficzne\" \/>\n<meta property=\"article:modified_time\" content=\"2022-06-20T09:31:02+00:00\" \/>\n<meta property=\"og:image\" content=\"https:\/\/nck.krakow.pl\/kcc\/wp-content\/uploads\/2022\/06\/wystawa.png\" \/>\n<meta name=\"twitter:card\" content=\"summary_large_image\" \/>\n<meta name=\"twitter:label1\" content=\"Est. reading time\" \/>\n\t<meta name=\"twitter:data1\" content=\"2 minuty\" \/>\n<script type=\"application\/ld+json\" class=\"yoast-schema-graph\">{\"@context\":\"https:\/\/schema.org\",\"@graph\":[{\"@type\":\"WebPage\",\"@id\":\"https:\/\/nck.krakow.pl\/kcc\/krakowski-festiwal-tanca-2022\/krakowski-festiwal-tanca-wystawa\/\",\"url\":\"https:\/\/nck.krakow.pl\/kcc\/krakowski-festiwal-tanca-2022\/krakowski-festiwal-tanca-wystawa\/\",\"name\":\"KRAKOWSKI FESTIWAL TA\u0143CA - Krakowskie Centrum Choreograficzne\",\"isPartOf\":{\"@id\":\"https:\/\/nck.krakow.pl\/kcc\/#website\"},\"datePublished\":\"2022-06-20T09:25:16+00:00\",\"dateModified\":\"2022-06-20T09:31:02+00:00\",\"breadcrumb\":{\"@id\":\"https:\/\/nck.krakow.pl\/kcc\/krakowski-festiwal-tanca-2022\/krakowski-festiwal-tanca-wystawa\/#breadcrumb\"},\"inLanguage\":\"pl-PL\",\"potentialAction\":[{\"@type\":\"ReadAction\",\"target\":[\"https:\/\/nck.krakow.pl\/kcc\/krakowski-festiwal-tanca-2022\/krakowski-festiwal-tanca-wystawa\/\"]}]},{\"@type\":\"BreadcrumbList\",\"@id\":\"https:\/\/nck.krakow.pl\/kcc\/krakowski-festiwal-tanca-2022\/krakowski-festiwal-tanca-wystawa\/#breadcrumb\",\"itemListElement\":[{\"@type\":\"ListItem\",\"position\":1,\"name\":\"Strona g\u0142\u00f3wna\",\"item\":\"https:\/\/nck.krakow.pl\/kcc\/\"},{\"@type\":\"ListItem\",\"position\":2,\"name\":\"Krakowski Festiwal Ta\u0144ca 2022\",\"item\":\"https:\/\/nck.krakow.pl\/kcc\/krakowski-festiwal-tanca-2022\/\"},{\"@type\":\"ListItem\",\"position\":3,\"name\":\"KRAKOWSKI FESTIWAL TA\u0143CA\"}]},{\"@type\":\"WebSite\",\"@id\":\"https:\/\/nck.krakow.pl\/kcc\/#website\",\"url\":\"https:\/\/nck.krakow.pl\/kcc\/\",\"name\":\"Krakowskie Centrum Choreograficzne\",\"description\":\"\",\"publisher\":{\"@id\":\"https:\/\/nck.krakow.pl\/kcc\/#organization\"},\"potentialAction\":[{\"@type\":\"SearchAction\",\"target\":{\"@type\":\"EntryPoint\",\"urlTemplate\":\"https:\/\/nck.krakow.pl\/kcc\/?s={search_term_string}\"},\"query-input\":\"required name=search_term_string\"}],\"inLanguage\":\"pl-PL\"},{\"@type\":\"Organization\",\"@id\":\"https:\/\/nck.krakow.pl\/kcc\/#organization\",\"name\":\"Krakowskie Centrum Choreograficzne\",\"url\":\"https:\/\/nck.krakow.pl\/kcc\/\",\"logo\":{\"@type\":\"ImageObject\",\"inLanguage\":\"pl-PL\",\"@id\":\"https:\/\/nck.krakow.pl\/kcc\/#\/schema\/logo\/image\/\",\"url\":\"https:\/\/nck.krakow.pl\/kcc\/wp-content\/uploads\/2020\/01\/cropped-logo-kcc-2020.png\",\"contentUrl\":\"https:\/\/nck.krakow.pl\/kcc\/wp-content\/uploads\/2020\/01\/cropped-logo-kcc-2020.png\",\"width\":116,\"height\":55,\"caption\":\"Krakowskie Centrum Choreograficzne\"},\"image\":{\"@id\":\"https:\/\/nck.krakow.pl\/kcc\/#\/schema\/logo\/image\/\"}}]}<\/script>\n<!-- \/ Yoast SEO plugin. -->","yoast_head_json":{"title":"KRAKOWSKI FESTIWAL TA\u0143CA - Krakowskie Centrum Choreograficzne","robots":{"index":"index","follow":"follow","max-snippet":"max-snippet:-1","max-image-preview":"max-image-preview:large","max-video-preview":"max-video-preview:-1"},"canonical":"https:\/\/nck.krakow.pl\/kcc\/krakowski-festiwal-tanca-2022\/krakowski-festiwal-tanca-wystawa\/","og_locale":"pl_PL","og_type":"article","og_title":"KRAKOWSKI FESTIWAL TA\u0143CA - Krakowskie Centrum Choreograficzne","og_description":"wystawa fotografii z I edycji KFT autorstwa Klaudyny Schubert&nbsp; 9.06-31.08&nbsp; Hevre (ul. Meiselsa 18, Krak\u00f3w)&nbsp; wst\u0119p wolny O WYSTAWIE: Wystawa zatytu\u0142owana&nbsp;KRAKOWSKI FESTIWAL TA\u0143CA&nbsp;to cykl fotografii Klaudyny Schubert z I edycji Festiwalu, kt\u00f3rego organizatorem jest Krakowskie Centrum Choreograficzne \u2013 Nowohuckie Centrum Kultury.&nbsp;Za jej po\u015brednictwem chcemy pokaza\u0107 r\u00f3\u017cnorodno\u015b\u0107 i wielowymiarowo\u015b\u0107 prezentowanych dotychczas spektakli, a tak\u017ce odda\u0107 tw\u00f3rczy [&hellip;]","og_url":"https:\/\/nck.krakow.pl\/kcc\/krakowski-festiwal-tanca-2022\/krakowski-festiwal-tanca-wystawa\/","og_site_name":"Krakowskie Centrum Choreograficzne","article_modified_time":"2022-06-20T09:31:02+00:00","og_image":[{"url":"https:\/\/nck.krakow.pl\/kcc\/wp-content\/uploads\/2022\/06\/wystawa.png"}],"twitter_card":"summary_large_image","twitter_misc":{"Est. reading time":"2 minuty"},"schema":{"@context":"https:\/\/schema.org","@graph":[{"@type":"WebPage","@id":"https:\/\/nck.krakow.pl\/kcc\/krakowski-festiwal-tanca-2022\/krakowski-festiwal-tanca-wystawa\/","url":"https:\/\/nck.krakow.pl\/kcc\/krakowski-festiwal-tanca-2022\/krakowski-festiwal-tanca-wystawa\/","name":"KRAKOWSKI FESTIWAL TA\u0143CA - Krakowskie Centrum Choreograficzne","isPartOf":{"@id":"https:\/\/nck.krakow.pl\/kcc\/#website"},"datePublished":"2022-06-20T09:25:16+00:00","dateModified":"2022-06-20T09:31:02+00:00","breadcrumb":{"@id":"https:\/\/nck.krakow.pl\/kcc\/krakowski-festiwal-tanca-2022\/krakowski-festiwal-tanca-wystawa\/#breadcrumb"},"inLanguage":"pl-PL","potentialAction":[{"@type":"ReadAction","target":["https:\/\/nck.krakow.pl\/kcc\/krakowski-festiwal-tanca-2022\/krakowski-festiwal-tanca-wystawa\/"]}]},{"@type":"BreadcrumbList","@id":"https:\/\/nck.krakow.pl\/kcc\/krakowski-festiwal-tanca-2022\/krakowski-festiwal-tanca-wystawa\/#breadcrumb","itemListElement":[{"@type":"ListItem","position":1,"name":"Strona g\u0142\u00f3wna","item":"https:\/\/nck.krakow.pl\/kcc\/"},{"@type":"ListItem","position":2,"name":"Krakowski Festiwal Ta\u0144ca 2022","item":"https:\/\/nck.krakow.pl\/kcc\/krakowski-festiwal-tanca-2022\/"},{"@type":"ListItem","position":3,"name":"KRAKOWSKI FESTIWAL TA\u0143CA"}]},{"@type":"WebSite","@id":"https:\/\/nck.krakow.pl\/kcc\/#website","url":"https:\/\/nck.krakow.pl\/kcc\/","name":"Krakowskie Centrum Choreograficzne","description":"","publisher":{"@id":"https:\/\/nck.krakow.pl\/kcc\/#organization"},"potentialAction":[{"@type":"SearchAction","target":{"@type":"EntryPoint","urlTemplate":"https:\/\/nck.krakow.pl\/kcc\/?s={search_term_string}"},"query-input":"required name=search_term_string"}],"inLanguage":"pl-PL"},{"@type":"Organization","@id":"https:\/\/nck.krakow.pl\/kcc\/#organization","name":"Krakowskie Centrum Choreograficzne","url":"https:\/\/nck.krakow.pl\/kcc\/","logo":{"@type":"ImageObject","inLanguage":"pl-PL","@id":"https:\/\/nck.krakow.pl\/kcc\/#\/schema\/logo\/image\/","url":"https:\/\/nck.krakow.pl\/kcc\/wp-content\/uploads\/2020\/01\/cropped-logo-kcc-2020.png","contentUrl":"https:\/\/nck.krakow.pl\/kcc\/wp-content\/uploads\/2020\/01\/cropped-logo-kcc-2020.png","width":116,"height":55,"caption":"Krakowskie Centrum Choreograficzne"},"image":{"@id":"https:\/\/nck.krakow.pl\/kcc\/#\/schema\/logo\/image\/"}}]}},"_links":{"self":[{"href":"https:\/\/nck.krakow.pl\/kcc\/wp-json\/wp\/v2\/pages\/6077"}],"collection":[{"href":"https:\/\/nck.krakow.pl\/kcc\/wp-json\/wp\/v2\/pages"}],"about":[{"href":"https:\/\/nck.krakow.pl\/kcc\/wp-json\/wp\/v2\/types\/page"}],"author":[{"embeddable":true,"href":"https:\/\/nck.krakow.pl\/kcc\/wp-json\/wp\/v2\/users\/5"}],"replies":[{"embeddable":true,"href":"https:\/\/nck.krakow.pl\/kcc\/wp-json\/wp\/v2\/comments?post=6077"}],"version-history":[{"count":3,"href":"https:\/\/nck.krakow.pl\/kcc\/wp-json\/wp\/v2\/pages\/6077\/revisions"}],"predecessor-version":[{"id":6082,"href":"https:\/\/nck.krakow.pl\/kcc\/wp-json\/wp\/v2\/pages\/6077\/revisions\/6082"}],"up":[{"embeddable":true,"href":"https:\/\/nck.krakow.pl\/kcc\/wp-json\/wp\/v2\/pages\/5943"}],"wp:attachment":[{"href":"https:\/\/nck.krakow.pl\/kcc\/wp-json\/wp\/v2\/media?parent=6077"}],"curies":[{"name":"wp","href":"https:\/\/api.w.org\/{rel}","templated":true}]}}