{"id":5995,"date":"2022-06-14T13:09:08","date_gmt":"2022-06-14T13:09:08","guid":{"rendered":"https:\/\/nck.krakow.pl\/kcc\/?page_id=5995"},"modified":"2022-08-08T08:55:30","modified_gmt":"2022-08-08T08:55:30","slug":"gaga-people-gaga-dancers","status":"publish","type":"page","link":"https:\/\/nck.krakow.pl\/kcc\/krakowski-festiwal-tanca-2022\/gaga-people-gaga-dancers\/","title":{"rendered":"GAGA PEOPLE \/ GAGA DANCERS"},"content":{"rendered":"\n<figure class=\"wp-block-image size-large\"><img loading=\"lazy\" decoding=\"async\" width=\"1024\" height=\"576\" src=\"https:\/\/nck.krakow.pl\/kcc\/wp-content\/uploads\/2022\/06\/KFT_gaga-1024x576.png\" alt=\"\" class=\"wp-image-6025\" srcset=\"https:\/\/nck.krakow.pl\/kcc\/wp-content\/uploads\/2022\/06\/KFT_gaga-1024x576.png 1024w, https:\/\/nck.krakow.pl\/kcc\/wp-content\/uploads\/2022\/06\/KFT_gaga-300x169.png 300w, https:\/\/nck.krakow.pl\/kcc\/wp-content\/uploads\/2022\/06\/KFT_gaga-768x432.png 768w, https:\/\/nck.krakow.pl\/kcc\/wp-content\/uploads\/2022\/06\/KFT_gaga-1536x864.png 1536w, https:\/\/nck.krakow.pl\/kcc\/wp-content\/uploads\/2022\/06\/KFT_gaga.png 1921w\" sizes=\"(max-width: 1024px) 100vw, 1024px\" \/><\/figure>\n\n\n\n<p>W programie warsztatowym nie zabraknie r\u00f3wnie\u017c zaj\u0119\u0107 GAGA, kt\u00f3re poprowadzi w tym roku Natalia Iwaniec.<\/p>\n\n\n\n<p>Zaj\u0119cia Gaga People s\u0105 otwarte dla os\u00f3b powy\u017cej 18. roku \u017cycia, niezale\u017cnie od do\u015bwiadczenia tanecznego czy ruchowego (czyli dla wszystkich ch\u0119tnych, pocz\u0105tkuj\u0105cych, starszych, m\u0142odszych itd.), natomiast zaj\u0119cia Gaga Dancers kierowane s\u0105 do tancerzy na poziomie \u015brednio zaawansowanym i zaawansowanym, powy\u017cej 18 roku \u017cycia.<\/p>\n\n\n\n<p><strong>6 sierpnia 10:00 \u2013 11:00 Gaga People \/ 11:15 \u2013 12:30 Gaga Dancers<\/strong><br><strong>7 sierpnia 10:00 \u2013 11:00 Gaga People \/ 11:15 \u2013 12:30 Gaga Dancers<\/strong><\/p>\n\n\n\n<p>Koszt jednej lekcji: 45 z\u0142otych.<\/p>\n\n\n\n<p>UWAGA! Osoby sp\u00f3\u017anione nie zostan\u0105 wpuszczone na zaj\u0119cia! Prosimy przyj\u015b\u0107 co najmniej 15 minut przed rozpocz\u0119ciem lekcji.<\/p>\n\n\n\n<p><strong>Regulamin:<\/strong><\/p>\n\n\n\n<div class=\"wp-block-file\"><a href=\"https:\/\/nck.krakow.pl\/kcc\/wp-content\/uploads\/2022\/06\/REGULAMIN_Gaga_KFT2022.doc\">REGULAMIN_Gaga_KFT2022<\/a><a href=\"https:\/\/nck.krakow.pl\/kcc\/wp-content\/uploads\/2022\/06\/REGULAMIN_Gaga_KFT2022.doc\" class=\"wp-block-file__button\" download>Pobierz<\/a><\/div>\n\n\n\n<p><strong>Kontakt: zapisy.kcc@nck.krakow.pl<\/strong><\/p>\n\n\n\n<div style=\"height:100px\" aria-hidden=\"true\" class=\"wp-block-spacer\"><\/div>\n\n\n\n<p><strong>GAGA<\/strong><\/p>\n\n\n\n<p>Gaga jest j\u0119zykiem ruchowym opracowanym przez wiele lat przez Ohada Naharina i stosowanym w codziennym treningu i praktyce tanecznej Batsheva Dance Company. J\u0119zyk Gaga jest nieustannie rozwijany i pog\u0142\u0119biany, opiera si\u0119 na przekonaniu, \u017ce ruch ma lecz\u0105c\u0105, dynamiczn\u0105 i nieustannie zmieniaj\u0105c\u0105 si\u0119 moc.<\/p>\n\n\n\n<p>Gaga jest nowym sposobem zdobywania wiedzy i samo\u015bwiadomo\u015bci przez cia\u0142o. Oferuje spos\u00f3b odkrywania i wzmacniania cia\u0142a oraz zwi\u0119kszania elastyczno\u015bci, pewno\u015bci siebie i zakres\u00f3w ruchu, jednocze\u015bnie uwalniaj\u0105c zmys\u0142y i wyobra\u017ani\u0119. Gaga podnosi \u015bwiadomo\u015b\u0107 w\u0142asnych fizycznych s\u0142abo\u015bci, przebudza odr\u0119twia\u0142e obszary cia\u0142a, obna\u017ca fizyczne zafiksowania i oferuje sposoby ich eliminacji.<\/p>\n\n\n\n<p>Praca ta wzmacnia instynktowny ruch i \u0142\u0105czy ruch \u015bwiadomy z nie\u015bwiadomym, i pozwala na do\u015bwiadczanie swobody i przyjemno\u015bci w prosty spos\u00f3b, w przyjemnej przestrzeni, w wygodnym ubraniu, przy muzyce, ka\u017cdy w indywidualnym ruchu z innymi.<\/p>\n\n\n\n<div style=\"height:100px\" aria-hidden=\"true\" class=\"wp-block-spacer\"><\/div>\n\n\n\n<p><strong>NATALIA IWANIEC<\/strong><\/p>\n\n\n\n<figure class=\"wp-block-image size-full is-resized\"><img loading=\"lazy\" decoding=\"async\" src=\"https:\/\/nck.krakow.pl\/kcc\/wp-content\/uploads\/2022\/06\/pmn-Natalia-Iwaniec.jpeg\" alt=\"\" class=\"wp-image-6107\" width=\"450\" height=\"299\" srcset=\"https:\/\/nck.krakow.pl\/kcc\/wp-content\/uploads\/2022\/06\/pmn-Natalia-Iwaniec.jpeg 600w, https:\/\/nck.krakow.pl\/kcc\/wp-content\/uploads\/2022\/06\/pmn-Natalia-Iwaniec-300x200.jpeg 300w\" sizes=\"(max-width: 450px) 100vw, 450px\" \/><\/figure>\n\n\n\n<p>Absolwentka wiedzy o teatrze na Uniwersytecie Jagiello\u0144skim w Krakowie i Studium Animator\u00f3w Kultury we Wroc\u0142awiu (specjalno\u015b\u0107: taniec).<\/p>\n\n\n\n<p>Prowadzi\u0142a zaj\u0119cia na licznych festiwalach tanecznych w Polsce i za granic\u0105, uczy\u0142a m.in. w Rambert School of Ballet and Contemporary Dance (zar\u00f3wno w szkole, jak i profesjonalnym zespole), Trinity Laban Conservatory of Music and Dance, Central Europe Dance Company w Budapeszcie.<\/p>\n\n\n\n<p>Uczestniczy\u0142a w presti\u017cowym projekcie-warsztacie dla tancerzy u choreografki Yasmeen Goddder (Tel Aviv). Stworzy\u0142a choreografie do wielu spektakli min. dla Teatru im. Williama Horzycy w Toruniu, Teatru Migro i Capelli Cracoviencis w Krakowie.<\/p>\n\n\n\n<div style=\"height:100px\" aria-hidden=\"true\" class=\"wp-block-spacer\"><\/div>\n\n\n\n<figure class=\"wp-block-image size-large\"><img loading=\"lazy\" decoding=\"async\" width=\"1024\" height=\"105\" src=\"https:\/\/nck.krakow.pl\/kcc\/wp-content\/uploads\/2022\/06\/belka-z-logotypami-KFT-2022-1-1024x105.png\" alt=\"\" class=\"wp-image-6026\" srcset=\"https:\/\/nck.krakow.pl\/kcc\/wp-content\/uploads\/2022\/06\/belka-z-logotypami-KFT-2022-1-1024x105.png 1024w, https:\/\/nck.krakow.pl\/kcc\/wp-content\/uploads\/2022\/06\/belka-z-logotypami-KFT-2022-1-300x31.png 300w, https:\/\/nck.krakow.pl\/kcc\/wp-content\/uploads\/2022\/06\/belka-z-logotypami-KFT-2022-1-768x79.png 768w, https:\/\/nck.krakow.pl\/kcc\/wp-content\/uploads\/2022\/06\/belka-z-logotypami-KFT-2022-1-1536x157.png 1536w, https:\/\/nck.krakow.pl\/kcc\/wp-content\/uploads\/2022\/06\/belka-z-logotypami-KFT-2022-1-2048x210.png 2048w\" sizes=\"(max-width: 1024px) 100vw, 1024px\" \/><\/figure>\n\n\n\n<p><em>Dofinansowano ze \u015brodk\u00f3w Ministra Kultury i Dziedzictwa Narodowego pochodz\u0105cych z Funduszu Promocji Kultury \u2013 pa\u0144stwowego funduszu celowego, w ramach programu \u201eTaniec\u201d, realizowanego przez Narodowy Instytut Muzyki i Ta\u0144ca.<\/em><\/p>\n","protected":false},"excerpt":{"rendered":"<p>W programie warsztatowym nie zabraknie r\u00f3wnie\u017c zaj\u0119\u0107 GAGA, kt\u00f3re poprowadzi w tym roku Natalia Iwaniec. Zaj\u0119cia Gaga People s\u0105 otwarte dla os\u00f3b powy\u017cej 18. roku \u017cycia, niezale\u017cnie od do\u015bwiadczenia tanecznego czy ruchowego (czyli dla wszystkich ch\u0119tnych, pocz\u0105tkuj\u0105cych, starszych, m\u0142odszych itd.), natomiast zaj\u0119cia Gaga Dancers kierowane s\u0105 do tancerzy na poziomie \u015brednio zaawansowanym i zaawansowanym, powy\u017cej [&hellip;]<\/p>\n","protected":false},"author":5,"featured_media":0,"parent":5943,"menu_order":0,"comment_status":"closed","ping_status":"closed","template":"","meta":{"footnotes":""},"class_list":["post-5995","page","type-page","status-publish","hentry"],"yoast_head":"<!-- This site is optimized with the Yoast SEO plugin v19.12 - https:\/\/yoast.com\/wordpress\/plugins\/seo\/ -->\n<title>GAGA PEOPLE \/ GAGA DANCERS - Krakowskie Centrum Choreograficzne<\/title>\n<meta name=\"robots\" content=\"index, follow, max-snippet:-1, max-image-preview:large, max-video-preview:-1\" \/>\n<link rel=\"canonical\" href=\"https:\/\/nck.krakow.pl\/kcc\/krakowski-festiwal-tanca-2022\/gaga-people-gaga-dancers\/\" \/>\n<meta property=\"og:locale\" content=\"pl_PL\" \/>\n<meta property=\"og:type\" content=\"article\" \/>\n<meta property=\"og:title\" content=\"GAGA PEOPLE \/ GAGA DANCERS - Krakowskie Centrum Choreograficzne\" \/>\n<meta property=\"og:description\" content=\"W programie warsztatowym nie zabraknie r\u00f3wnie\u017c zaj\u0119\u0107 GAGA, kt\u00f3re poprowadzi w tym roku Natalia Iwaniec. Zaj\u0119cia Gaga People s\u0105 otwarte dla os\u00f3b powy\u017cej 18. roku \u017cycia, niezale\u017cnie od do\u015bwiadczenia tanecznego czy ruchowego (czyli dla wszystkich ch\u0119tnych, pocz\u0105tkuj\u0105cych, starszych, m\u0142odszych itd.), natomiast zaj\u0119cia Gaga Dancers kierowane s\u0105 do tancerzy na poziomie \u015brednio zaawansowanym i zaawansowanym, powy\u017cej [&hellip;]\" \/>\n<meta property=\"og:url\" content=\"https:\/\/nck.krakow.pl\/kcc\/krakowski-festiwal-tanca-2022\/gaga-people-gaga-dancers\/\" \/>\n<meta property=\"og:site_name\" content=\"Krakowskie Centrum Choreograficzne\" \/>\n<meta property=\"article:modified_time\" content=\"2022-08-08T08:55:30+00:00\" \/>\n<meta property=\"og:image\" content=\"https:\/\/nck.krakow.pl\/kcc\/wp-content\/uploads\/2022\/06\/KFT_gaga-1024x576.png\" \/>\n<meta name=\"twitter:card\" content=\"summary_large_image\" \/>\n<meta name=\"twitter:label1\" content=\"Est. reading time\" \/>\n\t<meta name=\"twitter:data1\" content=\"2 minuty\" \/>\n<script type=\"application\/ld+json\" class=\"yoast-schema-graph\">{\"@context\":\"https:\/\/schema.org\",\"@graph\":[{\"@type\":\"WebPage\",\"@id\":\"https:\/\/nck.krakow.pl\/kcc\/krakowski-festiwal-tanca-2022\/gaga-people-gaga-dancers\/\",\"url\":\"https:\/\/nck.krakow.pl\/kcc\/krakowski-festiwal-tanca-2022\/gaga-people-gaga-dancers\/\",\"name\":\"GAGA PEOPLE \/ GAGA DANCERS - Krakowskie Centrum Choreograficzne\",\"isPartOf\":{\"@id\":\"https:\/\/nck.krakow.pl\/kcc\/#website\"},\"datePublished\":\"2022-06-14T13:09:08+00:00\",\"dateModified\":\"2022-08-08T08:55:30+00:00\",\"breadcrumb\":{\"@id\":\"https:\/\/nck.krakow.pl\/kcc\/krakowski-festiwal-tanca-2022\/gaga-people-gaga-dancers\/#breadcrumb\"},\"inLanguage\":\"pl-PL\",\"potentialAction\":[{\"@type\":\"ReadAction\",\"target\":[\"https:\/\/nck.krakow.pl\/kcc\/krakowski-festiwal-tanca-2022\/gaga-people-gaga-dancers\/\"]}]},{\"@type\":\"BreadcrumbList\",\"@id\":\"https:\/\/nck.krakow.pl\/kcc\/krakowski-festiwal-tanca-2022\/gaga-people-gaga-dancers\/#breadcrumb\",\"itemListElement\":[{\"@type\":\"ListItem\",\"position\":1,\"name\":\"Strona g\u0142\u00f3wna\",\"item\":\"https:\/\/nck.krakow.pl\/kcc\/\"},{\"@type\":\"ListItem\",\"position\":2,\"name\":\"Krakowski Festiwal Ta\u0144ca 2022\",\"item\":\"https:\/\/nck.krakow.pl\/kcc\/krakowski-festiwal-tanca-2022\/\"},{\"@type\":\"ListItem\",\"position\":3,\"name\":\"GAGA PEOPLE \/ GAGA DANCERS\"}]},{\"@type\":\"WebSite\",\"@id\":\"https:\/\/nck.krakow.pl\/kcc\/#website\",\"url\":\"https:\/\/nck.krakow.pl\/kcc\/\",\"name\":\"Krakowskie Centrum Choreograficzne\",\"description\":\"\",\"publisher\":{\"@id\":\"https:\/\/nck.krakow.pl\/kcc\/#organization\"},\"potentialAction\":[{\"@type\":\"SearchAction\",\"target\":{\"@type\":\"EntryPoint\",\"urlTemplate\":\"https:\/\/nck.krakow.pl\/kcc\/?s={search_term_string}\"},\"query-input\":\"required name=search_term_string\"}],\"inLanguage\":\"pl-PL\"},{\"@type\":\"Organization\",\"@id\":\"https:\/\/nck.krakow.pl\/kcc\/#organization\",\"name\":\"Krakowskie Centrum Choreograficzne\",\"url\":\"https:\/\/nck.krakow.pl\/kcc\/\",\"logo\":{\"@type\":\"ImageObject\",\"inLanguage\":\"pl-PL\",\"@id\":\"https:\/\/nck.krakow.pl\/kcc\/#\/schema\/logo\/image\/\",\"url\":\"https:\/\/nck.krakow.pl\/kcc\/wp-content\/uploads\/2020\/01\/cropped-logo-kcc-2020.png\",\"contentUrl\":\"https:\/\/nck.krakow.pl\/kcc\/wp-content\/uploads\/2020\/01\/cropped-logo-kcc-2020.png\",\"width\":116,\"height\":55,\"caption\":\"Krakowskie Centrum Choreograficzne\"},\"image\":{\"@id\":\"https:\/\/nck.krakow.pl\/kcc\/#\/schema\/logo\/image\/\"}}]}<\/script>\n<!-- \/ Yoast SEO plugin. -->","yoast_head_json":{"title":"GAGA PEOPLE \/ GAGA DANCERS - Krakowskie Centrum Choreograficzne","robots":{"index":"index","follow":"follow","max-snippet":"max-snippet:-1","max-image-preview":"max-image-preview:large","max-video-preview":"max-video-preview:-1"},"canonical":"https:\/\/nck.krakow.pl\/kcc\/krakowski-festiwal-tanca-2022\/gaga-people-gaga-dancers\/","og_locale":"pl_PL","og_type":"article","og_title":"GAGA PEOPLE \/ GAGA DANCERS - Krakowskie Centrum Choreograficzne","og_description":"W programie warsztatowym nie zabraknie r\u00f3wnie\u017c zaj\u0119\u0107 GAGA, kt\u00f3re poprowadzi w tym roku Natalia Iwaniec. Zaj\u0119cia Gaga People s\u0105 otwarte dla os\u00f3b powy\u017cej 18. roku \u017cycia, niezale\u017cnie od do\u015bwiadczenia tanecznego czy ruchowego (czyli dla wszystkich ch\u0119tnych, pocz\u0105tkuj\u0105cych, starszych, m\u0142odszych itd.), natomiast zaj\u0119cia Gaga Dancers kierowane s\u0105 do tancerzy na poziomie \u015brednio zaawansowanym i zaawansowanym, powy\u017cej [&hellip;]","og_url":"https:\/\/nck.krakow.pl\/kcc\/krakowski-festiwal-tanca-2022\/gaga-people-gaga-dancers\/","og_site_name":"Krakowskie Centrum Choreograficzne","article_modified_time":"2022-08-08T08:55:30+00:00","og_image":[{"url":"https:\/\/nck.krakow.pl\/kcc\/wp-content\/uploads\/2022\/06\/KFT_gaga-1024x576.png"}],"twitter_card":"summary_large_image","twitter_misc":{"Est. reading time":"2 minuty"},"schema":{"@context":"https:\/\/schema.org","@graph":[{"@type":"WebPage","@id":"https:\/\/nck.krakow.pl\/kcc\/krakowski-festiwal-tanca-2022\/gaga-people-gaga-dancers\/","url":"https:\/\/nck.krakow.pl\/kcc\/krakowski-festiwal-tanca-2022\/gaga-people-gaga-dancers\/","name":"GAGA PEOPLE \/ GAGA DANCERS - Krakowskie Centrum Choreograficzne","isPartOf":{"@id":"https:\/\/nck.krakow.pl\/kcc\/#website"},"datePublished":"2022-06-14T13:09:08+00:00","dateModified":"2022-08-08T08:55:30+00:00","breadcrumb":{"@id":"https:\/\/nck.krakow.pl\/kcc\/krakowski-festiwal-tanca-2022\/gaga-people-gaga-dancers\/#breadcrumb"},"inLanguage":"pl-PL","potentialAction":[{"@type":"ReadAction","target":["https:\/\/nck.krakow.pl\/kcc\/krakowski-festiwal-tanca-2022\/gaga-people-gaga-dancers\/"]}]},{"@type":"BreadcrumbList","@id":"https:\/\/nck.krakow.pl\/kcc\/krakowski-festiwal-tanca-2022\/gaga-people-gaga-dancers\/#breadcrumb","itemListElement":[{"@type":"ListItem","position":1,"name":"Strona g\u0142\u00f3wna","item":"https:\/\/nck.krakow.pl\/kcc\/"},{"@type":"ListItem","position":2,"name":"Krakowski Festiwal Ta\u0144ca 2022","item":"https:\/\/nck.krakow.pl\/kcc\/krakowski-festiwal-tanca-2022\/"},{"@type":"ListItem","position":3,"name":"GAGA PEOPLE \/ GAGA DANCERS"}]},{"@type":"WebSite","@id":"https:\/\/nck.krakow.pl\/kcc\/#website","url":"https:\/\/nck.krakow.pl\/kcc\/","name":"Krakowskie Centrum Choreograficzne","description":"","publisher":{"@id":"https:\/\/nck.krakow.pl\/kcc\/#organization"},"potentialAction":[{"@type":"SearchAction","target":{"@type":"EntryPoint","urlTemplate":"https:\/\/nck.krakow.pl\/kcc\/?s={search_term_string}"},"query-input":"required name=search_term_string"}],"inLanguage":"pl-PL"},{"@type":"Organization","@id":"https:\/\/nck.krakow.pl\/kcc\/#organization","name":"Krakowskie Centrum Choreograficzne","url":"https:\/\/nck.krakow.pl\/kcc\/","logo":{"@type":"ImageObject","inLanguage":"pl-PL","@id":"https:\/\/nck.krakow.pl\/kcc\/#\/schema\/logo\/image\/","url":"https:\/\/nck.krakow.pl\/kcc\/wp-content\/uploads\/2020\/01\/cropped-logo-kcc-2020.png","contentUrl":"https:\/\/nck.krakow.pl\/kcc\/wp-content\/uploads\/2020\/01\/cropped-logo-kcc-2020.png","width":116,"height":55,"caption":"Krakowskie Centrum Choreograficzne"},"image":{"@id":"https:\/\/nck.krakow.pl\/kcc\/#\/schema\/logo\/image\/"}}]}},"_links":{"self":[{"href":"https:\/\/nck.krakow.pl\/kcc\/wp-json\/wp\/v2\/pages\/5995"}],"collection":[{"href":"https:\/\/nck.krakow.pl\/kcc\/wp-json\/wp\/v2\/pages"}],"about":[{"href":"https:\/\/nck.krakow.pl\/kcc\/wp-json\/wp\/v2\/types\/page"}],"author":[{"embeddable":true,"href":"https:\/\/nck.krakow.pl\/kcc\/wp-json\/wp\/v2\/users\/5"}],"replies":[{"embeddable":true,"href":"https:\/\/nck.krakow.pl\/kcc\/wp-json\/wp\/v2\/comments?post=5995"}],"version-history":[{"count":7,"href":"https:\/\/nck.krakow.pl\/kcc\/wp-json\/wp\/v2\/pages\/5995\/revisions"}],"predecessor-version":[{"id":6274,"href":"https:\/\/nck.krakow.pl\/kcc\/wp-json\/wp\/v2\/pages\/5995\/revisions\/6274"}],"up":[{"embeddable":true,"href":"https:\/\/nck.krakow.pl\/kcc\/wp-json\/wp\/v2\/pages\/5943"}],"wp:attachment":[{"href":"https:\/\/nck.krakow.pl\/kcc\/wp-json\/wp\/v2\/media?parent=5995"}],"curies":[{"name":"wp","href":"https:\/\/api.w.org\/{rel}","templated":true}]}}