{"id":5987,"date":"2022-06-14T13:00:13","date_gmt":"2022-06-14T13:00:13","guid":{"rendered":"https:\/\/nck.krakow.pl\/kcc\/?page_id=5987"},"modified":"2022-08-08T08:56:30","modified_gmt":"2022-08-08T08:56:30","slug":"program","status":"publish","type":"page","link":"https:\/\/nck.krakow.pl\/kcc\/krakowski-festiwal-tanca-2022\/program\/","title":{"rendered":"program"},"content":{"rendered":"\n<h2 class=\"wp-block-heading\">Krakowski Festiwal Ta\u0144ca<\/h2>\n\n\n\n<h2 class=\"wp-block-heading\">TU I TERAZ W NIESKO\u0143CZONO\u015a\u0106<\/h2>\n\n\n\n<h2 class=\"wp-block-heading\">1-7 sierpnia 2022<\/h2>\n\n\n\n<figure class=\"wp-block-image size-full\"><img loading=\"lazy\" decoding=\"async\" width=\"1025\" height=\"684\" src=\"https:\/\/nck.krakow.pl\/kcc\/wp-content\/uploads\/2022\/06\/grafika-glowna-1.png\" alt=\"\" class=\"wp-image-6056\" srcset=\"https:\/\/nck.krakow.pl\/kcc\/wp-content\/uploads\/2022\/06\/grafika-glowna-1.png 1025w, https:\/\/nck.krakow.pl\/kcc\/wp-content\/uploads\/2022\/06\/grafika-glowna-1-300x200.png 300w, https:\/\/nck.krakow.pl\/kcc\/wp-content\/uploads\/2022\/06\/grafika-glowna-1-768x512.png 768w\" sizes=\"(max-width: 1025px) 100vw, 1025px\" \/><\/figure>\n\n\n\n<div style=\"height:100px\" aria-hidden=\"true\" class=\"wp-block-spacer\"><\/div>\n\n\n\n<p>Program g\u0142\u00f3wny:<\/p>\n\n\n\n<p><strong>1.08 PONIEDZIA\u0141EK<br><\/strong>19:00 | <strong><a href=\"https:\/\/nck.krakow.pl\/kcc\/krakowski-festiwal-tanca-2022\/the-lions-den\/\">\u201cThe Lion\u2019s Den\u201d &#8211; POCKETART \/ Johana Pockov\u00e1, Sabina Bo\u010dkov\u00e1<\/a><\/strong><br>Scena NCK, bilety: 25\/35 z\u0142<br>rozmowa z artystami_tkami, prowadzenie: Dominik Wi\u0119cek<\/p>\n\n\n\n<p><strong>2.08 WTOREK<br><\/strong>18:30 | <a href=\"https:\/\/nck.krakow.pl\/kcc\/krakowski-festiwal-tanca-2022\/the-voice-of-seniors\/\" target=\"_blank\" rel=\"noreferrer noopener\"><strong>PREMIERA \u201cThe voice of seniors\u201d &#8211; Barbara Bujakowska, Karol Mi\u0119kina, \u0141ukasz Laxy<\/strong><\/a><br>Studio KCC, wst\u0119p wolny (obowi\u0105zuj\u0105 wej\u015bci\u00f3wki do odebrania w kasie NCK)<br>20:00 | <strong><a href=\"https:\/\/nck.krakow.pl\/kcc\/the-others\/\">\u201cThe Others\u201d- ANTON LACHKY COMPANY<\/a><\/strong><br>Scena NCK, bilety: 25\/35 z\u0142<br>SPEKTAKL DLA DZIECI POWY\u017bEJ 6 ROKU \u017bYCIA ORAZ DOROS\u0141YCH<br>rozmowa z artystami_tkami, prowadzenie: Dominik Wi\u0119cek<\/p>\n\n\n\n<p><strong>3.08 \u015aRODA<br><\/strong>19:00 | <strong><a href=\"https:\/\/nck.krakow.pl\/kcc\/krakowski-festiwal-tanca-2022\/misspiece\/\">\u201cMISSPIECE\u201d &#8211; Dominika Wiak<\/a><\/strong><br>Scena NCK, bilety: 25\/35 z\u0142<br>20:00 | <strong><a href=\"https:\/\/nck.krakow.pl\/kcc\/krakowski-festiwal-tanca-2022\/cafe-muller\/\">\u201cCaf\u00e9 M\u00fcller\u201d &#8211; Dominik Wi\u0119cek<\/a><\/strong><br>Studio KCC, bilety: 25\/35 z\u0142<br>rozmowa z artystami_tkami, prowadzenie: Hanna Raszewska-Kursa<\/p>\n\n\n\n<p><strong>4.08 CZWARTEK<br><\/strong>18:00 | <strong><a href=\"https:\/\/nck.krakow.pl\/kcc\/krakowski-festiwal-tanca-2022\/tymczasowe-nosniki-krajobrazu\/\">PREMIERA \u201cTymczasowe no\u015bniki krajobrazu\u201d &#8211; Aleksandra Bo\u017cek-Muszy\u0144ska, Gieorgij Puchalski, REZYDENCJA KCC<\/a><\/strong><br>rozmowa z artystami_tkami, prowadzenie: Hanna Raszewska-Kursa<br>20:30 | <strong><a href=\"https:\/\/nck.krakow.pl\/kcc\/krakowski-festiwal-tanca-2022\/visual-ambient-jam-session\/\">VISUAL AMBIENT JAM SESSION<\/a><\/strong><br>Hevre (ul. Meiselsa 18), wst\u0119p wolny<\/p>\n\n\n\n<p><strong>5.08 PI\u0104TEK<br><\/strong>17:00 | <strong><a href=\"https:\/\/nck.krakow.pl\/kcc\/krakowski-festiwal-tanca-2022\/11-edycja-konkursu-choreograficznego-321taniec\/\">11. edycja konkursu choreograficznego 3\u20262\u20261\u2026TANIEC!<\/a><\/strong><br>Scena NCK, bilety: 25\/35 z\u0142<br>rozmowa z uczestnikami_czkami konkursu, jury oraz publiczno\u015bci\u0105<\/p>\n\n\n\n<p><strong>6.08 SOBOTA<br><\/strong>20:00 | <strong><a href=\"https:\/\/nck.krakow.pl\/kcc\/krakowski-festiwal-tanca-2022\/guppy-13\/\">PREMIERA \u201cGuppy 13\u201d &#8211; Wojtek Klimczyk, Filip Kogut, Klaudyna Schubert, Marta Wo\u0142owiec<\/a><\/strong><br>Scena NCK, bilety: 25\/35 z\u0142<br>rozmowa z artystami_tkami, prowadzenie: Hanna Raszewska-Kursa<\/p>\n\n\n\n<p><strong>7.08 NIEDZIELA<br><\/strong>19:00 | <strong><a href=\"https:\/\/nck.krakow.pl\/kcc\/krakowski-festiwal-tanca-2022\/czesci-ciala\/\">\u201cCz\u0119\u015bci cia\u0142a\u201d &#8211; Ramona Nagabczy\u0144ska<\/a><\/strong><br>Scena NCK, bilety: 25\/35 z\u0142<br>rozmowa z artystami_tkami, prowadzenie: Dominika Szala-Wentland<\/p>\n\n\n\n<div style=\"height:100px\" aria-hidden=\"true\" class=\"wp-block-spacer\"><\/div>\n\n\n\n<p>Wydarzenia towarzysz\u0105ce:<\/p>\n\n\n\n<p><strong>9.06-31.08<\/strong> <strong><a href=\"https:\/\/nck.krakow.pl\/kcc\/krakowski-festiwal-tanca-2022\/krakowski-festiwal-tanca-wystawa\/\">KRAKOWSKI FESTIWAL TA\u0143CA wystawa fotografii z I edycji KFT autorstwa Klaudyny Schubert<\/a><\/strong>, Hevre (ul. Meiselsa 18) , wst\u0119p wolny<br><strong>12,19,26.07<\/strong> <strong><a href=\"https:\/\/nck.krakow.pl\/kcc\/krakowski-festiwal-tanca-2022\/nieskonczone-cialo-spotkania-online-z-wojtkiem-klimczykiem\/\">Niesko\u0144czone cia\u0142o &#8211; spotkania online z Wojtkiem Klimczykiem<\/a><\/strong>, udzia\u0142 bezp\u0142atny<br><strong>1-7.08 <a href=\"https:\/\/nck.krakow.pl\/kcc\/krakowski-festiwal-tanca-2022\/warsztaty-krytyki\/\">warsztaty grupy krytycznej, prowadzenie: Hanna Raszewska-Kursa<\/a><\/strong>, NCK<br><strong>1-5.08<\/strong> warsztaty plenerowe poranny rozruch Luohan Qigong &#8211; bilet wst\u0119pu 25 z\u0142 (dla os\u00f3b, kt\u00f3re s\u0105 zapisane na \u015bcie\u017ck\u0119 g\u0142\u00f3wn\u0105 udzia\u0142 wliczony w cen\u0119 warsztatu), miejsce spotkania &#8211; wej\u015bcie g\u0142\u00f3wne NCK<br><strong>1-5.08<\/strong> <a href=\"https:\/\/nck.krakow.pl\/kcc\/krakowski-festiwal-tanca-2022\/warsztaty-sciezka-glowna-poziom-poczatkujacy\/\"><strong>warsztaty ruchowe &#8211; \u015bcie\u017cka g\u0142\u00f3wna dla os\u00f3b pocz\u0105tkuj\u0105cych<\/strong><\/a> oraz <strong><a href=\"https:\/\/nck.krakow.pl\/kcc\/krakowski-festiwal-tanca-2022\/warsztaty-sciezka-glowna-poziom-sredniozaawansowany-i-zaawansowany\/\">\u015bredniozaawansowanych i zaawansowanych<\/a><\/strong>, NCK<br><strong>6-7.08<\/strong> <strong><a href=\"https:\/\/nck.krakow.pl\/kcc\/krakowski-festiwal-tanca-2022\/gaga-people-gaga-dancers\/\">warsztaty Gaga People i Gaga Dancers<\/a><\/strong> z Natali\u0105 Iwaniec, NCK<\/p>\n\n\n\n<div style=\"height:100px\" aria-hidden=\"true\" class=\"wp-block-spacer\"><\/div>\n\n\n\n<figure class=\"wp-block-image size-large\"><img loading=\"lazy\" decoding=\"async\" width=\"1024\" height=\"105\" src=\"https:\/\/nck.krakow.pl\/kcc\/wp-content\/uploads\/2022\/06\/belka-z-logotypami-KFT-2022-1-1024x105.png\" alt=\"\" class=\"wp-image-6026\" srcset=\"https:\/\/nck.krakow.pl\/kcc\/wp-content\/uploads\/2022\/06\/belka-z-logotypami-KFT-2022-1-1024x105.png 1024w, https:\/\/nck.krakow.pl\/kcc\/wp-content\/uploads\/2022\/06\/belka-z-logotypami-KFT-2022-1-300x31.png 300w, https:\/\/nck.krakow.pl\/kcc\/wp-content\/uploads\/2022\/06\/belka-z-logotypami-KFT-2022-1-768x79.png 768w, https:\/\/nck.krakow.pl\/kcc\/wp-content\/uploads\/2022\/06\/belka-z-logotypami-KFT-2022-1-1536x157.png 1536w, https:\/\/nck.krakow.pl\/kcc\/wp-content\/uploads\/2022\/06\/belka-z-logotypami-KFT-2022-1-2048x210.png 2048w\" sizes=\"(max-width: 1024px) 100vw, 1024px\" \/><\/figure>\n\n\n\n<p><em>Dofinansowano ze \u015brodk\u00f3w Ministra Kultury i Dziedzictwa Narodowego pochodz\u0105cych z Funduszu Promocji Kultury \u2013 pa\u0144stwowego funduszu celowego, w ramach programu \u201eTaniec\u201d, realizowanego przez Narodowy Instytut Muzyki i Ta\u0144ca.<\/em><\/p>\n","protected":false},"excerpt":{"rendered":"<p>Krakowski Festiwal Ta\u0144ca TU I TERAZ W NIESKO\u0143CZONO\u015a\u0106 1-7 sierpnia 2022 Program g\u0142\u00f3wny: 1.08 PONIEDZIA\u0141EK19:00 | \u201cThe Lion\u2019s Den\u201d &#8211; POCKETART \/ Johana Pockov\u00e1, Sabina Bo\u010dkov\u00e1Scena NCK, bilety: 25\/35 z\u0142rozmowa z artystami_tkami, prowadzenie: Dominik Wi\u0119cek 2.08 WTOREK18:30 | PREMIERA \u201cThe voice of seniors\u201d &#8211; Barbara Bujakowska, Karol Mi\u0119kina, \u0141ukasz LaxyStudio KCC, wst\u0119p wolny (obowi\u0105zuj\u0105 wej\u015bci\u00f3wki [&hellip;]<\/p>\n","protected":false},"author":5,"featured_media":0,"parent":5943,"menu_order":0,"comment_status":"closed","ping_status":"closed","template":"","meta":{"footnotes":""},"class_list":["post-5987","page","type-page","status-publish","hentry"],"yoast_head":"<!-- This site is optimized with the Yoast SEO plugin v19.12 - https:\/\/yoast.com\/wordpress\/plugins\/seo\/ -->\n<title>program - Krakowskie Centrum Choreograficzne<\/title>\n<meta name=\"robots\" content=\"index, follow, max-snippet:-1, max-image-preview:large, max-video-preview:-1\" \/>\n<link rel=\"canonical\" href=\"https:\/\/nck.krakow.pl\/kcc\/krakowski-festiwal-tanca-2022\/program\/\" \/>\n<meta property=\"og:locale\" content=\"pl_PL\" \/>\n<meta property=\"og:type\" content=\"article\" \/>\n<meta property=\"og:title\" content=\"program - Krakowskie Centrum Choreograficzne\" \/>\n<meta property=\"og:description\" content=\"Krakowski Festiwal Ta\u0144ca TU I TERAZ W NIESKO\u0143CZONO\u015a\u0106 1-7 sierpnia 2022 Program g\u0142\u00f3wny: 1.08 PONIEDZIA\u0141EK19:00 | \u201cThe Lion\u2019s Den\u201d &#8211; POCKETART \/ Johana Pockov\u00e1, Sabina Bo\u010dkov\u00e1Scena NCK, bilety: 25\/35 z\u0142rozmowa z artystami_tkami, prowadzenie: Dominik Wi\u0119cek 2.08 WTOREK18:30 | PREMIERA \u201cThe voice of seniors\u201d &#8211; Barbara Bujakowska, Karol Mi\u0119kina, \u0141ukasz LaxyStudio KCC, wst\u0119p wolny (obowi\u0105zuj\u0105 wej\u015bci\u00f3wki [&hellip;]\" \/>\n<meta property=\"og:url\" content=\"https:\/\/nck.krakow.pl\/kcc\/krakowski-festiwal-tanca-2022\/program\/\" \/>\n<meta property=\"og:site_name\" content=\"Krakowskie Centrum Choreograficzne\" \/>\n<meta property=\"article:modified_time\" content=\"2022-08-08T08:56:30+00:00\" \/>\n<meta property=\"og:image\" content=\"https:\/\/nck.krakow.pl\/kcc\/wp-content\/uploads\/2022\/06\/grafika-glowna-1.png\" \/>\n<meta name=\"twitter:card\" content=\"summary_large_image\" \/>\n<meta name=\"twitter:label1\" content=\"Est. reading time\" \/>\n\t<meta name=\"twitter:data1\" content=\"2 minuty\" \/>\n<script type=\"application\/ld+json\" class=\"yoast-schema-graph\">{\"@context\":\"https:\/\/schema.org\",\"@graph\":[{\"@type\":\"WebPage\",\"@id\":\"https:\/\/nck.krakow.pl\/kcc\/krakowski-festiwal-tanca-2022\/program\/\",\"url\":\"https:\/\/nck.krakow.pl\/kcc\/krakowski-festiwal-tanca-2022\/program\/\",\"name\":\"program - Krakowskie Centrum Choreograficzne\",\"isPartOf\":{\"@id\":\"https:\/\/nck.krakow.pl\/kcc\/#website\"},\"datePublished\":\"2022-06-14T13:00:13+00:00\",\"dateModified\":\"2022-08-08T08:56:30+00:00\",\"breadcrumb\":{\"@id\":\"https:\/\/nck.krakow.pl\/kcc\/krakowski-festiwal-tanca-2022\/program\/#breadcrumb\"},\"inLanguage\":\"pl-PL\",\"potentialAction\":[{\"@type\":\"ReadAction\",\"target\":[\"https:\/\/nck.krakow.pl\/kcc\/krakowski-festiwal-tanca-2022\/program\/\"]}]},{\"@type\":\"BreadcrumbList\",\"@id\":\"https:\/\/nck.krakow.pl\/kcc\/krakowski-festiwal-tanca-2022\/program\/#breadcrumb\",\"itemListElement\":[{\"@type\":\"ListItem\",\"position\":1,\"name\":\"Strona g\u0142\u00f3wna\",\"item\":\"https:\/\/nck.krakow.pl\/kcc\/\"},{\"@type\":\"ListItem\",\"position\":2,\"name\":\"Krakowski Festiwal Ta\u0144ca 2022\",\"item\":\"https:\/\/nck.krakow.pl\/kcc\/krakowski-festiwal-tanca-2022\/\"},{\"@type\":\"ListItem\",\"position\":3,\"name\":\"program\"}]},{\"@type\":\"WebSite\",\"@id\":\"https:\/\/nck.krakow.pl\/kcc\/#website\",\"url\":\"https:\/\/nck.krakow.pl\/kcc\/\",\"name\":\"Krakowskie Centrum Choreograficzne\",\"description\":\"\",\"publisher\":{\"@id\":\"https:\/\/nck.krakow.pl\/kcc\/#organization\"},\"potentialAction\":[{\"@type\":\"SearchAction\",\"target\":{\"@type\":\"EntryPoint\",\"urlTemplate\":\"https:\/\/nck.krakow.pl\/kcc\/?s={search_term_string}\"},\"query-input\":\"required name=search_term_string\"}],\"inLanguage\":\"pl-PL\"},{\"@type\":\"Organization\",\"@id\":\"https:\/\/nck.krakow.pl\/kcc\/#organization\",\"name\":\"Krakowskie Centrum Choreograficzne\",\"url\":\"https:\/\/nck.krakow.pl\/kcc\/\",\"logo\":{\"@type\":\"ImageObject\",\"inLanguage\":\"pl-PL\",\"@id\":\"https:\/\/nck.krakow.pl\/kcc\/#\/schema\/logo\/image\/\",\"url\":\"https:\/\/nck.krakow.pl\/kcc\/wp-content\/uploads\/2020\/01\/cropped-logo-kcc-2020.png\",\"contentUrl\":\"https:\/\/nck.krakow.pl\/kcc\/wp-content\/uploads\/2020\/01\/cropped-logo-kcc-2020.png\",\"width\":116,\"height\":55,\"caption\":\"Krakowskie Centrum Choreograficzne\"},\"image\":{\"@id\":\"https:\/\/nck.krakow.pl\/kcc\/#\/schema\/logo\/image\/\"}}]}<\/script>\n<!-- \/ Yoast SEO plugin. -->","yoast_head_json":{"title":"program - Krakowskie Centrum Choreograficzne","robots":{"index":"index","follow":"follow","max-snippet":"max-snippet:-1","max-image-preview":"max-image-preview:large","max-video-preview":"max-video-preview:-1"},"canonical":"https:\/\/nck.krakow.pl\/kcc\/krakowski-festiwal-tanca-2022\/program\/","og_locale":"pl_PL","og_type":"article","og_title":"program - Krakowskie Centrum Choreograficzne","og_description":"Krakowski Festiwal Ta\u0144ca TU I TERAZ W NIESKO\u0143CZONO\u015a\u0106 1-7 sierpnia 2022 Program g\u0142\u00f3wny: 1.08 PONIEDZIA\u0141EK19:00 | \u201cThe Lion\u2019s Den\u201d &#8211; POCKETART \/ Johana Pockov\u00e1, Sabina Bo\u010dkov\u00e1Scena NCK, bilety: 25\/35 z\u0142rozmowa z artystami_tkami, prowadzenie: Dominik Wi\u0119cek 2.08 WTOREK18:30 | PREMIERA \u201cThe voice of seniors\u201d &#8211; Barbara Bujakowska, Karol Mi\u0119kina, \u0141ukasz LaxyStudio KCC, wst\u0119p wolny (obowi\u0105zuj\u0105 wej\u015bci\u00f3wki [&hellip;]","og_url":"https:\/\/nck.krakow.pl\/kcc\/krakowski-festiwal-tanca-2022\/program\/","og_site_name":"Krakowskie Centrum Choreograficzne","article_modified_time":"2022-08-08T08:56:30+00:00","og_image":[{"url":"https:\/\/nck.krakow.pl\/kcc\/wp-content\/uploads\/2022\/06\/grafika-glowna-1.png"}],"twitter_card":"summary_large_image","twitter_misc":{"Est. reading time":"2 minuty"},"schema":{"@context":"https:\/\/schema.org","@graph":[{"@type":"WebPage","@id":"https:\/\/nck.krakow.pl\/kcc\/krakowski-festiwal-tanca-2022\/program\/","url":"https:\/\/nck.krakow.pl\/kcc\/krakowski-festiwal-tanca-2022\/program\/","name":"program - Krakowskie Centrum Choreograficzne","isPartOf":{"@id":"https:\/\/nck.krakow.pl\/kcc\/#website"},"datePublished":"2022-06-14T13:00:13+00:00","dateModified":"2022-08-08T08:56:30+00:00","breadcrumb":{"@id":"https:\/\/nck.krakow.pl\/kcc\/krakowski-festiwal-tanca-2022\/program\/#breadcrumb"},"inLanguage":"pl-PL","potentialAction":[{"@type":"ReadAction","target":["https:\/\/nck.krakow.pl\/kcc\/krakowski-festiwal-tanca-2022\/program\/"]}]},{"@type":"BreadcrumbList","@id":"https:\/\/nck.krakow.pl\/kcc\/krakowski-festiwal-tanca-2022\/program\/#breadcrumb","itemListElement":[{"@type":"ListItem","position":1,"name":"Strona g\u0142\u00f3wna","item":"https:\/\/nck.krakow.pl\/kcc\/"},{"@type":"ListItem","position":2,"name":"Krakowski Festiwal Ta\u0144ca 2022","item":"https:\/\/nck.krakow.pl\/kcc\/krakowski-festiwal-tanca-2022\/"},{"@type":"ListItem","position":3,"name":"program"}]},{"@type":"WebSite","@id":"https:\/\/nck.krakow.pl\/kcc\/#website","url":"https:\/\/nck.krakow.pl\/kcc\/","name":"Krakowskie Centrum Choreograficzne","description":"","publisher":{"@id":"https:\/\/nck.krakow.pl\/kcc\/#organization"},"potentialAction":[{"@type":"SearchAction","target":{"@type":"EntryPoint","urlTemplate":"https:\/\/nck.krakow.pl\/kcc\/?s={search_term_string}"},"query-input":"required name=search_term_string"}],"inLanguage":"pl-PL"},{"@type":"Organization","@id":"https:\/\/nck.krakow.pl\/kcc\/#organization","name":"Krakowskie Centrum Choreograficzne","url":"https:\/\/nck.krakow.pl\/kcc\/","logo":{"@type":"ImageObject","inLanguage":"pl-PL","@id":"https:\/\/nck.krakow.pl\/kcc\/#\/schema\/logo\/image\/","url":"https:\/\/nck.krakow.pl\/kcc\/wp-content\/uploads\/2020\/01\/cropped-logo-kcc-2020.png","contentUrl":"https:\/\/nck.krakow.pl\/kcc\/wp-content\/uploads\/2020\/01\/cropped-logo-kcc-2020.png","width":116,"height":55,"caption":"Krakowskie Centrum Choreograficzne"},"image":{"@id":"https:\/\/nck.krakow.pl\/kcc\/#\/schema\/logo\/image\/"}}]}},"_links":{"self":[{"href":"https:\/\/nck.krakow.pl\/kcc\/wp-json\/wp\/v2\/pages\/5987"}],"collection":[{"href":"https:\/\/nck.krakow.pl\/kcc\/wp-json\/wp\/v2\/pages"}],"about":[{"href":"https:\/\/nck.krakow.pl\/kcc\/wp-json\/wp\/v2\/types\/page"}],"author":[{"embeddable":true,"href":"https:\/\/nck.krakow.pl\/kcc\/wp-json\/wp\/v2\/users\/5"}],"replies":[{"embeddable":true,"href":"https:\/\/nck.krakow.pl\/kcc\/wp-json\/wp\/v2\/comments?post=5987"}],"version-history":[{"count":12,"href":"https:\/\/nck.krakow.pl\/kcc\/wp-json\/wp\/v2\/pages\/5987\/revisions"}],"predecessor-version":[{"id":6273,"href":"https:\/\/nck.krakow.pl\/kcc\/wp-json\/wp\/v2\/pages\/5987\/revisions\/6273"}],"up":[{"embeddable":true,"href":"https:\/\/nck.krakow.pl\/kcc\/wp-json\/wp\/v2\/pages\/5943"}],"wp:attachment":[{"href":"https:\/\/nck.krakow.pl\/kcc\/wp-json\/wp\/v2\/media?parent=5987"}],"curies":[{"name":"wp","href":"https:\/\/api.w.org\/{rel}","templated":true}]}}