{"id":5955,"date":"2022-05-26T13:52:53","date_gmt":"2022-05-26T13:52:53","guid":{"rendered":"https:\/\/nck.krakow.pl\/kcc\/?page_id=5955"},"modified":"2023-05-09T10:42:19","modified_gmt":"2023-05-09T10:42:19","slug":"misspiece","status":"publish","type":"page","link":"https:\/\/nck.krakow.pl\/kcc\/misspiece\/","title":{"rendered":"MISSPIECE"},"content":{"rendered":"\n<figure class=\"wp-block-image size-large\"><img loading=\"lazy\" decoding=\"async\" width=\"1024\" height=\"683\" src=\"https:\/\/nck.krakow.pl\/kcc\/wp-content\/uploads\/2022\/05\/NAD-TEKSTEM-1024x683.jpg\" alt=\"\" class=\"wp-image-5956\" srcset=\"https:\/\/nck.krakow.pl\/kcc\/wp-content\/uploads\/2022\/05\/NAD-TEKSTEM-1024x683.jpg 1024w, https:\/\/nck.krakow.pl\/kcc\/wp-content\/uploads\/2022\/05\/NAD-TEKSTEM-300x200.jpg 300w, https:\/\/nck.krakow.pl\/kcc\/wp-content\/uploads\/2022\/05\/NAD-TEKSTEM-768x512.jpg 768w, https:\/\/nck.krakow.pl\/kcc\/wp-content\/uploads\/2022\/05\/NAD-TEKSTEM-1536x1024.jpg 1536w, https:\/\/nck.krakow.pl\/kcc\/wp-content\/uploads\/2022\/05\/NAD-TEKSTEM-2048x1366.jpg 2048w\" sizes=\"(max-width: 1024px) 100vw, 1024px\" \/><\/figure>\n\n\n\n<div style=\"height:30px\" aria-hidden=\"true\" class=\"wp-block-spacer\"><\/div>\n\n\n\n<h2 class=\"wp-block-heading\">MISSPIECE<\/h2>\n\n\n\n<p><strong>choreografia, wykonanie:<\/strong>&nbsp;Dominika Wiak<br><strong>dramaturgia:<\/strong>&nbsp;Marcin Mi\u0119tus<br><strong>muzyka<\/strong>: Rafa\u0142 Ryterski, Aleksander Wnuk (live)<br><strong>re\u017cyseria \u015bwiat\u0142a:<\/strong>&nbsp;Klaudyna Schubert<br><strong>rze\u017aba:<\/strong>&nbsp;Dominika Wiak (koncept), Jasna Iwan (wykonanie)<br><strong>zdj\u0119cia promocyjne:<\/strong>&nbsp;Klaudyna Schubert&nbsp;&nbsp;&nbsp;&nbsp;&nbsp;&nbsp;&nbsp;&nbsp;&nbsp;&nbsp;&nbsp;&nbsp;&nbsp;&nbsp;&nbsp;&nbsp;&nbsp;&nbsp;&nbsp;&nbsp;&nbsp;&nbsp;&nbsp;&nbsp;&nbsp;&nbsp;&nbsp;&nbsp;&nbsp;&nbsp;&nbsp;&nbsp;&nbsp;&nbsp;&nbsp;&nbsp;&nbsp;&nbsp;&nbsp;&nbsp;&nbsp;&nbsp;&nbsp;&nbsp;&nbsp;&nbsp;&nbsp;&nbsp;&nbsp;&nbsp;&nbsp;&nbsp;&nbsp;&nbsp;&nbsp;&nbsp;&nbsp;&nbsp;&nbsp;&nbsp;&nbsp;&nbsp;&nbsp;&nbsp;&nbsp;&nbsp;&nbsp;&nbsp;&nbsp;&nbsp;&nbsp;&nbsp;&nbsp;&nbsp;&nbsp;&nbsp;&nbsp; <br><strong>grafika: &nbsp;<\/strong>Zofia Karpowicz<br><strong>wsparcie:<\/strong> Living Space Theatre<br><strong>produkcja:<\/strong>&nbsp;Krakowskie Centrum Choreograficzne \u2013 Nowohuckie Centrum Kultury, Fundusz Popierania Tw\u00f3rczo\u015bci ZAiKS<br><strong>Premiera: <\/strong>29.04.2022 r. Studio KCC&nbsp;&nbsp;&nbsp;&nbsp;&nbsp;&nbsp;&nbsp;&nbsp;&nbsp;&nbsp;&nbsp;&nbsp;&nbsp;&nbsp;&nbsp;&nbsp;&nbsp;&nbsp;&nbsp;&nbsp;&nbsp;&nbsp;&nbsp;&nbsp;&nbsp;&nbsp;&nbsp;&nbsp;&nbsp;&nbsp;&nbsp;&nbsp;&nbsp;&nbsp;&nbsp;&nbsp;&nbsp;&nbsp;&nbsp;&nbsp;&nbsp;&nbsp;&nbsp;&nbsp;&nbsp;&nbsp;&nbsp;&nbsp;&nbsp;&nbsp;&nbsp;&nbsp;&nbsp;&nbsp;&nbsp;&nbsp;&nbsp;&nbsp;&nbsp;&nbsp;&nbsp;&nbsp;&nbsp;&nbsp;&nbsp;&nbsp;&nbsp;&nbsp;&nbsp;&nbsp;&nbsp;&nbsp;&nbsp;&nbsp;&nbsp;&nbsp;&nbsp;&nbsp;&nbsp;&nbsp;&nbsp;&nbsp;&nbsp;&nbsp;&nbsp;&nbsp;&nbsp;&nbsp;&nbsp;&nbsp;&nbsp;&nbsp;&nbsp;&nbsp;&nbsp;&nbsp;&nbsp;&nbsp;&nbsp;&nbsp;&nbsp;&nbsp;&nbsp;&nbsp;&nbsp;&nbsp;&nbsp;&nbsp;&nbsp;&nbsp;&nbsp;&nbsp;&nbsp;&nbsp;<\/p>\n\n\n\n<p>Kogo nie s\u0142ycha\u0107?&nbsp;<\/p>\n\n\n\n<p>Jak pisze Rebecca Solnit w&nbsp;<em>Matce wszystkich pyta\u0144&nbsp;<\/em>historia milczenia jest kluczem do historii kobiet.&nbsp;<em>MISSPIECE&nbsp;<\/em>to osobisty proces szukania w\u0142asnego g\u0142osu i w\u0142asnego miejsca w \u015bwiecie zdefiniowanych r\u00f3l spo\u0142ecznych, binarnych podzia\u0142\u00f3w, tworzonych przez m\u0119\u017cczyzn&nbsp;<em>masterpieces<\/em>. Pr\u00f3ba rozszczelnienia kanonu i odnajdywania w nim herstorii. Odkrywanie emancypacyjnego potencja\u0142u w muzyce house \u2013 przestrzeni manifestacji kobiecego g\u0142osu oraz w ciele \u2013 b\u0119d\u0105cym w ci\u0105g\u0142ym ruchu, tworz\u0105cym i przetwarzaj\u0105cym.<\/p>\n\n\n\n<p>W&nbsp;<em>MISSPIECE<\/em>&nbsp;cia\u0142o jest zarazem schronem uciszanego g\u0142osu, jak i \u017ar\u00f3d\u0142em jego wydobycia.&nbsp;<\/p>\n\n\n\n<figure class=\"wp-block-gallery has-nested-images columns-default is-cropped wp-block-gallery-1 is-layout-flex wp-block-gallery-is-layout-flex\">\n<figure class=\"wp-block-image size-large\"><a href=\"https:\/\/nck.krakow.pl\/kcc\/wp-content\/uploads\/2022\/05\/POD-TEKSTEM-2-1-scaled.jpg\"><img loading=\"lazy\" decoding=\"async\" width=\"683\" height=\"1024\" data-id=\"5957\" src=\"https:\/\/nck.krakow.pl\/kcc\/wp-content\/uploads\/2022\/05\/POD-TEKSTEM-2-1-683x1024.jpg\" alt=\"\" class=\"wp-image-5957\" srcset=\"https:\/\/nck.krakow.pl\/kcc\/wp-content\/uploads\/2022\/05\/POD-TEKSTEM-2-1-683x1024.jpg 683w, https:\/\/nck.krakow.pl\/kcc\/wp-content\/uploads\/2022\/05\/POD-TEKSTEM-2-1-200x300.jpg 200w, https:\/\/nck.krakow.pl\/kcc\/wp-content\/uploads\/2022\/05\/POD-TEKSTEM-2-1-768x1152.jpg 768w, https:\/\/nck.krakow.pl\/kcc\/wp-content\/uploads\/2022\/05\/POD-TEKSTEM-2-1-1024x1536.jpg 1024w, https:\/\/nck.krakow.pl\/kcc\/wp-content\/uploads\/2022\/05\/POD-TEKSTEM-2-1-1365x2048.jpg 1365w, https:\/\/nck.krakow.pl\/kcc\/wp-content\/uploads\/2022\/05\/POD-TEKSTEM-2-1-scaled.jpg 1707w\" sizes=\"(max-width: 683px) 100vw, 683px\" \/><\/a><\/figure>\n\n\n\n<figure class=\"wp-block-image size-large\"><a href=\"https:\/\/nck.krakow.pl\/kcc\/wp-content\/uploads\/2022\/05\/POD-TEKSTEM-2-2.jpg\"><img loading=\"lazy\" decoding=\"async\" width=\"1024\" height=\"683\" data-id=\"5958\" src=\"https:\/\/nck.krakow.pl\/kcc\/wp-content\/uploads\/2022\/05\/POD-TEKSTEM-2-2-1024x683.jpg\" alt=\"\" class=\"wp-image-5958\" srcset=\"https:\/\/nck.krakow.pl\/kcc\/wp-content\/uploads\/2022\/05\/POD-TEKSTEM-2-2-1024x683.jpg 1024w, https:\/\/nck.krakow.pl\/kcc\/wp-content\/uploads\/2022\/05\/POD-TEKSTEM-2-2-300x200.jpg 300w, https:\/\/nck.krakow.pl\/kcc\/wp-content\/uploads\/2022\/05\/POD-TEKSTEM-2-2-768x512.jpg 768w, https:\/\/nck.krakow.pl\/kcc\/wp-content\/uploads\/2022\/05\/POD-TEKSTEM-2-2-1536x1024.jpg 1536w, https:\/\/nck.krakow.pl\/kcc\/wp-content\/uploads\/2022\/05\/POD-TEKSTEM-2-2-2048x1366.jpg 2048w\" sizes=\"(max-width: 1024px) 100vw, 1024px\" \/><\/a><\/figure>\n\n\n\n<figure class=\"wp-block-image size-large\"><a href=\"https:\/\/nck.krakow.pl\/kcc\/wp-content\/uploads\/2022\/05\/POD-TEKSTEM-3-scaled.jpg\"><img loading=\"lazy\" decoding=\"async\" width=\"683\" height=\"1024\" data-id=\"5959\" src=\"https:\/\/nck.krakow.pl\/kcc\/wp-content\/uploads\/2022\/05\/POD-TEKSTEM-3-683x1024.jpg\" alt=\"\" class=\"wp-image-5959\" srcset=\"https:\/\/nck.krakow.pl\/kcc\/wp-content\/uploads\/2022\/05\/POD-TEKSTEM-3-683x1024.jpg 683w, https:\/\/nck.krakow.pl\/kcc\/wp-content\/uploads\/2022\/05\/POD-TEKSTEM-3-200x300.jpg 200w, https:\/\/nck.krakow.pl\/kcc\/wp-content\/uploads\/2022\/05\/POD-TEKSTEM-3-768x1152.jpg 768w, https:\/\/nck.krakow.pl\/kcc\/wp-content\/uploads\/2022\/05\/POD-TEKSTEM-3-1024x1536.jpg 1024w, https:\/\/nck.krakow.pl\/kcc\/wp-content\/uploads\/2022\/05\/POD-TEKSTEM-3-1365x2048.jpg 1365w, https:\/\/nck.krakow.pl\/kcc\/wp-content\/uploads\/2022\/05\/POD-TEKSTEM-3-scaled.jpg 1707w\" sizes=\"(max-width: 683px) 100vw, 683px\" \/><\/a><\/figure>\n<\/figure>\n\n\n\n<blockquote class=\"wp-block-quote is-layout-flow wp-block-quote-is-layout-flow\">\n<p>To estetyczne doznanie sp\u00f3jno\u015bci ruchu, muzyki, kostiumu, rekwizytu (rze\u017aba) i re\u017cyserii \u015bwiate\u0142 Klaudyny Schubert (minimalistycznej, nienarzucaj\u0105cej si\u0119, acz znacz\u0105cej). Misspiece stwarza nowe ramy dla przysz\u0142ych cia\u0142 ta\u0144cz\u0105cych i nieta\u0144cz\u0105cych, kobiecych i niekobiecych. Przygl\u0105da si\u0119 potencja\u0142owi powtarzalno\u015bci i nieruchomo\u015bci. Rekomponuje nud\u0119 jako hipnotyczny aspekt rozpoznawania opresyjnych wzorc\u00f3w. Nie daje si\u0119 ujarzmi\u0107.<br><br>&#8211; Pamela Bosak &#8222;Miss Voice Miss Body Miss Piece MissTrance&#8221; &#8211; Didaskalia<\/p>\n<\/blockquote>\n\n\n\n<blockquote class=\"wp-block-quote is-layout-flow wp-block-quote-is-layout-flow\">\n<p>Przez wi\u0119ksz\u0105 cz\u0119\u015b\u0107 spektaklu posta\u0107 ustawiona jest ty\u0142em do widowni. Obserwujemy wi\u0119c g\u0142\u00f3wnie ruch, nie widz\u0105c wyrazu twarzy czy reakcji fizjologicznych performerki, takich jak pot czy zaczerwienione policzki. G\u0142o\u015bna, rytmiczna muzyka zag\u0142usza te\u017c oddech. Ale sam ruch jest fascynuj\u0105cy. (&#8230;) W&nbsp;tym ruchu co\u015b hipnotyzuj\u0105cego i paradoksalnie nierealnego.<br><br>&#8211; Monika Kwa\u015bniewska &#8222;Jak same obja\u015bniamy sobie \u015bwiat&#8221; &#8211; Didaskalia&nbsp;<\/p>\n<\/blockquote>\n\n\n\n<blockquote class=\"wp-block-quote is-layout-flow wp-block-quote-is-layout-flow\">\n<p>W&nbsp;MISSPIECE&nbsp;mo\u017cliwa jest p\u0142ynno\u015b\u0107 r\u00f3l i to\u017csamo\u015bci oraz szansa na zaistnienie, podkre\u015blaj\u0105ce \u201ep\u0119kni\u0119cia\u201d, kt\u00f3re mo\u017cna wype\u0142ni\u0107 nietradycyjn\u0105, kobiec\u0105 jako inn\u0105-ni\u017c-m\u0119sk\u0105 tre\u015bci\u0105. Cia\u0142o tancerki nie jest u\u017cywane przez ni\u0105 jako nie-rozumne-bo-kobiece, lecz jako cz\u0119\u015b\u0107 tego, co tworzy sp\u00f3jn\u0105 wypowied\u017a artystyczn\u0105. Zrozumia\u0142\u0105, lecz na innych zasadach \u2013 przede wszystkim odwo\u0142uj\u0105c si\u0119 do wsp\u00f3\u0142odczuwania os\u00f3b ogl\u0105daj\u0105cych oraz uwa\u017cno\u015bci na p\u0142ynno\u015b\u0107 ruchu i gestu, ich zmiany, za pomoc\u0105 kt\u00f3rych nie tyle opowiada, ile przede wszystkim istnieje i dzia\u0142a, uwieloznacznia.&nbsp;<br><br>&#8211; Micha\u0142 Korda &#8222;Rze\u017aby ta\u0144cz\u0105 najp\u0142ynniej&#8221; &#8211; Dialog&nbsp;<\/p>\n<\/blockquote>\n\n\n\n<figure class=\"wp-block-embed is-type-video is-provider-vimeo wp-block-embed-vimeo wp-embed-aspect-16-9 wp-has-aspect-ratio\"><div class=\"wp-block-embed__wrapper\">\n<iframe loading=\"lazy\" title=\"MISSPIECE - Dominika Wiak \/ trailer\" src=\"https:\/\/player.vimeo.com\/video\/824038248?h=292bd363fb&amp;dnt=1&amp;app_id=122963\" width=\"768\" height=\"432\" frameborder=\"0\" allow=\"autoplay; fullscreen; picture-in-picture\" allowfullscreen><\/iframe>\n<\/div><\/figure>\n\n\n\n<figure class=\"wp-block-embed is-type-video is-provider-vimeo wp-block-embed-vimeo wp-embed-aspect-16-9 wp-has-aspect-ratio\"><div class=\"wp-block-embed__wrapper\">\n<iframe loading=\"lazy\" title=\"teaser MISSPIECE - Dominika Wiak\" src=\"https:\/\/player.vimeo.com\/video\/723777626?h=32f2aaca9a&amp;dnt=1&amp;app_id=122963\" width=\"768\" height=\"432\" frameborder=\"0\" allow=\"autoplay; fullscreen; picture-in-picture\" allowfullscreen><\/iframe>\n<\/div><\/figure>\n\n\n\n<p><strong>Dominika Wiak<\/strong><\/p>\n\n\n\n<figure class=\"wp-block-image size-large is-resized\"><img loading=\"lazy\" decoding=\"async\" src=\"https:\/\/nck.krakow.pl\/kcc\/wp-content\/uploads\/2022\/04\/1111-684x1024.jpg\" alt=\"\" class=\"wp-image-5887\" width=\"289\" height=\"433\" srcset=\"https:\/\/nck.krakow.pl\/kcc\/wp-content\/uploads\/2022\/04\/1111-684x1024.jpg 684w, https:\/\/nck.krakow.pl\/kcc\/wp-content\/uploads\/2022\/04\/1111-200x300.jpg 200w, https:\/\/nck.krakow.pl\/kcc\/wp-content\/uploads\/2022\/04\/1111-768x1151.jpg 768w, https:\/\/nck.krakow.pl\/kcc\/wp-content\/uploads\/2022\/04\/1111.jpg 801w\" sizes=\"(max-width: 289px) 100vw, 289px\" \/><\/figure>\n\n\n\n<p>tancerka, performerka, choreografka&nbsp;<\/p>\n\n\n\n<p>Absolwentka Wydzia\u0142u Teatru Ta\u0144ca w Bytomiu, PWST w Krakowie.&nbsp;Do jej ostatnich produkcji nale\u017cy&nbsp;STICKY FINGERS CLUB tworzony kolektywnie z Monik\u0105 Witkowsk\u0105, Daniel\u0105 Kom\u0119der\u0105-Mi\u015bkiewicz i Dominikiem Wi\u0119ckiem oraz&nbsp;MANHATTAN wsp\u00f3\u0142tworzony z Daniel\u0105 Kom\u0119der\u0105-Mi\u015bkiewicz.&nbsp;Wsp\u00f3\u0142pracowa\u0142a m.in. z Narodowym Teatrem Starym w Krakowie, Teatrem im. Juliusza S\u0142owackiego w Krakowie, Teatrem \u015al\u0105skim w Katowicach, Teatrem ROZBARK. Bra\u0142a udzia\u0142 m.in. w spektaklach: Moniki Strz\u0119pki i Paw\u0142a Demirskiego (chor. Dominika Knapik), Jakuba Lewandowskiego, Eryka Makohona, Sylwii Hefczy\u0144skiej-Lewandowskiej, Macieja Ku\u017ami\u0144skiego, Rados\u0142awa Rychcika , Magdaleny Piekorz, Quana Bui Ngoc. Wyst\u0119powa\u0142a m.in. w: Szwecji, Chinach, W\u0142oszech, Gruzji, Holandii, Austrii oraz w Ukrainie. Dwukrotnie uczestniczy\u0142a w projekcie badawczym ta\u0144ca w Chinach.&nbsp;Jest dwukrotn\u0105 stypendystk\u0105 MKiDN i Prezydenta Miasta Krakowa. Obecnie wsp\u00f3\u0142pracuje z Krakowskim Centrum Choreograficznym.&nbsp;<\/p>\n\n\n\n<p><a href=\"http:\/\/www.dominikawiak.com\/\" target=\"_blank\" rel=\"noreferrer noopener\">www.dominikawiak.com<\/a><\/p>\n\n\n\n<p>fot. Klaudyna Schubert\/Dominik Wi\u0119cek (portret)<\/p>\n\n\n\n<figure class=\"wp-block-image size-large is-resized\"><img loading=\"lazy\" decoding=\"async\" src=\"https:\/\/nck.krakow.pl\/kcc\/wp-content\/uploads\/2022\/05\/logo-Living-Space-Theatre-1-1024x719.jpg\" alt=\"\" class=\"wp-image-5960\" width=\"305\" height=\"213\" srcset=\"https:\/\/nck.krakow.pl\/kcc\/wp-content\/uploads\/2022\/05\/logo-Living-Space-Theatre-1-1024x719.jpg 1024w, https:\/\/nck.krakow.pl\/kcc\/wp-content\/uploads\/2022\/05\/logo-Living-Space-Theatre-1-300x211.jpg 300w, https:\/\/nck.krakow.pl\/kcc\/wp-content\/uploads\/2022\/05\/logo-Living-Space-Theatre-1-768x540.jpg 768w, https:\/\/nck.krakow.pl\/kcc\/wp-content\/uploads\/2022\/05\/logo-Living-Space-Theatre-1-1536x1079.jpg 1536w, https:\/\/nck.krakow.pl\/kcc\/wp-content\/uploads\/2022\/05\/logo-Living-Space-Theatre-1.jpg 1577w\" sizes=\"(max-width: 305px) 100vw, 305px\" \/><\/figure>\n\n\n\n<figure class=\"wp-block-image size-full is-resized\"><img loading=\"lazy\" decoding=\"async\" src=\"https:\/\/nck.krakow.pl\/kcc\/wp-content\/uploads\/2022\/05\/zaiks_logo_podpis_black_cmyk1-01.png\" alt=\"\" class=\"wp-image-5966\" width=\"283\" height=\"163\" srcset=\"https:\/\/nck.krakow.pl\/kcc\/wp-content\/uploads\/2022\/05\/zaiks_logo_podpis_black_cmyk1-01.png 518w, https:\/\/nck.krakow.pl\/kcc\/wp-content\/uploads\/2022\/05\/zaiks_logo_podpis_black_cmyk1-01-300x173.png 300w\" sizes=\"(max-width: 283px) 100vw, 283px\" \/><\/figure>\n","protected":false},"excerpt":{"rendered":"<p>MISSPIECE choreografia, wykonanie:&nbsp;Dominika Wiakdramaturgia:&nbsp;Marcin Mi\u0119tusmuzyka: Rafa\u0142 Ryterski, Aleksander Wnuk (live)re\u017cyseria \u015bwiat\u0142a:&nbsp;Klaudyna Schubertrze\u017aba:&nbsp;Dominika Wiak (koncept), Jasna Iwan (wykonanie)zdj\u0119cia promocyjne:&nbsp;Klaudyna Schubert&nbsp;&nbsp;&nbsp;&nbsp;&nbsp;&nbsp;&nbsp;&nbsp;&nbsp;&nbsp;&nbsp;&nbsp;&nbsp;&nbsp;&nbsp;&nbsp;&nbsp;&nbsp;&nbsp;&nbsp;&nbsp;&nbsp;&nbsp;&nbsp;&nbsp;&nbsp;&nbsp;&nbsp;&nbsp;&nbsp;&nbsp;&nbsp;&nbsp;&nbsp;&nbsp;&nbsp;&nbsp;&nbsp;&nbsp;&nbsp;&nbsp;&nbsp;&nbsp;&nbsp;&nbsp;&nbsp;&nbsp;&nbsp;&nbsp;&nbsp;&nbsp;&nbsp;&nbsp;&nbsp;&nbsp;&nbsp;&nbsp;&nbsp;&nbsp;&nbsp;&nbsp;&nbsp;&nbsp;&nbsp;&nbsp;&nbsp;&nbsp;&nbsp;&nbsp;&nbsp;&nbsp;&nbsp;&nbsp;&nbsp;&nbsp;&nbsp;&nbsp; grafika: &nbsp;Zofia Karpowiczwsparcie: Living Space Theatreprodukcja:&nbsp;Krakowskie Centrum Choreograficzne \u2013 Nowohuckie Centrum Kultury, Fundusz Popierania Tw\u00f3rczo\u015bci ZAiKSPremiera: 29.04.2022 r. Studio KCC&nbsp;&nbsp;&nbsp;&nbsp;&nbsp;&nbsp;&nbsp;&nbsp;&nbsp;&nbsp;&nbsp;&nbsp;&nbsp;&nbsp;&nbsp;&nbsp;&nbsp;&nbsp;&nbsp;&nbsp;&nbsp;&nbsp;&nbsp;&nbsp;&nbsp;&nbsp;&nbsp;&nbsp;&nbsp;&nbsp;&nbsp;&nbsp;&nbsp;&nbsp;&nbsp;&nbsp;&nbsp;&nbsp;&nbsp;&nbsp;&nbsp;&nbsp;&nbsp;&nbsp;&nbsp;&nbsp;&nbsp;&nbsp;&nbsp;&nbsp;&nbsp;&nbsp;&nbsp;&nbsp;&nbsp;&nbsp;&nbsp;&nbsp;&nbsp;&nbsp;&nbsp;&nbsp;&nbsp;&nbsp;&nbsp;&nbsp;&nbsp;&nbsp;&nbsp;&nbsp;&nbsp;&nbsp;&nbsp;&nbsp;&nbsp;&nbsp;&nbsp;&nbsp;&nbsp;&nbsp;&nbsp;&nbsp;&nbsp;&nbsp;&nbsp;&nbsp;&nbsp;&nbsp;&nbsp;&nbsp;&nbsp;&nbsp;&nbsp;&nbsp;&nbsp;&nbsp;&nbsp;&nbsp;&nbsp;&nbsp;&nbsp;&nbsp;&nbsp;&nbsp;&nbsp;&nbsp;&nbsp;&nbsp;&nbsp;&nbsp;&nbsp;&nbsp;&nbsp;&nbsp; Kogo nie s\u0142ycha\u0107?&nbsp; Jak pisze Rebecca Solnit w&nbsp;Matce wszystkich pyta\u0144&nbsp;historia milczenia jest kluczem do historii kobiet.&nbsp;MISSPIECE&nbsp;to [&hellip;]<\/p>\n","protected":false},"author":5,"featured_media":0,"parent":0,"menu_order":0,"comment_status":"closed","ping_status":"closed","template":"","meta":{"footnotes":""},"class_list":["post-5955","page","type-page","status-publish","hentry"],"yoast_head":"<!-- This site is optimized with the Yoast SEO plugin v19.12 - https:\/\/yoast.com\/wordpress\/plugins\/seo\/ -->\n<title>MISSPIECE - Krakowskie Centrum Choreograficzne<\/title>\n<meta name=\"robots\" content=\"index, follow, max-snippet:-1, max-image-preview:large, max-video-preview:-1\" \/>\n<link rel=\"canonical\" href=\"https:\/\/nck.krakow.pl\/kcc\/misspiece\/\" \/>\n<meta property=\"og:locale\" content=\"pl_PL\" \/>\n<meta property=\"og:type\" content=\"article\" \/>\n<meta property=\"og:title\" content=\"MISSPIECE - Krakowskie Centrum Choreograficzne\" \/>\n<meta property=\"og:description\" content=\"MISSPIECE choreografia, wykonanie:&nbsp;Dominika Wiakdramaturgia:&nbsp;Marcin Mi\u0119tusmuzyka: Rafa\u0142 Ryterski, Aleksander Wnuk (live)re\u017cyseria \u015bwiat\u0142a:&nbsp;Klaudyna Schubertrze\u017aba:&nbsp;Dominika Wiak (koncept), Jasna Iwan (wykonanie)zdj\u0119cia promocyjne:&nbsp;Klaudyna Schubert&nbsp;&nbsp;&nbsp;&nbsp;&nbsp;&nbsp;&nbsp;&nbsp;&nbsp;&nbsp;&nbsp;&nbsp;&nbsp;&nbsp;&nbsp;&nbsp;&nbsp;&nbsp;&nbsp;&nbsp;&nbsp;&nbsp;&nbsp;&nbsp;&nbsp;&nbsp;&nbsp;&nbsp;&nbsp;&nbsp;&nbsp;&nbsp;&nbsp;&nbsp;&nbsp;&nbsp;&nbsp;&nbsp;&nbsp;&nbsp;&nbsp;&nbsp;&nbsp;&nbsp;&nbsp;&nbsp;&nbsp;&nbsp;&nbsp;&nbsp;&nbsp;&nbsp;&nbsp;&nbsp;&nbsp;&nbsp;&nbsp;&nbsp;&nbsp;&nbsp;&nbsp;&nbsp;&nbsp;&nbsp;&nbsp;&nbsp;&nbsp;&nbsp;&nbsp;&nbsp;&nbsp;&nbsp;&nbsp;&nbsp;&nbsp;&nbsp;&nbsp; grafika: &nbsp;Zofia Karpowiczwsparcie: Living Space Theatreprodukcja:&nbsp;Krakowskie Centrum Choreograficzne \u2013 Nowohuckie Centrum Kultury, Fundusz Popierania Tw\u00f3rczo\u015bci ZAiKSPremiera: 29.04.2022 r. Studio KCC&nbsp;&nbsp;&nbsp;&nbsp;&nbsp;&nbsp;&nbsp;&nbsp;&nbsp;&nbsp;&nbsp;&nbsp;&nbsp;&nbsp;&nbsp;&nbsp;&nbsp;&nbsp;&nbsp;&nbsp;&nbsp;&nbsp;&nbsp;&nbsp;&nbsp;&nbsp;&nbsp;&nbsp;&nbsp;&nbsp;&nbsp;&nbsp;&nbsp;&nbsp;&nbsp;&nbsp;&nbsp;&nbsp;&nbsp;&nbsp;&nbsp;&nbsp;&nbsp;&nbsp;&nbsp;&nbsp;&nbsp;&nbsp;&nbsp;&nbsp;&nbsp;&nbsp;&nbsp;&nbsp;&nbsp;&nbsp;&nbsp;&nbsp;&nbsp;&nbsp;&nbsp;&nbsp;&nbsp;&nbsp;&nbsp;&nbsp;&nbsp;&nbsp;&nbsp;&nbsp;&nbsp;&nbsp;&nbsp;&nbsp;&nbsp;&nbsp;&nbsp;&nbsp;&nbsp;&nbsp;&nbsp;&nbsp;&nbsp;&nbsp;&nbsp;&nbsp;&nbsp;&nbsp;&nbsp;&nbsp;&nbsp;&nbsp;&nbsp;&nbsp;&nbsp;&nbsp;&nbsp;&nbsp;&nbsp;&nbsp;&nbsp;&nbsp;&nbsp;&nbsp;&nbsp;&nbsp;&nbsp;&nbsp;&nbsp;&nbsp;&nbsp;&nbsp;&nbsp;&nbsp; Kogo nie s\u0142ycha\u0107?&nbsp; Jak pisze Rebecca Solnit w&nbsp;Matce wszystkich pyta\u0144&nbsp;historia milczenia jest kluczem do historii kobiet.&nbsp;MISSPIECE&nbsp;to [&hellip;]\" \/>\n<meta property=\"og:url\" content=\"https:\/\/nck.krakow.pl\/kcc\/misspiece\/\" \/>\n<meta property=\"og:site_name\" content=\"Krakowskie Centrum Choreograficzne\" \/>\n<meta property=\"article:modified_time\" content=\"2023-05-09T10:42:19+00:00\" \/>\n<meta property=\"og:image\" content=\"https:\/\/nck.krakow.pl\/kcc\/wp-content\/uploads\/2022\/05\/NAD-TEKSTEM-1024x683.jpg\" \/>\n<meta name=\"twitter:card\" content=\"summary_large_image\" \/>\n<meta name=\"twitter:label1\" content=\"Est. reading time\" \/>\n\t<meta name=\"twitter:data1\" content=\"5 minut\" \/>\n<script type=\"application\/ld+json\" class=\"yoast-schema-graph\">{\"@context\":\"https:\/\/schema.org\",\"@graph\":[{\"@type\":\"WebPage\",\"@id\":\"https:\/\/nck.krakow.pl\/kcc\/misspiece\/\",\"url\":\"https:\/\/nck.krakow.pl\/kcc\/misspiece\/\",\"name\":\"MISSPIECE - Krakowskie Centrum Choreograficzne\",\"isPartOf\":{\"@id\":\"https:\/\/nck.krakow.pl\/kcc\/#website\"},\"datePublished\":\"2022-05-26T13:52:53+00:00\",\"dateModified\":\"2023-05-09T10:42:19+00:00\",\"breadcrumb\":{\"@id\":\"https:\/\/nck.krakow.pl\/kcc\/misspiece\/#breadcrumb\"},\"inLanguage\":\"pl-PL\",\"potentialAction\":[{\"@type\":\"ReadAction\",\"target\":[\"https:\/\/nck.krakow.pl\/kcc\/misspiece\/\"]}]},{\"@type\":\"BreadcrumbList\",\"@id\":\"https:\/\/nck.krakow.pl\/kcc\/misspiece\/#breadcrumb\",\"itemListElement\":[{\"@type\":\"ListItem\",\"position\":1,\"name\":\"Strona g\u0142\u00f3wna\",\"item\":\"https:\/\/nck.krakow.pl\/kcc\/\"},{\"@type\":\"ListItem\",\"position\":2,\"name\":\"MISSPIECE\"}]},{\"@type\":\"WebSite\",\"@id\":\"https:\/\/nck.krakow.pl\/kcc\/#website\",\"url\":\"https:\/\/nck.krakow.pl\/kcc\/\",\"name\":\"Krakowskie Centrum Choreograficzne\",\"description\":\"\",\"publisher\":{\"@id\":\"https:\/\/nck.krakow.pl\/kcc\/#organization\"},\"potentialAction\":[{\"@type\":\"SearchAction\",\"target\":{\"@type\":\"EntryPoint\",\"urlTemplate\":\"https:\/\/nck.krakow.pl\/kcc\/?s={search_term_string}\"},\"query-input\":\"required name=search_term_string\"}],\"inLanguage\":\"pl-PL\"},{\"@type\":\"Organization\",\"@id\":\"https:\/\/nck.krakow.pl\/kcc\/#organization\",\"name\":\"Krakowskie Centrum Choreograficzne\",\"url\":\"https:\/\/nck.krakow.pl\/kcc\/\",\"logo\":{\"@type\":\"ImageObject\",\"inLanguage\":\"pl-PL\",\"@id\":\"https:\/\/nck.krakow.pl\/kcc\/#\/schema\/logo\/image\/\",\"url\":\"https:\/\/nck.krakow.pl\/kcc\/wp-content\/uploads\/2020\/01\/cropped-logo-kcc-2020.png\",\"contentUrl\":\"https:\/\/nck.krakow.pl\/kcc\/wp-content\/uploads\/2020\/01\/cropped-logo-kcc-2020.png\",\"width\":116,\"height\":55,\"caption\":\"Krakowskie Centrum Choreograficzne\"},\"image\":{\"@id\":\"https:\/\/nck.krakow.pl\/kcc\/#\/schema\/logo\/image\/\"}}]}<\/script>\n<!-- \/ Yoast SEO plugin. -->","yoast_head_json":{"title":"MISSPIECE - Krakowskie Centrum Choreograficzne","robots":{"index":"index","follow":"follow","max-snippet":"max-snippet:-1","max-image-preview":"max-image-preview:large","max-video-preview":"max-video-preview:-1"},"canonical":"https:\/\/nck.krakow.pl\/kcc\/misspiece\/","og_locale":"pl_PL","og_type":"article","og_title":"MISSPIECE - Krakowskie Centrum Choreograficzne","og_description":"MISSPIECE choreografia, wykonanie:&nbsp;Dominika Wiakdramaturgia:&nbsp;Marcin Mi\u0119tusmuzyka: Rafa\u0142 Ryterski, Aleksander Wnuk (live)re\u017cyseria \u015bwiat\u0142a:&nbsp;Klaudyna Schubertrze\u017aba:&nbsp;Dominika Wiak (koncept), Jasna Iwan (wykonanie)zdj\u0119cia promocyjne:&nbsp;Klaudyna Schubert&nbsp;&nbsp;&nbsp;&nbsp;&nbsp;&nbsp;&nbsp;&nbsp;&nbsp;&nbsp;&nbsp;&nbsp;&nbsp;&nbsp;&nbsp;&nbsp;&nbsp;&nbsp;&nbsp;&nbsp;&nbsp;&nbsp;&nbsp;&nbsp;&nbsp;&nbsp;&nbsp;&nbsp;&nbsp;&nbsp;&nbsp;&nbsp;&nbsp;&nbsp;&nbsp;&nbsp;&nbsp;&nbsp;&nbsp;&nbsp;&nbsp;&nbsp;&nbsp;&nbsp;&nbsp;&nbsp;&nbsp;&nbsp;&nbsp;&nbsp;&nbsp;&nbsp;&nbsp;&nbsp;&nbsp;&nbsp;&nbsp;&nbsp;&nbsp;&nbsp;&nbsp;&nbsp;&nbsp;&nbsp;&nbsp;&nbsp;&nbsp;&nbsp;&nbsp;&nbsp;&nbsp;&nbsp;&nbsp;&nbsp;&nbsp;&nbsp;&nbsp; grafika: &nbsp;Zofia Karpowiczwsparcie: Living Space Theatreprodukcja:&nbsp;Krakowskie Centrum Choreograficzne \u2013 Nowohuckie Centrum Kultury, Fundusz Popierania Tw\u00f3rczo\u015bci ZAiKSPremiera: 29.04.2022 r. Studio KCC&nbsp;&nbsp;&nbsp;&nbsp;&nbsp;&nbsp;&nbsp;&nbsp;&nbsp;&nbsp;&nbsp;&nbsp;&nbsp;&nbsp;&nbsp;&nbsp;&nbsp;&nbsp;&nbsp;&nbsp;&nbsp;&nbsp;&nbsp;&nbsp;&nbsp;&nbsp;&nbsp;&nbsp;&nbsp;&nbsp;&nbsp;&nbsp;&nbsp;&nbsp;&nbsp;&nbsp;&nbsp;&nbsp;&nbsp;&nbsp;&nbsp;&nbsp;&nbsp;&nbsp;&nbsp;&nbsp;&nbsp;&nbsp;&nbsp;&nbsp;&nbsp;&nbsp;&nbsp;&nbsp;&nbsp;&nbsp;&nbsp;&nbsp;&nbsp;&nbsp;&nbsp;&nbsp;&nbsp;&nbsp;&nbsp;&nbsp;&nbsp;&nbsp;&nbsp;&nbsp;&nbsp;&nbsp;&nbsp;&nbsp;&nbsp;&nbsp;&nbsp;&nbsp;&nbsp;&nbsp;&nbsp;&nbsp;&nbsp;&nbsp;&nbsp;&nbsp;&nbsp;&nbsp;&nbsp;&nbsp;&nbsp;&nbsp;&nbsp;&nbsp;&nbsp;&nbsp;&nbsp;&nbsp;&nbsp;&nbsp;&nbsp;&nbsp;&nbsp;&nbsp;&nbsp;&nbsp;&nbsp;&nbsp;&nbsp;&nbsp;&nbsp;&nbsp;&nbsp;&nbsp; Kogo nie s\u0142ycha\u0107?&nbsp; Jak pisze Rebecca Solnit w&nbsp;Matce wszystkich pyta\u0144&nbsp;historia milczenia jest kluczem do historii kobiet.&nbsp;MISSPIECE&nbsp;to [&hellip;]","og_url":"https:\/\/nck.krakow.pl\/kcc\/misspiece\/","og_site_name":"Krakowskie Centrum Choreograficzne","article_modified_time":"2023-05-09T10:42:19+00:00","og_image":[{"url":"https:\/\/nck.krakow.pl\/kcc\/wp-content\/uploads\/2022\/05\/NAD-TEKSTEM-1024x683.jpg"}],"twitter_card":"summary_large_image","twitter_misc":{"Est. reading time":"5 minut"},"schema":{"@context":"https:\/\/schema.org","@graph":[{"@type":"WebPage","@id":"https:\/\/nck.krakow.pl\/kcc\/misspiece\/","url":"https:\/\/nck.krakow.pl\/kcc\/misspiece\/","name":"MISSPIECE - Krakowskie Centrum Choreograficzne","isPartOf":{"@id":"https:\/\/nck.krakow.pl\/kcc\/#website"},"datePublished":"2022-05-26T13:52:53+00:00","dateModified":"2023-05-09T10:42:19+00:00","breadcrumb":{"@id":"https:\/\/nck.krakow.pl\/kcc\/misspiece\/#breadcrumb"},"inLanguage":"pl-PL","potentialAction":[{"@type":"ReadAction","target":["https:\/\/nck.krakow.pl\/kcc\/misspiece\/"]}]},{"@type":"BreadcrumbList","@id":"https:\/\/nck.krakow.pl\/kcc\/misspiece\/#breadcrumb","itemListElement":[{"@type":"ListItem","position":1,"name":"Strona g\u0142\u00f3wna","item":"https:\/\/nck.krakow.pl\/kcc\/"},{"@type":"ListItem","position":2,"name":"MISSPIECE"}]},{"@type":"WebSite","@id":"https:\/\/nck.krakow.pl\/kcc\/#website","url":"https:\/\/nck.krakow.pl\/kcc\/","name":"Krakowskie Centrum Choreograficzne","description":"","publisher":{"@id":"https:\/\/nck.krakow.pl\/kcc\/#organization"},"potentialAction":[{"@type":"SearchAction","target":{"@type":"EntryPoint","urlTemplate":"https:\/\/nck.krakow.pl\/kcc\/?s={search_term_string}"},"query-input":"required name=search_term_string"}],"inLanguage":"pl-PL"},{"@type":"Organization","@id":"https:\/\/nck.krakow.pl\/kcc\/#organization","name":"Krakowskie Centrum Choreograficzne","url":"https:\/\/nck.krakow.pl\/kcc\/","logo":{"@type":"ImageObject","inLanguage":"pl-PL","@id":"https:\/\/nck.krakow.pl\/kcc\/#\/schema\/logo\/image\/","url":"https:\/\/nck.krakow.pl\/kcc\/wp-content\/uploads\/2020\/01\/cropped-logo-kcc-2020.png","contentUrl":"https:\/\/nck.krakow.pl\/kcc\/wp-content\/uploads\/2020\/01\/cropped-logo-kcc-2020.png","width":116,"height":55,"caption":"Krakowskie Centrum Choreograficzne"},"image":{"@id":"https:\/\/nck.krakow.pl\/kcc\/#\/schema\/logo\/image\/"}}]}},"_links":{"self":[{"href":"https:\/\/nck.krakow.pl\/kcc\/wp-json\/wp\/v2\/pages\/5955"}],"collection":[{"href":"https:\/\/nck.krakow.pl\/kcc\/wp-json\/wp\/v2\/pages"}],"about":[{"href":"https:\/\/nck.krakow.pl\/kcc\/wp-json\/wp\/v2\/types\/page"}],"author":[{"embeddable":true,"href":"https:\/\/nck.krakow.pl\/kcc\/wp-json\/wp\/v2\/users\/5"}],"replies":[{"embeddable":true,"href":"https:\/\/nck.krakow.pl\/kcc\/wp-json\/wp\/v2\/comments?post=5955"}],"version-history":[{"count":8,"href":"https:\/\/nck.krakow.pl\/kcc\/wp-json\/wp\/v2\/pages\/5955\/revisions"}],"predecessor-version":[{"id":6862,"href":"https:\/\/nck.krakow.pl\/kcc\/wp-json\/wp\/v2\/pages\/5955\/revisions\/6862"}],"wp:attachment":[{"href":"https:\/\/nck.krakow.pl\/kcc\/wp-json\/wp\/v2\/media?parent=5955"}],"curies":[{"name":"wp","href":"https:\/\/api.w.org\/{rel}","templated":true}]}}