{"id":5950,"date":"2022-05-25T13:21:07","date_gmt":"2022-05-25T13:21:07","guid":{"rendered":"https:\/\/nck.krakow.pl\/kcc\/?page_id=5950"},"modified":"2023-01-13T15:09:25","modified_gmt":"2023-01-13T15:09:25","slug":"projekt-artystyczny-dla-seniorow","status":"publish","type":"page","link":"https:\/\/nck.krakow.pl\/kcc\/projekt-artystyczny-dla-seniorow\/","title":{"rendered":"Projekt artystyczny dla senior\u00f3w"},"content":{"rendered":"\n<p>W 2022 roku wsp\u00f3lnie z OFF Foundation (Hodworks company) z Budapesztu i Divadlo na Cucky&nbsp;z O\u0142omu\u0144ca realizowali\u015bmy projekt \u201eLifelong Art in V4 countries\u201d. Celem tej mi\u0119dzynarodowej inicjatywy by\u0142o opracowanie nowych form zaanga\u017cowania senior\u00f3w w aktywno\u015bci artystyczne i pog\u0142\u0119bienie dialogu mi\u0119dzypokoleniowego. Dzi\u0119ki tej wsp\u00f3\u0142pracy jako Krakowskie Centrum Choreograficzne rozszerzyli\u015bmy swoj\u0105 dotychczasow\u0105 dzia\u0142alno\u015b\u0107, zapraszaj\u0105c do dzia\u0142a\u0144 tw\u00f3rczych now\u0105 grup\u0119 odbiorc\u00f3w. Z kolei dla senior\u00f3w udzia\u0142 w tym przedsi\u0119wzi\u0119ciu stanowi\u0142 okazj\u0119 do nabycia nowych umiej\u0119tno\u015bci scenicznych, rozwoju kreatywno\u015bci, zwi\u0119kszenia pewno\u015bci siebie i poprawy dobrostanu.&nbsp;<\/p>\n\n\n\n<p>Projekt sk\u0142ada\u0142 si\u0119 z trzech etap\u00f3w. W fazie przygotowawczej, w trakcie kilkudniowego warsztatu, arty\u015bci z trzech pa\u0144stw opracowali wsp\u00f3lnie metodologi\u0119 procesu tw\u00f3rczego, opieraj\u0105c si\u0119 na swoich dotychczasowych do\u015bwiadczeniach pracy z grupami spo\u0142ecznie wykluczonymi. W kolejnym etapie, trwaj\u0105cym 14 tygodni, uczestnicy i uczestniczki pod kierunkiem artyst\u00f3w przygotowywali spektakl <a href=\"https:\/\/nck.krakow.pl\/kcc\/the-voice-of-seniors\/\"><strong>\u201eThe voice of seniors\u201d<\/strong><\/a>, kt\u00f3ry mia\u0142 swoj\u0105 premier\u0119 podczas Krakowskiego Festiwalu Ta\u0144ca. Projekt zako\u0144czyli\u015bmy spotkaniem podsumowuj\u0105cym, kt\u00f3re obejmowa\u0142o projekcj\u0119 kr\u00f3tkich reporta\u017cy dokumentuj\u0105cych prac\u0119 wszystkich trzech zespo\u0142\u00f3w.&nbsp;<\/p>\n\n\n\n<p>Arty\u015bci zaanga\u017cowani w projekt:<\/p>\n\n\n\n<p><strong>Barbara Bujakowska<\/strong>&nbsp;\u2013 tancerka, choreografka i pedago\u017cka zwi\u0105zana z Krakowem. Taniec studiowa\u0142a na Anton Bruckner Privatuniversit\u00e4t w Linz w Austrii oraz w ramach programu przygotowawczego szko\u0142y SEAD w Salzburgu, wcze\u015bniej by\u0142a uczennic\u0105 Studia Baletowego przy Operze Krakowskiej, uprawia\u0142a te\u017c gimnastyk\u0119 sportow\u0105. Stypendystka Ministra Kultury i Dziedzictwa Narodowego (2009). Wybrane spektakle:&nbsp;<em>Swan_like, Movement Modular Synthesis,3-Dance<\/em>,&nbsp;<em>Happy!, \u015ani\u0142o mi si\u0119, \u017ce pozosta\u0142 po nas pusty pok\u00f3j<\/em>,&nbsp;<em>Jestem mi\u0142o\u015bci\u0105, Jestem mi\u0142o\u015bci\u0105 II, Rozmowy z Lou, Jestem mi\u0142o\u015bci\u0105 III.<\/em><\/p>\n\n\n\n<p><strong>Karol Mi\u0119kina<\/strong>&nbsp;\u2013 aktor, tancerz, choreograf i pedagog ta\u0144ca. Studiowa\u0142 na Akademii Sztuk Teatralnych im. Stanis\u0142awa Wyspia\u0144skiego w Krakowie, na Wydziale Teatru Ta\u0144ca w Bytomiu. W latach 2011-2013 cz\u0142onek zespo\u0142u Polskiego Teatru Ta\u0144ca \u2013 Baletu Pozna\u0144skiego, obecnie wsp\u00f3\u0142pracuje z Teatrem im. Juliusza S\u0142owackiego w Krakowie, Teatrem Wielkim \u2013 Oper\u0105 Narodow\u0105 w Warszawie, Teatrem Bagatela, Teatrem Groteska oraz Oper\u0105 Krakowsk\u0105. Laureat Programu Stypendialnego Ministra Kultury i Dziedzictwa Narodowego \u201eM\u0142oda Polska\u201d (2014). Wybrane spektakle:&nbsp;<em>Public Space, Homo religiosus.<\/em><\/p>\n\n\n\n<p><strong>\u0141ukasz Laxy<\/strong>\u00a0\u2013 wiolonczelista, kontratenor, dyrygent i nauczyciel \u015bpiewu. Absolwent Akademii Muzycznej im. Krzysztofa Pendereckiego w Krakowie. Dyrygent Krakowskiego Ch\u00f3ru Rewolucyjnego i wsp\u00f3\u0142tw\u00f3rca Autonomicznej Przestrzeni Edukacyjnej, kt\u00f3rej celem jest zwi\u0119kszenie dost\u0119pu do bezp\u0142atnej edukacji.\u00a0<\/p>\n\n\n\n<figure class=\"wp-block-gallery has-nested-images columns-default is-cropped wp-block-gallery-1 is-layout-flex wp-block-gallery-is-layout-flex\">\n<figure class=\"wp-block-image size-large\"><a href=\"https:\/\/nck.krakow.pl\/kcc\/wp-content\/uploads\/2023\/01\/1-1.jpg\"><img loading=\"lazy\" decoding=\"async\" width=\"1024\" height=\"683\" data-id=\"6638\" src=\"https:\/\/nck.krakow.pl\/kcc\/wp-content\/uploads\/2023\/01\/1-1-1024x683.jpg\" alt=\"\" class=\"wp-image-6638\" srcset=\"https:\/\/nck.krakow.pl\/kcc\/wp-content\/uploads\/2023\/01\/1-1-1024x683.jpg 1024w, https:\/\/nck.krakow.pl\/kcc\/wp-content\/uploads\/2023\/01\/1-1-300x200.jpg 300w, https:\/\/nck.krakow.pl\/kcc\/wp-content\/uploads\/2023\/01\/1-1-768x512.jpg 768w, https:\/\/nck.krakow.pl\/kcc\/wp-content\/uploads\/2023\/01\/1-1-1536x1025.jpg 1536w, https:\/\/nck.krakow.pl\/kcc\/wp-content\/uploads\/2023\/01\/1-1.jpg 1875w\" sizes=\"(max-width: 1024px) 100vw, 1024px\" \/><\/a><\/figure>\n\n\n\n<figure class=\"wp-block-image size-large\"><a href=\"https:\/\/nck.krakow.pl\/kcc\/wp-content\/uploads\/2023\/01\/2.jpg\"><img loading=\"lazy\" decoding=\"async\" width=\"1024\" height=\"683\" data-id=\"6642\" src=\"https:\/\/nck.krakow.pl\/kcc\/wp-content\/uploads\/2023\/01\/2-1024x683.jpg\" alt=\"\" class=\"wp-image-6642\" srcset=\"https:\/\/nck.krakow.pl\/kcc\/wp-content\/uploads\/2023\/01\/2-1024x683.jpg 1024w, https:\/\/nck.krakow.pl\/kcc\/wp-content\/uploads\/2023\/01\/2-300x200.jpg 300w, https:\/\/nck.krakow.pl\/kcc\/wp-content\/uploads\/2023\/01\/2-768x512.jpg 768w, https:\/\/nck.krakow.pl\/kcc\/wp-content\/uploads\/2023\/01\/2-1536x1024.jpg 1536w, https:\/\/nck.krakow.pl\/kcc\/wp-content\/uploads\/2023\/01\/2.jpg 1800w\" sizes=\"(max-width: 1024px) 100vw, 1024px\" \/><\/a><\/figure>\n\n\n\n<figure class=\"wp-block-image size-large\"><img loading=\"lazy\" decoding=\"async\" width=\"1800\" height=\"1200\" data-id=\"6645\" src=\"https:\/\/nck.krakow.pl\/kcc\/wp-content\/uploads\/2023\/01\/3-1024x683.jpg\" alt=\"\" class=\"wp-image-6645\" srcset=\"https:\/\/nck.krakow.pl\/kcc\/wp-content\/uploads\/2023\/01\/3-1024x683.jpg 1024w, https:\/\/nck.krakow.pl\/kcc\/wp-content\/uploads\/2023\/01\/3-300x200.jpg 300w, https:\/\/nck.krakow.pl\/kcc\/wp-content\/uploads\/2023\/01\/3-768x512.jpg 768w, https:\/\/nck.krakow.pl\/kcc\/wp-content\/uploads\/2023\/01\/3-1536x1024.jpg 1536w, https:\/\/nck.krakow.pl\/kcc\/wp-content\/uploads\/2023\/01\/3.jpg 1800w\" sizes=\"(max-width: 1800px) 100vw, 1800px\" \/><\/figure>\n\n\n\n<figure class=\"wp-block-image size-large\"><a href=\"https:\/\/nck.krakow.pl\/kcc\/wp-content\/uploads\/2023\/01\/4.jpg\"><img loading=\"lazy\" decoding=\"async\" width=\"1024\" height=\"683\" data-id=\"6640\" src=\"https:\/\/nck.krakow.pl\/kcc\/wp-content\/uploads\/2023\/01\/4-1024x683.jpg\" alt=\"\" class=\"wp-image-6640\" srcset=\"https:\/\/nck.krakow.pl\/kcc\/wp-content\/uploads\/2023\/01\/4-1024x683.jpg 1024w, https:\/\/nck.krakow.pl\/kcc\/wp-content\/uploads\/2023\/01\/4-300x200.jpg 300w, https:\/\/nck.krakow.pl\/kcc\/wp-content\/uploads\/2023\/01\/4-768x512.jpg 768w, https:\/\/nck.krakow.pl\/kcc\/wp-content\/uploads\/2023\/01\/4-1536x1024.jpg 1536w, https:\/\/nck.krakow.pl\/kcc\/wp-content\/uploads\/2023\/01\/4.jpg 1800w\" sizes=\"(max-width: 1024px) 100vw, 1024px\" \/><\/a><\/figure>\n\n\n\n<figure class=\"wp-block-image size-large\"><img loading=\"lazy\" decoding=\"async\" width=\"1024\" height=\"683\" data-id=\"6643\" src=\"https:\/\/nck.krakow.pl\/kcc\/wp-content\/uploads\/2023\/01\/5-1024x683.jpg\" alt=\"\" class=\"wp-image-6643\" srcset=\"https:\/\/nck.krakow.pl\/kcc\/wp-content\/uploads\/2023\/01\/5-1024x683.jpg 1024w, https:\/\/nck.krakow.pl\/kcc\/wp-content\/uploads\/2023\/01\/5-300x200.jpg 300w, https:\/\/nck.krakow.pl\/kcc\/wp-content\/uploads\/2023\/01\/5-768x512.jpg 768w, https:\/\/nck.krakow.pl\/kcc\/wp-content\/uploads\/2023\/01\/5-1536x1024.jpg 1536w, https:\/\/nck.krakow.pl\/kcc\/wp-content\/uploads\/2023\/01\/5.jpg 1800w\" sizes=\"(max-width: 1024px) 100vw, 1024px\" \/><\/figure>\n\n\n\n<figure class=\"wp-block-image size-large\"><a href=\"https:\/\/nck.krakow.pl\/kcc\/wp-content\/uploads\/2023\/01\/6.jpg\"><img loading=\"lazy\" decoding=\"async\" width=\"1024\" height=\"683\" data-id=\"6639\" src=\"https:\/\/nck.krakow.pl\/kcc\/wp-content\/uploads\/2023\/01\/6-1024x683.jpg\" alt=\"\" class=\"wp-image-6639\" srcset=\"https:\/\/nck.krakow.pl\/kcc\/wp-content\/uploads\/2023\/01\/6-1024x683.jpg 1024w, https:\/\/nck.krakow.pl\/kcc\/wp-content\/uploads\/2023\/01\/6-300x200.jpg 300w, https:\/\/nck.krakow.pl\/kcc\/wp-content\/uploads\/2023\/01\/6-768x512.jpg 768w, https:\/\/nck.krakow.pl\/kcc\/wp-content\/uploads\/2023\/01\/6-1536x1024.jpg 1536w, https:\/\/nck.krakow.pl\/kcc\/wp-content\/uploads\/2023\/01\/6.jpg 1800w\" sizes=\"(max-width: 1024px) 100vw, 1024px\" \/><\/a><\/figure>\n\n\n\n<figure class=\"wp-block-image size-large\"><a href=\"https:\/\/nck.krakow.pl\/kcc\/wp-content\/uploads\/2023\/01\/7.jpg\"><img loading=\"lazy\" decoding=\"async\" width=\"1024\" height=\"683\" data-id=\"6641\" src=\"https:\/\/nck.krakow.pl\/kcc\/wp-content\/uploads\/2023\/01\/7-1024x683.jpg\" alt=\"\" class=\"wp-image-6641\" srcset=\"https:\/\/nck.krakow.pl\/kcc\/wp-content\/uploads\/2023\/01\/7-1024x683.jpg 1024w, https:\/\/nck.krakow.pl\/kcc\/wp-content\/uploads\/2023\/01\/7-300x200.jpg 300w, https:\/\/nck.krakow.pl\/kcc\/wp-content\/uploads\/2023\/01\/7-768x512.jpg 768w, https:\/\/nck.krakow.pl\/kcc\/wp-content\/uploads\/2023\/01\/7-1536x1024.jpg 1536w, https:\/\/nck.krakow.pl\/kcc\/wp-content\/uploads\/2023\/01\/7.jpg 1800w\" sizes=\"(max-width: 1024px) 100vw, 1024px\" \/><\/a><\/figure>\n\n\n\n<figure class=\"wp-block-image size-large\"><img loading=\"lazy\" decoding=\"async\" width=\"1024\" height=\"683\" data-id=\"6644\" src=\"https:\/\/nck.krakow.pl\/kcc\/wp-content\/uploads\/2023\/01\/8-1024x683.jpg\" alt=\"\" class=\"wp-image-6644\" srcset=\"https:\/\/nck.krakow.pl\/kcc\/wp-content\/uploads\/2023\/01\/8-1024x683.jpg 1024w, https:\/\/nck.krakow.pl\/kcc\/wp-content\/uploads\/2023\/01\/8-300x200.jpg 300w, https:\/\/nck.krakow.pl\/kcc\/wp-content\/uploads\/2023\/01\/8-768x512.jpg 768w, https:\/\/nck.krakow.pl\/kcc\/wp-content\/uploads\/2023\/01\/8-1536x1024.jpg 1536w, https:\/\/nck.krakow.pl\/kcc\/wp-content\/uploads\/2023\/01\/8.jpg 1800w\" sizes=\"(max-width: 1024px) 100vw, 1024px\" \/><\/figure>\n<\/figure>\n\n\n\n<p>fot. Klaudyna Schubert\/Aleksander Hordziej<\/p>\n\n\n\n<figure class=\"wp-block-embed is-type-video is-provider-vimeo wp-block-embed-vimeo wp-embed-aspect-16-9 wp-has-aspect-ratio\"><div class=\"wp-block-embed__wrapper\">\n<iframe loading=\"lazy\" title=\"&amp;quot;The voice of seniors&amp;quot; reporta\u017c\" src=\"https:\/\/player.vimeo.com\/video\/770787891?h=70c82b8a98&amp;dnt=1&amp;app_id=122963\" width=\"768\" height=\"432\" frameborder=\"0\" allow=\"autoplay; fullscreen; picture-in-picture\" allowfullscreen><\/iframe>\n<\/div><\/figure>\n\n\n\n<p>wideo: Aleksander Hordziej<\/p>\n\n\n\n<p><strong><a href=\"https:\/\/nck.krakow.pl\/kcc\/blog\/rodzimy-sie-cali-recenzja-agnieszki-stanczak-warsztaty-grupy-krytycznej\/\" target=\"_blank\" rel=\"noreferrer noopener\">Recenzja spektaklu \u201eThe voice of seniors\u201d<\/a><\/strong><\/p>\n\n\n\n<p><strong><a href=\"https:\/\/nck.krakow.pl\/kcc\/blog\/projekt-artystyczny-dla-seniorow-o-procesie-pracy\/\" target=\"_blank\" rel=\"noreferrer noopener\">O procesie pracy<\/a><\/strong><\/p>\n\n\n\n<p><em>Projekt jest wsp\u00f3\u0142finansowany przez rz\u0105dy Czech, W\u0119gier, Polski i S\u0142owacji w ramach Grant\u00f3w Wyszehradzkich ze \u015brodk\u00f3w Mi\u0119dzynarodowego Funduszu Wyszehradzkiego. Misj\u0105 funduszu jest rozw\u00f3j idei zr\u00f3wnowa\u017conej wsp\u00f3\u0142pracy regionalnej w Europie \u015arodkowej.<\/em><\/p>\n\n\n\n<p>Strona Mi\u0119dzynarodowego Funduszu Wyszehradzkiego:<a href=\"https:\/\/www.visegradfund.org\/\"> https:\/\/www.visegradfund.org\/<\/a>&nbsp;<\/p>\n\n\n\n<p>Strona projektu: <a href=\"https:\/\/offalapitvany.hu\/projektek\/lifelong-art-in-v4-countries\/\">https:\/\/offalapitvany.hu\/projektek\/lifelong-art-in-v4-countries\/<\/a><\/p>\n\n\n\n<figure class=\"wp-block-image size-full is-resized\"><img loading=\"lazy\" decoding=\"async\" src=\"https:\/\/nck.krakow.pl\/kcc\/wp-content\/uploads\/2022\/04\/visegrad_fund_logo_blue_800px-1.jpg\" alt=\"\" class=\"wp-image-5894\" width=\"371\" height=\"170\" srcset=\"https:\/\/nck.krakow.pl\/kcc\/wp-content\/uploads\/2022\/04\/visegrad_fund_logo_blue_800px-1.jpg 800w, https:\/\/nck.krakow.pl\/kcc\/wp-content\/uploads\/2022\/04\/visegrad_fund_logo_blue_800px-1-300x138.jpg 300w, https:\/\/nck.krakow.pl\/kcc\/wp-content\/uploads\/2022\/04\/visegrad_fund_logo_blue_800px-1-768x350.jpg 768w\" sizes=\"(max-width: 371px) 100vw, 371px\" \/><\/figure>\n\n\n\n<div style=\"height:100px\" aria-hidden=\"true\" class=\"wp-block-spacer\"><\/div>\n\n\n\n<p>ENGLISH VERSION:<\/p>\n\n\n\n<p>In 2022, together with the OFF Foundation (Hodworks company) from Budapest and Divadlo na Cucky from Olomouc, we implemented the project 'Lifelong Art in V4 countries&#8217;. The aim of this international initiative was to develop new forms of involving seniors in artistic activities and to deepen intergenerational dialogue. Thanks to this cooperation, we as the Krakow Choreographic Centre have expanded our existing program by inviting a new target group to take part in creative activities. In turn, for the seniors, participation in this project provided an opportunity to acquire new stage skills, develop their creativity, increase their self-confidence and improve their well-being.&nbsp;<\/p>\n\n\n\n<p>The project consisted of three phases. In the preparatory phase, during a workshop lasting several days, artists from the three countries jointly developed a methodology for the creative process, based on their previous experience of working with socially excluded groups. In the next stage, which lasted 14 weeks, the participants, under the guidance of the artists, prepared a performance entitled &#8217;<a href=\"https:\/\/nck.krakow.pl\/kcc\/the-voice-of-seniors\/\">The voice of seniors<\/a>&#8217;, which had its premiere during the Krakow Dance Festival. The project concluded with a closing meeting, which included the screening of short films&nbsp; documenting the work of all three teams.<\/p>\n\n\n\n<p>Artists engaged in the project:<\/p>\n\n\n\n<p>Barbara Bujakowska &#8211; dancer, choreographer, dance teacher based in Krakow. She studied dance at the Anton Bruckner Privatuniversit\u00e4t in Linz and completed a foundation course at the Salzburg Experimental Academy of Dance (SEAD) in Salzburg. She also attended Krakow Opera\u2019s Ballet Studio and practiced gymnastics. She was awarded a scholarship from the Ministry of Culture and National Heritage in 2009.<\/p>\n\n\n\n<p>Choreographer of: <em>Swan_like, Movement Modular Synthesis, 3-Dance<\/em>.<\/p>\n\n\n\n<p>Performer in: <em>Happy!<\/em>, <em>\u015ani\u0142o mi si\u0119, \u017ce pozosta\u0142 po nas pusty pok\u00f3j<\/em>, <em>Jestem mi\u0142o\u015bci\u0105, Jestem mi\u0142o\u015bci\u0105 II, Rozmowy z Lou, Jestem mi\u0142o\u015bci\u0105 III.<\/em><\/p>\n\n\n\n<p>Karol Mi\u0119kina &#8211; actor, dancer, choreographer, dance teacher. He studied at the Faculty of Dance Theatre in Bytom (National Academy of Theatre Arts in Krakow). Member of Polish Dance Theatre &#8211; Pozna\u0144 Ballet ensemble in 2011-2013, currently cooperates with Juliusz S\u0142owacki Theatre in Krakow, Bagatela Theatre, Groteska Theatre and Krakow Opera. Laureate of \u201eYoung Poland\u201d scholarship prize awarded by Ministry of Culture and National Heritage in 2014. Choreographer of <em>Public Space <\/em>(2013), <em>Homo religiosus<\/em> (2014).<\/p>\n\n\n\n<p>\u0141ukasz Laxy &#8211; cellist, conductor, countertenor, teacher of voice emission. Graduated from the Academy of Music in Krak\u00f3w, majoring in cello and conducting. Conductor of Krakow Revolutionary Choir and co-creator of Autonomous Educational Space which aims at increasing access to free education.&nbsp;<\/p>\n\n\n\n<p><em>The project is co-financed by the Governments of Czechia, Hungary, Poland and Slovakia through Visegrad Grants from International Visegrad Fund. The mission of the fund is to advance ideas for sustainable regional cooperation in Central Europe.<\/em><\/p>\n\n\n\n<p>Visegrad Fund website: <a href=\"https:\/\/www.visegradfund.org\/\">https:\/\/www.visegradfund.org\/<\/a>&nbsp;<\/p>\n\n\n\n<p>Project website: <a href=\"https:\/\/offalapitvany.hu\/projektek\/lifelong-art-in-v4-countries\/\">https:\/\/offalapitvany.hu\/projektek\/lifelong-art-in-v4-countries\/\u00a0\u00a0\u00a0\u00a0\u00a0\u00a0\u00a0\u00a0\u00a0\u00a0\u00a0\u00a0<\/a><\/p>\n\n\n\n<figure class=\"wp-block-image size-full is-resized\"><img loading=\"lazy\" decoding=\"async\" src=\"https:\/\/nck.krakow.pl\/kcc\/wp-content\/uploads\/2022\/04\/visegrad_fund_logo_blue_800px-1.jpg\" alt=\"\" class=\"wp-image-5894\" width=\"371\" height=\"170\" srcset=\"https:\/\/nck.krakow.pl\/kcc\/wp-content\/uploads\/2022\/04\/visegrad_fund_logo_blue_800px-1.jpg 800w, https:\/\/nck.krakow.pl\/kcc\/wp-content\/uploads\/2022\/04\/visegrad_fund_logo_blue_800px-1-300x138.jpg 300w, https:\/\/nck.krakow.pl\/kcc\/wp-content\/uploads\/2022\/04\/visegrad_fund_logo_blue_800px-1-768x350.jpg 768w\" sizes=\"(max-width: 371px) 100vw, 371px\" \/><\/figure>\n","protected":false},"excerpt":{"rendered":"<p>W 2022 roku wsp\u00f3lnie z OFF Foundation (Hodworks company) z Budapesztu i Divadlo na Cucky&nbsp;z O\u0142omu\u0144ca realizowali\u015bmy projekt \u201eLifelong Art in V4 countries\u201d. Celem tej mi\u0119dzynarodowej inicjatywy by\u0142o opracowanie nowych form zaanga\u017cowania senior\u00f3w w aktywno\u015bci artystyczne i pog\u0142\u0119bienie dialogu mi\u0119dzypokoleniowego. Dzi\u0119ki tej wsp\u00f3\u0142pracy jako Krakowskie Centrum Choreograficzne rozszerzyli\u015bmy swoj\u0105 dotychczasow\u0105 dzia\u0142alno\u015b\u0107, zapraszaj\u0105c do dzia\u0142a\u0144 tw\u00f3rczych [&hellip;]<\/p>\n","protected":false},"author":5,"featured_media":0,"parent":0,"menu_order":0,"comment_status":"closed","ping_status":"closed","template":"","meta":{"footnotes":""},"class_list":["post-5950","page","type-page","status-publish","hentry"],"yoast_head":"<!-- This site is optimized with the Yoast SEO plugin v19.12 - https:\/\/yoast.com\/wordpress\/plugins\/seo\/ -->\n<title>Projekt artystyczny dla senior\u00f3w - Krakowskie Centrum Choreograficzne<\/title>\n<meta name=\"robots\" content=\"index, follow, max-snippet:-1, max-image-preview:large, max-video-preview:-1\" \/>\n<link rel=\"canonical\" href=\"https:\/\/nck.krakow.pl\/kcc\/projekt-artystyczny-dla-seniorow\/\" \/>\n<meta property=\"og:locale\" content=\"pl_PL\" \/>\n<meta property=\"og:type\" content=\"article\" \/>\n<meta property=\"og:title\" content=\"Projekt artystyczny dla senior\u00f3w - Krakowskie Centrum Choreograficzne\" \/>\n<meta property=\"og:description\" content=\"W 2022 roku wsp\u00f3lnie z OFF Foundation (Hodworks company) z Budapesztu i Divadlo na Cucky&nbsp;z O\u0142omu\u0144ca realizowali\u015bmy projekt \u201eLifelong Art in V4 countries\u201d. Celem tej mi\u0119dzynarodowej inicjatywy by\u0142o opracowanie nowych form zaanga\u017cowania senior\u00f3w w aktywno\u015bci artystyczne i pog\u0142\u0119bienie dialogu mi\u0119dzypokoleniowego. Dzi\u0119ki tej wsp\u00f3\u0142pracy jako Krakowskie Centrum Choreograficzne rozszerzyli\u015bmy swoj\u0105 dotychczasow\u0105 dzia\u0142alno\u015b\u0107, zapraszaj\u0105c do dzia\u0142a\u0144 tw\u00f3rczych [&hellip;]\" \/>\n<meta property=\"og:url\" content=\"https:\/\/nck.krakow.pl\/kcc\/projekt-artystyczny-dla-seniorow\/\" \/>\n<meta property=\"og:site_name\" content=\"Krakowskie Centrum Choreograficzne\" \/>\n<meta property=\"article:modified_time\" content=\"2023-01-13T15:09:25+00:00\" \/>\n<meta property=\"og:image\" content=\"https:\/\/nck.krakow.pl\/kcc\/wp-content\/uploads\/2023\/01\/1-1-1024x683.jpg\" \/>\n<meta name=\"twitter:card\" content=\"summary_large_image\" \/>\n<meta name=\"twitter:label1\" content=\"Est. reading time\" \/>\n\t<meta name=\"twitter:data1\" content=\"8 minut\" \/>\n<script type=\"application\/ld+json\" class=\"yoast-schema-graph\">{\"@context\":\"https:\/\/schema.org\",\"@graph\":[{\"@type\":\"WebPage\",\"@id\":\"https:\/\/nck.krakow.pl\/kcc\/projekt-artystyczny-dla-seniorow\/\",\"url\":\"https:\/\/nck.krakow.pl\/kcc\/projekt-artystyczny-dla-seniorow\/\",\"name\":\"Projekt artystyczny dla senior\u00f3w - Krakowskie Centrum Choreograficzne\",\"isPartOf\":{\"@id\":\"https:\/\/nck.krakow.pl\/kcc\/#website\"},\"datePublished\":\"2022-05-25T13:21:07+00:00\",\"dateModified\":\"2023-01-13T15:09:25+00:00\",\"breadcrumb\":{\"@id\":\"https:\/\/nck.krakow.pl\/kcc\/projekt-artystyczny-dla-seniorow\/#breadcrumb\"},\"inLanguage\":\"pl-PL\",\"potentialAction\":[{\"@type\":\"ReadAction\",\"target\":[\"https:\/\/nck.krakow.pl\/kcc\/projekt-artystyczny-dla-seniorow\/\"]}]},{\"@type\":\"BreadcrumbList\",\"@id\":\"https:\/\/nck.krakow.pl\/kcc\/projekt-artystyczny-dla-seniorow\/#breadcrumb\",\"itemListElement\":[{\"@type\":\"ListItem\",\"position\":1,\"name\":\"Strona g\u0142\u00f3wna\",\"item\":\"https:\/\/nck.krakow.pl\/kcc\/\"},{\"@type\":\"ListItem\",\"position\":2,\"name\":\"Projekt artystyczny dla senior\u00f3w\"}]},{\"@type\":\"WebSite\",\"@id\":\"https:\/\/nck.krakow.pl\/kcc\/#website\",\"url\":\"https:\/\/nck.krakow.pl\/kcc\/\",\"name\":\"Krakowskie Centrum Choreograficzne\",\"description\":\"\",\"publisher\":{\"@id\":\"https:\/\/nck.krakow.pl\/kcc\/#organization\"},\"potentialAction\":[{\"@type\":\"SearchAction\",\"target\":{\"@type\":\"EntryPoint\",\"urlTemplate\":\"https:\/\/nck.krakow.pl\/kcc\/?s={search_term_string}\"},\"query-input\":\"required name=search_term_string\"}],\"inLanguage\":\"pl-PL\"},{\"@type\":\"Organization\",\"@id\":\"https:\/\/nck.krakow.pl\/kcc\/#organization\",\"name\":\"Krakowskie Centrum Choreograficzne\",\"url\":\"https:\/\/nck.krakow.pl\/kcc\/\",\"logo\":{\"@type\":\"ImageObject\",\"inLanguage\":\"pl-PL\",\"@id\":\"https:\/\/nck.krakow.pl\/kcc\/#\/schema\/logo\/image\/\",\"url\":\"https:\/\/nck.krakow.pl\/kcc\/wp-content\/uploads\/2020\/01\/cropped-logo-kcc-2020.png\",\"contentUrl\":\"https:\/\/nck.krakow.pl\/kcc\/wp-content\/uploads\/2020\/01\/cropped-logo-kcc-2020.png\",\"width\":116,\"height\":55,\"caption\":\"Krakowskie Centrum Choreograficzne\"},\"image\":{\"@id\":\"https:\/\/nck.krakow.pl\/kcc\/#\/schema\/logo\/image\/\"}}]}<\/script>\n<!-- \/ Yoast SEO plugin. -->","yoast_head_json":{"title":"Projekt artystyczny dla senior\u00f3w - Krakowskie Centrum Choreograficzne","robots":{"index":"index","follow":"follow","max-snippet":"max-snippet:-1","max-image-preview":"max-image-preview:large","max-video-preview":"max-video-preview:-1"},"canonical":"https:\/\/nck.krakow.pl\/kcc\/projekt-artystyczny-dla-seniorow\/","og_locale":"pl_PL","og_type":"article","og_title":"Projekt artystyczny dla senior\u00f3w - Krakowskie Centrum Choreograficzne","og_description":"W 2022 roku wsp\u00f3lnie z OFF Foundation (Hodworks company) z Budapesztu i Divadlo na Cucky&nbsp;z O\u0142omu\u0144ca realizowali\u015bmy projekt \u201eLifelong Art in V4 countries\u201d. Celem tej mi\u0119dzynarodowej inicjatywy by\u0142o opracowanie nowych form zaanga\u017cowania senior\u00f3w w aktywno\u015bci artystyczne i pog\u0142\u0119bienie dialogu mi\u0119dzypokoleniowego. Dzi\u0119ki tej wsp\u00f3\u0142pracy jako Krakowskie Centrum Choreograficzne rozszerzyli\u015bmy swoj\u0105 dotychczasow\u0105 dzia\u0142alno\u015b\u0107, zapraszaj\u0105c do dzia\u0142a\u0144 tw\u00f3rczych [&hellip;]","og_url":"https:\/\/nck.krakow.pl\/kcc\/projekt-artystyczny-dla-seniorow\/","og_site_name":"Krakowskie Centrum Choreograficzne","article_modified_time":"2023-01-13T15:09:25+00:00","og_image":[{"url":"https:\/\/nck.krakow.pl\/kcc\/wp-content\/uploads\/2023\/01\/1-1-1024x683.jpg"}],"twitter_card":"summary_large_image","twitter_misc":{"Est. reading time":"8 minut"},"schema":{"@context":"https:\/\/schema.org","@graph":[{"@type":"WebPage","@id":"https:\/\/nck.krakow.pl\/kcc\/projekt-artystyczny-dla-seniorow\/","url":"https:\/\/nck.krakow.pl\/kcc\/projekt-artystyczny-dla-seniorow\/","name":"Projekt artystyczny dla senior\u00f3w - Krakowskie Centrum Choreograficzne","isPartOf":{"@id":"https:\/\/nck.krakow.pl\/kcc\/#website"},"datePublished":"2022-05-25T13:21:07+00:00","dateModified":"2023-01-13T15:09:25+00:00","breadcrumb":{"@id":"https:\/\/nck.krakow.pl\/kcc\/projekt-artystyczny-dla-seniorow\/#breadcrumb"},"inLanguage":"pl-PL","potentialAction":[{"@type":"ReadAction","target":["https:\/\/nck.krakow.pl\/kcc\/projekt-artystyczny-dla-seniorow\/"]}]},{"@type":"BreadcrumbList","@id":"https:\/\/nck.krakow.pl\/kcc\/projekt-artystyczny-dla-seniorow\/#breadcrumb","itemListElement":[{"@type":"ListItem","position":1,"name":"Strona g\u0142\u00f3wna","item":"https:\/\/nck.krakow.pl\/kcc\/"},{"@type":"ListItem","position":2,"name":"Projekt artystyczny dla senior\u00f3w"}]},{"@type":"WebSite","@id":"https:\/\/nck.krakow.pl\/kcc\/#website","url":"https:\/\/nck.krakow.pl\/kcc\/","name":"Krakowskie Centrum Choreograficzne","description":"","publisher":{"@id":"https:\/\/nck.krakow.pl\/kcc\/#organization"},"potentialAction":[{"@type":"SearchAction","target":{"@type":"EntryPoint","urlTemplate":"https:\/\/nck.krakow.pl\/kcc\/?s={search_term_string}"},"query-input":"required name=search_term_string"}],"inLanguage":"pl-PL"},{"@type":"Organization","@id":"https:\/\/nck.krakow.pl\/kcc\/#organization","name":"Krakowskie Centrum Choreograficzne","url":"https:\/\/nck.krakow.pl\/kcc\/","logo":{"@type":"ImageObject","inLanguage":"pl-PL","@id":"https:\/\/nck.krakow.pl\/kcc\/#\/schema\/logo\/image\/","url":"https:\/\/nck.krakow.pl\/kcc\/wp-content\/uploads\/2020\/01\/cropped-logo-kcc-2020.png","contentUrl":"https:\/\/nck.krakow.pl\/kcc\/wp-content\/uploads\/2020\/01\/cropped-logo-kcc-2020.png","width":116,"height":55,"caption":"Krakowskie Centrum Choreograficzne"},"image":{"@id":"https:\/\/nck.krakow.pl\/kcc\/#\/schema\/logo\/image\/"}}]}},"_links":{"self":[{"href":"https:\/\/nck.krakow.pl\/kcc\/wp-json\/wp\/v2\/pages\/5950"}],"collection":[{"href":"https:\/\/nck.krakow.pl\/kcc\/wp-json\/wp\/v2\/pages"}],"about":[{"href":"https:\/\/nck.krakow.pl\/kcc\/wp-json\/wp\/v2\/types\/page"}],"author":[{"embeddable":true,"href":"https:\/\/nck.krakow.pl\/kcc\/wp-json\/wp\/v2\/users\/5"}],"replies":[{"embeddable":true,"href":"https:\/\/nck.krakow.pl\/kcc\/wp-json\/wp\/v2\/comments?post=5950"}],"version-history":[{"count":9,"href":"https:\/\/nck.krakow.pl\/kcc\/wp-json\/wp\/v2\/pages\/5950\/revisions"}],"predecessor-version":[{"id":6651,"href":"https:\/\/nck.krakow.pl\/kcc\/wp-json\/wp\/v2\/pages\/5950\/revisions\/6651"}],"wp:attachment":[{"href":"https:\/\/nck.krakow.pl\/kcc\/wp-json\/wp\/v2\/media?parent=5950"}],"curies":[{"name":"wp","href":"https:\/\/api.w.org\/{rel}","templated":true}]}}