{"id":5943,"date":"2022-05-25T13:13:17","date_gmt":"2022-05-25T13:13:17","guid":{"rendered":"https:\/\/nck.krakow.pl\/kcc\/?page_id=5943"},"modified":"2022-11-10T13:31:34","modified_gmt":"2022-11-10T13:31:34","slug":"krakowski-festiwal-tanca-2022","status":"publish","type":"page","link":"https:\/\/nck.krakow.pl\/kcc\/krakowski-festiwal-tanca-2022\/","title":{"rendered":"Krakowski Festiwal Ta\u0144ca 2022"},"content":{"rendered":"\n<h2 class=\"wp-block-heading\">TU I TERAZ W NIESKO\u0143CZONO\u015a\u0106<\/h2>\n\n\n\n<h2 class=\"wp-block-heading\">1-7 sierpnia 2022<\/h2>\n\n\n\n<figure class=\"wp-block-image size-full\"><img loading=\"lazy\" decoding=\"async\" width=\"1025\" height=\"684\" src=\"https:\/\/nck.krakow.pl\/kcc\/wp-content\/uploads\/2022\/06\/grafika-glowna-1.png\" alt=\"\" class=\"wp-image-6056\" srcset=\"https:\/\/nck.krakow.pl\/kcc\/wp-content\/uploads\/2022\/06\/grafika-glowna-1.png 1025w, https:\/\/nck.krakow.pl\/kcc\/wp-content\/uploads\/2022\/06\/grafika-glowna-1-300x200.png 300w, https:\/\/nck.krakow.pl\/kcc\/wp-content\/uploads\/2022\/06\/grafika-glowna-1-768x512.png 768w\" sizes=\"(max-width: 1025px) 100vw, 1025px\" \/><\/figure>\n\n\n\n<p>Krakowski Festiwal Ta\u0144ca to nowa inicjatywa Krakowskiego Centrum Choreograficznego, scalaj\u0105ca dotychczasowe marki KCC: Festiwal Ta\u0144ca Wsp\u00f3\u0142czesnego SPACER, konkurs choreograficzny 3\u20262\u20261\u2026TANIEC! oraz BalletOFFFestival w jedno wydarzenie o mi\u0119dzynarodowym charakterze i skrojone na znacznie wi\u0119ksz\u0105 skal\u0119.<\/p>\n\n\n\n<p>Tegoroczna edycja KRAKOWSKIEGO FESTIWALU TA\u0143CA&nbsp;odby\u0142a&nbsp;si\u0119&nbsp;w dniach 1\u20137 sierpnia 2022 pod has\u0142em&nbsp;<em>TU I TERAZ W NIESKO\u0143CZONO\u015a\u0106<\/em>. W programie znalaz\u0142y si\u0119 polskie i zagraniczne spektakle taneczne, warsztaty ruchowe, wyk\u0142ady oraz wydarzenia towarzysz\u0105ce, kt\u00f3re odby\u0142y si\u0119 w Nowohuckim Centrum Kultury oraz w&nbsp;Hevre. Ide\u0105 festiwalu jest pokazanie potencja\u0142u ta\u0144ca wsp\u00f3\u0142czesnego, wyst\u0119puj\u0105cego samodzielnie, jak i w relacjach z innymi dziedzinami sztuki, a tak\u017ce uwalnianie energii tw\u00f3rczej tancerzy_ek, choreograf\u00f3w_ek, performer\u00f3w_ek oraz innych artyst\u00f3w_ek.<\/p>\n\n\n\n<figure class=\"wp-block-image size-full\"><a href=\"https:\/\/nck.krakow.pl\/kcc\/krakowski-festiwal-tanca-2022\/program\/\"><img loading=\"lazy\" decoding=\"async\" width=\"200\" height=\"96\" src=\"https:\/\/nck.krakow.pl\/kcc\/wp-content\/uploads\/2022\/06\/program-festiwalu-KFT2022-lacze.png\" alt=\"\" class=\"wp-image-6109\"\/><\/a><\/figure>\n\n\n\n<figure class=\"wp-block-image size-full\"><a href=\"https:\/\/nck.krakow.pl\/kcc\/krakowski-festiwal-tanca-2022\/warsztaty\/\"><img loading=\"lazy\" decoding=\"async\" width=\"200\" height=\"96\" src=\"https:\/\/nck.krakow.pl\/kcc\/wp-content\/uploads\/2022\/06\/warsztaty-KFT2022-lacze.png\" alt=\"\" class=\"wp-image-6111\"\/><\/a><\/figure>\n\n\n\n<figure class=\"wp-block-image size-full\"><a href=\"https:\/\/nck.krakow.pl\/kcc\/krakowski-festiwal-tanca-2022\/wydarzenia-towarzyszace\/\"><img loading=\"lazy\" decoding=\"async\" width=\"200\" height=\"96\" src=\"https:\/\/nck.krakow.pl\/kcc\/wp-content\/uploads\/2022\/06\/wydarzenia-towarzyszace-KFT2022-lacze.png\" alt=\"\" class=\"wp-image-6112\"\/><\/a><\/figure>\n\n\n\n<figure class=\"wp-block-embed is-type-video is-provider-vimeo wp-block-embed-vimeo wp-embed-aspect-16-9 wp-has-aspect-ratio\"><div class=\"wp-block-embed__wrapper\">\n<iframe loading=\"lazy\" title=\"2. KRAKOWSKI FESTIWAL TA\u0143CA | 2. KRAKOW DANCE FESTIVAL\" src=\"https:\/\/player.vimeo.com\/video\/755103362?h=b3881cefcf&amp;dnt=1&amp;app_id=122963\" width=\"768\" height=\"432\" frameborder=\"0\" allow=\"autoplay; fullscreen; picture-in-picture\" allowfullscreen><\/iframe>\n<\/div><\/figure>\n\n\n\n<p>Teaser: Aleksander Hordziej<\/p>\n\n\n\n<p>Identyfikacja wizualna festiwalu: Zofia Karpowicz, Weronika Cyganik&nbsp;<\/p>\n\n\n\n<figure class=\"wp-block-image size-large\"><img loading=\"lazy\" decoding=\"async\" width=\"1024\" height=\"105\" src=\"https:\/\/nck.krakow.pl\/kcc\/wp-content\/uploads\/2022\/06\/belka-z-logotypami-KFT-2022-1-1024x105.png\" alt=\"\" class=\"wp-image-6026\" srcset=\"https:\/\/nck.krakow.pl\/kcc\/wp-content\/uploads\/2022\/06\/belka-z-logotypami-KFT-2022-1-1024x105.png 1024w, https:\/\/nck.krakow.pl\/kcc\/wp-content\/uploads\/2022\/06\/belka-z-logotypami-KFT-2022-1-300x31.png 300w, https:\/\/nck.krakow.pl\/kcc\/wp-content\/uploads\/2022\/06\/belka-z-logotypami-KFT-2022-1-768x79.png 768w, https:\/\/nck.krakow.pl\/kcc\/wp-content\/uploads\/2022\/06\/belka-z-logotypami-KFT-2022-1-1536x157.png 1536w, https:\/\/nck.krakow.pl\/kcc\/wp-content\/uploads\/2022\/06\/belka-z-logotypami-KFT-2022-1-2048x210.png 2048w\" sizes=\"(max-width: 1024px) 100vw, 1024px\" \/><\/figure>\n\n\n\n<p><em>Dofinansowano ze \u015brodk\u00f3w Ministra Kultury i Dziedzictwa Narodowego pochodz\u0105cych z Funduszu Promocji Kultury \u2013 pa\u0144stwowego funduszu celowego, w ramach programu \u201eTaniec\u201d, realizowanego przez Narodowy Instytut Muzyki i Ta\u0144ca.<\/em><\/p>\n","protected":false},"excerpt":{"rendered":"<p>TU I TERAZ W NIESKO\u0143CZONO\u015a\u0106 1-7 sierpnia 2022 Krakowski Festiwal Ta\u0144ca to nowa inicjatywa Krakowskiego Centrum Choreograficznego, scalaj\u0105ca dotychczasowe marki KCC: Festiwal Ta\u0144ca Wsp\u00f3\u0142czesnego SPACER, konkurs choreograficzny 3\u20262\u20261\u2026TANIEC! oraz BalletOFFFestival w jedno wydarzenie o mi\u0119dzynarodowym charakterze i skrojone na znacznie wi\u0119ksz\u0105 skal\u0119. Tegoroczna edycja KRAKOWSKIEGO FESTIWALU TA\u0143CA&nbsp;odby\u0142a&nbsp;si\u0119&nbsp;w dniach 1\u20137 sierpnia 2022 pod has\u0142em&nbsp;TU I TERAZ [&hellip;]<\/p>\n","protected":false},"author":5,"featured_media":0,"parent":0,"menu_order":0,"comment_status":"closed","ping_status":"closed","template":"","meta":{"footnotes":""},"class_list":["post-5943","page","type-page","status-publish","hentry"],"yoast_head":"<!-- This site is optimized with the Yoast SEO plugin v19.12 - https:\/\/yoast.com\/wordpress\/plugins\/seo\/ -->\n<title>Krakowski Festiwal Ta\u0144ca 2022 - Krakowskie Centrum Choreograficzne<\/title>\n<meta name=\"robots\" content=\"index, follow, max-snippet:-1, max-image-preview:large, max-video-preview:-1\" \/>\n<link rel=\"canonical\" href=\"https:\/\/nck.krakow.pl\/kcc\/krakowski-festiwal-tanca-2022\/\" \/>\n<meta property=\"og:locale\" content=\"pl_PL\" \/>\n<meta property=\"og:type\" content=\"article\" \/>\n<meta property=\"og:title\" content=\"Krakowski Festiwal Ta\u0144ca 2022 - Krakowskie Centrum Choreograficzne\" \/>\n<meta property=\"og:description\" content=\"TU I TERAZ W NIESKO\u0143CZONO\u015a\u0106 1-7 sierpnia 2022 Krakowski Festiwal Ta\u0144ca to nowa inicjatywa Krakowskiego Centrum Choreograficznego, scalaj\u0105ca dotychczasowe marki KCC: Festiwal Ta\u0144ca Wsp\u00f3\u0142czesnego SPACER, konkurs choreograficzny 3\u20262\u20261\u2026TANIEC! oraz BalletOFFFestival w jedno wydarzenie o mi\u0119dzynarodowym charakterze i skrojone na znacznie wi\u0119ksz\u0105 skal\u0119. Tegoroczna edycja KRAKOWSKIEGO FESTIWALU TA\u0143CA&nbsp;odby\u0142a&nbsp;si\u0119&nbsp;w dniach 1\u20137 sierpnia 2022 pod has\u0142em&nbsp;TU I TERAZ [&hellip;]\" \/>\n<meta property=\"og:url\" content=\"https:\/\/nck.krakow.pl\/kcc\/krakowski-festiwal-tanca-2022\/\" \/>\n<meta property=\"og:site_name\" content=\"Krakowskie Centrum Choreograficzne\" \/>\n<meta property=\"article:modified_time\" content=\"2022-11-10T13:31:34+00:00\" \/>\n<meta property=\"og:image\" content=\"https:\/\/nck.krakow.pl\/kcc\/wp-content\/uploads\/2022\/06\/grafika-glowna-1.png\" \/>\n<meta name=\"twitter:card\" content=\"summary_large_image\" \/>\n<meta name=\"twitter:label1\" content=\"Est. reading time\" \/>\n\t<meta name=\"twitter:data1\" content=\"1 minuta\" \/>\n<script type=\"application\/ld+json\" class=\"yoast-schema-graph\">{\"@context\":\"https:\/\/schema.org\",\"@graph\":[{\"@type\":\"WebPage\",\"@id\":\"https:\/\/nck.krakow.pl\/kcc\/krakowski-festiwal-tanca-2022\/\",\"url\":\"https:\/\/nck.krakow.pl\/kcc\/krakowski-festiwal-tanca-2022\/\",\"name\":\"Krakowski Festiwal Ta\u0144ca 2022 - Krakowskie Centrum Choreograficzne\",\"isPartOf\":{\"@id\":\"https:\/\/nck.krakow.pl\/kcc\/#website\"},\"datePublished\":\"2022-05-25T13:13:17+00:00\",\"dateModified\":\"2022-11-10T13:31:34+00:00\",\"breadcrumb\":{\"@id\":\"https:\/\/nck.krakow.pl\/kcc\/krakowski-festiwal-tanca-2022\/#breadcrumb\"},\"inLanguage\":\"pl-PL\",\"potentialAction\":[{\"@type\":\"ReadAction\",\"target\":[\"https:\/\/nck.krakow.pl\/kcc\/krakowski-festiwal-tanca-2022\/\"]}]},{\"@type\":\"BreadcrumbList\",\"@id\":\"https:\/\/nck.krakow.pl\/kcc\/krakowski-festiwal-tanca-2022\/#breadcrumb\",\"itemListElement\":[{\"@type\":\"ListItem\",\"position\":1,\"name\":\"Strona g\u0142\u00f3wna\",\"item\":\"https:\/\/nck.krakow.pl\/kcc\/\"},{\"@type\":\"ListItem\",\"position\":2,\"name\":\"Krakowski Festiwal Ta\u0144ca 2022\"}]},{\"@type\":\"WebSite\",\"@id\":\"https:\/\/nck.krakow.pl\/kcc\/#website\",\"url\":\"https:\/\/nck.krakow.pl\/kcc\/\",\"name\":\"Krakowskie Centrum Choreograficzne\",\"description\":\"\",\"publisher\":{\"@id\":\"https:\/\/nck.krakow.pl\/kcc\/#organization\"},\"potentialAction\":[{\"@type\":\"SearchAction\",\"target\":{\"@type\":\"EntryPoint\",\"urlTemplate\":\"https:\/\/nck.krakow.pl\/kcc\/?s={search_term_string}\"},\"query-input\":\"required name=search_term_string\"}],\"inLanguage\":\"pl-PL\"},{\"@type\":\"Organization\",\"@id\":\"https:\/\/nck.krakow.pl\/kcc\/#organization\",\"name\":\"Krakowskie Centrum Choreograficzne\",\"url\":\"https:\/\/nck.krakow.pl\/kcc\/\",\"logo\":{\"@type\":\"ImageObject\",\"inLanguage\":\"pl-PL\",\"@id\":\"https:\/\/nck.krakow.pl\/kcc\/#\/schema\/logo\/image\/\",\"url\":\"https:\/\/nck.krakow.pl\/kcc\/wp-content\/uploads\/2020\/01\/cropped-logo-kcc-2020.png\",\"contentUrl\":\"https:\/\/nck.krakow.pl\/kcc\/wp-content\/uploads\/2020\/01\/cropped-logo-kcc-2020.png\",\"width\":116,\"height\":55,\"caption\":\"Krakowskie Centrum Choreograficzne\"},\"image\":{\"@id\":\"https:\/\/nck.krakow.pl\/kcc\/#\/schema\/logo\/image\/\"}}]}<\/script>\n<!-- \/ Yoast SEO plugin. -->","yoast_head_json":{"title":"Krakowski Festiwal Ta\u0144ca 2022 - Krakowskie Centrum Choreograficzne","robots":{"index":"index","follow":"follow","max-snippet":"max-snippet:-1","max-image-preview":"max-image-preview:large","max-video-preview":"max-video-preview:-1"},"canonical":"https:\/\/nck.krakow.pl\/kcc\/krakowski-festiwal-tanca-2022\/","og_locale":"pl_PL","og_type":"article","og_title":"Krakowski Festiwal Ta\u0144ca 2022 - Krakowskie Centrum Choreograficzne","og_description":"TU I TERAZ W NIESKO\u0143CZONO\u015a\u0106 1-7 sierpnia 2022 Krakowski Festiwal Ta\u0144ca to nowa inicjatywa Krakowskiego Centrum Choreograficznego, scalaj\u0105ca dotychczasowe marki KCC: Festiwal Ta\u0144ca Wsp\u00f3\u0142czesnego SPACER, konkurs choreograficzny 3\u20262\u20261\u2026TANIEC! oraz BalletOFFFestival w jedno wydarzenie o mi\u0119dzynarodowym charakterze i skrojone na znacznie wi\u0119ksz\u0105 skal\u0119. Tegoroczna edycja KRAKOWSKIEGO FESTIWALU TA\u0143CA&nbsp;odby\u0142a&nbsp;si\u0119&nbsp;w dniach 1\u20137 sierpnia 2022 pod has\u0142em&nbsp;TU I TERAZ [&hellip;]","og_url":"https:\/\/nck.krakow.pl\/kcc\/krakowski-festiwal-tanca-2022\/","og_site_name":"Krakowskie Centrum Choreograficzne","article_modified_time":"2022-11-10T13:31:34+00:00","og_image":[{"url":"https:\/\/nck.krakow.pl\/kcc\/wp-content\/uploads\/2022\/06\/grafika-glowna-1.png"}],"twitter_card":"summary_large_image","twitter_misc":{"Est. reading time":"1 minuta"},"schema":{"@context":"https:\/\/schema.org","@graph":[{"@type":"WebPage","@id":"https:\/\/nck.krakow.pl\/kcc\/krakowski-festiwal-tanca-2022\/","url":"https:\/\/nck.krakow.pl\/kcc\/krakowski-festiwal-tanca-2022\/","name":"Krakowski Festiwal Ta\u0144ca 2022 - Krakowskie Centrum Choreograficzne","isPartOf":{"@id":"https:\/\/nck.krakow.pl\/kcc\/#website"},"datePublished":"2022-05-25T13:13:17+00:00","dateModified":"2022-11-10T13:31:34+00:00","breadcrumb":{"@id":"https:\/\/nck.krakow.pl\/kcc\/krakowski-festiwal-tanca-2022\/#breadcrumb"},"inLanguage":"pl-PL","potentialAction":[{"@type":"ReadAction","target":["https:\/\/nck.krakow.pl\/kcc\/krakowski-festiwal-tanca-2022\/"]}]},{"@type":"BreadcrumbList","@id":"https:\/\/nck.krakow.pl\/kcc\/krakowski-festiwal-tanca-2022\/#breadcrumb","itemListElement":[{"@type":"ListItem","position":1,"name":"Strona g\u0142\u00f3wna","item":"https:\/\/nck.krakow.pl\/kcc\/"},{"@type":"ListItem","position":2,"name":"Krakowski Festiwal Ta\u0144ca 2022"}]},{"@type":"WebSite","@id":"https:\/\/nck.krakow.pl\/kcc\/#website","url":"https:\/\/nck.krakow.pl\/kcc\/","name":"Krakowskie Centrum Choreograficzne","description":"","publisher":{"@id":"https:\/\/nck.krakow.pl\/kcc\/#organization"},"potentialAction":[{"@type":"SearchAction","target":{"@type":"EntryPoint","urlTemplate":"https:\/\/nck.krakow.pl\/kcc\/?s={search_term_string}"},"query-input":"required name=search_term_string"}],"inLanguage":"pl-PL"},{"@type":"Organization","@id":"https:\/\/nck.krakow.pl\/kcc\/#organization","name":"Krakowskie Centrum Choreograficzne","url":"https:\/\/nck.krakow.pl\/kcc\/","logo":{"@type":"ImageObject","inLanguage":"pl-PL","@id":"https:\/\/nck.krakow.pl\/kcc\/#\/schema\/logo\/image\/","url":"https:\/\/nck.krakow.pl\/kcc\/wp-content\/uploads\/2020\/01\/cropped-logo-kcc-2020.png","contentUrl":"https:\/\/nck.krakow.pl\/kcc\/wp-content\/uploads\/2020\/01\/cropped-logo-kcc-2020.png","width":116,"height":55,"caption":"Krakowskie Centrum Choreograficzne"},"image":{"@id":"https:\/\/nck.krakow.pl\/kcc\/#\/schema\/logo\/image\/"}}]}},"_links":{"self":[{"href":"https:\/\/nck.krakow.pl\/kcc\/wp-json\/wp\/v2\/pages\/5943"}],"collection":[{"href":"https:\/\/nck.krakow.pl\/kcc\/wp-json\/wp\/v2\/pages"}],"about":[{"href":"https:\/\/nck.krakow.pl\/kcc\/wp-json\/wp\/v2\/types\/page"}],"author":[{"embeddable":true,"href":"https:\/\/nck.krakow.pl\/kcc\/wp-json\/wp\/v2\/users\/5"}],"replies":[{"embeddable":true,"href":"https:\/\/nck.krakow.pl\/kcc\/wp-json\/wp\/v2\/comments?post=5943"}],"version-history":[{"count":15,"href":"https:\/\/nck.krakow.pl\/kcc\/wp-json\/wp\/v2\/pages\/5943\/revisions"}],"predecessor-version":[{"id":6539,"href":"https:\/\/nck.krakow.pl\/kcc\/wp-json\/wp\/v2\/pages\/5943\/revisions\/6539"}],"wp:attachment":[{"href":"https:\/\/nck.krakow.pl\/kcc\/wp-json\/wp\/v2\/media?parent=5943"}],"curies":[{"name":"wp","href":"https:\/\/api.w.org\/{rel}","templated":true}]}}