{"id":5754,"date":"2022-01-14T10:36:10","date_gmt":"2022-01-14T10:36:10","guid":{"rendered":"https:\/\/nck.krakow.pl\/kcc\/?page_id=5754"},"modified":"2023-04-25T12:54:04","modified_gmt":"2023-04-25T12:54:04","slug":"jestem-miloscia-iii","status":"publish","type":"page","link":"https:\/\/nck.krakow.pl\/kcc\/jestem-miloscia-iii\/","title":{"rendered":"Jestem mi\u0142o\u015bci\u0105 III"},"content":{"rendered":"\n<figure class=\"wp-block-image size-large\"><img loading=\"lazy\" decoding=\"async\" width=\"1024\" height=\"768\" src=\"https:\/\/nck.krakow.pl\/kcc\/wp-content\/uploads\/2022\/01\/wyrozniajace-fot.-Piotr-Werewka-2-1024x768.jpg\" alt=\"\" class=\"wp-image-5753\" srcset=\"https:\/\/nck.krakow.pl\/kcc\/wp-content\/uploads\/2022\/01\/wyrozniajace-fot.-Piotr-Werewka-2-1024x768.jpg 1024w, https:\/\/nck.krakow.pl\/kcc\/wp-content\/uploads\/2022\/01\/wyrozniajace-fot.-Piotr-Werewka-2-300x225.jpg 300w, https:\/\/nck.krakow.pl\/kcc\/wp-content\/uploads\/2022\/01\/wyrozniajace-fot.-Piotr-Werewka-2-768x576.jpg 768w, https:\/\/nck.krakow.pl\/kcc\/wp-content\/uploads\/2022\/01\/wyrozniajace-fot.-Piotr-Werewka-2.jpg 1400w\" sizes=\"(max-width: 1024px) 100vw, 1024px\" \/><\/figure>\n\n\n\n<div style=\"height:30px\" aria-hidden=\"true\" class=\"wp-block-spacer\"><\/div>\n\n\n\n<h2 class=\"wp-block-heading\">Jestem mi\u0142o\u015bci\u0105 III<\/h2>\n\n\n\n<p><strong>koncept:<\/strong> Barbara Bujakowska<br><strong>wsp\u00f3\u0142praca artystyczna:<\/strong> Marta Wo\u0142owiec, Karol Mi\u0119kina<br><strong>performance:<\/strong> Marta Wo\u0142owiec, Karol Mi\u0119kina, Barbara Bujakowska<br><strong>monta\u017c video:<\/strong> Aleksander Hordziej&nbsp;<br><strong>monta\u017c d\u017awi\u0119ku:<\/strong> Szczepan So\u0142tys<\/p>\n\n\n\n<p>Projekt powsta\u0142 w ramach Stypendium Tw\u00f3rczego Miasta Krakowa.<br>Produkcja: Nowohuckie Centrum Kultury \u2013 Krakowskie Centrum Choreograficzne<br><strong>P<b style=\"font-size: revert; color: initial;\">r<\/b><\/strong><b style=\"font-size: revert; color: initial;\">emiera: <\/b><span style=\"font-size: revert; color: initial;\">4.12.2021 r. Studio KCC<\/span> <\/p>\n\n\n\n<p>Trzecia cz\u0119\u015b\u0107 projektu \u201eJestem mi\u0142o\u015bci\u0105\u201d porusza tematyk\u0119 archetypu cienia, kt\u00f3ry wed\u0142ug psychologii Carla Gustawa Junga reprezentuje ciemn\u0105 stron\u0119 osobowo\u015bci. Cie\u0144 jest to burzliwy pod-\u015bwiat ludzkiej psychiki, przechowuj\u0105cy najbardziej prymitywn\u0105 cz\u0119\u015b\u0107 siebie, jest wszystkim tym czego woleliby\u015bmy o sobie nie wiedzie\u0107. S\u0105 to t\u0142umione instynkty i uczucia, wszystko to co religia, edukacja oraz normy spo\u0142eczne nazywaj\u0105 z\u0142em.<\/p>\n\n\n\n<figure class=\"wp-block-embed is-type-video is-provider-vimeo wp-block-embed-vimeo wp-embed-aspect-16-9 wp-has-aspect-ratio\"><div class=\"wp-block-embed__wrapper\">\n<iframe loading=\"lazy\" title=\"Jestem mi\u0142o\u015bci\u0105 III Barbara Bujakowska \/ trailer\" src=\"https:\/\/player.vimeo.com\/video\/680948219?h=cc2ae07804&amp;dnt=1&amp;app_id=122963\" width=\"768\" height=\"432\" frameborder=\"0\" allow=\"autoplay; fullscreen; picture-in-picture\" allowfullscreen><\/iframe>\n<\/div><\/figure>\n\n\n\n<figure class=\"wp-block-gallery has-nested-images columns-default is-cropped wp-block-gallery-1 is-layout-flex wp-block-gallery-is-layout-flex\">\n<figure class=\"wp-block-image size-large\"><a href=\"https:\/\/nck.krakow.pl\/kcc\/wp-content\/uploads\/2022\/01\/fot.-Piotr-Werewka-2-1.jpg\"><img loading=\"lazy\" decoding=\"async\" width=\"768\" height=\"1024\" data-id=\"5755\" src=\"https:\/\/nck.krakow.pl\/kcc\/wp-content\/uploads\/2022\/01\/fot.-Piotr-Werewka-2-1-768x1024.jpg\" alt=\"\" class=\"wp-image-5755\" srcset=\"https:\/\/nck.krakow.pl\/kcc\/wp-content\/uploads\/2022\/01\/fot.-Piotr-Werewka-2-1-768x1024.jpg 768w, https:\/\/nck.krakow.pl\/kcc\/wp-content\/uploads\/2022\/01\/fot.-Piotr-Werewka-2-1-225x300.jpg 225w, https:\/\/nck.krakow.pl\/kcc\/wp-content\/uploads\/2022\/01\/fot.-Piotr-Werewka-2-1.jpg 1050w\" sizes=\"(max-width: 768px) 100vw, 768px\" \/><\/a><\/figure>\n\n\n\n<figure class=\"wp-block-image size-large\"><a href=\"https:\/\/nck.krakow.pl\/kcc\/wp-content\/uploads\/2022\/01\/fot.-Piotr-Werewka-3-1.jpg\"><img loading=\"lazy\" decoding=\"async\" width=\"1024\" height=\"768\" data-id=\"5756\" src=\"https:\/\/nck.krakow.pl\/kcc\/wp-content\/uploads\/2022\/01\/fot.-Piotr-Werewka-3-1-1024x768.jpg\" alt=\"\" class=\"wp-image-5756\" srcset=\"https:\/\/nck.krakow.pl\/kcc\/wp-content\/uploads\/2022\/01\/fot.-Piotr-Werewka-3-1-1024x768.jpg 1024w, https:\/\/nck.krakow.pl\/kcc\/wp-content\/uploads\/2022\/01\/fot.-Piotr-Werewka-3-1-300x225.jpg 300w, https:\/\/nck.krakow.pl\/kcc\/wp-content\/uploads\/2022\/01\/fot.-Piotr-Werewka-3-1-768x576.jpg 768w, https:\/\/nck.krakow.pl\/kcc\/wp-content\/uploads\/2022\/01\/fot.-Piotr-Werewka-3-1.jpg 1400w\" sizes=\"(max-width: 1024px) 100vw, 1024px\" \/><\/a><\/figure>\n\n\n\n<figure class=\"wp-block-image size-large\"><a href=\"https:\/\/nck.krakow.pl\/kcc\/wp-content\/uploads\/2022\/01\/fot.-Piotr-Werewka-4-1.jpg\"><img loading=\"lazy\" decoding=\"async\" width=\"1024\" height=\"768\" data-id=\"5757\" src=\"https:\/\/nck.krakow.pl\/kcc\/wp-content\/uploads\/2022\/01\/fot.-Piotr-Werewka-4-1-1024x768.jpg\" alt=\"\" class=\"wp-image-5757\" srcset=\"https:\/\/nck.krakow.pl\/kcc\/wp-content\/uploads\/2022\/01\/fot.-Piotr-Werewka-4-1-1024x768.jpg 1024w, https:\/\/nck.krakow.pl\/kcc\/wp-content\/uploads\/2022\/01\/fot.-Piotr-Werewka-4-1-300x225.jpg 300w, https:\/\/nck.krakow.pl\/kcc\/wp-content\/uploads\/2022\/01\/fot.-Piotr-Werewka-4-1-768x576.jpg 768w, https:\/\/nck.krakow.pl\/kcc\/wp-content\/uploads\/2022\/01\/fot.-Piotr-Werewka-4-1.jpg 1400w\" sizes=\"(max-width: 1024px) 100vw, 1024px\" \/><\/a><\/figure>\n\n\n\n<figure class=\"wp-block-image size-large\"><a href=\"https:\/\/nck.krakow.pl\/kcc\/wp-content\/uploads\/2022\/01\/fot.-Piotr-Werewka-5-1.jpg\"><img loading=\"lazy\" decoding=\"async\" width=\"1024\" height=\"768\" data-id=\"5758\" src=\"https:\/\/nck.krakow.pl\/kcc\/wp-content\/uploads\/2022\/01\/fot.-Piotr-Werewka-5-1-1024x768.jpg\" alt=\"\" class=\"wp-image-5758\" srcset=\"https:\/\/nck.krakow.pl\/kcc\/wp-content\/uploads\/2022\/01\/fot.-Piotr-Werewka-5-1-1024x768.jpg 1024w, https:\/\/nck.krakow.pl\/kcc\/wp-content\/uploads\/2022\/01\/fot.-Piotr-Werewka-5-1-300x225.jpg 300w, https:\/\/nck.krakow.pl\/kcc\/wp-content\/uploads\/2022\/01\/fot.-Piotr-Werewka-5-1-768x576.jpg 768w, https:\/\/nck.krakow.pl\/kcc\/wp-content\/uploads\/2022\/01\/fot.-Piotr-Werewka-5-1.jpg 1400w\" sizes=\"(max-width: 1024px) 100vw, 1024px\" \/><\/a><\/figure>\n\n\n\n<figure class=\"wp-block-image size-large\"><a href=\"https:\/\/nck.krakow.pl\/kcc\/wp-content\/uploads\/2022\/01\/fot.-Piotr-Werewka-6-1.jpg\"><img loading=\"lazy\" decoding=\"async\" width=\"768\" height=\"1024\" data-id=\"5759\" src=\"https:\/\/nck.krakow.pl\/kcc\/wp-content\/uploads\/2022\/01\/fot.-Piotr-Werewka-6-1-768x1024.jpg\" alt=\"\" class=\"wp-image-5759\" srcset=\"https:\/\/nck.krakow.pl\/kcc\/wp-content\/uploads\/2022\/01\/fot.-Piotr-Werewka-6-1-768x1024.jpg 768w, https:\/\/nck.krakow.pl\/kcc\/wp-content\/uploads\/2022\/01\/fot.-Piotr-Werewka-6-1-225x300.jpg 225w, https:\/\/nck.krakow.pl\/kcc\/wp-content\/uploads\/2022\/01\/fot.-Piotr-Werewka-6-1.jpg 1050w\" sizes=\"(max-width: 768px) 100vw, 768px\" \/><\/a><\/figure>\n\n\n\n<figure class=\"wp-block-image size-large\"><a href=\"https:\/\/nck.krakow.pl\/kcc\/wp-content\/uploads\/2022\/01\/fot.-Piotr-Werewka-1.jpg\"><img loading=\"lazy\" decoding=\"async\" width=\"1024\" height=\"768\" data-id=\"5760\" src=\"https:\/\/nck.krakow.pl\/kcc\/wp-content\/uploads\/2022\/01\/fot.-Piotr-Werewka-1-1024x768.jpg\" alt=\"\" class=\"wp-image-5760\" srcset=\"https:\/\/nck.krakow.pl\/kcc\/wp-content\/uploads\/2022\/01\/fot.-Piotr-Werewka-1-1024x768.jpg 1024w, https:\/\/nck.krakow.pl\/kcc\/wp-content\/uploads\/2022\/01\/fot.-Piotr-Werewka-1-300x225.jpg 300w, https:\/\/nck.krakow.pl\/kcc\/wp-content\/uploads\/2022\/01\/fot.-Piotr-Werewka-1-768x576.jpg 768w, https:\/\/nck.krakow.pl\/kcc\/wp-content\/uploads\/2022\/01\/fot.-Piotr-Werewka-1.jpg 1400w\" sizes=\"(max-width: 1024px) 100vw, 1024px\" \/><\/a><\/figure>\n\n\n\n<figure class=\"wp-block-image size-large\"><a href=\"https:\/\/nck.krakow.pl\/kcc\/wp-content\/uploads\/2022\/01\/milosc_tc-5-of-43-fot.-Tomasz-Cwiertnia-1-scaled.jpg\"><img loading=\"lazy\" decoding=\"async\" width=\"1024\" height=\"684\" data-id=\"5761\" src=\"https:\/\/nck.krakow.pl\/kcc\/wp-content\/uploads\/2022\/01\/milosc_tc-5-of-43-fot.-Tomasz-Cwiertnia-1-1024x684.jpg\" alt=\"\" class=\"wp-image-5761\" srcset=\"https:\/\/nck.krakow.pl\/kcc\/wp-content\/uploads\/2022\/01\/milosc_tc-5-of-43-fot.-Tomasz-Cwiertnia-1-1024x684.jpg 1024w, https:\/\/nck.krakow.pl\/kcc\/wp-content\/uploads\/2022\/01\/milosc_tc-5-of-43-fot.-Tomasz-Cwiertnia-1-300x200.jpg 300w, https:\/\/nck.krakow.pl\/kcc\/wp-content\/uploads\/2022\/01\/milosc_tc-5-of-43-fot.-Tomasz-Cwiertnia-1-768x513.jpg 768w, https:\/\/nck.krakow.pl\/kcc\/wp-content\/uploads\/2022\/01\/milosc_tc-5-of-43-fot.-Tomasz-Cwiertnia-1-1536x1025.jpg 1536w, https:\/\/nck.krakow.pl\/kcc\/wp-content\/uploads\/2022\/01\/milosc_tc-5-of-43-fot.-Tomasz-Cwiertnia-1-2048x1367.jpg 2048w\" sizes=\"(max-width: 1024px) 100vw, 1024px\" \/><\/a><\/figure>\n\n\n\n<figure class=\"wp-block-image size-large\"><a href=\"https:\/\/nck.krakow.pl\/kcc\/wp-content\/uploads\/2022\/01\/milosc_tc-13-of-43-fot.-Tomasz-Cwiertnia-1-scaled.jpg\"><img loading=\"lazy\" decoding=\"async\" width=\"1024\" height=\"684\" data-id=\"5762\" src=\"https:\/\/nck.krakow.pl\/kcc\/wp-content\/uploads\/2022\/01\/milosc_tc-13-of-43-fot.-Tomasz-Cwiertnia-1-1024x684.jpg\" alt=\"\" class=\"wp-image-5762\" srcset=\"https:\/\/nck.krakow.pl\/kcc\/wp-content\/uploads\/2022\/01\/milosc_tc-13-of-43-fot.-Tomasz-Cwiertnia-1-1024x684.jpg 1024w, https:\/\/nck.krakow.pl\/kcc\/wp-content\/uploads\/2022\/01\/milosc_tc-13-of-43-fot.-Tomasz-Cwiertnia-1-300x200.jpg 300w, https:\/\/nck.krakow.pl\/kcc\/wp-content\/uploads\/2022\/01\/milosc_tc-13-of-43-fot.-Tomasz-Cwiertnia-1-768x513.jpg 768w, https:\/\/nck.krakow.pl\/kcc\/wp-content\/uploads\/2022\/01\/milosc_tc-13-of-43-fot.-Tomasz-Cwiertnia-1-1536x1025.jpg 1536w, https:\/\/nck.krakow.pl\/kcc\/wp-content\/uploads\/2022\/01\/milosc_tc-13-of-43-fot.-Tomasz-Cwiertnia-1-2048x1367.jpg 2048w\" sizes=\"(max-width: 1024px) 100vw, 1024px\" \/><\/a><\/figure>\n\n\n\n<figure class=\"wp-block-image size-large\"><a href=\"https:\/\/nck.krakow.pl\/kcc\/wp-content\/uploads\/2022\/01\/wyrozniajace-fot.-Piotr-Werewka-3.jpg\"><img loading=\"lazy\" decoding=\"async\" width=\"768\" height=\"1024\" data-id=\"5763\" src=\"https:\/\/nck.krakow.pl\/kcc\/wp-content\/uploads\/2022\/01\/wyrozniajace-fot.-Piotr-Werewka-3-768x1024.jpg\" alt=\"\" class=\"wp-image-5763\" srcset=\"https:\/\/nck.krakow.pl\/kcc\/wp-content\/uploads\/2022\/01\/wyrozniajace-fot.-Piotr-Werewka-3-768x1024.jpg 768w, https:\/\/nck.krakow.pl\/kcc\/wp-content\/uploads\/2022\/01\/wyrozniajace-fot.-Piotr-Werewka-3-225x300.jpg 225w, https:\/\/nck.krakow.pl\/kcc\/wp-content\/uploads\/2022\/01\/wyrozniajace-fot.-Piotr-Werewka-3.jpg 1050w\" sizes=\"(max-width: 768px) 100vw, 768px\" \/><\/a><\/figure>\n<\/figure>\n\n\n\n<div style=\"height:100px\" aria-hidden=\"true\" class=\"wp-block-spacer\"><\/div>\n\n\n\n<figure class=\"wp-block-image size-full is-resized\"><img loading=\"lazy\" decoding=\"async\" src=\"https:\/\/nck.krakow.pl\/kcc\/wp-content\/uploads\/2021\/11\/basia.jpg\" alt=\"\" class=\"wp-image-5671\" width=\"251\" height=\"376\" srcset=\"https:\/\/nck.krakow.pl\/kcc\/wp-content\/uploads\/2021\/11\/basia.jpg 640w, https:\/\/nck.krakow.pl\/kcc\/wp-content\/uploads\/2021\/11\/basia-200x300.jpg 200w\" sizes=\"(max-width: 251px) 100vw, 251px\" \/><\/figure>\n\n\n\n<p><strong>BARBARA BUJAKOWSKA<br><\/strong><br>Tancerka, choreografka i pedago\u017cka zwi\u0105zana z Krakowem. Urodzi\u0142a si\u0119 w roku 1983 w podkrakowskich Proszowicach. Taniec studiowa\u0142a na Anton Bruckner Privatuniversit\u00e4t w Linz w Austrii oraz w ramach programu przygotowawczego szko\u0142y SEAD w Salzburgu, wcze\u015bniej by\u0142a uczennic\u0105 Studia Baletowego przy Operze Krakowskiej, uprawia\u0142a te\u017c gimnastyk\u0119 sportow\u0105. By\u0142a stypendystk\u0105 Ministra Kultury i Dziedzictwa Narodowego (2009).<\/p>\n\n\n\n<p>By\u0142a cz\u0142onkini\u0105 krakowskiej grupy Hoplaa, z kt\u00f3r\u0105 stworzy\u0142a kilka niezale\u017cnych tanecznych produkcji wideo. Jej ironiczne solo&nbsp;<em>Swan_like,&nbsp;<\/em>czerpi\u0105ce ze stylistyki niemieckiego Tanztheater, otrzyma\u0142o nagrod\u0119 w organizowanym przez TVP konkursie \u201eDolina Kreatywna\u201d (2008). W 2008 roku w ramach pozna\u0144skiego programu rezydencyjnego Solo Projekt, wesp\u00f3\u0142 z muzykiem Marcinem Janusem stworzy\u0142a solo&nbsp;<em>Movement Modular Synthesis,<\/em>&nbsp;inspirowane muzyk\u0105 elektroniczn\u0105 i dzia\u0142aniem analogowych syntezator\u00f3w d\u017awi\u0119kowych. W stron\u0119 formalnych poszukiwa\u0144 na pograniczu ruchu i muzyki posz\u0142a r\u00f3wnie\u017c w spektaklu<em>&nbsp;3-Dance<\/em>, prezentowanym podczas Polskiej Platformy Ta\u0144ca 2010. Bujakowska ta\u0144czy\u0142a r\u00f3wnie\u017c u Nigela Charnocka \u2013 w spektaklu&nbsp;<em>Happy!&nbsp;<\/em>wyprodukowanym przez Art Stations Foundation,&nbsp;oraz w produkcji towarzystwa gimnastycznego&nbsp;<em>Nic.<\/em><\/p>\n\n\n\n<p>Zar\u00f3wno w swoich laboratoryjnych, abstrakcyjnych projektach, jak i w spektaklach o zdecydowanie bardziej \u201eteatralnym\u201d charakterze \u2013 jak&nbsp;<em>Swan_like&nbsp;<\/em>czy w spektakl Charnocka \u2013 Bujakowska wypracowa\u0142a sw\u00f3j oryginalny styl, oparty na rzadkim po\u0142\u0105czeniu dystansu, zmys\u0142u komicznego i analitycznego stosunku do formy.<\/p>\n\n\n\n<p>We wrze\u015bniu 2013 roku wzi\u0119\u0142a go\u015bcinny udzia\u0142 w etiudzie Magdaleny Przybysz do muzyki Witolda Lutos\u0142awskiego, przygotowanej w ramach rezydencji&nbsp;<em>Kilka krok\u00f3w do Lutos\u0142awskiego \u2013 \u0107wiczenia kompozycyjne dla m\u0142odych choreograf\u00f3w (projekt LUTOSFERY)<\/em>, realizowanej przez Centrum Sztuki Wsp\u00f3\u0142czesnej&nbsp;<em>\u2013&nbsp;<\/em>Zamek Ujazdowski, FUNDACJ\u0118&nbsp;<em>f.o.r.t.e.<\/em>&nbsp;oraz Fundacj\u0119 Burd\u0105g (opieka artystyczna: Maria Stok\u0142osa).<\/p>\n\n\n\n<p>W tym samym roku wsp\u00f3lnie z Paulin\u0105 Wysock\u0105 zrealizowa\u0142a spektakl&nbsp;<em>\u015ani\u0142o mi si\u0119, \u017ce pozosta\u0142 po nas pusty pok\u00f3j<\/em>&nbsp;(inauguracja sezonu 2013\/2014 Sceny Ta\u0144ca Wsp\u00f3\u0142czesnego).<\/p>\n\n\n\n<div style=\"height:100px\" aria-hidden=\"true\" class=\"wp-block-spacer\"><\/div>\n\n\n\n<figure class=\"wp-block-image size-full is-resized\"><img loading=\"lazy\" decoding=\"async\" src=\"https:\/\/nck.krakow.pl\/kcc\/wp-content\/uploads\/2022\/01\/Logo-Krakow_H_rgb.jpg\" alt=\"\" class=\"wp-image-5766\" width=\"225\" height=\"68\" srcset=\"https:\/\/nck.krakow.pl\/kcc\/wp-content\/uploads\/2022\/01\/Logo-Krakow_H_rgb.jpg 850w, https:\/\/nck.krakow.pl\/kcc\/wp-content\/uploads\/2022\/01\/Logo-Krakow_H_rgb-300x92.jpg 300w, https:\/\/nck.krakow.pl\/kcc\/wp-content\/uploads\/2022\/01\/Logo-Krakow_H_rgb-768x236.jpg 768w\" sizes=\"(max-width: 225px) 100vw, 225px\" \/><\/figure>\n","protected":false},"excerpt":{"rendered":"<p>Jestem mi\u0142o\u015bci\u0105 III koncept: Barbara Bujakowskawsp\u00f3\u0142praca artystyczna: Marta Wo\u0142owiec, Karol Mi\u0119kinaperformance: Marta Wo\u0142owiec, Karol Mi\u0119kina, Barbara Bujakowskamonta\u017c video: Aleksander Hordziej&nbsp;monta\u017c d\u017awi\u0119ku: Szczepan So\u0142tys Projekt powsta\u0142 w ramach Stypendium Tw\u00f3rczego Miasta Krakowa.Produkcja: Nowohuckie Centrum Kultury \u2013 Krakowskie Centrum ChoreograficznePremiera: 4.12.2021 r. Studio KCC Trzecia cz\u0119\u015b\u0107 projektu \u201eJestem mi\u0142o\u015bci\u0105\u201d porusza tematyk\u0119 archetypu cienia, kt\u00f3ry wed\u0142ug psychologii Carla [&hellip;]<\/p>\n","protected":false},"author":5,"featured_media":0,"parent":0,"menu_order":0,"comment_status":"closed","ping_status":"closed","template":"","meta":{"footnotes":""},"class_list":["post-5754","page","type-page","status-publish","hentry"],"yoast_head":"<!-- This site is optimized with the Yoast SEO plugin v19.12 - https:\/\/yoast.com\/wordpress\/plugins\/seo\/ -->\n<title>Jestem mi\u0142o\u015bci\u0105 III - Krakowskie Centrum Choreograficzne<\/title>\n<meta name=\"robots\" content=\"index, follow, max-snippet:-1, max-image-preview:large, max-video-preview:-1\" \/>\n<link rel=\"canonical\" href=\"https:\/\/nck.krakow.pl\/kcc\/jestem-miloscia-iii\/\" \/>\n<meta property=\"og:locale\" content=\"pl_PL\" \/>\n<meta property=\"og:type\" content=\"article\" \/>\n<meta property=\"og:title\" content=\"Jestem mi\u0142o\u015bci\u0105 III - Krakowskie Centrum Choreograficzne\" \/>\n<meta property=\"og:description\" content=\"Jestem mi\u0142o\u015bci\u0105 III koncept: Barbara Bujakowskawsp\u00f3\u0142praca artystyczna: Marta Wo\u0142owiec, Karol Mi\u0119kinaperformance: Marta Wo\u0142owiec, Karol Mi\u0119kina, Barbara Bujakowskamonta\u017c video: Aleksander Hordziej&nbsp;monta\u017c d\u017awi\u0119ku: Szczepan So\u0142tys Projekt powsta\u0142 w ramach Stypendium Tw\u00f3rczego Miasta Krakowa.Produkcja: Nowohuckie Centrum Kultury \u2013 Krakowskie Centrum ChoreograficznePremiera: 4.12.2021 r. Studio KCC Trzecia cz\u0119\u015b\u0107 projektu \u201eJestem mi\u0142o\u015bci\u0105\u201d porusza tematyk\u0119 archetypu cienia, kt\u00f3ry wed\u0142ug psychologii Carla [&hellip;]\" \/>\n<meta property=\"og:url\" content=\"https:\/\/nck.krakow.pl\/kcc\/jestem-miloscia-iii\/\" \/>\n<meta property=\"og:site_name\" content=\"Krakowskie Centrum Choreograficzne\" \/>\n<meta property=\"article:modified_time\" content=\"2023-04-25T12:54:04+00:00\" \/>\n<meta property=\"og:image\" content=\"https:\/\/nck.krakow.pl\/kcc\/wp-content\/uploads\/2022\/01\/wyrozniajace-fot.-Piotr-Werewka-2-1024x768.jpg\" \/>\n<meta name=\"twitter:card\" content=\"summary_large_image\" \/>\n<meta name=\"twitter:label1\" content=\"Est. reading time\" \/>\n\t<meta name=\"twitter:data1\" content=\"5 minut\" \/>\n<script type=\"application\/ld+json\" class=\"yoast-schema-graph\">{\"@context\":\"https:\/\/schema.org\",\"@graph\":[{\"@type\":\"WebPage\",\"@id\":\"https:\/\/nck.krakow.pl\/kcc\/jestem-miloscia-iii\/\",\"url\":\"https:\/\/nck.krakow.pl\/kcc\/jestem-miloscia-iii\/\",\"name\":\"Jestem mi\u0142o\u015bci\u0105 III - Krakowskie Centrum Choreograficzne\",\"isPartOf\":{\"@id\":\"https:\/\/nck.krakow.pl\/kcc\/#website\"},\"datePublished\":\"2022-01-14T10:36:10+00:00\",\"dateModified\":\"2023-04-25T12:54:04+00:00\",\"breadcrumb\":{\"@id\":\"https:\/\/nck.krakow.pl\/kcc\/jestem-miloscia-iii\/#breadcrumb\"},\"inLanguage\":\"pl-PL\",\"potentialAction\":[{\"@type\":\"ReadAction\",\"target\":[\"https:\/\/nck.krakow.pl\/kcc\/jestem-miloscia-iii\/\"]}]},{\"@type\":\"BreadcrumbList\",\"@id\":\"https:\/\/nck.krakow.pl\/kcc\/jestem-miloscia-iii\/#breadcrumb\",\"itemListElement\":[{\"@type\":\"ListItem\",\"position\":1,\"name\":\"Strona g\u0142\u00f3wna\",\"item\":\"https:\/\/nck.krakow.pl\/kcc\/\"},{\"@type\":\"ListItem\",\"position\":2,\"name\":\"Jestem mi\u0142o\u015bci\u0105 III\"}]},{\"@type\":\"WebSite\",\"@id\":\"https:\/\/nck.krakow.pl\/kcc\/#website\",\"url\":\"https:\/\/nck.krakow.pl\/kcc\/\",\"name\":\"Krakowskie Centrum Choreograficzne\",\"description\":\"\",\"publisher\":{\"@id\":\"https:\/\/nck.krakow.pl\/kcc\/#organization\"},\"potentialAction\":[{\"@type\":\"SearchAction\",\"target\":{\"@type\":\"EntryPoint\",\"urlTemplate\":\"https:\/\/nck.krakow.pl\/kcc\/?s={search_term_string}\"},\"query-input\":\"required name=search_term_string\"}],\"inLanguage\":\"pl-PL\"},{\"@type\":\"Organization\",\"@id\":\"https:\/\/nck.krakow.pl\/kcc\/#organization\",\"name\":\"Krakowskie Centrum Choreograficzne\",\"url\":\"https:\/\/nck.krakow.pl\/kcc\/\",\"logo\":{\"@type\":\"ImageObject\",\"inLanguage\":\"pl-PL\",\"@id\":\"https:\/\/nck.krakow.pl\/kcc\/#\/schema\/logo\/image\/\",\"url\":\"https:\/\/nck.krakow.pl\/kcc\/wp-content\/uploads\/2020\/01\/cropped-logo-kcc-2020.png\",\"contentUrl\":\"https:\/\/nck.krakow.pl\/kcc\/wp-content\/uploads\/2020\/01\/cropped-logo-kcc-2020.png\",\"width\":116,\"height\":55,\"caption\":\"Krakowskie Centrum Choreograficzne\"},\"image\":{\"@id\":\"https:\/\/nck.krakow.pl\/kcc\/#\/schema\/logo\/image\/\"}}]}<\/script>\n<!-- \/ Yoast SEO plugin. -->","yoast_head_json":{"title":"Jestem mi\u0142o\u015bci\u0105 III - Krakowskie Centrum Choreograficzne","robots":{"index":"index","follow":"follow","max-snippet":"max-snippet:-1","max-image-preview":"max-image-preview:large","max-video-preview":"max-video-preview:-1"},"canonical":"https:\/\/nck.krakow.pl\/kcc\/jestem-miloscia-iii\/","og_locale":"pl_PL","og_type":"article","og_title":"Jestem mi\u0142o\u015bci\u0105 III - Krakowskie Centrum Choreograficzne","og_description":"Jestem mi\u0142o\u015bci\u0105 III koncept: Barbara Bujakowskawsp\u00f3\u0142praca artystyczna: Marta Wo\u0142owiec, Karol Mi\u0119kinaperformance: Marta Wo\u0142owiec, Karol Mi\u0119kina, Barbara Bujakowskamonta\u017c video: Aleksander Hordziej&nbsp;monta\u017c d\u017awi\u0119ku: Szczepan So\u0142tys Projekt powsta\u0142 w ramach Stypendium Tw\u00f3rczego Miasta Krakowa.Produkcja: Nowohuckie Centrum Kultury \u2013 Krakowskie Centrum ChoreograficznePremiera: 4.12.2021 r. Studio KCC Trzecia cz\u0119\u015b\u0107 projektu \u201eJestem mi\u0142o\u015bci\u0105\u201d porusza tematyk\u0119 archetypu cienia, kt\u00f3ry wed\u0142ug psychologii Carla [&hellip;]","og_url":"https:\/\/nck.krakow.pl\/kcc\/jestem-miloscia-iii\/","og_site_name":"Krakowskie Centrum Choreograficzne","article_modified_time":"2023-04-25T12:54:04+00:00","og_image":[{"url":"https:\/\/nck.krakow.pl\/kcc\/wp-content\/uploads\/2022\/01\/wyrozniajace-fot.-Piotr-Werewka-2-1024x768.jpg"}],"twitter_card":"summary_large_image","twitter_misc":{"Est. reading time":"5 minut"},"schema":{"@context":"https:\/\/schema.org","@graph":[{"@type":"WebPage","@id":"https:\/\/nck.krakow.pl\/kcc\/jestem-miloscia-iii\/","url":"https:\/\/nck.krakow.pl\/kcc\/jestem-miloscia-iii\/","name":"Jestem mi\u0142o\u015bci\u0105 III - Krakowskie Centrum Choreograficzne","isPartOf":{"@id":"https:\/\/nck.krakow.pl\/kcc\/#website"},"datePublished":"2022-01-14T10:36:10+00:00","dateModified":"2023-04-25T12:54:04+00:00","breadcrumb":{"@id":"https:\/\/nck.krakow.pl\/kcc\/jestem-miloscia-iii\/#breadcrumb"},"inLanguage":"pl-PL","potentialAction":[{"@type":"ReadAction","target":["https:\/\/nck.krakow.pl\/kcc\/jestem-miloscia-iii\/"]}]},{"@type":"BreadcrumbList","@id":"https:\/\/nck.krakow.pl\/kcc\/jestem-miloscia-iii\/#breadcrumb","itemListElement":[{"@type":"ListItem","position":1,"name":"Strona g\u0142\u00f3wna","item":"https:\/\/nck.krakow.pl\/kcc\/"},{"@type":"ListItem","position":2,"name":"Jestem mi\u0142o\u015bci\u0105 III"}]},{"@type":"WebSite","@id":"https:\/\/nck.krakow.pl\/kcc\/#website","url":"https:\/\/nck.krakow.pl\/kcc\/","name":"Krakowskie Centrum Choreograficzne","description":"","publisher":{"@id":"https:\/\/nck.krakow.pl\/kcc\/#organization"},"potentialAction":[{"@type":"SearchAction","target":{"@type":"EntryPoint","urlTemplate":"https:\/\/nck.krakow.pl\/kcc\/?s={search_term_string}"},"query-input":"required name=search_term_string"}],"inLanguage":"pl-PL"},{"@type":"Organization","@id":"https:\/\/nck.krakow.pl\/kcc\/#organization","name":"Krakowskie Centrum Choreograficzne","url":"https:\/\/nck.krakow.pl\/kcc\/","logo":{"@type":"ImageObject","inLanguage":"pl-PL","@id":"https:\/\/nck.krakow.pl\/kcc\/#\/schema\/logo\/image\/","url":"https:\/\/nck.krakow.pl\/kcc\/wp-content\/uploads\/2020\/01\/cropped-logo-kcc-2020.png","contentUrl":"https:\/\/nck.krakow.pl\/kcc\/wp-content\/uploads\/2020\/01\/cropped-logo-kcc-2020.png","width":116,"height":55,"caption":"Krakowskie Centrum Choreograficzne"},"image":{"@id":"https:\/\/nck.krakow.pl\/kcc\/#\/schema\/logo\/image\/"}}]}},"_links":{"self":[{"href":"https:\/\/nck.krakow.pl\/kcc\/wp-json\/wp\/v2\/pages\/5754"}],"collection":[{"href":"https:\/\/nck.krakow.pl\/kcc\/wp-json\/wp\/v2\/pages"}],"about":[{"href":"https:\/\/nck.krakow.pl\/kcc\/wp-json\/wp\/v2\/types\/page"}],"author":[{"embeddable":true,"href":"https:\/\/nck.krakow.pl\/kcc\/wp-json\/wp\/v2\/users\/5"}],"replies":[{"embeddable":true,"href":"https:\/\/nck.krakow.pl\/kcc\/wp-json\/wp\/v2\/comments?post=5754"}],"version-history":[{"count":5,"href":"https:\/\/nck.krakow.pl\/kcc\/wp-json\/wp\/v2\/pages\/5754\/revisions"}],"predecessor-version":[{"id":6823,"href":"https:\/\/nck.krakow.pl\/kcc\/wp-json\/wp\/v2\/pages\/5754\/revisions\/6823"}],"wp:attachment":[{"href":"https:\/\/nck.krakow.pl\/kcc\/wp-json\/wp\/v2\/media?parent=5754"}],"curies":[{"name":"wp","href":"https:\/\/api.w.org\/{rel}","templated":true}]}}