{"id":5694,"date":"2021-11-24T14:21:14","date_gmt":"2021-11-24T14:21:14","guid":{"rendered":"https:\/\/nck.krakow.pl\/kcc\/?page_id=5694"},"modified":"2023-04-25T12:54:05","modified_gmt":"2023-04-25T12:54:05","slug":"bodyfulness","status":"publish","type":"page","link":"https:\/\/nck.krakow.pl\/kcc\/bodyfulness\/","title":{"rendered":"BODYFULNESS"},"content":{"rendered":"\n<figure class=\"wp-block-image size-large\"><img loading=\"lazy\" decoding=\"async\" width=\"1024\" height=\"684\" src=\"https:\/\/nck.krakow.pl\/kcc\/wp-content\/uploads\/2021\/11\/ZDJECIE-WYROZNIAJACE-1024x684.jpg\" alt=\"\" class=\"wp-image-5703\" srcset=\"https:\/\/nck.krakow.pl\/kcc\/wp-content\/uploads\/2021\/11\/ZDJECIE-WYROZNIAJACE-1024x684.jpg 1024w, https:\/\/nck.krakow.pl\/kcc\/wp-content\/uploads\/2021\/11\/ZDJECIE-WYROZNIAJACE-300x200.jpg 300w, https:\/\/nck.krakow.pl\/kcc\/wp-content\/uploads\/2021\/11\/ZDJECIE-WYROZNIAJACE-768x513.jpg 768w, https:\/\/nck.krakow.pl\/kcc\/wp-content\/uploads\/2021\/11\/ZDJECIE-WYROZNIAJACE-1536x1025.jpg 1536w, https:\/\/nck.krakow.pl\/kcc\/wp-content\/uploads\/2021\/11\/ZDJECIE-WYROZNIAJACE.jpg 2048w\" sizes=\"(max-width: 1024px) 100vw, 1024px\" \/><\/figure>\n\n\n\n<div style=\"height:30px\" aria-hidden=\"true\" class=\"wp-block-spacer\"><\/div>\n\n\n\n<h2 class=\"wp-block-heading\"><strong>BODYFULNESS<\/strong><\/h2>\n\n\n\n<p><strong>choreografia i wykonanie:<\/strong>&nbsp;Aleksandra Konieczna, Agata Gregorkiewicz<br><strong>premiera:<\/strong>&nbsp;29.11.2021 r.<br>Spektakl powsta\u0142 w ramach rezydencji w Krakowskim Centrum Choreograficznym.<\/p>\n\n\n\n<div style=\"height:30px\" aria-hidden=\"true\" class=\"wp-block-spacer\"><\/div>\n\n\n\n<p>Co stanowi \u201e ca\u0142o\u015b\u0107 \u201d?<\/p>\n\n\n\n<p>Bardzo cz\u0119sto my\u015bl\u0105c o ciele skupiamy si\u0119 na jego frontalnej p\u0142aszczy\u017anie. Wydaje si\u0119 , \u017ce w znacznej mierze to poprzez prz\u00f3d naszego cia\u0142a poznajemy&nbsp; rzeczywisto\u015b\u0107. Tymczasem ty\u0142 cia\u0142a jest cz\u0119sto pomijany, mniej wa\u017cny, a nawet zapomniany.<\/p>\n\n\n\n<p>Za g\u0142\u00f3wny temat spektakl \u201eBODYFULNESS\u201d bierze sobie aspekt stron cia\u0142a oraz mo\u017cliwo\u015bci wzajemnego si\u0119 ich dope\u0142niania, ingerowania, przemienienia.&nbsp;<\/p>\n\n\n\n<p>Co gdyby ty\u0142 cia\u0142a m\u00f3g\u0142 spotka\u0107 si\u0119 z jego przodem? Jakie wynikn\u0105 z tego historie?<\/p>\n\n\n\n<p>Tr\u00f3jwymiarowo\u015b\u0107 cia\u0142a staje si\u0119 inspiracj\u0105 do poszukiwa\u0144 stan\u00f3w i obraz\u00f3w, kt\u00f3re stworz\u0105 w efekcie taniec \u201edope\u0142nie\u0144\u201d.<\/p>\n\n\n\n<div style=\"height:31px\" aria-hidden=\"true\" class=\"wp-block-spacer\"><\/div>\n\n\n\n<p><strong>ALEKSANDRA KONIECZNA<\/strong><\/p>\n\n\n\n<figure class=\"wp-block-image size-large is-resized\"><img loading=\"lazy\" decoding=\"async\" src=\"https:\/\/nck.krakow.pl\/kcc\/wp-content\/uploads\/2021\/11\/Aleksandra-Konieczna-1024x683.jpg\" alt=\"\" class=\"wp-image-5695\" width=\"473\" height=\"315\" srcset=\"https:\/\/nck.krakow.pl\/kcc\/wp-content\/uploads\/2021\/11\/Aleksandra-Konieczna-1024x683.jpg 1024w, https:\/\/nck.krakow.pl\/kcc\/wp-content\/uploads\/2021\/11\/Aleksandra-Konieczna-300x200.jpg 300w, https:\/\/nck.krakow.pl\/kcc\/wp-content\/uploads\/2021\/11\/Aleksandra-Konieczna-768x512.jpg 768w, https:\/\/nck.krakow.pl\/kcc\/wp-content\/uploads\/2021\/11\/Aleksandra-Konieczna-1536x1024.jpg 1536w, https:\/\/nck.krakow.pl\/kcc\/wp-content\/uploads\/2021\/11\/Aleksandra-Konieczna-2048x1365.jpg 2048w\" sizes=\"(max-width: 473px) 100vw, 473px\" \/><\/figure>\n\n\n\n<p>Od 18 lat aktywna tancerka i pasjonatka szeroko poj\u0119tej pracy z cia\u0142em w ruchu, zar\u00f3wno w wymiarze artystycznym jak i terapeutycznym. Intensywn\u0105 edukacj\u0119 taneczn\u0105 rozpocz\u0119\u0142a w roku 2002, ucz\u0119szczaj\u0105c na liczne warsztaty w kraju i za granic\u0105 . W roku 2009 wyjecha\u0142a do Francji aby poszerza\u0107 swoj\u0105 wiedz\u0119 i umiej\u0119tno\u015bci ruchowe. Pobyt w Pary\u017cu w latach 2009-2013 zaowocowa\u0142 wsp\u00f3\u0142prac\u0105 z francuskimi choreografami i udzia\u0142em w licznych projektach artystycznych. Po powrocie do kraju podj\u0119\u0142a w\u0142asn\u0105 dzia\u0142alno\u015b\u0107 tw\u00f3rcz\u0105. Uczestniczka Kursu Choreografii Eksperymentalnej w Centrum w Ruchu w Warszawie. Jedne z najbardziej intensywnych dotychczasowych szkole\u0144 to: stypendium warsztatowe ESTUDIOS VICTOR CORDON (Lisbona), &#8222;GAGA INTENSIVE&#8221; (Barcelona), &#8222;FIZYCZNY Z GAGA CAMP\u201d, (Krak\u00f3w),&nbsp;&#8222;SUMMER INTESIVE&#8221; (Portugalia), \u201eINPROVISATION ON STAGE by David Zambrano\u201d (Bruksela). Wsp\u00f3\u0142tw\u00f3rczyni projekt\u00f3w artystycznych min: &nbsp;&#8222;W sieci&#8221;,&nbsp;\u201eKonstelacje&#8221;, \u201eBotanic body\u201d. R\u00f3wnolegle z w\u0142asn\u0105 aktywno\u015bci\u0105 tw\u00f3rcz\u0105 dzieli si\u0119 swoim do\u015bwiadczeniem i praktyk\u0105 z innymi b\u0119d\u0105c instruktorem r\u00f3\u017cnych form tanecznych, improwizacji i \u015bwiadomej pracy z cia\u0142em. Aktualnie najwi\u0119ksz\u0105 uwag\u0119 po\u015bwi\u0119ca technikom improwizacji ruchowej. Zg\u0142\u0119bia narz\u0119dzia s\u0142u\u017c\u0105ce swobodnej kreacji form i tre\u015bci ruchowych w dowolnej przestrzeni w bie\u017c\u0105cym momencie.<\/p>\n\n\n\n<div style=\"height:10px\" aria-hidden=\"true\" class=\"wp-block-spacer\"><\/div>\n\n\n\n<p><strong>AGATA GREGORKIEWICZ<\/strong><\/p>\n\n\n\n<figure class=\"wp-block-image size-large is-resized\"><img loading=\"lazy\" decoding=\"async\" src=\"https:\/\/nck.krakow.pl\/kcc\/wp-content\/uploads\/2021\/11\/Agata-Gregorkiewicz-1024x682.jpg\" alt=\"\" class=\"wp-image-5696\" width=\"472\" height=\"314\" srcset=\"https:\/\/nck.krakow.pl\/kcc\/wp-content\/uploads\/2021\/11\/Agata-Gregorkiewicz-1024x682.jpg 1024w, https:\/\/nck.krakow.pl\/kcc\/wp-content\/uploads\/2021\/11\/Agata-Gregorkiewicz-300x200.jpg 300w, https:\/\/nck.krakow.pl\/kcc\/wp-content\/uploads\/2021\/11\/Agata-Gregorkiewicz-768x512.jpg 768w, https:\/\/nck.krakow.pl\/kcc\/wp-content\/uploads\/2021\/11\/Agata-Gregorkiewicz-1536x1024.jpg 1536w, https:\/\/nck.krakow.pl\/kcc\/wp-content\/uploads\/2021\/11\/Agata-Gregorkiewicz-2048x1365.jpg 2048w\" sizes=\"(max-width: 472px) 100vw, 472px\" \/><\/figure>\n\n\n\n<p>Tr\u00f3jmiejska tancerka, nauczycielka ta\u0144ca wsp\u00f3\u0142czesnego i improwizacji, praktyk terapeutycznego wymiaru ta\u0144ca.&nbsp;Absolwentka paryskiego Uniwersytetu Paris VIII na kierunku ta\u0144ca i sztuk performatywnych oraz zapisu ruchu w paryskim konserwatorium ( CNSMDP). Szkoli\u0142a si\u0119&nbsp;w kierunku ta\u0144ca wsp\u00f3\u0142czesnego na wielu warsztatach w Polsce i za granic\u0105 m in &#8222;Passing Through Only&#8221; oraz &#8222;60&nbsp;days improvisation&#8221; Davida Zambrano. Tancerka i wsp\u00f3\u0142autorka spektakli i performanc\u00f3w: \u201cSerdUCHA\u201d, \u201cCia\u0142o Botaniczne\u201d, \u201cKonstelacje\u201d, \u201cW sieci\u201d, \u201cRESISTANCE\u201d, \u201cOb\u0142oki jasne nad Tob\u0105 \u201d i inne. Adeptka podyplomowego szkolenia Ta\u0144ca o Charakterze Terapeutycznym przy PSCh w Poznaniu. Uczestniczka rocznego kursu choreografii eksperymentalnej CHOREOGRAFII W CENTRUM w warszawskim Centrum w Ruchu. Laureatka Stypendium Kulturalnego Miasta Gda\u0144ska (w latach 2017, 2018, 2020), Stypendium tw\u00f3rczego Marsza\u0142ka Wojew\u00f3dztwa Pomorskiego (2019), Stypendium Ministra Kultury MKDNiS ( 2021) oraz europejskiego programu E-PORTUNUS (2019). Autorka inicjatywy Rusz Dusz\u0119 &#8211; w ramach kt\u00f3rej tworzy autorskie projekty artystyczne i spo\u0142eczne.&nbsp;<\/p>\n\n\n\n<div style=\"height:30px\" aria-hidden=\"true\" class=\"wp-block-spacer\"><\/div>\n\n\n\n<figure class=\"wp-block-gallery has-nested-images columns-default is-cropped wp-block-gallery-1 is-layout-flex wp-block-gallery-is-layout-flex\">\n<figure class=\"wp-block-image size-large\"><a href=\"https:\/\/nck.krakow.pl\/kcc\/wp-content\/uploads\/2021\/11\/KCC_body-1.jpg\"><img loading=\"lazy\" decoding=\"async\" width=\"1024\" height=\"684\" data-id=\"5697\" src=\"https:\/\/nck.krakow.pl\/kcc\/wp-content\/uploads\/2021\/11\/KCC_body-1-1024x684.jpg\" alt=\"\" class=\"wp-image-5697\" srcset=\"https:\/\/nck.krakow.pl\/kcc\/wp-content\/uploads\/2021\/11\/KCC_body-1-1024x684.jpg 1024w, https:\/\/nck.krakow.pl\/kcc\/wp-content\/uploads\/2021\/11\/KCC_body-1-300x200.jpg 300w, https:\/\/nck.krakow.pl\/kcc\/wp-content\/uploads\/2021\/11\/KCC_body-1-768x513.jpg 768w, https:\/\/nck.krakow.pl\/kcc\/wp-content\/uploads\/2021\/11\/KCC_body-1-1536x1025.jpg 1536w, https:\/\/nck.krakow.pl\/kcc\/wp-content\/uploads\/2021\/11\/KCC_body-1.jpg 2048w\" sizes=\"(max-width: 1024px) 100vw, 1024px\" \/><\/a><\/figure>\n\n\n\n<figure class=\"wp-block-image size-large\"><a href=\"https:\/\/nck.krakow.pl\/kcc\/wp-content\/uploads\/2021\/11\/KCC_body-3.jpg\"><img loading=\"lazy\" decoding=\"async\" width=\"1024\" height=\"684\" data-id=\"5698\" src=\"https:\/\/nck.krakow.pl\/kcc\/wp-content\/uploads\/2021\/11\/KCC_body-3-1024x684.jpg\" alt=\"\" class=\"wp-image-5698\" srcset=\"https:\/\/nck.krakow.pl\/kcc\/wp-content\/uploads\/2021\/11\/KCC_body-3-1024x684.jpg 1024w, https:\/\/nck.krakow.pl\/kcc\/wp-content\/uploads\/2021\/11\/KCC_body-3-300x200.jpg 300w, https:\/\/nck.krakow.pl\/kcc\/wp-content\/uploads\/2021\/11\/KCC_body-3-768x513.jpg 768w, https:\/\/nck.krakow.pl\/kcc\/wp-content\/uploads\/2021\/11\/KCC_body-3-1536x1025.jpg 1536w, https:\/\/nck.krakow.pl\/kcc\/wp-content\/uploads\/2021\/11\/KCC_body-3.jpg 2048w\" sizes=\"(max-width: 1024px) 100vw, 1024px\" \/><\/a><\/figure>\n\n\n\n<figure class=\"wp-block-image size-large\"><a href=\"https:\/\/nck.krakow.pl\/kcc\/wp-content\/uploads\/2021\/11\/KCC_body-9.jpg\"><img loading=\"lazy\" decoding=\"async\" width=\"1024\" height=\"684\" data-id=\"5699\" src=\"https:\/\/nck.krakow.pl\/kcc\/wp-content\/uploads\/2021\/11\/KCC_body-9-1024x684.jpg\" alt=\"\" class=\"wp-image-5699\" srcset=\"https:\/\/nck.krakow.pl\/kcc\/wp-content\/uploads\/2021\/11\/KCC_body-9-1024x684.jpg 1024w, https:\/\/nck.krakow.pl\/kcc\/wp-content\/uploads\/2021\/11\/KCC_body-9-300x200.jpg 300w, https:\/\/nck.krakow.pl\/kcc\/wp-content\/uploads\/2021\/11\/KCC_body-9-768x513.jpg 768w, https:\/\/nck.krakow.pl\/kcc\/wp-content\/uploads\/2021\/11\/KCC_body-9-1536x1025.jpg 1536w, https:\/\/nck.krakow.pl\/kcc\/wp-content\/uploads\/2021\/11\/KCC_body-9.jpg 2048w\" sizes=\"(max-width: 1024px) 100vw, 1024px\" \/><\/a><\/figure>\n\n\n\n<figure class=\"wp-block-image size-large\"><a href=\"https:\/\/nck.krakow.pl\/kcc\/wp-content\/uploads\/2021\/11\/KCC_body-11.jpg\"><img loading=\"lazy\" decoding=\"async\" width=\"1024\" height=\"684\" data-id=\"5700\" src=\"https:\/\/nck.krakow.pl\/kcc\/wp-content\/uploads\/2021\/11\/KCC_body-11-1024x684.jpg\" alt=\"\" class=\"wp-image-5700\" srcset=\"https:\/\/nck.krakow.pl\/kcc\/wp-content\/uploads\/2021\/11\/KCC_body-11-1024x684.jpg 1024w, https:\/\/nck.krakow.pl\/kcc\/wp-content\/uploads\/2021\/11\/KCC_body-11-300x200.jpg 300w, https:\/\/nck.krakow.pl\/kcc\/wp-content\/uploads\/2021\/11\/KCC_body-11-768x513.jpg 768w, https:\/\/nck.krakow.pl\/kcc\/wp-content\/uploads\/2021\/11\/KCC_body-11-1536x1025.jpg 1536w, https:\/\/nck.krakow.pl\/kcc\/wp-content\/uploads\/2021\/11\/KCC_body-11.jpg 2048w\" sizes=\"(max-width: 1024px) 100vw, 1024px\" \/><\/a><\/figure>\n\n\n\n<figure class=\"wp-block-image size-large\"><a href=\"https:\/\/nck.krakow.pl\/kcc\/wp-content\/uploads\/2021\/11\/KCC_O-4-of-16-scaled.jpg\"><img loading=\"lazy\" decoding=\"async\" width=\"1024\" height=\"684\" data-id=\"5701\" src=\"https:\/\/nck.krakow.pl\/kcc\/wp-content\/uploads\/2021\/11\/KCC_O-4-of-16-1024x684.jpg\" alt=\"\" class=\"wp-image-5701\" srcset=\"https:\/\/nck.krakow.pl\/kcc\/wp-content\/uploads\/2021\/11\/KCC_O-4-of-16-1024x684.jpg 1024w, https:\/\/nck.krakow.pl\/kcc\/wp-content\/uploads\/2021\/11\/KCC_O-4-of-16-300x200.jpg 300w, https:\/\/nck.krakow.pl\/kcc\/wp-content\/uploads\/2021\/11\/KCC_O-4-of-16-768x513.jpg 768w, https:\/\/nck.krakow.pl\/kcc\/wp-content\/uploads\/2021\/11\/KCC_O-4-of-16-1536x1025.jpg 1536w, https:\/\/nck.krakow.pl\/kcc\/wp-content\/uploads\/2021\/11\/KCC_O-4-of-16-2048x1367.jpg 2048w\" sizes=\"(max-width: 1024px) 100vw, 1024px\" \/><\/a><\/figure>\n\n\n\n<figure class=\"wp-block-image size-large\"><a href=\"https:\/\/nck.krakow.pl\/kcc\/wp-content\/uploads\/2021\/11\/KCC_O-15-of-16-scaled.jpg\"><img loading=\"lazy\" decoding=\"async\" width=\"1024\" height=\"684\" data-id=\"5702\" src=\"https:\/\/nck.krakow.pl\/kcc\/wp-content\/uploads\/2021\/11\/KCC_O-15-of-16-1024x684.jpg\" alt=\"\" class=\"wp-image-5702\" srcset=\"https:\/\/nck.krakow.pl\/kcc\/wp-content\/uploads\/2021\/11\/KCC_O-15-of-16-1024x684.jpg 1024w, https:\/\/nck.krakow.pl\/kcc\/wp-content\/uploads\/2021\/11\/KCC_O-15-of-16-300x200.jpg 300w, https:\/\/nck.krakow.pl\/kcc\/wp-content\/uploads\/2021\/11\/KCC_O-15-of-16-768x513.jpg 768w, https:\/\/nck.krakow.pl\/kcc\/wp-content\/uploads\/2021\/11\/KCC_O-15-of-16-1536x1025.jpg 1536w, https:\/\/nck.krakow.pl\/kcc\/wp-content\/uploads\/2021\/11\/KCC_O-15-of-16-2048x1367.jpg 2048w\" sizes=\"(max-width: 1024px) 100vw, 1024px\" \/><\/a><\/figure>\n<\/figure>\n\n\n\n<p>Fot. Tomasz \u0106wiertnia<\/p>\n","protected":false},"excerpt":{"rendered":"<p>BODYFULNESS choreografia i wykonanie:&nbsp;Aleksandra Konieczna, Agata Gregorkiewiczpremiera:&nbsp;29.11.2021 r.Spektakl powsta\u0142 w ramach rezydencji w Krakowskim Centrum Choreograficznym. Co stanowi \u201e ca\u0142o\u015b\u0107 \u201d? Bardzo cz\u0119sto my\u015bl\u0105c o ciele skupiamy si\u0119 na jego frontalnej p\u0142aszczy\u017anie. Wydaje si\u0119 , \u017ce w znacznej mierze to poprzez prz\u00f3d naszego cia\u0142a poznajemy&nbsp; rzeczywisto\u015b\u0107. Tymczasem ty\u0142 cia\u0142a jest cz\u0119sto pomijany, mniej wa\u017cny, a [&hellip;]<\/p>\n","protected":false},"author":5,"featured_media":0,"parent":0,"menu_order":0,"comment_status":"closed","ping_status":"closed","template":"","meta":{"footnotes":""},"class_list":["post-5694","page","type-page","status-publish","hentry"],"yoast_head":"<!-- This site is optimized with the Yoast SEO plugin v19.12 - https:\/\/yoast.com\/wordpress\/plugins\/seo\/ -->\n<title>BODYFULNESS - Krakowskie Centrum Choreograficzne<\/title>\n<meta name=\"robots\" content=\"index, follow, max-snippet:-1, max-image-preview:large, max-video-preview:-1\" \/>\n<link rel=\"canonical\" href=\"https:\/\/nck.krakow.pl\/kcc\/bodyfulness\/\" \/>\n<meta property=\"og:locale\" content=\"pl_PL\" \/>\n<meta property=\"og:type\" content=\"article\" \/>\n<meta property=\"og:title\" content=\"BODYFULNESS - Krakowskie Centrum Choreograficzne\" \/>\n<meta property=\"og:description\" content=\"BODYFULNESS choreografia i wykonanie:&nbsp;Aleksandra Konieczna, Agata Gregorkiewiczpremiera:&nbsp;29.11.2021 r.Spektakl powsta\u0142 w ramach rezydencji w Krakowskim Centrum Choreograficznym. Co stanowi \u201e ca\u0142o\u015b\u0107 \u201d? Bardzo cz\u0119sto my\u015bl\u0105c o ciele skupiamy si\u0119 na jego frontalnej p\u0142aszczy\u017anie. Wydaje si\u0119 , \u017ce w znacznej mierze to poprzez prz\u00f3d naszego cia\u0142a poznajemy&nbsp; rzeczywisto\u015b\u0107. Tymczasem ty\u0142 cia\u0142a jest cz\u0119sto pomijany, mniej wa\u017cny, a [&hellip;]\" \/>\n<meta property=\"og:url\" content=\"https:\/\/nck.krakow.pl\/kcc\/bodyfulness\/\" \/>\n<meta property=\"og:site_name\" content=\"Krakowskie Centrum Choreograficzne\" \/>\n<meta property=\"article:modified_time\" content=\"2023-04-25T12:54:05+00:00\" \/>\n<meta property=\"og:image\" content=\"https:\/\/nck.krakow.pl\/kcc\/wp-content\/uploads\/2021\/11\/ZDJECIE-WYROZNIAJACE-1024x684.jpg\" \/>\n<meta name=\"twitter:card\" content=\"summary_large_image\" \/>\n<meta name=\"twitter:label1\" content=\"Est. reading time\" \/>\n\t<meta name=\"twitter:data1\" content=\"5 minut\" \/>\n<script type=\"application\/ld+json\" class=\"yoast-schema-graph\">{\"@context\":\"https:\/\/schema.org\",\"@graph\":[{\"@type\":\"WebPage\",\"@id\":\"https:\/\/nck.krakow.pl\/kcc\/bodyfulness\/\",\"url\":\"https:\/\/nck.krakow.pl\/kcc\/bodyfulness\/\",\"name\":\"BODYFULNESS - Krakowskie Centrum Choreograficzne\",\"isPartOf\":{\"@id\":\"https:\/\/nck.krakow.pl\/kcc\/#website\"},\"datePublished\":\"2021-11-24T14:21:14+00:00\",\"dateModified\":\"2023-04-25T12:54:05+00:00\",\"breadcrumb\":{\"@id\":\"https:\/\/nck.krakow.pl\/kcc\/bodyfulness\/#breadcrumb\"},\"inLanguage\":\"pl-PL\",\"potentialAction\":[{\"@type\":\"ReadAction\",\"target\":[\"https:\/\/nck.krakow.pl\/kcc\/bodyfulness\/\"]}]},{\"@type\":\"BreadcrumbList\",\"@id\":\"https:\/\/nck.krakow.pl\/kcc\/bodyfulness\/#breadcrumb\",\"itemListElement\":[{\"@type\":\"ListItem\",\"position\":1,\"name\":\"Strona g\u0142\u00f3wna\",\"item\":\"https:\/\/nck.krakow.pl\/kcc\/\"},{\"@type\":\"ListItem\",\"position\":2,\"name\":\"BODYFULNESS\"}]},{\"@type\":\"WebSite\",\"@id\":\"https:\/\/nck.krakow.pl\/kcc\/#website\",\"url\":\"https:\/\/nck.krakow.pl\/kcc\/\",\"name\":\"Krakowskie Centrum Choreograficzne\",\"description\":\"\",\"publisher\":{\"@id\":\"https:\/\/nck.krakow.pl\/kcc\/#organization\"},\"potentialAction\":[{\"@type\":\"SearchAction\",\"target\":{\"@type\":\"EntryPoint\",\"urlTemplate\":\"https:\/\/nck.krakow.pl\/kcc\/?s={search_term_string}\"},\"query-input\":\"required name=search_term_string\"}],\"inLanguage\":\"pl-PL\"},{\"@type\":\"Organization\",\"@id\":\"https:\/\/nck.krakow.pl\/kcc\/#organization\",\"name\":\"Krakowskie Centrum Choreograficzne\",\"url\":\"https:\/\/nck.krakow.pl\/kcc\/\",\"logo\":{\"@type\":\"ImageObject\",\"inLanguage\":\"pl-PL\",\"@id\":\"https:\/\/nck.krakow.pl\/kcc\/#\/schema\/logo\/image\/\",\"url\":\"https:\/\/nck.krakow.pl\/kcc\/wp-content\/uploads\/2020\/01\/cropped-logo-kcc-2020.png\",\"contentUrl\":\"https:\/\/nck.krakow.pl\/kcc\/wp-content\/uploads\/2020\/01\/cropped-logo-kcc-2020.png\",\"width\":116,\"height\":55,\"caption\":\"Krakowskie Centrum Choreograficzne\"},\"image\":{\"@id\":\"https:\/\/nck.krakow.pl\/kcc\/#\/schema\/logo\/image\/\"}}]}<\/script>\n<!-- \/ Yoast SEO plugin. -->","yoast_head_json":{"title":"BODYFULNESS - Krakowskie Centrum Choreograficzne","robots":{"index":"index","follow":"follow","max-snippet":"max-snippet:-1","max-image-preview":"max-image-preview:large","max-video-preview":"max-video-preview:-1"},"canonical":"https:\/\/nck.krakow.pl\/kcc\/bodyfulness\/","og_locale":"pl_PL","og_type":"article","og_title":"BODYFULNESS - Krakowskie Centrum Choreograficzne","og_description":"BODYFULNESS choreografia i wykonanie:&nbsp;Aleksandra Konieczna, Agata Gregorkiewiczpremiera:&nbsp;29.11.2021 r.Spektakl powsta\u0142 w ramach rezydencji w Krakowskim Centrum Choreograficznym. Co stanowi \u201e ca\u0142o\u015b\u0107 \u201d? Bardzo cz\u0119sto my\u015bl\u0105c o ciele skupiamy si\u0119 na jego frontalnej p\u0142aszczy\u017anie. Wydaje si\u0119 , \u017ce w znacznej mierze to poprzez prz\u00f3d naszego cia\u0142a poznajemy&nbsp; rzeczywisto\u015b\u0107. Tymczasem ty\u0142 cia\u0142a jest cz\u0119sto pomijany, mniej wa\u017cny, a [&hellip;]","og_url":"https:\/\/nck.krakow.pl\/kcc\/bodyfulness\/","og_site_name":"Krakowskie Centrum Choreograficzne","article_modified_time":"2023-04-25T12:54:05+00:00","og_image":[{"url":"https:\/\/nck.krakow.pl\/kcc\/wp-content\/uploads\/2021\/11\/ZDJECIE-WYROZNIAJACE-1024x684.jpg"}],"twitter_card":"summary_large_image","twitter_misc":{"Est. reading time":"5 minut"},"schema":{"@context":"https:\/\/schema.org","@graph":[{"@type":"WebPage","@id":"https:\/\/nck.krakow.pl\/kcc\/bodyfulness\/","url":"https:\/\/nck.krakow.pl\/kcc\/bodyfulness\/","name":"BODYFULNESS - Krakowskie Centrum Choreograficzne","isPartOf":{"@id":"https:\/\/nck.krakow.pl\/kcc\/#website"},"datePublished":"2021-11-24T14:21:14+00:00","dateModified":"2023-04-25T12:54:05+00:00","breadcrumb":{"@id":"https:\/\/nck.krakow.pl\/kcc\/bodyfulness\/#breadcrumb"},"inLanguage":"pl-PL","potentialAction":[{"@type":"ReadAction","target":["https:\/\/nck.krakow.pl\/kcc\/bodyfulness\/"]}]},{"@type":"BreadcrumbList","@id":"https:\/\/nck.krakow.pl\/kcc\/bodyfulness\/#breadcrumb","itemListElement":[{"@type":"ListItem","position":1,"name":"Strona g\u0142\u00f3wna","item":"https:\/\/nck.krakow.pl\/kcc\/"},{"@type":"ListItem","position":2,"name":"BODYFULNESS"}]},{"@type":"WebSite","@id":"https:\/\/nck.krakow.pl\/kcc\/#website","url":"https:\/\/nck.krakow.pl\/kcc\/","name":"Krakowskie Centrum Choreograficzne","description":"","publisher":{"@id":"https:\/\/nck.krakow.pl\/kcc\/#organization"},"potentialAction":[{"@type":"SearchAction","target":{"@type":"EntryPoint","urlTemplate":"https:\/\/nck.krakow.pl\/kcc\/?s={search_term_string}"},"query-input":"required name=search_term_string"}],"inLanguage":"pl-PL"},{"@type":"Organization","@id":"https:\/\/nck.krakow.pl\/kcc\/#organization","name":"Krakowskie Centrum Choreograficzne","url":"https:\/\/nck.krakow.pl\/kcc\/","logo":{"@type":"ImageObject","inLanguage":"pl-PL","@id":"https:\/\/nck.krakow.pl\/kcc\/#\/schema\/logo\/image\/","url":"https:\/\/nck.krakow.pl\/kcc\/wp-content\/uploads\/2020\/01\/cropped-logo-kcc-2020.png","contentUrl":"https:\/\/nck.krakow.pl\/kcc\/wp-content\/uploads\/2020\/01\/cropped-logo-kcc-2020.png","width":116,"height":55,"caption":"Krakowskie Centrum Choreograficzne"},"image":{"@id":"https:\/\/nck.krakow.pl\/kcc\/#\/schema\/logo\/image\/"}}]}},"_links":{"self":[{"href":"https:\/\/nck.krakow.pl\/kcc\/wp-json\/wp\/v2\/pages\/5694"}],"collection":[{"href":"https:\/\/nck.krakow.pl\/kcc\/wp-json\/wp\/v2\/pages"}],"about":[{"href":"https:\/\/nck.krakow.pl\/kcc\/wp-json\/wp\/v2\/types\/page"}],"author":[{"embeddable":true,"href":"https:\/\/nck.krakow.pl\/kcc\/wp-json\/wp\/v2\/users\/5"}],"replies":[{"embeddable":true,"href":"https:\/\/nck.krakow.pl\/kcc\/wp-json\/wp\/v2\/comments?post=5694"}],"version-history":[{"count":3,"href":"https:\/\/nck.krakow.pl\/kcc\/wp-json\/wp\/v2\/pages\/5694\/revisions"}],"predecessor-version":[{"id":6824,"href":"https:\/\/nck.krakow.pl\/kcc\/wp-json\/wp\/v2\/pages\/5694\/revisions\/6824"}],"wp:attachment":[{"href":"https:\/\/nck.krakow.pl\/kcc\/wp-json\/wp\/v2\/media?parent=5694"}],"curies":[{"name":"wp","href":"https:\/\/api.w.org\/{rel}","templated":true}]}}