{"id":5622,"date":"2021-10-08T08:56:51","date_gmt":"2021-10-08T08:56:51","guid":{"rendered":"https:\/\/nck.krakow.pl\/kcc\/?page_id=5622"},"modified":"2023-04-25T12:54:11","modified_gmt":"2023-04-25T12:54:11","slug":"tytum","status":"publish","type":"page","link":"https:\/\/nck.krakow.pl\/kcc\/tytum\/","title":{"rendered":"\u201eTYTUM\u201d"},"content":{"rendered":"\n<figure class=\"wp-block-image size-large\"><img loading=\"lazy\" decoding=\"async\" width=\"1024\" height=\"683\" src=\"https:\/\/nck.krakow.pl\/kcc\/wp-content\/uploads\/2021\/10\/TYTUM-ZDJECIE-WYROZNIAJACE_fot_klaudyna_schubert-1024x683.jpg\" alt=\"\" class=\"wp-image-5627\" srcset=\"https:\/\/nck.krakow.pl\/kcc\/wp-content\/uploads\/2021\/10\/TYTUM-ZDJECIE-WYROZNIAJACE_fot_klaudyna_schubert-1024x683.jpg 1024w, https:\/\/nck.krakow.pl\/kcc\/wp-content\/uploads\/2021\/10\/TYTUM-ZDJECIE-WYROZNIAJACE_fot_klaudyna_schubert-300x200.jpg 300w, https:\/\/nck.krakow.pl\/kcc\/wp-content\/uploads\/2021\/10\/TYTUM-ZDJECIE-WYROZNIAJACE_fot_klaudyna_schubert-768x512.jpg 768w, https:\/\/nck.krakow.pl\/kcc\/wp-content\/uploads\/2021\/10\/TYTUM-ZDJECIE-WYROZNIAJACE_fot_klaudyna_schubert-1536x1024.jpg 1536w, https:\/\/nck.krakow.pl\/kcc\/wp-content\/uploads\/2021\/10\/TYTUM-ZDJECIE-WYROZNIAJACE_fot_klaudyna_schubert-2048x1366.jpg 2048w\" sizes=\"(max-width: 1024px) 100vw, 1024px\" \/><\/figure>\n\n\n\n<div style=\"height:30px\" aria-hidden=\"true\" class=\"wp-block-spacer\"><\/div>\n\n\n\n<h2 class=\"wp-block-heading\">\u201eTYTUM\u201d<\/h2>\n\n\n\n<p><strong>choreografia, taniec:<\/strong>&nbsp;Poernima Gobardhan, Marta Wo\u0142owiec<br><strong>dramaturgia:<\/strong>&nbsp;Wojciech Klimczyk<br><strong>muzyka:&nbsp;<\/strong>Micha\u0142 Strugarek<br><strong>\u015bwiat\u0142o:&nbsp;<\/strong>Klaudyna Schubert, Marta Wo\u0142owiec<br><strong>kuratorka:&nbsp;<\/strong>Katarzyna Bester<br><strong>producentki:<\/strong>&nbsp;Nika Jankovic, Janneke Van Stroe, Marta Wo\u0142owiec<br><strong>produkcja:<\/strong>&nbsp;Korzo (NL), Krakowskie Centrum Choreograficzne \u2013 Nowohuckie Centrum Kultury<br><strong>partner:<\/strong>&nbsp;Instytut Adama Mickiewicza, Gemeente Den Haag<br>Projekt jest wsp\u00f3\u0142organizowany przez culture.pl.<br>Specjalne podzi\u0119kowania: Stacz Wilhelm<\/p>\n\n\n\n<p>Jak Inna si\u0119 porusza? Dlaczego tak? Czy ona w og\u00f3le jest w ruchu? A je\u017celi jest, to w jakim j\u0119zyku m\u00f3wi jej ruch? Czy mog\u0119 si\u0119 go nauczy\u0107? Czy chc\u0119? A mo\u017ce ona mog\u0142aby si\u0119 nauczy\u0107 mojego j\u0119zyka? Jaki jednak jest m\u00f3j j\u0119zyk? I gdzie w og\u00f3le jestem? Gdzie jest ona? Czym jest TYTUM?<\/p>\n\n\n\n<p>TYTUM opowiada o spotkaniu, ruchowej podr\u00f3\u017cy, badaniu proces\u00f3w komunikacji. Tajemnicze cia\u0142a spotykaj\u0105 si\u0119 w enigmatycznej przestrzeni, by odnale\u017a\u0107 swoje prawdziwe ja i tego, kt\u00f3rego nazywa si\u0119 Innym. Czy jednak Inny rzeczywi\u015bcie istnieje? W \u015bwiecie coraz bardziej podzielonym znalezienie odpowiedzi na to pytanie wydaje si\u0119 wa\u017cniejsze ni\u017c kiedykolwiek.<\/p>\n\n\n\n<p>Przedstawienie TYTUM jest efektem wsp\u00f3\u0142pracy choreografki Marty Wo\u0142owiec, tancerki ta\u0144ca wsp\u00f3\u0142czesnego z Polski i choreografki Poernimy Gobardhan, tancerki z Niderland\u00f3w wykszta\u0142conej w tradycji po\u0142udniowoindyjskiego ta\u0144ca klasycznego Bharata Natyam&nbsp;<\/p>\n\n\n\n<p><strong>Poernima Gobardhan<\/strong><br>Poernima Gobardhan jest tancerk\u0105 i choreografk\u0105 specjalizuj\u0105ca si\u0119 w klasycznym ta\u0144cu hinduskim, Bharatanatyam, pochodz\u0105cym z po\u0142udniowych Indii. Urodzona w Hadze, w Holandii, absolwentka teatrologii. Bardzo wcze\u015bnie rozpocz\u0119\u0142a nauk\u0119 ta\u0144ca oraz tworzenie w\u0142asnych choreografii. W 2007 roku uko\u0144czy\u0142a Modern Indian Dance w Bombaju, a nast\u0119pnie poszerzy\u0142a wiedz\u0119 o klasyczny j\u0119zyk ruchu, dope\u0142niaj\u0105c edukacj\u0119 Bharatanatyam w 2012 roku. Klasyczny trening zaprowadzi\u0142 j\u0105 g\u0142\u0119biej w do\u015bwiadczenie cia\u0142a, na nieznane \u015bcie\u017cki, kt\u00f3re dzisiaj eksploruje i transformuje. Mo\u017cliwo\u015b\u0107 tworzenia tej sztuki na Zachodzie jest dla niej kolejn\u0105 okazj\u0105 do rozumienia tego ta\u0144ca i poszukiwa\u0144 w zupe\u0142nie innym kontek\u015bcie. Jako tw\u00f3rczyni\u0119 interesuje j\u0105 stwarzanie \u015bwiat\u00f3w, gdzie cia\u0142o s\u0142u\u017cy nie tylko do projekcji znaczenia, ale tak\u017ce samo osi\u0105ga znaczenie. Podczas Festiwalu Ta\u0144ca Indyjskiego w Holandii zadebiutowa\u0142a jako choreografka w \u015bwiecie ta\u0144ca wsp\u00f3\u0142czesnego spektaklem solowym&nbsp;<em>M\u0101t\u0101<\/em>: wsp\u00f3\u0142czesn\u0105 interpretacj\u0105 Durga M\u0101t\u0101 Bharata Natyam. Nast\u0119pnie stworzy\u0142a dyptyk oparty na powie\u015bci pisarza Louis Couperus&nbsp;<em>Eline Vere<\/em>&nbsp;do produkcji 4\u00d74 podczas festiwalu CaDance 2019.&nbsp;<\/p>\n\n\n\n<p><strong>Marta Wo\u0142owiec<\/strong><br>Marta Wo\u0142owiec jest tancerk\u0105, choreografk\u0105, nauczycielk\u0105 ta\u0144ca oraz kierowniczk\u0105 i wsp\u00f3\u0142za\u0142o\u017cycielk\u0105 Krakowskiego Centrum Choreograficznego w Nowohuckim Centrum Kultury. Autorka i&nbsp; performerka dw\u00f3ch spektakli solowych z muzyk\u0105 elektroniczn\u0105 na \u017cywo:&nbsp;<em>Hold on<\/em>&nbsp;oraz&nbsp;<em>Tens<\/em>. Jako choreografka, pracuje tak\u017ce kolektywnie \u2013 jest wsp\u00f3\u0142autork\u0105 i tancerk\u0105 w spektaklach \u0142\u0105cz\u0105cych ruch, multimedia i muzyk\u0119:&nbsp;<em>Naturgem\u00e4lde<\/em>,<em>&nbsp;spectral layers of movement<\/em>&nbsp;oraz&nbsp;<em>Kobiety Wyspia\u0144skiego<\/em>. W latach 2015-2019 wraz z Agat\u0105 Mol\u0105g i Monik\u0105 W\u0119grzynowicz wsp\u00f3\u0142tworzy\u0142a kolektyw artystyczny Grupa Wok\u00f3\u0142 Centrum. Wcze\u015bniej zwi\u0105zana z Krakowskim Teatrem Ta\u0144ca. Laureatka nagrody specjalnej w 9. edycji Konkursu o Nagrod\u0119 Teatraln\u0105 im. Stanis\u0142awa Wyspia\u0144skiego. W swoich autorskich pracach choreograficznych artystka eksploruje temat energii i ruchu progresywno-transowego. Wa\u017cny jest dla niej naturalny przep\u0142yw, logika w ruchu, a tak\u017ce zaanga\u017cowanie widza poprzez wzajemne pobudzanie uwa\u017cno\u015bci cia\u0142a i umys\u0142u.<\/p>\n\n\n\n<p><strong>Wojciech Klimczyk<\/strong><br>Badacz ta\u0144ca, profesor UJ, wsp\u00f3\u0142tw\u00f3rca kolektywu Harakiri Farmers, wokalista w zespo\u0142ach Sztuczne Ksi\u0105\u017cki i Black Black Rooster. Autor ksi\u0105\u017cek \u201cWizjonerzy cia\u0142a. Panorama wsp\u00f3\u0142czesnego teatru ta\u0144ca\u201d oraz \u201cWirus mobilizacji. Taniec a kszta\u0142towanie si\u0119 nowoczesno\u015bci 1455-1795\u201d. Z HAFA w latach 2006-2014 przygotowa\u0142 kilkana\u015bcie projekt\u00f3w \u0142\u0105cz\u0105cych teatr, taniec, performans i sztuk\u0119 video \u2013&nbsp;<a rel=\"noreferrer noopener\" href=\"http:\/\/www.harakirifarmers.com\/\" target=\"_blank\">www.harakirifarmers.com<\/a>. Wsp\u00f3\u0142pracowa\u0142 z Andre Gingras, Kirstine Ilum Soerensen, Kennethem Flakiem jako dramaturg i doradca artystyczny. Juror Polskiej Platformy Ta\u0144ca 2019. Projekt z Mart\u0105 Wo\u0142owiec i Poernim\u0105 Gobardhan jest jego powrotem do \u015bwiata ta\u0144ca wsp\u00f3\u0142czesnego w charakterze tw\u00f3rcy.<\/p>\n\n\n\n<p><strong>Micha\u0142 Strugarek<\/strong><br>Tancerz od 2004 roku. Absolwent kierunku Taniec w Kulturze Fizycznej na Akademii Wychowania Fizycznego w Poznaniu. Wraz z rozwijaniem pasji do ta\u0144ca, r\u00f3wnolegle zajmowa\u0142 si\u0119 produkcj\u0105 muzyki, oraz DJ-ingiem. Zaowocowa\u0142o to wieloma projektami artystycznymi, kt\u00f3rych mia\u0142 szans\u0119 by\u0107 cz\u0119\u015bci\u0105. Jako producent muzyczny jest odpowiedzialny za opraw\u0119 d\u017awi\u0119kow\u0105 spektaklu Micha\u0142a Przyby\u0142y pod tytu\u0142em \u201cSymetria\u201d, spektaklu \u201cCollage\u201d, choreografii Natalii Draganik-Franke dla Szko\u0142y Ta\u0144ca Wsp\u00f3\u0142czesnego w Poznaniu, oraz \u201cNie ma dzieci, s\u0105 ludzie\u201d, autorstwa Wojciecha Furmana, prezentowanego podczas Malta Festivalu w Poznaniu. Stworzy\u0142 r\u00f3wnie\u017c \u015bcie\u017ck\u0119 d\u017awi\u0119kow\u0105 do w\u0142asnej etiudy tanecznej, pod tytu\u0142em \u201cCellular\u201d, prezentowanej podczas Warsaw Dance Days. Jako DJ gra\u0142 na wielu wydarzeniach klubowych, oraz zwi\u0105zanych bezpo\u015brednio z ta\u0144cem. Swoj\u0105 selekcj\u0105 i umiej\u0119tno\u015bciami, przeprowadzi\u0142 wiele jam\u00f3w improwizacyjnych podczas mi\u0119dzy innymi: Festiwalu \u201cNa Bosaka\u201d w Po\u0142czynie Zdroju, Festiwalu Cyrkulacje, Jamie charytatywnym \u201cTa\u0144czymy Dla Syrii\u201d podczas Malta Festiwalu, Warsztat\u00f3w \u201cFloating Labb\u201d w Czarnym Dunajcu, oraz wiele innych.<\/p>\n\n\n\n<p>Wsp\u00f3\u0142organizacja projektu:<\/p>\n\n\n\n<figure class=\"wp-block-image\"><img decoding=\"async\" src=\"https:\/\/nck.krakow.pl\/kcc\/wp-content\/uploads\/2021\/08\/belka-culture.png\" alt=\"\"\/><\/figure>\n\n\n\n<figure class=\"wp-block-image size-large is-resized\"><img loading=\"lazy\" decoding=\"async\" src=\"https:\/\/nck.krakow.pl\/kcc\/wp-content\/uploads\/2021\/07\/Korzo-zwart-1024x410.png\" alt=\"\" class=\"wp-image-5358\" width=\"186\" height=\"74\" srcset=\"https:\/\/nck.krakow.pl\/kcc\/wp-content\/uploads\/2021\/07\/Korzo-zwart-1024x410.png 1024w, https:\/\/nck.krakow.pl\/kcc\/wp-content\/uploads\/2021\/07\/Korzo-zwart-300x120.png 300w, https:\/\/nck.krakow.pl\/kcc\/wp-content\/uploads\/2021\/07\/Korzo-zwart-768x307.png 768w, https:\/\/nck.krakow.pl\/kcc\/wp-content\/uploads\/2021\/07\/Korzo-zwart-1536x614.png 1536w, https:\/\/nck.krakow.pl\/kcc\/wp-content\/uploads\/2021\/07\/Korzo-zwart-2048x819.png 2048w\" sizes=\"(max-width: 186px) 100vw, 186px\" \/><\/figure>\n\n\n\n<div style=\"height:30px\" aria-hidden=\"true\" class=\"wp-block-spacer\"><\/div>\n\n\n\n<figure class=\"wp-block-embed is-type-video is-provider-vimeo wp-block-embed-vimeo wp-embed-aspect-16-9 wp-has-aspect-ratio\"><div class=\"wp-block-embed__wrapper\">\n<iframe loading=\"lazy\" title=\"trailer \/ TYTUM Wo\u0142owiec, Gobardhan\" src=\"https:\/\/player.vimeo.com\/video\/654884639?h=9fbea7658e&amp;dnt=1&amp;app_id=122963\" width=\"768\" height=\"432\" frameborder=\"0\" allow=\"autoplay; fullscreen; picture-in-picture\" allowfullscreen><\/iframe>\n<\/div><\/figure>\n\n\n\n<figure class=\"wp-block-embed is-type-video is-provider-vimeo wp-block-embed-vimeo wp-embed-aspect-16-9 wp-has-aspect-ratio\"><div class=\"wp-block-embed__wrapper\">\n<iframe loading=\"lazy\" title=\"2nd trailer  \/ TYTUM Wo\u0142owiec, Gobardhan\" src=\"https:\/\/player.vimeo.com\/video\/695801610?h=da1694bcc2&amp;dnt=1&amp;app_id=122963\" width=\"768\" height=\"432\" frameborder=\"0\" allow=\"autoplay; fullscreen; picture-in-picture\" allowfullscreen><\/iframe>\n<\/div><\/figure>\n\n\n\n<div style=\"height:100px\" aria-hidden=\"true\" class=\"wp-block-spacer\"><\/div>\n\n\n\n<figure class=\"wp-block-gallery has-nested-images columns-default is-cropped wp-block-gallery-1 is-layout-flex wp-block-gallery-is-layout-flex\">\n<figure class=\"wp-block-image size-large\"><a href=\"https:\/\/nck.krakow.pl\/kcc\/wp-content\/uploads\/2021\/10\/DSC3025_fot_klaudyna_schubert.jpg\"><img loading=\"lazy\" decoding=\"async\" width=\"1024\" height=\"683\" data-id=\"5623\" src=\"https:\/\/nck.krakow.pl\/kcc\/wp-content\/uploads\/2021\/10\/DSC3025_fot_klaudyna_schubert-1024x683.jpg\" alt=\"\" class=\"wp-image-5623\" srcset=\"https:\/\/nck.krakow.pl\/kcc\/wp-content\/uploads\/2021\/10\/DSC3025_fot_klaudyna_schubert-1024x683.jpg 1024w, https:\/\/nck.krakow.pl\/kcc\/wp-content\/uploads\/2021\/10\/DSC3025_fot_klaudyna_schubert-300x200.jpg 300w, https:\/\/nck.krakow.pl\/kcc\/wp-content\/uploads\/2021\/10\/DSC3025_fot_klaudyna_schubert-768x512.jpg 768w, https:\/\/nck.krakow.pl\/kcc\/wp-content\/uploads\/2021\/10\/DSC3025_fot_klaudyna_schubert-1536x1024.jpg 1536w, https:\/\/nck.krakow.pl\/kcc\/wp-content\/uploads\/2021\/10\/DSC3025_fot_klaudyna_schubert-2048x1366.jpg 2048w\" sizes=\"(max-width: 1024px) 100vw, 1024px\" \/><\/a><\/figure>\n\n\n\n<figure class=\"wp-block-image size-large\"><a href=\"https:\/\/nck.krakow.pl\/kcc\/wp-content\/uploads\/2021\/10\/DSC3031_fot_klaudyna_schubert.jpg\"><img loading=\"lazy\" decoding=\"async\" width=\"1024\" height=\"683\" data-id=\"5624\" src=\"https:\/\/nck.krakow.pl\/kcc\/wp-content\/uploads\/2021\/10\/DSC3031_fot_klaudyna_schubert-1024x683.jpg\" alt=\"\" class=\"wp-image-5624\" srcset=\"https:\/\/nck.krakow.pl\/kcc\/wp-content\/uploads\/2021\/10\/DSC3031_fot_klaudyna_schubert-1024x683.jpg 1024w, https:\/\/nck.krakow.pl\/kcc\/wp-content\/uploads\/2021\/10\/DSC3031_fot_klaudyna_schubert-300x200.jpg 300w, https:\/\/nck.krakow.pl\/kcc\/wp-content\/uploads\/2021\/10\/DSC3031_fot_klaudyna_schubert-768x512.jpg 768w, https:\/\/nck.krakow.pl\/kcc\/wp-content\/uploads\/2021\/10\/DSC3031_fot_klaudyna_schubert-1536x1024.jpg 1536w, https:\/\/nck.krakow.pl\/kcc\/wp-content\/uploads\/2021\/10\/DSC3031_fot_klaudyna_schubert-2048x1366.jpg 2048w\" sizes=\"(max-width: 1024px) 100vw, 1024px\" \/><\/a><\/figure>\n\n\n\n<figure class=\"wp-block-image size-large\"><a href=\"https:\/\/nck.krakow.pl\/kcc\/wp-content\/uploads\/2021\/10\/DSC3081_fot_klaudyna_schubert.jpg\"><img loading=\"lazy\" decoding=\"async\" width=\"1024\" height=\"683\" data-id=\"5625\" src=\"https:\/\/nck.krakow.pl\/kcc\/wp-content\/uploads\/2021\/10\/DSC3081_fot_klaudyna_schubert-1024x683.jpg\" alt=\"\" class=\"wp-image-5625\" srcset=\"https:\/\/nck.krakow.pl\/kcc\/wp-content\/uploads\/2021\/10\/DSC3081_fot_klaudyna_schubert-1024x683.jpg 1024w, https:\/\/nck.krakow.pl\/kcc\/wp-content\/uploads\/2021\/10\/DSC3081_fot_klaudyna_schubert-300x200.jpg 300w, https:\/\/nck.krakow.pl\/kcc\/wp-content\/uploads\/2021\/10\/DSC3081_fot_klaudyna_schubert-768x512.jpg 768w, https:\/\/nck.krakow.pl\/kcc\/wp-content\/uploads\/2021\/10\/DSC3081_fot_klaudyna_schubert-1536x1024.jpg 1536w, https:\/\/nck.krakow.pl\/kcc\/wp-content\/uploads\/2021\/10\/DSC3081_fot_klaudyna_schubert-2048x1366.jpg 2048w\" sizes=\"(max-width: 1024px) 100vw, 1024px\" \/><\/a><\/figure>\n\n\n\n<figure class=\"wp-block-image size-large\"><a href=\"https:\/\/nck.krakow.pl\/kcc\/wp-content\/uploads\/2021\/10\/DSC3100_fot_klaudyna_schubert.jpg\"><img loading=\"lazy\" decoding=\"async\" width=\"1024\" height=\"683\" data-id=\"5626\" src=\"https:\/\/nck.krakow.pl\/kcc\/wp-content\/uploads\/2021\/10\/DSC3100_fot_klaudyna_schubert-1024x683.jpg\" alt=\"\" class=\"wp-image-5626\" srcset=\"https:\/\/nck.krakow.pl\/kcc\/wp-content\/uploads\/2021\/10\/DSC3100_fot_klaudyna_schubert-1024x683.jpg 1024w, https:\/\/nck.krakow.pl\/kcc\/wp-content\/uploads\/2021\/10\/DSC3100_fot_klaudyna_schubert-300x200.jpg 300w, https:\/\/nck.krakow.pl\/kcc\/wp-content\/uploads\/2021\/10\/DSC3100_fot_klaudyna_schubert-768x512.jpg 768w, https:\/\/nck.krakow.pl\/kcc\/wp-content\/uploads\/2021\/10\/DSC3100_fot_klaudyna_schubert-1536x1024.jpg 1536w, https:\/\/nck.krakow.pl\/kcc\/wp-content\/uploads\/2021\/10\/DSC3100_fot_klaudyna_schubert-2048x1366.jpg 2048w\" sizes=\"(max-width: 1024px) 100vw, 1024px\" \/><\/a><\/figure>\n<\/figure>\n\n\n\n<p>fot. Klaudyna Schubert<\/p>\n","protected":false},"excerpt":{"rendered":"<p>\u201eTYTUM\u201d choreografia, taniec:&nbsp;Poernima Gobardhan, Marta Wo\u0142owiecdramaturgia:&nbsp;Wojciech Klimczykmuzyka:&nbsp;Micha\u0142 Strugarek\u015bwiat\u0142o:&nbsp;Klaudyna Schubert, Marta Wo\u0142owieckuratorka:&nbsp;Katarzyna Besterproducentki:&nbsp;Nika Jankovic, Janneke Van Stroe, Marta Wo\u0142owiecprodukcja:&nbsp;Korzo (NL), Krakowskie Centrum Choreograficzne \u2013 Nowohuckie Centrum Kulturypartner:&nbsp;Instytut Adama Mickiewicza, Gemeente Den HaagProjekt jest wsp\u00f3\u0142organizowany przez culture.pl.Specjalne podzi\u0119kowania: Stacz Wilhelm Jak Inna si\u0119 porusza? Dlaczego tak? Czy ona w og\u00f3le jest w ruchu? A je\u017celi jest, to [&hellip;]<\/p>\n","protected":false},"author":5,"featured_media":0,"parent":0,"menu_order":0,"comment_status":"closed","ping_status":"closed","template":"","meta":{"footnotes":""},"class_list":["post-5622","page","type-page","status-publish","hentry"],"yoast_head":"<!-- This site is optimized with the Yoast SEO plugin v19.12 - https:\/\/yoast.com\/wordpress\/plugins\/seo\/ -->\n<title>\u201eTYTUM\u201d - Krakowskie Centrum Choreograficzne<\/title>\n<meta name=\"robots\" content=\"index, follow, max-snippet:-1, max-image-preview:large, max-video-preview:-1\" \/>\n<link rel=\"canonical\" href=\"https:\/\/nck.krakow.pl\/kcc\/tytum\/\" \/>\n<meta property=\"og:locale\" content=\"pl_PL\" \/>\n<meta property=\"og:type\" content=\"article\" \/>\n<meta property=\"og:title\" content=\"\u201eTYTUM\u201d - Krakowskie Centrum Choreograficzne\" \/>\n<meta property=\"og:description\" content=\"\u201eTYTUM\u201d choreografia, taniec:&nbsp;Poernima Gobardhan, Marta Wo\u0142owiecdramaturgia:&nbsp;Wojciech Klimczykmuzyka:&nbsp;Micha\u0142 Strugarek\u015bwiat\u0142o:&nbsp;Klaudyna Schubert, Marta Wo\u0142owieckuratorka:&nbsp;Katarzyna Besterproducentki:&nbsp;Nika Jankovic, Janneke Van Stroe, Marta Wo\u0142owiecprodukcja:&nbsp;Korzo (NL), Krakowskie Centrum Choreograficzne \u2013 Nowohuckie Centrum Kulturypartner:&nbsp;Instytut Adama Mickiewicza, Gemeente Den HaagProjekt jest wsp\u00f3\u0142organizowany przez culture.pl.Specjalne podzi\u0119kowania: Stacz Wilhelm Jak Inna si\u0119 porusza? Dlaczego tak? Czy ona w og\u00f3le jest w ruchu? A je\u017celi jest, to [&hellip;]\" \/>\n<meta property=\"og:url\" content=\"https:\/\/nck.krakow.pl\/kcc\/tytum\/\" \/>\n<meta property=\"og:site_name\" content=\"Krakowskie Centrum Choreograficzne\" \/>\n<meta property=\"article:modified_time\" content=\"2023-04-25T12:54:11+00:00\" \/>\n<meta property=\"og:image\" content=\"https:\/\/nck.krakow.pl\/kcc\/wp-content\/uploads\/2021\/10\/TYTUM-ZDJECIE-WYROZNIAJACE_fot_klaudyna_schubert-1024x683.jpg\" \/>\n<meta name=\"twitter:card\" content=\"summary_large_image\" \/>\n<meta name=\"twitter:label1\" content=\"Est. reading time\" \/>\n\t<meta name=\"twitter:data1\" content=\"6 minut\" \/>\n<script type=\"application\/ld+json\" class=\"yoast-schema-graph\">{\"@context\":\"https:\/\/schema.org\",\"@graph\":[{\"@type\":\"WebPage\",\"@id\":\"https:\/\/nck.krakow.pl\/kcc\/tytum\/\",\"url\":\"https:\/\/nck.krakow.pl\/kcc\/tytum\/\",\"name\":\"\u201eTYTUM\u201d - Krakowskie Centrum Choreograficzne\",\"isPartOf\":{\"@id\":\"https:\/\/nck.krakow.pl\/kcc\/#website\"},\"datePublished\":\"2021-10-08T08:56:51+00:00\",\"dateModified\":\"2023-04-25T12:54:11+00:00\",\"breadcrumb\":{\"@id\":\"https:\/\/nck.krakow.pl\/kcc\/tytum\/#breadcrumb\"},\"inLanguage\":\"pl-PL\",\"potentialAction\":[{\"@type\":\"ReadAction\",\"target\":[\"https:\/\/nck.krakow.pl\/kcc\/tytum\/\"]}]},{\"@type\":\"BreadcrumbList\",\"@id\":\"https:\/\/nck.krakow.pl\/kcc\/tytum\/#breadcrumb\",\"itemListElement\":[{\"@type\":\"ListItem\",\"position\":1,\"name\":\"Strona g\u0142\u00f3wna\",\"item\":\"https:\/\/nck.krakow.pl\/kcc\/\"},{\"@type\":\"ListItem\",\"position\":2,\"name\":\"\u201eTYTUM\u201d\"}]},{\"@type\":\"WebSite\",\"@id\":\"https:\/\/nck.krakow.pl\/kcc\/#website\",\"url\":\"https:\/\/nck.krakow.pl\/kcc\/\",\"name\":\"Krakowskie Centrum Choreograficzne\",\"description\":\"\",\"publisher\":{\"@id\":\"https:\/\/nck.krakow.pl\/kcc\/#organization\"},\"potentialAction\":[{\"@type\":\"SearchAction\",\"target\":{\"@type\":\"EntryPoint\",\"urlTemplate\":\"https:\/\/nck.krakow.pl\/kcc\/?s={search_term_string}\"},\"query-input\":\"required name=search_term_string\"}],\"inLanguage\":\"pl-PL\"},{\"@type\":\"Organization\",\"@id\":\"https:\/\/nck.krakow.pl\/kcc\/#organization\",\"name\":\"Krakowskie Centrum Choreograficzne\",\"url\":\"https:\/\/nck.krakow.pl\/kcc\/\",\"logo\":{\"@type\":\"ImageObject\",\"inLanguage\":\"pl-PL\",\"@id\":\"https:\/\/nck.krakow.pl\/kcc\/#\/schema\/logo\/image\/\",\"url\":\"https:\/\/nck.krakow.pl\/kcc\/wp-content\/uploads\/2020\/01\/cropped-logo-kcc-2020.png\",\"contentUrl\":\"https:\/\/nck.krakow.pl\/kcc\/wp-content\/uploads\/2020\/01\/cropped-logo-kcc-2020.png\",\"width\":116,\"height\":55,\"caption\":\"Krakowskie Centrum Choreograficzne\"},\"image\":{\"@id\":\"https:\/\/nck.krakow.pl\/kcc\/#\/schema\/logo\/image\/\"}}]}<\/script>\n<!-- \/ Yoast SEO plugin. -->","yoast_head_json":{"title":"\u201eTYTUM\u201d - Krakowskie Centrum Choreograficzne","robots":{"index":"index","follow":"follow","max-snippet":"max-snippet:-1","max-image-preview":"max-image-preview:large","max-video-preview":"max-video-preview:-1"},"canonical":"https:\/\/nck.krakow.pl\/kcc\/tytum\/","og_locale":"pl_PL","og_type":"article","og_title":"\u201eTYTUM\u201d - Krakowskie Centrum Choreograficzne","og_description":"\u201eTYTUM\u201d choreografia, taniec:&nbsp;Poernima Gobardhan, Marta Wo\u0142owiecdramaturgia:&nbsp;Wojciech Klimczykmuzyka:&nbsp;Micha\u0142 Strugarek\u015bwiat\u0142o:&nbsp;Klaudyna Schubert, Marta Wo\u0142owieckuratorka:&nbsp;Katarzyna Besterproducentki:&nbsp;Nika Jankovic, Janneke Van Stroe, Marta Wo\u0142owiecprodukcja:&nbsp;Korzo (NL), Krakowskie Centrum Choreograficzne \u2013 Nowohuckie Centrum Kulturypartner:&nbsp;Instytut Adama Mickiewicza, Gemeente Den HaagProjekt jest wsp\u00f3\u0142organizowany przez culture.pl.Specjalne podzi\u0119kowania: Stacz Wilhelm Jak Inna si\u0119 porusza? Dlaczego tak? Czy ona w og\u00f3le jest w ruchu? A je\u017celi jest, to [&hellip;]","og_url":"https:\/\/nck.krakow.pl\/kcc\/tytum\/","og_site_name":"Krakowskie Centrum Choreograficzne","article_modified_time":"2023-04-25T12:54:11+00:00","og_image":[{"url":"https:\/\/nck.krakow.pl\/kcc\/wp-content\/uploads\/2021\/10\/TYTUM-ZDJECIE-WYROZNIAJACE_fot_klaudyna_schubert-1024x683.jpg"}],"twitter_card":"summary_large_image","twitter_misc":{"Est. reading time":"6 minut"},"schema":{"@context":"https:\/\/schema.org","@graph":[{"@type":"WebPage","@id":"https:\/\/nck.krakow.pl\/kcc\/tytum\/","url":"https:\/\/nck.krakow.pl\/kcc\/tytum\/","name":"\u201eTYTUM\u201d - Krakowskie Centrum Choreograficzne","isPartOf":{"@id":"https:\/\/nck.krakow.pl\/kcc\/#website"},"datePublished":"2021-10-08T08:56:51+00:00","dateModified":"2023-04-25T12:54:11+00:00","breadcrumb":{"@id":"https:\/\/nck.krakow.pl\/kcc\/tytum\/#breadcrumb"},"inLanguage":"pl-PL","potentialAction":[{"@type":"ReadAction","target":["https:\/\/nck.krakow.pl\/kcc\/tytum\/"]}]},{"@type":"BreadcrumbList","@id":"https:\/\/nck.krakow.pl\/kcc\/tytum\/#breadcrumb","itemListElement":[{"@type":"ListItem","position":1,"name":"Strona g\u0142\u00f3wna","item":"https:\/\/nck.krakow.pl\/kcc\/"},{"@type":"ListItem","position":2,"name":"\u201eTYTUM\u201d"}]},{"@type":"WebSite","@id":"https:\/\/nck.krakow.pl\/kcc\/#website","url":"https:\/\/nck.krakow.pl\/kcc\/","name":"Krakowskie Centrum Choreograficzne","description":"","publisher":{"@id":"https:\/\/nck.krakow.pl\/kcc\/#organization"},"potentialAction":[{"@type":"SearchAction","target":{"@type":"EntryPoint","urlTemplate":"https:\/\/nck.krakow.pl\/kcc\/?s={search_term_string}"},"query-input":"required name=search_term_string"}],"inLanguage":"pl-PL"},{"@type":"Organization","@id":"https:\/\/nck.krakow.pl\/kcc\/#organization","name":"Krakowskie Centrum Choreograficzne","url":"https:\/\/nck.krakow.pl\/kcc\/","logo":{"@type":"ImageObject","inLanguage":"pl-PL","@id":"https:\/\/nck.krakow.pl\/kcc\/#\/schema\/logo\/image\/","url":"https:\/\/nck.krakow.pl\/kcc\/wp-content\/uploads\/2020\/01\/cropped-logo-kcc-2020.png","contentUrl":"https:\/\/nck.krakow.pl\/kcc\/wp-content\/uploads\/2020\/01\/cropped-logo-kcc-2020.png","width":116,"height":55,"caption":"Krakowskie Centrum Choreograficzne"},"image":{"@id":"https:\/\/nck.krakow.pl\/kcc\/#\/schema\/logo\/image\/"}}]}},"_links":{"self":[{"href":"https:\/\/nck.krakow.pl\/kcc\/wp-json\/wp\/v2\/pages\/5622"}],"collection":[{"href":"https:\/\/nck.krakow.pl\/kcc\/wp-json\/wp\/v2\/pages"}],"about":[{"href":"https:\/\/nck.krakow.pl\/kcc\/wp-json\/wp\/v2\/types\/page"}],"author":[{"embeddable":true,"href":"https:\/\/nck.krakow.pl\/kcc\/wp-json\/wp\/v2\/users\/5"}],"replies":[{"embeddable":true,"href":"https:\/\/nck.krakow.pl\/kcc\/wp-json\/wp\/v2\/comments?post=5622"}],"version-history":[{"count":12,"href":"https:\/\/nck.krakow.pl\/kcc\/wp-json\/wp\/v2\/pages\/5622\/revisions"}],"predecessor-version":[{"id":6825,"href":"https:\/\/nck.krakow.pl\/kcc\/wp-json\/wp\/v2\/pages\/5622\/revisions\/6825"}],"wp:attachment":[{"href":"https:\/\/nck.krakow.pl\/kcc\/wp-json\/wp\/v2\/media?parent=5622"}],"curies":[{"name":"wp","href":"https:\/\/api.w.org\/{rel}","templated":true}]}}