{"id":5241,"date":"2021-07-21T12:06:51","date_gmt":"2021-07-21T12:06:51","guid":{"rendered":"https:\/\/nck.krakow.pl\/kcc\/?page_id=5241"},"modified":"2021-08-17T10:47:16","modified_gmt":"2021-08-17T10:47:16","slug":"koda-a-tribute","status":"publish","type":"page","link":"https:\/\/nck.krakow.pl\/kcc\/krakowski-festiwal-tanca-2021\/koda-a-tribute\/","title":{"rendered":"\u201eKoda (a tribute)\u201d"},"content":{"rendered":"\n<figure class=\"wp-block-image size-large\"><img loading=\"lazy\" decoding=\"async\" width=\"595\" height=\"595\" src=\"https:\/\/nck.krakow.pl\/kcc\/wp-content\/uploads\/2021\/07\/KODA-TRIBUTE.jpg\" alt=\"\" class=\"wp-image-5243\" srcset=\"https:\/\/nck.krakow.pl\/kcc\/wp-content\/uploads\/2021\/07\/KODA-TRIBUTE.jpg 595w, https:\/\/nck.krakow.pl\/kcc\/wp-content\/uploads\/2021\/07\/KODA-TRIBUTE-300x300.jpg 300w, https:\/\/nck.krakow.pl\/kcc\/wp-content\/uploads\/2021\/07\/KODA-TRIBUTE-150x150.jpg 150w\" sizes=\"(max-width: 595px) 100vw, 595px\" \/><\/figure>\n\n\n\n<p><strong>\u201eKoda (a tribute)\u201d&nbsp;Janusz Orlik, Joanna Le\u015bnierowska<\/strong><\/p>\n\n\n\n<p><strong>15 sierpnia 2021 (niedziela), godz. 20:00<\/strong>, Scena NCK, bilety 20\/30 z\u0142<\/p>\n\n\n\n<div style=\"height:29px\" aria-hidden=\"true\" class=\"wp-block-spacer\"><\/div>\n\n\n\n<p><strong>choreografia<\/strong>: Janusz Orlik \/ Joanna Le\u015bnierowska<br><strong>wykonanie:<\/strong> Janusz Orlik<br><strong>muzyka:<\/strong> Krzysztof Komeda (\u201eSvantetic\u201d, \u201eNightime, Daytime Requiem\u201d, \u201eLitania\u201d)<br><strong>przestrze\u0144 i \u015bwiat\u0142o:<\/strong> Joanna Le\u015bnierowska<br><strong>realizacja techniczna:<\/strong> \u0141ukasz K\u0119dzierski<br><strong>oprawa wizualna:<\/strong> Micha\u0142 \u0141uczak<br><strong>produkcja:<\/strong> Art Stations Foundation<br>sfinansowano ze \u015brodk\u00f3w bud\u017cetowych Miasta Poznania<\/p>\n\n\n\n<div style=\"height:50px\" aria-hidden=\"true\" class=\"wp-block-spacer\"><\/div>\n\n\n\n<figure class=\"wp-block-embed is-type-video is-provider-vimeo wp-block-embed-vimeo wp-embed-aspect-16-9 wp-has-aspect-ratio\"><div class=\"wp-block-embed__wrapper\">\n<iframe loading=\"lazy\" title=\"Orlik\/Le\u015bnierowska - Koda (a tribute) trailer\" src=\"https:\/\/player.vimeo.com\/video\/433614523?dnt=1&amp;app_id=122963\" width=\"768\" height=\"432\" frameborder=\"0\" allow=\"autoplay; fullscreen; picture-in-picture\" allowfullscreen><\/iframe>\n<\/div><\/figure>\n\n\n\n<p>Spektakl \u201eKoda (a tribute)\u201d to kolejna ods\u0142ona artystycznego dialogu mi\u0119dzy Januszem Orlikiem a Joann\u0105 Le\u015bnierowsk\u0105. Powsta\u0142 jako podsumowanie ich pi\u0119tnastoletniej wsp\u00f3\u0142pracy \u2013 zatopiony w muzyce Krzysztofa Komedy, jest zar\u00f3wno ho\u0142dem z\u0142o\u017conym wybitnemu arty\u015bcie i jego muzyce, jak i okazj\u0105 do refleksji nad wielopoziomow\u0105 relacj\u0105 i nieprzerwan\u0105 rozmow\u0105 dwojga pozna\u0144skich artyst\u00f3w.<\/p>\n\n\n\n<blockquote class=\"wp-block-quote is-layout-flow wp-block-quote-is-layout-flow\"><p><em>\u201eTa \u2018rozmowa\u2019 ma wiele nieoczekiwanych brzmie\u0144, zwrot\u00f3w i barw i \u2013 co dla mnie najwa\u017cniejsze \u2013 wci\u0105\u017c jest wyzwaniem. (\u2026) Koda ma znamiona premiery, kt\u00f3ra powinna zosta\u0107 zapisana w historii, nie tylko dlatego, \u017ce formalnie stanowi ukoronowanie pi\u0119tnastoletniej, intensywnej pracy duetu Le\u015bnierowska \u2013 Orlik. Sama okoliczno\u015b\u0107 premiery zawiera w sobie ambiwalencj\u0119 \u2013 (\u2026) nie pozwala zapomnie\u0107 o zbli\u017caj\u0105cym si\u0119 finale pewnej epoki. (\u2026) Struktura Kody rozpi\u0119ta jest wi\u0119c na osi czasu \u2013 jako rodzaj podsumowania w naturalny spos\u00f3b odnosi si\u0119 do przesz\u0142o\u015bci, ale czyni to w celu wypracowania nowego j\u0119zyka, czyli p\u00f3j\u015bcia o krok dalej, w przysz\u0142o\u015b\u0107.\u201d<\/em><br>Anna Kr\u00f3lica, taniecpolska.pl<\/p><\/blockquote>\n\n\n\n<p>Spektakl znalaz\u0142 si\u0119 w ostatnim zestawieniu \u201eNajlepszy, najlepsza, najlepsze\u201d pisma \u201eTeatr\u201d (kategoria&nbsp; \u201eNajlepszy spektakl taneczny w sezonie 2019\/2020\u201d)<\/p>\n\n\n\n<p><strong>Janusz Orlik<\/strong>, tancerz, choreograf, pedagog ta\u0144ca. Po uko\u0144czeniu warszawskiej szko\u0142y baletowej studiowa\u0142 w Brucknerkonservatorium Linz w Austrii. Podczas studi\u00f3w rozpocz\u0105\u0142 prac\u0119 w zespole m\u0142odych tancerzy x.IDA Dance Co. Wyst\u0119powa\u0142 w produkcjach choreograf\u00f3w takich jak Olga Cobos, Peter Mika, Catherine Gu\u00e9rin, Rebekka Murgi, Nicole Caccivio, Charlotte Vincent. Od 2002 r. jest sta\u0142ym cz\u0142onkiem Vincent Dance Theatre. Janusz tworzy r\u00f3wnie\u017c w\u0142asne prace choreograficzne. Jest autorem spektakli <em>\u201eEx\u00e9r\u00e8se monobloc\u201d<\/em> (2004), <em>\u201ea bli\u017aniego swego jak siebie samego\u201d<\/em> (2006), <em>\u201eLive on stage\u201d<\/em> (2008), \u201e<em>\u015awi\u0119to wiosny<\/em>\u201d (2011), \u201e<em>Insight<\/em>\u201d (2013), kt\u00f3ry zosta\u0142 wyr\u00f3\u017cniony Nagrod\u0105 Specjaln\u0105 Ministra Kultury i Dziedzictwa Narodowego dla Janusza Orlika i Joanny Le\u015bnierowskiej za najlepsz\u0105 choreografi\u0119 przyznan\u0105 w ramach Polskiej Platformy Ta\u0144ca 2014, \u201eMute\u201d (2018) oraz \u201eKoda (a tribute)\u201d (2019). W 2007 roku wyst\u0105pi\u0142 w spektaklu towarzystwa gimnastycznego <em>\u201enic\u201d<\/em>. W 2009 roku wzi\u0105\u0142 udzia\u0142 w spektaklu <em>\u201eHappy\u201d<\/em> Nigela Charnocka, b\u0119d\u0105c jednocze\u015bnie asystentem choreografa. Rok p\u00f3\u017aniej do\u0142\u0105czy\u0142 do grupy Ugo Dehaesa, Kwaad Bloed, wyst\u0119puj\u0105c w spektaklu <em>\u201eForces\u201d<\/em>. W 2011 roku do\u0142\u0105czy\u0142 do Nigel Charnock + Company rozpoczynaj\u0105c prac\u0119 nad spektaklem \u201e<em>Ten Men<\/em>\u201d. W 2011 roku wsp\u00f3\u0142pracowa\u0142 przy tworzeniu i wyst\u0105pi\u0142 w <em>\u201eRekonstrukcji\u201d<\/em> Joanny Le\u015bnierowskiej. W 2012 roku wzi\u0105\u0142 udzia\u0142 we wznowieniu \u201e<em>Horsemeat<\/em>\u201d Gary Clarke\u2019a. W 2013 roku rozpocz\u0105\u0142 wsp\u00f3\u0142prac\u0119 z Danielem Landauem. W 2014 roku wyst\u0105pi\u0142 w \u201e<em>\u2026 (Rooms by the sea) z cyklu \u0107wiczenia w patrzeniu<\/em>\u201d autorstwa Joanny Le\u015bnierowskiej, w spektaklu <em>\u201eSkutki niezamierzone\u201d<\/em> autorstwa Sjoerda Vreugdenhila, <em>\u201eBack to bone\u201d<\/em> autorstwa Rosalind Crisp oraz <em>\u201eCollective Jumps\u201d<\/em> autorstwa Isabelle Schad. W roku 2015 wyst\u0105pi\u0142 we fragmencie <em>\u201eShirtology\u201d<\/em> J\u00e9r\u00f4me Bela. W 2016 roku stworzy\u0142 ruch sceniczny do spektaklu <em>\u201eOjczyzna\u201d<\/em> w Teatrze Polskim w Poznaniu. W tym samym roku wsp\u00f3\u0142pracowa\u0142 przy tworzeniu i wyst\u0105pi\u0142 w polsko-brazylijskim projekcie \u201eYanka Rudzka Projekt: Zaczyn\u201d. W roku 2018 wsp\u00f3\u0142pracowa\u0142 przy tworzeniu i wyst\u0105pi\u0142 w polsko-brazylijsko-gruzi\u0144sko-arme\u0144skim projekcie \u201eYanka Rudzka Projekt: Wielog\u0142os\u201d. Jest autorem cyklu warsztat\u00f3w taneczno-ruchowych \u201ePoruszeni\u201d, kt\u00f3re w cyklicznej formie odbywa\u0142y si\u0119 na przestrzeni 2018 roku we wsp\u00f3\u0142pracy z r\u00f3\u017cnymi instytucjami na terenie Polski. Od roku 2019 roku pe\u0142ni funkcj\u0119 opiekuna artystycznego grupy teatralnej \u201eNowi w Nowym\u201d dzia\u0142aj\u0105cej w ramach projektu \u201eTeatr Powszechny\u201d realizowanego przez Centrum Kultury Zamek w Poznaniu. Pozosta\u0142e prace to m.in. <em>\u201eWysokie obcasy\u201d<\/em> dla zespo\u0142u baletowego Opery Krakowskiej, <em>\u201eAlfa\u201d<\/em> dla Sceny Ta\u0144ca Wsp\u00f3\u0142czesnego z Poznania, <em>\u201eAdagio\u201d<\/em> dla Teatru Muzycznego w Poznaniu. Poza prac\u0105 sceniczn\u0105 Janusz prowadzi szereg warsztat\u00f3w choreograficznych w wielu plac\u00f3wkach edukacyjnych i o\u015brodkach kultury w kraju i za granic\u0105. Stypendysta Ministerstwa Kultury i Dziedzictwa Narodowego w roku 2011 i 2018.<br>www.januszorlik.com<\/p>\n\n\n\n<p><strong>Joanna Le\u015bnierowska<\/strong> jest kuratork\u0105 choreografii, dramaturgiem wizualnym i tw\u00f3rc\u0105 spektakli.<br>Od 2003 roku, r\u00f3wnolegle do swej pracy kuratorskiej dla Art Stations Foundation, rozwija niezale\u017cn\u0105 praktyk\u0119 jako choreograf i dramaturg oraz re\u017cyser \u015bwiat\u0142a zar\u00f3wno w projektach w\u0142asnych, jak i innych artyst\u00f3w. Absolwentka teatrologii Uniwersytetu Jagiello\u0144skiego, by\u0142a jedn\u0105 z pierwszych os\u00f3b profesjonalnie pisz\u0105cych o wsp\u00f3\u0142czesnym ta\u0144cu i choreografii. Publikowa\u0142a w czo\u0142owych polskich czasopismach teatralnych (\u201eDidaskalia\u201d, \u201eTeatr\u201d), a tak\u017ce poza Polsk\u0105. Wyk\u0142ada\u0142a tak\u017ce go\u015bcinnie w uniwersytetach w Poznaniu i Krakowie. W latach 2004-2020, w ramach fundacji Art Stations, stworzy\u0142a i prowadzi\u0142a pierwszy w Polsce program rozwoju choreografii Stary Browar Nowy Taniec. W jego ramach prezentowa\u0142a najciekawsze zjawiska wsp\u00f3\u0142czesnej choreografii jednocze\u015bnie nieprzerwanie wspieraj\u0105c rozw\u00f3j polskich artyst\u00f3w ta\u0144ca.<br>W latach 2003-2009 Joanna wsp\u00f3\u0142tworzy\u0142a Towarzystwo Gimnastyczne (kolektyw i stowarzyszenie), w ramach kt\u00f3rego powsta\u0142y 3 spektakle : \u201eWhatever you wish\u201d (2003), \u201eObcoj\u0119zyczno\u015b\u0107\u201d (2005) i \u201enic\u201d (2007). Jako dramaturg, re\u017cyser \u015bwiat\u0142a i\/lub performer wsp\u00f3\u0142pracowa\u0142a m.in. z Arkadim Zaidesem, Li\u0105 Haraki, Mart\u0105 Ladj\u00e1nszki, Jurijem Konjarem, Renat\u0105 Piotrowsk\u0105-Auffret i Mari\u0105 Stok\u0142os\u0105. W 2011 roku stworzy\u0142a sw\u00f3j pierwszy w pe\u0142ni autorski spektakl (\u201erekonstrukcja\u201d). Premiera trio \u201e&#8230; (rooms by the sea)\u201d w 2014 roku zapocz\u0105tkowa\u0142a d\u0142ugofalow\u0105 praktyk\u0119 pracy z obrazami (\u201e\u0106wiczenia w patrzeniu\u201d). W 2015\/2016 Joanna zainicjowa\u0142a i poprowadzi\u0142a Projekt Yanka Rudzka, kt\u00f3ry po\u0142\u0105czy\u0142 tancerzy polskich i brazylijskich w tw\u00f3rczym dialogu inspirowanym niestylizowanymi ta\u0144cami tradycyjnymi obu kraj\u00f3w (spektakl \u201eZaczyn\u201d). W 2018 roku odby\u0142a si\u0119 druga edycja projektu rozszerzona o artyst\u00f3w z Gruzji i Armenii (spektakl \u201eWielog\u0142os\u201d). Od 15 lat Joanna wsp\u00f3\u0142pracuje tak\u017ce regularnie na wielu poziomach z choreografem Januszem Orlikiem. Ich wsp\u00f3lne prace choreograficzne obejmuj\u0105 m.in. spektakle w ramach Projektu Yanka Rudzka oraz sola \u201eInsight\u201d (nagroda za najlepsz\u0105 choreografi\u0119 Polskiej Platformy Ta\u0144ca 2014) oraz \u201eKoda (a tribute)\u201d (2019).<\/p>\n\n\n\n<figure class=\"wp-block-gallery columns-3 is-cropped wp-block-gallery-1 is-layout-flex wp-block-gallery-is-layout-flex\"><ul class=\"blocks-gallery-grid\"><li class=\"blocks-gallery-item\"><figure><a href=\"https:\/\/nck.krakow.pl\/kcc\/wp-content\/uploads\/2021\/07\/koda-01.png\"><img loading=\"lazy\" decoding=\"async\" width=\"1024\" height=\"683\" src=\"https:\/\/nck.krakow.pl\/kcc\/wp-content\/uploads\/2021\/07\/koda-01-1024x683.png\" alt=\"\" data-id=\"5376\" data-full-url=\"https:\/\/nck.krakow.pl\/kcc\/wp-content\/uploads\/2021\/07\/koda-01.png\" data-link=\"https:\/\/nck.krakow.pl\/kcc\/krakowski-festiwal-tanca\/koda-a-tribute\/koda-01\/\" class=\"wp-image-5376\" srcset=\"https:\/\/nck.krakow.pl\/kcc\/wp-content\/uploads\/2021\/07\/koda-01-1024x683.png 1024w, https:\/\/nck.krakow.pl\/kcc\/wp-content\/uploads\/2021\/07\/koda-01-300x200.png 300w, https:\/\/nck.krakow.pl\/kcc\/wp-content\/uploads\/2021\/07\/koda-01-768x512.png 768w, https:\/\/nck.krakow.pl\/kcc\/wp-content\/uploads\/2021\/07\/koda-01.png 1387w\" sizes=\"(max-width: 1024px) 100vw, 1024px\" \/><\/a><\/figure><\/li><li class=\"blocks-gallery-item\"><figure><a href=\"https:\/\/nck.krakow.pl\/kcc\/wp-content\/uploads\/2021\/07\/koda-02.png\"><img loading=\"lazy\" decoding=\"async\" width=\"1024\" height=\"679\" src=\"https:\/\/nck.krakow.pl\/kcc\/wp-content\/uploads\/2021\/07\/koda-02-1024x679.png\" alt=\"\" data-id=\"5377\" data-full-url=\"https:\/\/nck.krakow.pl\/kcc\/wp-content\/uploads\/2021\/07\/koda-02.png\" data-link=\"https:\/\/nck.krakow.pl\/kcc\/krakowski-festiwal-tanca\/koda-a-tribute\/koda-02\/\" class=\"wp-image-5377\" srcset=\"https:\/\/nck.krakow.pl\/kcc\/wp-content\/uploads\/2021\/07\/koda-02-1024x679.png 1024w, https:\/\/nck.krakow.pl\/kcc\/wp-content\/uploads\/2021\/07\/koda-02-300x199.png 300w, https:\/\/nck.krakow.pl\/kcc\/wp-content\/uploads\/2021\/07\/koda-02-768x509.png 768w, https:\/\/nck.krakow.pl\/kcc\/wp-content\/uploads\/2021\/07\/koda-02.png 1389w\" sizes=\"(max-width: 1024px) 100vw, 1024px\" \/><\/a><\/figure><\/li><li class=\"blocks-gallery-item\"><figure><a href=\"https:\/\/nck.krakow.pl\/kcc\/wp-content\/uploads\/2021\/07\/koda-03.png\"><img loading=\"lazy\" decoding=\"async\" width=\"1024\" height=\"681\" src=\"https:\/\/nck.krakow.pl\/kcc\/wp-content\/uploads\/2021\/07\/koda-03-1024x681.png\" alt=\"\" data-id=\"5378\" data-full-url=\"https:\/\/nck.krakow.pl\/kcc\/wp-content\/uploads\/2021\/07\/koda-03.png\" data-link=\"https:\/\/nck.krakow.pl\/kcc\/krakowski-festiwal-tanca\/koda-a-tribute\/koda-03\/\" class=\"wp-image-5378\" srcset=\"https:\/\/nck.krakow.pl\/kcc\/wp-content\/uploads\/2021\/07\/koda-03-1024x681.png 1024w, https:\/\/nck.krakow.pl\/kcc\/wp-content\/uploads\/2021\/07\/koda-03-300x200.png 300w, https:\/\/nck.krakow.pl\/kcc\/wp-content\/uploads\/2021\/07\/koda-03-768x511.png 768w, https:\/\/nck.krakow.pl\/kcc\/wp-content\/uploads\/2021\/07\/koda-03.png 1386w\" sizes=\"(max-width: 1024px) 100vw, 1024px\" \/><\/a><\/figure><\/li><\/ul><\/figure>\n\n\n\n<div style=\"height:50px\" aria-hidden=\"true\" class=\"wp-block-spacer\"><\/div>\n\n\n\n<figure class=\"wp-block-image size-large is-resized\"><img loading=\"lazy\" decoding=\"async\" src=\"https:\/\/nck.krakow.pl\/kcc\/wp-content\/uploads\/2021\/07\/KODA-1-art-stations-foundation.png\" alt=\"\" class=\"wp-image-5336\" width=\"281\" height=\"174\" srcset=\"https:\/\/nck.krakow.pl\/kcc\/wp-content\/uploads\/2021\/07\/KODA-1-art-stations-foundation.png 500w, https:\/\/nck.krakow.pl\/kcc\/wp-content\/uploads\/2021\/07\/KODA-1-art-stations-foundation-300x186.png 300w\" sizes=\"(max-width: 281px) 100vw, 281px\" \/><\/figure>\n\n\n\n<figure class=\"wp-block-image size-large is-resized\"><img loading=\"lazy\" decoding=\"async\" src=\"https:\/\/nck.krakow.pl\/kcc\/wp-content\/uploads\/2021\/07\/KODA-2-poznan.png\" alt=\"\" class=\"wp-image-5337\" width=\"255\" height=\"109\" srcset=\"https:\/\/nck.krakow.pl\/kcc\/wp-content\/uploads\/2021\/07\/KODA-2-poznan.png 500w, https:\/\/nck.krakow.pl\/kcc\/wp-content\/uploads\/2021\/07\/KODA-2-poznan-300x128.png 300w\" sizes=\"(max-width: 255px) 100vw, 255px\" \/><\/figure>\n","protected":false},"excerpt":{"rendered":"<p>\u201eKoda (a tribute)\u201d&nbsp;Janusz Orlik, Joanna Le\u015bnierowska 15 sierpnia 2021 (niedziela), godz. 20:00, Scena NCK, bilety 20\/30 z\u0142 choreografia: Janusz Orlik \/ Joanna Le\u015bnierowskawykonanie: Janusz Orlikmuzyka: Krzysztof Komeda (\u201eSvantetic\u201d, \u201eNightime, Daytime Requiem\u201d, \u201eLitania\u201d)przestrze\u0144 i \u015bwiat\u0142o: Joanna Le\u015bnierowskarealizacja techniczna: \u0141ukasz K\u0119dzierskioprawa wizualna: Micha\u0142 \u0141uczakprodukcja: Art Stations Foundationsfinansowano ze \u015brodk\u00f3w bud\u017cetowych Miasta Poznania Spektakl \u201eKoda (a tribute)\u201d to [&hellip;]<\/p>\n","protected":false},"author":5,"featured_media":0,"parent":3723,"menu_order":0,"comment_status":"closed","ping_status":"closed","template":"","meta":{"footnotes":""},"class_list":["post-5241","page","type-page","status-publish","hentry"],"yoast_head":"<!-- This site is optimized with the Yoast SEO plugin v19.12 - https:\/\/yoast.com\/wordpress\/plugins\/seo\/ -->\n<title>\u201eKoda (a tribute)\u201d - Krakowskie Centrum Choreograficzne<\/title>\n<meta name=\"robots\" content=\"index, follow, max-snippet:-1, max-image-preview:large, max-video-preview:-1\" \/>\n<link rel=\"canonical\" href=\"https:\/\/nck.krakow.pl\/kcc\/krakowski-festiwal-tanca-2021\/koda-a-tribute\/\" \/>\n<meta property=\"og:locale\" content=\"pl_PL\" \/>\n<meta property=\"og:type\" content=\"article\" \/>\n<meta property=\"og:title\" content=\"\u201eKoda (a tribute)\u201d - Krakowskie Centrum Choreograficzne\" \/>\n<meta property=\"og:description\" content=\"\u201eKoda (a tribute)\u201d&nbsp;Janusz Orlik, Joanna Le\u015bnierowska 15 sierpnia 2021 (niedziela), godz. 20:00, Scena NCK, bilety 20\/30 z\u0142 choreografia: Janusz Orlik \/ Joanna Le\u015bnierowskawykonanie: Janusz Orlikmuzyka: Krzysztof Komeda (\u201eSvantetic\u201d, \u201eNightime, Daytime Requiem\u201d, \u201eLitania\u201d)przestrze\u0144 i \u015bwiat\u0142o: Joanna Le\u015bnierowskarealizacja techniczna: \u0141ukasz K\u0119dzierskioprawa wizualna: Micha\u0142 \u0141uczakprodukcja: Art Stations Foundationsfinansowano ze \u015brodk\u00f3w bud\u017cetowych Miasta Poznania Spektakl \u201eKoda (a tribute)\u201d to [&hellip;]\" \/>\n<meta property=\"og:url\" content=\"https:\/\/nck.krakow.pl\/kcc\/krakowski-festiwal-tanca-2021\/koda-a-tribute\/\" \/>\n<meta property=\"og:site_name\" content=\"Krakowskie Centrum Choreograficzne\" \/>\n<meta property=\"article:modified_time\" content=\"2021-08-17T10:47:16+00:00\" \/>\n<meta property=\"og:image\" content=\"https:\/\/nck.krakow.pl\/kcc\/wp-content\/uploads\/2021\/07\/KODA-TRIBUTE.jpg\" \/>\n<meta name=\"twitter:card\" content=\"summary_large_image\" \/>\n<meta name=\"twitter:label1\" content=\"Est. reading time\" \/>\n\t<meta name=\"twitter:data1\" content=\"5 minut\" \/>\n<script type=\"application\/ld+json\" class=\"yoast-schema-graph\">{\"@context\":\"https:\/\/schema.org\",\"@graph\":[{\"@type\":\"WebPage\",\"@id\":\"https:\/\/nck.krakow.pl\/kcc\/krakowski-festiwal-tanca-2021\/koda-a-tribute\/\",\"url\":\"https:\/\/nck.krakow.pl\/kcc\/krakowski-festiwal-tanca-2021\/koda-a-tribute\/\",\"name\":\"\u201eKoda (a tribute)\u201d - Krakowskie Centrum Choreograficzne\",\"isPartOf\":{\"@id\":\"https:\/\/nck.krakow.pl\/kcc\/#website\"},\"datePublished\":\"2021-07-21T12:06:51+00:00\",\"dateModified\":\"2021-08-17T10:47:16+00:00\",\"breadcrumb\":{\"@id\":\"https:\/\/nck.krakow.pl\/kcc\/krakowski-festiwal-tanca-2021\/koda-a-tribute\/#breadcrumb\"},\"inLanguage\":\"pl-PL\",\"potentialAction\":[{\"@type\":\"ReadAction\",\"target\":[\"https:\/\/nck.krakow.pl\/kcc\/krakowski-festiwal-tanca-2021\/koda-a-tribute\/\"]}]},{\"@type\":\"BreadcrumbList\",\"@id\":\"https:\/\/nck.krakow.pl\/kcc\/krakowski-festiwal-tanca-2021\/koda-a-tribute\/#breadcrumb\",\"itemListElement\":[{\"@type\":\"ListItem\",\"position\":1,\"name\":\"Strona g\u0142\u00f3wna\",\"item\":\"https:\/\/nck.krakow.pl\/kcc\/\"},{\"@type\":\"ListItem\",\"position\":2,\"name\":\"Krakowski Festiwal Ta\u0144ca 2021\",\"item\":\"https:\/\/nck.krakow.pl\/kcc\/krakowski-festiwal-tanca-2021\/\"},{\"@type\":\"ListItem\",\"position\":3,\"name\":\"\u201eKoda (a tribute)\u201d\"}]},{\"@type\":\"WebSite\",\"@id\":\"https:\/\/nck.krakow.pl\/kcc\/#website\",\"url\":\"https:\/\/nck.krakow.pl\/kcc\/\",\"name\":\"Krakowskie Centrum Choreograficzne\",\"description\":\"\",\"publisher\":{\"@id\":\"https:\/\/nck.krakow.pl\/kcc\/#organization\"},\"potentialAction\":[{\"@type\":\"SearchAction\",\"target\":{\"@type\":\"EntryPoint\",\"urlTemplate\":\"https:\/\/nck.krakow.pl\/kcc\/?s={search_term_string}\"},\"query-input\":\"required name=search_term_string\"}],\"inLanguage\":\"pl-PL\"},{\"@type\":\"Organization\",\"@id\":\"https:\/\/nck.krakow.pl\/kcc\/#organization\",\"name\":\"Krakowskie Centrum Choreograficzne\",\"url\":\"https:\/\/nck.krakow.pl\/kcc\/\",\"logo\":{\"@type\":\"ImageObject\",\"inLanguage\":\"pl-PL\",\"@id\":\"https:\/\/nck.krakow.pl\/kcc\/#\/schema\/logo\/image\/\",\"url\":\"https:\/\/nck.krakow.pl\/kcc\/wp-content\/uploads\/2020\/01\/cropped-logo-kcc-2020.png\",\"contentUrl\":\"https:\/\/nck.krakow.pl\/kcc\/wp-content\/uploads\/2020\/01\/cropped-logo-kcc-2020.png\",\"width\":116,\"height\":55,\"caption\":\"Krakowskie Centrum Choreograficzne\"},\"image\":{\"@id\":\"https:\/\/nck.krakow.pl\/kcc\/#\/schema\/logo\/image\/\"}}]}<\/script>\n<!-- \/ Yoast SEO plugin. -->","yoast_head_json":{"title":"\u201eKoda (a tribute)\u201d - Krakowskie Centrum Choreograficzne","robots":{"index":"index","follow":"follow","max-snippet":"max-snippet:-1","max-image-preview":"max-image-preview:large","max-video-preview":"max-video-preview:-1"},"canonical":"https:\/\/nck.krakow.pl\/kcc\/krakowski-festiwal-tanca-2021\/koda-a-tribute\/","og_locale":"pl_PL","og_type":"article","og_title":"\u201eKoda (a tribute)\u201d - Krakowskie Centrum Choreograficzne","og_description":"\u201eKoda (a tribute)\u201d&nbsp;Janusz Orlik, Joanna Le\u015bnierowska 15 sierpnia 2021 (niedziela), godz. 20:00, Scena NCK, bilety 20\/30 z\u0142 choreografia: Janusz Orlik \/ Joanna Le\u015bnierowskawykonanie: Janusz Orlikmuzyka: Krzysztof Komeda (\u201eSvantetic\u201d, \u201eNightime, Daytime Requiem\u201d, \u201eLitania\u201d)przestrze\u0144 i \u015bwiat\u0142o: Joanna Le\u015bnierowskarealizacja techniczna: \u0141ukasz K\u0119dzierskioprawa wizualna: Micha\u0142 \u0141uczakprodukcja: Art Stations Foundationsfinansowano ze \u015brodk\u00f3w bud\u017cetowych Miasta Poznania Spektakl \u201eKoda (a tribute)\u201d to [&hellip;]","og_url":"https:\/\/nck.krakow.pl\/kcc\/krakowski-festiwal-tanca-2021\/koda-a-tribute\/","og_site_name":"Krakowskie Centrum Choreograficzne","article_modified_time":"2021-08-17T10:47:16+00:00","og_image":[{"url":"https:\/\/nck.krakow.pl\/kcc\/wp-content\/uploads\/2021\/07\/KODA-TRIBUTE.jpg"}],"twitter_card":"summary_large_image","twitter_misc":{"Est. reading time":"5 minut"},"schema":{"@context":"https:\/\/schema.org","@graph":[{"@type":"WebPage","@id":"https:\/\/nck.krakow.pl\/kcc\/krakowski-festiwal-tanca-2021\/koda-a-tribute\/","url":"https:\/\/nck.krakow.pl\/kcc\/krakowski-festiwal-tanca-2021\/koda-a-tribute\/","name":"\u201eKoda (a tribute)\u201d - Krakowskie Centrum Choreograficzne","isPartOf":{"@id":"https:\/\/nck.krakow.pl\/kcc\/#website"},"datePublished":"2021-07-21T12:06:51+00:00","dateModified":"2021-08-17T10:47:16+00:00","breadcrumb":{"@id":"https:\/\/nck.krakow.pl\/kcc\/krakowski-festiwal-tanca-2021\/koda-a-tribute\/#breadcrumb"},"inLanguage":"pl-PL","potentialAction":[{"@type":"ReadAction","target":["https:\/\/nck.krakow.pl\/kcc\/krakowski-festiwal-tanca-2021\/koda-a-tribute\/"]}]},{"@type":"BreadcrumbList","@id":"https:\/\/nck.krakow.pl\/kcc\/krakowski-festiwal-tanca-2021\/koda-a-tribute\/#breadcrumb","itemListElement":[{"@type":"ListItem","position":1,"name":"Strona g\u0142\u00f3wna","item":"https:\/\/nck.krakow.pl\/kcc\/"},{"@type":"ListItem","position":2,"name":"Krakowski Festiwal Ta\u0144ca 2021","item":"https:\/\/nck.krakow.pl\/kcc\/krakowski-festiwal-tanca-2021\/"},{"@type":"ListItem","position":3,"name":"\u201eKoda (a tribute)\u201d"}]},{"@type":"WebSite","@id":"https:\/\/nck.krakow.pl\/kcc\/#website","url":"https:\/\/nck.krakow.pl\/kcc\/","name":"Krakowskie Centrum Choreograficzne","description":"","publisher":{"@id":"https:\/\/nck.krakow.pl\/kcc\/#organization"},"potentialAction":[{"@type":"SearchAction","target":{"@type":"EntryPoint","urlTemplate":"https:\/\/nck.krakow.pl\/kcc\/?s={search_term_string}"},"query-input":"required name=search_term_string"}],"inLanguage":"pl-PL"},{"@type":"Organization","@id":"https:\/\/nck.krakow.pl\/kcc\/#organization","name":"Krakowskie Centrum Choreograficzne","url":"https:\/\/nck.krakow.pl\/kcc\/","logo":{"@type":"ImageObject","inLanguage":"pl-PL","@id":"https:\/\/nck.krakow.pl\/kcc\/#\/schema\/logo\/image\/","url":"https:\/\/nck.krakow.pl\/kcc\/wp-content\/uploads\/2020\/01\/cropped-logo-kcc-2020.png","contentUrl":"https:\/\/nck.krakow.pl\/kcc\/wp-content\/uploads\/2020\/01\/cropped-logo-kcc-2020.png","width":116,"height":55,"caption":"Krakowskie Centrum Choreograficzne"},"image":{"@id":"https:\/\/nck.krakow.pl\/kcc\/#\/schema\/logo\/image\/"}}]}},"_links":{"self":[{"href":"https:\/\/nck.krakow.pl\/kcc\/wp-json\/wp\/v2\/pages\/5241"}],"collection":[{"href":"https:\/\/nck.krakow.pl\/kcc\/wp-json\/wp\/v2\/pages"}],"about":[{"href":"https:\/\/nck.krakow.pl\/kcc\/wp-json\/wp\/v2\/types\/page"}],"author":[{"embeddable":true,"href":"https:\/\/nck.krakow.pl\/kcc\/wp-json\/wp\/v2\/users\/5"}],"replies":[{"embeddable":true,"href":"https:\/\/nck.krakow.pl\/kcc\/wp-json\/wp\/v2\/comments?post=5241"}],"version-history":[{"count":7,"href":"https:\/\/nck.krakow.pl\/kcc\/wp-json\/wp\/v2\/pages\/5241\/revisions"}],"predecessor-version":[{"id":5519,"href":"https:\/\/nck.krakow.pl\/kcc\/wp-json\/wp\/v2\/pages\/5241\/revisions\/5519"}],"up":[{"embeddable":true,"href":"https:\/\/nck.krakow.pl\/kcc\/wp-json\/wp\/v2\/pages\/3723"}],"wp:attachment":[{"href":"https:\/\/nck.krakow.pl\/kcc\/wp-json\/wp\/v2\/media?parent=5241"}],"curies":[{"name":"wp","href":"https:\/\/api.w.org\/{rel}","templated":true}]}}