{"id":5238,"date":"2021-07-21T12:02:22","date_gmt":"2021-07-21T12:02:22","guid":{"rendered":"https:\/\/nck.krakow.pl\/kcc\/?page_id=5238"},"modified":"2022-05-25T12:59:06","modified_gmt":"2022-05-25T12:59:06","slug":"10-edycja-konkursu-choreograficznego-321taniec","status":"publish","type":"page","link":"https:\/\/nck.krakow.pl\/kcc\/krakowski-festiwal-tanca-2021\/10-edycja-konkursu-choreograficznego-321taniec\/","title":{"rendered":"10. edycja konkursu choreograficznego 3\u20262\u20261\u2026TANIEC!"},"content":{"rendered":"\n<figure class=\"wp-block-image size-large\"><img loading=\"lazy\" decoding=\"async\" width=\"595\" height=\"595\" src=\"https:\/\/nck.krakow.pl\/kcc\/wp-content\/uploads\/2021\/07\/konkurs-choreograficzny.jpg\" alt=\"\" class=\"wp-image-5239\" srcset=\"https:\/\/nck.krakow.pl\/kcc\/wp-content\/uploads\/2021\/07\/konkurs-choreograficzny.jpg 595w, https:\/\/nck.krakow.pl\/kcc\/wp-content\/uploads\/2021\/07\/konkurs-choreograficzny-300x300.jpg 300w, https:\/\/nck.krakow.pl\/kcc\/wp-content\/uploads\/2021\/07\/konkurs-choreograficzny-150x150.jpg 150w\" sizes=\"(max-width: 595px) 100vw, 595px\" \/><\/figure>\n\n\n\n<p><strong>10. edycja<\/strong>&nbsp;<strong>konkursu choreograficznego 3\u20262\u20261\u2026TANIEC!<\/strong>&nbsp;<strong><\/strong><\/p>\n\n\n\n<p><strong>14 sierpnia 2021 (sobota), godz. 16:00<\/strong>, Scena NCK, bilety 15\/25 z\u0142 \/ Po konkursie odb\u0119dzie si\u0119 rozmowa o prezentowanych pracach choreograficznych.<\/p>\n\n\n\n<div style=\"height:30px\" aria-hidden=\"true\" class=\"wp-block-spacer\"><\/div>\n\n\n\n<p>Konkurs choreograficzny 3\u20262\u20261\u2026TANIEC! to wyj\u0105tkowe wydarzenie, podczas kt\u00f3rego prezentowane s\u0105 kr\u00f3tkie formy solowe, duety i tria oparte na szeroko rozumianej technice ta\u0144ca wsp\u00f3\u0142czesnego. Wyr\u00f3\u017cnikiem konkursu jest system przyznawania nagr\u00f3d \u2013 ka\u017cdy juror bez konsultacji z pozosta\u0142ymi cz\u0142onkami jury przyznaje dwie indywidualne nagrody dla dw\u00f3ch prezentacji. Impreza jest otwarta dla publiczno\u015bci, kt\u00f3ra r\u00f3wnie\u017c przyznaje swoj\u0105 nagrod\u0119 (kolektywnie, w drodze g\u0142osowania).<\/p>\n\n\n\n<p>Mimo i\u017c 3\u20262\u20261\u2026TANIEC! ma charakter konkursowy, podstawowym za\u0142o\u017ceniem wydarzenia jest dialog. Przede wszystkim w postaci rozmowy pokonkursowej, kiedy jurorzy omawiaj\u0105 z uczestnikami i publiczno\u015bci\u0105 zaprezentowane prace oraz dyskutuj\u0105 o choreografii w og\u00f3le. Konkurs w KCC jest bli\u017cej formy przegl\u0105du ni\u017c konfrontacji. Umo\u017cliwiamy kontakt artyst\u00f3w z profesjonalnym jury oraz rozpoczynamy otwart\u0105 rozmow\u0119, dzi\u0119ki czemu inspirujemy si\u0119 wzajemnie sposobami patrzenia na taniec i konstruowania go.<\/p>\n\n\n\n<p>W tym roku \u015bwi\u0119tujemy jubileuszow\u0105 10. edycj\u0119 konkursu. Jurorami 3&#8230;2&#8230;1&#8230;TANIEC! 2021 s\u0105 Wojciech Klimczyk, Iwona Olszowska i Weronika Pelczy\u0144ska. Podczas konkursu obejrzymy nast\u0119puj\u0105ce prace:<br>1.&nbsp; &nbsp; &nbsp; \u201eThis thing inside me is a rickety bridge of impossible crossing\u201d chor. Micha\u0142 Przyby\u0142a&nbsp;<br>2.&nbsp; &nbsp; &nbsp; \u201eWhale Song\u201d chor. Pawe\u0142 Urbanowicz, Anna Turczy\u0144ska<br>3.&nbsp; &nbsp; &nbsp; \u201eSOLO TEN\u201d chor. Marcin Motyl<br>4.&nbsp; &nbsp; &nbsp; \u201e102 i p\u00f3\u0142\u201d chor. Magdalena Kowala, Joanna Wo\u017ana&nbsp;<br>5.&nbsp; &nbsp; &nbsp; \u201eexit\u201d chor. Marcin Mi\u0119tus<br>6.&nbsp; &nbsp; &nbsp; \u201eFiga\u201d chor. Iga W\u0142odarczyk<br>7.&nbsp; &nbsp; &nbsp; \u201eMassa\u201d chor. Avery Gerhardt<br>8.&nbsp; &nbsp; &nbsp; \u201e\u015aciany z Tektury\u201d chor. Adrianna Kazimierz<br>9.&nbsp; &nbsp; &nbsp; \u201eillusions of shameless abundance\u201d chor. Katarzyna Leszek<br>10. &nbsp; \u201eResilience\u201d chor. Artur Grabarczyk<br>11. &nbsp; \u201ehoryzont zdarze\u0144\u201d chor. Maciej Ku\u017ami\u0144ski<br>12. &nbsp; \u201eTry not to\u201d chor. Magdalena Skowron<\/p>\n\n\n\n<figure class=\"wp-block-embed is-type-video is-provider-vimeo wp-block-embed-vimeo wp-embed-aspect-16-9 wp-has-aspect-ratio\"><div class=\"wp-block-embed__wrapper\">\n<iframe loading=\"lazy\" title=\"3...2...1...TANIEC! 2019 \/ 3...2...1...DANCE! 2019\" src=\"https:\/\/player.vimeo.com\/video\/336783576?dnt=1&amp;app_id=122963\" width=\"768\" height=\"432\" frameborder=\"0\" allow=\"autoplay; fullscreen; picture-in-picture\" allowfullscreen><\/iframe>\n<\/div><\/figure>\n","protected":false},"excerpt":{"rendered":"<p>10. edycja&nbsp;konkursu choreograficznego 3\u20262\u20261\u2026TANIEC!&nbsp; 14 sierpnia 2021 (sobota), godz. 16:00, Scena NCK, bilety 15\/25 z\u0142 \/ Po konkursie odb\u0119dzie si\u0119 rozmowa o prezentowanych pracach choreograficznych. Konkurs choreograficzny 3\u20262\u20261\u2026TANIEC! to wyj\u0105tkowe wydarzenie, podczas kt\u00f3rego prezentowane s\u0105 kr\u00f3tkie formy solowe, duety i tria oparte na szeroko rozumianej technice ta\u0144ca wsp\u00f3\u0142czesnego. Wyr\u00f3\u017cnikiem konkursu jest system przyznawania nagr\u00f3d \u2013 [&hellip;]<\/p>\n","protected":false},"author":5,"featured_media":0,"parent":3723,"menu_order":0,"comment_status":"closed","ping_status":"closed","template":"","meta":{"footnotes":""},"class_list":["post-5238","page","type-page","status-publish","hentry"],"yoast_head":"<!-- This site is optimized with the Yoast SEO plugin v19.12 - https:\/\/yoast.com\/wordpress\/plugins\/seo\/ -->\n<title>10. edycja konkursu choreograficznego 3\u20262\u20261\u2026TANIEC! - Krakowskie Centrum Choreograficzne<\/title>\n<meta name=\"robots\" content=\"index, follow, max-snippet:-1, max-image-preview:large, max-video-preview:-1\" \/>\n<link rel=\"canonical\" href=\"https:\/\/nck.krakow.pl\/kcc\/krakowski-festiwal-tanca-2021\/10-edycja-konkursu-choreograficznego-321taniec\/\" \/>\n<meta property=\"og:locale\" content=\"pl_PL\" \/>\n<meta property=\"og:type\" content=\"article\" \/>\n<meta property=\"og:title\" content=\"10. edycja konkursu choreograficznego 3\u20262\u20261\u2026TANIEC! - Krakowskie Centrum Choreograficzne\" \/>\n<meta property=\"og:description\" content=\"10. edycja&nbsp;konkursu choreograficznego 3\u20262\u20261\u2026TANIEC!&nbsp; 14 sierpnia 2021 (sobota), godz. 16:00, Scena NCK, bilety 15\/25 z\u0142 \/ Po konkursie odb\u0119dzie si\u0119 rozmowa o prezentowanych pracach choreograficznych. Konkurs choreograficzny 3\u20262\u20261\u2026TANIEC! to wyj\u0105tkowe wydarzenie, podczas kt\u00f3rego prezentowane s\u0105 kr\u00f3tkie formy solowe, duety i tria oparte na szeroko rozumianej technice ta\u0144ca wsp\u00f3\u0142czesnego. Wyr\u00f3\u017cnikiem konkursu jest system przyznawania nagr\u00f3d \u2013 [&hellip;]\" \/>\n<meta property=\"og:url\" content=\"https:\/\/nck.krakow.pl\/kcc\/krakowski-festiwal-tanca-2021\/10-edycja-konkursu-choreograficznego-321taniec\/\" \/>\n<meta property=\"og:site_name\" content=\"Krakowskie Centrum Choreograficzne\" \/>\n<meta property=\"article:modified_time\" content=\"2022-05-25T12:59:06+00:00\" \/>\n<meta property=\"og:image\" content=\"https:\/\/nck.krakow.pl\/kcc\/wp-content\/uploads\/2021\/07\/konkurs-choreograficzny.jpg\" \/>\n<meta name=\"twitter:card\" content=\"summary_large_image\" \/>\n<meta name=\"twitter:label1\" content=\"Est. reading time\" \/>\n\t<meta name=\"twitter:data1\" content=\"2 minuty\" \/>\n<script type=\"application\/ld+json\" class=\"yoast-schema-graph\">{\"@context\":\"https:\/\/schema.org\",\"@graph\":[{\"@type\":\"WebPage\",\"@id\":\"https:\/\/nck.krakow.pl\/kcc\/krakowski-festiwal-tanca-2021\/10-edycja-konkursu-choreograficznego-321taniec\/\",\"url\":\"https:\/\/nck.krakow.pl\/kcc\/krakowski-festiwal-tanca-2021\/10-edycja-konkursu-choreograficznego-321taniec\/\",\"name\":\"10. edycja konkursu choreograficznego 3\u20262\u20261\u2026TANIEC! - Krakowskie Centrum Choreograficzne\",\"isPartOf\":{\"@id\":\"https:\/\/nck.krakow.pl\/kcc\/#website\"},\"datePublished\":\"2021-07-21T12:02:22+00:00\",\"dateModified\":\"2022-05-25T12:59:06+00:00\",\"breadcrumb\":{\"@id\":\"https:\/\/nck.krakow.pl\/kcc\/krakowski-festiwal-tanca-2021\/10-edycja-konkursu-choreograficznego-321taniec\/#breadcrumb\"},\"inLanguage\":\"pl-PL\",\"potentialAction\":[{\"@type\":\"ReadAction\",\"target\":[\"https:\/\/nck.krakow.pl\/kcc\/krakowski-festiwal-tanca-2021\/10-edycja-konkursu-choreograficznego-321taniec\/\"]}]},{\"@type\":\"BreadcrumbList\",\"@id\":\"https:\/\/nck.krakow.pl\/kcc\/krakowski-festiwal-tanca-2021\/10-edycja-konkursu-choreograficznego-321taniec\/#breadcrumb\",\"itemListElement\":[{\"@type\":\"ListItem\",\"position\":1,\"name\":\"Strona g\u0142\u00f3wna\",\"item\":\"https:\/\/nck.krakow.pl\/kcc\/\"},{\"@type\":\"ListItem\",\"position\":2,\"name\":\"Krakowski Festiwal Ta\u0144ca 2021\",\"item\":\"https:\/\/nck.krakow.pl\/kcc\/krakowski-festiwal-tanca-2021\/\"},{\"@type\":\"ListItem\",\"position\":3,\"name\":\"10. edycja konkursu choreograficznego 3\u20262\u20261\u2026TANIEC!\"}]},{\"@type\":\"WebSite\",\"@id\":\"https:\/\/nck.krakow.pl\/kcc\/#website\",\"url\":\"https:\/\/nck.krakow.pl\/kcc\/\",\"name\":\"Krakowskie Centrum Choreograficzne\",\"description\":\"\",\"publisher\":{\"@id\":\"https:\/\/nck.krakow.pl\/kcc\/#organization\"},\"potentialAction\":[{\"@type\":\"SearchAction\",\"target\":{\"@type\":\"EntryPoint\",\"urlTemplate\":\"https:\/\/nck.krakow.pl\/kcc\/?s={search_term_string}\"},\"query-input\":\"required name=search_term_string\"}],\"inLanguage\":\"pl-PL\"},{\"@type\":\"Organization\",\"@id\":\"https:\/\/nck.krakow.pl\/kcc\/#organization\",\"name\":\"Krakowskie Centrum Choreograficzne\",\"url\":\"https:\/\/nck.krakow.pl\/kcc\/\",\"logo\":{\"@type\":\"ImageObject\",\"inLanguage\":\"pl-PL\",\"@id\":\"https:\/\/nck.krakow.pl\/kcc\/#\/schema\/logo\/image\/\",\"url\":\"https:\/\/nck.krakow.pl\/kcc\/wp-content\/uploads\/2020\/01\/cropped-logo-kcc-2020.png\",\"contentUrl\":\"https:\/\/nck.krakow.pl\/kcc\/wp-content\/uploads\/2020\/01\/cropped-logo-kcc-2020.png\",\"width\":116,\"height\":55,\"caption\":\"Krakowskie Centrum Choreograficzne\"},\"image\":{\"@id\":\"https:\/\/nck.krakow.pl\/kcc\/#\/schema\/logo\/image\/\"}}]}<\/script>\n<!-- \/ Yoast SEO plugin. -->","yoast_head_json":{"title":"10. edycja konkursu choreograficznego 3\u20262\u20261\u2026TANIEC! - Krakowskie Centrum Choreograficzne","robots":{"index":"index","follow":"follow","max-snippet":"max-snippet:-1","max-image-preview":"max-image-preview:large","max-video-preview":"max-video-preview:-1"},"canonical":"https:\/\/nck.krakow.pl\/kcc\/krakowski-festiwal-tanca-2021\/10-edycja-konkursu-choreograficznego-321taniec\/","og_locale":"pl_PL","og_type":"article","og_title":"10. edycja konkursu choreograficznego 3\u20262\u20261\u2026TANIEC! - Krakowskie Centrum Choreograficzne","og_description":"10. edycja&nbsp;konkursu choreograficznego 3\u20262\u20261\u2026TANIEC!&nbsp; 14 sierpnia 2021 (sobota), godz. 16:00, Scena NCK, bilety 15\/25 z\u0142 \/ Po konkursie odb\u0119dzie si\u0119 rozmowa o prezentowanych pracach choreograficznych. Konkurs choreograficzny 3\u20262\u20261\u2026TANIEC! to wyj\u0105tkowe wydarzenie, podczas kt\u00f3rego prezentowane s\u0105 kr\u00f3tkie formy solowe, duety i tria oparte na szeroko rozumianej technice ta\u0144ca wsp\u00f3\u0142czesnego. Wyr\u00f3\u017cnikiem konkursu jest system przyznawania nagr\u00f3d \u2013 [&hellip;]","og_url":"https:\/\/nck.krakow.pl\/kcc\/krakowski-festiwal-tanca-2021\/10-edycja-konkursu-choreograficznego-321taniec\/","og_site_name":"Krakowskie Centrum Choreograficzne","article_modified_time":"2022-05-25T12:59:06+00:00","og_image":[{"url":"https:\/\/nck.krakow.pl\/kcc\/wp-content\/uploads\/2021\/07\/konkurs-choreograficzny.jpg"}],"twitter_card":"summary_large_image","twitter_misc":{"Est. reading time":"2 minuty"},"schema":{"@context":"https:\/\/schema.org","@graph":[{"@type":"WebPage","@id":"https:\/\/nck.krakow.pl\/kcc\/krakowski-festiwal-tanca-2021\/10-edycja-konkursu-choreograficznego-321taniec\/","url":"https:\/\/nck.krakow.pl\/kcc\/krakowski-festiwal-tanca-2021\/10-edycja-konkursu-choreograficznego-321taniec\/","name":"10. edycja konkursu choreograficznego 3\u20262\u20261\u2026TANIEC! - Krakowskie Centrum Choreograficzne","isPartOf":{"@id":"https:\/\/nck.krakow.pl\/kcc\/#website"},"datePublished":"2021-07-21T12:02:22+00:00","dateModified":"2022-05-25T12:59:06+00:00","breadcrumb":{"@id":"https:\/\/nck.krakow.pl\/kcc\/krakowski-festiwal-tanca-2021\/10-edycja-konkursu-choreograficznego-321taniec\/#breadcrumb"},"inLanguage":"pl-PL","potentialAction":[{"@type":"ReadAction","target":["https:\/\/nck.krakow.pl\/kcc\/krakowski-festiwal-tanca-2021\/10-edycja-konkursu-choreograficznego-321taniec\/"]}]},{"@type":"BreadcrumbList","@id":"https:\/\/nck.krakow.pl\/kcc\/krakowski-festiwal-tanca-2021\/10-edycja-konkursu-choreograficznego-321taniec\/#breadcrumb","itemListElement":[{"@type":"ListItem","position":1,"name":"Strona g\u0142\u00f3wna","item":"https:\/\/nck.krakow.pl\/kcc\/"},{"@type":"ListItem","position":2,"name":"Krakowski Festiwal Ta\u0144ca 2021","item":"https:\/\/nck.krakow.pl\/kcc\/krakowski-festiwal-tanca-2021\/"},{"@type":"ListItem","position":3,"name":"10. edycja konkursu choreograficznego 3\u20262\u20261\u2026TANIEC!"}]},{"@type":"WebSite","@id":"https:\/\/nck.krakow.pl\/kcc\/#website","url":"https:\/\/nck.krakow.pl\/kcc\/","name":"Krakowskie Centrum Choreograficzne","description":"","publisher":{"@id":"https:\/\/nck.krakow.pl\/kcc\/#organization"},"potentialAction":[{"@type":"SearchAction","target":{"@type":"EntryPoint","urlTemplate":"https:\/\/nck.krakow.pl\/kcc\/?s={search_term_string}"},"query-input":"required name=search_term_string"}],"inLanguage":"pl-PL"},{"@type":"Organization","@id":"https:\/\/nck.krakow.pl\/kcc\/#organization","name":"Krakowskie Centrum Choreograficzne","url":"https:\/\/nck.krakow.pl\/kcc\/","logo":{"@type":"ImageObject","inLanguage":"pl-PL","@id":"https:\/\/nck.krakow.pl\/kcc\/#\/schema\/logo\/image\/","url":"https:\/\/nck.krakow.pl\/kcc\/wp-content\/uploads\/2020\/01\/cropped-logo-kcc-2020.png","contentUrl":"https:\/\/nck.krakow.pl\/kcc\/wp-content\/uploads\/2020\/01\/cropped-logo-kcc-2020.png","width":116,"height":55,"caption":"Krakowskie Centrum Choreograficzne"},"image":{"@id":"https:\/\/nck.krakow.pl\/kcc\/#\/schema\/logo\/image\/"}}]}},"_links":{"self":[{"href":"https:\/\/nck.krakow.pl\/kcc\/wp-json\/wp\/v2\/pages\/5238"}],"collection":[{"href":"https:\/\/nck.krakow.pl\/kcc\/wp-json\/wp\/v2\/pages"}],"about":[{"href":"https:\/\/nck.krakow.pl\/kcc\/wp-json\/wp\/v2\/types\/page"}],"author":[{"embeddable":true,"href":"https:\/\/nck.krakow.pl\/kcc\/wp-json\/wp\/v2\/users\/5"}],"replies":[{"embeddable":true,"href":"https:\/\/nck.krakow.pl\/kcc\/wp-json\/wp\/v2\/comments?post=5238"}],"version-history":[{"count":5,"href":"https:\/\/nck.krakow.pl\/kcc\/wp-json\/wp\/v2\/pages\/5238\/revisions"}],"predecessor-version":[{"id":5517,"href":"https:\/\/nck.krakow.pl\/kcc\/wp-json\/wp\/v2\/pages\/5238\/revisions\/5517"}],"up":[{"embeddable":true,"href":"https:\/\/nck.krakow.pl\/kcc\/wp-json\/wp\/v2\/pages\/3723"}],"wp:attachment":[{"href":"https:\/\/nck.krakow.pl\/kcc\/wp-json\/wp\/v2\/media?parent=5238"}],"curies":[{"name":"wp","href":"https:\/\/api.w.org\/{rel}","templated":true}]}}