{"id":5233,"date":"2021-07-21T11:59:56","date_gmt":"2021-07-21T11:59:56","guid":{"rendered":"https:\/\/nck.krakow.pl\/kcc\/?page_id=5233"},"modified":"2021-08-17T10:46:44","modified_gmt":"2021-08-17T10:46:44","slug":"dzien-w-ktorym-v-dala-mi-do-myslenia-albo-jak-pozbylam-sie-prokrastynacji","status":"publish","type":"page","link":"https:\/\/nck.krakow.pl\/kcc\/krakowski-festiwal-tanca-2021\/dzien-w-ktorym-v-dala-mi-do-myslenia-albo-jak-pozbylam-sie-prokrastynacji\/","title":{"rendered":"\u201eDzie\u0144, w kt\u00f3rym V. da\u0142a mi do my\u015blenia albo jak pozby\u0142am si\u0119 prokrastynacji\u201d"},"content":{"rendered":"\n<figure class=\"wp-block-image size-large\"><img loading=\"lazy\" decoding=\"async\" width=\"596\" height=\"595\" src=\"https:\/\/nck.krakow.pl\/kcc\/wp-content\/uploads\/2021\/07\/dzien.png\" alt=\"\" class=\"wp-image-5236\" srcset=\"https:\/\/nck.krakow.pl\/kcc\/wp-content\/uploads\/2021\/07\/dzien.png 596w, https:\/\/nck.krakow.pl\/kcc\/wp-content\/uploads\/2021\/07\/dzien-300x300.png 300w, https:\/\/nck.krakow.pl\/kcc\/wp-content\/uploads\/2021\/07\/dzien-150x150.png 150w\" sizes=\"(max-width: 596px) 100vw, 596px\" \/><\/figure>\n\n\n\n<p><strong>\u201eDzie\u0144, w kt\u00f3rym V. da\u0142a mi do my\u015blenia albo jak pozby\u0142am si\u0119 prokrastynacji\u201d Aleksandra Bo\u017cek-Muszy\u0144ska<\/strong><\/p>\n\n\n\n<p><strong>13 sierpnia 2021 (pi\u0105tek), godz. 19:00<\/strong>, Scena NCK, bilety 20\/30 z\u0142 (bilet \u0142\u0105czony na spektakle \u201eTens\u201d oraz \u201eDzie\u0144, w kt\u00f3rym V. da\u0142a mi do my\u015blenia albo jak pozby\u0142am si\u0119 prokrastynacji\u201d)<\/p>\n\n\n\n<div style=\"height:30px\" aria-hidden=\"true\" class=\"wp-block-spacer\"><\/div>\n\n\n\n<p><strong>koncepcja, choreografia i wykonanie:<\/strong> Aleksandra Bo\u017cek-Muszy\u0144ska<br><strong>muzyka:<\/strong> na \u017cywo Jakub Pa\u0142ys, collage<br><strong>re\u017cyseria \u015bwiate\u0142:<\/strong> Aleksandr Prowali\u0144ski<br><strong>kostium:<\/strong> Aleksandra Bo\u017cek-Muszy\u0144ska i Anna Czy\u017cykiewicz<br>Spektakl powsta\u0142 w ramach projektu Exchange: Change Time and Dance<br><strong>koncepcja kuratorska:<\/strong> Edyta Kozak, Anik\u00f3 R\u00e1cz<br><strong>kierownik produkcji:<\/strong> Krzysztof Kwiatkowski<br><strong>premiera:<\/strong> 03.10.2017, Centrum Sztuki Wsp\u00f3\u0142czesnej Zamek Ujazdowski, Festiwal Cia\u0142o\/Umys\u0142<br>Partner strategiczny: W\u0119gierski Instytut Kultury w Warszawie. Projekt wsp\u00f3\u0142finansowany przez: Miasto st. Warszawa, Ministerstwo Kultury, Dziedzictwa Narodowego i Sportu (Polska), Ministerstwo Spraw Zagranicznych i Handlu (W\u0119gry)<\/p>\n\n\n\n<p>UWAGA: w spektaklu wykorzystywane s\u0105 \u015bwiat\u0142a stroboskopowe<\/p>\n\n\n\n<div style=\"height:50px\" aria-hidden=\"true\" class=\"wp-block-spacer\"><\/div>\n\n\n\n<p>\u201e\u2026 Drogi widzu,<br>zamknij oczy,<br>niech pytanie to wyskoczy<br>&nbsp;&nbsp;&nbsp;&nbsp;&nbsp;&nbsp;&nbsp;&nbsp;&nbsp;&nbsp;&nbsp;&nbsp;&nbsp;&nbsp;&nbsp;&nbsp;&nbsp;&nbsp;&nbsp;&nbsp;&nbsp;&nbsp;&nbsp;&nbsp;&nbsp;&nbsp;&nbsp;&nbsp;&nbsp;&nbsp; w Twojej g\u0142owie,<br>Daj czas sobie na odpowied\u017a \u2026\u201d<\/p>\n\n\n\n<p>Punktem wyj\u015bcia do pracy nad spektaklem by\u0142a pr\u00f3ba znalezienia odpowiedzi na pytanie: na co przyjdzie jeszcze czas? Poszukiwania ruchowe poprzedzi\u0142a praca badawcza oraz wywiad przeprowadzony na grupie kobiet z pokolenia 50+ oraz 30+. Inspiracj\u0105 dla poszukiwa\u0144 ruchowych, by\u0142a estetyka kampu, zw\u0142aszcza jego aspekt wizualny i swoista naiwno\u015b\u0107.<\/p>\n\n\n\n<p>Ogromne podzi\u0119kowania dla wszystkich kobiet, kt\u00f3re zgodzi\u0142y si\u0119 wzi\u0105\u0107 udzia\u0142 w ankiecie oraz dla Anny Czy\u017cykiewicz, Hanny Bylki-Kaneckiej, Jakuba Pa\u0142ysa, Alexa Bradshawe&#8217;a i Anny Bojary.<\/p>\n\n\n\n<figure class=\"wp-block-gallery columns-2 is-cropped wp-block-gallery-1 is-layout-flex wp-block-gallery-is-layout-flex\"><ul class=\"blocks-gallery-grid\"><li class=\"blocks-gallery-item\"><figure><a href=\"https:\/\/nck.krakow.pl\/kcc\/wp-content\/uploads\/2021\/07\/fot.-Marta-Ankiersztejn-dla-Festiwalu-CU.jpg\"><img loading=\"lazy\" decoding=\"async\" width=\"1024\" height=\"654\" src=\"https:\/\/nck.krakow.pl\/kcc\/wp-content\/uploads\/2021\/07\/fot.-Marta-Ankiersztejn-dla-Festiwalu-CU-1024x654.jpg\" alt=\"\" data-id=\"5312\" data-full-url=\"https:\/\/nck.krakow.pl\/kcc\/wp-content\/uploads\/2021\/07\/fot.-Marta-Ankiersztejn-dla-Festiwalu-CU.jpg\" data-link=\"https:\/\/nck.krakow.pl\/kcc\/krakowski-festiwal-tanca\/dzien-w-ktorym-v-dala-mi-do-myslenia-albo-jak-pozbylam-sie-prokrastynacji\/fot-marta-ankiersztejn-dla-festiwalu-cu\/\" class=\"wp-image-5312\" srcset=\"https:\/\/nck.krakow.pl\/kcc\/wp-content\/uploads\/2021\/07\/fot.-Marta-Ankiersztejn-dla-Festiwalu-CU-1024x654.jpg 1024w, https:\/\/nck.krakow.pl\/kcc\/wp-content\/uploads\/2021\/07\/fot.-Marta-Ankiersztejn-dla-Festiwalu-CU-300x192.jpg 300w, https:\/\/nck.krakow.pl\/kcc\/wp-content\/uploads\/2021\/07\/fot.-Marta-Ankiersztejn-dla-Festiwalu-CU-768x490.jpg 768w, https:\/\/nck.krakow.pl\/kcc\/wp-content\/uploads\/2021\/07\/fot.-Marta-Ankiersztejn-dla-Festiwalu-CU.jpg 1037w\" sizes=\"(max-width: 1024px) 100vw, 1024px\" \/><\/a><\/figure><\/li><li class=\"blocks-gallery-item\"><figure><a href=\"https:\/\/nck.krakow.pl\/kcc\/wp-content\/uploads\/2021\/07\/fot.-Marta-Ankiersztejn-dla-Festiwalu-CU-1.jpg\"><img loading=\"lazy\" decoding=\"async\" width=\"752\" height=\"1024\" src=\"https:\/\/nck.krakow.pl\/kcc\/wp-content\/uploads\/2021\/07\/fot.-Marta-Ankiersztejn-dla-Festiwalu-CU-1-752x1024.jpg\" alt=\"\" data-id=\"5313\" data-full-url=\"https:\/\/nck.krakow.pl\/kcc\/wp-content\/uploads\/2021\/07\/fot.-Marta-Ankiersztejn-dla-Festiwalu-CU-1.jpg\" data-link=\"https:\/\/nck.krakow.pl\/kcc\/krakowski-festiwal-tanca\/dzien-w-ktorym-v-dala-mi-do-myslenia-albo-jak-pozbylam-sie-prokrastynacji\/fot-marta-ankiersztejn-dla-festiwalu-cu-1\/\" class=\"wp-image-5313\" srcset=\"https:\/\/nck.krakow.pl\/kcc\/wp-content\/uploads\/2021\/07\/fot.-Marta-Ankiersztejn-dla-Festiwalu-CU-1-752x1024.jpg 752w, https:\/\/nck.krakow.pl\/kcc\/wp-content\/uploads\/2021\/07\/fot.-Marta-Ankiersztejn-dla-Festiwalu-CU-1-220x300.jpg 220w, https:\/\/nck.krakow.pl\/kcc\/wp-content\/uploads\/2021\/07\/fot.-Marta-Ankiersztejn-dla-Festiwalu-CU-1-768x1046.jpg 768w, https:\/\/nck.krakow.pl\/kcc\/wp-content\/uploads\/2021\/07\/fot.-Marta-Ankiersztejn-dla-Festiwalu-CU-1.jpg 793w\" sizes=\"(max-width: 752px) 100vw, 752px\" \/><\/a><\/figure><\/li><\/ul><\/figure>\n\n\n\n<p>fot. Marta Ankiersztejn dla Festiwalu C\/U<\/p>\n","protected":false},"excerpt":{"rendered":"<p>\u201eDzie\u0144, w kt\u00f3rym V. da\u0142a mi do my\u015blenia albo jak pozby\u0142am si\u0119 prokrastynacji\u201d Aleksandra Bo\u017cek-Muszy\u0144ska 13 sierpnia 2021 (pi\u0105tek), godz. 19:00, Scena NCK, bilety 20\/30 z\u0142 (bilet \u0142\u0105czony na spektakle \u201eTens\u201d oraz \u201eDzie\u0144, w kt\u00f3rym V. da\u0142a mi do my\u015blenia albo jak pozby\u0142am si\u0119 prokrastynacji\u201d) koncepcja, choreografia i wykonanie: Aleksandra Bo\u017cek-Muszy\u0144skamuzyka: na \u017cywo Jakub Pa\u0142ys, [&hellip;]<\/p>\n","protected":false},"author":5,"featured_media":0,"parent":3723,"menu_order":0,"comment_status":"closed","ping_status":"closed","template":"","meta":{"footnotes":""},"class_list":["post-5233","page","type-page","status-publish","hentry"],"yoast_head":"<!-- This site is optimized with the Yoast SEO plugin v19.12 - https:\/\/yoast.com\/wordpress\/plugins\/seo\/ -->\n<title>\u201eDzie\u0144, w kt\u00f3rym V. da\u0142a mi do my\u015blenia albo jak pozby\u0142am si\u0119 prokrastynacji\u201d - Krakowskie Centrum Choreograficzne<\/title>\n<meta name=\"robots\" content=\"index, follow, max-snippet:-1, max-image-preview:large, max-video-preview:-1\" \/>\n<link rel=\"canonical\" href=\"https:\/\/nck.krakow.pl\/kcc\/krakowski-festiwal-tanca-2021\/dzien-w-ktorym-v-dala-mi-do-myslenia-albo-jak-pozbylam-sie-prokrastynacji\/\" \/>\n<meta property=\"og:locale\" content=\"pl_PL\" \/>\n<meta property=\"og:type\" content=\"article\" \/>\n<meta property=\"og:title\" content=\"\u201eDzie\u0144, w kt\u00f3rym V. da\u0142a mi do my\u015blenia albo jak pozby\u0142am si\u0119 prokrastynacji\u201d - Krakowskie Centrum Choreograficzne\" \/>\n<meta property=\"og:description\" content=\"\u201eDzie\u0144, w kt\u00f3rym V. da\u0142a mi do my\u015blenia albo jak pozby\u0142am si\u0119 prokrastynacji\u201d Aleksandra Bo\u017cek-Muszy\u0144ska 13 sierpnia 2021 (pi\u0105tek), godz. 19:00, Scena NCK, bilety 20\/30 z\u0142 (bilet \u0142\u0105czony na spektakle \u201eTens\u201d oraz \u201eDzie\u0144, w kt\u00f3rym V. da\u0142a mi do my\u015blenia albo jak pozby\u0142am si\u0119 prokrastynacji\u201d) koncepcja, choreografia i wykonanie: Aleksandra Bo\u017cek-Muszy\u0144skamuzyka: na \u017cywo Jakub Pa\u0142ys, [&hellip;]\" \/>\n<meta property=\"og:url\" content=\"https:\/\/nck.krakow.pl\/kcc\/krakowski-festiwal-tanca-2021\/dzien-w-ktorym-v-dala-mi-do-myslenia-albo-jak-pozbylam-sie-prokrastynacji\/\" \/>\n<meta property=\"og:site_name\" content=\"Krakowskie Centrum Choreograficzne\" \/>\n<meta property=\"article:modified_time\" content=\"2021-08-17T10:46:44+00:00\" \/>\n<meta property=\"og:image\" content=\"https:\/\/nck.krakow.pl\/kcc\/wp-content\/uploads\/2021\/07\/dzien.png\" \/>\n<meta name=\"twitter:card\" content=\"summary_large_image\" \/>\n<meta name=\"twitter:label1\" content=\"Est. reading time\" \/>\n\t<meta name=\"twitter:data1\" content=\"1 minuta\" \/>\n<script type=\"application\/ld+json\" class=\"yoast-schema-graph\">{\"@context\":\"https:\/\/schema.org\",\"@graph\":[{\"@type\":\"WebPage\",\"@id\":\"https:\/\/nck.krakow.pl\/kcc\/krakowski-festiwal-tanca-2021\/dzien-w-ktorym-v-dala-mi-do-myslenia-albo-jak-pozbylam-sie-prokrastynacji\/\",\"url\":\"https:\/\/nck.krakow.pl\/kcc\/krakowski-festiwal-tanca-2021\/dzien-w-ktorym-v-dala-mi-do-myslenia-albo-jak-pozbylam-sie-prokrastynacji\/\",\"name\":\"\u201eDzie\u0144, w kt\u00f3rym V. da\u0142a mi do my\u015blenia albo jak pozby\u0142am si\u0119 prokrastynacji\u201d - Krakowskie Centrum Choreograficzne\",\"isPartOf\":{\"@id\":\"https:\/\/nck.krakow.pl\/kcc\/#website\"},\"datePublished\":\"2021-07-21T11:59:56+00:00\",\"dateModified\":\"2021-08-17T10:46:44+00:00\",\"breadcrumb\":{\"@id\":\"https:\/\/nck.krakow.pl\/kcc\/krakowski-festiwal-tanca-2021\/dzien-w-ktorym-v-dala-mi-do-myslenia-albo-jak-pozbylam-sie-prokrastynacji\/#breadcrumb\"},\"inLanguage\":\"pl-PL\",\"potentialAction\":[{\"@type\":\"ReadAction\",\"target\":[\"https:\/\/nck.krakow.pl\/kcc\/krakowski-festiwal-tanca-2021\/dzien-w-ktorym-v-dala-mi-do-myslenia-albo-jak-pozbylam-sie-prokrastynacji\/\"]}]},{\"@type\":\"BreadcrumbList\",\"@id\":\"https:\/\/nck.krakow.pl\/kcc\/krakowski-festiwal-tanca-2021\/dzien-w-ktorym-v-dala-mi-do-myslenia-albo-jak-pozbylam-sie-prokrastynacji\/#breadcrumb\",\"itemListElement\":[{\"@type\":\"ListItem\",\"position\":1,\"name\":\"Strona g\u0142\u00f3wna\",\"item\":\"https:\/\/nck.krakow.pl\/kcc\/\"},{\"@type\":\"ListItem\",\"position\":2,\"name\":\"Krakowski Festiwal Ta\u0144ca 2021\",\"item\":\"https:\/\/nck.krakow.pl\/kcc\/krakowski-festiwal-tanca-2021\/\"},{\"@type\":\"ListItem\",\"position\":3,\"name\":\"\u201eDzie\u0144, w kt\u00f3rym V. da\u0142a mi do my\u015blenia albo jak pozby\u0142am si\u0119 prokrastynacji\u201d\"}]},{\"@type\":\"WebSite\",\"@id\":\"https:\/\/nck.krakow.pl\/kcc\/#website\",\"url\":\"https:\/\/nck.krakow.pl\/kcc\/\",\"name\":\"Krakowskie Centrum Choreograficzne\",\"description\":\"\",\"publisher\":{\"@id\":\"https:\/\/nck.krakow.pl\/kcc\/#organization\"},\"potentialAction\":[{\"@type\":\"SearchAction\",\"target\":{\"@type\":\"EntryPoint\",\"urlTemplate\":\"https:\/\/nck.krakow.pl\/kcc\/?s={search_term_string}\"},\"query-input\":\"required name=search_term_string\"}],\"inLanguage\":\"pl-PL\"},{\"@type\":\"Organization\",\"@id\":\"https:\/\/nck.krakow.pl\/kcc\/#organization\",\"name\":\"Krakowskie Centrum Choreograficzne\",\"url\":\"https:\/\/nck.krakow.pl\/kcc\/\",\"logo\":{\"@type\":\"ImageObject\",\"inLanguage\":\"pl-PL\",\"@id\":\"https:\/\/nck.krakow.pl\/kcc\/#\/schema\/logo\/image\/\",\"url\":\"https:\/\/nck.krakow.pl\/kcc\/wp-content\/uploads\/2020\/01\/cropped-logo-kcc-2020.png\",\"contentUrl\":\"https:\/\/nck.krakow.pl\/kcc\/wp-content\/uploads\/2020\/01\/cropped-logo-kcc-2020.png\",\"width\":116,\"height\":55,\"caption\":\"Krakowskie Centrum Choreograficzne\"},\"image\":{\"@id\":\"https:\/\/nck.krakow.pl\/kcc\/#\/schema\/logo\/image\/\"}}]}<\/script>\n<!-- \/ Yoast SEO plugin. -->","yoast_head_json":{"title":"\u201eDzie\u0144, w kt\u00f3rym V. da\u0142a mi do my\u015blenia albo jak pozby\u0142am si\u0119 prokrastynacji\u201d - Krakowskie Centrum Choreograficzne","robots":{"index":"index","follow":"follow","max-snippet":"max-snippet:-1","max-image-preview":"max-image-preview:large","max-video-preview":"max-video-preview:-1"},"canonical":"https:\/\/nck.krakow.pl\/kcc\/krakowski-festiwal-tanca-2021\/dzien-w-ktorym-v-dala-mi-do-myslenia-albo-jak-pozbylam-sie-prokrastynacji\/","og_locale":"pl_PL","og_type":"article","og_title":"\u201eDzie\u0144, w kt\u00f3rym V. da\u0142a mi do my\u015blenia albo jak pozby\u0142am si\u0119 prokrastynacji\u201d - Krakowskie Centrum Choreograficzne","og_description":"\u201eDzie\u0144, w kt\u00f3rym V. da\u0142a mi do my\u015blenia albo jak pozby\u0142am si\u0119 prokrastynacji\u201d Aleksandra Bo\u017cek-Muszy\u0144ska 13 sierpnia 2021 (pi\u0105tek), godz. 19:00, Scena NCK, bilety 20\/30 z\u0142 (bilet \u0142\u0105czony na spektakle \u201eTens\u201d oraz \u201eDzie\u0144, w kt\u00f3rym V. da\u0142a mi do my\u015blenia albo jak pozby\u0142am si\u0119 prokrastynacji\u201d) koncepcja, choreografia i wykonanie: Aleksandra Bo\u017cek-Muszy\u0144skamuzyka: na \u017cywo Jakub Pa\u0142ys, [&hellip;]","og_url":"https:\/\/nck.krakow.pl\/kcc\/krakowski-festiwal-tanca-2021\/dzien-w-ktorym-v-dala-mi-do-myslenia-albo-jak-pozbylam-sie-prokrastynacji\/","og_site_name":"Krakowskie Centrum Choreograficzne","article_modified_time":"2021-08-17T10:46:44+00:00","og_image":[{"url":"https:\/\/nck.krakow.pl\/kcc\/wp-content\/uploads\/2021\/07\/dzien.png"}],"twitter_card":"summary_large_image","twitter_misc":{"Est. reading time":"1 minuta"},"schema":{"@context":"https:\/\/schema.org","@graph":[{"@type":"WebPage","@id":"https:\/\/nck.krakow.pl\/kcc\/krakowski-festiwal-tanca-2021\/dzien-w-ktorym-v-dala-mi-do-myslenia-albo-jak-pozbylam-sie-prokrastynacji\/","url":"https:\/\/nck.krakow.pl\/kcc\/krakowski-festiwal-tanca-2021\/dzien-w-ktorym-v-dala-mi-do-myslenia-albo-jak-pozbylam-sie-prokrastynacji\/","name":"\u201eDzie\u0144, w kt\u00f3rym V. da\u0142a mi do my\u015blenia albo jak pozby\u0142am si\u0119 prokrastynacji\u201d - Krakowskie Centrum Choreograficzne","isPartOf":{"@id":"https:\/\/nck.krakow.pl\/kcc\/#website"},"datePublished":"2021-07-21T11:59:56+00:00","dateModified":"2021-08-17T10:46:44+00:00","breadcrumb":{"@id":"https:\/\/nck.krakow.pl\/kcc\/krakowski-festiwal-tanca-2021\/dzien-w-ktorym-v-dala-mi-do-myslenia-albo-jak-pozbylam-sie-prokrastynacji\/#breadcrumb"},"inLanguage":"pl-PL","potentialAction":[{"@type":"ReadAction","target":["https:\/\/nck.krakow.pl\/kcc\/krakowski-festiwal-tanca-2021\/dzien-w-ktorym-v-dala-mi-do-myslenia-albo-jak-pozbylam-sie-prokrastynacji\/"]}]},{"@type":"BreadcrumbList","@id":"https:\/\/nck.krakow.pl\/kcc\/krakowski-festiwal-tanca-2021\/dzien-w-ktorym-v-dala-mi-do-myslenia-albo-jak-pozbylam-sie-prokrastynacji\/#breadcrumb","itemListElement":[{"@type":"ListItem","position":1,"name":"Strona g\u0142\u00f3wna","item":"https:\/\/nck.krakow.pl\/kcc\/"},{"@type":"ListItem","position":2,"name":"Krakowski Festiwal Ta\u0144ca 2021","item":"https:\/\/nck.krakow.pl\/kcc\/krakowski-festiwal-tanca-2021\/"},{"@type":"ListItem","position":3,"name":"\u201eDzie\u0144, w kt\u00f3rym V. da\u0142a mi do my\u015blenia albo jak pozby\u0142am si\u0119 prokrastynacji\u201d"}]},{"@type":"WebSite","@id":"https:\/\/nck.krakow.pl\/kcc\/#website","url":"https:\/\/nck.krakow.pl\/kcc\/","name":"Krakowskie Centrum Choreograficzne","description":"","publisher":{"@id":"https:\/\/nck.krakow.pl\/kcc\/#organization"},"potentialAction":[{"@type":"SearchAction","target":{"@type":"EntryPoint","urlTemplate":"https:\/\/nck.krakow.pl\/kcc\/?s={search_term_string}"},"query-input":"required name=search_term_string"}],"inLanguage":"pl-PL"},{"@type":"Organization","@id":"https:\/\/nck.krakow.pl\/kcc\/#organization","name":"Krakowskie Centrum Choreograficzne","url":"https:\/\/nck.krakow.pl\/kcc\/","logo":{"@type":"ImageObject","inLanguage":"pl-PL","@id":"https:\/\/nck.krakow.pl\/kcc\/#\/schema\/logo\/image\/","url":"https:\/\/nck.krakow.pl\/kcc\/wp-content\/uploads\/2020\/01\/cropped-logo-kcc-2020.png","contentUrl":"https:\/\/nck.krakow.pl\/kcc\/wp-content\/uploads\/2020\/01\/cropped-logo-kcc-2020.png","width":116,"height":55,"caption":"Krakowskie Centrum Choreograficzne"},"image":{"@id":"https:\/\/nck.krakow.pl\/kcc\/#\/schema\/logo\/image\/"}}]}},"_links":{"self":[{"href":"https:\/\/nck.krakow.pl\/kcc\/wp-json\/wp\/v2\/pages\/5233"}],"collection":[{"href":"https:\/\/nck.krakow.pl\/kcc\/wp-json\/wp\/v2\/pages"}],"about":[{"href":"https:\/\/nck.krakow.pl\/kcc\/wp-json\/wp\/v2\/types\/page"}],"author":[{"embeddable":true,"href":"https:\/\/nck.krakow.pl\/kcc\/wp-json\/wp\/v2\/users\/5"}],"replies":[{"embeddable":true,"href":"https:\/\/nck.krakow.pl\/kcc\/wp-json\/wp\/v2\/comments?post=5233"}],"version-history":[{"count":6,"href":"https:\/\/nck.krakow.pl\/kcc\/wp-json\/wp\/v2\/pages\/5233\/revisions"}],"predecessor-version":[{"id":5516,"href":"https:\/\/nck.krakow.pl\/kcc\/wp-json\/wp\/v2\/pages\/5233\/revisions\/5516"}],"up":[{"embeddable":true,"href":"https:\/\/nck.krakow.pl\/kcc\/wp-json\/wp\/v2\/pages\/3723"}],"wp:attachment":[{"href":"https:\/\/nck.krakow.pl\/kcc\/wp-json\/wp\/v2\/media?parent=5233"}],"curies":[{"name":"wp","href":"https:\/\/api.w.org\/{rel}","templated":true}]}}