{"id":5230,"date":"2021-07-21T11:55:54","date_gmt":"2021-07-21T11:55:54","guid":{"rendered":"https:\/\/nck.krakow.pl\/kcc\/?page_id=5230"},"modified":"2021-08-17T10:46:38","modified_gmt":"2021-08-17T10:46:38","slug":"tens","status":"publish","type":"page","link":"https:\/\/nck.krakow.pl\/kcc\/krakowski-festiwal-tanca-2021\/tens\/","title":{"rendered":"\u201eTens\u201d"},"content":{"rendered":"\n<figure class=\"wp-block-image size-large\"><img loading=\"lazy\" decoding=\"async\" width=\"595\" height=\"595\" src=\"https:\/\/nck.krakow.pl\/kcc\/wp-content\/uploads\/2021\/07\/TENS.jpg\" alt=\"\" class=\"wp-image-5231\" srcset=\"https:\/\/nck.krakow.pl\/kcc\/wp-content\/uploads\/2021\/07\/TENS.jpg 595w, https:\/\/nck.krakow.pl\/kcc\/wp-content\/uploads\/2021\/07\/TENS-300x300.jpg 300w, https:\/\/nck.krakow.pl\/kcc\/wp-content\/uploads\/2021\/07\/TENS-150x150.jpg 150w\" sizes=\"(max-width: 595px) 100vw, 595px\" \/><\/figure>\n\n\n\n<p><strong>\u201eTens\u201d&nbsp;Marta Wo\u0142owiec<\/strong><\/p>\n\n\n\n<p><strong>13 sierpnia 2021 (pi\u0105tek), godz. 19:00,<\/strong> Scena NCK, bilety 20\/30 z\u0142 (bilet \u0142\u0105czony na spektakle \u201eTens\u201d oraz \u201eDzie\u0144, w kt\u00f3rym V. da\u0142a mi do my\u015blenia albo jak pozby\u0142am si\u0119 prokrastynacji\u201d)<\/p>\n\n\n\n<div style=\"height:30px\" aria-hidden=\"true\" class=\"wp-block-spacer\"><\/div>\n\n\n\n<p><strong>koncepcja, choreografia, taniec:<\/strong>&nbsp;Marta Wo\u0142owiec<br><strong>muzyka elektroniczna na \u017cywo:<\/strong>&nbsp;Wojciech Kiwer<br><strong>producent:<\/strong>&nbsp;Krakowskie Centrum Choreograficzne \u2013 Nowohuckie Centrum Kultury<br><strong>premiera:<\/strong>&nbsp;4 wrze\u015bnia 2020 Mi\u0119dzynarodowy Festiwal Ta\u0144ca Wsp\u00f3\u0142czesnego Kalejdoskop<\/p>\n\n\n\n<div style=\"height:50px\" aria-hidden=\"true\" class=\"wp-block-spacer\"><\/div>\n\n\n\n<figure class=\"wp-block-embed is-type-video is-provider-vimeo wp-block-embed-vimeo wp-embed-aspect-16-9 wp-has-aspect-ratio\"><div class=\"wp-block-embed__wrapper\">\n<iframe loading=\"lazy\" title=\"Tens TRAILER Marta Wo\u0142owiec\" src=\"https:\/\/player.vimeo.com\/video\/479767270?dnt=1&amp;app_id=122963\" width=\"768\" height=\"432\" frameborder=\"0\" allow=\"autoplay; fullscreen; picture-in-picture\" allowfullscreen><\/iframe>\n<\/div><\/figure>\n\n\n\n<p>\u201eWhatever you create will be influeneced by the energy you carry inside of you when you create it.\u201d<br>\u2013<strong> Akiroq Brost<\/strong><\/p>\n\n\n\n<p>Spektakl&nbsp;Tens* eksploruje temat cia\u0142a jako generatora energii. Artystka poszukuje organiczno\u015bci wynikaj\u0105cej z przep\u0142ywu odczu\u0107 fizycznych, wibracji, pod\u0105\u017cania za g\u0142osem intuicji oraz zestrajania cia\u0142a i umys\u0142u. Daje sobie czas na rozw\u00f3j. Daje czas r\u00f3wnie\u017c widzom na zestrojenie ich w\u0142asnych cia\u0142 z cia\u0142em performerki.&nbsp;Tens&nbsp;to napi\u0119cie, uwa\u017cno\u015b\u0107 i spok\u00f3j, a tak\u017ce si\u0142a, kt\u00f3r\u0105 zawsze mo\u017cna odnale\u017a\u0107 bior\u0105c g\u0142\u0119boki wdech i wydech, stoj\u0105c mocno na nogach.<\/p>\n\n\n\n<p>*Tens (z j. ang. transcutaneous electrical nerve stimulation) to metoda przezsk\u00f3rnej i elektrycznej stymulacji nerw\u00f3w, stosowana w terapii przeciwb\u00f3lowej, wykorzystuj\u0105ca impulsy elektryczne o niskiej amplitudzie. Umieszczenie elektrod na sk\u00f3rze sprawia, \u017ce pr\u0105d przep\u0142ywa do nerw\u00f3w obwodowych i pobudza je w dwojaki spos\u00f3b: blokuj\u0105c impuls nerwowy nios\u0105cy informacj\u0119 o b\u00f3lu do m\u00f3zgu oraz inicjuj\u0105c powstawanie substancji przeciwb\u00f3lowych \u2013 beta-endorfin.<\/p>\n\n\n\n<p>*Informacje pochodz\u0105 z portalu&nbsp;<a href=\"http:\/\/medyczny-blog.pl\/\">medyczny-blog.pl<\/a><\/p>\n\n\n\n<blockquote class=\"wp-block-quote is-layout-flow wp-block-quote-is-layout-flow\"><p><em>\u201eTo by\u0142o misterium energii, gestu i \u015bwiat\u0142a, poddawania si\u0119 wewn\u0119trznej sile i walce z ni\u0105<\/em>\u201d<br>\u2013 fragment relacji Moniki \u017bmijewskiej dla Gazety Wyborczej z premiery spektaklu w ramach Mi\u0119dzynarodowego Festiwalu Ta\u0144ca Wsp\u00f3\u0142czesnego Kalejdoskop.<\/p><\/blockquote>\n\n\n\n<figure class=\"wp-block-gallery columns-3 is-cropped wp-block-gallery-1 is-layout-flex wp-block-gallery-is-layout-flex\"><ul class=\"blocks-gallery-grid\"><li class=\"blocks-gallery-item\"><figure><a href=\"https:\/\/nck.krakow.pl\/kcc\/wp-content\/uploads\/2021\/07\/NZ7_2560-M.Zakrzewski_-scaled.jpg\"><img loading=\"lazy\" decoding=\"async\" width=\"1024\" height=\"683\" src=\"https:\/\/nck.krakow.pl\/kcc\/wp-content\/uploads\/2021\/07\/NZ7_2560-M.Zakrzewski_-1024x683.jpg\" alt=\"\" data-id=\"5308\" data-full-url=\"https:\/\/nck.krakow.pl\/kcc\/wp-content\/uploads\/2021\/07\/NZ7_2560-M.Zakrzewski_-scaled.jpg\" data-link=\"https:\/\/nck.krakow.pl\/kcc\/krakowski-festiwal-tanca\/tens\/nz7_2560-m-zakrzewski_\/\" class=\"wp-image-5308\" srcset=\"https:\/\/nck.krakow.pl\/kcc\/wp-content\/uploads\/2021\/07\/NZ7_2560-M.Zakrzewski_-1024x683.jpg 1024w, https:\/\/nck.krakow.pl\/kcc\/wp-content\/uploads\/2021\/07\/NZ7_2560-M.Zakrzewski_-300x200.jpg 300w, https:\/\/nck.krakow.pl\/kcc\/wp-content\/uploads\/2021\/07\/NZ7_2560-M.Zakrzewski_-768x512.jpg 768w, https:\/\/nck.krakow.pl\/kcc\/wp-content\/uploads\/2021\/07\/NZ7_2560-M.Zakrzewski_-1536x1024.jpg 1536w, https:\/\/nck.krakow.pl\/kcc\/wp-content\/uploads\/2021\/07\/NZ7_2560-M.Zakrzewski_-2048x1365.jpg 2048w\" sizes=\"(max-width: 1024px) 100vw, 1024px\" \/><\/a><\/figure><\/li><li class=\"blocks-gallery-item\"><figure><a href=\"https:\/\/nck.krakow.pl\/kcc\/wp-content\/uploads\/2021\/07\/NZ7_2642-M.Zakrzewski_-scaled.jpg\"><img loading=\"lazy\" decoding=\"async\" width=\"1024\" height=\"683\" src=\"https:\/\/nck.krakow.pl\/kcc\/wp-content\/uploads\/2021\/07\/NZ7_2642-M.Zakrzewski_-1024x683.jpg\" alt=\"\" data-id=\"5309\" data-full-url=\"https:\/\/nck.krakow.pl\/kcc\/wp-content\/uploads\/2021\/07\/NZ7_2642-M.Zakrzewski_-scaled.jpg\" data-link=\"https:\/\/nck.krakow.pl\/kcc\/krakowski-festiwal-tanca\/tens\/nz7_2642-m-zakrzewski_\/\" class=\"wp-image-5309\" srcset=\"https:\/\/nck.krakow.pl\/kcc\/wp-content\/uploads\/2021\/07\/NZ7_2642-M.Zakrzewski_-1024x683.jpg 1024w, https:\/\/nck.krakow.pl\/kcc\/wp-content\/uploads\/2021\/07\/NZ7_2642-M.Zakrzewski_-300x200.jpg 300w, https:\/\/nck.krakow.pl\/kcc\/wp-content\/uploads\/2021\/07\/NZ7_2642-M.Zakrzewski_-768x512.jpg 768w, https:\/\/nck.krakow.pl\/kcc\/wp-content\/uploads\/2021\/07\/NZ7_2642-M.Zakrzewski_-1536x1024.jpg 1536w, https:\/\/nck.krakow.pl\/kcc\/wp-content\/uploads\/2021\/07\/NZ7_2642-M.Zakrzewski_-2048x1365.jpg 2048w\" sizes=\"(max-width: 1024px) 100vw, 1024px\" \/><\/a><\/figure><\/li><li class=\"blocks-gallery-item\"><figure><a href=\"https:\/\/nck.krakow.pl\/kcc\/wp-content\/uploads\/2021\/07\/NZ7_2716-M.Zakrzewski_-scaled.jpg\"><img loading=\"lazy\" decoding=\"async\" width=\"1024\" height=\"683\" src=\"https:\/\/nck.krakow.pl\/kcc\/wp-content\/uploads\/2021\/07\/NZ7_2716-M.Zakrzewski_-1024x683.jpg\" alt=\"\" data-id=\"5310\" data-full-url=\"https:\/\/nck.krakow.pl\/kcc\/wp-content\/uploads\/2021\/07\/NZ7_2716-M.Zakrzewski_-scaled.jpg\" data-link=\"https:\/\/nck.krakow.pl\/kcc\/krakowski-festiwal-tanca\/tens\/nz7_2716-m-zakrzewski_\/\" class=\"wp-image-5310\" srcset=\"https:\/\/nck.krakow.pl\/kcc\/wp-content\/uploads\/2021\/07\/NZ7_2716-M.Zakrzewski_-1024x683.jpg 1024w, https:\/\/nck.krakow.pl\/kcc\/wp-content\/uploads\/2021\/07\/NZ7_2716-M.Zakrzewski_-300x200.jpg 300w, https:\/\/nck.krakow.pl\/kcc\/wp-content\/uploads\/2021\/07\/NZ7_2716-M.Zakrzewski_-768x512.jpg 768w, https:\/\/nck.krakow.pl\/kcc\/wp-content\/uploads\/2021\/07\/NZ7_2716-M.Zakrzewski_-1536x1024.jpg 1536w, https:\/\/nck.krakow.pl\/kcc\/wp-content\/uploads\/2021\/07\/NZ7_2716-M.Zakrzewski_-2048x1365.jpg 2048w\" sizes=\"(max-width: 1024px) 100vw, 1024px\" \/><\/a><\/figure><\/li><\/ul><\/figure>\n","protected":false},"excerpt":{"rendered":"<p>\u201eTens\u201d&nbsp;Marta Wo\u0142owiec 13 sierpnia 2021 (pi\u0105tek), godz. 19:00, Scena NCK, bilety 20\/30 z\u0142 (bilet \u0142\u0105czony na spektakle \u201eTens\u201d oraz \u201eDzie\u0144, w kt\u00f3rym V. da\u0142a mi do my\u015blenia albo jak pozby\u0142am si\u0119 prokrastynacji\u201d) koncepcja, choreografia, taniec:&nbsp;Marta Wo\u0142owiecmuzyka elektroniczna na \u017cywo:&nbsp;Wojciech Kiwerproducent:&nbsp;Krakowskie Centrum Choreograficzne \u2013 Nowohuckie Centrum Kulturypremiera:&nbsp;4 wrze\u015bnia 2020 Mi\u0119dzynarodowy Festiwal Ta\u0144ca Wsp\u00f3\u0142czesnego Kalejdoskop \u201eWhatever you [&hellip;]<\/p>\n","protected":false},"author":5,"featured_media":0,"parent":3723,"menu_order":0,"comment_status":"closed","ping_status":"closed","template":"","meta":{"footnotes":""},"class_list":["post-5230","page","type-page","status-publish","hentry"],"yoast_head":"<!-- This site is optimized with the Yoast SEO plugin v19.12 - https:\/\/yoast.com\/wordpress\/plugins\/seo\/ -->\n<title>\u201eTens\u201d - Krakowskie Centrum Choreograficzne<\/title>\n<meta name=\"robots\" content=\"index, follow, max-snippet:-1, max-image-preview:large, max-video-preview:-1\" \/>\n<link rel=\"canonical\" href=\"https:\/\/nck.krakow.pl\/kcc\/krakowski-festiwal-tanca-2021\/tens\/\" \/>\n<meta property=\"og:locale\" content=\"pl_PL\" \/>\n<meta property=\"og:type\" content=\"article\" \/>\n<meta property=\"og:title\" content=\"\u201eTens\u201d - Krakowskie Centrum Choreograficzne\" \/>\n<meta property=\"og:description\" content=\"\u201eTens\u201d&nbsp;Marta Wo\u0142owiec 13 sierpnia 2021 (pi\u0105tek), godz. 19:00, Scena NCK, bilety 20\/30 z\u0142 (bilet \u0142\u0105czony na spektakle \u201eTens\u201d oraz \u201eDzie\u0144, w kt\u00f3rym V. da\u0142a mi do my\u015blenia albo jak pozby\u0142am si\u0119 prokrastynacji\u201d) koncepcja, choreografia, taniec:&nbsp;Marta Wo\u0142owiecmuzyka elektroniczna na \u017cywo:&nbsp;Wojciech Kiwerproducent:&nbsp;Krakowskie Centrum Choreograficzne \u2013 Nowohuckie Centrum Kulturypremiera:&nbsp;4 wrze\u015bnia 2020 Mi\u0119dzynarodowy Festiwal Ta\u0144ca Wsp\u00f3\u0142czesnego Kalejdoskop \u201eWhatever you [&hellip;]\" \/>\n<meta property=\"og:url\" content=\"https:\/\/nck.krakow.pl\/kcc\/krakowski-festiwal-tanca-2021\/tens\/\" \/>\n<meta property=\"og:site_name\" content=\"Krakowskie Centrum Choreograficzne\" \/>\n<meta property=\"article:modified_time\" content=\"2021-08-17T10:46:38+00:00\" \/>\n<meta property=\"og:image\" content=\"https:\/\/nck.krakow.pl\/kcc\/wp-content\/uploads\/2021\/07\/TENS.jpg\" \/>\n<meta name=\"twitter:card\" content=\"summary_large_image\" \/>\n<meta name=\"twitter:label1\" content=\"Est. reading time\" \/>\n\t<meta name=\"twitter:data1\" content=\"1 minuta\" \/>\n<script type=\"application\/ld+json\" class=\"yoast-schema-graph\">{\"@context\":\"https:\/\/schema.org\",\"@graph\":[{\"@type\":\"WebPage\",\"@id\":\"https:\/\/nck.krakow.pl\/kcc\/krakowski-festiwal-tanca-2021\/tens\/\",\"url\":\"https:\/\/nck.krakow.pl\/kcc\/krakowski-festiwal-tanca-2021\/tens\/\",\"name\":\"\u201eTens\u201d - Krakowskie Centrum Choreograficzne\",\"isPartOf\":{\"@id\":\"https:\/\/nck.krakow.pl\/kcc\/#website\"},\"datePublished\":\"2021-07-21T11:55:54+00:00\",\"dateModified\":\"2021-08-17T10:46:38+00:00\",\"breadcrumb\":{\"@id\":\"https:\/\/nck.krakow.pl\/kcc\/krakowski-festiwal-tanca-2021\/tens\/#breadcrumb\"},\"inLanguage\":\"pl-PL\",\"potentialAction\":[{\"@type\":\"ReadAction\",\"target\":[\"https:\/\/nck.krakow.pl\/kcc\/krakowski-festiwal-tanca-2021\/tens\/\"]}]},{\"@type\":\"BreadcrumbList\",\"@id\":\"https:\/\/nck.krakow.pl\/kcc\/krakowski-festiwal-tanca-2021\/tens\/#breadcrumb\",\"itemListElement\":[{\"@type\":\"ListItem\",\"position\":1,\"name\":\"Strona g\u0142\u00f3wna\",\"item\":\"https:\/\/nck.krakow.pl\/kcc\/\"},{\"@type\":\"ListItem\",\"position\":2,\"name\":\"Krakowski Festiwal Ta\u0144ca 2021\",\"item\":\"https:\/\/nck.krakow.pl\/kcc\/krakowski-festiwal-tanca-2021\/\"},{\"@type\":\"ListItem\",\"position\":3,\"name\":\"\u201eTens\u201d\"}]},{\"@type\":\"WebSite\",\"@id\":\"https:\/\/nck.krakow.pl\/kcc\/#website\",\"url\":\"https:\/\/nck.krakow.pl\/kcc\/\",\"name\":\"Krakowskie Centrum Choreograficzne\",\"description\":\"\",\"publisher\":{\"@id\":\"https:\/\/nck.krakow.pl\/kcc\/#organization\"},\"potentialAction\":[{\"@type\":\"SearchAction\",\"target\":{\"@type\":\"EntryPoint\",\"urlTemplate\":\"https:\/\/nck.krakow.pl\/kcc\/?s={search_term_string}\"},\"query-input\":\"required name=search_term_string\"}],\"inLanguage\":\"pl-PL\"},{\"@type\":\"Organization\",\"@id\":\"https:\/\/nck.krakow.pl\/kcc\/#organization\",\"name\":\"Krakowskie Centrum Choreograficzne\",\"url\":\"https:\/\/nck.krakow.pl\/kcc\/\",\"logo\":{\"@type\":\"ImageObject\",\"inLanguage\":\"pl-PL\",\"@id\":\"https:\/\/nck.krakow.pl\/kcc\/#\/schema\/logo\/image\/\",\"url\":\"https:\/\/nck.krakow.pl\/kcc\/wp-content\/uploads\/2020\/01\/cropped-logo-kcc-2020.png\",\"contentUrl\":\"https:\/\/nck.krakow.pl\/kcc\/wp-content\/uploads\/2020\/01\/cropped-logo-kcc-2020.png\",\"width\":116,\"height\":55,\"caption\":\"Krakowskie Centrum Choreograficzne\"},\"image\":{\"@id\":\"https:\/\/nck.krakow.pl\/kcc\/#\/schema\/logo\/image\/\"}}]}<\/script>\n<!-- \/ Yoast SEO plugin. -->","yoast_head_json":{"title":"\u201eTens\u201d - Krakowskie Centrum Choreograficzne","robots":{"index":"index","follow":"follow","max-snippet":"max-snippet:-1","max-image-preview":"max-image-preview:large","max-video-preview":"max-video-preview:-1"},"canonical":"https:\/\/nck.krakow.pl\/kcc\/krakowski-festiwal-tanca-2021\/tens\/","og_locale":"pl_PL","og_type":"article","og_title":"\u201eTens\u201d - Krakowskie Centrum Choreograficzne","og_description":"\u201eTens\u201d&nbsp;Marta Wo\u0142owiec 13 sierpnia 2021 (pi\u0105tek), godz. 19:00, Scena NCK, bilety 20\/30 z\u0142 (bilet \u0142\u0105czony na spektakle \u201eTens\u201d oraz \u201eDzie\u0144, w kt\u00f3rym V. da\u0142a mi do my\u015blenia albo jak pozby\u0142am si\u0119 prokrastynacji\u201d) koncepcja, choreografia, taniec:&nbsp;Marta Wo\u0142owiecmuzyka elektroniczna na \u017cywo:&nbsp;Wojciech Kiwerproducent:&nbsp;Krakowskie Centrum Choreograficzne \u2013 Nowohuckie Centrum Kulturypremiera:&nbsp;4 wrze\u015bnia 2020 Mi\u0119dzynarodowy Festiwal Ta\u0144ca Wsp\u00f3\u0142czesnego Kalejdoskop \u201eWhatever you [&hellip;]","og_url":"https:\/\/nck.krakow.pl\/kcc\/krakowski-festiwal-tanca-2021\/tens\/","og_site_name":"Krakowskie Centrum Choreograficzne","article_modified_time":"2021-08-17T10:46:38+00:00","og_image":[{"url":"https:\/\/nck.krakow.pl\/kcc\/wp-content\/uploads\/2021\/07\/TENS.jpg"}],"twitter_card":"summary_large_image","twitter_misc":{"Est. reading time":"1 minuta"},"schema":{"@context":"https:\/\/schema.org","@graph":[{"@type":"WebPage","@id":"https:\/\/nck.krakow.pl\/kcc\/krakowski-festiwal-tanca-2021\/tens\/","url":"https:\/\/nck.krakow.pl\/kcc\/krakowski-festiwal-tanca-2021\/tens\/","name":"\u201eTens\u201d - Krakowskie Centrum Choreograficzne","isPartOf":{"@id":"https:\/\/nck.krakow.pl\/kcc\/#website"},"datePublished":"2021-07-21T11:55:54+00:00","dateModified":"2021-08-17T10:46:38+00:00","breadcrumb":{"@id":"https:\/\/nck.krakow.pl\/kcc\/krakowski-festiwal-tanca-2021\/tens\/#breadcrumb"},"inLanguage":"pl-PL","potentialAction":[{"@type":"ReadAction","target":["https:\/\/nck.krakow.pl\/kcc\/krakowski-festiwal-tanca-2021\/tens\/"]}]},{"@type":"BreadcrumbList","@id":"https:\/\/nck.krakow.pl\/kcc\/krakowski-festiwal-tanca-2021\/tens\/#breadcrumb","itemListElement":[{"@type":"ListItem","position":1,"name":"Strona g\u0142\u00f3wna","item":"https:\/\/nck.krakow.pl\/kcc\/"},{"@type":"ListItem","position":2,"name":"Krakowski Festiwal Ta\u0144ca 2021","item":"https:\/\/nck.krakow.pl\/kcc\/krakowski-festiwal-tanca-2021\/"},{"@type":"ListItem","position":3,"name":"\u201eTens\u201d"}]},{"@type":"WebSite","@id":"https:\/\/nck.krakow.pl\/kcc\/#website","url":"https:\/\/nck.krakow.pl\/kcc\/","name":"Krakowskie Centrum Choreograficzne","description":"","publisher":{"@id":"https:\/\/nck.krakow.pl\/kcc\/#organization"},"potentialAction":[{"@type":"SearchAction","target":{"@type":"EntryPoint","urlTemplate":"https:\/\/nck.krakow.pl\/kcc\/?s={search_term_string}"},"query-input":"required name=search_term_string"}],"inLanguage":"pl-PL"},{"@type":"Organization","@id":"https:\/\/nck.krakow.pl\/kcc\/#organization","name":"Krakowskie Centrum Choreograficzne","url":"https:\/\/nck.krakow.pl\/kcc\/","logo":{"@type":"ImageObject","inLanguage":"pl-PL","@id":"https:\/\/nck.krakow.pl\/kcc\/#\/schema\/logo\/image\/","url":"https:\/\/nck.krakow.pl\/kcc\/wp-content\/uploads\/2020\/01\/cropped-logo-kcc-2020.png","contentUrl":"https:\/\/nck.krakow.pl\/kcc\/wp-content\/uploads\/2020\/01\/cropped-logo-kcc-2020.png","width":116,"height":55,"caption":"Krakowskie Centrum Choreograficzne"},"image":{"@id":"https:\/\/nck.krakow.pl\/kcc\/#\/schema\/logo\/image\/"}}]}},"_links":{"self":[{"href":"https:\/\/nck.krakow.pl\/kcc\/wp-json\/wp\/v2\/pages\/5230"}],"collection":[{"href":"https:\/\/nck.krakow.pl\/kcc\/wp-json\/wp\/v2\/pages"}],"about":[{"href":"https:\/\/nck.krakow.pl\/kcc\/wp-json\/wp\/v2\/types\/page"}],"author":[{"embeddable":true,"href":"https:\/\/nck.krakow.pl\/kcc\/wp-json\/wp\/v2\/users\/5"}],"replies":[{"embeddable":true,"href":"https:\/\/nck.krakow.pl\/kcc\/wp-json\/wp\/v2\/comments?post=5230"}],"version-history":[{"count":6,"href":"https:\/\/nck.krakow.pl\/kcc\/wp-json\/wp\/v2\/pages\/5230\/revisions"}],"predecessor-version":[{"id":5515,"href":"https:\/\/nck.krakow.pl\/kcc\/wp-json\/wp\/v2\/pages\/5230\/revisions\/5515"}],"up":[{"embeddable":true,"href":"https:\/\/nck.krakow.pl\/kcc\/wp-json\/wp\/v2\/pages\/3723"}],"wp:attachment":[{"href":"https:\/\/nck.krakow.pl\/kcc\/wp-json\/wp\/v2\/media?parent=5230"}],"curies":[{"name":"wp","href":"https:\/\/api.w.org\/{rel}","templated":true}]}}