{"id":5227,"date":"2021-07-21T11:52:24","date_gmt":"2021-07-21T11:52:24","guid":{"rendered":"https:\/\/nck.krakow.pl\/kcc\/?page_id=5227"},"modified":"2021-08-06T12:11:05","modified_gmt":"2021-08-06T12:11:05","slug":"czestotliwosc","status":"publish","type":"page","link":"https:\/\/nck.krakow.pl\/kcc\/krakowski-festiwal-tanca-2021\/czestotliwosc\/","title":{"rendered":"\u201eCZ\u0118STOTLIWO\u015a\u0106\u201d"},"content":{"rendered":"\n<figure class=\"wp-block-image size-large\"><img loading=\"lazy\" decoding=\"async\" width=\"595\" height=\"595\" src=\"https:\/\/nck.krakow.pl\/kcc\/wp-content\/uploads\/2021\/07\/Czestotliwosc.jpg\" alt=\"\" class=\"wp-image-5228\" srcset=\"https:\/\/nck.krakow.pl\/kcc\/wp-content\/uploads\/2021\/07\/Czestotliwosc.jpg 595w, https:\/\/nck.krakow.pl\/kcc\/wp-content\/uploads\/2021\/07\/Czestotliwosc-300x300.jpg 300w, https:\/\/nck.krakow.pl\/kcc\/wp-content\/uploads\/2021\/07\/Czestotliwosc-150x150.jpg 150w\" sizes=\"(max-width: 595px) 100vw, 595px\" \/><\/figure>\n\n\n\n<p><strong>PREMIERA \u201eCZ\u0118STOTLIWO\u015a\u0106\u201d LineAct, Tomasz Gawro\u0144ski&nbsp;<\/strong><\/p>\n\n\n\n<p><strong>12 sierpnia 2021 (czwartek), godz. 21:30<\/strong>, Rynek NCK, wst\u0119p wolny&nbsp;<\/p>\n\n\n\n<p>Site specific (taniec wertykalny + mapping)<\/p>\n\n\n\n<div style=\"height:30px\" aria-hidden=\"true\" class=\"wp-block-spacer\"><\/div>\n\n\n\n<p><strong>choreografia:<\/strong> Katarzyna Gorczyca<br><strong>mapping \/ visual:<\/strong> Tomasz Gawro\u0144ski<br><strong>wykonanie:<\/strong> Dagmara Piasta i Nina Minor<br><strong>muzyka:<\/strong> Aleksander Wnuk, album \u201eLupnik\u201d<br><strong>techniki linowe<\/strong>: Jakub Urba\u0144ski<\/p>\n\n\n\n<div style=\"height:50px\" aria-hidden=\"true\" class=\"wp-block-spacer\"><\/div>\n\n\n\n<p>LineAct tworzy spektakle site-specific przy wykorzystaniu technik linowych i wsp\u00f3\u0142czesnych technik ta\u0144ca wertykalnego. Poszukuj\u0105 nowatorskich i oryginalnych rozwi\u0105za\u0144 w tworzeniu widowiska teatralnego w przestrzeni miejskiej. Ich spektakle wnikaj\u0105 w tkank\u0119 miejsk\u0105, w kt\u00f3rej powstaj\u0105. Wa\u017cnym aspektem ich dzia\u0142a\u0144 jest wej\u015bcie w dialog z architektur\u0105, rozpoznanie jej ruchowego potencja\u0142u. Nie poprzestaj\u0105c jedynie na biernej interpretacji obrazu, LineAct prowokuje do odkrywania zaskakuj\u0105cych relacji mi\u0119dzy tancerzem a otoczeniem.<\/p>\n\n\n\n<p>Mikro<br>drgania<br>fale<br>napi\u0119cie<br>linia<br>pr\u00f3g<br>szum.<br>Decyzja.<\/p>\n\n\n\n<p><a href=\"http:\/\/lineact.pl\/\">http:\/\/lineact.pl\/<\/a><\/p>\n\n\n\n<figure class=\"wp-block-embed is-type-video is-provider-youtube wp-block-embed-youtube wp-embed-aspect-16-9 wp-has-aspect-ratio\"><div class=\"wp-block-embed__wrapper\">\n<iframe loading=\"lazy\" title=\"LineAct - ZAKORZENIENI (en. Rooted) - Aftermovie\" width=\"768\" height=\"432\" src=\"https:\/\/www.youtube.com\/embed\/2Hi8FMPvHhE?feature=oembed\" frameborder=\"0\" allow=\"accelerometer; autoplay; clipboard-write; encrypted-media; gyroscope; picture-in-picture\" allowfullscreen><\/iframe>\n<\/div><\/figure>\n\n\n\n<p><strong>Katarzyna Gorczyca<\/strong><br>Choreograf, performerka, pedagog.<br>Urodzona w 1988 roku w Katowicach. Absolwentka Wydzia\u0142u Teatru Ta\u0144ca w Bytomiu PWST im. L. Solskiego w Krakowie (obecnie AST im. St. Wyspia\u0144skiego). Wsp\u00f3\u0142za\u0142o\u017cycielka grupy LineAct, kt\u00f3ra tworzy spektakle site-specific przy wykorzystaniu technik linowych i wsp\u00f3\u0142czesnych technik ta\u0144ca wertykalnego. Od 2018 roku wsp\u00f3\u0142pracuje jako choreograf, aktorka i tancerka z festiwalem Gandersheimer Domfestspiele w Niemczech. Wraz z Brianem Michaelsem tworzy duet re\u017cysersko-choreograficzny tworz\u0105c mi\u0119dzynarodowe produkcje teatralne (THE TAMING OF THE SHREW Shakespeare Festival Essen\/Niemcy, LYSISTRATA Pafos Cultur Capital\/Cypr, SEARCHING THE SILENCE Jewish Polish Road Movie Performance, MENSCH- Teatr Dramatyczny im. J.&nbsp;Szaniawskiego w Wa\u0142brzychu).<br>Spektaklem #DBRMPP wraz z Oskarem Malinowskim stworzy\u0142a kampowy kolektyw GORCZYCA\/MALINOWSKI. Kolektyw zosta\u0142 zaproszony min. na rezydencj\u0119 w klubie \u017bAK w Gda\u0144sku, w ramach kt\u00f3rej powsta\u0142 ich kolejny spektakl PARA NR 1, zaproszony min. do Teatru Studio i Centrum Sztuki Ta\u0144ca w Warszawie, Teatru \u015al\u0105skiego w Katowicach czy Narodowego Centrum Ta\u0144ca w Bukareszcie.<br>Wsp\u00f3\u0142pracuje z m\u0142odym pokoleniem re\u017cyser\u00f3w m.in. J\u0119drzejem Piaskowskim i Maciejem Gorczy\u0144skim. Uczestniczka Forum Re\u017cyser\u00f3w w ramach Olimpiady Teatralnej \u015aWIAT MIEJSCEM PRAWDY Wroc\u0142aw 2016 w Instytucie Grotowskiego. Cykl warsztat\u00f3w z W. Fokinem, A. Wasiliewem, E. Barba, I. Kempa.<br>Stypendystka Prezydenta Miasta \u0141odzi 2018 (stypendium dla os\u00f3b zajmuj\u0105cych si\u0119 dzia\u0142alno\u015bci\u0105 artystyczn\u0105) oraz stypendystka MKiDN programu Kultura w sieci 2020. Wsp\u00f3\u0142pracowa\u0142a z Galeri\u0105 Art Brut Odlot prowadz\u0105c autorskie spotkania improwizacji ruchowej z uczestnikami programu Dom na Osiedlu.<br>Wsp\u00f3\u0142za\u0142o\u017cycielka przestrzeni improwizacji osobistej oraz klubokawiarni KIPISZ w \u0141odzi <a href=\"http:\/\/www.kipisz.pl\">www.kipisz.pl<\/a>.<\/p>\n\n\n\n<p><strong>Dagmara Piasta<\/strong><br>Absolwentka Pa\u0144stwowej Wy\u017cszej Szko\u0142y Teatralnej w Krakowie (obecnej AST), Wydzia\u0142u Teatru Ta\u0144ca w Bytomiu. Od 2015 roku do chwili obecnej wsp\u00f3\u0142pracuje z Narodowym Teatrem Edukacji im. Adama Mickiewicza we Wroc\u0142awiu, w kt\u00f3rym tworzy choreografie oraz ruch sceniczny, a tak\u017ce gra\u0142a w licznych spektaklach dla dzieci i m\u0142odzie\u017cy. Jest cz\u0142onkiem grupy LINEACT, z kt\u00f3r\u0105 wsp\u00f3\u0142tworzy\u0142a spektakle m.in.: \u201eOpl\u0105tane\u201d, \u201eSzczeg\u00f3lnie ciekawe przypadki\u201d, \u201e27 kr\u00f3tkich spojrze\u0144\u201d, \u201eLepiej*\u201d, \u201ePrzebrzmienia\u201d oraz \u201eOpowie\u015bci zza \u015bciany\u201d. Wsp\u00f3\u0142pracuje z Teatrem w Ruchu z Krakowa. Wsp\u00f3\u0142tworzy\u0142a grup\u0119 POLES APART, z kt\u00f3r\u0105 gra\u0142a spektakl \u201eTaming of the Shrew\u201d w re\u017c. Briana Michaelsa. Wsp\u00f3\u0142pracowa\u0142a z Teatrem Zamiast w \u0141odzi oraz pracowa\u0142a z artystami Galerii Art Brut Odlot (uczestnikami programu Dom na Osiedlu), z kt\u00f3rymi prowadzi\u0142a autorskie warsztaty z improwizacji ruchowej. Wyst\u0119powa\u0142a w spektaklach: \u201eKocham tylko i wy\u0142\u0105cznie ca\u0142ym sercem nie-roz\u0142\u0105cznie Magdalen\u0119\u201d w chor. Jacka \u0141umi\u0144skiego, \u201eUbu Kr\u00f3l, czyli Polacy\u201d w re\u017c. Jerzego Stuhra, \u201eWorking title Ego\u201d w re\u017c. i chor. Jens\u2019a van Daele, \u201eFerdydurke\u201d, \u201eTango\u201d, \u201eRaskolnikow\u201d w re\u017c. Marzeny Kucmer-Ko\u0142e\u0144skiej. Choreografi\u0105 Justyny Mas\u0142owskiej \u201eThe white color of your eyes\u201d zakwalifikowa\u0142a si\u0119 do mi\u0119dzynarodowego konkursu choreograficznego Solo Duo 2015 w Budapeszcie.<\/p>\n\n\n\n<p><strong>Nina Minor<\/strong><br>Aktorka, wyk\u0142adowca, producentka wydarze\u0144 artystycznych. Z wyr\u00f3\u017cnieniem uko\u0144czy\u0142a Akademi\u0119 Sztuk Teatralnych im. St. Wyspia\u0144skiego w Krakowie, na WTT w Bytomiu. Zadebiutowa\u0142a w Teatrze Telewizji pt.:\u201eRewizor\u201d u boku m.in. Agaty Kuleszy oraz samego re\u017cysera Jerzego Stuhra. Zagra\u0142a w filmie \u201eOdnajd\u0119 ci\u0119\u201d Beaty Dzianowicz, spektaklu Wojtka Farugi, \u201cJa jestem pami\u0119ci\u0105\u201d, a w 2018 roku, zagra\u0142a oraz stworzy\u0142a ruch sceniczny do spektaklu w re\u017c. Jerzego Stuhra w Och Teatrze w Warszawie. Po studiach zwi\u0105zana m.in z Teatrem Rozrywki w Chorzowie (\u201eDow\u00f3d osobisty\u201d re\u017c. M. Streker), Teatrem Muzycznym w Toruniu oraz kompani\u0105 LineAct (\u201e Zakorzenieni\u201d,\u201e27 kr\u00f3tkich spojrze\u0144\u201d,\u201dSzczeg\u00f3lnie ciekawe przypadki\u201d). Otrzymuj\u0105c dotacj\u0119 z NCK, zagra\u0142a oraz wyprodukowa\u0142a film \u201c2\u201d (Drugi pok\u00f3j w sieci) w re\u017c. Wojtka Farugi z muzyk\u0105 Steve Nash\u2019a i zdj\u0119ciami Piotra Pawlusa.<br>Jest stypendystk\u0105 Marsza\u0142ka Wojew\u00f3dztwa \u015al\u0105skiego (Go\u015bciniec\u201d Minor\/Gorczyca), Kujawsko &#8211; Pomorskiego (\u201cMetanoia\u201d) oraz Prezydenta Miasta Cz\u0119stochowy (Wy-czeka\u0107!\/?\u201d). Otrzyma\u0142a tak\u017ce nagrod\u0119 Zarz\u0105du Fundacji Sceny im. St. Wyspia\u0144skiego, za wsp\u00f3\u0142tworzenie spektaklu dyplomowego \u201cPortret wielokrotny\u201d w re\u017c. Piotra Cie\u015blaka oraz I nagrod\u0119 III Edycji Konkursu Entree za spektakl \u201eShakespeare it\u201d wraz z jego wsp\u00f3\u0142tw\u00f3rczyniami.<br>Wraz ze swoj\u0105 Fundacj\u0105 Przetw\u00f3rnia Sztuki, zrealizowa\u0142a przedsi\u0119wzi\u0119cia takie jak: instalacje audio-wizualne \u201eOrganum\u201d ( 2017 r.) oraz \u201eSequence\u201d (2019 r.) w ramach Mi\u0119dzynarodowego Festiwalu Bella Skyway, oprawa artystyczna Gali Otwarcia Mistrzostw \u015awiata w Szermierce (2019r.), a tak\u017ce cz\u0119\u015bciowa oprawa muzyczna wydarze\u0144 takich jak: Gala Effie (online), Paszporty Polityki, czy World Games we Wroc\u0142awiu.<br>Spektakle z jej udzia\u0142em prezentowane by\u0142y m.in. podczas Festiwalu Szekspirowskiego w Armenii i Gda\u0144sku (\u201c Shakespeare it\u201d) na Tanzfestival Bielefeld w Niemczech (\u201eSwan lake\u201d w re\u017c. i chor. I.Cohena (Izrael),Festiwalu Mandala we Wroc\u0142awiu, w Teatrze Narodowym w Warszawie oraz Festiwalu Teatralnym Your Chance w Moskwie.<\/p>\n\n\n\n<figure class=\"wp-block-image size-large\"><img loading=\"lazy\" decoding=\"async\" width=\"1024\" height=\"683\" src=\"https:\/\/nck.krakow.pl\/kcc\/wp-content\/uploads\/2021\/07\/LINIEACT.Opowiesci-zza-sciany-fot.-Parabelka-1024x683.jpg\" alt=\"\" class=\"wp-image-5304\" srcset=\"https:\/\/nck.krakow.pl\/kcc\/wp-content\/uploads\/2021\/07\/LINIEACT.Opowiesci-zza-sciany-fot.-Parabelka-1024x683.jpg 1024w, https:\/\/nck.krakow.pl\/kcc\/wp-content\/uploads\/2021\/07\/LINIEACT.Opowiesci-zza-sciany-fot.-Parabelka-300x200.jpg 300w, https:\/\/nck.krakow.pl\/kcc\/wp-content\/uploads\/2021\/07\/LINIEACT.Opowiesci-zza-sciany-fot.-Parabelka-768x512.jpg 768w, https:\/\/nck.krakow.pl\/kcc\/wp-content\/uploads\/2021\/07\/LINIEACT.Opowiesci-zza-sciany-fot.-Parabelka-1536x1024.jpg 1536w, https:\/\/nck.krakow.pl\/kcc\/wp-content\/uploads\/2021\/07\/LINIEACT.Opowiesci-zza-sciany-fot.-Parabelka.jpg 1944w\" sizes=\"(max-width: 1024px) 100vw, 1024px\" \/><\/figure>\n","protected":false},"excerpt":{"rendered":"<p>PREMIERA \u201eCZ\u0118STOTLIWO\u015a\u0106\u201d LineAct, Tomasz Gawro\u0144ski&nbsp; 12 sierpnia 2021 (czwartek), godz. 21:30, Rynek NCK, wst\u0119p wolny&nbsp; Site specific (taniec wertykalny + mapping) choreografia: Katarzyna Gorczycamapping \/ visual: Tomasz Gawro\u0144skiwykonanie: Dagmara Piasta i Nina Minormuzyka: Aleksander Wnuk, album \u201eLupnik\u201dtechniki linowe: Jakub Urba\u0144ski LineAct tworzy spektakle site-specific przy wykorzystaniu technik linowych i wsp\u00f3\u0142czesnych technik ta\u0144ca wertykalnego. Poszukuj\u0105 nowatorskich [&hellip;]<\/p>\n","protected":false},"author":5,"featured_media":0,"parent":3723,"menu_order":0,"comment_status":"closed","ping_status":"closed","template":"","meta":{"footnotes":""},"class_list":["post-5227","page","type-page","status-publish","hentry"],"yoast_head":"<!-- This site is optimized with the Yoast SEO plugin v19.12 - https:\/\/yoast.com\/wordpress\/plugins\/seo\/ -->\n<title>\u201eCZ\u0118STOTLIWO\u015a\u0106\u201d - Krakowskie Centrum Choreograficzne<\/title>\n<meta name=\"robots\" content=\"index, follow, max-snippet:-1, max-image-preview:large, max-video-preview:-1\" \/>\n<link rel=\"canonical\" href=\"https:\/\/nck.krakow.pl\/kcc\/krakowski-festiwal-tanca-2021\/czestotliwosc\/\" \/>\n<meta property=\"og:locale\" content=\"pl_PL\" \/>\n<meta property=\"og:type\" content=\"article\" \/>\n<meta property=\"og:title\" content=\"\u201eCZ\u0118STOTLIWO\u015a\u0106\u201d - Krakowskie Centrum Choreograficzne\" \/>\n<meta property=\"og:description\" content=\"PREMIERA \u201eCZ\u0118STOTLIWO\u015a\u0106\u201d LineAct, Tomasz Gawro\u0144ski&nbsp; 12 sierpnia 2021 (czwartek), godz. 21:30, Rynek NCK, wst\u0119p wolny&nbsp; Site specific (taniec wertykalny + mapping) choreografia: Katarzyna Gorczycamapping \/ visual: Tomasz Gawro\u0144skiwykonanie: Dagmara Piasta i Nina Minormuzyka: Aleksander Wnuk, album \u201eLupnik\u201dtechniki linowe: Jakub Urba\u0144ski LineAct tworzy spektakle site-specific przy wykorzystaniu technik linowych i wsp\u00f3\u0142czesnych technik ta\u0144ca wertykalnego. Poszukuj\u0105 nowatorskich [&hellip;]\" \/>\n<meta property=\"og:url\" content=\"https:\/\/nck.krakow.pl\/kcc\/krakowski-festiwal-tanca-2021\/czestotliwosc\/\" \/>\n<meta property=\"og:site_name\" content=\"Krakowskie Centrum Choreograficzne\" \/>\n<meta property=\"article:modified_time\" content=\"2021-08-06T12:11:05+00:00\" \/>\n<meta property=\"og:image\" content=\"https:\/\/nck.krakow.pl\/kcc\/wp-content\/uploads\/2021\/07\/Czestotliwosc.jpg\" \/>\n<meta name=\"twitter:card\" content=\"summary_large_image\" \/>\n<meta name=\"twitter:label1\" content=\"Est. reading time\" \/>\n\t<meta name=\"twitter:data1\" content=\"5 minut\" \/>\n<script type=\"application\/ld+json\" class=\"yoast-schema-graph\">{\"@context\":\"https:\/\/schema.org\",\"@graph\":[{\"@type\":\"WebPage\",\"@id\":\"https:\/\/nck.krakow.pl\/kcc\/krakowski-festiwal-tanca-2021\/czestotliwosc\/\",\"url\":\"https:\/\/nck.krakow.pl\/kcc\/krakowski-festiwal-tanca-2021\/czestotliwosc\/\",\"name\":\"\u201eCZ\u0118STOTLIWO\u015a\u0106\u201d - Krakowskie Centrum Choreograficzne\",\"isPartOf\":{\"@id\":\"https:\/\/nck.krakow.pl\/kcc\/#website\"},\"datePublished\":\"2021-07-21T11:52:24+00:00\",\"dateModified\":\"2021-08-06T12:11:05+00:00\",\"breadcrumb\":{\"@id\":\"https:\/\/nck.krakow.pl\/kcc\/krakowski-festiwal-tanca-2021\/czestotliwosc\/#breadcrumb\"},\"inLanguage\":\"pl-PL\",\"potentialAction\":[{\"@type\":\"ReadAction\",\"target\":[\"https:\/\/nck.krakow.pl\/kcc\/krakowski-festiwal-tanca-2021\/czestotliwosc\/\"]}]},{\"@type\":\"BreadcrumbList\",\"@id\":\"https:\/\/nck.krakow.pl\/kcc\/krakowski-festiwal-tanca-2021\/czestotliwosc\/#breadcrumb\",\"itemListElement\":[{\"@type\":\"ListItem\",\"position\":1,\"name\":\"Strona g\u0142\u00f3wna\",\"item\":\"https:\/\/nck.krakow.pl\/kcc\/\"},{\"@type\":\"ListItem\",\"position\":2,\"name\":\"Krakowski Festiwal Ta\u0144ca 2021\",\"item\":\"https:\/\/nck.krakow.pl\/kcc\/krakowski-festiwal-tanca-2021\/\"},{\"@type\":\"ListItem\",\"position\":3,\"name\":\"\u201eCZ\u0118STOTLIWO\u015a\u0106\u201d\"}]},{\"@type\":\"WebSite\",\"@id\":\"https:\/\/nck.krakow.pl\/kcc\/#website\",\"url\":\"https:\/\/nck.krakow.pl\/kcc\/\",\"name\":\"Krakowskie Centrum Choreograficzne\",\"description\":\"\",\"publisher\":{\"@id\":\"https:\/\/nck.krakow.pl\/kcc\/#organization\"},\"potentialAction\":[{\"@type\":\"SearchAction\",\"target\":{\"@type\":\"EntryPoint\",\"urlTemplate\":\"https:\/\/nck.krakow.pl\/kcc\/?s={search_term_string}\"},\"query-input\":\"required name=search_term_string\"}],\"inLanguage\":\"pl-PL\"},{\"@type\":\"Organization\",\"@id\":\"https:\/\/nck.krakow.pl\/kcc\/#organization\",\"name\":\"Krakowskie Centrum Choreograficzne\",\"url\":\"https:\/\/nck.krakow.pl\/kcc\/\",\"logo\":{\"@type\":\"ImageObject\",\"inLanguage\":\"pl-PL\",\"@id\":\"https:\/\/nck.krakow.pl\/kcc\/#\/schema\/logo\/image\/\",\"url\":\"https:\/\/nck.krakow.pl\/kcc\/wp-content\/uploads\/2020\/01\/cropped-logo-kcc-2020.png\",\"contentUrl\":\"https:\/\/nck.krakow.pl\/kcc\/wp-content\/uploads\/2020\/01\/cropped-logo-kcc-2020.png\",\"width\":116,\"height\":55,\"caption\":\"Krakowskie Centrum Choreograficzne\"},\"image\":{\"@id\":\"https:\/\/nck.krakow.pl\/kcc\/#\/schema\/logo\/image\/\"}}]}<\/script>\n<!-- \/ Yoast SEO plugin. -->","yoast_head_json":{"title":"\u201eCZ\u0118STOTLIWO\u015a\u0106\u201d - Krakowskie Centrum Choreograficzne","robots":{"index":"index","follow":"follow","max-snippet":"max-snippet:-1","max-image-preview":"max-image-preview:large","max-video-preview":"max-video-preview:-1"},"canonical":"https:\/\/nck.krakow.pl\/kcc\/krakowski-festiwal-tanca-2021\/czestotliwosc\/","og_locale":"pl_PL","og_type":"article","og_title":"\u201eCZ\u0118STOTLIWO\u015a\u0106\u201d - Krakowskie Centrum Choreograficzne","og_description":"PREMIERA \u201eCZ\u0118STOTLIWO\u015a\u0106\u201d LineAct, Tomasz Gawro\u0144ski&nbsp; 12 sierpnia 2021 (czwartek), godz. 21:30, Rynek NCK, wst\u0119p wolny&nbsp; Site specific (taniec wertykalny + mapping) choreografia: Katarzyna Gorczycamapping \/ visual: Tomasz Gawro\u0144skiwykonanie: Dagmara Piasta i Nina Minormuzyka: Aleksander Wnuk, album \u201eLupnik\u201dtechniki linowe: Jakub Urba\u0144ski LineAct tworzy spektakle site-specific przy wykorzystaniu technik linowych i wsp\u00f3\u0142czesnych technik ta\u0144ca wertykalnego. Poszukuj\u0105 nowatorskich [&hellip;]","og_url":"https:\/\/nck.krakow.pl\/kcc\/krakowski-festiwal-tanca-2021\/czestotliwosc\/","og_site_name":"Krakowskie Centrum Choreograficzne","article_modified_time":"2021-08-06T12:11:05+00:00","og_image":[{"url":"https:\/\/nck.krakow.pl\/kcc\/wp-content\/uploads\/2021\/07\/Czestotliwosc.jpg"}],"twitter_card":"summary_large_image","twitter_misc":{"Est. reading time":"5 minut"},"schema":{"@context":"https:\/\/schema.org","@graph":[{"@type":"WebPage","@id":"https:\/\/nck.krakow.pl\/kcc\/krakowski-festiwal-tanca-2021\/czestotliwosc\/","url":"https:\/\/nck.krakow.pl\/kcc\/krakowski-festiwal-tanca-2021\/czestotliwosc\/","name":"\u201eCZ\u0118STOTLIWO\u015a\u0106\u201d - Krakowskie Centrum Choreograficzne","isPartOf":{"@id":"https:\/\/nck.krakow.pl\/kcc\/#website"},"datePublished":"2021-07-21T11:52:24+00:00","dateModified":"2021-08-06T12:11:05+00:00","breadcrumb":{"@id":"https:\/\/nck.krakow.pl\/kcc\/krakowski-festiwal-tanca-2021\/czestotliwosc\/#breadcrumb"},"inLanguage":"pl-PL","potentialAction":[{"@type":"ReadAction","target":["https:\/\/nck.krakow.pl\/kcc\/krakowski-festiwal-tanca-2021\/czestotliwosc\/"]}]},{"@type":"BreadcrumbList","@id":"https:\/\/nck.krakow.pl\/kcc\/krakowski-festiwal-tanca-2021\/czestotliwosc\/#breadcrumb","itemListElement":[{"@type":"ListItem","position":1,"name":"Strona g\u0142\u00f3wna","item":"https:\/\/nck.krakow.pl\/kcc\/"},{"@type":"ListItem","position":2,"name":"Krakowski Festiwal Ta\u0144ca 2021","item":"https:\/\/nck.krakow.pl\/kcc\/krakowski-festiwal-tanca-2021\/"},{"@type":"ListItem","position":3,"name":"\u201eCZ\u0118STOTLIWO\u015a\u0106\u201d"}]},{"@type":"WebSite","@id":"https:\/\/nck.krakow.pl\/kcc\/#website","url":"https:\/\/nck.krakow.pl\/kcc\/","name":"Krakowskie Centrum Choreograficzne","description":"","publisher":{"@id":"https:\/\/nck.krakow.pl\/kcc\/#organization"},"potentialAction":[{"@type":"SearchAction","target":{"@type":"EntryPoint","urlTemplate":"https:\/\/nck.krakow.pl\/kcc\/?s={search_term_string}"},"query-input":"required name=search_term_string"}],"inLanguage":"pl-PL"},{"@type":"Organization","@id":"https:\/\/nck.krakow.pl\/kcc\/#organization","name":"Krakowskie Centrum Choreograficzne","url":"https:\/\/nck.krakow.pl\/kcc\/","logo":{"@type":"ImageObject","inLanguage":"pl-PL","@id":"https:\/\/nck.krakow.pl\/kcc\/#\/schema\/logo\/image\/","url":"https:\/\/nck.krakow.pl\/kcc\/wp-content\/uploads\/2020\/01\/cropped-logo-kcc-2020.png","contentUrl":"https:\/\/nck.krakow.pl\/kcc\/wp-content\/uploads\/2020\/01\/cropped-logo-kcc-2020.png","width":116,"height":55,"caption":"Krakowskie Centrum Choreograficzne"},"image":{"@id":"https:\/\/nck.krakow.pl\/kcc\/#\/schema\/logo\/image\/"}}]}},"_links":{"self":[{"href":"https:\/\/nck.krakow.pl\/kcc\/wp-json\/wp\/v2\/pages\/5227"}],"collection":[{"href":"https:\/\/nck.krakow.pl\/kcc\/wp-json\/wp\/v2\/pages"}],"about":[{"href":"https:\/\/nck.krakow.pl\/kcc\/wp-json\/wp\/v2\/types\/page"}],"author":[{"embeddable":true,"href":"https:\/\/nck.krakow.pl\/kcc\/wp-json\/wp\/v2\/users\/5"}],"replies":[{"embeddable":true,"href":"https:\/\/nck.krakow.pl\/kcc\/wp-json\/wp\/v2\/comments?post=5227"}],"version-history":[{"count":5,"href":"https:\/\/nck.krakow.pl\/kcc\/wp-json\/wp\/v2\/pages\/5227\/revisions"}],"predecessor-version":[{"id":5412,"href":"https:\/\/nck.krakow.pl\/kcc\/wp-json\/wp\/v2\/pages\/5227\/revisions\/5412"}],"up":[{"embeddable":true,"href":"https:\/\/nck.krakow.pl\/kcc\/wp-json\/wp\/v2\/pages\/3723"}],"wp:attachment":[{"href":"https:\/\/nck.krakow.pl\/kcc\/wp-json\/wp\/v2\/media?parent=5227"}],"curies":[{"name":"wp","href":"https:\/\/api.w.org\/{rel}","templated":true}]}}