{"id":5222,"date":"2021-07-21T11:48:50","date_gmt":"2021-07-21T11:48:50","guid":{"rendered":"https:\/\/nck.krakow.pl\/kcc\/?page_id=5222"},"modified":"2021-08-17T10:46:33","modified_gmt":"2021-08-17T10:46:33","slug":"jumpcore","status":"publish","type":"page","link":"https:\/\/nck.krakow.pl\/kcc\/krakowski-festiwal-tanca-2021\/jumpcore\/","title":{"rendered":"\u201eJumpcore\u201d"},"content":{"rendered":"\n<figure class=\"wp-block-image size-large\"><img loading=\"lazy\" decoding=\"async\" width=\"595\" height=\"595\" src=\"https:\/\/nck.krakow.pl\/kcc\/wp-content\/uploads\/2021\/07\/Jumpcore.jpg\" alt=\"\" class=\"wp-image-5223\" srcset=\"https:\/\/nck.krakow.pl\/kcc\/wp-content\/uploads\/2021\/07\/Jumpcore.jpg 595w, https:\/\/nck.krakow.pl\/kcc\/wp-content\/uploads\/2021\/07\/Jumpcore-300x300.jpg 300w, https:\/\/nck.krakow.pl\/kcc\/wp-content\/uploads\/2021\/07\/Jumpcore-150x150.jpg 150w\" sizes=\"(max-width: 595px) 100vw, 595px\" \/><\/figure>\n\n\n\n<p><strong>\u201eJumpcore\u201d&nbsp;Pawe\u0142 Sakowicz<\/strong><\/p>\n\n\n\n<p><strong>12 sierpnia 2021 (czwartek), godz. 19:00<\/strong>, Bia\u0142a Galeria CENTRUM, bilety 20\/30 z\u0142<\/p>\n\n\n\n<div style=\"height:30px\" aria-hidden=\"true\" class=\"wp-block-spacer\"><\/div>\n\n\n\n<p><strong>choreografia i taniec:<\/strong> Pawe\u0142 Sakowicz<br><strong>dramaturgia:<\/strong> Mateusz Szyman\u00f3wka<br><strong>muzyka:<\/strong> Indecorum<br><strong>kostium:<\/strong> Doom 3k<br><strong>produkcja:<\/strong> Maat Festival, Scena Ta\u0144ca Studio, Zach\u0119ta &#8211; Narodowa Galeria Sztuki<\/p>\n\n\n\n<div style=\"height:50px\" aria-hidden=\"true\" class=\"wp-block-spacer\"><\/div>\n\n\n\n<figure class=\"wp-block-embed is-type-video is-provider-vimeo wp-block-embed-vimeo wp-embed-aspect-16-9 wp-has-aspect-ratio\"><div class=\"wp-block-embed__wrapper\">\n<iframe loading=\"lazy\" title=\"JUMPCORE trailer\" src=\"https:\/\/player.vimeo.com\/video\/400017395?dnt=1&amp;app_id=122963\" width=\"768\" height=\"432\" frameborder=\"0\" allow=\"autoplay; fullscreen; picture-in-picture\" allowfullscreen><\/iframe>\n<\/div><\/figure>\n\n\n\n<p>Praca pochodzi z kolekcji Zach\u0119ty &#8211; Narodowej Galerii Sztuki<\/p>\n\n\n\n<p>Jumpcore jest spektaklem nale\u017c\u0105cym do sieci Aerowaves Twenty19<\/p>\n\n\n\n<p>Nie jest do ko\u0144ca jasne, czy Fred Herko planowa\u0142 zako\u0144czy\u0107 sw\u00f3j kameralny performans samob\u00f3jcz\u0105 \u015bmierci\u0105. Wzi\u0105\u0142 k\u0105piel, w\u0142\u0105czy\u0142 <em>Msz\u0119 koronacyjn\u0105<\/em> Mozarta i zacz\u0105\u0142 ta\u0144czy\u0107 nago w salonie przyjaciela. Kilkakrotnie zbli\u017ca\u0142 si\u0119 do otwartego okna. Kiedy wybrzmia\u0142 <em>Sanctus<\/em>, wzi\u0105\u0142 rozbieg i wyskoczy\u0142 przez okno apartamentu miesz\u0105cego si\u0119 na pi\u0105tym pi\u0119trze przy nowojorskiej Cornelia Street. Bo przecie\u017c ka\u017cdy tancerz baletowy ma wra\u017cenie, \u017ce potrafi lata\u0107, a zawieszony na sekund\u0119 w skoku, rzeczywi\u015bcie to robi.<\/p>\n\n\n\n<p><strong>Pawe\u0142&nbsp;Sakowicz<\/strong> &#8211; choreograf i tancerz. Tworzy spektakle choreograficzne, wsp\u00f3\u0142pracuje z re\u017cyserami teatralnymi i filmowymi. Aktualnie szczeg\u00f3lnie interesuj\u0105 go zagadnienia przyw\u0142aszcze\u0144 kulturowych w choreografii. Autor prac: TOTAL, Jumpcore, Thriller (wsp\u00f3lnie z Ann\u0105&nbsp;Smolar), Masakra i Drama. Swoje spektakle pokazywa\u0142&nbsp;m.in. podczas trzech&nbsp;edycji Polskiej Platformy Ta\u0144ca, festiwalu Boska Komedia,&nbsp;La Biennale de danse du Val-de-Marne,&nbsp;w Muzeum Susch, NYU Skirball w Nowym Jorku czy CAC w Nowym Orleanie.<\/p>\n\n\n\n<figure class=\"wp-block-gallery columns-2 is-cropped wp-block-gallery-1 is-layout-flex wp-block-gallery-is-layout-flex\"><ul class=\"blocks-gallery-grid\"><li class=\"blocks-gallery-item\"><figure><a href=\"https:\/\/nck.krakow.pl\/kcc\/wp-content\/uploads\/2021\/07\/Jumpcore-Piotr-Jaruga.jpg\"><img loading=\"lazy\" decoding=\"async\" width=\"1024\" height=\"684\" src=\"https:\/\/nck.krakow.pl\/kcc\/wp-content\/uploads\/2021\/07\/Jumpcore-Piotr-Jaruga-1024x684.jpg\" alt=\"\" data-id=\"5300\" data-full-url=\"https:\/\/nck.krakow.pl\/kcc\/wp-content\/uploads\/2021\/07\/Jumpcore-Piotr-Jaruga.jpg\" data-link=\"https:\/\/nck.krakow.pl\/kcc\/krakowski-festiwal-tanca\/jumpcore\/jumpcore-piotr-jaruga\/\" class=\"wp-image-5300\" srcset=\"https:\/\/nck.krakow.pl\/kcc\/wp-content\/uploads\/2021\/07\/Jumpcore-Piotr-Jaruga-1024x684.jpg 1024w, https:\/\/nck.krakow.pl\/kcc\/wp-content\/uploads\/2021\/07\/Jumpcore-Piotr-Jaruga-300x200.jpg 300w, https:\/\/nck.krakow.pl\/kcc\/wp-content\/uploads\/2021\/07\/Jumpcore-Piotr-Jaruga-768x513.jpg 768w, https:\/\/nck.krakow.pl\/kcc\/wp-content\/uploads\/2021\/07\/Jumpcore-Piotr-Jaruga-1536x1025.jpg 1536w, https:\/\/nck.krakow.pl\/kcc\/wp-content\/uploads\/2021\/07\/Jumpcore-Piotr-Jaruga.jpg 2048w\" sizes=\"(max-width: 1024px) 100vw, 1024px\" \/><\/a><\/figure><\/li><li class=\"blocks-gallery-item\"><figure><a href=\"https:\/\/nck.krakow.pl\/kcc\/wp-content\/uploads\/2021\/07\/Jumpcore-Piotr-Jaruga-1.jpg\"><img loading=\"lazy\" decoding=\"async\" width=\"1024\" height=\"683\" src=\"https:\/\/nck.krakow.pl\/kcc\/wp-content\/uploads\/2021\/07\/Jumpcore-Piotr-Jaruga-1-1024x683.jpg\" alt=\"\" data-id=\"5301\" data-full-url=\"https:\/\/nck.krakow.pl\/kcc\/wp-content\/uploads\/2021\/07\/Jumpcore-Piotr-Jaruga-1.jpg\" data-link=\"https:\/\/nck.krakow.pl\/kcc\/krakowski-festiwal-tanca\/jumpcore\/jumpcore-piotr-jaruga-1\/\" class=\"wp-image-5301\" srcset=\"https:\/\/nck.krakow.pl\/kcc\/wp-content\/uploads\/2021\/07\/Jumpcore-Piotr-Jaruga-1-1024x683.jpg 1024w, https:\/\/nck.krakow.pl\/kcc\/wp-content\/uploads\/2021\/07\/Jumpcore-Piotr-Jaruga-1-300x200.jpg 300w, https:\/\/nck.krakow.pl\/kcc\/wp-content\/uploads\/2021\/07\/Jumpcore-Piotr-Jaruga-1-768x512.jpg 768w, https:\/\/nck.krakow.pl\/kcc\/wp-content\/uploads\/2021\/07\/Jumpcore-Piotr-Jaruga-1-1536x1024.jpg 1536w, https:\/\/nck.krakow.pl\/kcc\/wp-content\/uploads\/2021\/07\/Jumpcore-Piotr-Jaruga-1.jpg 2048w\" sizes=\"(max-width: 1024px) 100vw, 1024px\" \/><\/a><\/figure><\/li><\/ul><\/figure>\n\n\n\n<div style=\"height:50px\" aria-hidden=\"true\" class=\"wp-block-spacer\"><\/div>\n\n\n\n<figure class=\"wp-block-image size-large is-resized\"><img loading=\"lazy\" decoding=\"async\" src=\"https:\/\/nck.krakow.pl\/kcc\/wp-content\/uploads\/2021\/07\/JUMPCORE-Zacheta_logo.png\" alt=\"\" class=\"wp-image-5298\" width=\"191\" height=\"92\" srcset=\"https:\/\/nck.krakow.pl\/kcc\/wp-content\/uploads\/2021\/07\/JUMPCORE-Zacheta_logo.png 861w, https:\/\/nck.krakow.pl\/kcc\/wp-content\/uploads\/2021\/07\/JUMPCORE-Zacheta_logo-300x146.png 300w, https:\/\/nck.krakow.pl\/kcc\/wp-content\/uploads\/2021\/07\/JUMPCORE-Zacheta_logo-768x375.png 768w\" sizes=\"(max-width: 191px) 100vw, 191px\" \/><\/figure>\n","protected":false},"excerpt":{"rendered":"<p>\u201eJumpcore\u201d&nbsp;Pawe\u0142 Sakowicz 12 sierpnia 2021 (czwartek), godz. 19:00, Bia\u0142a Galeria CENTRUM, bilety 20\/30 z\u0142 choreografia i taniec: Pawe\u0142 Sakowiczdramaturgia: Mateusz Szyman\u00f3wkamuzyka: Indecorumkostium: Doom 3kprodukcja: Maat Festival, Scena Ta\u0144ca Studio, Zach\u0119ta &#8211; Narodowa Galeria Sztuki Praca pochodzi z kolekcji Zach\u0119ty &#8211; Narodowej Galerii Sztuki Jumpcore jest spektaklem nale\u017c\u0105cym do sieci Aerowaves Twenty19 Nie jest do ko\u0144ca [&hellip;]<\/p>\n","protected":false},"author":5,"featured_media":0,"parent":3723,"menu_order":0,"comment_status":"closed","ping_status":"closed","template":"","meta":{"footnotes":""},"class_list":["post-5222","page","type-page","status-publish","hentry"],"yoast_head":"<!-- This site is optimized with the Yoast SEO plugin v19.12 - https:\/\/yoast.com\/wordpress\/plugins\/seo\/ -->\n<title>\u201eJumpcore\u201d - Krakowskie Centrum Choreograficzne<\/title>\n<meta name=\"robots\" content=\"index, follow, max-snippet:-1, max-image-preview:large, max-video-preview:-1\" \/>\n<link rel=\"canonical\" href=\"https:\/\/nck.krakow.pl\/kcc\/krakowski-festiwal-tanca-2021\/jumpcore\/\" \/>\n<meta property=\"og:locale\" content=\"pl_PL\" \/>\n<meta property=\"og:type\" content=\"article\" \/>\n<meta property=\"og:title\" content=\"\u201eJumpcore\u201d - Krakowskie Centrum Choreograficzne\" \/>\n<meta property=\"og:description\" content=\"\u201eJumpcore\u201d&nbsp;Pawe\u0142 Sakowicz 12 sierpnia 2021 (czwartek), godz. 19:00, Bia\u0142a Galeria CENTRUM, bilety 20\/30 z\u0142 choreografia i taniec: Pawe\u0142 Sakowiczdramaturgia: Mateusz Szyman\u00f3wkamuzyka: Indecorumkostium: Doom 3kprodukcja: Maat Festival, Scena Ta\u0144ca Studio, Zach\u0119ta &#8211; Narodowa Galeria Sztuki Praca pochodzi z kolekcji Zach\u0119ty &#8211; Narodowej Galerii Sztuki Jumpcore jest spektaklem nale\u017c\u0105cym do sieci Aerowaves Twenty19 Nie jest do ko\u0144ca [&hellip;]\" \/>\n<meta property=\"og:url\" content=\"https:\/\/nck.krakow.pl\/kcc\/krakowski-festiwal-tanca-2021\/jumpcore\/\" \/>\n<meta property=\"og:site_name\" content=\"Krakowskie Centrum Choreograficzne\" \/>\n<meta property=\"article:modified_time\" content=\"2021-08-17T10:46:33+00:00\" \/>\n<meta property=\"og:image\" content=\"https:\/\/nck.krakow.pl\/kcc\/wp-content\/uploads\/2021\/07\/Jumpcore.jpg\" \/>\n<meta name=\"twitter:card\" content=\"summary_large_image\" \/>\n<meta name=\"twitter:label1\" content=\"Est. reading time\" \/>\n\t<meta name=\"twitter:data1\" content=\"1 minuta\" \/>\n<script type=\"application\/ld+json\" class=\"yoast-schema-graph\">{\"@context\":\"https:\/\/schema.org\",\"@graph\":[{\"@type\":\"WebPage\",\"@id\":\"https:\/\/nck.krakow.pl\/kcc\/krakowski-festiwal-tanca-2021\/jumpcore\/\",\"url\":\"https:\/\/nck.krakow.pl\/kcc\/krakowski-festiwal-tanca-2021\/jumpcore\/\",\"name\":\"\u201eJumpcore\u201d - Krakowskie Centrum Choreograficzne\",\"isPartOf\":{\"@id\":\"https:\/\/nck.krakow.pl\/kcc\/#website\"},\"datePublished\":\"2021-07-21T11:48:50+00:00\",\"dateModified\":\"2021-08-17T10:46:33+00:00\",\"breadcrumb\":{\"@id\":\"https:\/\/nck.krakow.pl\/kcc\/krakowski-festiwal-tanca-2021\/jumpcore\/#breadcrumb\"},\"inLanguage\":\"pl-PL\",\"potentialAction\":[{\"@type\":\"ReadAction\",\"target\":[\"https:\/\/nck.krakow.pl\/kcc\/krakowski-festiwal-tanca-2021\/jumpcore\/\"]}]},{\"@type\":\"BreadcrumbList\",\"@id\":\"https:\/\/nck.krakow.pl\/kcc\/krakowski-festiwal-tanca-2021\/jumpcore\/#breadcrumb\",\"itemListElement\":[{\"@type\":\"ListItem\",\"position\":1,\"name\":\"Strona g\u0142\u00f3wna\",\"item\":\"https:\/\/nck.krakow.pl\/kcc\/\"},{\"@type\":\"ListItem\",\"position\":2,\"name\":\"Krakowski Festiwal Ta\u0144ca 2021\",\"item\":\"https:\/\/nck.krakow.pl\/kcc\/krakowski-festiwal-tanca-2021\/\"},{\"@type\":\"ListItem\",\"position\":3,\"name\":\"\u201eJumpcore\u201d\"}]},{\"@type\":\"WebSite\",\"@id\":\"https:\/\/nck.krakow.pl\/kcc\/#website\",\"url\":\"https:\/\/nck.krakow.pl\/kcc\/\",\"name\":\"Krakowskie Centrum Choreograficzne\",\"description\":\"\",\"publisher\":{\"@id\":\"https:\/\/nck.krakow.pl\/kcc\/#organization\"},\"potentialAction\":[{\"@type\":\"SearchAction\",\"target\":{\"@type\":\"EntryPoint\",\"urlTemplate\":\"https:\/\/nck.krakow.pl\/kcc\/?s={search_term_string}\"},\"query-input\":\"required name=search_term_string\"}],\"inLanguage\":\"pl-PL\"},{\"@type\":\"Organization\",\"@id\":\"https:\/\/nck.krakow.pl\/kcc\/#organization\",\"name\":\"Krakowskie Centrum Choreograficzne\",\"url\":\"https:\/\/nck.krakow.pl\/kcc\/\",\"logo\":{\"@type\":\"ImageObject\",\"inLanguage\":\"pl-PL\",\"@id\":\"https:\/\/nck.krakow.pl\/kcc\/#\/schema\/logo\/image\/\",\"url\":\"https:\/\/nck.krakow.pl\/kcc\/wp-content\/uploads\/2020\/01\/cropped-logo-kcc-2020.png\",\"contentUrl\":\"https:\/\/nck.krakow.pl\/kcc\/wp-content\/uploads\/2020\/01\/cropped-logo-kcc-2020.png\",\"width\":116,\"height\":55,\"caption\":\"Krakowskie Centrum Choreograficzne\"},\"image\":{\"@id\":\"https:\/\/nck.krakow.pl\/kcc\/#\/schema\/logo\/image\/\"}}]}<\/script>\n<!-- \/ Yoast SEO plugin. -->","yoast_head_json":{"title":"\u201eJumpcore\u201d - Krakowskie Centrum Choreograficzne","robots":{"index":"index","follow":"follow","max-snippet":"max-snippet:-1","max-image-preview":"max-image-preview:large","max-video-preview":"max-video-preview:-1"},"canonical":"https:\/\/nck.krakow.pl\/kcc\/krakowski-festiwal-tanca-2021\/jumpcore\/","og_locale":"pl_PL","og_type":"article","og_title":"\u201eJumpcore\u201d - Krakowskie Centrum Choreograficzne","og_description":"\u201eJumpcore\u201d&nbsp;Pawe\u0142 Sakowicz 12 sierpnia 2021 (czwartek), godz. 19:00, Bia\u0142a Galeria CENTRUM, bilety 20\/30 z\u0142 choreografia i taniec: Pawe\u0142 Sakowiczdramaturgia: Mateusz Szyman\u00f3wkamuzyka: Indecorumkostium: Doom 3kprodukcja: Maat Festival, Scena Ta\u0144ca Studio, Zach\u0119ta &#8211; Narodowa Galeria Sztuki Praca pochodzi z kolekcji Zach\u0119ty &#8211; Narodowej Galerii Sztuki Jumpcore jest spektaklem nale\u017c\u0105cym do sieci Aerowaves Twenty19 Nie jest do ko\u0144ca [&hellip;]","og_url":"https:\/\/nck.krakow.pl\/kcc\/krakowski-festiwal-tanca-2021\/jumpcore\/","og_site_name":"Krakowskie Centrum Choreograficzne","article_modified_time":"2021-08-17T10:46:33+00:00","og_image":[{"url":"https:\/\/nck.krakow.pl\/kcc\/wp-content\/uploads\/2021\/07\/Jumpcore.jpg"}],"twitter_card":"summary_large_image","twitter_misc":{"Est. reading time":"1 minuta"},"schema":{"@context":"https:\/\/schema.org","@graph":[{"@type":"WebPage","@id":"https:\/\/nck.krakow.pl\/kcc\/krakowski-festiwal-tanca-2021\/jumpcore\/","url":"https:\/\/nck.krakow.pl\/kcc\/krakowski-festiwal-tanca-2021\/jumpcore\/","name":"\u201eJumpcore\u201d - Krakowskie Centrum Choreograficzne","isPartOf":{"@id":"https:\/\/nck.krakow.pl\/kcc\/#website"},"datePublished":"2021-07-21T11:48:50+00:00","dateModified":"2021-08-17T10:46:33+00:00","breadcrumb":{"@id":"https:\/\/nck.krakow.pl\/kcc\/krakowski-festiwal-tanca-2021\/jumpcore\/#breadcrumb"},"inLanguage":"pl-PL","potentialAction":[{"@type":"ReadAction","target":["https:\/\/nck.krakow.pl\/kcc\/krakowski-festiwal-tanca-2021\/jumpcore\/"]}]},{"@type":"BreadcrumbList","@id":"https:\/\/nck.krakow.pl\/kcc\/krakowski-festiwal-tanca-2021\/jumpcore\/#breadcrumb","itemListElement":[{"@type":"ListItem","position":1,"name":"Strona g\u0142\u00f3wna","item":"https:\/\/nck.krakow.pl\/kcc\/"},{"@type":"ListItem","position":2,"name":"Krakowski Festiwal Ta\u0144ca 2021","item":"https:\/\/nck.krakow.pl\/kcc\/krakowski-festiwal-tanca-2021\/"},{"@type":"ListItem","position":3,"name":"\u201eJumpcore\u201d"}]},{"@type":"WebSite","@id":"https:\/\/nck.krakow.pl\/kcc\/#website","url":"https:\/\/nck.krakow.pl\/kcc\/","name":"Krakowskie Centrum Choreograficzne","description":"","publisher":{"@id":"https:\/\/nck.krakow.pl\/kcc\/#organization"},"potentialAction":[{"@type":"SearchAction","target":{"@type":"EntryPoint","urlTemplate":"https:\/\/nck.krakow.pl\/kcc\/?s={search_term_string}"},"query-input":"required name=search_term_string"}],"inLanguage":"pl-PL"},{"@type":"Organization","@id":"https:\/\/nck.krakow.pl\/kcc\/#organization","name":"Krakowskie Centrum Choreograficzne","url":"https:\/\/nck.krakow.pl\/kcc\/","logo":{"@type":"ImageObject","inLanguage":"pl-PL","@id":"https:\/\/nck.krakow.pl\/kcc\/#\/schema\/logo\/image\/","url":"https:\/\/nck.krakow.pl\/kcc\/wp-content\/uploads\/2020\/01\/cropped-logo-kcc-2020.png","contentUrl":"https:\/\/nck.krakow.pl\/kcc\/wp-content\/uploads\/2020\/01\/cropped-logo-kcc-2020.png","width":116,"height":55,"caption":"Krakowskie Centrum Choreograficzne"},"image":{"@id":"https:\/\/nck.krakow.pl\/kcc\/#\/schema\/logo\/image\/"}}]}},"_links":{"self":[{"href":"https:\/\/nck.krakow.pl\/kcc\/wp-json\/wp\/v2\/pages\/5222"}],"collection":[{"href":"https:\/\/nck.krakow.pl\/kcc\/wp-json\/wp\/v2\/pages"}],"about":[{"href":"https:\/\/nck.krakow.pl\/kcc\/wp-json\/wp\/v2\/types\/page"}],"author":[{"embeddable":true,"href":"https:\/\/nck.krakow.pl\/kcc\/wp-json\/wp\/v2\/users\/5"}],"replies":[{"embeddable":true,"href":"https:\/\/nck.krakow.pl\/kcc\/wp-json\/wp\/v2\/comments?post=5222"}],"version-history":[{"count":7,"href":"https:\/\/nck.krakow.pl\/kcc\/wp-json\/wp\/v2\/pages\/5222\/revisions"}],"predecessor-version":[{"id":5514,"href":"https:\/\/nck.krakow.pl\/kcc\/wp-json\/wp\/v2\/pages\/5222\/revisions\/5514"}],"up":[{"embeddable":true,"href":"https:\/\/nck.krakow.pl\/kcc\/wp-json\/wp\/v2\/pages\/3723"}],"wp:attachment":[{"href":"https:\/\/nck.krakow.pl\/kcc\/wp-json\/wp\/v2\/media?parent=5222"}],"curies":[{"name":"wp","href":"https:\/\/api.w.org\/{rel}","templated":true}]}}