{"id":5219,"date":"2021-07-21T11:44:46","date_gmt":"2021-07-21T11:44:46","guid":{"rendered":"https:\/\/nck.krakow.pl\/kcc\/?page_id=5219"},"modified":"2022-02-02T15:26:45","modified_gmt":"2022-02-02T15:26:45","slug":"the-vessel","status":"publish","type":"page","link":"https:\/\/nck.krakow.pl\/kcc\/krakowski-festiwal-tanca-2021\/the-vessel\/","title":{"rendered":"\u201eTHE VESSEL\u201d"},"content":{"rendered":"\n<figure class=\"wp-block-image size-large\"><img loading=\"lazy\" decoding=\"async\" width=\"595\" height=\"595\" src=\"https:\/\/nck.krakow.pl\/kcc\/wp-content\/uploads\/2021\/07\/THE-VESSEL.jpg\" alt=\"\" class=\"wp-image-5220\" srcset=\"https:\/\/nck.krakow.pl\/kcc\/wp-content\/uploads\/2021\/07\/THE-VESSEL.jpg 595w, https:\/\/nck.krakow.pl\/kcc\/wp-content\/uploads\/2021\/07\/THE-VESSEL-300x300.jpg 300w, https:\/\/nck.krakow.pl\/kcc\/wp-content\/uploads\/2021\/07\/THE-VESSEL-150x150.jpg 150w\" sizes=\"(max-width: 595px) 100vw, 595px\" \/><\/figure>\n\n\n\n<p><strong>PREMIERA \u201eTHE VESSEL\u201d Karolina Kraczkowska &#8211; rezydencja KCC<\/strong><\/p>\n\n\n\n<p><strong>11 sierpnia 2021 (\u015broda), godz. 20:00<\/strong>, Studio KCC, bilety 20\/30 z\u0142<\/p>\n\n\n\n<div style=\"height:30px\" aria-hidden=\"true\" class=\"wp-block-spacer\"><\/div>\n\n\n\n<p><strong>koncept i choreografia:<\/strong> Karolina Kraczkowska<br><strong>konsultacje dramaturgiczne:<\/strong> Maciej Sado<br><strong>\u015bwiat\u0142a:<\/strong> Marek Zieli\u0144ski<br><strong>konsultacje muzyczne:<\/strong> Piotr Przewo\u017aniak<br>UWAGA: Spektakl zawiera sceny nago\u015bci oraz wykorzystywane s\u0105 w nim \u015bwiat\u0142a stroboskopowe.<\/p>\n\n\n\n<p>Archetypowe naczynie wed\u0142ug Junga definiuje spos\u00f3b postrzegania w\u0142asnej to\u017csamo\u015bci i stosunku do otoczenia. Poprzez odgraniczenie, naczynie chroni to co si\u0119 w nim mie\u015bci. Potrzebne jest solidne naczynie, kt\u00f3re zabezpieczy to co znajduje si\u0119 w \u015brodku przed wyciekiem na zewn\u0105trz. Bez solidnego naczynia, nie mo\u017ce nast\u0105pi\u0107 proces transformacji. Nara\u017cone na zbyt mocne bod\u017ace naczynie mo\u017ce ulec przeci\u0105\u017ceniu. W zbyt ciasnym naczyniu, mamy ograniczon\u0105 mo\u017cliwo\u015b\u0107 integracji nowych materii i do\u015bwiadcze\u0144. Ka\u017cde naczynie ma okre\u015blon\u0105 wytrzyma\u0142o\u015b\u0107. Pospiesznie \u0142atanie dziur, uniemo\u017cliwia docenienie warto\u015bci p\u0142yn\u0105cych z ciemno\u015bci chaosu, z rozpadni\u0119cia i ponownej integracji. Naczynie motywuje pytanie czy jest to teraz moment niszczenia, odbudowy, naprawy czy uzupe\u0142niania je now\u0105, cenn\u0105 materi\u0105?<\/p>\n\n\n\n<p><strong>Karolina Kraczkowska<br><\/strong>tancerka, performerka zg\u0142\u0119biaj\u0105ca my\u015bl i praktyki choreograficzne, absolwentka Instytutu Lingwistyki Stosowanej Uniwersytetu Warszawskiego oraz programu Dance in Performance w Laban Center w Londynie. Cz\u0142onkini zespo\u0142u Polskiego Teatru Ta\u0144ca w latach 2004-2007. Jako freelancerka bra\u0142a udzia\u0142 w produkcjach m.in. Jasmin Vardimon, Fin Walker, Michaela Keegan-Dolan, Kirstine Kyhl Andersen, Christopha Winklera, Riccardo Buscarini, Leili Mcmillan, Janiny Rajakangas, Uli Sickle, Martena Spangberga i Tino Sehgala. Obecnie zwi\u0105zana z warszawskim \u015brodowiskiem eksperymentuj\u0105cych choreograf\u00f3w, re\u017cyser\u00f3w i dramaturg\u00f3w bior\u0105c udzia\u0142 w produkcjach m.in. Paw\u0142a Sakowicza <em>Masakra <\/em>oraz <em>Drama<\/em>, Ramony Nagabczy\u0144skiej <em>Silenzio!<\/em>, Ani Smolar <em>Halka<\/em>, Anki Herbut, Marty Malikowskiej i Agaty Siniarskiej <em>Malina<\/em>, Renaty Piotrowskiej <em>Wycieka ze mnie samo z\u0142oto<\/em>. Stypendystka programu Danceweb w 2016 roku, kt\u00f3rego mentorem by\u0142 Tino Sehgal i Louise Hojer.<br>Cz\u0142onkini kolektywu Centrum w Ruchu w Warszawie.<br>R\u00f3wnocze\u015bnie jako performerka rozwija swoje zainteresowania w obszarze choreografii realizuj\u0105c autorskie prace solowe. m.in. na rezydencji Chez Bushwick w Nowym Yorku w 2016, w ramach programu performatywnego w Zach\u0119cie (SPA 2017, Plac Ma\u0142achowskiego 2018), Solo Projekt Plus 2018 w Starym Browarze oraz w ramach stypendium kulturalnego miasta Lublin (2019 pokaz pracy w procesie w Wawerskim Centrum Kultury). W pracach tych pog\u0142\u0119bia swoj\u0105 praktyk\u0119 ruchow\u0105 i choreograficzn\u0105, eksploruj\u0105c mo\u017cliwo\u015bci transformacji cia\u0142a, zmiany w\u0142asnej to\u017csamo\u015bci, opieraj\u0105cej si\u0119 na percepcji cia\u0142a jako metaforze, instrumencie, narz\u0119dziu, uciele\u015bnieniu animuj\u0105cego go podmiotu, komunikuj\u0105ce wewn\u0119trzn\u0105 my\u015bl, uczucia, afekty. Cia\u0142o postrzegane jako produktywne i kreatywne, widziane nie jako sta\u0142y niezmienny byt ale jako seria proces\u00f3w ci\u0105g\u0142ego stawania si\u0119, konstytuowania, integracji, multiplikacji d\u0105\u017c\u0105ce do zwi\u0119kszania swojej potencjalno\u015bci.<\/p>\n\n\n\n<figure class=\"wp-block-image size-large is-resized\"><img loading=\"lazy\" decoding=\"async\" src=\"https:\/\/nck.krakow.pl\/kcc\/wp-content\/uploads\/2021\/07\/KAROLINA-KRACZKOWSKA.png\" alt=\"\" class=\"wp-image-5296\" width=\"386\" height=\"324\" srcset=\"https:\/\/nck.krakow.pl\/kcc\/wp-content\/uploads\/2021\/07\/KAROLINA-KRACZKOWSKA.png 940w, https:\/\/nck.krakow.pl\/kcc\/wp-content\/uploads\/2021\/07\/KAROLINA-KRACZKOWSKA-300x251.png 300w, https:\/\/nck.krakow.pl\/kcc\/wp-content\/uploads\/2021\/07\/KAROLINA-KRACZKOWSKA-768x644.png 768w\" sizes=\"(max-width: 386px) 100vw, 386px\" \/><\/figure>\n","protected":false},"excerpt":{"rendered":"<p>PREMIERA \u201eTHE VESSEL\u201d Karolina Kraczkowska &#8211; rezydencja KCC 11 sierpnia 2021 (\u015broda), godz. 20:00, Studio KCC, bilety 20\/30 z\u0142 koncept i choreografia: Karolina Kraczkowskakonsultacje dramaturgiczne: Maciej Sado\u015bwiat\u0142a: Marek Zieli\u0144skikonsultacje muzyczne: Piotr Przewo\u017aniakUWAGA: Spektakl zawiera sceny nago\u015bci oraz wykorzystywane s\u0105 w nim \u015bwiat\u0142a stroboskopowe. Archetypowe naczynie wed\u0142ug Junga definiuje spos\u00f3b postrzegania w\u0142asnej to\u017csamo\u015bci i stosunku do [&hellip;]<\/p>\n","protected":false},"author":5,"featured_media":0,"parent":3723,"menu_order":0,"comment_status":"closed","ping_status":"closed","template":"","meta":{"footnotes":""},"class_list":["post-5219","page","type-page","status-publish","hentry"],"yoast_head":"<!-- This site is optimized with the Yoast SEO plugin v19.12 - https:\/\/yoast.com\/wordpress\/plugins\/seo\/ -->\n<title>\u201eTHE VESSEL\u201d - Krakowskie Centrum Choreograficzne<\/title>\n<meta name=\"robots\" content=\"index, follow, max-snippet:-1, max-image-preview:large, max-video-preview:-1\" \/>\n<link rel=\"canonical\" href=\"https:\/\/nck.krakow.pl\/kcc\/krakowski-festiwal-tanca-2021\/the-vessel\/\" \/>\n<meta property=\"og:locale\" content=\"pl_PL\" \/>\n<meta property=\"og:type\" content=\"article\" \/>\n<meta property=\"og:title\" content=\"\u201eTHE VESSEL\u201d - Krakowskie Centrum Choreograficzne\" \/>\n<meta property=\"og:description\" content=\"PREMIERA \u201eTHE VESSEL\u201d Karolina Kraczkowska &#8211; rezydencja KCC 11 sierpnia 2021 (\u015broda), godz. 20:00, Studio KCC, bilety 20\/30 z\u0142 koncept i choreografia: Karolina Kraczkowskakonsultacje dramaturgiczne: Maciej Sado\u015bwiat\u0142a: Marek Zieli\u0144skikonsultacje muzyczne: Piotr Przewo\u017aniakUWAGA: Spektakl zawiera sceny nago\u015bci oraz wykorzystywane s\u0105 w nim \u015bwiat\u0142a stroboskopowe. Archetypowe naczynie wed\u0142ug Junga definiuje spos\u00f3b postrzegania w\u0142asnej to\u017csamo\u015bci i stosunku do [&hellip;]\" \/>\n<meta property=\"og:url\" content=\"https:\/\/nck.krakow.pl\/kcc\/krakowski-festiwal-tanca-2021\/the-vessel\/\" \/>\n<meta property=\"og:site_name\" content=\"Krakowskie Centrum Choreograficzne\" \/>\n<meta property=\"article:modified_time\" content=\"2022-02-02T15:26:45+00:00\" \/>\n<meta property=\"og:image\" content=\"https:\/\/nck.krakow.pl\/kcc\/wp-content\/uploads\/2021\/07\/THE-VESSEL.jpg\" \/>\n<meta name=\"twitter:card\" content=\"summary_large_image\" \/>\n<meta name=\"twitter:label1\" content=\"Est. reading time\" \/>\n\t<meta name=\"twitter:data1\" content=\"2 minuty\" \/>\n<script type=\"application\/ld+json\" class=\"yoast-schema-graph\">{\"@context\":\"https:\/\/schema.org\",\"@graph\":[{\"@type\":\"WebPage\",\"@id\":\"https:\/\/nck.krakow.pl\/kcc\/krakowski-festiwal-tanca-2021\/the-vessel\/\",\"url\":\"https:\/\/nck.krakow.pl\/kcc\/krakowski-festiwal-tanca-2021\/the-vessel\/\",\"name\":\"\u201eTHE VESSEL\u201d - Krakowskie Centrum Choreograficzne\",\"isPartOf\":{\"@id\":\"https:\/\/nck.krakow.pl\/kcc\/#website\"},\"datePublished\":\"2021-07-21T11:44:46+00:00\",\"dateModified\":\"2022-02-02T15:26:45+00:00\",\"breadcrumb\":{\"@id\":\"https:\/\/nck.krakow.pl\/kcc\/krakowski-festiwal-tanca-2021\/the-vessel\/#breadcrumb\"},\"inLanguage\":\"pl-PL\",\"potentialAction\":[{\"@type\":\"ReadAction\",\"target\":[\"https:\/\/nck.krakow.pl\/kcc\/krakowski-festiwal-tanca-2021\/the-vessel\/\"]}]},{\"@type\":\"BreadcrumbList\",\"@id\":\"https:\/\/nck.krakow.pl\/kcc\/krakowski-festiwal-tanca-2021\/the-vessel\/#breadcrumb\",\"itemListElement\":[{\"@type\":\"ListItem\",\"position\":1,\"name\":\"Strona g\u0142\u00f3wna\",\"item\":\"https:\/\/nck.krakow.pl\/kcc\/\"},{\"@type\":\"ListItem\",\"position\":2,\"name\":\"Krakowski Festiwal Ta\u0144ca 2021\",\"item\":\"https:\/\/nck.krakow.pl\/kcc\/krakowski-festiwal-tanca-2021\/\"},{\"@type\":\"ListItem\",\"position\":3,\"name\":\"\u201eTHE VESSEL\u201d\"}]},{\"@type\":\"WebSite\",\"@id\":\"https:\/\/nck.krakow.pl\/kcc\/#website\",\"url\":\"https:\/\/nck.krakow.pl\/kcc\/\",\"name\":\"Krakowskie Centrum Choreograficzne\",\"description\":\"\",\"publisher\":{\"@id\":\"https:\/\/nck.krakow.pl\/kcc\/#organization\"},\"potentialAction\":[{\"@type\":\"SearchAction\",\"target\":{\"@type\":\"EntryPoint\",\"urlTemplate\":\"https:\/\/nck.krakow.pl\/kcc\/?s={search_term_string}\"},\"query-input\":\"required name=search_term_string\"}],\"inLanguage\":\"pl-PL\"},{\"@type\":\"Organization\",\"@id\":\"https:\/\/nck.krakow.pl\/kcc\/#organization\",\"name\":\"Krakowskie Centrum Choreograficzne\",\"url\":\"https:\/\/nck.krakow.pl\/kcc\/\",\"logo\":{\"@type\":\"ImageObject\",\"inLanguage\":\"pl-PL\",\"@id\":\"https:\/\/nck.krakow.pl\/kcc\/#\/schema\/logo\/image\/\",\"url\":\"https:\/\/nck.krakow.pl\/kcc\/wp-content\/uploads\/2020\/01\/cropped-logo-kcc-2020.png\",\"contentUrl\":\"https:\/\/nck.krakow.pl\/kcc\/wp-content\/uploads\/2020\/01\/cropped-logo-kcc-2020.png\",\"width\":116,\"height\":55,\"caption\":\"Krakowskie Centrum Choreograficzne\"},\"image\":{\"@id\":\"https:\/\/nck.krakow.pl\/kcc\/#\/schema\/logo\/image\/\"}}]}<\/script>\n<!-- \/ Yoast SEO plugin. -->","yoast_head_json":{"title":"\u201eTHE VESSEL\u201d - Krakowskie Centrum Choreograficzne","robots":{"index":"index","follow":"follow","max-snippet":"max-snippet:-1","max-image-preview":"max-image-preview:large","max-video-preview":"max-video-preview:-1"},"canonical":"https:\/\/nck.krakow.pl\/kcc\/krakowski-festiwal-tanca-2021\/the-vessel\/","og_locale":"pl_PL","og_type":"article","og_title":"\u201eTHE VESSEL\u201d - Krakowskie Centrum Choreograficzne","og_description":"PREMIERA \u201eTHE VESSEL\u201d Karolina Kraczkowska &#8211; rezydencja KCC 11 sierpnia 2021 (\u015broda), godz. 20:00, Studio KCC, bilety 20\/30 z\u0142 koncept i choreografia: Karolina Kraczkowskakonsultacje dramaturgiczne: Maciej Sado\u015bwiat\u0142a: Marek Zieli\u0144skikonsultacje muzyczne: Piotr Przewo\u017aniakUWAGA: Spektakl zawiera sceny nago\u015bci oraz wykorzystywane s\u0105 w nim \u015bwiat\u0142a stroboskopowe. Archetypowe naczynie wed\u0142ug Junga definiuje spos\u00f3b postrzegania w\u0142asnej to\u017csamo\u015bci i stosunku do [&hellip;]","og_url":"https:\/\/nck.krakow.pl\/kcc\/krakowski-festiwal-tanca-2021\/the-vessel\/","og_site_name":"Krakowskie Centrum Choreograficzne","article_modified_time":"2022-02-02T15:26:45+00:00","og_image":[{"url":"https:\/\/nck.krakow.pl\/kcc\/wp-content\/uploads\/2021\/07\/THE-VESSEL.jpg"}],"twitter_card":"summary_large_image","twitter_misc":{"Est. reading time":"2 minuty"},"schema":{"@context":"https:\/\/schema.org","@graph":[{"@type":"WebPage","@id":"https:\/\/nck.krakow.pl\/kcc\/krakowski-festiwal-tanca-2021\/the-vessel\/","url":"https:\/\/nck.krakow.pl\/kcc\/krakowski-festiwal-tanca-2021\/the-vessel\/","name":"\u201eTHE VESSEL\u201d - Krakowskie Centrum Choreograficzne","isPartOf":{"@id":"https:\/\/nck.krakow.pl\/kcc\/#website"},"datePublished":"2021-07-21T11:44:46+00:00","dateModified":"2022-02-02T15:26:45+00:00","breadcrumb":{"@id":"https:\/\/nck.krakow.pl\/kcc\/krakowski-festiwal-tanca-2021\/the-vessel\/#breadcrumb"},"inLanguage":"pl-PL","potentialAction":[{"@type":"ReadAction","target":["https:\/\/nck.krakow.pl\/kcc\/krakowski-festiwal-tanca-2021\/the-vessel\/"]}]},{"@type":"BreadcrumbList","@id":"https:\/\/nck.krakow.pl\/kcc\/krakowski-festiwal-tanca-2021\/the-vessel\/#breadcrumb","itemListElement":[{"@type":"ListItem","position":1,"name":"Strona g\u0142\u00f3wna","item":"https:\/\/nck.krakow.pl\/kcc\/"},{"@type":"ListItem","position":2,"name":"Krakowski Festiwal Ta\u0144ca 2021","item":"https:\/\/nck.krakow.pl\/kcc\/krakowski-festiwal-tanca-2021\/"},{"@type":"ListItem","position":3,"name":"\u201eTHE VESSEL\u201d"}]},{"@type":"WebSite","@id":"https:\/\/nck.krakow.pl\/kcc\/#website","url":"https:\/\/nck.krakow.pl\/kcc\/","name":"Krakowskie Centrum Choreograficzne","description":"","publisher":{"@id":"https:\/\/nck.krakow.pl\/kcc\/#organization"},"potentialAction":[{"@type":"SearchAction","target":{"@type":"EntryPoint","urlTemplate":"https:\/\/nck.krakow.pl\/kcc\/?s={search_term_string}"},"query-input":"required name=search_term_string"}],"inLanguage":"pl-PL"},{"@type":"Organization","@id":"https:\/\/nck.krakow.pl\/kcc\/#organization","name":"Krakowskie Centrum Choreograficzne","url":"https:\/\/nck.krakow.pl\/kcc\/","logo":{"@type":"ImageObject","inLanguage":"pl-PL","@id":"https:\/\/nck.krakow.pl\/kcc\/#\/schema\/logo\/image\/","url":"https:\/\/nck.krakow.pl\/kcc\/wp-content\/uploads\/2020\/01\/cropped-logo-kcc-2020.png","contentUrl":"https:\/\/nck.krakow.pl\/kcc\/wp-content\/uploads\/2020\/01\/cropped-logo-kcc-2020.png","width":116,"height":55,"caption":"Krakowskie Centrum Choreograficzne"},"image":{"@id":"https:\/\/nck.krakow.pl\/kcc\/#\/schema\/logo\/image\/"}}]}},"_links":{"self":[{"href":"https:\/\/nck.krakow.pl\/kcc\/wp-json\/wp\/v2\/pages\/5219"}],"collection":[{"href":"https:\/\/nck.krakow.pl\/kcc\/wp-json\/wp\/v2\/pages"}],"about":[{"href":"https:\/\/nck.krakow.pl\/kcc\/wp-json\/wp\/v2\/types\/page"}],"author":[{"embeddable":true,"href":"https:\/\/nck.krakow.pl\/kcc\/wp-json\/wp\/v2\/users\/5"}],"replies":[{"embeddable":true,"href":"https:\/\/nck.krakow.pl\/kcc\/wp-json\/wp\/v2\/comments?post=5219"}],"version-history":[{"count":8,"href":"https:\/\/nck.krakow.pl\/kcc\/wp-json\/wp\/v2\/pages\/5219\/revisions"}],"predecessor-version":[{"id":5784,"href":"https:\/\/nck.krakow.pl\/kcc\/wp-json\/wp\/v2\/pages\/5219\/revisions\/5784"}],"up":[{"embeddable":true,"href":"https:\/\/nck.krakow.pl\/kcc\/wp-json\/wp\/v2\/pages\/3723"}],"wp:attachment":[{"href":"https:\/\/nck.krakow.pl\/kcc\/wp-json\/wp\/v2\/media?parent=5219"}],"curies":[{"name":"wp","href":"https:\/\/api.w.org\/{rel}","templated":true}]}}