{"id":5209,"date":"2021-07-21T11:40:48","date_gmt":"2021-07-21T11:40:48","guid":{"rendered":"https:\/\/nck.krakow.pl\/kcc\/?page_id=5209"},"modified":"2021-08-17T10:44:57","modified_gmt":"2021-08-17T10:44:57","slug":"_on_line_","status":"publish","type":"page","link":"https:\/\/nck.krakow.pl\/kcc\/krakowski-festiwal-tanca-2021\/_on_line_\/","title":{"rendered":"\u201e_on_line_\u201d"},"content":{"rendered":"\n<figure class=\"wp-block-image size-large\"><img loading=\"lazy\" decoding=\"async\" width=\"595\" height=\"595\" src=\"https:\/\/nck.krakow.pl\/kcc\/wp-content\/uploads\/2021\/07\/on_line__.jpg\" alt=\"\" class=\"wp-image-5216\" srcset=\"https:\/\/nck.krakow.pl\/kcc\/wp-content\/uploads\/2021\/07\/on_line__.jpg 595w, https:\/\/nck.krakow.pl\/kcc\/wp-content\/uploads\/2021\/07\/on_line__-300x300.jpg 300w, https:\/\/nck.krakow.pl\/kcc\/wp-content\/uploads\/2021\/07\/on_line__-150x150.jpg 150w\" sizes=\"(max-width: 595px) 100vw, 595px\" \/><\/figure>\n\n\n\n<p><strong>\u201e_on_line_\u201d Kolektyw Holobiont<\/strong><\/p>\n\n\n\n<p><strong>11 sierpnia 2021 (\u015broda), godz. 15:00&nbsp;oraz 18:30<\/strong>, Scena NCK, bilet 50 z\u0142 (dziecko + opiekun)<\/p>\n\n\n\n<p>Spektakl interaktywny dla rodzin z dzie\u0107mi w wieku 5-7 lat<\/p>\n\n\n\n<div style=\"height:30px\" aria-hidden=\"true\" class=\"wp-block-spacer\"><\/div>\n\n\n\n<p><strong>choreografia:<\/strong> kolektyw Holobiont (Aleksandra Bo\u017cek-Muszy\u0144ska, Hanna Bylka-Kanecka)<br><strong>kreacja i wykonanie:<\/strong> Aleksandra Bo\u017cek-Muszy\u0144ska \/ Hanna Bylka-Kanecka, Dana Chmielewska, Pawe\u0142 Grala<br><strong>realizacja techniczna:<\/strong> \u0141ukasz K\u0119dzierski<br><strong>konsultacja \u015bwiate\u0142:<\/strong> Joanna Le\u015bnierowska<br><strong>muzyka\/collage:<\/strong> J\u00f3zef Buchnajzer<br><strong>oprawa graficzna:<\/strong> Micha\u0142 \u0141uczak<br><strong>zdj\u0119cie promocyjne:<\/strong> Jakub Wittchen<br><strong>produkcja:<\/strong> Art Stations Foundation by Graz\u0307yna Kulczyk<br><strong>partner projektu:<\/strong> Spo\u0142eczne Przedszkole Lipowa Alejka<br><strong>projekt dofinansowany<\/strong> z bud\u017cetu Miasta Poznania<br><strong>podzi\u0119kowania<\/strong> <strong>dla<\/strong> Arno Stern i Segni Mossi collective<br><strong>menad\u017cerka:<\/strong> Karolina Wycisk \/ Performat Production<\/p>\n\n\n\n<div style=\"height:50px\" aria-hidden=\"true\" class=\"wp-block-spacer\"><\/div>\n\n\n\n<p>Biegaj\u0105c, chodz\u0105c, stoj\u0105c, siedz\u0105c, lez\u0307\u0105c, turlaja\u0328c si\u0119, podskakuj\u0105c. Rodzinnie, w grupie r\u00f3wie\u015bnik\u00f3w lub samemu. W pionie, w poziomie, na ziemi i w powietrzu. W takt muzyki lub ws\u0142uchuj\u0105c si\u0119 we w\u0142asny rytm. Jaki rysunek na papierze mo\u017ce powsta\u0107 dzi\u0119ki tym r\u00f3\u017cnym rodzajom ruchu?<\/p>\n\n\n\n<p><em>_on_line__<\/em> jest spektaklem zg\u0142\u0119biaj\u0105cym temat \u015bladu ruchu, kt\u00f3ry uczestnicy wraz z performerami tworz\u0105 poprzez w\u0142asny taniec. Powsta\u0142e wielkoformatowe prace b\u0119d\u0105 ulega\u0142y transformacji na oczach i z aktywnym udzia\u0142em widz\u00f3w. Tak skonstruowane wydarzenie mo\u017ce sta\u0107 sie\u0328 tw\u00f3rcz\u0105 okazj\u0105 do zacie\u015bniania wi\u0119zi mi\u0119dzy dzie\u0107mi i opiekunami oraz do niecodziennego spotkania ze sztuk\u0105.<\/p>\n\n\n\n<p>Kolektyw Holobiont powsta\u0142 w 2017 roku. Tworz\u0105 go dwie artystki: performerka i choreografka Aleksandra Bo\u017cek-Muszy\u0144ska oraz teatrolo\u017cka i choreografka Hanna Bylka-Kanecka. Obszarem zainteresowa\u0144 kolektywu s\u0105 interdyscyplinarne projekty wielopokoleniowe. \u0141\u0105cz\u0105c taniec eksperymentalny, sztuki wizualne i muzyk\u0119, artystki tworz\u0105 spektakle interaktywne i prowadz\u0105 warsztaty adresowane do rodzin z dzie\u0107mi. Wszystkie prace kolektywu opieraj\u0105 si\u0119 na za\u0142o\u017ceniu, \u017ce ka\u017cdy uczestnik spektaklu \u2013 niezale\u017cnie od wieku i do\u015bwiadczenia \u2013 jest w pe\u0142ni kompetentnym odbiorc\u0105 sztuki. Artystki, obserwuj\u0105c tw\u00f3rcze i r\u00f3\u017cnorodne zaanga\u017cowanie widz\u00f3w, badaj\u0105 mo\u017cliwo\u015bci pog\u0142\u0119biania d\u0142ugotrwa\u0142ych relacji poprzez sztuk\u0119. Na dzieci\u0119cej scenie ta\u0144ca zadebiutowa\u0142y spektaklem interaktywnym \u201eDOoKO\u0141A\u201d (2017, Art Stations Foundation, Pozna\u0144). Kolejne prace kolektywu to jak dot\u0105d \u201eKsi\u0119\u017cycowo\u201d (2018, Teatr Ochoty, Warszawa), \u201c_on_line__\u201d (2018, Art Stations Foundation, Pozna\u0144), \u201cGdzie kszta\u0142ty maj\u0105 szyje\u201d (2019, Centrum Sztuki Dziecka, Pozna\u0144). Ich spektakle by\u0142y dotychczas prezentowane na najwa\u017cniejszych festiwalach zwi\u0105zanych ze sztuk\u0105 dla dzieci w Polsce.<\/p>\n\n\n\n<p><a href=\"http:\/\/www.artstationsfoundation5050.com\">www.artstationsfoundation5050.com<\/a><br><a href=\"http:\/\/www.holobiont.pl\">www.holobiont.pl<\/a><\/p>\n\n\n\n<figure class=\"wp-block-gallery columns-3 is-cropped wp-block-gallery-1 is-layout-flex wp-block-gallery-is-layout-flex\"><ul class=\"blocks-gallery-grid\"><li class=\"blocks-gallery-item\"><figure><a href=\"https:\/\/nck.krakow.pl\/kcc\/wp-content\/uploads\/2021\/07\/promo-foto_Jakub-Wittchen-dla-Art-Stations-Foundation5-1-scaled.jpg\"><img loading=\"lazy\" decoding=\"async\" width=\"1024\" height=\"683\" src=\"https:\/\/nck.krakow.pl\/kcc\/wp-content\/uploads\/2021\/07\/promo-foto_Jakub-Wittchen-dla-Art-Stations-Foundation5-1-1024x683.jpg\" alt=\"\" data-id=\"5315\" data-full-url=\"https:\/\/nck.krakow.pl\/kcc\/wp-content\/uploads\/2021\/07\/promo-foto_Jakub-Wittchen-dla-Art-Stations-Foundation5-1-scaled.jpg\" data-link=\"https:\/\/nck.krakow.pl\/kcc\/krakowski-festiwal-tanca\/_on_line_\/promo-foto_jakub-wittchen-dla-art-stations-foundation5-1\/\" class=\"wp-image-5315\" srcset=\"https:\/\/nck.krakow.pl\/kcc\/wp-content\/uploads\/2021\/07\/promo-foto_Jakub-Wittchen-dla-Art-Stations-Foundation5-1-1024x683.jpg 1024w, https:\/\/nck.krakow.pl\/kcc\/wp-content\/uploads\/2021\/07\/promo-foto_Jakub-Wittchen-dla-Art-Stations-Foundation5-1-300x200.jpg 300w, https:\/\/nck.krakow.pl\/kcc\/wp-content\/uploads\/2021\/07\/promo-foto_Jakub-Wittchen-dla-Art-Stations-Foundation5-1-768x512.jpg 768w, https:\/\/nck.krakow.pl\/kcc\/wp-content\/uploads\/2021\/07\/promo-foto_Jakub-Wittchen-dla-Art-Stations-Foundation5-1-1536x1024.jpg 1536w, https:\/\/nck.krakow.pl\/kcc\/wp-content\/uploads\/2021\/07\/promo-foto_Jakub-Wittchen-dla-Art-Stations-Foundation5-1-2048x1365.jpg 2048w\" sizes=\"(max-width: 1024px) 100vw, 1024px\" \/><\/a><\/figure><\/li><li class=\"blocks-gallery-item\"><figure><a href=\"https:\/\/nck.krakow.pl\/kcc\/wp-content\/uploads\/2021\/07\/promo-foto_Jakub-Wittchen-dla-Art-Stations-Foundation6-1-scaled.jpg\"><img loading=\"lazy\" decoding=\"async\" width=\"1024\" height=\"683\" src=\"https:\/\/nck.krakow.pl\/kcc\/wp-content\/uploads\/2021\/07\/promo-foto_Jakub-Wittchen-dla-Art-Stations-Foundation6-1-1024x683.jpg\" alt=\"\" data-id=\"5316\" data-full-url=\"https:\/\/nck.krakow.pl\/kcc\/wp-content\/uploads\/2021\/07\/promo-foto_Jakub-Wittchen-dla-Art-Stations-Foundation6-1-scaled.jpg\" data-link=\"https:\/\/nck.krakow.pl\/kcc\/krakowski-festiwal-tanca\/_on_line_\/promo-foto_jakub-wittchen-dla-art-stations-foundation6-1\/\" class=\"wp-image-5316\" srcset=\"https:\/\/nck.krakow.pl\/kcc\/wp-content\/uploads\/2021\/07\/promo-foto_Jakub-Wittchen-dla-Art-Stations-Foundation6-1-1024x683.jpg 1024w, https:\/\/nck.krakow.pl\/kcc\/wp-content\/uploads\/2021\/07\/promo-foto_Jakub-Wittchen-dla-Art-Stations-Foundation6-1-300x200.jpg 300w, https:\/\/nck.krakow.pl\/kcc\/wp-content\/uploads\/2021\/07\/promo-foto_Jakub-Wittchen-dla-Art-Stations-Foundation6-1-768x512.jpg 768w, https:\/\/nck.krakow.pl\/kcc\/wp-content\/uploads\/2021\/07\/promo-foto_Jakub-Wittchen-dla-Art-Stations-Foundation6-1-1536x1024.jpg 1536w, https:\/\/nck.krakow.pl\/kcc\/wp-content\/uploads\/2021\/07\/promo-foto_Jakub-Wittchen-dla-Art-Stations-Foundation6-1-2048x1365.jpg 2048w\" sizes=\"(max-width: 1024px) 100vw, 1024px\" \/><\/a><\/figure><\/li><li class=\"blocks-gallery-item\"><figure><a href=\"https:\/\/nck.krakow.pl\/kcc\/wp-content\/uploads\/2021\/07\/promo-foto_Jakub-Wittchen-dla-Art-Stations-Foundation7-1-scaled.jpg\"><img loading=\"lazy\" decoding=\"async\" width=\"1024\" height=\"683\" src=\"https:\/\/nck.krakow.pl\/kcc\/wp-content\/uploads\/2021\/07\/promo-foto_Jakub-Wittchen-dla-Art-Stations-Foundation7-1-1024x683.jpg\" alt=\"\" data-id=\"5317\" data-full-url=\"https:\/\/nck.krakow.pl\/kcc\/wp-content\/uploads\/2021\/07\/promo-foto_Jakub-Wittchen-dla-Art-Stations-Foundation7-1-scaled.jpg\" data-link=\"https:\/\/nck.krakow.pl\/kcc\/krakowski-festiwal-tanca\/_on_line_\/promo-foto_jakub-wittchen-dla-art-stations-foundation7-1\/\" class=\"wp-image-5317\" srcset=\"https:\/\/nck.krakow.pl\/kcc\/wp-content\/uploads\/2021\/07\/promo-foto_Jakub-Wittchen-dla-Art-Stations-Foundation7-1-1024x683.jpg 1024w, https:\/\/nck.krakow.pl\/kcc\/wp-content\/uploads\/2021\/07\/promo-foto_Jakub-Wittchen-dla-Art-Stations-Foundation7-1-300x200.jpg 300w, https:\/\/nck.krakow.pl\/kcc\/wp-content\/uploads\/2021\/07\/promo-foto_Jakub-Wittchen-dla-Art-Stations-Foundation7-1-768x512.jpg 768w, https:\/\/nck.krakow.pl\/kcc\/wp-content\/uploads\/2021\/07\/promo-foto_Jakub-Wittchen-dla-Art-Stations-Foundation7-1-1536x1024.jpg 1536w, https:\/\/nck.krakow.pl\/kcc\/wp-content\/uploads\/2021\/07\/promo-foto_Jakub-Wittchen-dla-Art-Stations-Foundation7-1-2048x1365.jpg 2048w\" sizes=\"(max-width: 1024px) 100vw, 1024px\" \/><\/a><\/figure><\/li><li class=\"blocks-gallery-item\"><figure><a href=\"https:\/\/nck.krakow.pl\/kcc\/wp-content\/uploads\/2021\/07\/promo-foto_Jakub-Wittchen-dla-Art-Stations-Foundation8-1-scaled.jpg\"><img loading=\"lazy\" decoding=\"async\" width=\"1024\" height=\"683\" src=\"https:\/\/nck.krakow.pl\/kcc\/wp-content\/uploads\/2021\/07\/promo-foto_Jakub-Wittchen-dla-Art-Stations-Foundation8-1-1024x683.jpg\" alt=\"\" data-id=\"5319\" data-full-url=\"https:\/\/nck.krakow.pl\/kcc\/wp-content\/uploads\/2021\/07\/promo-foto_Jakub-Wittchen-dla-Art-Stations-Foundation8-1-scaled.jpg\" data-link=\"https:\/\/nck.krakow.pl\/kcc\/krakowski-festiwal-tanca\/_on_line_\/promo-foto_jakub-wittchen-dla-art-stations-foundation8-1\/\" class=\"wp-image-5319\" srcset=\"https:\/\/nck.krakow.pl\/kcc\/wp-content\/uploads\/2021\/07\/promo-foto_Jakub-Wittchen-dla-Art-Stations-Foundation8-1-1024x683.jpg 1024w, https:\/\/nck.krakow.pl\/kcc\/wp-content\/uploads\/2021\/07\/promo-foto_Jakub-Wittchen-dla-Art-Stations-Foundation8-1-300x200.jpg 300w, https:\/\/nck.krakow.pl\/kcc\/wp-content\/uploads\/2021\/07\/promo-foto_Jakub-Wittchen-dla-Art-Stations-Foundation8-1-768x512.jpg 768w, https:\/\/nck.krakow.pl\/kcc\/wp-content\/uploads\/2021\/07\/promo-foto_Jakub-Wittchen-dla-Art-Stations-Foundation8-1-1536x1024.jpg 1536w, https:\/\/nck.krakow.pl\/kcc\/wp-content\/uploads\/2021\/07\/promo-foto_Jakub-Wittchen-dla-Art-Stations-Foundation8-1-2048x1365.jpg 2048w\" sizes=\"(max-width: 1024px) 100vw, 1024px\" \/><\/a><\/figure><\/li><\/ul><\/figure>\n","protected":false},"excerpt":{"rendered":"<p>\u201e_on_line_\u201d Kolektyw Holobiont 11 sierpnia 2021 (\u015broda), godz. 15:00&nbsp;oraz 18:30, Scena NCK, bilet 50 z\u0142 (dziecko + opiekun) Spektakl interaktywny dla rodzin z dzie\u0107mi w wieku 5-7 lat choreografia: kolektyw Holobiont (Aleksandra Bo\u017cek-Muszy\u0144ska, Hanna Bylka-Kanecka)kreacja i wykonanie: Aleksandra Bo\u017cek-Muszy\u0144ska \/ Hanna Bylka-Kanecka, Dana Chmielewska, Pawe\u0142 Gralarealizacja techniczna: \u0141ukasz K\u0119dzierskikonsultacja \u015bwiate\u0142: Joanna Le\u015bnierowskamuzyka\/collage: J\u00f3zef Buchnajzeroprawa graficzna: [&hellip;]<\/p>\n","protected":false},"author":5,"featured_media":0,"parent":3723,"menu_order":0,"comment_status":"closed","ping_status":"closed","template":"","meta":{"footnotes":""},"class_list":["post-5209","page","type-page","status-publish","hentry"],"yoast_head":"<!-- This site is optimized with the Yoast SEO plugin v19.12 - https:\/\/yoast.com\/wordpress\/plugins\/seo\/ -->\n<title>\u201e_on_line_\u201d - Krakowskie Centrum Choreograficzne<\/title>\n<meta name=\"robots\" content=\"index, follow, max-snippet:-1, max-image-preview:large, max-video-preview:-1\" \/>\n<link rel=\"canonical\" href=\"https:\/\/nck.krakow.pl\/kcc\/krakowski-festiwal-tanca-2021\/_on_line_\/\" \/>\n<meta property=\"og:locale\" content=\"pl_PL\" \/>\n<meta property=\"og:type\" content=\"article\" \/>\n<meta property=\"og:title\" content=\"\u201e_on_line_\u201d - Krakowskie Centrum Choreograficzne\" \/>\n<meta property=\"og:description\" content=\"\u201e_on_line_\u201d Kolektyw Holobiont 11 sierpnia 2021 (\u015broda), godz. 15:00&nbsp;oraz 18:30, Scena NCK, bilet 50 z\u0142 (dziecko + opiekun) Spektakl interaktywny dla rodzin z dzie\u0107mi w wieku 5-7 lat choreografia: kolektyw Holobiont (Aleksandra Bo\u017cek-Muszy\u0144ska, Hanna Bylka-Kanecka)kreacja i wykonanie: Aleksandra Bo\u017cek-Muszy\u0144ska \/ Hanna Bylka-Kanecka, Dana Chmielewska, Pawe\u0142 Gralarealizacja techniczna: \u0141ukasz K\u0119dzierskikonsultacja \u015bwiate\u0142: Joanna Le\u015bnierowskamuzyka\/collage: J\u00f3zef Buchnajzeroprawa graficzna: [&hellip;]\" \/>\n<meta property=\"og:url\" content=\"https:\/\/nck.krakow.pl\/kcc\/krakowski-festiwal-tanca-2021\/_on_line_\/\" \/>\n<meta property=\"og:site_name\" content=\"Krakowskie Centrum Choreograficzne\" \/>\n<meta property=\"article:modified_time\" content=\"2021-08-17T10:44:57+00:00\" \/>\n<meta property=\"og:image\" content=\"https:\/\/nck.krakow.pl\/kcc\/wp-content\/uploads\/2021\/07\/on_line__.jpg\" \/>\n<meta name=\"twitter:card\" content=\"summary_large_image\" \/>\n<meta name=\"twitter:label1\" content=\"Est. reading time\" \/>\n\t<meta name=\"twitter:data1\" content=\"2 minuty\" \/>\n<script type=\"application\/ld+json\" class=\"yoast-schema-graph\">{\"@context\":\"https:\/\/schema.org\",\"@graph\":[{\"@type\":\"WebPage\",\"@id\":\"https:\/\/nck.krakow.pl\/kcc\/krakowski-festiwal-tanca-2021\/_on_line_\/\",\"url\":\"https:\/\/nck.krakow.pl\/kcc\/krakowski-festiwal-tanca-2021\/_on_line_\/\",\"name\":\"\u201e_on_line_\u201d - Krakowskie Centrum Choreograficzne\",\"isPartOf\":{\"@id\":\"https:\/\/nck.krakow.pl\/kcc\/#website\"},\"datePublished\":\"2021-07-21T11:40:48+00:00\",\"dateModified\":\"2021-08-17T10:44:57+00:00\",\"breadcrumb\":{\"@id\":\"https:\/\/nck.krakow.pl\/kcc\/krakowski-festiwal-tanca-2021\/_on_line_\/#breadcrumb\"},\"inLanguage\":\"pl-PL\",\"potentialAction\":[{\"@type\":\"ReadAction\",\"target\":[\"https:\/\/nck.krakow.pl\/kcc\/krakowski-festiwal-tanca-2021\/_on_line_\/\"]}]},{\"@type\":\"BreadcrumbList\",\"@id\":\"https:\/\/nck.krakow.pl\/kcc\/krakowski-festiwal-tanca-2021\/_on_line_\/#breadcrumb\",\"itemListElement\":[{\"@type\":\"ListItem\",\"position\":1,\"name\":\"Strona g\u0142\u00f3wna\",\"item\":\"https:\/\/nck.krakow.pl\/kcc\/\"},{\"@type\":\"ListItem\",\"position\":2,\"name\":\"Krakowski Festiwal Ta\u0144ca 2021\",\"item\":\"https:\/\/nck.krakow.pl\/kcc\/krakowski-festiwal-tanca-2021\/\"},{\"@type\":\"ListItem\",\"position\":3,\"name\":\"\u201e_on_line_\u201d\"}]},{\"@type\":\"WebSite\",\"@id\":\"https:\/\/nck.krakow.pl\/kcc\/#website\",\"url\":\"https:\/\/nck.krakow.pl\/kcc\/\",\"name\":\"Krakowskie Centrum Choreograficzne\",\"description\":\"\",\"publisher\":{\"@id\":\"https:\/\/nck.krakow.pl\/kcc\/#organization\"},\"potentialAction\":[{\"@type\":\"SearchAction\",\"target\":{\"@type\":\"EntryPoint\",\"urlTemplate\":\"https:\/\/nck.krakow.pl\/kcc\/?s={search_term_string}\"},\"query-input\":\"required name=search_term_string\"}],\"inLanguage\":\"pl-PL\"},{\"@type\":\"Organization\",\"@id\":\"https:\/\/nck.krakow.pl\/kcc\/#organization\",\"name\":\"Krakowskie Centrum Choreograficzne\",\"url\":\"https:\/\/nck.krakow.pl\/kcc\/\",\"logo\":{\"@type\":\"ImageObject\",\"inLanguage\":\"pl-PL\",\"@id\":\"https:\/\/nck.krakow.pl\/kcc\/#\/schema\/logo\/image\/\",\"url\":\"https:\/\/nck.krakow.pl\/kcc\/wp-content\/uploads\/2020\/01\/cropped-logo-kcc-2020.png\",\"contentUrl\":\"https:\/\/nck.krakow.pl\/kcc\/wp-content\/uploads\/2020\/01\/cropped-logo-kcc-2020.png\",\"width\":116,\"height\":55,\"caption\":\"Krakowskie Centrum Choreograficzne\"},\"image\":{\"@id\":\"https:\/\/nck.krakow.pl\/kcc\/#\/schema\/logo\/image\/\"}}]}<\/script>\n<!-- \/ Yoast SEO plugin. -->","yoast_head_json":{"title":"\u201e_on_line_\u201d - Krakowskie Centrum Choreograficzne","robots":{"index":"index","follow":"follow","max-snippet":"max-snippet:-1","max-image-preview":"max-image-preview:large","max-video-preview":"max-video-preview:-1"},"canonical":"https:\/\/nck.krakow.pl\/kcc\/krakowski-festiwal-tanca-2021\/_on_line_\/","og_locale":"pl_PL","og_type":"article","og_title":"\u201e_on_line_\u201d - Krakowskie Centrum Choreograficzne","og_description":"\u201e_on_line_\u201d Kolektyw Holobiont 11 sierpnia 2021 (\u015broda), godz. 15:00&nbsp;oraz 18:30, Scena NCK, bilet 50 z\u0142 (dziecko + opiekun) Spektakl interaktywny dla rodzin z dzie\u0107mi w wieku 5-7 lat choreografia: kolektyw Holobiont (Aleksandra Bo\u017cek-Muszy\u0144ska, Hanna Bylka-Kanecka)kreacja i wykonanie: Aleksandra Bo\u017cek-Muszy\u0144ska \/ Hanna Bylka-Kanecka, Dana Chmielewska, Pawe\u0142 Gralarealizacja techniczna: \u0141ukasz K\u0119dzierskikonsultacja \u015bwiate\u0142: Joanna Le\u015bnierowskamuzyka\/collage: J\u00f3zef Buchnajzeroprawa graficzna: [&hellip;]","og_url":"https:\/\/nck.krakow.pl\/kcc\/krakowski-festiwal-tanca-2021\/_on_line_\/","og_site_name":"Krakowskie Centrum Choreograficzne","article_modified_time":"2021-08-17T10:44:57+00:00","og_image":[{"url":"https:\/\/nck.krakow.pl\/kcc\/wp-content\/uploads\/2021\/07\/on_line__.jpg"}],"twitter_card":"summary_large_image","twitter_misc":{"Est. reading time":"2 minuty"},"schema":{"@context":"https:\/\/schema.org","@graph":[{"@type":"WebPage","@id":"https:\/\/nck.krakow.pl\/kcc\/krakowski-festiwal-tanca-2021\/_on_line_\/","url":"https:\/\/nck.krakow.pl\/kcc\/krakowski-festiwal-tanca-2021\/_on_line_\/","name":"\u201e_on_line_\u201d - Krakowskie Centrum Choreograficzne","isPartOf":{"@id":"https:\/\/nck.krakow.pl\/kcc\/#website"},"datePublished":"2021-07-21T11:40:48+00:00","dateModified":"2021-08-17T10:44:57+00:00","breadcrumb":{"@id":"https:\/\/nck.krakow.pl\/kcc\/krakowski-festiwal-tanca-2021\/_on_line_\/#breadcrumb"},"inLanguage":"pl-PL","potentialAction":[{"@type":"ReadAction","target":["https:\/\/nck.krakow.pl\/kcc\/krakowski-festiwal-tanca-2021\/_on_line_\/"]}]},{"@type":"BreadcrumbList","@id":"https:\/\/nck.krakow.pl\/kcc\/krakowski-festiwal-tanca-2021\/_on_line_\/#breadcrumb","itemListElement":[{"@type":"ListItem","position":1,"name":"Strona g\u0142\u00f3wna","item":"https:\/\/nck.krakow.pl\/kcc\/"},{"@type":"ListItem","position":2,"name":"Krakowski Festiwal Ta\u0144ca 2021","item":"https:\/\/nck.krakow.pl\/kcc\/krakowski-festiwal-tanca-2021\/"},{"@type":"ListItem","position":3,"name":"\u201e_on_line_\u201d"}]},{"@type":"WebSite","@id":"https:\/\/nck.krakow.pl\/kcc\/#website","url":"https:\/\/nck.krakow.pl\/kcc\/","name":"Krakowskie Centrum Choreograficzne","description":"","publisher":{"@id":"https:\/\/nck.krakow.pl\/kcc\/#organization"},"potentialAction":[{"@type":"SearchAction","target":{"@type":"EntryPoint","urlTemplate":"https:\/\/nck.krakow.pl\/kcc\/?s={search_term_string}"},"query-input":"required name=search_term_string"}],"inLanguage":"pl-PL"},{"@type":"Organization","@id":"https:\/\/nck.krakow.pl\/kcc\/#organization","name":"Krakowskie Centrum Choreograficzne","url":"https:\/\/nck.krakow.pl\/kcc\/","logo":{"@type":"ImageObject","inLanguage":"pl-PL","@id":"https:\/\/nck.krakow.pl\/kcc\/#\/schema\/logo\/image\/","url":"https:\/\/nck.krakow.pl\/kcc\/wp-content\/uploads\/2020\/01\/cropped-logo-kcc-2020.png","contentUrl":"https:\/\/nck.krakow.pl\/kcc\/wp-content\/uploads\/2020\/01\/cropped-logo-kcc-2020.png","width":116,"height":55,"caption":"Krakowskie Centrum Choreograficzne"},"image":{"@id":"https:\/\/nck.krakow.pl\/kcc\/#\/schema\/logo\/image\/"}}]}},"_links":{"self":[{"href":"https:\/\/nck.krakow.pl\/kcc\/wp-json\/wp\/v2\/pages\/5209"}],"collection":[{"href":"https:\/\/nck.krakow.pl\/kcc\/wp-json\/wp\/v2\/pages"}],"about":[{"href":"https:\/\/nck.krakow.pl\/kcc\/wp-json\/wp\/v2\/types\/page"}],"author":[{"embeddable":true,"href":"https:\/\/nck.krakow.pl\/kcc\/wp-json\/wp\/v2\/users\/5"}],"replies":[{"embeddable":true,"href":"https:\/\/nck.krakow.pl\/kcc\/wp-json\/wp\/v2\/comments?post=5209"}],"version-history":[{"count":8,"href":"https:\/\/nck.krakow.pl\/kcc\/wp-json\/wp\/v2\/pages\/5209\/revisions"}],"predecessor-version":[{"id":5512,"href":"https:\/\/nck.krakow.pl\/kcc\/wp-json\/wp\/v2\/pages\/5209\/revisions\/5512"}],"up":[{"embeddable":true,"href":"https:\/\/nck.krakow.pl\/kcc\/wp-json\/wp\/v2\/pages\/3723"}],"wp:attachment":[{"href":"https:\/\/nck.krakow.pl\/kcc\/wp-json\/wp\/v2\/media?parent=5209"}],"curies":[{"name":"wp","href":"https:\/\/api.w.org\/{rel}","templated":true}]}}