{"id":5196,"date":"2021-07-21T11:33:47","date_gmt":"2021-07-21T11:33:47","guid":{"rendered":"https:\/\/nck.krakow.pl\/kcc\/?page_id=5196"},"modified":"2021-08-17T10:44:40","modified_gmt":"2021-08-17T10:44:40","slug":"sticky-fingers-club","status":"publish","type":"page","link":"https:\/\/nck.krakow.pl\/kcc\/krakowski-festiwal-tanca-2021\/sticky-fingers-club\/","title":{"rendered":"\u201eSticky Fingers Club\u201d"},"content":{"rendered":"\n<figure class=\"wp-block-image size-large\"><img loading=\"lazy\" decoding=\"async\" width=\"595\" height=\"595\" src=\"https:\/\/nck.krakow.pl\/kcc\/wp-content\/uploads\/2021\/07\/Sticky-fingersclub.jpg\" alt=\"\" class=\"wp-image-5199\" srcset=\"https:\/\/nck.krakow.pl\/kcc\/wp-content\/uploads\/2021\/07\/Sticky-fingersclub.jpg 595w, https:\/\/nck.krakow.pl\/kcc\/wp-content\/uploads\/2021\/07\/Sticky-fingersclub-300x300.jpg 300w, https:\/\/nck.krakow.pl\/kcc\/wp-content\/uploads\/2021\/07\/Sticky-fingersclub-150x150.jpg 150w\" sizes=\"(max-width: 595px) 100vw, 595px\" \/><\/figure>\n\n\n\n<p><strong>\u201eSticky Fingers Club\u201d&nbsp;Daniela Kom\u0119dera-Mi\u015bkiewicz, Dominika Wiak, Dominik Wi\u0119cek, Monika Witkowska<\/strong><\/p>\n\n\n\n<p><strong>10 sierpnia 2021 (wtorek), godz. 20:00<\/strong>, Scena NCK, bilety 20\/30 z\u0142<\/p>\n\n\n\n<div style=\"height:30px\" aria-hidden=\"true\" class=\"wp-block-spacer\"><\/div>\n\n\n\n<p><strong>koncepcja, choreografia, wykonanie:<\/strong> Daniela Kom\u0119dera-Mi\u015bkiewicz, Dominika Wiak, Dominik Wi\u0119cek, Monika Witkowska<br><strong>wsparcie dramaturgiczne:<\/strong> Konrad Kurowski<br><strong>re\u017cyser o\u015bwietlenia:<\/strong> Krystian Ko\u017abia\u0142<br><strong>muzyka:<\/strong> Przemek Deg\u00f3rski<br><strong>kostiumy<\/strong> z u\u017cyciem projekt\u00f3w autorstwa Krystiana Szymczaka, Edvarda Kuzmicha, Romana Marchewki<br><strong>producenci:<\/strong> Gda\u0144ski Festiwal Ta\u0144ca \/ Klub \u017bAK, Lubelski Teatr Ta\u0144ca<br><strong>premiera:<\/strong> 03.09.2020 \/ 12. Gda\u0144ski Festiwal Ta\u0144ca<br>Spektakl powsta\u0142 w ramach programu &#8222;Przestrzenie Sztuki&#8221; finansowanego ze \u015brodk\u00f3w Ministerstwa Kultury i Dziedzictwa Narodowego, realizowanego przez Narodowy Instytut Muzyki i Ta\u0144ca oraz Instytut Teatralny im. Zbigniewa Raszewskiego. Operatorem projektu w Lublinie jest Centrum Kultury w Lublinie. Dzi\u0119kujemy Studio <em>Oddaj Ci\u0119\u017car <\/em>w Warszawie, Instytutowi Teatralnemu im. Zbigniewa Raszewskiego oraz Krakowskiemu Centrum Choreograficznemu za udost\u0119pnienie przestrzeni na realizacj\u0119 pr\u00f3b.<\/p>\n\n\n\n<div style=\"height:50px\" aria-hidden=\"true\" class=\"wp-block-spacer\"><\/div>\n\n\n\n<p>Prawie dosta\u0142em kwiaty i prawie wiem jak smakowa\u0142 szampan.<br>Pomyli\u0142em hamulec z gazem.<br>Jestem pierwszy poza podium. Wyprzedzi\u0142em tych wszystkich,<br>kt\u00f3rzy s\u0105 za mn\u0105.<br>Prawie mam pow\u00f3d do dumy.<br>Zgubi\u0142em si\u0119 znowu w tym samym miejscu.<br>Te owacje by\u0142y prawie na stoj\u0105co.<\/p>\n\n\n\n<blockquote class=\"wp-block-quote is-layout-flow wp-block-quote-is-layout-flow\"><p><em>Spektakl jest dowcipnym, autoironicznym, ale nie pozbawionym gorzkiego posmaku pochodem przegranych. Dotyka tematu opozycji sukces \u2013 pora\u017cka, a w\u0142a\u015bciwie dra\u017cliwego zagadnienia znajdowania si\u0119 \u201etu\u017c za\u201d. Tu\u017c za zwyci\u0119zc\u0105, tu\u017c za podium, tu\u017c pod kresk\u0105. Tej denerwuj\u0105cej, trafiaj\u0105cej w najczulszy punkt, sytuacji bycia w w\u0105skiej grupie nominowanych, ale ostatecznie zmuszonych do tego, by obej\u015b\u0107 si\u0119 smakiem, i wreszcie zapomnianych, bo kto pami\u0119ta o wicemiss czy o tym, kto jako czwarty dotar\u0142 na met\u0119? <\/em><br>Natalia Szafrankiewicz, taniecPOLSKA.pl<\/p><\/blockquote>\n\n\n\n<figure class=\"wp-block-gallery columns-3 is-cropped wp-block-gallery-1 is-layout-flex wp-block-gallery-is-layout-flex\"><ul class=\"blocks-gallery-grid\"><li class=\"blocks-gallery-item\"><figure><a href=\"https:\/\/nck.krakow.pl\/kcc\/wp-content\/uploads\/2021\/07\/sticky-01.png\"><img loading=\"lazy\" decoding=\"async\" width=\"1024\" height=\"682\" src=\"https:\/\/nck.krakow.pl\/kcc\/wp-content\/uploads\/2021\/07\/sticky-01-1024x682.png\" alt=\"\" data-id=\"5327\" data-full-url=\"https:\/\/nck.krakow.pl\/kcc\/wp-content\/uploads\/2021\/07\/sticky-01.png\" data-link=\"https:\/\/nck.krakow.pl\/kcc\/krakowski-festiwal-tanca\/sticky-fingers-club\/sticky-01\/\" class=\"wp-image-5327\" srcset=\"https:\/\/nck.krakow.pl\/kcc\/wp-content\/uploads\/2021\/07\/sticky-01-1024x682.png 1024w, https:\/\/nck.krakow.pl\/kcc\/wp-content\/uploads\/2021\/07\/sticky-01-300x200.png 300w, https:\/\/nck.krakow.pl\/kcc\/wp-content\/uploads\/2021\/07\/sticky-01-768x512.png 768w, https:\/\/nck.krakow.pl\/kcc\/wp-content\/uploads\/2021\/07\/sticky-01.png 1390w\" sizes=\"(max-width: 1024px) 100vw, 1024px\" \/><\/a><\/figure><\/li><li class=\"blocks-gallery-item\"><figure><a href=\"https:\/\/nck.krakow.pl\/kcc\/wp-content\/uploads\/2021\/07\/sticky-02.png\"><img loading=\"lazy\" decoding=\"async\" width=\"1024\" height=\"682\" src=\"https:\/\/nck.krakow.pl\/kcc\/wp-content\/uploads\/2021\/07\/sticky-02-1024x682.png\" alt=\"\" data-id=\"5328\" data-full-url=\"https:\/\/nck.krakow.pl\/kcc\/wp-content\/uploads\/2021\/07\/sticky-02.png\" data-link=\"https:\/\/nck.krakow.pl\/kcc\/krakowski-festiwal-tanca\/sticky-fingers-club\/sticky-02\/\" class=\"wp-image-5328\" srcset=\"https:\/\/nck.krakow.pl\/kcc\/wp-content\/uploads\/2021\/07\/sticky-02-1024x682.png 1024w, https:\/\/nck.krakow.pl\/kcc\/wp-content\/uploads\/2021\/07\/sticky-02-300x200.png 300w, https:\/\/nck.krakow.pl\/kcc\/wp-content\/uploads\/2021\/07\/sticky-02-768x512.png 768w, https:\/\/nck.krakow.pl\/kcc\/wp-content\/uploads\/2021\/07\/sticky-02.png 1387w\" sizes=\"(max-width: 1024px) 100vw, 1024px\" \/><\/a><\/figure><\/li><li class=\"blocks-gallery-item\"><figure><a href=\"https:\/\/nck.krakow.pl\/kcc\/wp-content\/uploads\/2021\/07\/sticky-03.png\"><img loading=\"lazy\" decoding=\"async\" width=\"1024\" height=\"682\" src=\"https:\/\/nck.krakow.pl\/kcc\/wp-content\/uploads\/2021\/07\/sticky-03-1024x682.png\" alt=\"\" data-id=\"5329\" data-full-url=\"https:\/\/nck.krakow.pl\/kcc\/wp-content\/uploads\/2021\/07\/sticky-03.png\" data-link=\"https:\/\/nck.krakow.pl\/kcc\/krakowski-festiwal-tanca\/sticky-fingers-club\/sticky-03\/\" class=\"wp-image-5329\" srcset=\"https:\/\/nck.krakow.pl\/kcc\/wp-content\/uploads\/2021\/07\/sticky-03-1024x682.png 1024w, https:\/\/nck.krakow.pl\/kcc\/wp-content\/uploads\/2021\/07\/sticky-03-300x200.png 300w, https:\/\/nck.krakow.pl\/kcc\/wp-content\/uploads\/2021\/07\/sticky-03-768x511.png 768w, https:\/\/nck.krakow.pl\/kcc\/wp-content\/uploads\/2021\/07\/sticky-03.png 1389w\" sizes=\"(max-width: 1024px) 100vw, 1024px\" \/><\/a><\/figure><\/li><li class=\"blocks-gallery-item\"><figure><a href=\"https:\/\/nck.krakow.pl\/kcc\/wp-content\/uploads\/2021\/07\/sticky-04.png\"><img loading=\"lazy\" decoding=\"async\" width=\"1024\" height=\"683\" src=\"https:\/\/nck.krakow.pl\/kcc\/wp-content\/uploads\/2021\/07\/sticky-04-1024x683.png\" alt=\"\" data-id=\"5330\" data-full-url=\"https:\/\/nck.krakow.pl\/kcc\/wp-content\/uploads\/2021\/07\/sticky-04.png\" data-link=\"https:\/\/nck.krakow.pl\/kcc\/krakowski-festiwal-tanca\/sticky-fingers-club\/sticky-04\/\" class=\"wp-image-5330\" srcset=\"https:\/\/nck.krakow.pl\/kcc\/wp-content\/uploads\/2021\/07\/sticky-04-1024x683.png 1024w, https:\/\/nck.krakow.pl\/kcc\/wp-content\/uploads\/2021\/07\/sticky-04-300x200.png 300w, https:\/\/nck.krakow.pl\/kcc\/wp-content\/uploads\/2021\/07\/sticky-04-768x512.png 768w, https:\/\/nck.krakow.pl\/kcc\/wp-content\/uploads\/2021\/07\/sticky-04.png 1389w\" sizes=\"(max-width: 1024px) 100vw, 1024px\" \/><\/a><\/figure><\/li><li class=\"blocks-gallery-item\"><figure><a href=\"https:\/\/nck.krakow.pl\/kcc\/wp-content\/uploads\/2021\/07\/sticky-05.png\"><img loading=\"lazy\" decoding=\"async\" width=\"1024\" height=\"682\" src=\"https:\/\/nck.krakow.pl\/kcc\/wp-content\/uploads\/2021\/07\/sticky-05-1024x682.png\" alt=\"\" data-id=\"5331\" data-full-url=\"https:\/\/nck.krakow.pl\/kcc\/wp-content\/uploads\/2021\/07\/sticky-05.png\" data-link=\"https:\/\/nck.krakow.pl\/kcc\/krakowski-festiwal-tanca\/sticky-fingers-club\/sticky-05\/\" class=\"wp-image-5331\" srcset=\"https:\/\/nck.krakow.pl\/kcc\/wp-content\/uploads\/2021\/07\/sticky-05-1024x682.png 1024w, https:\/\/nck.krakow.pl\/kcc\/wp-content\/uploads\/2021\/07\/sticky-05-300x200.png 300w, https:\/\/nck.krakow.pl\/kcc\/wp-content\/uploads\/2021\/07\/sticky-05-768x512.png 768w, https:\/\/nck.krakow.pl\/kcc\/wp-content\/uploads\/2021\/07\/sticky-05.png 1390w\" sizes=\"(max-width: 1024px) 100vw, 1024px\" \/><\/a><\/figure><\/li><\/ul><\/figure>\n\n\n\n<p>Autorzy fotografii: Piotr Jaruga, Daniel Frymark<\/p>\n\n\n\n<div style=\"height:50px\" aria-hidden=\"true\" class=\"wp-block-spacer\"><\/div>\n\n\n\n<figure class=\"wp-block-image size-large is-resized\"><img loading=\"lazy\" decoding=\"async\" src=\"https:\/\/nck.krakow.pl\/kcc\/wp-content\/uploads\/2021\/07\/Logo_MKDNiS_kolorowe_-1-1024x434.jpg\" alt=\"\" class=\"wp-image-5202\" width=\"253\" height=\"107\" srcset=\"https:\/\/nck.krakow.pl\/kcc\/wp-content\/uploads\/2021\/07\/Logo_MKDNiS_kolorowe_-1-1024x434.jpg 1024w, https:\/\/nck.krakow.pl\/kcc\/wp-content\/uploads\/2021\/07\/Logo_MKDNiS_kolorowe_-1-300x127.jpg 300w, https:\/\/nck.krakow.pl\/kcc\/wp-content\/uploads\/2021\/07\/Logo_MKDNiS_kolorowe_-1-768x326.jpg 768w, https:\/\/nck.krakow.pl\/kcc\/wp-content\/uploads\/2021\/07\/Logo_MKDNiS_kolorowe_-1-1536x651.jpg 1536w, https:\/\/nck.krakow.pl\/kcc\/wp-content\/uploads\/2021\/07\/Logo_MKDNiS_kolorowe_-1-2048x868.jpg 2048w\" sizes=\"(max-width: 253px) 100vw, 253px\" \/><\/figure>\n\n\n\n<figure class=\"wp-block-image size-large is-resized\"><img loading=\"lazy\" decoding=\"async\" src=\"https:\/\/nck.krakow.pl\/kcc\/wp-content\/uploads\/2021\/07\/Logo_NIMIT_RGB_kolor_poziom-1024x648.png\" alt=\"\" class=\"wp-image-5203\" width=\"258\" height=\"162\" srcset=\"https:\/\/nck.krakow.pl\/kcc\/wp-content\/uploads\/2021\/07\/Logo_NIMIT_RGB_kolor_poziom-1024x648.png 1024w, https:\/\/nck.krakow.pl\/kcc\/wp-content\/uploads\/2021\/07\/Logo_NIMIT_RGB_kolor_poziom-300x190.png 300w, https:\/\/nck.krakow.pl\/kcc\/wp-content\/uploads\/2021\/07\/Logo_NIMIT_RGB_kolor_poziom-768x486.png 768w, https:\/\/nck.krakow.pl\/kcc\/wp-content\/uploads\/2021\/07\/Logo_NIMIT_RGB_kolor_poziom.png 1500w\" sizes=\"(max-width: 258px) 100vw, 258px\" \/><\/figure>\n\n\n\n<figure class=\"wp-block-image size-large is-resized\"><img loading=\"lazy\" decoding=\"async\" src=\"https:\/\/nck.krakow.pl\/kcc\/wp-content\/uploads\/2021\/07\/PS_logotyp-HORYZONT-1024x440.jpg\" alt=\"\" class=\"wp-image-5288\" width=\"279\" height=\"119\" srcset=\"https:\/\/nck.krakow.pl\/kcc\/wp-content\/uploads\/2021\/07\/PS_logotyp-HORYZONT-1024x440.jpg 1024w, https:\/\/nck.krakow.pl\/kcc\/wp-content\/uploads\/2021\/07\/PS_logotyp-HORYZONT-300x129.jpg 300w, https:\/\/nck.krakow.pl\/kcc\/wp-content\/uploads\/2021\/07\/PS_logotyp-HORYZONT-768x330.jpg 768w, https:\/\/nck.krakow.pl\/kcc\/wp-content\/uploads\/2021\/07\/PS_logotyp-HORYZONT.jpg 1052w\" sizes=\"(max-width: 279px) 100vw, 279px\" \/><\/figure>\n\n\n\n<figure class=\"wp-block-image size-large is-resized\"><img loading=\"lazy\" decoding=\"async\" src=\"https:\/\/nck.krakow.pl\/kcc\/wp-content\/uploads\/2021\/07\/CKlogotyp.png\" alt=\"\" class=\"wp-image-5289\" width=\"276\" height=\"98\" srcset=\"https:\/\/nck.krakow.pl\/kcc\/wp-content\/uploads\/2021\/07\/CKlogotyp.png 602w, https:\/\/nck.krakow.pl\/kcc\/wp-content\/uploads\/2021\/07\/CKlogotyp-300x107.png 300w\" sizes=\"(max-width: 276px) 100vw, 276px\" \/><\/figure>\n\n\n\n<figure class=\"wp-block-image size-large is-resized\"><img loading=\"lazy\" decoding=\"async\" src=\"https:\/\/nck.krakow.pl\/kcc\/wp-content\/uploads\/2021\/07\/it_logo_mini.jpg\" alt=\"\" class=\"wp-image-5290\" width=\"271\" height=\"119\" srcset=\"https:\/\/nck.krakow.pl\/kcc\/wp-content\/uploads\/2021\/07\/it_logo_mini.jpg 599w, https:\/\/nck.krakow.pl\/kcc\/wp-content\/uploads\/2021\/07\/it_logo_mini-300x132.jpg 300w\" sizes=\"(max-width: 271px) 100vw, 271px\" \/><\/figure>\n\n\n\n<figure class=\"wp-block-image size-large is-resized\"><img loading=\"lazy\" decoding=\"async\" src=\"https:\/\/nck.krakow.pl\/kcc\/wp-content\/uploads\/2021\/07\/Sticky-Fingers-Club-logo-Club-ZAK-1024x315.png\" alt=\"\" class=\"wp-image-5201\" width=\"248\" height=\"76\" srcset=\"https:\/\/nck.krakow.pl\/kcc\/wp-content\/uploads\/2021\/07\/Sticky-Fingers-Club-logo-Club-ZAK-1024x315.png 1024w, https:\/\/nck.krakow.pl\/kcc\/wp-content\/uploads\/2021\/07\/Sticky-Fingers-Club-logo-Club-ZAK-300x92.png 300w, https:\/\/nck.krakow.pl\/kcc\/wp-content\/uploads\/2021\/07\/Sticky-Fingers-Club-logo-Club-ZAK-768x236.png 768w, https:\/\/nck.krakow.pl\/kcc\/wp-content\/uploads\/2021\/07\/Sticky-Fingers-Club-logo-Club-ZAK.png 1535w\" sizes=\"(max-width: 248px) 100vw, 248px\" \/><\/figure>\n\n\n\n<figure class=\"wp-block-image size-large is-resized\"><img loading=\"lazy\" decoding=\"async\" src=\"https:\/\/nck.krakow.pl\/kcc\/wp-content\/uploads\/2021\/07\/Sticky-Fingers-Cub-GFT-logo-1024x1024.png\" alt=\"\" class=\"wp-image-5200\" width=\"201\" height=\"201\" srcset=\"https:\/\/nck.krakow.pl\/kcc\/wp-content\/uploads\/2021\/07\/Sticky-Fingers-Cub-GFT-logo-1024x1024.png 1024w, https:\/\/nck.krakow.pl\/kcc\/wp-content\/uploads\/2021\/07\/Sticky-Fingers-Cub-GFT-logo-300x300.png 300w, https:\/\/nck.krakow.pl\/kcc\/wp-content\/uploads\/2021\/07\/Sticky-Fingers-Cub-GFT-logo-150x150.png 150w, https:\/\/nck.krakow.pl\/kcc\/wp-content\/uploads\/2021\/07\/Sticky-Fingers-Cub-GFT-logo-768x768.png 768w, https:\/\/nck.krakow.pl\/kcc\/wp-content\/uploads\/2021\/07\/Sticky-Fingers-Cub-GFT-logo.png 1200w\" sizes=\"(max-width: 201px) 100vw, 201px\" \/><\/figure>\n","protected":false},"excerpt":{"rendered":"<p>\u201eSticky Fingers Club\u201d&nbsp;Daniela Kom\u0119dera-Mi\u015bkiewicz, Dominika Wiak, Dominik Wi\u0119cek, Monika Witkowska 10 sierpnia 2021 (wtorek), godz. 20:00, Scena NCK, bilety 20\/30 z\u0142 koncepcja, choreografia, wykonanie: Daniela Kom\u0119dera-Mi\u015bkiewicz, Dominika Wiak, Dominik Wi\u0119cek, Monika Witkowskawsparcie dramaturgiczne: Konrad Kurowskire\u017cyser o\u015bwietlenia: Krystian Ko\u017abia\u0142muzyka: Przemek Deg\u00f3rskikostiumy z u\u017cyciem projekt\u00f3w autorstwa Krystiana Szymczaka, Edvarda Kuzmicha, Romana Marchewkiproducenci: Gda\u0144ski Festiwal Ta\u0144ca \/ Klub [&hellip;]<\/p>\n","protected":false},"author":5,"featured_media":0,"parent":3723,"menu_order":0,"comment_status":"closed","ping_status":"closed","template":"","meta":{"footnotes":""},"class_list":["post-5196","page","type-page","status-publish","hentry"],"yoast_head":"<!-- This site is optimized with the Yoast SEO plugin v19.12 - https:\/\/yoast.com\/wordpress\/plugins\/seo\/ -->\n<title>\u201eSticky Fingers Club\u201d - Krakowskie Centrum Choreograficzne<\/title>\n<meta name=\"robots\" content=\"index, follow, max-snippet:-1, max-image-preview:large, max-video-preview:-1\" \/>\n<link rel=\"canonical\" href=\"https:\/\/nck.krakow.pl\/kcc\/krakowski-festiwal-tanca-2021\/sticky-fingers-club\/\" \/>\n<meta property=\"og:locale\" content=\"pl_PL\" \/>\n<meta property=\"og:type\" content=\"article\" \/>\n<meta property=\"og:title\" content=\"\u201eSticky Fingers Club\u201d - Krakowskie Centrum Choreograficzne\" \/>\n<meta property=\"og:description\" content=\"\u201eSticky Fingers Club\u201d&nbsp;Daniela Kom\u0119dera-Mi\u015bkiewicz, Dominika Wiak, Dominik Wi\u0119cek, Monika Witkowska 10 sierpnia 2021 (wtorek), godz. 20:00, Scena NCK, bilety 20\/30 z\u0142 koncepcja, choreografia, wykonanie: Daniela Kom\u0119dera-Mi\u015bkiewicz, Dominika Wiak, Dominik Wi\u0119cek, Monika Witkowskawsparcie dramaturgiczne: Konrad Kurowskire\u017cyser o\u015bwietlenia: Krystian Ko\u017abia\u0142muzyka: Przemek Deg\u00f3rskikostiumy z u\u017cyciem projekt\u00f3w autorstwa Krystiana Szymczaka, Edvarda Kuzmicha, Romana Marchewkiproducenci: Gda\u0144ski Festiwal Ta\u0144ca \/ Klub [&hellip;]\" \/>\n<meta property=\"og:url\" content=\"https:\/\/nck.krakow.pl\/kcc\/krakowski-festiwal-tanca-2021\/sticky-fingers-club\/\" \/>\n<meta property=\"og:site_name\" content=\"Krakowskie Centrum Choreograficzne\" \/>\n<meta property=\"article:modified_time\" content=\"2021-08-17T10:44:40+00:00\" \/>\n<meta property=\"og:image\" content=\"https:\/\/nck.krakow.pl\/kcc\/wp-content\/uploads\/2021\/07\/Sticky-fingersclub.jpg\" \/>\n<meta name=\"twitter:card\" content=\"summary_large_image\" \/>\n<meta name=\"twitter:label1\" content=\"Est. reading time\" \/>\n\t<meta name=\"twitter:data1\" content=\"1 minuta\" \/>\n<script type=\"application\/ld+json\" class=\"yoast-schema-graph\">{\"@context\":\"https:\/\/schema.org\",\"@graph\":[{\"@type\":\"WebPage\",\"@id\":\"https:\/\/nck.krakow.pl\/kcc\/krakowski-festiwal-tanca-2021\/sticky-fingers-club\/\",\"url\":\"https:\/\/nck.krakow.pl\/kcc\/krakowski-festiwal-tanca-2021\/sticky-fingers-club\/\",\"name\":\"\u201eSticky Fingers Club\u201d - Krakowskie Centrum Choreograficzne\",\"isPartOf\":{\"@id\":\"https:\/\/nck.krakow.pl\/kcc\/#website\"},\"datePublished\":\"2021-07-21T11:33:47+00:00\",\"dateModified\":\"2021-08-17T10:44:40+00:00\",\"breadcrumb\":{\"@id\":\"https:\/\/nck.krakow.pl\/kcc\/krakowski-festiwal-tanca-2021\/sticky-fingers-club\/#breadcrumb\"},\"inLanguage\":\"pl-PL\",\"potentialAction\":[{\"@type\":\"ReadAction\",\"target\":[\"https:\/\/nck.krakow.pl\/kcc\/krakowski-festiwal-tanca-2021\/sticky-fingers-club\/\"]}]},{\"@type\":\"BreadcrumbList\",\"@id\":\"https:\/\/nck.krakow.pl\/kcc\/krakowski-festiwal-tanca-2021\/sticky-fingers-club\/#breadcrumb\",\"itemListElement\":[{\"@type\":\"ListItem\",\"position\":1,\"name\":\"Strona g\u0142\u00f3wna\",\"item\":\"https:\/\/nck.krakow.pl\/kcc\/\"},{\"@type\":\"ListItem\",\"position\":2,\"name\":\"Krakowski Festiwal Ta\u0144ca 2021\",\"item\":\"https:\/\/nck.krakow.pl\/kcc\/krakowski-festiwal-tanca-2021\/\"},{\"@type\":\"ListItem\",\"position\":3,\"name\":\"\u201eSticky Fingers Club\u201d\"}]},{\"@type\":\"WebSite\",\"@id\":\"https:\/\/nck.krakow.pl\/kcc\/#website\",\"url\":\"https:\/\/nck.krakow.pl\/kcc\/\",\"name\":\"Krakowskie Centrum Choreograficzne\",\"description\":\"\",\"publisher\":{\"@id\":\"https:\/\/nck.krakow.pl\/kcc\/#organization\"},\"potentialAction\":[{\"@type\":\"SearchAction\",\"target\":{\"@type\":\"EntryPoint\",\"urlTemplate\":\"https:\/\/nck.krakow.pl\/kcc\/?s={search_term_string}\"},\"query-input\":\"required name=search_term_string\"}],\"inLanguage\":\"pl-PL\"},{\"@type\":\"Organization\",\"@id\":\"https:\/\/nck.krakow.pl\/kcc\/#organization\",\"name\":\"Krakowskie Centrum Choreograficzne\",\"url\":\"https:\/\/nck.krakow.pl\/kcc\/\",\"logo\":{\"@type\":\"ImageObject\",\"inLanguage\":\"pl-PL\",\"@id\":\"https:\/\/nck.krakow.pl\/kcc\/#\/schema\/logo\/image\/\",\"url\":\"https:\/\/nck.krakow.pl\/kcc\/wp-content\/uploads\/2020\/01\/cropped-logo-kcc-2020.png\",\"contentUrl\":\"https:\/\/nck.krakow.pl\/kcc\/wp-content\/uploads\/2020\/01\/cropped-logo-kcc-2020.png\",\"width\":116,\"height\":55,\"caption\":\"Krakowskie Centrum Choreograficzne\"},\"image\":{\"@id\":\"https:\/\/nck.krakow.pl\/kcc\/#\/schema\/logo\/image\/\"}}]}<\/script>\n<!-- \/ Yoast SEO plugin. -->","yoast_head_json":{"title":"\u201eSticky Fingers Club\u201d - Krakowskie Centrum Choreograficzne","robots":{"index":"index","follow":"follow","max-snippet":"max-snippet:-1","max-image-preview":"max-image-preview:large","max-video-preview":"max-video-preview:-1"},"canonical":"https:\/\/nck.krakow.pl\/kcc\/krakowski-festiwal-tanca-2021\/sticky-fingers-club\/","og_locale":"pl_PL","og_type":"article","og_title":"\u201eSticky Fingers Club\u201d - Krakowskie Centrum Choreograficzne","og_description":"\u201eSticky Fingers Club\u201d&nbsp;Daniela Kom\u0119dera-Mi\u015bkiewicz, Dominika Wiak, Dominik Wi\u0119cek, Monika Witkowska 10 sierpnia 2021 (wtorek), godz. 20:00, Scena NCK, bilety 20\/30 z\u0142 koncepcja, choreografia, wykonanie: Daniela Kom\u0119dera-Mi\u015bkiewicz, Dominika Wiak, Dominik Wi\u0119cek, Monika Witkowskawsparcie dramaturgiczne: Konrad Kurowskire\u017cyser o\u015bwietlenia: Krystian Ko\u017abia\u0142muzyka: Przemek Deg\u00f3rskikostiumy z u\u017cyciem projekt\u00f3w autorstwa Krystiana Szymczaka, Edvarda Kuzmicha, Romana Marchewkiproducenci: Gda\u0144ski Festiwal Ta\u0144ca \/ Klub [&hellip;]","og_url":"https:\/\/nck.krakow.pl\/kcc\/krakowski-festiwal-tanca-2021\/sticky-fingers-club\/","og_site_name":"Krakowskie Centrum Choreograficzne","article_modified_time":"2021-08-17T10:44:40+00:00","og_image":[{"url":"https:\/\/nck.krakow.pl\/kcc\/wp-content\/uploads\/2021\/07\/Sticky-fingersclub.jpg"}],"twitter_card":"summary_large_image","twitter_misc":{"Est. reading time":"1 minuta"},"schema":{"@context":"https:\/\/schema.org","@graph":[{"@type":"WebPage","@id":"https:\/\/nck.krakow.pl\/kcc\/krakowski-festiwal-tanca-2021\/sticky-fingers-club\/","url":"https:\/\/nck.krakow.pl\/kcc\/krakowski-festiwal-tanca-2021\/sticky-fingers-club\/","name":"\u201eSticky Fingers Club\u201d - Krakowskie Centrum Choreograficzne","isPartOf":{"@id":"https:\/\/nck.krakow.pl\/kcc\/#website"},"datePublished":"2021-07-21T11:33:47+00:00","dateModified":"2021-08-17T10:44:40+00:00","breadcrumb":{"@id":"https:\/\/nck.krakow.pl\/kcc\/krakowski-festiwal-tanca-2021\/sticky-fingers-club\/#breadcrumb"},"inLanguage":"pl-PL","potentialAction":[{"@type":"ReadAction","target":["https:\/\/nck.krakow.pl\/kcc\/krakowski-festiwal-tanca-2021\/sticky-fingers-club\/"]}]},{"@type":"BreadcrumbList","@id":"https:\/\/nck.krakow.pl\/kcc\/krakowski-festiwal-tanca-2021\/sticky-fingers-club\/#breadcrumb","itemListElement":[{"@type":"ListItem","position":1,"name":"Strona g\u0142\u00f3wna","item":"https:\/\/nck.krakow.pl\/kcc\/"},{"@type":"ListItem","position":2,"name":"Krakowski Festiwal Ta\u0144ca 2021","item":"https:\/\/nck.krakow.pl\/kcc\/krakowski-festiwal-tanca-2021\/"},{"@type":"ListItem","position":3,"name":"\u201eSticky Fingers Club\u201d"}]},{"@type":"WebSite","@id":"https:\/\/nck.krakow.pl\/kcc\/#website","url":"https:\/\/nck.krakow.pl\/kcc\/","name":"Krakowskie Centrum Choreograficzne","description":"","publisher":{"@id":"https:\/\/nck.krakow.pl\/kcc\/#organization"},"potentialAction":[{"@type":"SearchAction","target":{"@type":"EntryPoint","urlTemplate":"https:\/\/nck.krakow.pl\/kcc\/?s={search_term_string}"},"query-input":"required name=search_term_string"}],"inLanguage":"pl-PL"},{"@type":"Organization","@id":"https:\/\/nck.krakow.pl\/kcc\/#organization","name":"Krakowskie Centrum Choreograficzne","url":"https:\/\/nck.krakow.pl\/kcc\/","logo":{"@type":"ImageObject","inLanguage":"pl-PL","@id":"https:\/\/nck.krakow.pl\/kcc\/#\/schema\/logo\/image\/","url":"https:\/\/nck.krakow.pl\/kcc\/wp-content\/uploads\/2020\/01\/cropped-logo-kcc-2020.png","contentUrl":"https:\/\/nck.krakow.pl\/kcc\/wp-content\/uploads\/2020\/01\/cropped-logo-kcc-2020.png","width":116,"height":55,"caption":"Krakowskie Centrum Choreograficzne"},"image":{"@id":"https:\/\/nck.krakow.pl\/kcc\/#\/schema\/logo\/image\/"}}]}},"_links":{"self":[{"href":"https:\/\/nck.krakow.pl\/kcc\/wp-json\/wp\/v2\/pages\/5196"}],"collection":[{"href":"https:\/\/nck.krakow.pl\/kcc\/wp-json\/wp\/v2\/pages"}],"about":[{"href":"https:\/\/nck.krakow.pl\/kcc\/wp-json\/wp\/v2\/types\/page"}],"author":[{"embeddable":true,"href":"https:\/\/nck.krakow.pl\/kcc\/wp-json\/wp\/v2\/users\/5"}],"replies":[{"embeddable":true,"href":"https:\/\/nck.krakow.pl\/kcc\/wp-json\/wp\/v2\/comments?post=5196"}],"version-history":[{"count":13,"href":"https:\/\/nck.krakow.pl\/kcc\/wp-json\/wp\/v2\/pages\/5196\/revisions"}],"predecessor-version":[{"id":5511,"href":"https:\/\/nck.krakow.pl\/kcc\/wp-json\/wp\/v2\/pages\/5196\/revisions\/5511"}],"up":[{"embeddable":true,"href":"https:\/\/nck.krakow.pl\/kcc\/wp-json\/wp\/v2\/pages\/3723"}],"wp:attachment":[{"href":"https:\/\/nck.krakow.pl\/kcc\/wp-json\/wp\/v2\/media?parent=5196"}],"curies":[{"name":"wp","href":"https:\/\/api.w.org\/{rel}","templated":true}]}}