{"id":5181,"date":"2021-07-21T11:23:19","date_gmt":"2021-07-21T11:23:19","guid":{"rendered":"https:\/\/nck.krakow.pl\/kcc\/?page_id=5181"},"modified":"2021-08-17T10:44:34","modified_gmt":"2021-08-17T10:44:34","slug":"mechanics-of-distance","status":"publish","type":"page","link":"https:\/\/nck.krakow.pl\/kcc\/krakowski-festiwal-tanca-2021\/mechanics-of-distance\/","title":{"rendered":"\u201eMechanics of distance\u201d"},"content":{"rendered":"\n<figure class=\"wp-block-image size-large\"><img loading=\"lazy\" decoding=\"async\" width=\"595\" height=\"595\" src=\"https:\/\/nck.krakow.pl\/kcc\/wp-content\/uploads\/2021\/07\/Mechanics-of-distance-1.jpg\" alt=\"\" class=\"wp-image-5193\" srcset=\"https:\/\/nck.krakow.pl\/kcc\/wp-content\/uploads\/2021\/07\/Mechanics-of-distance-1.jpg 595w, https:\/\/nck.krakow.pl\/kcc\/wp-content\/uploads\/2021\/07\/Mechanics-of-distance-1-300x300.jpg 300w, https:\/\/nck.krakow.pl\/kcc\/wp-content\/uploads\/2021\/07\/Mechanics-of-distance-1-150x150.jpg 150w\" sizes=\"(max-width: 595px) 100vw, 595px\" \/><\/figure>\n\n\n\n<p><strong>\u201eMechanics of distance\u201d&nbsp;M\u00e1t\u00e9 M\u00e9sz\u00e1ros<\/strong><\/p>\n\n\n\n<p><strong>10 sierpnia 2021 (wtorek), godz. 19:00<\/strong>, klatka schodowa NCK, bilety 20\/30 z\u0142<\/p>\n\n\n\n<div style=\"height:30px\" aria-hidden=\"true\" class=\"wp-block-spacer\"><\/div>\n\n\n\n<p><strong>choreografia i koncept:<\/strong> M\u00e1t\u00e9 M\u00e9sz\u00e1ros<br><strong>tw\u00f3rcy-performerzy:<\/strong> Jenna Jalonen, M\u00e1t\u00e9 M\u00e9sz\u00e1ros, Zs\u00f3fia Tamara Vadas<br><strong>muzyka:<\/strong> \u00c1ron Porteleki<br><strong>konsultacje: <\/strong>Tam\u00e1s Bak\u00f3<br><strong>producent:<\/strong> S\u00cdN Arts Centre<br><strong>premiera:<\/strong> 26 maja 2019, National Dance Theatre, Budapeszt<br>Produkcja zosta\u0142a zrealizowana przy wsparciu Programu im. Imre Zolt\u00e1na w\u0119gierskiego Narodowego Funduszu Kulturalnego<\/p>\n\n\n\n<div style=\"height:50px\" aria-hidden=\"true\" class=\"wp-block-spacer\"><\/div>\n\n\n\n<figure class=\"wp-block-embed is-type-video is-provider-vimeo wp-block-embed-vimeo wp-embed-aspect-16-9 wp-has-aspect-ratio\"><div class=\"wp-block-embed__wrapper\">\n<iframe loading=\"lazy\" title=\"M&amp;aacute;t&amp;eacute; M&amp;eacute;sz&amp;aacute;ros: MECHANICS OF DISTANCE (2019) teaser\" src=\"https:\/\/player.vimeo.com\/video\/340703053?dnt=1&amp;app_id=122963\" width=\"768\" height=\"432\" frameborder=\"0\" allow=\"autoplay; fullscreen; picture-in-picture\" allowfullscreen><\/iframe>\n<\/div><\/figure>\n\n\n\n<p>Tancerze pochodz\u0105cy z trzech bardzo r\u00f3\u017cnych \u015brodowisk (balet klasyczny, taniec ludowy i taniec wsp\u00f3\u0142czesny) oraz muzyk wzajemnie ingeruj\u0105 w swoj\u0105 osobist\u0105 przestrze\u0144 tak bardzo, \u017ce odbiorca\/widz mo\u017ce odej\u015b\u0107 od swojej zwyczajowej ch\u0119ci\/potrzeby interpretacji. Cia\u0142a umieszczaj\u0105 taniec w spektrum sztuk pi\u0119knych dzi\u0119ki swojej plastyczno\u015bci, materialno\u015bci.<\/p>\n\n\n\n<p>Spektakl <em>Mechanics of Distance<\/em> (\u201eMechanizm dystansu\u201d) koncentruje si\u0119 na umieszczeniu statycznych i ruchomych cia\u0142 w przestrzeni, wciskaj\u0105c w ni\u0105 pasuj\u0105ce i niepasuj\u0105ce do siebie systemy i analizuj\u0105c dystans pomi\u0119dzy cia\u0142ami. Narz\u0119dziem choreografa, maj\u0105cym zilustrowa\u0107 ten problem, jest odnalezienie odpowiedniego gestu, prze\u0142o\u017cenie abstrakcji na materialne cia\u0142o.<\/p>\n\n\n\n<blockquote class=\"wp-block-quote is-layout-flow wp-block-quote-is-layout-flow\"><p><em>Spektakl prezentuje wariacje na temat styczno\u015bci, kontakt\u00f3w mi\u0119dzy cia\u0142ami w przestrzeni, zach\u0119caj\u0105c do swobodnej interpretacji. Epizodyczne zdarzenia zaczerpni\u0119te z<\/em> <em>kontekst\u00f3w spo\u0142ecznych i prywatnych reprezentuj\u0105 emocjonalne, moralne lub intelektualne sytuacje. (&#8230;) W choreografii M\u00e9sz\u00e1rosa bezpo\u015brednia, namacalna wi\u0119\u017a i blisko\u015b\u0107 stykaj\u0105 si\u0119 z bardziej podnios\u0142ym, uroczystym wymiarem, a dodatkowe uzupe\u0142nienie stanowi wymiar polityczny, kt\u00f3rego celem jest znalezienie odpowiedzi na pytanie, jak bardzo mo\u017cna rozszerzy\u0107 granice ta\u0144ca, jaki potencja\u0142 le\u017cy u podstaw szczeg\u00f3lnej, s\u0142abo wykorzystywanej (infra)struktury i jakie s\u0105 niesko\u0144czone wymiary eksperyment\u00f3w, otwartej przestrzeni, kt\u00f3ra tylko czeka, a\u017c kto\u015b zacznie j\u0105 odkrywa\u0107.<\/em><br>Dorottya Albert, szinhaz.net<\/p><\/blockquote>\n\n\n\n<p>M\u00e1t\u00e9 M\u00e9sz\u00e1ros jest absolwentem Hungarian Dance Academy, kt\u00f3r\u0105 uko\u0144czy\u0142 w 1999. Przez trzy lata by\u0142 tancerzem Szeged Contemporary Ballet, a nast\u0119pnie pracowa\u0142 w wielu europejskich zespo\u0142ach (CarteBlanche \u2013 Norwegia, Lanonima Imperial \u2013 Hiszpania, Ultima Vez \u2013 Belgia). Pracowa\u0142 m.in. z Ohadem Naharinem, Sharon Eyal, Amand\u0105 Miller, Myriam Naisy oraz Wimem Vandekeybusem. M\u00e1t\u00e9&nbsp; tworzy choreografie dla wielu w\u0119gierskich zespo\u0142\u00f3w i prowadzi warsztaty ta\u0144ca na ca\u0142ym \u015bwiecie.<\/p>\n\n\n\n<figure class=\"wp-block-gallery columns-4 is-cropped wp-block-gallery-1 is-layout-flex wp-block-gallery-is-layout-flex\"><ul class=\"blocks-gallery-grid\"><li class=\"blocks-gallery-item\"><figure><a href=\"https:\/\/nck.krakow.pl\/kcc\/wp-content\/uploads\/2021\/07\/Mechanics-of-distance-5-scaled.jpg\"><img loading=\"lazy\" decoding=\"async\" width=\"1024\" height=\"683\" src=\"https:\/\/nck.krakow.pl\/kcc\/wp-content\/uploads\/2021\/07\/Mechanics-of-distance-5-1024x683.jpg\" alt=\"\" data-id=\"5187\" data-full-url=\"https:\/\/nck.krakow.pl\/kcc\/wp-content\/uploads\/2021\/07\/Mechanics-of-distance-5-scaled.jpg\" data-link=\"https:\/\/nck.krakow.pl\/kcc\/?attachment_id=5187\" class=\"wp-image-5187\" srcset=\"https:\/\/nck.krakow.pl\/kcc\/wp-content\/uploads\/2021\/07\/Mechanics-of-distance-5-1024x683.jpg 1024w, https:\/\/nck.krakow.pl\/kcc\/wp-content\/uploads\/2021\/07\/Mechanics-of-distance-5-300x200.jpg 300w, https:\/\/nck.krakow.pl\/kcc\/wp-content\/uploads\/2021\/07\/Mechanics-of-distance-5-768x512.jpg 768w, https:\/\/nck.krakow.pl\/kcc\/wp-content\/uploads\/2021\/07\/Mechanics-of-distance-5-1536x1024.jpg 1536w, https:\/\/nck.krakow.pl\/kcc\/wp-content\/uploads\/2021\/07\/Mechanics-of-distance-5-2048x1365.jpg 2048w\" sizes=\"(max-width: 1024px) 100vw, 1024px\" \/><\/a><\/figure><\/li><li class=\"blocks-gallery-item\"><figure><a href=\"https:\/\/nck.krakow.pl\/kcc\/wp-content\/uploads\/2021\/07\/Mechanics-of-distance-scaled.jpg\"><img loading=\"lazy\" decoding=\"async\" width=\"1024\" height=\"692\" src=\"https:\/\/nck.krakow.pl\/kcc\/wp-content\/uploads\/2021\/07\/Mechanics-of-distance-1024x692.jpg\" alt=\"\" data-id=\"5188\" data-full-url=\"https:\/\/nck.krakow.pl\/kcc\/wp-content\/uploads\/2021\/07\/Mechanics-of-distance-scaled.jpg\" data-link=\"https:\/\/nck.krakow.pl\/kcc\/?attachment_id=5188\" class=\"wp-image-5188\" srcset=\"https:\/\/nck.krakow.pl\/kcc\/wp-content\/uploads\/2021\/07\/Mechanics-of-distance-1024x692.jpg 1024w, https:\/\/nck.krakow.pl\/kcc\/wp-content\/uploads\/2021\/07\/Mechanics-of-distance-300x203.jpg 300w, https:\/\/nck.krakow.pl\/kcc\/wp-content\/uploads\/2021\/07\/Mechanics-of-distance-768x519.jpg 768w, https:\/\/nck.krakow.pl\/kcc\/wp-content\/uploads\/2021\/07\/Mechanics-of-distance-1536x1037.jpg 1536w, https:\/\/nck.krakow.pl\/kcc\/wp-content\/uploads\/2021\/07\/Mechanics-of-distance-2048x1383.jpg 2048w\" sizes=\"(max-width: 1024px) 100vw, 1024px\" \/><\/a><\/figure><\/li><li class=\"blocks-gallery-item\"><figure><a href=\"https:\/\/nck.krakow.pl\/kcc\/wp-content\/uploads\/2021\/07\/Mechanics-of-distance2-scaled.jpg\"><img loading=\"lazy\" decoding=\"async\" width=\"1024\" height=\"683\" src=\"https:\/\/nck.krakow.pl\/kcc\/wp-content\/uploads\/2021\/07\/Mechanics-of-distance2-1024x683.jpg\" alt=\"\" data-id=\"5189\" data-full-url=\"https:\/\/nck.krakow.pl\/kcc\/wp-content\/uploads\/2021\/07\/Mechanics-of-distance2-scaled.jpg\" data-link=\"https:\/\/nck.krakow.pl\/kcc\/?attachment_id=5189\" class=\"wp-image-5189\" srcset=\"https:\/\/nck.krakow.pl\/kcc\/wp-content\/uploads\/2021\/07\/Mechanics-of-distance2-1024x683.jpg 1024w, https:\/\/nck.krakow.pl\/kcc\/wp-content\/uploads\/2021\/07\/Mechanics-of-distance2-300x200.jpg 300w, https:\/\/nck.krakow.pl\/kcc\/wp-content\/uploads\/2021\/07\/Mechanics-of-distance2-768x512.jpg 768w, https:\/\/nck.krakow.pl\/kcc\/wp-content\/uploads\/2021\/07\/Mechanics-of-distance2-1536x1024.jpg 1536w, https:\/\/nck.krakow.pl\/kcc\/wp-content\/uploads\/2021\/07\/Mechanics-of-distance2-2048x1365.jpg 2048w\" sizes=\"(max-width: 1024px) 100vw, 1024px\" \/><\/a><\/figure><\/li><li class=\"blocks-gallery-item\"><figure><a href=\"https:\/\/nck.krakow.pl\/kcc\/wp-content\/uploads\/2021\/07\/WYROZNIAJACE-Mechanics-of-distance-scaled.jpg\"><img loading=\"lazy\" decoding=\"async\" width=\"1024\" height=\"787\" src=\"https:\/\/nck.krakow.pl\/kcc\/wp-content\/uploads\/2021\/07\/WYROZNIAJACE-Mechanics-of-distance-1024x787.jpg\" alt=\"\" data-id=\"5190\" data-full-url=\"https:\/\/nck.krakow.pl\/kcc\/wp-content\/uploads\/2021\/07\/WYROZNIAJACE-Mechanics-of-distance-scaled.jpg\" data-link=\"https:\/\/nck.krakow.pl\/kcc\/?attachment_id=5190\" class=\"wp-image-5190\" srcset=\"https:\/\/nck.krakow.pl\/kcc\/wp-content\/uploads\/2021\/07\/WYROZNIAJACE-Mechanics-of-distance-1024x787.jpg 1024w, https:\/\/nck.krakow.pl\/kcc\/wp-content\/uploads\/2021\/07\/WYROZNIAJACE-Mechanics-of-distance-300x231.jpg 300w, https:\/\/nck.krakow.pl\/kcc\/wp-content\/uploads\/2021\/07\/WYROZNIAJACE-Mechanics-of-distance-768x590.jpg 768w, https:\/\/nck.krakow.pl\/kcc\/wp-content\/uploads\/2021\/07\/WYROZNIAJACE-Mechanics-of-distance-1536x1180.jpg 1536w, https:\/\/nck.krakow.pl\/kcc\/wp-content\/uploads\/2021\/07\/WYROZNIAJACE-Mechanics-of-distance-2048x1574.jpg 2048w\" sizes=\"(max-width: 1024px) 100vw, 1024px\" \/><\/a><\/figure><\/li><\/ul><\/figure>\n\n\n\n<figure class=\"wp-block-image size-large is-resized\"><img loading=\"lazy\" decoding=\"async\" src=\"https:\/\/nck.krakow.pl\/kcc\/wp-content\/uploads\/2021\/07\/LOGOTYP-aerowaves.jpg\" alt=\"\" class=\"wp-image-5191\" width=\"340\" height=\"85\" srcset=\"https:\/\/nck.krakow.pl\/kcc\/wp-content\/uploads\/2021\/07\/LOGOTYP-aerowaves.jpg 748w, https:\/\/nck.krakow.pl\/kcc\/wp-content\/uploads\/2021\/07\/LOGOTYP-aerowaves-300x75.jpg 300w\" sizes=\"(max-width: 340px) 100vw, 340px\" \/><\/figure>\n\n\n\n<figure class=\"wp-block-image size-large is-resized\"><img loading=\"lazy\" decoding=\"async\" src=\"https:\/\/nck.krakow.pl\/kcc\/wp-content\/uploads\/2021\/07\/LOGOTYP-eu_flag_creative_europe_co_funded_pos_rgb_left-1024x258.jpeg\" alt=\"\" class=\"wp-image-5192\" width=\"295\" height=\"73\" srcset=\"https:\/\/nck.krakow.pl\/kcc\/wp-content\/uploads\/2021\/07\/LOGOTYP-eu_flag_creative_europe_co_funded_pos_rgb_left-1024x258.jpeg 1024w, https:\/\/nck.krakow.pl\/kcc\/wp-content\/uploads\/2021\/07\/LOGOTYP-eu_flag_creative_europe_co_funded_pos_rgb_left-300x75.jpeg 300w, https:\/\/nck.krakow.pl\/kcc\/wp-content\/uploads\/2021\/07\/LOGOTYP-eu_flag_creative_europe_co_funded_pos_rgb_left-768x193.jpeg 768w, https:\/\/nck.krakow.pl\/kcc\/wp-content\/uploads\/2021\/07\/LOGOTYP-eu_flag_creative_europe_co_funded_pos_rgb_left.jpeg 1280w\" sizes=\"(max-width: 295px) 100vw, 295px\" \/><\/figure>\n\n\n\n<p><\/p>\n","protected":false},"excerpt":{"rendered":"<p>\u201eMechanics of distance\u201d&nbsp;M\u00e1t\u00e9 M\u00e9sz\u00e1ros 10 sierpnia 2021 (wtorek), godz. 19:00, klatka schodowa NCK, bilety 20\/30 z\u0142 choreografia i koncept: M\u00e1t\u00e9 M\u00e9sz\u00e1rostw\u00f3rcy-performerzy: Jenna Jalonen, M\u00e1t\u00e9 M\u00e9sz\u00e1ros, Zs\u00f3fia Tamara Vadasmuzyka: \u00c1ron Portelekikonsultacje: Tam\u00e1s Bak\u00f3producent: S\u00cdN Arts Centrepremiera: 26 maja 2019, National Dance Theatre, BudapesztProdukcja zosta\u0142a zrealizowana przy wsparciu Programu im. Imre Zolt\u00e1na w\u0119gierskiego Narodowego Funduszu Kulturalnego Tancerze [&hellip;]<\/p>\n","protected":false},"author":5,"featured_media":0,"parent":3723,"menu_order":0,"comment_status":"closed","ping_status":"closed","template":"","meta":{"footnotes":""},"class_list":["post-5181","page","type-page","status-publish","hentry"],"yoast_head":"<!-- This site is optimized with the Yoast SEO plugin v19.12 - https:\/\/yoast.com\/wordpress\/plugins\/seo\/ -->\n<title>\u201eMechanics of distance\u201d - Krakowskie Centrum Choreograficzne<\/title>\n<meta name=\"robots\" content=\"index, follow, max-snippet:-1, max-image-preview:large, max-video-preview:-1\" \/>\n<link rel=\"canonical\" href=\"https:\/\/nck.krakow.pl\/kcc\/krakowski-festiwal-tanca-2021\/mechanics-of-distance\/\" \/>\n<meta property=\"og:locale\" content=\"pl_PL\" \/>\n<meta property=\"og:type\" content=\"article\" \/>\n<meta property=\"og:title\" content=\"\u201eMechanics of distance\u201d - Krakowskie Centrum Choreograficzne\" \/>\n<meta property=\"og:description\" content=\"\u201eMechanics of distance\u201d&nbsp;M\u00e1t\u00e9 M\u00e9sz\u00e1ros 10 sierpnia 2021 (wtorek), godz. 19:00, klatka schodowa NCK, bilety 20\/30 z\u0142 choreografia i koncept: M\u00e1t\u00e9 M\u00e9sz\u00e1rostw\u00f3rcy-performerzy: Jenna Jalonen, M\u00e1t\u00e9 M\u00e9sz\u00e1ros, Zs\u00f3fia Tamara Vadasmuzyka: \u00c1ron Portelekikonsultacje: Tam\u00e1s Bak\u00f3producent: S\u00cdN Arts Centrepremiera: 26 maja 2019, National Dance Theatre, BudapesztProdukcja zosta\u0142a zrealizowana przy wsparciu Programu im. Imre Zolt\u00e1na w\u0119gierskiego Narodowego Funduszu Kulturalnego Tancerze [&hellip;]\" \/>\n<meta property=\"og:url\" content=\"https:\/\/nck.krakow.pl\/kcc\/krakowski-festiwal-tanca-2021\/mechanics-of-distance\/\" \/>\n<meta property=\"og:site_name\" content=\"Krakowskie Centrum Choreograficzne\" \/>\n<meta property=\"article:modified_time\" content=\"2021-08-17T10:44:34+00:00\" \/>\n<meta property=\"og:image\" content=\"https:\/\/nck.krakow.pl\/kcc\/wp-content\/uploads\/2021\/07\/Mechanics-of-distance-1.jpg\" \/>\n<meta name=\"twitter:card\" content=\"summary_large_image\" \/>\n<meta name=\"twitter:label1\" content=\"Est. reading time\" \/>\n\t<meta name=\"twitter:data1\" content=\"2 minuty\" \/>\n<script type=\"application\/ld+json\" class=\"yoast-schema-graph\">{\"@context\":\"https:\/\/schema.org\",\"@graph\":[{\"@type\":\"WebPage\",\"@id\":\"https:\/\/nck.krakow.pl\/kcc\/krakowski-festiwal-tanca-2021\/mechanics-of-distance\/\",\"url\":\"https:\/\/nck.krakow.pl\/kcc\/krakowski-festiwal-tanca-2021\/mechanics-of-distance\/\",\"name\":\"\u201eMechanics of distance\u201d - Krakowskie Centrum Choreograficzne\",\"isPartOf\":{\"@id\":\"https:\/\/nck.krakow.pl\/kcc\/#website\"},\"datePublished\":\"2021-07-21T11:23:19+00:00\",\"dateModified\":\"2021-08-17T10:44:34+00:00\",\"breadcrumb\":{\"@id\":\"https:\/\/nck.krakow.pl\/kcc\/krakowski-festiwal-tanca-2021\/mechanics-of-distance\/#breadcrumb\"},\"inLanguage\":\"pl-PL\",\"potentialAction\":[{\"@type\":\"ReadAction\",\"target\":[\"https:\/\/nck.krakow.pl\/kcc\/krakowski-festiwal-tanca-2021\/mechanics-of-distance\/\"]}]},{\"@type\":\"BreadcrumbList\",\"@id\":\"https:\/\/nck.krakow.pl\/kcc\/krakowski-festiwal-tanca-2021\/mechanics-of-distance\/#breadcrumb\",\"itemListElement\":[{\"@type\":\"ListItem\",\"position\":1,\"name\":\"Strona g\u0142\u00f3wna\",\"item\":\"https:\/\/nck.krakow.pl\/kcc\/\"},{\"@type\":\"ListItem\",\"position\":2,\"name\":\"Krakowski Festiwal Ta\u0144ca 2021\",\"item\":\"https:\/\/nck.krakow.pl\/kcc\/krakowski-festiwal-tanca-2021\/\"},{\"@type\":\"ListItem\",\"position\":3,\"name\":\"\u201eMechanics of distance\u201d\"}]},{\"@type\":\"WebSite\",\"@id\":\"https:\/\/nck.krakow.pl\/kcc\/#website\",\"url\":\"https:\/\/nck.krakow.pl\/kcc\/\",\"name\":\"Krakowskie Centrum Choreograficzne\",\"description\":\"\",\"publisher\":{\"@id\":\"https:\/\/nck.krakow.pl\/kcc\/#organization\"},\"potentialAction\":[{\"@type\":\"SearchAction\",\"target\":{\"@type\":\"EntryPoint\",\"urlTemplate\":\"https:\/\/nck.krakow.pl\/kcc\/?s={search_term_string}\"},\"query-input\":\"required name=search_term_string\"}],\"inLanguage\":\"pl-PL\"},{\"@type\":\"Organization\",\"@id\":\"https:\/\/nck.krakow.pl\/kcc\/#organization\",\"name\":\"Krakowskie Centrum Choreograficzne\",\"url\":\"https:\/\/nck.krakow.pl\/kcc\/\",\"logo\":{\"@type\":\"ImageObject\",\"inLanguage\":\"pl-PL\",\"@id\":\"https:\/\/nck.krakow.pl\/kcc\/#\/schema\/logo\/image\/\",\"url\":\"https:\/\/nck.krakow.pl\/kcc\/wp-content\/uploads\/2020\/01\/cropped-logo-kcc-2020.png\",\"contentUrl\":\"https:\/\/nck.krakow.pl\/kcc\/wp-content\/uploads\/2020\/01\/cropped-logo-kcc-2020.png\",\"width\":116,\"height\":55,\"caption\":\"Krakowskie Centrum Choreograficzne\"},\"image\":{\"@id\":\"https:\/\/nck.krakow.pl\/kcc\/#\/schema\/logo\/image\/\"}}]}<\/script>\n<!-- \/ Yoast SEO plugin. -->","yoast_head_json":{"title":"\u201eMechanics of distance\u201d - Krakowskie Centrum Choreograficzne","robots":{"index":"index","follow":"follow","max-snippet":"max-snippet:-1","max-image-preview":"max-image-preview:large","max-video-preview":"max-video-preview:-1"},"canonical":"https:\/\/nck.krakow.pl\/kcc\/krakowski-festiwal-tanca-2021\/mechanics-of-distance\/","og_locale":"pl_PL","og_type":"article","og_title":"\u201eMechanics of distance\u201d - Krakowskie Centrum Choreograficzne","og_description":"\u201eMechanics of distance\u201d&nbsp;M\u00e1t\u00e9 M\u00e9sz\u00e1ros 10 sierpnia 2021 (wtorek), godz. 19:00, klatka schodowa NCK, bilety 20\/30 z\u0142 choreografia i koncept: M\u00e1t\u00e9 M\u00e9sz\u00e1rostw\u00f3rcy-performerzy: Jenna Jalonen, M\u00e1t\u00e9 M\u00e9sz\u00e1ros, Zs\u00f3fia Tamara Vadasmuzyka: \u00c1ron Portelekikonsultacje: Tam\u00e1s Bak\u00f3producent: S\u00cdN Arts Centrepremiera: 26 maja 2019, National Dance Theatre, BudapesztProdukcja zosta\u0142a zrealizowana przy wsparciu Programu im. Imre Zolt\u00e1na w\u0119gierskiego Narodowego Funduszu Kulturalnego Tancerze [&hellip;]","og_url":"https:\/\/nck.krakow.pl\/kcc\/krakowski-festiwal-tanca-2021\/mechanics-of-distance\/","og_site_name":"Krakowskie Centrum Choreograficzne","article_modified_time":"2021-08-17T10:44:34+00:00","og_image":[{"url":"https:\/\/nck.krakow.pl\/kcc\/wp-content\/uploads\/2021\/07\/Mechanics-of-distance-1.jpg"}],"twitter_card":"summary_large_image","twitter_misc":{"Est. reading time":"2 minuty"},"schema":{"@context":"https:\/\/schema.org","@graph":[{"@type":"WebPage","@id":"https:\/\/nck.krakow.pl\/kcc\/krakowski-festiwal-tanca-2021\/mechanics-of-distance\/","url":"https:\/\/nck.krakow.pl\/kcc\/krakowski-festiwal-tanca-2021\/mechanics-of-distance\/","name":"\u201eMechanics of distance\u201d - Krakowskie Centrum Choreograficzne","isPartOf":{"@id":"https:\/\/nck.krakow.pl\/kcc\/#website"},"datePublished":"2021-07-21T11:23:19+00:00","dateModified":"2021-08-17T10:44:34+00:00","breadcrumb":{"@id":"https:\/\/nck.krakow.pl\/kcc\/krakowski-festiwal-tanca-2021\/mechanics-of-distance\/#breadcrumb"},"inLanguage":"pl-PL","potentialAction":[{"@type":"ReadAction","target":["https:\/\/nck.krakow.pl\/kcc\/krakowski-festiwal-tanca-2021\/mechanics-of-distance\/"]}]},{"@type":"BreadcrumbList","@id":"https:\/\/nck.krakow.pl\/kcc\/krakowski-festiwal-tanca-2021\/mechanics-of-distance\/#breadcrumb","itemListElement":[{"@type":"ListItem","position":1,"name":"Strona g\u0142\u00f3wna","item":"https:\/\/nck.krakow.pl\/kcc\/"},{"@type":"ListItem","position":2,"name":"Krakowski Festiwal Ta\u0144ca 2021","item":"https:\/\/nck.krakow.pl\/kcc\/krakowski-festiwal-tanca-2021\/"},{"@type":"ListItem","position":3,"name":"\u201eMechanics of distance\u201d"}]},{"@type":"WebSite","@id":"https:\/\/nck.krakow.pl\/kcc\/#website","url":"https:\/\/nck.krakow.pl\/kcc\/","name":"Krakowskie Centrum Choreograficzne","description":"","publisher":{"@id":"https:\/\/nck.krakow.pl\/kcc\/#organization"},"potentialAction":[{"@type":"SearchAction","target":{"@type":"EntryPoint","urlTemplate":"https:\/\/nck.krakow.pl\/kcc\/?s={search_term_string}"},"query-input":"required name=search_term_string"}],"inLanguage":"pl-PL"},{"@type":"Organization","@id":"https:\/\/nck.krakow.pl\/kcc\/#organization","name":"Krakowskie Centrum Choreograficzne","url":"https:\/\/nck.krakow.pl\/kcc\/","logo":{"@type":"ImageObject","inLanguage":"pl-PL","@id":"https:\/\/nck.krakow.pl\/kcc\/#\/schema\/logo\/image\/","url":"https:\/\/nck.krakow.pl\/kcc\/wp-content\/uploads\/2020\/01\/cropped-logo-kcc-2020.png","contentUrl":"https:\/\/nck.krakow.pl\/kcc\/wp-content\/uploads\/2020\/01\/cropped-logo-kcc-2020.png","width":116,"height":55,"caption":"Krakowskie Centrum Choreograficzne"},"image":{"@id":"https:\/\/nck.krakow.pl\/kcc\/#\/schema\/logo\/image\/"}}]}},"_links":{"self":[{"href":"https:\/\/nck.krakow.pl\/kcc\/wp-json\/wp\/v2\/pages\/5181"}],"collection":[{"href":"https:\/\/nck.krakow.pl\/kcc\/wp-json\/wp\/v2\/pages"}],"about":[{"href":"https:\/\/nck.krakow.pl\/kcc\/wp-json\/wp\/v2\/types\/page"}],"author":[{"embeddable":true,"href":"https:\/\/nck.krakow.pl\/kcc\/wp-json\/wp\/v2\/users\/5"}],"replies":[{"embeddable":true,"href":"https:\/\/nck.krakow.pl\/kcc\/wp-json\/wp\/v2\/comments?post=5181"}],"version-history":[{"count":6,"href":"https:\/\/nck.krakow.pl\/kcc\/wp-json\/wp\/v2\/pages\/5181\/revisions"}],"predecessor-version":[{"id":5510,"href":"https:\/\/nck.krakow.pl\/kcc\/wp-json\/wp\/v2\/pages\/5181\/revisions\/5510"}],"up":[{"embeddable":true,"href":"https:\/\/nck.krakow.pl\/kcc\/wp-json\/wp\/v2\/pages\/3723"}],"wp:attachment":[{"href":"https:\/\/nck.krakow.pl\/kcc\/wp-json\/wp\/v2\/media?parent=5181"}],"curies":[{"name":"wp","href":"https:\/\/api.w.org\/{rel}","templated":true}]}}